{"id":3518,"date":"2025-12-02T11:57:53","date_gmt":"2025-12-02T10:57:53","guid":{"rendered":"https:\/\/salonforall.es\/product\/peeling-oxigenante-apis-efecto-microdermoabrasion-200-ml\/"},"modified":"2026-03-24T16:04:15","modified_gmt":"2026-03-24T15:04:15","slug":"apis-oxygenating-peeling-with-microdermabrasion-effect-200-ml","status":"publish","type":"product","link":"https:\/\/salonforall.es\/en\/peeling-oxigenante-apis-efecto-microdermoabrasion-200-ml\/","title":{"rendered":"Apis Oxygenating Peeling - Microdermabrasion Effect 200 Ml"},"content":{"rendered":"<h2>Information about Apis Oxygenating Peeling - Microdermabrasion Effect 200 Ml with article number 115495<\/h2>\n<p> Creamy double-effect peeling with unique effects, based on volcanic rock particles and papain. Immediately leaves the skin soft, smooth and supple. Gently dissolves and completely removes the dead and calloused layer of the epidermis, giving the effect of diamond microdermabrasion. Evens out skin texture, stimulates blood microcirculation and skin renewal processes. Enriched with a combination of sepitonic m3 minerals (including copper, zinc, magnesium, calcium), coenzyme q10, ginseng extract, flax and almond oil, it increases the immediate availability of oxygen in the skin and restores vitality, freshness and radiance to the skin. <\/p>\n<p> Indications: For grey, tired skin that lacks energy and radiance. <\/p>\n<p> Directions for use: Apply an even layer of peeling to the skin of the face, neck and d\u00e9collet\u00e9 and leave on for 5 minutes, then massage for 2 minutes, rinse with warm water and pat dry. <\/p>\n<div> <\/div>\n<p>Activeshop products are proportionally cheaper than many other brands\/suppliers. The price is in relation to the quality. Apis Oxygenating Peeling - Microdermabrasion Effect 200 Ml is therefore an affordable solution for your salon.<\/p>\n<h2>How is Apis Oxygenating Peeling - Microdermabrasion Effect 200 Ml delivered?<\/h2>\n<p>Peeling Oxigenante Apis - Microdermabrasion Effect 200 Ml is delivered in the original packaging(s). Within Spain, delivery of Apis Oxygen Peeling - Microdermabrasion Effect 200 Ml is completely free of charge for orders over 100,- euros. For shipments to other countries separate shipping rates apply. You can check these rates with us or view them in the shopping cart. Apis Oxygenating Peeling - Microdermabrasion Effect 200 Ml is shipped via an external courier service.<\/p>\n<p>Packages or pallets are delivered as standard up to the front door threshold, even if you are located in a collective building, apartment building or apartment complex with a lift (provided the item fits in the lift). No lift available or item does not fit in the lift? Then we deliver up to the threshold of the ground floor.<\/p>\n<p>Do you still have questions about delivery or a special situation? Contact us and we will be happy to help you!<\/p>\n<p>*Items are not unpacked or assembled as standard. In special situations you can contact us to make arrangements.<\/p>\n<h2>Secure online shopping at Salon For All with the Webwinkelkeur seal of quality and SSL encryption.<\/h2>\n<p>It is important to us that our customers can shop safely in our online shop. We have been affiliated with the national quality seal Webwinkelkeur since 2019. Our identity has been verified and checked by them, and the online shop has been checked and legally approved. Furthermore, our online shop is affiliated with them for conflict mediation. You can see the logo with all the information of this online shop quality seal on the left or right side of the online shop (pink button with white). In addition, our site is protected with an SSL certificate so that you can surf securely with us. In the bar of your Internet browser, where our website appears, you will see a padlock icon. If you click on the padlock, you will get all the information about our security. This way you know that your order for Apis Oxygenating Peeling - Microdermabrasion Effect 200 Ml and your personal data are processed securely.<\/p>\n<h2>How can I pay for the Apis Oxygenating Peeling - Microdermabrasion Effect 200 Ml?<\/h2>\n<p>We want to make it as easy as possible for you. That's why at Salon For All you can pay with all popular payment methods. Pay in advance, on delivery or afterwards - everything is possible. See here for all the payment methods we offer:<\/p>\n<ul>\n<li>iDEAL<\/li>\n<li>Credit card (Visa, Mastercard, American Express)<\/li>\n<li>Klarna - Payment on delivery with invoice<\/li>\n<li>PayPal<\/li>\n<li>Apple Pay<\/li>\n<li>Google Pay<\/li>\n<li>Bizum (for Spanish customers)<\/li>\n<li>SEPA bank transfer<\/li>\n<li>Bancontact<\/li>\n<li>Commercial invoice for companies<\/li>\n<li>Payment in the showroom - Both card and cash (Only available on collection)<\/li>\n<\/ul>\n<h2>See also reviews of Salon For All<\/h2>\n<p>Please also check our reviews to take into account the experiences of our current customers in your decision to order Apis Oxygenating Peeling - Microdermabrasion Effect 200 Ml with us. Through our independent online shop quality seal Webwinkelkeur, verified reviews are automatically collected from customers who have completed an order with us. You can find them behind the pink button in our online shop or they are listed under the products.<\/p>\n<p>Please also share your experience after your purchase with your Apis Oxygenating Peeling - Microdermabrasion Effect 200 Ml order and your experience with the purchase process or contact with Salon For All to inspire others!<\/p>\n<h2>Contact Salon For All<\/h2>\n<p>Contact us then. We will be happy to help you with your purchase of Apis Oxygenating Peeling - Microdermabrasion Effect 200 Ml. On weekdays we are best available between 8.30 a.m. and 5.00 p.m. via the telephone number and email address at the top of the online shop or via the chat function. Out-of-hours enquiries are usually answered within 24 hours. It is also possible to visit us outside working days or office hours. However, an appointment must be made in advance.<\/p>\n<h2>Would you like to visit our showroom?<\/h2>\n<p>Would you prefer to see Apis Oxygenating Peeling - Microdermabrasion Effect 200 Ml or browse through our (online) shop offer together with our colleague? Then visit our showroom with more than 1000m\u00b2 of salon equipment and let our staff inspire you. Also if you like to get to know us pleasantly over a cup of coffee or tea, you are very welcome. We do not have all products in stock, so please let us know in advance that you would like to come. Always make an appointment in advance.<\/p>\n<h2>14 days of reflection and our return policy<\/h2>\n<p>Of course it may happen that the Apis Oxygenating Peeling - Microdermabrasion Effect 200 Ml delivered is not completely to your liking and you wish to return it. This is no problem at Salon For All. You must notify your return within 14 working days via info@salonforall.es. You will then first receive full instructions and conditions of return. Please note that Apis Oxygenating Peeling - Microdermabrasion Effect 200 Ml must not have been used, must contain all the parts supplied and must be returned in the original packaging. Shipping costs for a return are always at the expense of the buyer on purchases via www.salonforall.es. You must arrange transport yourself with a transport company of your choice for a return. Once the Apis Oxygenating Peeling - Microdermabrasion Effect 200 Ml has been returned, it will be checked for completeness and possible damage. Once the return has been approved, the purchase amount will be refunded within 5 working days to the bank account we have on record.<\/p>\n<h2>Who is Salon For All?<\/h2>\n<p>Salon For All is THE wholesaler for all salon equipment in Europe. Salon For All started in 2003 under the name Salonvoordeel and grew out of practice. The owners of Salon For All were experienced hairdressers and beauty specialists and have together more than 30 years of practical experience. In 2003 we launched Salonvoordeel.nl (Netherlands) and subsequently Salon For All was founded for the European market. Some of our employees started their own business and so the idea to launch a functional online shop for hairdressers and to help them with the equipment of their salon was born.<\/p>\n<p>Our showroom is located in Dinxperlo, directly on the border between the Netherlands and Germany. With our many years of experience in the sector, we can act as a mirror for you and provide you with the right advice - we speak the same language! We advise, inspire, motivate and support you in the purchase of Apis Oxygenating Peeling - Microdermabrasion Effect 200 Ml. Our suppliers are located all over Europe, from Germany, England, Italy to Poland.<\/p>","protected":false},"excerpt":{"rendered":"<p>The product Apis Oxygenating Peeling - Microdermabrasion Effect 200 Ml is a high quality solution for any salon. The estimated delivery time is approximately 6 working days.<\/p>","protected":false},"featured_media":3519,"comment_status":"open","ping_status":"open","template":"","meta":[],"product_brand":[75],"product_cat":[77,76,78],"product_tag":[80,79,81],"class_list":{"0":"post-3518","1":"product","2":"type-product","3":"status-publish","4":"has-post-thumbnail","6":"product_brand-apis","7":"product_cat-apis-cosmetica-profesional","8":"product_cat-cosmetica-profesional","9":"product_cat-cuidado-facial","10":"product_tag-apis-cosmetica-profesional","11":"product_tag-cosmetica-profesional","12":"product_tag-cuidado-facial","13":"pa_codigo-ean-7762","14":"pa_garantia-12-meses","15":"pa_marca-apis","16":"pa_numero-de-articulo-793","17":"pa_tiempo-estimado-de-entrega-4-5-dias-laborables","19":"first","20":"instock","21":"sale","22":"taxable","23":"shipping-taxable","24":"purchasable","25":"product-type-simple"},"yoast_head":"<!-- This site is optimized with the Yoast SEO plugin v27.6 - https:\/\/yoast.com\/product\/yoast-seo-wordpress\/ -->\n<title>Peeling Oxigenante Apis - Efecto Microdermoabrasi\u00f3n 200 Ml comprar<\/title>\n<meta name=\"description\" content=\"Compra Peeling Oxigenante Apis - Efecto Microdermoabrasi\u00f3n 200 Ml online o en el showroom en Salon For ALL Espa\u00f1a. El mayorista para salones, consultas y spas en Espa\u00f1a y Portugal.\" \/>\n<meta name=\"robots\" content=\"index, follow, max-snippet:-1, max-image-preview:large, max-video-preview:-1\" \/>\n<link rel=\"canonical\" href=\"https:\/\/salonforall.es\/en\/apis-oxygenating-peeling-with-microdermabrasion-effect-200-ml\/\" \/>\n<meta property=\"og:locale\" content=\"en_GB\" \/>\n<meta property=\"og:type\" content=\"article\" \/>\n<meta property=\"og:title\" content=\"Peeling Oxigenante Apis - Efecto Microdermoabrasi\u00f3n 200 Ml\" \/>\n<meta property=\"og:description\" content=\"Compra Peeling Oxigenante Apis - Efecto Microdermoabrasi\u00f3n 200 Ml online o en el showroom en Salon For ALL Espa\u00f1a. El mayorista para salones, consultas y spas en Espa\u00f1a y Portugal.\" \/>\n<meta property=\"og:url\" content=\"https:\/\/salonforall.es\/en\/apis-oxygenating-peeling-with-microdermabrasion-effect-200-ml\/\" \/>\n<meta property=\"og:site_name\" content=\"Salon For ALL Espa\u00f1a\" \/>\n<meta property=\"article:modified_time\" content=\"2026-03-24T15:04:15+00:00\" \/>\n<meta property=\"og:image\" content=\"https:\/\/salonforall.es\/wp-content\/uploads\/2025\/12\/Peeling-Oxigenante-Apis-Efecto-Microdermoabrasion-200-Ml.jpg\" \/>\n\t<meta property=\"og:image:width\" content=\"800\" \/>\n\t<meta property=\"og:image:height\" content=\"800\" \/>\n\t<meta property=\"og:image:type\" content=\"image\/jpeg\" \/>\n<meta name=\"twitter:card\" content=\"summary_large_image\" \/>\n<meta name=\"twitter:title\" content=\"Peeling Oxigenante Apis - Efecto Microdermoabrasi\u00f3n 200 Ml\" \/>\n<meta name=\"twitter:label1\" content=\"Estimated reading time\" \/>\n\t<meta name=\"twitter:data1\" content=\"7 minutes\" \/>\n<script type=\"application\/ld+json\" class=\"yoast-schema-graph\">{\"@context\":\"https:\\\/\\\/schema.org\",\"@graph\":[{\"@type\":\"WebPage\",\"@id\":\"https:\\\/\\\/salonforall.es\\\/peeling-oxigenante-apis-efecto-microdermoabrasion-200-ml\\\/\",\"url\":\"https:\\\/\\\/salonforall.es\\\/peeling-oxigenante-apis-efecto-microdermoabrasion-200-ml\\\/\",\"name\":\"Peeling Oxigenante Apis - Efecto Microdermoabrasi\u00f3n 200 Ml comprar\",\"isPartOf\":{\"@id\":\"https:\\\/\\\/salonforall.es\\\/#website\"},\"primaryImageOfPage\":{\"@id\":\"https:\\\/\\\/salonforall.es\\\/peeling-oxigenante-apis-efecto-microdermoabrasion-200-ml\\\/#primaryimage\"},\"image\":{\"@id\":\"https:\\\/\\\/salonforall.es\\\/peeling-oxigenante-apis-efecto-microdermoabrasion-200-ml\\\/#primaryimage\"},\"thumbnailUrl\":\"https:\\\/\\\/salonforall.es\\\/wp-content\\\/uploads\\\/2025\\\/12\\\/Peeling-Oxigenante-Apis-Efecto-Microdermoabrasion-200-Ml.jpg\",\"datePublished\":\"2025-12-02T10:57:53+00:00\",\"dateModified\":\"2026-03-24T15:04:15+00:00\",\"description\":\"Compra Peeling Oxigenante Apis - Efecto Microdermoabrasi\u00f3n 200 Ml online o en el showroom en Salon For ALL Espa\u00f1a. El mayorista para salones, consultas y spas en Espa\u00f1a y Portugal.\",\"breadcrumb\":{\"@id\":\"https:\\\/\\\/salonforall.es\\\/peeling-oxigenante-apis-efecto-microdermoabrasion-200-ml\\\/#breadcrumb\"},\"inLanguage\":\"en-GB\",\"potentialAction\":[{\"@type\":\"ReadAction\",\"target\":[\"https:\\\/\\\/salonforall.es\\\/peeling-oxigenante-apis-efecto-microdermoabrasion-200-ml\\\/\"]}]},{\"@type\":\"ImageObject\",\"inLanguage\":\"en-GB\",\"@id\":\"https:\\\/\\\/salonforall.es\\\/peeling-oxigenante-apis-efecto-microdermoabrasion-200-ml\\\/#primaryimage\",\"url\":\"https:\\\/\\\/salonforall.es\\\/wp-content\\\/uploads\\\/2025\\\/12\\\/Peeling-Oxigenante-Apis-Efecto-Microdermoabrasion-200-Ml.jpg\",\"contentUrl\":\"https:\\\/\\\/salonforall.es\\\/wp-content\\\/uploads\\\/2025\\\/12\\\/Peeling-Oxigenante-Apis-Efecto-Microdermoabrasion-200-Ml.jpg\",\"width\":800,\"height\":800,\"caption\":\"Peeling Oxigenante Apis - Efecto Microdermoabrasi\u00f3n 200 Ml\"},{\"@type\":\"BreadcrumbList\",\"@id\":\"https:\\\/\\\/salonforall.es\\\/peeling-oxigenante-apis-efecto-microdermoabrasion-200-ml\\\/#breadcrumb\",\"itemListElement\":[{\"@type\":\"ListItem\",\"position\":1,\"name\":\"Home\",\"item\":\"https:\\\/\\\/salonforall.es\\\/\"},{\"@type\":\"ListItem\",\"position\":2,\"name\":\"Winkel\",\"item\":\"https:\\\/\\\/salonforall.es\\\/winkel\\\/\"},{\"@type\":\"ListItem\",\"position\":3,\"name\":\"Peeling Oxigenante Apis &#8211; Efecto Microdermoabrasi\u00f3n 200 Ml\"}]},{\"@type\":\"WebSite\",\"@id\":\"https:\\\/\\\/salonforall.es\\\/#website\",\"url\":\"https:\\\/\\\/salonforall.es\\\/\",\"name\":\"Salon For ALL Espa\u00f1a\",\"description\":\"Mayorista de mobiliario y suministros para consultorios y salones\",\"publisher\":{\"@id\":\"https:\\\/\\\/salonforall.es\\\/#organization\"},\"potentialAction\":[{\"@type\":\"SearchAction\",\"target\":{\"@type\":\"EntryPoint\",\"urlTemplate\":\"https:\\\/\\\/salonforall.es\\\/?s={search_term_string}\"},\"query-input\":{\"@type\":\"PropertyValueSpecification\",\"valueRequired\":true,\"valueName\":\"search_term_string\"}}],\"inLanguage\":\"en-GB\"},{\"@type\":\"Organization\",\"@id\":\"https:\\\/\\\/salonforall.es\\\/#organization\",\"name\":\"Salon For All B.V. Espa\u00f1a\",\"alternateName\":\"Salon For All B.V. Espa\u00f1a - Mayorista de equipamiento para consultas, salones y suministros\",\"url\":\"https:\\\/\\\/salonforall.es\\\/\",\"logo\":{\"@type\":\"ImageObject\",\"inLanguage\":\"en-GB\",\"@id\":\"https:\\\/\\\/salonforall.es\\\/#\\\/schema\\\/logo\\\/image\\\/\",\"url\":\"https:\\\/\\\/salonforall.es\\\/wp-content\\\/uploads\\\/2025\\\/11\\\/logo-salon-for-all-e1764543185849.png\",\"contentUrl\":\"https:\\\/\\\/salonforall.es\\\/wp-content\\\/uploads\\\/2025\\\/11\\\/logo-salon-for-all-e1764543185849.png\",\"width\":500,\"height\":150,\"caption\":\"Salon For All B.V. Espa\u00f1a\"},\"image\":{\"@id\":\"https:\\\/\\\/salonforall.es\\\/#\\\/schema\\\/logo\\\/image\\\/\"}}]}<\/script>\n<!-- \/ Yoast SEO plugin. -->","yoast_head_json":{"title":"Apis Oxygenating Peeling - Microdermabrasion Effect 200 Ml buy","description":"Buy Peeling Oxygenating Peeling Apis - Microdermabrasion Effect 200 Ml online or in the showroom at Salon For ALL Spain. The wholesaler for salons, practices and spas in Spain and Portugal.","robots":{"index":"index","follow":"follow","max-snippet":"max-snippet:-1","max-image-preview":"max-image-preview:large","max-video-preview":"max-video-preview:-1"},"canonical":"https:\/\/salonforall.es\/en\/apis-oxygenating-peeling-with-microdermabrasion-effect-200-ml\/","og_locale":"en_GB","og_type":"article","og_title":"Peeling Oxigenante Apis - Efecto Microdermoabrasi\u00f3n 200 Ml","og_description":"Compra Peeling Oxigenante Apis - Efecto Microdermoabrasi\u00f3n 200 Ml online o en el showroom en Salon For ALL Espa\u00f1a. El mayorista para salones, consultas y spas en Espa\u00f1a y Portugal.","og_url":"https:\/\/salonforall.es\/en\/apis-oxygenating-peeling-with-microdermabrasion-effect-200-ml\/","og_site_name":"Salon For ALL Espa\u00f1a","article_modified_time":"2026-03-24T15:04:15+00:00","og_image":[{"width":800,"height":800,"url":"https:\/\/salonforall.es\/wp-content\/uploads\/2025\/12\/Peeling-Oxigenante-Apis-Efecto-Microdermoabrasion-200-Ml.jpg","type":"image\/jpeg"}],"twitter_card":"summary_large_image","twitter_title":"Peeling Oxigenante Apis - Efecto Microdermoabrasi\u00f3n 200 Ml","twitter_misc":{"Estimated reading time":"7 minutes"},"schema":{"@context":"https:\/\/schema.org","@graph":[{"@type":"WebPage","@id":"https:\/\/salonforall.es\/peeling-oxigenante-apis-efecto-microdermoabrasion-200-ml\/","url":"https:\/\/salonforall.es\/peeling-oxigenante-apis-efecto-microdermoabrasion-200-ml\/","name":"Apis Oxygenating Peeling - Microdermabrasion Effect 200 Ml buy","isPartOf":{"@id":"https:\/\/salonforall.es\/#website"},"primaryImageOfPage":{"@id":"https:\/\/salonforall.es\/peeling-oxigenante-apis-efecto-microdermoabrasion-200-ml\/#primaryimage"},"image":{"@id":"https:\/\/salonforall.es\/peeling-oxigenante-apis-efecto-microdermoabrasion-200-ml\/#primaryimage"},"thumbnailUrl":"https:\/\/salonforall.es\/wp-content\/uploads\/2025\/12\/Peeling-Oxigenante-Apis-Efecto-Microdermoabrasion-200-Ml.jpg","datePublished":"2025-12-02T10:57:53+00:00","dateModified":"2026-03-24T15:04:15+00:00","description":"Buy Peeling Oxygenating Peeling Apis - Microdermabrasion Effect 200 Ml online or in the showroom at Salon For ALL Spain. The wholesaler for salons, practices and spas in Spain and Portugal.","breadcrumb":{"@id":"https:\/\/salonforall.es\/peeling-oxigenante-apis-efecto-microdermoabrasion-200-ml\/#breadcrumb"},"inLanguage":"en-GB","potentialAction":[{"@type":"ReadAction","target":["https:\/\/salonforall.es\/peeling-oxigenante-apis-efecto-microdermoabrasion-200-ml\/"]}]},{"@type":"ImageObject","inLanguage":"en-GB","@id":"https:\/\/salonforall.es\/peeling-oxigenante-apis-efecto-microdermoabrasion-200-ml\/#primaryimage","url":"https:\/\/salonforall.es\/wp-content\/uploads\/2025\/12\/Peeling-Oxigenante-Apis-Efecto-Microdermoabrasion-200-Ml.jpg","contentUrl":"https:\/\/salonforall.es\/wp-content\/uploads\/2025\/12\/Peeling-Oxigenante-Apis-Efecto-Microdermoabrasion-200-Ml.jpg","width":800,"height":800,"caption":"Peeling Oxigenante Apis - Efecto Microdermoabrasi\u00f3n 200 Ml"},{"@type":"BreadcrumbList","@id":"https:\/\/salonforall.es\/peeling-oxigenante-apis-efecto-microdermoabrasion-200-ml\/#breadcrumb","itemListElement":[{"@type":"ListItem","position":1,"name":"Home","item":"https:\/\/salonforall.es\/"},{"@type":"ListItem","position":2,"name":"Winkel","item":"https:\/\/salonforall.es\/winkel\/"},{"@type":"ListItem","position":3,"name":"Peeling Oxigenante Apis &#8211; Efecto Microdermoabrasi\u00f3n 200 Ml"}]},{"@type":"WebSite","@id":"https:\/\/salonforall.es\/#website","url":"https:\/\/salonforall.es\/","name":"Salon For ALL Spain","description":"Wholesaler of salon and practice furniture and supplies","publisher":{"@id":"https:\/\/salonforall.es\/#organization"},"potentialAction":[{"@type":"SearchAction","target":{"@type":"EntryPoint","urlTemplate":"https:\/\/salonforall.es\/?s={search_term_string}"},"query-input":{"@type":"PropertyValueSpecification","valueRequired":true,"valueName":"search_term_string"}}],"inLanguage":"en-GB"},{"@type":"Organization","@id":"https:\/\/salonforall.es\/#organization","name":"Salon For All B.V. Spain","alternateName":"Salon For All B.V. Espa\u00f1a - Mayorista de equipamiento para consultas, salones y suministros","url":"https:\/\/salonforall.es\/","logo":{"@type":"ImageObject","inLanguage":"en-GB","@id":"https:\/\/salonforall.es\/#\/schema\/logo\/image\/","url":"https:\/\/salonforall.es\/wp-content\/uploads\/2025\/11\/logo-salon-for-all-e1764543185849.png","contentUrl":"https:\/\/salonforall.es\/wp-content\/uploads\/2025\/11\/logo-salon-for-all-e1764543185849.png","width":500,"height":150,"caption":"Salon For All B.V. Espa\u00f1a"},"image":{"@id":"https:\/\/salonforall.es\/#\/schema\/logo\/image\/"}}]}},"_links":{"self":[{"href":"https:\/\/salonforall.es\/en\/wp-json\/wp\/v2\/product\/3518","targetHints":{"allow":["GET"]}}],"collection":[{"href":"https:\/\/salonforall.es\/en\/wp-json\/wp\/v2\/product"}],"about":[{"href":"https:\/\/salonforall.es\/en\/wp-json\/wp\/v2\/types\/product"}],"replies":[{"embeddable":true,"href":"https:\/\/salonforall.es\/en\/wp-json\/wp\/v2\/comments?post=3518"}],"wp:featuredmedia":[{"embeddable":true,"href":"https:\/\/salonforall.es\/en\/wp-json\/wp\/v2\/media\/3519"}],"wp:attachment":[{"href":"https:\/\/salonforall.es\/en\/wp-json\/wp\/v2\/media?parent=3518"}],"wp:term":[{"taxonomy":"product_brand","embeddable":true,"href":"https:\/\/salonforall.es\/en\/wp-json\/wp\/v2\/product_brand?post=3518"},{"taxonomy":"product_cat","embeddable":true,"href":"https:\/\/salonforall.es\/en\/wp-json\/wp\/v2\/product_cat?post=3518"},{"taxonomy":"product_tag","embeddable":true,"href":"https:\/\/salonforall.es\/en\/wp-json\/wp\/v2\/product_tag?post=3518"}],"curies":[{"name":"wp","href":"https:\/\/api.w.org\/{rel}","templated":true}]}}