{"id":3164,"date":"2025-12-02T11:54:54","date_gmt":"2025-12-02T10:54:54","guid":{"rendered":"https:\/\/salonforall.es\/product\/autoclave-lafomed-premium-line-lfss12aa-con-pantalla-lcd-e-impresora-medica-de-12-l-clase-b\/"},"modified":"2026-03-24T16:03:34","modified_gmt":"2026-03-24T15:03:34","slug":"lafomed-premium-line-lfss12aa-autoclave-with-lcd-display-and-12-l-medical-printer-class-b","status":"publish","type":"product","link":"https:\/\/salonforall.es\/en\/autoclave-lafomed-premium-line-lfss12aa-con-pantalla-lcd-e-impresora-medica-de-12-l-clase-b\/","title":{"rendered":"Lafomed Premium Line Lfss12Aa Autoclave With Lcd Display And 12 L Class B Medical Printer"},"content":{"rendered":"<h2>Information about Lafomed Premium Line Lfss12Aa Autoclave With Lcd Display And 12 L Class B Medical Printer with article number 114182<\/h2>\n<div> <span> autoclave lafomed autoclave premium line lfss12aa with 12 l printer classb medical <br \/> <\/span> <span> is a premium device with a built-in thermal printer. The autoclave has 8 fully automatic programmes controlled by a touch panel with a user-friendly interface in Polish. <\/span> <\/div>\n<div> <span> lafomed produced this device by special order, thanks to which you will not find many solutions in other autoclaves, but they facilitate the service and guarantee a high quality. <\/span> <\/div>\n<div><span><\/span> <span> <br \/> <\/span> implementation: <br \/> - beauty salons <br \/> - tattoo studios <br \/> - medical practices <br \/> - hospitals \/ admissions <\/div>\n<div> <\/div>\n<div> warranty: 24 + 12 * months <\/div>\n<div> <\/div>\n<div> * extended warranty: it is possible to extend the warranty for another 12 months, provided it undergoes a paid technical inspection at an authorised service centre before the expiry of the basic warranty. this option applies to devices purchased on or after 01\/04\/2022. <\/div>\n<div> <\/div>\n<div> Attention!!!! A technical passport for the device is issued free of charge!!!! <\/div>\n<div> Certificates CE 1023, ISO 13485 <br \/> Standard PN-EN 13060: 2004 + A2: 2010 <br \/> Frequency 50 Hz <br \/> Power 2, 4 kW <br \/> Sterilisation temperature 105 - 134 \u2103 <br \/> Maximum working pressure 0.21-0.23 mpa <\/div>\n<div> ster. Drying time: 4-60 min. Drying time: 1-25 min. Vacuum times: 1-10 times. B&amp;D\/Helix\/Vacuum test programme. Cleaning programme. High quality bacterial filter. Chamber diameter: 20 cm. Chamber depth: 36 cm. Chamber volume: 12 l. Chamber material: 304 stainless steel. Tray dimensions: 14 x 30 x 2 cm. LCD display with a diagonal of 6 x 4.25 cm. Available languages: English, Polish and double mechanical locking system. USB output and thermal printer. Net weight: 51 kg. Gross weight\/box: 59 kg. Dimensions: 63 x 43 x 36 cm. Package size: 71 x 52 x 52 x 44 cm. Minimum table size for assembly: 54 x 41.5 cm. <br \/>&lt; ...\n\nActiveshop products are proportionally cheaper than many other brands\/suppliers. The price is in relation to the quality. Lafomed Premium Line Lfss12Aa Autoclave With Lcd Display And 12 L Class B Medical Printer is therefore an affordable solution for your salon.\n\n\n<h2>How is the Lafomed Premium Line Lfss12Aa Autoclave With Lcd Screen And 12 L Class B Medical Printer delivered?<\/h2>\n<p>Autoclave Lafomed Premium Line Lfss12Aa Con Pantalla Lcd E Impresora M\u00e9dica De 12 L Clase B is delivered in original packaging(s). Within Spain, the delivery of Autoclave Lafomed Premium Line Lfss12Aa Con Pantalla Lcd E Impresora M\u00e9dica De 12 L Clase B is completely free of charge for orders over 100,- euros. For deliveries to other countries separate shipping rates apply. You can check these rates with us or view them in the shopping cart. Lafomed Premium Line Lfss12Aa Autoclave With Lcd Display And 12 L Class B Medical Printer is shipped via an external courier service.<\/p>\n<p>Packages or pallets are delivered as standard up to the front door threshold, even if you are located in a collective building, apartment building or apartment complex with a lift (provided the item fits in the lift). No lift available or item does not fit in the lift? Then we deliver up to the threshold of the ground floor.<\/p>\n<p>Do you still have questions about delivery or a special situation? Contact us and we will be happy to help you!<\/p>\n<p>*Items are not unpacked or assembled as standard. In special situations you can contact us to make arrangements.<\/p>\n<h2>Secure online shopping at Salon For All with the Webwinkelkeur seal of quality and SSL encryption.<\/h2>\n<p>It is important to us that our customers can shop safely in our online shop. We have been affiliated with the national quality seal Webwinkelkeur since 2019. Our identity has been verified and checked by them, and the online shop has been checked and legally approved. Furthermore, our online shop is affiliated with them for conflict mediation. You can see the logo with all the information of this online shop quality seal on the left or right side of the online shop (pink button with white). In addition, our site is protected with an SSL certificate so that you can surf securely with us. In the bar of your Internet browser, where our website appears, you will see a padlock icon. If you click on the padlock, you will get all the information about our security. This way you know that your order for Lafomed Premium Line Lfss12Aa Autoclave With Lcd Display And 12 L Class B Medical Printer and your personal data are processed securely.<\/p>\n<h2>How can I pay for Autoclave Lafomed Premium Line Lfss12Aa With Lcd Screen And 12 L Class B Medical Printer?<\/h2>\n<p>We want to make it as easy as possible for you. That's why at Salon For All you can pay with all popular payment methods. Pay in advance, on delivery or afterwards - everything is possible. See here for all the payment methods we offer:<\/p>\n<ul>\n<li>iDEAL<\/li>\n<li>Credit card (Visa, Mastercard, American Express)<\/li>\n<li>Klarna - Payment on delivery with invoice<\/li>\n<li>PayPal<\/li>\n<li>Apple Pay<\/li>\n<li>Google Pay<\/li>\n<li>Bizum (for Spanish customers)<\/li>\n<li>SEPA bank transfer<\/li>\n<li>Bancontact<\/li>\n<li>Commercial invoice for companies<\/li>\n<li>Payment in the showroom - Both card and cash (Only available on collection)<\/li>\n<\/ul>\n<h2>See also reviews of Salon For All<\/h2>\n<p>Please also see our reviews to take into account the experiences of our existing customers in your decision to order the Lafomed Premium Line Lfss12Aa Autoclave With LCD Display And 12 L Class B Medical Printer from us. Through our independent online shop quality seal Webwinkelkeur, verified reviews are automatically collected from customers who have completed an order with us. You can find them behind the pink button in our online shop or they are listed below the products.<\/p>\n<p>Please also share your experience after shopping with your Lafomed Premium Line Lfss12Aa Autoclave With Lcd Screen And 12 L Class B Medical Printer order and your experience with the purchase process or contacting Salon For All to inspire others!<\/p>\n<h2>Contact Salon For All<\/h2>\n<p>Contact us then. We will be happy to help you with your purchase of Lafomed Premium Line Lfss12Aa Autoclave With Lcd Display And 12 L Class B Medical Printer. On weekdays we are best available between 8.30am and 5.00pm via the telephone number and email address at the top of the online shop or via the chat function. Out-of-hours enquiries are usually answered within 24 hours. It is also possible to visit us outside working days or office hours. However, an appointment must be made in advance.<\/p>\n<h2>Would you like to visit our showroom?<\/h2>\n<p>Would you prefer to view the Lafomed Premium Line Lfss12Aa Autoclave With LCD Display And 12 L Medical Printer Class B or browse through our (online) shop offerings together with our colleague? Then visit our showroom with more than 1000m\u00b2 of salon equipment and let our staff inspire you. Also if you like to get to know us pleasantly over a cup of coffee or tea, you are very welcome. We do not have all products in stock, so please let us know in advance that you would like to come. Always make an appointment in advance.<\/p>\n<h2>14 days of reflection and our return policy<\/h2>\n<p>Of course it may happen that Autoclave Lafomed Premium Line Lfss12Aa With Lcd Display And 12 L Medical Printer Class B delivered is not completely to your liking and you wish to return it. This is no problem at Salon For All. You must notify your return within 14 working days via info@salonforall.es. You will then first receive full instructions and return conditions. Please note that the Lafomed Premium Line Lfss12Aa Autoclave With Lcd Display And 12 L Class B Medical Printer must be unused, contain all supplied parts and be returned in the original packaging. Shipping costs for a return are always at the buyer's expense on purchases through www.salonforall.es. You must arrange transport yourself with a carrier of your choice for a return. Once the Lafomed Premium Line Lfss12Aa Autoclave With Lcd Display And 12 L Class B Medical Printer has been returned, it will be checked for completeness and possible damage. Once the return has been approved, the purchase amount will be refunded within 5 working days to the bank account we have on record.<\/p>\n<h2>Who is Salon For All?<\/h2>\n<p>Salon For All is THE wholesaler for all salon equipment in Europe. Salon For All started in 2003 under the name Salonvoordeel and grew out of practice. The owners of Salon For All were experienced hairdressers and beauty specialists and have together more than 30 years of practical experience. In 2003 we launched Salonvoordeel.nl (Netherlands) and subsequently Salon For All was founded for the European market. Some of our employees started their own business and so the idea to launch a functional online shop for hairdressers and to help them with the equipment of their salon was born.<\/p>\n<p>Our showroom is located in Dinxperlo, directly on the border between the Netherlands and Germany. With our many years of experience in the industry, we can be your mirror and provide you with the right advice - we speak the same language! We advise, inspire, motivate and support you in the purchase of Lafomed Premium Line Lfss12Aa Autoclave With Lcd Display And 12 L Class B Medical Printer. Our suppliers are located all over Europe, from Germany, England, Italy to Poland.<\/p>","protected":false},"excerpt":{"rendered":"<p>The Lafomed Premium Line Lfss12Aa Autoclave With LCD Display And 12 L Class B Medical Printer is a high quality solution for any salon. The estimated delivery time is approximately 6 working days.<\/p>","protected":false},"featured_media":3165,"comment_status":"open","ping_status":"open","template":"","meta":[],"product_brand":[656],"product_cat":[657,449],"product_tag":[658,451],"class_list":{"0":"post-3164","1":"product","2":"type-product","3":"status-publish","4":"has-post-thumbnail","6":"product_brand-lafomed","7":"product_cat-autoclaves","8":"product_cat-desinfeccion-y-esterilizacion","9":"product_tag-autoclaves","10":"product_tag-desinfeccion-y-esterilizacion","11":"pa_codigo-ean-7759","12":"pa_garantia-12-meses","13":"pa_marca-lafomed","14":"pa_numero-de-articulo-653","15":"pa_tiempo-estimado-de-entrega-4-5-dias-laborables","17":"first","18":"instock","19":"sale","20":"taxable","21":"shipping-taxable","22":"purchasable","23":"product-type-simple"},"yoast_head":"<!-- This site is optimized with the Yoast SEO plugin v27.6 - https:\/\/yoast.com\/product\/yoast-seo-wordpress\/ -->\n<title>Autoclave Lafomed Premium Line Lfss12Aa Con Pantalla Lcd E Impresora M\u00e9dica De 12 L Clase B comprar<\/title>\n<meta name=\"description\" content=\"Compra Autoclave Lafomed Premium Line Lfss12Aa Con Pantalla Lcd E Impresora M\u00e9dica De 12 L Clase B online o en el showroom en Salon For ALL Espa\u00f1a. El mayorista para salones, consultas y spas en Espa\u00f1a y Portugal.\" \/>\n<meta name=\"robots\" content=\"index, follow, max-snippet:-1, max-image-preview:large, max-video-preview:-1\" \/>\n<link rel=\"canonical\" href=\"https:\/\/salonforall.es\/en\/lafomed-premium-line-lfss12aa-autoclave-with-lcd-display-and-12-l-medical-printer-class-b\/\" \/>\n<meta property=\"og:locale\" content=\"en_GB\" \/>\n<meta property=\"og:type\" content=\"article\" \/>\n<meta property=\"og:title\" content=\"Autoclave Lafomed Premium Line Lfss12Aa Con Pantalla Lcd E Impresora M\u00e9dica De 12 L Clase B\" \/>\n<meta property=\"og:description\" content=\"Compra Autoclave Lafomed Premium Line Lfss12Aa Con Pantalla Lcd E Impresora M\u00e9dica De 12 L Clase B online o en el showroom en Salon For ALL Espa\u00f1a. El mayorista para salones, consultas y spas en Espa\u00f1a y Portugal.\" \/>\n<meta property=\"og:url\" content=\"https:\/\/salonforall.es\/en\/lafomed-premium-line-lfss12aa-autoclave-with-lcd-display-and-12-l-medical-printer-class-b\/\" \/>\n<meta property=\"og:site_name\" content=\"Salon For ALL Espa\u00f1a\" \/>\n<meta property=\"article:modified_time\" content=\"2026-03-24T15:03:34+00:00\" \/>\n<meta property=\"og:image\" content=\"https:\/\/salonforall.es\/wp-content\/uploads\/2025\/12\/Autoclave-Lafomed-Premium-Line-Lfss12Aa-Con-Pantalla-Lcd-E-Impresora-Medica-De-12-L-Clase-B.jpg\" \/>\n\t<meta property=\"og:image:width\" content=\"1200\" \/>\n\t<meta property=\"og:image:height\" content=\"1200\" \/>\n\t<meta property=\"og:image:type\" content=\"image\/jpeg\" \/>\n<meta name=\"twitter:card\" content=\"summary_large_image\" \/>\n<meta name=\"twitter:title\" content=\"Autoclave Lafomed Premium Line Lfss12Aa Con Pantalla Lcd E Impresora M\u00e9dica De 12 L Clase B\" \/>\n<meta name=\"twitter:label1\" content=\"Estimated reading time\" \/>\n\t<meta name=\"twitter:data1\" content=\"9 minutes\" \/>\n<script type=\"application\/ld+json\" class=\"yoast-schema-graph\">{\"@context\":\"https:\\\/\\\/schema.org\",\"@graph\":[{\"@type\":\"WebPage\",\"@id\":\"https:\\\/\\\/salonforall.es\\\/autoclave-lafomed-premium-line-lfss12aa-con-pantalla-lcd-e-impresora-medica-de-12-l-clase-b\\\/\",\"url\":\"https:\\\/\\\/salonforall.es\\\/autoclave-lafomed-premium-line-lfss12aa-con-pantalla-lcd-e-impresora-medica-de-12-l-clase-b\\\/\",\"name\":\"Autoclave Lafomed Premium Line Lfss12Aa Con Pantalla Lcd E Impresora M\u00e9dica De 12 L Clase B comprar\",\"isPartOf\":{\"@id\":\"https:\\\/\\\/salonforall.es\\\/#website\"},\"primaryImageOfPage\":{\"@id\":\"https:\\\/\\\/salonforall.es\\\/autoclave-lafomed-premium-line-lfss12aa-con-pantalla-lcd-e-impresora-medica-de-12-l-clase-b\\\/#primaryimage\"},\"image\":{\"@id\":\"https:\\\/\\\/salonforall.es\\\/autoclave-lafomed-premium-line-lfss12aa-con-pantalla-lcd-e-impresora-medica-de-12-l-clase-b\\\/#primaryimage\"},\"thumbnailUrl\":\"https:\\\/\\\/salonforall.es\\\/wp-content\\\/uploads\\\/2025\\\/12\\\/Autoclave-Lafomed-Premium-Line-Lfss12Aa-Con-Pantalla-Lcd-E-Impresora-Medica-De-12-L-Clase-B.jpg\",\"datePublished\":\"2025-12-02T10:54:54+00:00\",\"dateModified\":\"2026-03-24T15:03:34+00:00\",\"description\":\"Compra Autoclave Lafomed Premium Line Lfss12Aa Con Pantalla Lcd E Impresora M\u00e9dica De 12 L Clase B online o en el showroom en Salon For ALL Espa\u00f1a. El mayorista para salones, consultas y spas en Espa\u00f1a y Portugal.\",\"breadcrumb\":{\"@id\":\"https:\\\/\\\/salonforall.es\\\/autoclave-lafomed-premium-line-lfss12aa-con-pantalla-lcd-e-impresora-medica-de-12-l-clase-b\\\/#breadcrumb\"},\"inLanguage\":\"en-GB\",\"potentialAction\":[{\"@type\":\"ReadAction\",\"target\":[\"https:\\\/\\\/salonforall.es\\\/autoclave-lafomed-premium-line-lfss12aa-con-pantalla-lcd-e-impresora-medica-de-12-l-clase-b\\\/\"]}]},{\"@type\":\"ImageObject\",\"inLanguage\":\"en-GB\",\"@id\":\"https:\\\/\\\/salonforall.es\\\/autoclave-lafomed-premium-line-lfss12aa-con-pantalla-lcd-e-impresora-medica-de-12-l-clase-b\\\/#primaryimage\",\"url\":\"https:\\\/\\\/salonforall.es\\\/wp-content\\\/uploads\\\/2025\\\/12\\\/Autoclave-Lafomed-Premium-Line-Lfss12Aa-Con-Pantalla-Lcd-E-Impresora-Medica-De-12-L-Clase-B.jpg\",\"contentUrl\":\"https:\\\/\\\/salonforall.es\\\/wp-content\\\/uploads\\\/2025\\\/12\\\/Autoclave-Lafomed-Premium-Line-Lfss12Aa-Con-Pantalla-Lcd-E-Impresora-Medica-De-12-L-Clase-B.jpg\",\"width\":1200,\"height\":1200,\"caption\":\"Autoclave Lafomed Premium Line Lfss12Aa Con Pantalla Lcd E Impresora M\u00e9dica De 12 L Clase B\"},{\"@type\":\"BreadcrumbList\",\"@id\":\"https:\\\/\\\/salonforall.es\\\/autoclave-lafomed-premium-line-lfss12aa-con-pantalla-lcd-e-impresora-medica-de-12-l-clase-b\\\/#breadcrumb\",\"itemListElement\":[{\"@type\":\"ListItem\",\"position\":1,\"name\":\"Home\",\"item\":\"https:\\\/\\\/salonforall.es\\\/\"},{\"@type\":\"ListItem\",\"position\":2,\"name\":\"Winkel\",\"item\":\"https:\\\/\\\/salonforall.es\\\/winkel\\\/\"},{\"@type\":\"ListItem\",\"position\":3,\"name\":\"Autoclave Lafomed Premium Line Lfss12Aa Con Pantalla Lcd E Impresora M\u00e9dica De 12 L Clase B\"}]},{\"@type\":\"WebSite\",\"@id\":\"https:\\\/\\\/salonforall.es\\\/#website\",\"url\":\"https:\\\/\\\/salonforall.es\\\/\",\"name\":\"Salon For ALL Espa\u00f1a\",\"description\":\"Mayorista de mobiliario y suministros para consultorios y salones\",\"publisher\":{\"@id\":\"https:\\\/\\\/salonforall.es\\\/#organization\"},\"potentialAction\":[{\"@type\":\"SearchAction\",\"target\":{\"@type\":\"EntryPoint\",\"urlTemplate\":\"https:\\\/\\\/salonforall.es\\\/?s={search_term_string}\"},\"query-input\":{\"@type\":\"PropertyValueSpecification\",\"valueRequired\":true,\"valueName\":\"search_term_string\"}}],\"inLanguage\":\"en-GB\"},{\"@type\":\"Organization\",\"@id\":\"https:\\\/\\\/salonforall.es\\\/#organization\",\"name\":\"Salon For All B.V. Espa\u00f1a\",\"alternateName\":\"Salon For All B.V. Espa\u00f1a - Mayorista de equipamiento para consultas, salones y suministros\",\"url\":\"https:\\\/\\\/salonforall.es\\\/\",\"logo\":{\"@type\":\"ImageObject\",\"inLanguage\":\"en-GB\",\"@id\":\"https:\\\/\\\/salonforall.es\\\/#\\\/schema\\\/logo\\\/image\\\/\",\"url\":\"https:\\\/\\\/salonforall.es\\\/wp-content\\\/uploads\\\/2025\\\/11\\\/logo-salon-for-all-e1764543185849.png\",\"contentUrl\":\"https:\\\/\\\/salonforall.es\\\/wp-content\\\/uploads\\\/2025\\\/11\\\/logo-salon-for-all-e1764543185849.png\",\"width\":500,\"height\":150,\"caption\":\"Salon For All B.V. Espa\u00f1a\"},\"image\":{\"@id\":\"https:\\\/\\\/salonforall.es\\\/#\\\/schema\\\/logo\\\/image\\\/\"}}]}<\/script>\n<!-- \/ Yoast SEO plugin. -->","yoast_head_json":{"title":"Lafomed Premium Line Lfss12Aa Autoclave With Lcd Display And 12 L Class B Medical Printer buy","description":"Buy Lafomed Premium Line Lfss12Aa Autoclave With LCD Screen And 12 L Class B Medical Printer online or in the showroom at Salon For ALL Spain. The wholesaler for salons, practices and spas in Spain and Portugal.","robots":{"index":"index","follow":"follow","max-snippet":"max-snippet:-1","max-image-preview":"max-image-preview:large","max-video-preview":"max-video-preview:-1"},"canonical":"https:\/\/salonforall.es\/en\/lafomed-premium-line-lfss12aa-autoclave-with-lcd-display-and-12-l-medical-printer-class-b\/","og_locale":"en_GB","og_type":"article","og_title":"Autoclave Lafomed Premium Line Lfss12Aa Con Pantalla Lcd E Impresora M\u00e9dica De 12 L Clase B","og_description":"Compra Autoclave Lafomed Premium Line Lfss12Aa Con Pantalla Lcd E Impresora M\u00e9dica De 12 L Clase B online o en el showroom en Salon For ALL Espa\u00f1a. El mayorista para salones, consultas y spas en Espa\u00f1a y Portugal.","og_url":"https:\/\/salonforall.es\/en\/lafomed-premium-line-lfss12aa-autoclave-with-lcd-display-and-12-l-medical-printer-class-b\/","og_site_name":"Salon For ALL Espa\u00f1a","article_modified_time":"2026-03-24T15:03:34+00:00","og_image":[{"width":1200,"height":1200,"url":"https:\/\/salonforall.es\/wp-content\/uploads\/2025\/12\/Autoclave-Lafomed-Premium-Line-Lfss12Aa-Con-Pantalla-Lcd-E-Impresora-Medica-De-12-L-Clase-B.jpg","type":"image\/jpeg"}],"twitter_card":"summary_large_image","twitter_title":"Autoclave Lafomed Premium Line Lfss12Aa Con Pantalla Lcd E Impresora M\u00e9dica De 12 L Clase B","twitter_misc":{"Estimated reading time":"9 minutes"},"schema":{"@context":"https:\/\/schema.org","@graph":[{"@type":"WebPage","@id":"https:\/\/salonforall.es\/autoclave-lafomed-premium-line-lfss12aa-con-pantalla-lcd-e-impresora-medica-de-12-l-clase-b\/","url":"https:\/\/salonforall.es\/autoclave-lafomed-premium-line-lfss12aa-con-pantalla-lcd-e-impresora-medica-de-12-l-clase-b\/","name":"Lafomed Premium Line Lfss12Aa Autoclave With Lcd Display And 12 L Class B Medical Printer buy","isPartOf":{"@id":"https:\/\/salonforall.es\/#website"},"primaryImageOfPage":{"@id":"https:\/\/salonforall.es\/autoclave-lafomed-premium-line-lfss12aa-con-pantalla-lcd-e-impresora-medica-de-12-l-clase-b\/#primaryimage"},"image":{"@id":"https:\/\/salonforall.es\/autoclave-lafomed-premium-line-lfss12aa-con-pantalla-lcd-e-impresora-medica-de-12-l-clase-b\/#primaryimage"},"thumbnailUrl":"https:\/\/salonforall.es\/wp-content\/uploads\/2025\/12\/Autoclave-Lafomed-Premium-Line-Lfss12Aa-Con-Pantalla-Lcd-E-Impresora-Medica-De-12-L-Clase-B.jpg","datePublished":"2025-12-02T10:54:54+00:00","dateModified":"2026-03-24T15:03:34+00:00","description":"Buy Lafomed Premium Line Lfss12Aa Autoclave With LCD Screen And 12 L Class B Medical Printer online or in the showroom at Salon For ALL Spain. The wholesaler for salons, practices and spas in Spain and Portugal.","breadcrumb":{"@id":"https:\/\/salonforall.es\/autoclave-lafomed-premium-line-lfss12aa-con-pantalla-lcd-e-impresora-medica-de-12-l-clase-b\/#breadcrumb"},"inLanguage":"en-GB","potentialAction":[{"@type":"ReadAction","target":["https:\/\/salonforall.es\/autoclave-lafomed-premium-line-lfss12aa-con-pantalla-lcd-e-impresora-medica-de-12-l-clase-b\/"]}]},{"@type":"ImageObject","inLanguage":"en-GB","@id":"https:\/\/salonforall.es\/autoclave-lafomed-premium-line-lfss12aa-con-pantalla-lcd-e-impresora-medica-de-12-l-clase-b\/#primaryimage","url":"https:\/\/salonforall.es\/wp-content\/uploads\/2025\/12\/Autoclave-Lafomed-Premium-Line-Lfss12Aa-Con-Pantalla-Lcd-E-Impresora-Medica-De-12-L-Clase-B.jpg","contentUrl":"https:\/\/salonforall.es\/wp-content\/uploads\/2025\/12\/Autoclave-Lafomed-Premium-Line-Lfss12Aa-Con-Pantalla-Lcd-E-Impresora-Medica-De-12-L-Clase-B.jpg","width":1200,"height":1200,"caption":"Autoclave Lafomed Premium Line Lfss12Aa Con Pantalla Lcd E Impresora M\u00e9dica De 12 L Clase B"},{"@type":"BreadcrumbList","@id":"https:\/\/salonforall.es\/autoclave-lafomed-premium-line-lfss12aa-con-pantalla-lcd-e-impresora-medica-de-12-l-clase-b\/#breadcrumb","itemListElement":[{"@type":"ListItem","position":1,"name":"Home","item":"https:\/\/salonforall.es\/"},{"@type":"ListItem","position":2,"name":"Winkel","item":"https:\/\/salonforall.es\/winkel\/"},{"@type":"ListItem","position":3,"name":"Autoclave Lafomed Premium Line Lfss12Aa Con Pantalla Lcd E Impresora M\u00e9dica De 12 L Clase B"}]},{"@type":"WebSite","@id":"https:\/\/salonforall.es\/#website","url":"https:\/\/salonforall.es\/","name":"Salon For ALL Spain","description":"Wholesaler of salon and practice furniture and supplies","publisher":{"@id":"https:\/\/salonforall.es\/#organization"},"potentialAction":[{"@type":"SearchAction","target":{"@type":"EntryPoint","urlTemplate":"https:\/\/salonforall.es\/?s={search_term_string}"},"query-input":{"@type":"PropertyValueSpecification","valueRequired":true,"valueName":"search_term_string"}}],"inLanguage":"en-GB"},{"@type":"Organization","@id":"https:\/\/salonforall.es\/#organization","name":"Salon For All B.V. Spain","alternateName":"Salon For All B.V. Espa\u00f1a - Mayorista de equipamiento para consultas, salones y suministros","url":"https:\/\/salonforall.es\/","logo":{"@type":"ImageObject","inLanguage":"en-GB","@id":"https:\/\/salonforall.es\/#\/schema\/logo\/image\/","url":"https:\/\/salonforall.es\/wp-content\/uploads\/2025\/11\/logo-salon-for-all-e1764543185849.png","contentUrl":"https:\/\/salonforall.es\/wp-content\/uploads\/2025\/11\/logo-salon-for-all-e1764543185849.png","width":500,"height":150,"caption":"Salon For All B.V. Espa\u00f1a"},"image":{"@id":"https:\/\/salonforall.es\/#\/schema\/logo\/image\/"}}]}},"_links":{"self":[{"href":"https:\/\/salonforall.es\/en\/wp-json\/wp\/v2\/product\/3164","targetHints":{"allow":["GET"]}}],"collection":[{"href":"https:\/\/salonforall.es\/en\/wp-json\/wp\/v2\/product"}],"about":[{"href":"https:\/\/salonforall.es\/en\/wp-json\/wp\/v2\/types\/product"}],"replies":[{"embeddable":true,"href":"https:\/\/salonforall.es\/en\/wp-json\/wp\/v2\/comments?post=3164"}],"wp:featuredmedia":[{"embeddable":true,"href":"https:\/\/salonforall.es\/en\/wp-json\/wp\/v2\/media\/3165"}],"wp:attachment":[{"href":"https:\/\/salonforall.es\/en\/wp-json\/wp\/v2\/media?parent=3164"}],"wp:term":[{"taxonomy":"product_brand","embeddable":true,"href":"https:\/\/salonforall.es\/en\/wp-json\/wp\/v2\/product_brand?post=3164"},{"taxonomy":"product_cat","embeddable":true,"href":"https:\/\/salonforall.es\/en\/wp-json\/wp\/v2\/product_cat?post=3164"},{"taxonomy":"product_tag","embeddable":true,"href":"https:\/\/salonforall.es\/en\/wp-json\/wp\/v2\/product_tag?post=3164"}],"curies":[{"name":"wp","href":"https:\/\/api.w.org\/{rel}","templated":true}]}}