{"id":2905,"date":"2025-12-02T11:52:28","date_gmt":"2025-12-02T10:52:28","guid":{"rendered":"https:\/\/salonforall.es\/product\/ampollas-syis-con-serum-de-extracto-de-helice-de-baba-de-caracol-10x3-ml\/"},"modified":"2026-03-24T16:02:48","modified_gmt":"2026-03-24T15:02:48","slug":"ampollas-syis-con-serum-de-extracto-de-helice-de-baba-de-caracol-10x3-ml","status":"publish","type":"product","link":"https:\/\/salonforall.es\/en\/ampollas-syis-con-serum-de-extracto-de-helice-de-baba-de-caracol-10x3-ml\/","title":{"rendered":"Syis Ampoules With Snail Slime Extract Serum 10X3 Ml"},"content":{"rendered":"<h2>Informaci\u00f3n sobre Ampollas Syis Con S\u00e9rum De Extracto De H\u00e9lice De Baba De Caracol 10X3 Ml con n\u00famero de art\u00edculo 112833<\/h2>\n<p>Ampollas de serum con extracto de h\u00e9lice dise\u00f1adas para todo tipo de piel. Recomendado especialmente para pieles con tendencia acneica, propensas a la decoloraci\u00f3n y que requieren hidrataci\u00f3n, nutrici\u00f3n y sobre todo regeneraci\u00f3n. Las ampollas aceleran la regeneraci\u00f3n de la epidermis da\u00f1ada, tienen propiedades antibacterianas, bactericidas y exfoliantes suaves. Ayudan en la lucha contra las lesiones de acn\u00e9, cicatrices, arrugas y decoloraci\u00f3n. Nutren y regeneran en\u00e9rgicamente. <\/p>\n<p> active ingredients: <\/p>\n<p> filtro de caracol <br \/> extracto de baba de helix aspersa, o criptosina, contiene: <\/p>\n<p> alanto\u00edna <br \/> (alanto\u00edna &#8211; un derivado de la urea con un fuerte efecto hidratante, calmante y antiinflamatorio. Suaviza y alisa la epidermis, protege contra factores externos da\u00f1inos, acelera la cicatrizaci\u00f3n de heridas). <\/p>\n<p> \u00e1cido glic\u00f3lico <br \/> (el \u00e1cido glic\u00f3lico es el principal responsable de ralentizar los procesos de envejecimiento, aumenta la producci\u00f3n de fibras de col\u00e1geno y la retenci\u00f3n de agua en la piel. Acelera la renovaci\u00f3n celular, suaviza y alisa la piel y mejora su estructura. Tambi\u00e9n reduce las arrugas, la reducci\u00f3n visible de cicatrices y el brillo de las manchas de pigmentaci\u00f3n. Regula la secreci\u00f3n de sebo y estrecha las gl\u00e1ndulas seb\u00e1ceas). <\/p>\n<p> col\u00e1geno soluble <br \/> (el col\u00e1geno es responsable de mantener el nivel adecuado de hidrataci\u00f3n de la piel, mejora su elasticidad y firmeza. Conserva ambos sustancias hidrof\u00edlicas e y lipof\u00edlicas. reduciendo as\u00ed la tewl (p\u00e9rdida de agua transepid\u00e9rmica). sus part\u00edculas rotas penetran profundamente en la piel, donde se convierten en un material de construcci\u00f3n para el col\u00e1geno natural. el col\u00e1geno reduce los signos del envejecimiento de la piel, hace que la piel sea el\u00e1stica y suave.) <\/p>\n<p> elastina hidrolizada <br \/> (la elastina da elasticidad y elasticidad a la piel. Regenera y restaura la vitalidad de la piel.) <\/p>\n<p> vitaminas a, ci e <br \/> (tienen muchas propiedades nutritivas y regeneradoras) <\/p>\n<p><span style=\"text-decoration: underline;\">Instructions for use:<\/span><br \/>The ampoules are designed for sonophoresis, ultrasound, infusion, needle-free mesotherapy and external use in home care. Apply to cleansed skin on the face, neck and d\u00e9collet\u00e9.<br \/><span style=\"text-decoration: underline;\">Capacity:<\/span> 10 x 3 ml<\/p>\n<h2>SYIS BLISTERS: WHY GLASS?<\/h2>\n<p>The 3 ml glass vial contains the highest concentration of active ingredients.<br \/>During the packaging process in sterile, single-use ampoules, the microbiological purity and stability of the active ingredients is maintained. Aseptic packaging ensures maximum safety and ideal storage conditions for the ampoule.<br \/>Glass ampoules do not react with the serum ingredients.<br \/>An advanced formula ideal for special tasks: regeneration, increasing skin tension, normalising oily skin or combating discolouration.<br \/>The water-based consistency promotes better absorption of the product and allows its use during treatments with equipment such as ultrasound, needle-free mesotherapy, oxygen infusion, microdermabrasion, radiofrequency or massage.<br \/>The ampoule compositions are based on natural extracts, vitamins and minerals, suitably adapted to the skin type, which facilitates proper product selection.<br \/>One ampoule is sufficient for a complete treatment of the face, neck and d\u00e9collet\u00e9.<br \/>While using the ampoules, they should be supplemented with cosmetics from the same series to enhance their effect.<br \/>After using our ampoules, the skin becomes velvety soft and smooth, as well as... Intensely moisturised and nourished. It's a real energy boost for the skin!<\/p>\n<p>Los productos Activeshop son proporcionalmente m\u00e1s econ\u00f3micos que muchas otras marcas\/proveedores. El precio est\u00e1 en relaci\u00f3n con la calidad. Ampollas Syis Con S\u00e9rum De Extracto De H\u00e9lice De Baba De Caracol 10X3 Ml es por lo tanto una soluci\u00f3n accesible para su sal\u00f3n.<\/p>\n<h2>\u00bfC\u00f3mo se entrega Ampollas Syis Con S\u00e9rum De Extracto De H\u00e9lice De Baba De Caracol 10X3 Ml?<\/h2>\n<p>Ampollas Syis Con S\u00e9rum De Extracto De H\u00e9lice De Baba De Caracol 10X3 Ml se entrega en embalaje(s) original(es). Dentro de Espa\u00f1a el env\u00edo de Ampollas Syis Con S\u00e9rum De Extracto De H\u00e9lice De Baba De Caracol 10X3 Ml es completamente gratuito para pedidos a partir de 100,- euros. Para env\u00edos a otros pa\u00edses se aplican tarifas de env\u00edo separadas. Puede consultar estas tarifas con nosotros o verlas en el carrito de compra. Ampollas Syis Con S\u00e9rum De Extracto De H\u00e9lice De Baba De Caracol 10X3 Ml se env\u00eda a trav\u00e9s de un servicio de mensajer\u00eda externo.<\/p>\n<p>Packages or pallets are delivered as standard up to the front door threshold, even if you are located in a collective building, apartment building or apartment complex with a lift (provided the item fits in the lift). No lift available or item does not fit in the lift? Then we deliver up to the threshold of the ground floor.<\/p>\n<p>Do you still have questions about delivery or a special situation? Contact us and we will be happy to help you!<\/p>\n<p>*Items are not unpacked or assembled as standard. In special situations you can contact us to make arrangements.<\/p>\n<h2>Secure online shopping at Salon For All with the Webwinkelkeur seal of quality and SSL encryption.<\/h2>\n<p>Es importante para nosotros que nuestros clientes puedan comprar de forma segura en nuestra tienda online. Estamos afiliados al sello de calidad nacional Webwinkelkeur desde 2019. Nuestra identidad ha sido verificada y comprobada por ellos, y la tienda online ha sido revisada y aprobada legalmente. Adem\u00e1s, nuestra tienda online est\u00e1 afiliada a ellos para la mediaci\u00f3n de conflictos. Puede ver la insignia con toda la informaci\u00f3n de este sello de calidad de tienda online en el lado izquierdo o derecho de la tienda online (bot\u00f3n rosa con blanco). Adem\u00e1s, nuestro sitio est\u00e1 protegido con un certificado SSL para que pueda navegar de forma segura con nosotros. En la barra de su navegador de Internet, donde aparece nuestro sitio web, ver\u00e1 un icono de candado. Si hace clic en el candado, obtendr\u00e1 toda la informaci\u00f3n sobre nuestra seguridad. De esta manera sabe que su pedido de Ampollas Syis Con S\u00e9rum De Extracto De H\u00e9lice De Baba De Caracol 10X3 Ml y sus datos personales se procesan de forma segura.<\/p>\n<h2>\u00bfC\u00f3mo puedo pagar Ampollas Syis Con S\u00e9rum De Extracto De H\u00e9lice De Baba De Caracol 10X3 Ml?<\/h2>\n<p>We want to make it as easy as possible for you. That's why at Salon For All you can pay with all popular payment methods. Pay in advance, on delivery or afterwards - everything is possible. See here for all the payment methods we offer:<\/p>\n<ul>\n<li>iDEAL<\/li>\n<li>Credit card (Visa, Mastercard, American Express)<\/li>\n<li>Klarna - Payment on delivery with invoice<\/li>\n<li>PayPal<\/li>\n<li>Apple Pay<\/li>\n<li>Google Pay<\/li>\n<li>Bizum (for Spanish customers)<\/li>\n<li>SEPA bank transfer<\/li>\n<li>Bancontact<\/li>\n<li>Commercial invoice for companies<\/li>\n<li>Payment in the showroom - Both card and cash (Only available on collection)<\/li>\n<\/ul>\n<h2>See also reviews of Salon For All<\/h2>\n<p>Consulte tambi\u00e9n nuestras rese\u00f1as para tener en cuenta las experiencias de nuestros clientes actuales en su decisi\u00f3n de pedir Ampollas Syis Con S\u00e9rum De Extracto De H\u00e9lice De Baba De Caracol 10X3 Ml con nosotros. A trav\u00e9s de nuestro sello de calidad independiente de tienda online Webwinkelkeur, se recopilan autom\u00e1ticamente rese\u00f1as verificadas de clientes que han completado un pedido con nosotros. Puede encontrarlas detr\u00e1s del bot\u00f3n rosa en nuestra tienda online o aparecen listadas debajo de los productos.<\/p>\n<p>\u00a1Comparta tambi\u00e9n su experiencia despu\u00e9s de su compra con su Ampollas Syis Con S\u00e9rum De Extracto De H\u00e9lice De Baba De Caracol 10X3 Ml pedido y su experiencia con el proceso de compra o el contacto con Salon For All para inspirar a otros!<\/p>\n<h2>Contact Salon For All<\/h2>\n<p>Cont\u00e1ctenos entonces. Estaremos encantados de ayudarle con la adquisici\u00f3n de Ampollas Syis Con S\u00e9rum De Extracto De H\u00e9lice De Baba De Caracol 10X3 Ml. En d\u00edas laborables estamos mejor disponibles entre las 8.30 y las 17.00 horas a trav\u00e9s del n\u00famero de tel\u00e9fono y direcci\u00f3n de correo electr\u00f3nico en la parte superior de la tienda online o a trav\u00e9s de la funci\u00f3n de chat. Las consultas fuera del horario de oficina suelen responderse en un plazo de 24 horas. Tambi\u00e9n es posible visitarnos fuera de los d\u00edas laborables u horario de oficina. Pero para ello es necesario concertar una cita previa.<\/p>\n<h2>Would you like to visit our showroom?<\/h2>\n<p>\u00bfPrefiere ver Ampollas Syis Con S\u00e9rum De Extracto De H\u00e9lice De Baba De Caracol 10X3 Ml o recorrer nuestra oferta de la tienda (online) junto con nuestro colega? Entonces visite nuestro showroom con m\u00e1s de 1000m\u00b2 de equipamiento para salones y d\u00e9jese inspirar por nuestros empleados. Tambi\u00e9n si le gusta conocernos de manera agradable disfrutando de una buena taza de caf\u00e9 o t\u00e9, es muy bienvenido. No tenemos todos los productos en stock, as\u00ed que h\u00e1ganos saber de antemano que desea venir. Concierte siempre una cita previa.<\/p>\n<h2>14 days of reflection and our return policy<\/h2>\n<p>Por supuesto puede ocurrir que Ampollas Syis Con S\u00e9rum De Extracto De H\u00e9lice De Baba De Caracol 10X3 Ml entregado no sea completamente de su agrado y desee devolverlo. Eso no es ning\u00fan problema en Salon For All. Debe notificar su devoluci\u00f3n dentro de 14 d\u00edas laborables a trav\u00e9s de info@salonforall.es. Entonces recibir\u00e1 primero todas las instrucciones y condiciones de devoluci\u00f3n. Tenga en cuenta que Ampollas Syis Con S\u00e9rum De Extracto De H\u00e9lice De Baba De Caracol 10X3 Ml no debe haber sido usado, debe contener todas las partes suministradas y debe devolverse empaquetado en el embalaje original. Los costos de env\u00edo de una devoluci\u00f3n son siempre a cargo del comprador en compras a trav\u00e9s de www.salonforall.es. Debe organizar usted mismo un transporte con una empresa de transporte de su elecci\u00f3n para una devoluci\u00f3n. Una vez que Ampollas Syis Con S\u00e9rum De Extracto De H\u00e9lice De Baba De Caracol 10X3 Ml haya sido devuelto, se verificar\u00e1 su integridad y posibles da\u00f1os. Una vez que la devoluci\u00f3n haya sido aprobada, el importe de la compra se reembolsar\u00e1 dentro de 5 d\u00edas laborables a la cuenta bancaria que tenemos registrada.<\/p>\n<h2>Who is Salon For All?<\/h2>\n<p>Salon For All is THE wholesaler for all salon equipment in Europe. Salon For All started in 2003 under the name Salonvoordeel and grew out of practice. The owners of Salon For All were experienced hairdressers and beauty specialists and have together more than 30 years of practical experience. In 2003 we launched Salonvoordeel.nl (Netherlands) and subsequently Salon For All was founded for the European market. Some of our employees started their own business and so the idea to launch a functional online shop for hairdressers and to help them with the equipment of their salon was born.<\/p>\n<p>Nuestro showroom se encuentra en Dinxperlo, directamente en la frontera entre los Pa\u00edses Bajos y Alemania. Con nuestra amplia experiencia en el sector podemos servirle de espejo y proporcionarle el asesoramiento adecuado. \u00a1Hablamos el mismo idioma! Le asesoramos, inspiramos, motivamos y ayudamos en la adquisici\u00f3n de Ampollas Syis Con S\u00e9rum De Extracto De H\u00e9lice De Baba De Caracol 10X3 Ml. Nuestros proveedores se encuentran en toda Europa, desde Alemania, Inglaterra, Italia hasta Polonia.<\/p>","protected":false},"excerpt":{"rendered":"<p>The product Syis Ampoules With Snail Slime Helix Extract Serum 10X3 Ml is a high quality solution for any salon. The estimated delivery time is approximately 6 working days.<\/p>","protected":false},"featured_media":2906,"comment_status":"open","ping_status":"open","template":"","meta":[],"product_brand":[362],"product_cat":[364,76,363],"product_tag":[366,79,365],"class_list":{"0":"post-2905","1":"product","2":"type-product","3":"status-publish","4":"has-post-thumbnail","6":"product_brand-syis","7":"product_cat-ampollas","8":"product_cat-cosmetica-profesional","9":"product_cat-cosmetica-syis-pro","10":"product_tag-ampollas","11":"product_tag-cosmetica-profesional","12":"product_tag-cosmetica-syis-pro","13":"pa_codigo-ean-7759","14":"pa_garantia-12-meses","15":"pa_marca-syis","16":"pa_numero-de-articulo-517","17":"pa_tiempo-estimado-de-entrega-4-5-dias-laborables","19":"first","20":"instock","21":"sale","22":"taxable","23":"shipping-taxable","24":"purchasable","25":"product-type-simple"},"yoast_head":"<!-- This site is optimized with the Yoast SEO plugin v27.6 - https:\/\/yoast.com\/product\/yoast-seo-wordpress\/ -->\n<title>Ampollas Syis Con S\u00e9rum De Extracto De H\u00e9lice De Baba De Caracol 10X3 Ml comprar<\/title>\n<meta name=\"description\" content=\"Compra Ampollas Syis Con S\u00e9rum De Extracto De H\u00e9lice De Baba De Caracol 10X3 Ml online o en el showroom en Salon For ALL Espa\u00f1a. El mayorista para salones, consultas y spas en Espa\u00f1a y Portugal.\" \/>\n<meta name=\"robots\" content=\"index, follow, max-snippet:-1, max-image-preview:large, max-video-preview:-1\" \/>\n<link rel=\"canonical\" href=\"https:\/\/salonforall.es\/en\/ampollas-syis-con-serum-de-extracto-de-helice-de-baba-de-caracol-10x3-ml\/\" \/>\n<meta property=\"og:locale\" content=\"en_GB\" \/>\n<meta property=\"og:type\" content=\"article\" \/>\n<meta property=\"og:title\" content=\"Ampollas Syis Con S\u00e9rum De Extracto De H\u00e9lice De Baba De Caracol 10X3 Ml\" \/>\n<meta property=\"og:description\" content=\"Compra Ampollas Syis Con S\u00e9rum De Extracto De H\u00e9lice De Baba De Caracol 10X3 Ml online o en el showroom en Salon For ALL Espa\u00f1a. El mayorista para salones, consultas y spas en Espa\u00f1a y Portugal.\" \/>\n<meta property=\"og:url\" content=\"https:\/\/salonforall.es\/en\/ampollas-syis-con-serum-de-extracto-de-helice-de-baba-de-caracol-10x3-ml\/\" \/>\n<meta property=\"og:site_name\" content=\"Salon For ALL Espa\u00f1a\" \/>\n<meta property=\"article:modified_time\" content=\"2026-03-24T15:02:48+00:00\" \/>\n<meta property=\"og:image\" content=\"https:\/\/salonforall.es\/wp-content\/uploads\/2025\/12\/Ampollas-Syis-Con-Serum-De-Extracto-De-Helice-De-Baba-De-Caracol-10X3-Ml.jpg\" \/>\n\t<meta property=\"og:image:width\" content=\"1200\" \/>\n\t<meta property=\"og:image:height\" content=\"1200\" \/>\n\t<meta property=\"og:image:type\" content=\"image\/jpeg\" \/>\n<meta name=\"twitter:card\" content=\"summary_large_image\" \/>\n<meta name=\"twitter:title\" content=\"Ampollas Syis Con S\u00e9rum De Extracto De H\u00e9lice De Baba De Caracol 10X3 Ml\" \/>\n<meta name=\"twitter:label1\" content=\"Estimated reading time\" \/>\n\t<meta name=\"twitter:data1\" content=\"10 minutes\" \/>\n<script type=\"application\/ld+json\" class=\"yoast-schema-graph\">{\"@context\":\"https:\\\/\\\/schema.org\",\"@graph\":[{\"@type\":\"WebPage\",\"@id\":\"https:\\\/\\\/salonforall.es\\\/ampollas-syis-con-serum-de-extracto-de-helice-de-baba-de-caracol-10x3-ml\\\/\",\"url\":\"https:\\\/\\\/salonforall.es\\\/ampollas-syis-con-serum-de-extracto-de-helice-de-baba-de-caracol-10x3-ml\\\/\",\"name\":\"Ampollas Syis Con S\u00e9rum De Extracto De H\u00e9lice De Baba De Caracol 10X3 Ml comprar\",\"isPartOf\":{\"@id\":\"https:\\\/\\\/salonforall.es\\\/#website\"},\"primaryImageOfPage\":{\"@id\":\"https:\\\/\\\/salonforall.es\\\/ampollas-syis-con-serum-de-extracto-de-helice-de-baba-de-caracol-10x3-ml\\\/#primaryimage\"},\"image\":{\"@id\":\"https:\\\/\\\/salonforall.es\\\/ampollas-syis-con-serum-de-extracto-de-helice-de-baba-de-caracol-10x3-ml\\\/#primaryimage\"},\"thumbnailUrl\":\"https:\\\/\\\/salonforall.es\\\/wp-content\\\/uploads\\\/2025\\\/12\\\/Ampollas-Syis-Con-Serum-De-Extracto-De-Helice-De-Baba-De-Caracol-10X3-Ml.jpg\",\"datePublished\":\"2025-12-02T10:52:28+00:00\",\"dateModified\":\"2026-03-24T15:02:48+00:00\",\"description\":\"Compra Ampollas Syis Con S\u00e9rum De Extracto De H\u00e9lice De Baba De Caracol 10X3 Ml online o en el showroom en Salon For ALL Espa\u00f1a. El mayorista para salones, consultas y spas en Espa\u00f1a y Portugal.\",\"breadcrumb\":{\"@id\":\"https:\\\/\\\/salonforall.es\\\/ampollas-syis-con-serum-de-extracto-de-helice-de-baba-de-caracol-10x3-ml\\\/#breadcrumb\"},\"inLanguage\":\"en-GB\",\"potentialAction\":[{\"@type\":\"ReadAction\",\"target\":[\"https:\\\/\\\/salonforall.es\\\/ampollas-syis-con-serum-de-extracto-de-helice-de-baba-de-caracol-10x3-ml\\\/\"]}]},{\"@type\":\"ImageObject\",\"inLanguage\":\"en-GB\",\"@id\":\"https:\\\/\\\/salonforall.es\\\/ampollas-syis-con-serum-de-extracto-de-helice-de-baba-de-caracol-10x3-ml\\\/#primaryimage\",\"url\":\"https:\\\/\\\/salonforall.es\\\/wp-content\\\/uploads\\\/2025\\\/12\\\/Ampollas-Syis-Con-Serum-De-Extracto-De-Helice-De-Baba-De-Caracol-10X3-Ml.jpg\",\"contentUrl\":\"https:\\\/\\\/salonforall.es\\\/wp-content\\\/uploads\\\/2025\\\/12\\\/Ampollas-Syis-Con-Serum-De-Extracto-De-Helice-De-Baba-De-Caracol-10X3-Ml.jpg\",\"width\":1200,\"height\":1200,\"caption\":\"Ampollas Syis Con S\u00e9rum De Extracto De H\u00e9lice De Baba De Caracol 10X3 Ml\"},{\"@type\":\"BreadcrumbList\",\"@id\":\"https:\\\/\\\/salonforall.es\\\/ampollas-syis-con-serum-de-extracto-de-helice-de-baba-de-caracol-10x3-ml\\\/#breadcrumb\",\"itemListElement\":[{\"@type\":\"ListItem\",\"position\":1,\"name\":\"Home\",\"item\":\"https:\\\/\\\/salonforall.es\\\/\"},{\"@type\":\"ListItem\",\"position\":2,\"name\":\"Winkel\",\"item\":\"https:\\\/\\\/salonforall.es\\\/winkel\\\/\"},{\"@type\":\"ListItem\",\"position\":3,\"name\":\"Ampollas Syis Con S\u00e9rum De Extracto De H\u00e9lice De Baba De Caracol 10X3 Ml\"}]},{\"@type\":\"WebSite\",\"@id\":\"https:\\\/\\\/salonforall.es\\\/#website\",\"url\":\"https:\\\/\\\/salonforall.es\\\/\",\"name\":\"Salon For ALL Espa\u00f1a\",\"description\":\"Mayorista de mobiliario y suministros para consultorios y salones\",\"publisher\":{\"@id\":\"https:\\\/\\\/salonforall.es\\\/#organization\"},\"potentialAction\":[{\"@type\":\"SearchAction\",\"target\":{\"@type\":\"EntryPoint\",\"urlTemplate\":\"https:\\\/\\\/salonforall.es\\\/?s={search_term_string}\"},\"query-input\":{\"@type\":\"PropertyValueSpecification\",\"valueRequired\":true,\"valueName\":\"search_term_string\"}}],\"inLanguage\":\"en-GB\"},{\"@type\":\"Organization\",\"@id\":\"https:\\\/\\\/salonforall.es\\\/#organization\",\"name\":\"Salon For All B.V. Espa\u00f1a\",\"alternateName\":\"Salon For All B.V. Espa\u00f1a - Mayorista de equipamiento para consultas, salones y suministros\",\"url\":\"https:\\\/\\\/salonforall.es\\\/\",\"logo\":{\"@type\":\"ImageObject\",\"inLanguage\":\"en-GB\",\"@id\":\"https:\\\/\\\/salonforall.es\\\/#\\\/schema\\\/logo\\\/image\\\/\",\"url\":\"https:\\\/\\\/salonforall.es\\\/wp-content\\\/uploads\\\/2025\\\/11\\\/logo-salon-for-all-e1764543185849.png\",\"contentUrl\":\"https:\\\/\\\/salonforall.es\\\/wp-content\\\/uploads\\\/2025\\\/11\\\/logo-salon-for-all-e1764543185849.png\",\"width\":500,\"height\":150,\"caption\":\"Salon For All B.V. Espa\u00f1a\"},\"image\":{\"@id\":\"https:\\\/\\\/salonforall.es\\\/#\\\/schema\\\/logo\\\/image\\\/\"}}]}<\/script>\n<!-- \/ Yoast SEO plugin. -->","yoast_head_json":{"title":"Ampollas Syis Con S\u00e9rum De Extracto De H\u00e9lice De Baba De Caracol 10X3 Ml comprar","description":"Compra Ampollas Syis Con S\u00e9rum De Extracto De H\u00e9lice De Baba De Caracol 10X3 Ml online o en el showroom en Salon For ALL Espa\u00f1a. El mayorista para salones, consultas y spas en Espa\u00f1a y Portugal.","robots":{"index":"index","follow":"follow","max-snippet":"max-snippet:-1","max-image-preview":"max-image-preview:large","max-video-preview":"max-video-preview:-1"},"canonical":"https:\/\/salonforall.es\/en\/ampollas-syis-con-serum-de-extracto-de-helice-de-baba-de-caracol-10x3-ml\/","og_locale":"en_GB","og_type":"article","og_title":"Ampollas Syis Con S\u00e9rum De Extracto De H\u00e9lice De Baba De Caracol 10X3 Ml","og_description":"Compra Ampollas Syis Con S\u00e9rum De Extracto De H\u00e9lice De Baba De Caracol 10X3 Ml online o en el showroom en Salon For ALL Espa\u00f1a. El mayorista para salones, consultas y spas en Espa\u00f1a y Portugal.","og_url":"https:\/\/salonforall.es\/en\/ampollas-syis-con-serum-de-extracto-de-helice-de-baba-de-caracol-10x3-ml\/","og_site_name":"Salon For ALL Espa\u00f1a","article_modified_time":"2026-03-24T15:02:48+00:00","og_image":[{"width":1200,"height":1200,"url":"https:\/\/salonforall.es\/wp-content\/uploads\/2025\/12\/Ampollas-Syis-Con-Serum-De-Extracto-De-Helice-De-Baba-De-Caracol-10X3-Ml.jpg","type":"image\/jpeg"}],"twitter_card":"summary_large_image","twitter_title":"Ampollas Syis Con S\u00e9rum De Extracto De H\u00e9lice De Baba De Caracol 10X3 Ml","twitter_misc":{"Estimated reading time":"10 minutes"},"schema":{"@context":"https:\/\/schema.org","@graph":[{"@type":"WebPage","@id":"https:\/\/salonforall.es\/ampollas-syis-con-serum-de-extracto-de-helice-de-baba-de-caracol-10x3-ml\/","url":"https:\/\/salonforall.es\/ampollas-syis-con-serum-de-extracto-de-helice-de-baba-de-caracol-10x3-ml\/","name":"Ampollas Syis Con S\u00e9rum De Extracto De H\u00e9lice De Baba De Caracol 10X3 Ml comprar","isPartOf":{"@id":"https:\/\/salonforall.es\/#website"},"primaryImageOfPage":{"@id":"https:\/\/salonforall.es\/ampollas-syis-con-serum-de-extracto-de-helice-de-baba-de-caracol-10x3-ml\/#primaryimage"},"image":{"@id":"https:\/\/salonforall.es\/ampollas-syis-con-serum-de-extracto-de-helice-de-baba-de-caracol-10x3-ml\/#primaryimage"},"thumbnailUrl":"https:\/\/salonforall.es\/wp-content\/uploads\/2025\/12\/Ampollas-Syis-Con-Serum-De-Extracto-De-Helice-De-Baba-De-Caracol-10X3-Ml.jpg","datePublished":"2025-12-02T10:52:28+00:00","dateModified":"2026-03-24T15:02:48+00:00","description":"Compra Ampollas Syis Con S\u00e9rum De Extracto De H\u00e9lice De Baba De Caracol 10X3 Ml online o en el showroom en Salon For ALL Espa\u00f1a. El mayorista para salones, consultas y spas en Espa\u00f1a y Portugal.","breadcrumb":{"@id":"https:\/\/salonforall.es\/ampollas-syis-con-serum-de-extracto-de-helice-de-baba-de-caracol-10x3-ml\/#breadcrumb"},"inLanguage":"en-GB","potentialAction":[{"@type":"ReadAction","target":["https:\/\/salonforall.es\/ampollas-syis-con-serum-de-extracto-de-helice-de-baba-de-caracol-10x3-ml\/"]}]},{"@type":"ImageObject","inLanguage":"en-GB","@id":"https:\/\/salonforall.es\/ampollas-syis-con-serum-de-extracto-de-helice-de-baba-de-caracol-10x3-ml\/#primaryimage","url":"https:\/\/salonforall.es\/wp-content\/uploads\/2025\/12\/Ampollas-Syis-Con-Serum-De-Extracto-De-Helice-De-Baba-De-Caracol-10X3-Ml.jpg","contentUrl":"https:\/\/salonforall.es\/wp-content\/uploads\/2025\/12\/Ampollas-Syis-Con-Serum-De-Extracto-De-Helice-De-Baba-De-Caracol-10X3-Ml.jpg","width":1200,"height":1200,"caption":"Ampollas Syis Con S\u00e9rum De Extracto De H\u00e9lice De Baba De Caracol 10X3 Ml"},{"@type":"BreadcrumbList","@id":"https:\/\/salonforall.es\/ampollas-syis-con-serum-de-extracto-de-helice-de-baba-de-caracol-10x3-ml\/#breadcrumb","itemListElement":[{"@type":"ListItem","position":1,"name":"Home","item":"https:\/\/salonforall.es\/"},{"@type":"ListItem","position":2,"name":"Winkel","item":"https:\/\/salonforall.es\/winkel\/"},{"@type":"ListItem","position":3,"name":"Ampollas Syis Con S\u00e9rum De Extracto De H\u00e9lice De Baba De Caracol 10X3 Ml"}]},{"@type":"WebSite","@id":"https:\/\/salonforall.es\/#website","url":"https:\/\/salonforall.es\/","name":"Salon For ALL Spain","description":"Wholesaler of salon and practice furniture and supplies","publisher":{"@id":"https:\/\/salonforall.es\/#organization"},"potentialAction":[{"@type":"SearchAction","target":{"@type":"EntryPoint","urlTemplate":"https:\/\/salonforall.es\/?s={search_term_string}"},"query-input":{"@type":"PropertyValueSpecification","valueRequired":true,"valueName":"search_term_string"}}],"inLanguage":"en-GB"},{"@type":"Organization","@id":"https:\/\/salonforall.es\/#organization","name":"Salon For All B.V. Spain","alternateName":"Salon For All B.V. Espa\u00f1a - Mayorista de equipamiento para consultas, salones y suministros","url":"https:\/\/salonforall.es\/","logo":{"@type":"ImageObject","inLanguage":"en-GB","@id":"https:\/\/salonforall.es\/#\/schema\/logo\/image\/","url":"https:\/\/salonforall.es\/wp-content\/uploads\/2025\/11\/logo-salon-for-all-e1764543185849.png","contentUrl":"https:\/\/salonforall.es\/wp-content\/uploads\/2025\/11\/logo-salon-for-all-e1764543185849.png","width":500,"height":150,"caption":"Salon For All B.V. Espa\u00f1a"},"image":{"@id":"https:\/\/salonforall.es\/#\/schema\/logo\/image\/"}}]}},"_links":{"self":[{"href":"https:\/\/salonforall.es\/en\/wp-json\/wp\/v2\/product\/2905","targetHints":{"allow":["GET"]}}],"collection":[{"href":"https:\/\/salonforall.es\/en\/wp-json\/wp\/v2\/product"}],"about":[{"href":"https:\/\/salonforall.es\/en\/wp-json\/wp\/v2\/types\/product"}],"replies":[{"embeddable":true,"href":"https:\/\/salonforall.es\/en\/wp-json\/wp\/v2\/comments?post=2905"}],"wp:featuredmedia":[{"embeddable":true,"href":"https:\/\/salonforall.es\/en\/wp-json\/wp\/v2\/media\/2906"}],"wp:attachment":[{"href":"https:\/\/salonforall.es\/en\/wp-json\/wp\/v2\/media?parent=2905"}],"wp:term":[{"taxonomy":"product_brand","embeddable":true,"href":"https:\/\/salonforall.es\/en\/wp-json\/wp\/v2\/product_brand?post=2905"},{"taxonomy":"product_cat","embeddable":true,"href":"https:\/\/salonforall.es\/en\/wp-json\/wp\/v2\/product_cat?post=2905"},{"taxonomy":"product_tag","embeddable":true,"href":"https:\/\/salonforall.es\/en\/wp-json\/wp\/v2\/product_tag?post=2905"}],"curies":[{"name":"wp","href":"https:\/\/api.w.org\/{rel}","templated":true}]}}