{"id":2634,"date":"2025-12-02T11:50:13","date_gmt":"2025-12-02T10:50:13","guid":{"rendered":"https:\/\/salonforall.es\/product\/ampollas-normalizadoras-syis-10x3ml\/"},"modified":"2026-03-24T18:02:05","modified_gmt":"2026-03-24T17:02:05","slug":"ampollas-normalizadoras-syis-10x3ml","status":"publish","type":"product","link":"https:\/\/salonforall.es\/en\/ampollas-normalizadoras-syis-10x3ml\/","title":{"rendered":"Syis Normalising Ampoules 10X3Ml"},"content":{"rendered":"<h2>Informaci\u00f3n sobre Ampollas Normalizadoras Syis 10X3Ml con n\u00famero de art\u00edculo 110229<\/h2>\n<div> Ampollas normalizadoras para pieles con tendencia acneica que necesitan calmarse y aliviar las inflamaciones existentes. Tambi\u00e9n son adecuadas para pieles delicadas, irritadas y sensibles. Las ampollas reducen la secreci\u00f3n excesiva de sebo, reducen el enrojecimiento, sellan los capilares y tienen propiedades antioxidantes. <\/div>\n<div> <\/div>\n<div> Active substances: <\/p>\n<p> Agua de flor de citrus aurantium amara (naranja) y extracto de flor de naranja amarga, mejor conocido como aceite de neroli. Tiene propiedades antibacterianas y astringentes, regula el trabajo de las gl\u00e1ndulas seb\u00e1ceas y la secreci\u00f3n de sebo. Reduce el enrojecimiento, calma, sella los vasos sangu\u00edneos y acelera la circulaci\u00f3n sangu\u00ednea. Gracias a la presencia de bioflavonoides, tambi\u00e9n tiene propiedades antioxidantes. Apoya la lucha contra las arrugas prematuras. <\/p><\/div>\n<div> <\/div>\n<div> extracto de fruto de serenoa serrulata <br \/> el extracto de saw palmetto reduce visiblemente la hinchaz\u00f3n y la secreci\u00f3n de sebo, calma la inflamaci\u00f3n y ayuda en la lucha contra las lesiones del acn\u00e9. <\/div>\n<div> <\/div>\n<div> zinc pca <br \/> el pirrolidinacarboxilato de zinc ayuda a combatir las causas de las infecciones bacterianas, tiene un efecto astringente e inhibe el desarrollo de las lesiones del acn\u00e9. alivia los s\u00edntomas visibles de fatiga e inflamaci\u00f3n, mejora el tono de la piel y regula la actividad de las gl\u00e1ndulas seb\u00e1ceas. <\/div>\n<div> <\/div>\n<div> la niacinamida y la vitamina pp \/ b3 mejoran la circulaci\u00f3n sangu\u00ednea en la piel, estimulan la s\u00edntesis de col\u00e1geno en fibroblastos maduros, suavizan las arrugas finas, hacen que la piel da\u00f1ada por la radiaci\u00f3n UV sea m\u00e1s el\u00e1stica. es un fuerte antioxidante, previene el proceso de fotoenvejecimiento. niacinamida reconstruye la barrera protectora natural aumentando la s\u00edntesis de ceramidas, \u00e1cidos grasos y colesterol en el espacio intercelular, aumenta la hidrataci\u00f3n y nutre la piel. reduce la decoloraci\u00f3n, tiene propiedades antiacn\u00e9. <\/div>\n<div> <\/div>\n<div>panthenol<span><span> <span> <span> <br \/> pantenol, es decir provitamina b5, tiene propiedades antiinflamatorias y antibacterianas, acelera la regeneraci\u00f3n de la epidermis. es un ingrediente con efecto cicatrizante, calmante e hidratante. <\/span> <\/span> <\/span> <\/div>\n<div> <\/div>\n<div> acetato de tocoferilo y vitamina E con propiedades antioxidantes, inhibe el envejecimiento de la piel y la oxidaci\u00f3n radical de l\u00edpidos en la epidermis y la dermis. reconstruye la barrera epid\u00e9rmica natural y previene eficazmente la irritaci\u00f3n. inhibe la p\u00e9rdida de agua transepid\u00e9rmica (tewl), mejorando la hidrataci\u00f3n de la piel. Previene la inflamaci\u00f3n, fortalece las paredes de los vasos sangu\u00edneos y mejora la circulaci\u00f3n sangu\u00ednea en la piel. <\/p>\n<p>\u00c1cido l\u00e1ctico<br \/>El \u00e1cido l\u00e1ctico tiene propiedades hidratantes debido a su capacidad de penetrar el estrato c\u00f3rneo. Suaviza y exfolia la epidermis callosa. <\/div>\n<p><span style=\"text-decoration: underline;\">Instructions for use:<\/span><br \/>Las ampollas est\u00e1n dise\u00f1adas para tratamientos con sonoforesis, ultrasonido, infusi\u00f3n, mesoterapia sin agujas y para uso externo en el cuidado domiciliario. Aplicar sobre la piel limpia del rostro, cuello y escote.<br \/><span style=\"text-decoration: underline;\">Capacity:<\/span> 10 x 3 ml<\/p>\n<h2>SYIS BLISTERS: WHY GLASS?<\/h2>\n<p>The 3 ml glass vial contains the highest concentration of active ingredients.<br \/>During the packaging process in sterile, single-use ampoules, the microbiological purity and stability of the active ingredients is maintained. Aseptic packaging ensures maximum safety and ideal storage conditions for the ampoule.<br \/>Glass ampoules do not react with the serum ingredients.<br \/>An advanced formula ideal for special tasks: regeneration, increasing skin tension, normalising oily skin or combating discolouration.<br \/>The water-based consistency promotes better absorption of the product and allows its use during treatments with equipment such as ultrasound, needle-free mesotherapy, oxygen infusion, microdermabrasion, radiofrequency or massage.<br \/>The ampoule compositions are based on natural extracts, vitamins and minerals, suitably adapted to the skin type, which facilitates proper product selection.<br \/>One ampoule is sufficient for a complete treatment of the face, neck and d\u00e9collet\u00e9.<br \/>While using the ampoules, they should be supplemented with cosmetics from the same series to enhance their effect.<br \/>After using our ampoules, the skin becomes velvety soft and smooth, as well as... Intensely moisturised and nourished. It's a real energy boost for the skin!<\/p>\n<p>Los productos Activeshop son proporcionalmente m\u00e1s econ\u00f3micos que muchas otras marcas\/proveedores. El precio est\u00e1 en relaci\u00f3n con la calidad. Ampollas Normalizadoras Syis 10X3Ml es por lo tanto una soluci\u00f3n accesible para su sal\u00f3n.<\/p>\n<h2>\u00bfC\u00f3mo se entrega Ampollas Normalizadoras Syis 10X3Ml?<\/h2>\n<p>Ampollas Normalizadoras Syis 10X3Ml se entrega en embalaje(s) original(es). Dentro de Espa\u00f1a el env\u00edo de Ampollas Normalizadoras Syis 10X3Ml es completamente gratuito para pedidos a partir de 100,- euros. Para env\u00edos a otros pa\u00edses se aplican tarifas de env\u00edo separadas. Puede consultar estas tarifas con nosotros o verlas en el carrito de compra. Ampollas Normalizadoras Syis 10X3Ml se env\u00eda a trav\u00e9s de un servicio de mensajer\u00eda externo.<\/p>\n<p>Packages or pallets are delivered as standard up to the front door threshold, even if you are located in a collective building, apartment building or apartment complex with a lift (provided the item fits in the lift). No lift available or item does not fit in the lift? Then we deliver up to the threshold of the ground floor.<\/p>\n<p>Do you still have questions about delivery or a special situation? Contact us and we will be happy to help you!<\/p>\n<p>*Items are not unpacked or assembled as standard. In special situations you can contact us to make arrangements.<\/p>\n<h2>Secure online shopping at Salon For All with the Webwinkelkeur seal of quality and SSL encryption.<\/h2>\n<p>Es importante para nosotros que nuestros clientes puedan comprar de forma segura en nuestra tienda online. Estamos afiliados al sello de calidad nacional Webwinkelkeur desde 2019. Nuestra identidad ha sido verificada y comprobada por ellos, y la tienda online ha sido revisada y aprobada legalmente. Adem\u00e1s, nuestra tienda online est\u00e1 afiliada a ellos para la mediaci\u00f3n de conflictos. Puede ver la insignia con toda la informaci\u00f3n de este sello de calidad de tienda online en el lado izquierdo o derecho de la tienda online (bot\u00f3n rosa con blanco). Adem\u00e1s, nuestro sitio est\u00e1 protegido con un certificado SSL para que pueda navegar de forma segura con nosotros. En la barra de su navegador de Internet, donde aparece nuestro sitio web, ver\u00e1 un icono de candado. Si hace clic en el candado, obtendr\u00e1 toda la informaci\u00f3n sobre nuestra seguridad. De esta manera sabe que su pedido de Ampollas Normalizadoras Syis 10X3Ml y sus datos personales se procesan de forma segura.<\/p>\n<h2>\u00bfC\u00f3mo puedo pagar Ampollas Normalizadoras Syis 10X3Ml?<\/h2>\n<p>We want to make it as easy as possible for you. That's why at Salon For All you can pay with all popular payment methods. Pay in advance, on delivery or afterwards - everything is possible. See here for all the payment methods we offer:<\/p>\n<ul>\n<li>iDEAL<\/li>\n<li>Credit card (Visa, Mastercard, American Express)<\/li>\n<li>Klarna - Payment on delivery with invoice<\/li>\n<li>PayPal<\/li>\n<li>Apple Pay<\/li>\n<li>Google Pay<\/li>\n<li>Bizum (for Spanish customers)<\/li>\n<li>SEPA bank transfer<\/li>\n<li>Bancontact<\/li>\n<li>Commercial invoice for companies<\/li>\n<li>Payment in the showroom - Both card and cash (Only available on collection)<\/li>\n<\/ul>\n<h2>See also reviews of Salon For All<\/h2>\n<p>Consulte tambi\u00e9n nuestras rese\u00f1as para tener en cuenta las experiencias de nuestros clientes actuales en su decisi\u00f3n de pedir Ampollas Normalizadoras Syis 10X3Ml con nosotros. A trav\u00e9s de nuestro sello de calidad independiente de tienda online Webwinkelkeur, se recopilan autom\u00e1ticamente rese\u00f1as verificadas de clientes que han completado un pedido con nosotros. Puede encontrarlas detr\u00e1s del bot\u00f3n rosa en nuestra tienda online o aparecen listadas debajo de los productos.<\/p>\n<p>\u00a1Comparta tambi\u00e9n su experiencia despu\u00e9s de su compra con su Ampollas Normalizadoras Syis 10X3Ml pedido y su experiencia con el proceso de compra o el contacto con Salon For All para inspirar a otros!<\/p>\n<h2>Contact Salon For All<\/h2>\n<p>Cont\u00e1ctenos entonces. Estaremos encantados de ayudarle con la adquisici\u00f3n de Ampollas Normalizadoras Syis 10X3Ml. En d\u00edas laborables estamos mejor disponibles entre las 8.30 y las 17.00 horas a trav\u00e9s del n\u00famero de tel\u00e9fono y direcci\u00f3n de correo electr\u00f3nico en la parte superior de la tienda online o a trav\u00e9s de la funci\u00f3n de chat. Las consultas fuera del horario de oficina suelen responderse en un plazo de 24 horas. Tambi\u00e9n es posible visitarnos fuera de los d\u00edas laborables u horario de oficina. Pero para ello es necesario concertar una cita previa.<\/p>\n<h2>Would you like to visit our showroom?<\/h2>\n<p>\u00bfPrefiere ver Ampollas Normalizadoras Syis 10X3Ml o recorrer nuestra oferta de la tienda (online) junto con nuestro colega? Entonces visite nuestro showroom con m\u00e1s de 1000m\u00b2 de equipamiento para salones y d\u00e9jese inspirar por nuestros empleados. Tambi\u00e9n si le gusta conocernos de manera agradable disfrutando de una buena taza de caf\u00e9 o t\u00e9, es muy bienvenido. No tenemos todos los productos en stock, as\u00ed que h\u00e1ganos saber de antemano que desea venir. Concierte siempre una cita previa.<\/p>\n<h2>14 days of reflection and our return policy<\/h2>\n<p>Por supuesto puede ocurrir que Ampollas Normalizadoras Syis 10X3Ml entregado no sea completamente de su agrado y desee devolverlo. Eso no es ning\u00fan problema en Salon For All. Debe notificar su devoluci\u00f3n dentro de 14 d\u00edas laborables a trav\u00e9s de info@salonforall.es. Entonces recibir\u00e1 primero todas las instrucciones y condiciones de devoluci\u00f3n. Tenga en cuenta que Ampollas Normalizadoras Syis 10X3Ml no debe haber sido usado, debe contener todas las partes suministradas y debe devolverse empaquetado en el embalaje original. Los costos de env\u00edo de una devoluci\u00f3n son siempre a cargo del comprador en compras a trav\u00e9s de www.salonforall.es. Debe organizar usted mismo un transporte con una empresa de transporte de su elecci\u00f3n para una devoluci\u00f3n. Una vez que Ampollas Normalizadoras Syis 10X3Ml haya sido devuelto, se verificar\u00e1 su integridad y posibles da\u00f1os. Una vez que la devoluci\u00f3n haya sido aprobada, el importe de la compra se reembolsar\u00e1 dentro de 5 d\u00edas laborables a la cuenta bancaria que tenemos registrada.<\/p>\n<h2>Who is Salon For All?<\/h2>\n<p>Salon For All is THE wholesaler for all salon equipment in Europe. Salon For All started in 2003 under the name Salonvoordeel and grew out of practice. The owners of Salon For All were experienced hairdressers and beauty specialists and have together more than 30 years of practical experience. In 2003 we launched Salonvoordeel.nl (Netherlands) and subsequently Salon For All was founded for the European market. Some of our employees started their own business and so the idea to launch a functional online shop for hairdressers and to help them with the equipment of their salon was born.<\/p>\n<p>Nuestro showroom se encuentra en Dinxperlo, directamente en la frontera entre los Pa\u00edses Bajos y Alemania. Con nuestra amplia experiencia en el sector podemos servirle de espejo y proporcionarle el asesoramiento adecuado. \u00a1Hablamos el mismo idioma! Le asesoramos, inspiramos, motivamos y ayudamos en la adquisici\u00f3n de Ampollas Normalizadoras Syis 10X3Ml. Nuestros proveedores se encuentran en toda Europa, desde Alemania, Inglaterra, Italia hasta Polonia.<\/p>","protected":false},"excerpt":{"rendered":"<p>The product Syis Normalising Ampoules 10X3Ml is a high quality solution for any salon. The estimated delivery time is approximately 6 working days.<\/p>","protected":false},"featured_media":2635,"comment_status":"open","ping_status":"open","template":"","meta":[],"product_brand":[362],"product_cat":[364,76,363],"product_tag":[366,79,365],"class_list":{"0":"post-2634","1":"product","2":"type-product","3":"status-publish","4":"has-post-thumbnail","6":"product_brand-syis","7":"product_cat-ampollas","8":"product_cat-cosmetica-profesional","9":"product_cat-cosmetica-syis-pro","10":"product_tag-ampollas","11":"product_tag-cosmetica-profesional","12":"product_tag-cosmetica-syis-pro","13":"pa_codigo-ean-7759","14":"pa_garantia-12-meses","15":"pa_marca-syis","16":"pa_numero-de-articulo-385","17":"pa_tiempo-estimado-de-entrega-4-5-dias-laborables","19":"first","20":"instock","21":"sale","22":"taxable","23":"shipping-taxable","24":"purchasable","25":"product-type-simple"},"yoast_head":"<!-- This site is optimized with the Yoast SEO plugin v27.6 - https:\/\/yoast.com\/product\/yoast-seo-wordpress\/ -->\n<title>Ampollas Normalizadoras Syis 10X3Ml comprar<\/title>\n<meta name=\"description\" content=\"Compra Ampollas Normalizadoras Syis 10X3Ml online o en el showroom en Salon For ALL Espa\u00f1a. El mayorista para salones, consultas y spas en Espa\u00f1a y Portugal.\" \/>\n<meta name=\"robots\" content=\"index, follow, max-snippet:-1, max-image-preview:large, max-video-preview:-1\" \/>\n<link rel=\"canonical\" href=\"https:\/\/salonforall.es\/en\/ampollas-normalizadoras-syis-10x3ml\/\" \/>\n<meta property=\"og:locale\" content=\"en_GB\" \/>\n<meta property=\"og:type\" content=\"article\" \/>\n<meta property=\"og:title\" content=\"Ampollas Normalizadoras Syis 10X3Ml\" \/>\n<meta property=\"og:description\" content=\"Compra Ampollas Normalizadoras Syis 10X3Ml online o en el showroom en Salon For ALL Espa\u00f1a. El mayorista para salones, consultas y spas en Espa\u00f1a y Portugal.\" \/>\n<meta property=\"og:url\" content=\"https:\/\/salonforall.es\/en\/ampollas-normalizadoras-syis-10x3ml\/\" \/>\n<meta property=\"og:site_name\" content=\"Salon For ALL Espa\u00f1a\" \/>\n<meta property=\"article:modified_time\" content=\"2026-03-24T17:02:05+00:00\" \/>\n<meta property=\"og:image\" content=\"https:\/\/salonforall.es\/wp-content\/uploads\/2025\/12\/Ampollas-Normalizadoras-Syis-10X3Ml.jpg\" \/>\n\t<meta property=\"og:image:width\" content=\"1200\" \/>\n\t<meta property=\"og:image:height\" content=\"1200\" \/>\n\t<meta property=\"og:image:type\" content=\"image\/jpeg\" \/>\n<meta name=\"twitter:card\" content=\"summary_large_image\" \/>\n<meta name=\"twitter:title\" content=\"Ampollas Normalizadoras Syis 10X3Ml\" \/>\n<meta name=\"twitter:label1\" content=\"Estimated reading time\" \/>\n\t<meta name=\"twitter:data1\" content=\"10 minutes\" \/>\n<script type=\"application\/ld+json\" class=\"yoast-schema-graph\">{\"@context\":\"https:\\\/\\\/schema.org\",\"@graph\":[{\"@type\":\"WebPage\",\"@id\":\"https:\\\/\\\/salonforall.es\\\/ampollas-normalizadoras-syis-10x3ml\\\/\",\"url\":\"https:\\\/\\\/salonforall.es\\\/ampollas-normalizadoras-syis-10x3ml\\\/\",\"name\":\"Ampollas Normalizadoras Syis 10X3Ml comprar\",\"isPartOf\":{\"@id\":\"https:\\\/\\\/salonforall.es\\\/#website\"},\"primaryImageOfPage\":{\"@id\":\"https:\\\/\\\/salonforall.es\\\/ampollas-normalizadoras-syis-10x3ml\\\/#primaryimage\"},\"image\":{\"@id\":\"https:\\\/\\\/salonforall.es\\\/ampollas-normalizadoras-syis-10x3ml\\\/#primaryimage\"},\"thumbnailUrl\":\"https:\\\/\\\/salonforall.es\\\/wp-content\\\/uploads\\\/2025\\\/12\\\/Ampollas-Normalizadoras-Syis-10X3Ml.jpg\",\"datePublished\":\"2025-12-02T10:50:13+00:00\",\"dateModified\":\"2026-03-24T17:02:05+00:00\",\"description\":\"Compra Ampollas Normalizadoras Syis 10X3Ml online o en el showroom en Salon For ALL Espa\u00f1a. El mayorista para salones, consultas y spas en Espa\u00f1a y Portugal.\",\"breadcrumb\":{\"@id\":\"https:\\\/\\\/salonforall.es\\\/ampollas-normalizadoras-syis-10x3ml\\\/#breadcrumb\"},\"inLanguage\":\"en-GB\",\"potentialAction\":[{\"@type\":\"ReadAction\",\"target\":[\"https:\\\/\\\/salonforall.es\\\/ampollas-normalizadoras-syis-10x3ml\\\/\"]}]},{\"@type\":\"ImageObject\",\"inLanguage\":\"en-GB\",\"@id\":\"https:\\\/\\\/salonforall.es\\\/ampollas-normalizadoras-syis-10x3ml\\\/#primaryimage\",\"url\":\"https:\\\/\\\/salonforall.es\\\/wp-content\\\/uploads\\\/2025\\\/12\\\/Ampollas-Normalizadoras-Syis-10X3Ml.jpg\",\"contentUrl\":\"https:\\\/\\\/salonforall.es\\\/wp-content\\\/uploads\\\/2025\\\/12\\\/Ampollas-Normalizadoras-Syis-10X3Ml.jpg\",\"width\":1200,\"height\":1200,\"caption\":\"Ampollas Normalizadoras Syis 10X3Ml\"},{\"@type\":\"BreadcrumbList\",\"@id\":\"https:\\\/\\\/salonforall.es\\\/ampollas-normalizadoras-syis-10x3ml\\\/#breadcrumb\",\"itemListElement\":[{\"@type\":\"ListItem\",\"position\":1,\"name\":\"Home\",\"item\":\"https:\\\/\\\/salonforall.es\\\/\"},{\"@type\":\"ListItem\",\"position\":2,\"name\":\"Winkel\",\"item\":\"https:\\\/\\\/salonforall.es\\\/winkel\\\/\"},{\"@type\":\"ListItem\",\"position\":3,\"name\":\"Ampollas Normalizadoras Syis 10X3Ml\"}]},{\"@type\":\"WebSite\",\"@id\":\"https:\\\/\\\/salonforall.es\\\/#website\",\"url\":\"https:\\\/\\\/salonforall.es\\\/\",\"name\":\"Salon For ALL Espa\u00f1a\",\"description\":\"Mayorista de mobiliario y suministros para consultorios y salones\",\"publisher\":{\"@id\":\"https:\\\/\\\/salonforall.es\\\/#organization\"},\"potentialAction\":[{\"@type\":\"SearchAction\",\"target\":{\"@type\":\"EntryPoint\",\"urlTemplate\":\"https:\\\/\\\/salonforall.es\\\/?s={search_term_string}\"},\"query-input\":{\"@type\":\"PropertyValueSpecification\",\"valueRequired\":true,\"valueName\":\"search_term_string\"}}],\"inLanguage\":\"en-GB\"},{\"@type\":\"Organization\",\"@id\":\"https:\\\/\\\/salonforall.es\\\/#organization\",\"name\":\"Salon For All B.V. Espa\u00f1a\",\"alternateName\":\"Salon For All B.V. Espa\u00f1a - Mayorista de equipamiento para consultas, salones y suministros\",\"url\":\"https:\\\/\\\/salonforall.es\\\/\",\"logo\":{\"@type\":\"ImageObject\",\"inLanguage\":\"en-GB\",\"@id\":\"https:\\\/\\\/salonforall.es\\\/#\\\/schema\\\/logo\\\/image\\\/\",\"url\":\"https:\\\/\\\/salonforall.es\\\/wp-content\\\/uploads\\\/2025\\\/11\\\/logo-salon-for-all-e1764543185849.png\",\"contentUrl\":\"https:\\\/\\\/salonforall.es\\\/wp-content\\\/uploads\\\/2025\\\/11\\\/logo-salon-for-all-e1764543185849.png\",\"width\":500,\"height\":150,\"caption\":\"Salon For All B.V. Espa\u00f1a\"},\"image\":{\"@id\":\"https:\\\/\\\/salonforall.es\\\/#\\\/schema\\\/logo\\\/image\\\/\"}}]}<\/script>\n<!-- \/ Yoast SEO plugin. -->","yoast_head_json":{"title":"Ampollas Normalizadoras Syis 10X3Ml comprar","description":"Compra Ampollas Normalizadoras Syis 10X3Ml online o en el showroom en Salon For ALL Espa\u00f1a. El mayorista para salones, consultas y spas en Espa\u00f1a y Portugal.","robots":{"index":"index","follow":"follow","max-snippet":"max-snippet:-1","max-image-preview":"max-image-preview:large","max-video-preview":"max-video-preview:-1"},"canonical":"https:\/\/salonforall.es\/en\/ampollas-normalizadoras-syis-10x3ml\/","og_locale":"en_GB","og_type":"article","og_title":"Ampollas Normalizadoras Syis 10X3Ml","og_description":"Compra Ampollas Normalizadoras Syis 10X3Ml online o en el showroom en Salon For ALL Espa\u00f1a. El mayorista para salones, consultas y spas en Espa\u00f1a y Portugal.","og_url":"https:\/\/salonforall.es\/en\/ampollas-normalizadoras-syis-10x3ml\/","og_site_name":"Salon For ALL Espa\u00f1a","article_modified_time":"2026-03-24T17:02:05+00:00","og_image":[{"width":1200,"height":1200,"url":"https:\/\/salonforall.es\/wp-content\/uploads\/2025\/12\/Ampollas-Normalizadoras-Syis-10X3Ml.jpg","type":"image\/jpeg"}],"twitter_card":"summary_large_image","twitter_title":"Ampollas Normalizadoras Syis 10X3Ml","twitter_misc":{"Estimated reading time":"10 minutes"},"schema":{"@context":"https:\/\/schema.org","@graph":[{"@type":"WebPage","@id":"https:\/\/salonforall.es\/ampollas-normalizadoras-syis-10x3ml\/","url":"https:\/\/salonforall.es\/ampollas-normalizadoras-syis-10x3ml\/","name":"Ampollas Normalizadoras Syis 10X3Ml comprar","isPartOf":{"@id":"https:\/\/salonforall.es\/#website"},"primaryImageOfPage":{"@id":"https:\/\/salonforall.es\/ampollas-normalizadoras-syis-10x3ml\/#primaryimage"},"image":{"@id":"https:\/\/salonforall.es\/ampollas-normalizadoras-syis-10x3ml\/#primaryimage"},"thumbnailUrl":"https:\/\/salonforall.es\/wp-content\/uploads\/2025\/12\/Ampollas-Normalizadoras-Syis-10X3Ml.jpg","datePublished":"2025-12-02T10:50:13+00:00","dateModified":"2026-03-24T17:02:05+00:00","description":"Compra Ampollas Normalizadoras Syis 10X3Ml online o en el showroom en Salon For ALL Espa\u00f1a. El mayorista para salones, consultas y spas en Espa\u00f1a y Portugal.","breadcrumb":{"@id":"https:\/\/salonforall.es\/ampollas-normalizadoras-syis-10x3ml\/#breadcrumb"},"inLanguage":"en-GB","potentialAction":[{"@type":"ReadAction","target":["https:\/\/salonforall.es\/ampollas-normalizadoras-syis-10x3ml\/"]}]},{"@type":"ImageObject","inLanguage":"en-GB","@id":"https:\/\/salonforall.es\/ampollas-normalizadoras-syis-10x3ml\/#primaryimage","url":"https:\/\/salonforall.es\/wp-content\/uploads\/2025\/12\/Ampollas-Normalizadoras-Syis-10X3Ml.jpg","contentUrl":"https:\/\/salonforall.es\/wp-content\/uploads\/2025\/12\/Ampollas-Normalizadoras-Syis-10X3Ml.jpg","width":1200,"height":1200,"caption":"Ampollas Normalizadoras Syis 10X3Ml"},{"@type":"BreadcrumbList","@id":"https:\/\/salonforall.es\/ampollas-normalizadoras-syis-10x3ml\/#breadcrumb","itemListElement":[{"@type":"ListItem","position":1,"name":"Home","item":"https:\/\/salonforall.es\/"},{"@type":"ListItem","position":2,"name":"Winkel","item":"https:\/\/salonforall.es\/winkel\/"},{"@type":"ListItem","position":3,"name":"Ampollas Normalizadoras Syis 10X3Ml"}]},{"@type":"WebSite","@id":"https:\/\/salonforall.es\/#website","url":"https:\/\/salonforall.es\/","name":"Salon For ALL Spain","description":"Wholesaler of salon and practice furniture and supplies","publisher":{"@id":"https:\/\/salonforall.es\/#organization"},"potentialAction":[{"@type":"SearchAction","target":{"@type":"EntryPoint","urlTemplate":"https:\/\/salonforall.es\/?s={search_term_string}"},"query-input":{"@type":"PropertyValueSpecification","valueRequired":true,"valueName":"search_term_string"}}],"inLanguage":"en-GB"},{"@type":"Organization","@id":"https:\/\/salonforall.es\/#organization","name":"Salon For All B.V. Spain","alternateName":"Salon For All B.V. Espa\u00f1a - Mayorista de equipamiento para consultas, salones y suministros","url":"https:\/\/salonforall.es\/","logo":{"@type":"ImageObject","inLanguage":"en-GB","@id":"https:\/\/salonforall.es\/#\/schema\/logo\/image\/","url":"https:\/\/salonforall.es\/wp-content\/uploads\/2025\/11\/logo-salon-for-all-e1764543185849.png","contentUrl":"https:\/\/salonforall.es\/wp-content\/uploads\/2025\/11\/logo-salon-for-all-e1764543185849.png","width":500,"height":150,"caption":"Salon For All B.V. Espa\u00f1a"},"image":{"@id":"https:\/\/salonforall.es\/#\/schema\/logo\/image\/"}}]}},"_links":{"self":[{"href":"https:\/\/salonforall.es\/en\/wp-json\/wp\/v2\/product\/2634","targetHints":{"allow":["GET"]}}],"collection":[{"href":"https:\/\/salonforall.es\/en\/wp-json\/wp\/v2\/product"}],"about":[{"href":"https:\/\/salonforall.es\/en\/wp-json\/wp\/v2\/types\/product"}],"replies":[{"embeddable":true,"href":"https:\/\/salonforall.es\/en\/wp-json\/wp\/v2\/comments?post=2634"}],"wp:featuredmedia":[{"embeddable":true,"href":"https:\/\/salonforall.es\/en\/wp-json\/wp\/v2\/media\/2635"}],"wp:attachment":[{"href":"https:\/\/salonforall.es\/en\/wp-json\/wp\/v2\/media?parent=2634"}],"wp:term":[{"taxonomy":"product_brand","embeddable":true,"href":"https:\/\/salonforall.es\/en\/wp-json\/wp\/v2\/product_brand?post=2634"},{"taxonomy":"product_cat","embeddable":true,"href":"https:\/\/salonforall.es\/en\/wp-json\/wp\/v2\/product_cat?post=2634"},{"taxonomy":"product_tag","embeddable":true,"href":"https:\/\/salonforall.es\/en\/wp-json\/wp\/v2\/product_tag?post=2634"}],"curies":[{"name":"wp","href":"https:\/\/api.w.org\/{rel}","templated":true}]}}