{"id":2107,"date":"2025-12-02T11:46:25","date_gmt":"2025-12-02T10:46:25","guid":{"rendered":"https:\/\/salonforall.es\/product\/conjunto-de-sillon-210-combinado-27en1-taburete-303\/"},"modified":"2026-02-04T22:13:48","modified_gmt":"2026-02-04T21:13:48","slug":"conjunto-de-sillon-210-combinado-27en1-taburete-303","status":"publish","type":"product","link":"https:\/\/salonforall.es\/en\/conjunto-de-sillon-210-combinado-27en1-taburete-303\/","title":{"rendered":"Set Of Armchair 210 + Combination 27En1 + Stool 303"},"content":{"rendered":"<h2>Informaci\u00f3n sobre Conjunto De Sill\u00f3n 210 + Combinado 27En1 + Taburete 303 con n\u00famero de art\u00edculo 109295<\/h2>\n<div>\n<div> the kit includes: <\/div>\n<div> * cosechadora de belleza 27 en 1, <\/div>\n<div> * silla cosm\u00e9tica hidr\u00e1ulica, <\/div>\n<div> * taburete cosm\u00e9tico. Cosechadora multifuncional 14 en 1: 27 opciones de tratamiento. El dispositivo consta de: &#8211; vapor wapozone &#8211; desinfecci\u00f3n &#8211; corrientes darsonwal de alta frecuencia &#8211; desinfecci\u00f3n de corrientes de alta frecuencia &#8211; masaje relajante &#8211; mesoterapia facial &#8211; mesoterapia corporal &#8211; galvanoplastia an\u00f3dica &#8211; galvanoplastia cat\u00f3dica &#8211; iontoforesis &#8211; ultrasonido facial &#8211; ultrasonido corporal &#8211; inyecci\u00f3n de sustancias con ultrasonido &#8211; vacum &#8211; masaje al vac\u00edo &#8211; pulverizaci\u00f3n &#8211; tonificaci\u00f3n &#8211; cabezal fr\u00edo &#8211; cabezal t\u00e9rmico &#8211; l\u00e1mpara de lupa &#8211; l\u00e1mpara de Woods &#8211; microdermoabrasi\u00f3n facial &#8211; microdermoabrasi\u00f3n corporal drenaje linf\u00e1tico <br \/>&#8211; electrocoagulaci\u00f3n &#8211; eliminaci\u00f3n de lesiones cut\u00e1neas <br \/>&#8211; peeling por cavitaci\u00f3n <br \/>&#8211; sonoforesis <br \/>&#8211; masaje vibratorio <\/div>\n<div> un recolector multifuncional que combina los dispositivos cosm\u00e9ticos b\u00e1sicos necesarios en cada consultorio. para tratamientos faciales y corporales. una gran cantidad de funciones en un solo dispositivo manteniendo un tama\u00f1o relativamente peque\u00f1o lo convierten en una buena soluci\u00f3n para salones de belleza y centros de spa. <\/div>\n<div>\n<p> el dispositivo incluye: <br \/> &#8211; base <br > - power supply cable <br \/> &#8211; l\u00e1mpara de madera <br \/> &#8211; l\u00e1mpara de aumento <br \/> &#8211; esp\u00e1tula de cavitaci\u00f3n <br \/> &#8211; electrodos de galvanoplastia 3 piezas <br \/> &#8211; punta de electrocoagulaci\u00f3n (aguja) <br \/> &#8211; manguera para microdermoabrasi\u00f3n y vacum <br \/> &#8211; puntas de vidrio para vacum 3 piezas <br \/> &#8211; manguera de pulverizaci\u00f3n <br \/> &#8211; botellas de pulverizaci\u00f3n 2 piezas <br \/> &#8211; cabezales de ultrasonido 2 piezas <br \/> &#8211; martillo de calor-fr\u00edo <br \/> &#8211; cabezales de mesoterapia <br \/> &#8211; cabezales de microdermoabrasi\u00f3n de diamante 9 piezas <br \/> &#8211; boquillas para cabezales <br \/> &#8211; filtros de malla <br \/> &#8211; juego de pelottes para d&#8217;arsonval 3 piezas <br \/> &#8211; soporte para pelot d&#8217;arsonval <br \/> &#8211; un vaso para vaporizador <br \/> &#8211; mangos de pl\u00e1stico para accesorios 2 piezas <br \/> &#8211; instrucciones <br \/> - guarantee <\/div>\n<div> <\/div>\n<div> technical data: <br \/> &#8211; voltaje 220-230 v \/ 50-60 hz <br \/> &#8211; potencia 950 w <br \/> &#8211; cabezal fr\u00edo-calor &#8211; temperatura m\u00ednima 10-15 grados Celsius, m\u00e1xima 34-39 grados Celsius &#8211; dimensiones del dispositivo (base sin brazo vaporizador ni l\u00e1mpara de aumento) 31 x 31 x 97 cm <br \/> &#8211; dimensiones del embalaje 105 x 47 x 50 cm <\/div>\n<div> Sill\u00f3n cosm\u00e9tico hidr\u00e1ulico A-210 y sill\u00f3n giratorio con cerradura, que se sube y baja hidr\u00e1ulicamente, con un orificio en el reposacabezas, perfecto para cosm\u00e9ticos, maquillaje y masajes. Tiene reposabrazos extra\u00edbles y un tap\u00f3n en el reposacabezas. Funda de asiento f\u00e1cilmente lavable, fabricada en cuero ecol\u00f3gico, que cumple con los estrictos requisitos de la UE, elementos met\u00e1licos est\u00e9ticos niquelados. debajo del sill\u00f3n hay una barra para una s\u00e1bana desechable, manteles o una toalla. <br \/> El sill\u00f3n est\u00e1 disponible en color blanco. <br \/> El sill\u00f3n se env\u00eda en dos paquetes de cart\u00f3n que incluyen: <br \/> 1 package: <br \/> - chair base <br \/> - feet of the base <br \/> - lever for pumping the elevator <br \/> - screws for mounting actuator and seat 5 pcs. <br \/> - actuator <br \/> 2 packages: <br \/> - seat with headrest plug <br \/> - armrests 2 pcs. <br \/> &#8211; soporte para s\u00e1banas <br \/> - guides for attaching footrest and backrest 4 pcs. <br > &#8211; cubierta del actuador <br \/> - assembly instructions <br \/> - guarantee <br \/> Dimensiones del sill\u00f3n: <br \/> - reclining seat with headrest 63 x 180 cm <br \/> - min. height 64 cm <br \/> - max. height 80 cm European version <br \/> - base 55 x 106.5 cm <br \/> technical data: <br \/> - gross weight (all cartons) 70 kg (40 kg +30 kg) <br \/> - number of packages: 2 <br > - packaging dimensions: <br \/> base 106x57x42 <br \/> seat 115x40x68 <\/div>\n<div> taburete cosm\u00e9tico am-303 con respaldo blanco 1 ud <\/div>\n<div> c\u00f3modo taburete cosm\u00e9tico, estable sobre una base de cinco estrellas, con ruedas de goma, con posibilidad de desmontar el respaldo, blanco, un mueble necesario en un sal\u00f3n de belleza. <\/div>\n<div> dimensions: <br \/> &#8211; dimensiones del asiento, di\u00e1metro 32 cm <br \/> - min. height 50 cm <br \/> - max. height 64 cm  <\/div>\n<\/div><\/div>\n<div><\/div><\/div>\n<p>Los productos Activeshop son proporcionalmente m\u00e1s econ\u00f3micos que muchas otras marcas\/proveedores. El precio est\u00e1 en relaci\u00f3n con la calidad. Conjunto De Sill\u00f3n 210 + Combinado 27En1 + Taburete 303 es por lo tanto una soluci\u00f3n accesible para su sal\u00f3n.<\/p>\n<h2>\u00bfC\u00f3mo se entrega Conjunto De Sill\u00f3n 210 + Combinado 27En1 + Taburete 303?<\/h2>\n<p>Conjunto De Sill\u00f3n 210 + Combinado 27En1 + Taburete 303 se entrega en embalaje(s) original(es). Dentro de Espa\u00f1a el env\u00edo de Conjunto De Sill\u00f3n 210 + Combinado 27En1 + Taburete 303 es completamente gratuito para pedidos a partir de 100,- euros. Para env\u00edos a otros pa\u00edses se aplican tarifas de env\u00edo separadas. Puede consultar estas tarifas con nosotros o verlas en el carrito de compra. Conjunto De Sill\u00f3n 210 + Combinado 27En1 + Taburete 303 se env\u00eda a trav\u00e9s de un servicio de mensajer\u00eda externo.<\/p>\n<p>Packages or pallets are delivered as standard up to the front door threshold, even if you are located in a collective building, apartment building or apartment complex with a lift (provided the item fits in the lift). No lift available or item does not fit in the lift? Then we deliver up to the threshold of the ground floor.<\/p>\n<p>Do you still have questions about delivery or a special situation? Contact us and we will be happy to help you!<\/p>\n<p>*Items are not unpacked or assembled as standard. In special situations you can contact us to make arrangements.<\/p>\n<h2>Secure online shopping at Salon For All with the Webwinkelkeur seal of quality and SSL encryption.<\/h2>\n<p>Es importante para nosotros que nuestros clientes puedan comprar de forma segura en nuestra tienda online. Estamos afiliados al sello de calidad nacional Webwinkelkeur desde 2019. Nuestra identidad ha sido verificada y comprobada por ellos, y la tienda online ha sido revisada y aprobada legalmente. Adem\u00e1s, nuestra tienda online est\u00e1 afiliada a ellos para la mediaci\u00f3n de conflictos. Puede ver la insignia con toda la informaci\u00f3n de este sello de calidad de tienda online en el lado izquierdo o derecho de la tienda online (bot\u00f3n rosa con blanco). Adem\u00e1s, nuestro sitio est\u00e1 protegido con un certificado SSL para que pueda navegar de forma segura con nosotros. En la barra de su navegador de Internet, donde aparece nuestro sitio web, ver\u00e1 un icono de candado. Si hace clic en el candado, obtendr\u00e1 toda la informaci\u00f3n sobre nuestra seguridad. De esta manera sabe que su pedido de Conjunto De Sill\u00f3n 210 + Combinado 27En1 + Taburete 303 y sus datos personales se procesan de forma segura.<\/p>\n<h2>\u00bfC\u00f3mo puedo pagar Conjunto De Sill\u00f3n 210 + Combinado 27En1 + Taburete 303?<\/h2>\n<p>We want to make it as easy as possible for you. That's why at Salon For All you can pay with all popular payment methods. Pay in advance, on delivery or afterwards - everything is possible. See here for all the payment methods we offer:<\/p>\n<ul>\n<li>iDEAL<\/li>\n<li>Credit card (Visa, Mastercard, American Express)<\/li>\n<li>Klarna - Payment on delivery with invoice<\/li>\n<li>PayPal<\/li>\n<li>Apple Pay<\/li>\n<li>Google Pay<\/li>\n<li>Bizum (for Spanish customers)<\/li>\n<li>SEPA bank transfer<\/li>\n<li>Bancontact<\/li>\n<li>Commercial invoice for companies<\/li>\n<li>Payment in the showroom - Both card and cash (Only available on collection)<\/li>\n<\/ul>\n<h2>See also reviews of Salon For All<\/h2>\n<p>Consulte tambi\u00e9n nuestras rese\u00f1as para tener en cuenta las experiencias de nuestros clientes actuales en su decisi\u00f3n de pedir Conjunto De Sill\u00f3n 210 + Combinado 27En1 + Taburete 303 con nosotros. A trav\u00e9s de nuestro sello de calidad independiente de tienda online Webwinkelkeur, se recopilan autom\u00e1ticamente rese\u00f1as verificadas de clientes que han completado un pedido con nosotros. Puede encontrarlas detr\u00e1s del bot\u00f3n rosa en nuestra tienda online o aparecen listadas debajo de los productos.<\/p>\n<p>\u00a1Comparta tambi\u00e9n su experiencia despu\u00e9s de su compra con su Conjunto De Sill\u00f3n 210 + Combinado 27En1 + Taburete 303 pedido y su experiencia con el proceso de compra o el contacto con Salon For All para inspirar a otros!<\/p>\n<h2>Contact Salon For All<\/h2>\n<p>Cont\u00e1ctenos entonces. Estaremos encantados de ayudarle con la adquisici\u00f3n de Conjunto De Sill\u00f3n 210 + Combinado 27En1 + Taburete 303. En d\u00edas laborables estamos mejor disponibles entre las 8.30 y las 17.00 horas a trav\u00e9s del n\u00famero de tel\u00e9fono y direcci\u00f3n de correo electr\u00f3nico en la parte superior de la tienda online o a trav\u00e9s de la funci\u00f3n de chat. Las consultas fuera del horario de oficina suelen responderse en un plazo de 24 horas. Tambi\u00e9n es posible visitarnos fuera de los d\u00edas laborables u horario de oficina. Pero para ello es necesario concertar una cita previa.<\/p>\n<h2>Would you like to visit our showroom?<\/h2>\n<p>\u00bfPrefiere ver Conjunto De Sill\u00f3n 210 + Combinado 27En1 + Taburete 303 o recorrer nuestra oferta de la tienda (online) junto con nuestro colega? Entonces visite nuestro showroom con m\u00e1s de 1000m\u00b2 de equipamiento para salones y d\u00e9jese inspirar por nuestros empleados. Tambi\u00e9n si le gusta conocernos de manera agradable disfrutando de una buena taza de caf\u00e9 o t\u00e9, es muy bienvenido. No tenemos todos los productos en stock, as\u00ed que h\u00e1ganos saber de antemano que desea venir. Concierte siempre una cita previa.<\/p>\n<h2>14 days of reflection and our return policy<\/h2>\n<p>Por supuesto puede ocurrir que Conjunto De Sill\u00f3n 210 + Combinado 27En1 + Taburete 303 entregado no sea completamente de su agrado y desee devolverlo. Eso no es ning\u00fan problema en Salon For All. Debe notificar su devoluci\u00f3n dentro de 14 d\u00edas laborables a trav\u00e9s de info@salonforall.es. Entonces recibir\u00e1 primero todas las instrucciones y condiciones de devoluci\u00f3n. Tenga en cuenta que Conjunto De Sill\u00f3n 210 + Combinado 27En1 + Taburete 303 no debe haber sido usado, debe contener todas las partes suministradas y debe devolverse empaquetado en el embalaje original. Los costos de env\u00edo de una devoluci\u00f3n son siempre a cargo del comprador en compras a trav\u00e9s de www.salonforall.es. Debe organizar usted mismo un transporte con una empresa de transporte de su elecci\u00f3n para una devoluci\u00f3n. Una vez que Conjunto De Sill\u00f3n 210 + Combinado 27En1 + Taburete 303 haya sido devuelto, se verificar\u00e1 su integridad y posibles da\u00f1os. Una vez que la devoluci\u00f3n haya sido aprobada, el importe de la compra se reembolsar\u00e1 dentro de 5 d\u00edas laborables a la cuenta bancaria que tenemos registrada.<\/p>\n<h2>Who is Salon For All?<\/h2>\n<p>Salon For All is THE wholesaler for all salon equipment in Europe. Salon For All started in 2003 under the name Salonvoordeel and grew out of practice. The owners of Salon For All were experienced hairdressers and beauty specialists and have together more than 30 years of practical experience. In 2003 we launched Salonvoordeel.nl (Netherlands) and subsequently Salon For All was founded for the European market. Some of our employees started their own business and so the idea to launch a functional online shop for hairdressers and to help them with the equipment of their salon was born.<\/p>\n<p>Nuestro showroom se encuentra en Dinxperlo, directamente en la frontera entre los Pa\u00edses Bajos y Alemania. Con nuestra amplia experiencia en el sector podemos servirle de espejo y proporcionarle el asesoramiento adecuado. \u00a1Hablamos el mismo idioma! Le asesoramos, inspiramos, motivamos y ayudamos en la adquisici\u00f3n de Conjunto De Sill\u00f3n 210 + Combinado 27En1 + Taburete 303. Nuestros proveedores se encuentran en toda Europa, desde Alemania, Inglaterra, Italia hasta Polonia.<\/p>","protected":false},"excerpt":{"rendered":"<p>El producto Conjunto De Sill\u00f3n 210 + Combinado 27En1 + Taburete 303 es una soluci\u00f3n de alta calidad para cualquier sal\u00f3n. El plazo de entrega estimado es de aproximadamente 6 d\u00edas laborables.<\/p>","protected":false},"featured_media":2108,"comment_status":"open","ping_status":"open","template":"","meta":[],"product_brand":[107],"product_cat":[109,108],"product_tag":[111,110],"class_list":{"0":"post-2107","1":"product","2":"type-product","3":"status-publish","4":"has-post-thumbnail","6":"product_brand-activeshop","7":"product_cat-kits-promocionales","8":"product_cat-mobiliario-cosmetico","9":"product_tag-kits-promocionales","10":"product_tag-mobiliario-cosmetico","11":"pa_codigo-ean-7759","12":"pa_garantia-12-meses","13":"pa_marca-activeshop","14":"pa_numero-de-articulo-104","15":"pa_tiempo-estimado-de-entrega-4-5-dias-laborables","17":"first","18":"outofstock","19":"sale","20":"taxable","21":"shipping-taxable","22":"purchasable","23":"product-type-simple"},"yoast_head":"<!-- This site is optimized with the Yoast SEO plugin v27.6 - https:\/\/yoast.com\/product\/yoast-seo-wordpress\/ -->\n<title>Conjunto De Sill\u00f3n 210 + Combinado 27En1 + Taburete 303 comprar<\/title>\n<meta name=\"description\" content=\"Compra Conjunto De Sill\u00f3n 210 + Combinado 27En1 + Taburete 303 online o en el showroom en Salon For ALL Espa\u00f1a. El mayorista para salones, consultas y spas en Espa\u00f1a y Portugal.\" \/>\n<meta name=\"robots\" content=\"index, follow, max-snippet:-1, max-image-preview:large, max-video-preview:-1\" \/>\n<link rel=\"canonical\" href=\"https:\/\/salonforall.es\/en\/conjunto-de-sillon-210-combinado-27en1-taburete-303\/\" \/>\n<meta property=\"og:locale\" content=\"en_GB\" \/>\n<meta property=\"og:type\" content=\"article\" \/>\n<meta property=\"og:title\" content=\"Conjunto De Sill\u00f3n 210 + Combinado 27En1 + Taburete 303\" \/>\n<meta property=\"og:description\" content=\"Compra Conjunto De Sill\u00f3n 210 + Combinado 27En1 + Taburete 303 online o en el showroom en Salon For ALL Espa\u00f1a. El mayorista para salones, consultas y spas en Espa\u00f1a y Portugal.\" \/>\n<meta property=\"og:url\" content=\"https:\/\/salonforall.es\/en\/conjunto-de-sillon-210-combinado-27en1-taburete-303\/\" \/>\n<meta property=\"og:site_name\" content=\"Salon For ALL Espa\u00f1a\" \/>\n<meta property=\"article:modified_time\" content=\"2026-02-04T21:13:48+00:00\" \/>\n<meta property=\"og:image\" content=\"https:\/\/salonforall.es\/wp-content\/uploads\/2025\/12\/Conjunto-De-Sillon-210-Combinado-27En1-Taburete-303.jpg\" \/>\n\t<meta property=\"og:image:width\" content=\"800\" \/>\n\t<meta property=\"og:image:height\" content=\"800\" \/>\n\t<meta property=\"og:image:type\" content=\"image\/jpeg\" \/>\n<meta name=\"twitter:card\" content=\"summary_large_image\" \/>\n<meta name=\"twitter:title\" content=\"Conjunto De Sill\u00f3n 210 + Combinado 27En1 + Taburete 303\" \/>\n<meta name=\"twitter:label1\" content=\"Estimated reading time\" \/>\n\t<meta name=\"twitter:data1\" content=\"9 minutes\" \/>\n<script type=\"application\/ld+json\" class=\"yoast-schema-graph\">{\"@context\":\"https:\\\/\\\/schema.org\",\"@graph\":[{\"@type\":\"WebPage\",\"@id\":\"https:\\\/\\\/salonforall.es\\\/conjunto-de-sillon-210-combinado-27en1-taburete-303\\\/\",\"url\":\"https:\\\/\\\/salonforall.es\\\/conjunto-de-sillon-210-combinado-27en1-taburete-303\\\/\",\"name\":\"Conjunto De Sill\u00f3n 210 + Combinado 27En1 + Taburete 303 comprar\",\"isPartOf\":{\"@id\":\"https:\\\/\\\/salonforall.es\\\/#website\"},\"primaryImageOfPage\":{\"@id\":\"https:\\\/\\\/salonforall.es\\\/conjunto-de-sillon-210-combinado-27en1-taburete-303\\\/#primaryimage\"},\"image\":{\"@id\":\"https:\\\/\\\/salonforall.es\\\/conjunto-de-sillon-210-combinado-27en1-taburete-303\\\/#primaryimage\"},\"thumbnailUrl\":\"https:\\\/\\\/salonforall.es\\\/wp-content\\\/uploads\\\/2025\\\/12\\\/Conjunto-De-Sillon-210-Combinado-27En1-Taburete-303.jpg\",\"datePublished\":\"2025-12-02T10:46:25+00:00\",\"dateModified\":\"2026-02-04T21:13:48+00:00\",\"description\":\"Compra Conjunto De Sill\u00f3n 210 + Combinado 27En1 + Taburete 303 online o en el showroom en Salon For ALL Espa\u00f1a. El mayorista para salones, consultas y spas en Espa\u00f1a y Portugal.\",\"breadcrumb\":{\"@id\":\"https:\\\/\\\/salonforall.es\\\/conjunto-de-sillon-210-combinado-27en1-taburete-303\\\/#breadcrumb\"},\"inLanguage\":\"en-GB\",\"potentialAction\":[{\"@type\":\"ReadAction\",\"target\":[\"https:\\\/\\\/salonforall.es\\\/conjunto-de-sillon-210-combinado-27en1-taburete-303\\\/\"]}]},{\"@type\":\"ImageObject\",\"inLanguage\":\"en-GB\",\"@id\":\"https:\\\/\\\/salonforall.es\\\/conjunto-de-sillon-210-combinado-27en1-taburete-303\\\/#primaryimage\",\"url\":\"https:\\\/\\\/salonforall.es\\\/wp-content\\\/uploads\\\/2025\\\/12\\\/Conjunto-De-Sillon-210-Combinado-27En1-Taburete-303.jpg\",\"contentUrl\":\"https:\\\/\\\/salonforall.es\\\/wp-content\\\/uploads\\\/2025\\\/12\\\/Conjunto-De-Sillon-210-Combinado-27En1-Taburete-303.jpg\",\"width\":800,\"height\":800,\"caption\":\"Conjunto De Sill\u00f3n 210 + Combinado 27En1 + Taburete 303\"},{\"@type\":\"BreadcrumbList\",\"@id\":\"https:\\\/\\\/salonforall.es\\\/conjunto-de-sillon-210-combinado-27en1-taburete-303\\\/#breadcrumb\",\"itemListElement\":[{\"@type\":\"ListItem\",\"position\":1,\"name\":\"Home\",\"item\":\"https:\\\/\\\/salonforall.es\\\/\"},{\"@type\":\"ListItem\",\"position\":2,\"name\":\"Winkel\",\"item\":\"https:\\\/\\\/salonforall.es\\\/winkel\\\/\"},{\"@type\":\"ListItem\",\"position\":3,\"name\":\"Conjunto De Sill\u00f3n 210 + Combinado 27En1 + Taburete 303\"}]},{\"@type\":\"WebSite\",\"@id\":\"https:\\\/\\\/salonforall.es\\\/#website\",\"url\":\"https:\\\/\\\/salonforall.es\\\/\",\"name\":\"Salon For ALL Espa\u00f1a\",\"description\":\"Mayorista de mobiliario y suministros para consultorios y salones\",\"publisher\":{\"@id\":\"https:\\\/\\\/salonforall.es\\\/#organization\"},\"potentialAction\":[{\"@type\":\"SearchAction\",\"target\":{\"@type\":\"EntryPoint\",\"urlTemplate\":\"https:\\\/\\\/salonforall.es\\\/?s={search_term_string}\"},\"query-input\":{\"@type\":\"PropertyValueSpecification\",\"valueRequired\":true,\"valueName\":\"search_term_string\"}}],\"inLanguage\":\"en-GB\"},{\"@type\":\"Organization\",\"@id\":\"https:\\\/\\\/salonforall.es\\\/#organization\",\"name\":\"Salon For All B.V. Espa\u00f1a\",\"alternateName\":\"Salon For All B.V. Espa\u00f1a - Mayorista de equipamiento para consultas, salones y suministros\",\"url\":\"https:\\\/\\\/salonforall.es\\\/\",\"logo\":{\"@type\":\"ImageObject\",\"inLanguage\":\"en-GB\",\"@id\":\"https:\\\/\\\/salonforall.es\\\/#\\\/schema\\\/logo\\\/image\\\/\",\"url\":\"https:\\\/\\\/salonforall.es\\\/wp-content\\\/uploads\\\/2025\\\/11\\\/logo-salon-for-all-e1764543185849.png\",\"contentUrl\":\"https:\\\/\\\/salonforall.es\\\/wp-content\\\/uploads\\\/2025\\\/11\\\/logo-salon-for-all-e1764543185849.png\",\"width\":500,\"height\":150,\"caption\":\"Salon For All B.V. Espa\u00f1a\"},\"image\":{\"@id\":\"https:\\\/\\\/salonforall.es\\\/#\\\/schema\\\/logo\\\/image\\\/\"}}]}<\/script>\n<!-- \/ Yoast SEO plugin. -->","yoast_head_json":{"title":"Conjunto De Sill\u00f3n 210 + Combinado 27En1 + Taburete 303 comprar","description":"Compra Conjunto De Sill\u00f3n 210 + Combinado 27En1 + Taburete 303 online o en el showroom en Salon For ALL Espa\u00f1a. El mayorista para salones, consultas y spas en Espa\u00f1a y Portugal.","robots":{"index":"index","follow":"follow","max-snippet":"max-snippet:-1","max-image-preview":"max-image-preview:large","max-video-preview":"max-video-preview:-1"},"canonical":"https:\/\/salonforall.es\/en\/conjunto-de-sillon-210-combinado-27en1-taburete-303\/","og_locale":"en_GB","og_type":"article","og_title":"Conjunto De Sill\u00f3n 210 + Combinado 27En1 + Taburete 303","og_description":"Compra Conjunto De Sill\u00f3n 210 + Combinado 27En1 + Taburete 303 online o en el showroom en Salon For ALL Espa\u00f1a. El mayorista para salones, consultas y spas en Espa\u00f1a y Portugal.","og_url":"https:\/\/salonforall.es\/en\/conjunto-de-sillon-210-combinado-27en1-taburete-303\/","og_site_name":"Salon For ALL Espa\u00f1a","article_modified_time":"2026-02-04T21:13:48+00:00","og_image":[{"width":800,"height":800,"url":"https:\/\/salonforall.es\/wp-content\/uploads\/2025\/12\/Conjunto-De-Sillon-210-Combinado-27En1-Taburete-303.jpg","type":"image\/jpeg"}],"twitter_card":"summary_large_image","twitter_title":"Conjunto De Sill\u00f3n 210 + Combinado 27En1 + Taburete 303","twitter_misc":{"Estimated reading time":"9 minutes"},"schema":{"@context":"https:\/\/schema.org","@graph":[{"@type":"WebPage","@id":"https:\/\/salonforall.es\/conjunto-de-sillon-210-combinado-27en1-taburete-303\/","url":"https:\/\/salonforall.es\/conjunto-de-sillon-210-combinado-27en1-taburete-303\/","name":"Conjunto De Sill\u00f3n 210 + Combinado 27En1 + Taburete 303 comprar","isPartOf":{"@id":"https:\/\/salonforall.es\/#website"},"primaryImageOfPage":{"@id":"https:\/\/salonforall.es\/conjunto-de-sillon-210-combinado-27en1-taburete-303\/#primaryimage"},"image":{"@id":"https:\/\/salonforall.es\/conjunto-de-sillon-210-combinado-27en1-taburete-303\/#primaryimage"},"thumbnailUrl":"https:\/\/salonforall.es\/wp-content\/uploads\/2025\/12\/Conjunto-De-Sillon-210-Combinado-27En1-Taburete-303.jpg","datePublished":"2025-12-02T10:46:25+00:00","dateModified":"2026-02-04T21:13:48+00:00","description":"Compra Conjunto De Sill\u00f3n 210 + Combinado 27En1 + Taburete 303 online o en el showroom en Salon For ALL Espa\u00f1a. El mayorista para salones, consultas y spas en Espa\u00f1a y Portugal.","breadcrumb":{"@id":"https:\/\/salonforall.es\/conjunto-de-sillon-210-combinado-27en1-taburete-303\/#breadcrumb"},"inLanguage":"en-GB","potentialAction":[{"@type":"ReadAction","target":["https:\/\/salonforall.es\/conjunto-de-sillon-210-combinado-27en1-taburete-303\/"]}]},{"@type":"ImageObject","inLanguage":"en-GB","@id":"https:\/\/salonforall.es\/conjunto-de-sillon-210-combinado-27en1-taburete-303\/#primaryimage","url":"https:\/\/salonforall.es\/wp-content\/uploads\/2025\/12\/Conjunto-De-Sillon-210-Combinado-27En1-Taburete-303.jpg","contentUrl":"https:\/\/salonforall.es\/wp-content\/uploads\/2025\/12\/Conjunto-De-Sillon-210-Combinado-27En1-Taburete-303.jpg","width":800,"height":800,"caption":"Conjunto De Sill\u00f3n 210 + Combinado 27En1 + Taburete 303"},{"@type":"BreadcrumbList","@id":"https:\/\/salonforall.es\/conjunto-de-sillon-210-combinado-27en1-taburete-303\/#breadcrumb","itemListElement":[{"@type":"ListItem","position":1,"name":"Home","item":"https:\/\/salonforall.es\/"},{"@type":"ListItem","position":2,"name":"Winkel","item":"https:\/\/salonforall.es\/winkel\/"},{"@type":"ListItem","position":3,"name":"Conjunto De Sill\u00f3n 210 + Combinado 27En1 + Taburete 303"}]},{"@type":"WebSite","@id":"https:\/\/salonforall.es\/#website","url":"https:\/\/salonforall.es\/","name":"Salon For ALL Spain","description":"Wholesaler of salon and practice furniture and supplies","publisher":{"@id":"https:\/\/salonforall.es\/#organization"},"potentialAction":[{"@type":"SearchAction","target":{"@type":"EntryPoint","urlTemplate":"https:\/\/salonforall.es\/?s={search_term_string}"},"query-input":{"@type":"PropertyValueSpecification","valueRequired":true,"valueName":"search_term_string"}}],"inLanguage":"en-GB"},{"@type":"Organization","@id":"https:\/\/salonforall.es\/#organization","name":"Salon For All B.V. Spain","alternateName":"Salon For All B.V. Espa\u00f1a - Mayorista de equipamiento para consultas, salones y suministros","url":"https:\/\/salonforall.es\/","logo":{"@type":"ImageObject","inLanguage":"en-GB","@id":"https:\/\/salonforall.es\/#\/schema\/logo\/image\/","url":"https:\/\/salonforall.es\/wp-content\/uploads\/2025\/11\/logo-salon-for-all-e1764543185849.png","contentUrl":"https:\/\/salonforall.es\/wp-content\/uploads\/2025\/11\/logo-salon-for-all-e1764543185849.png","width":500,"height":150,"caption":"Salon For All B.V. Espa\u00f1a"},"image":{"@id":"https:\/\/salonforall.es\/#\/schema\/logo\/image\/"}}]}},"_links":{"self":[{"href":"https:\/\/salonforall.es\/en\/wp-json\/wp\/v2\/product\/2107","targetHints":{"allow":["GET"]}}],"collection":[{"href":"https:\/\/salonforall.es\/en\/wp-json\/wp\/v2\/product"}],"about":[{"href":"https:\/\/salonforall.es\/en\/wp-json\/wp\/v2\/types\/product"}],"replies":[{"embeddable":true,"href":"https:\/\/salonforall.es\/en\/wp-json\/wp\/v2\/comments?post=2107"}],"wp:featuredmedia":[{"embeddable":true,"href":"https:\/\/salonforall.es\/en\/wp-json\/wp\/v2\/media\/2108"}],"wp:attachment":[{"href":"https:\/\/salonforall.es\/en\/wp-json\/wp\/v2\/media?parent=2107"}],"wp:term":[{"taxonomy":"product_brand","embeddable":true,"href":"https:\/\/salonforall.es\/en\/wp-json\/wp\/v2\/product_brand?post=2107"},{"taxonomy":"product_cat","embeddable":true,"href":"https:\/\/salonforall.es\/en\/wp-json\/wp\/v2\/product_cat?post=2107"},{"taxonomy":"product_tag","embeddable":true,"href":"https:\/\/salonforall.es\/en\/wp-json\/wp\/v2\/product_tag?post=2107"}],"curies":[{"name":"wp","href":"https:\/\/api.w.org\/{rel}","templated":true}]}}