{"id":19354,"date":"2025-12-02T15:15:54","date_gmt":"2025-12-02T14:15:54","guid":{"rendered":"https:\/\/salonforall.es\/product\/ocho-nails-gel-rosa-leche-30-g\/"},"modified":"2026-03-24T17:37:52","modified_gmt":"2026-03-24T16:37:52","slug":"ocho-nails-gel-rosa-leche-30-g","status":"publish","type":"product","link":"https:\/\/salonforall.es\/en\/ocho-nails-gel-rosa-leche-30-g\/","title":{"rendered":"Ocho Nails Pink Milk Gel -30 G"},"content":{"rendered":"<h2>Informaci\u00f3n sobre Ocho Nails Gel Rosa Leche -30 G con n\u00famero de art\u00edculo 150996<\/h2>\n<p><strong>OCHO NAILS<\/strong> is a unique brand specialising in professional products for nail stylists. Its range includes hybrid polishes, gels, specialised lamps and nail care accessories. The products <strong>OCHO NAILS<\/strong> meet the needs of both experienced users and those new to manicure.<\/p>\n<p><img decoding=\"async\" src=\"https:\/\/activeshop.com.pl\/media\/wysiwyg\/product\/ocho_gels\/banner-ocho-nails-gels-1.jpg\"><\/p>\n<h2>Gel UV de construcci\u00f3n con efectos fenomenales<\/h2>\n<p><strong>El gel monof\u00e1sico OCHO NAILS<\/strong> con propiedades autonivelantes <strong>satisface las necesidades<\/strong> tanto de estilistas de u\u00f1as profesionales como de usuarias con menos experiencia. \u00a1Te permitir\u00e1 crear todos los estilos de tus sue\u00f1os de forma sencilla y r\u00e1pida!<\/p>\n<p><img decoding=\"async\" src=\"https:\/\/activeshop.com.pl\/media\/wysiwyg\/product\/ocho_gels\/features-ocho-nails-gel.jpg\"><\/p>\n<h2>Una paleta de soluciones precisas<\/h2>\n<p>El gel es perfecto para alargar las u\u00f1as, d\u00e1ndoles una forma perfecta y creando estilos elegantes y, sobre todo, duraderos. Gracias a su tixotrop\u00eda (memoria l\u00edquida), es f\u00e1cil de aplicar, no gotea ni inunda las cut\u00edculas, lo que facilita una manicura c\u00f3moda. <strong>\u00a1Trabajar con OCHO NAILS GEL es f\u00e1cil!<\/strong> La f\u00f3rmula utilizada hace que sea f\u00e1cil de trabajar y <strong>reduce la sensaci\u00f3n de ardor<\/strong> durante el curado.<\/p>\n<div class=\"video-container\"> <iframe height=\"315\" src=\"https:\/\/www.youtube.com\/embed\/7GAhpNm-30o\" frameborder=\"0\" width=\"560\" allowfullscreen allow=\"accelerometer; autoplay; encrypted-media; gyroscope; picture-in-picture\"> <\/iframe> <\/div>\n<h2>Ocho Nails Gel est\u00e1 disponible en 8 colores:<\/h2>\n<p>\u2022 <strong>ROSA CLARO<\/strong>: un rosa ligeramente lechoso, que ser\u00e1 perfecto para estilizaciones como baby boomer o manicura francesa, pero tambi\u00e9n por s\u00ed solo para uso diario; <br \/>\u2022 <strong>ROSA<\/strong>: un rosa caramelo que se ve muy bien como una manicura completa, pero tambi\u00e9n es una base excelente para otras estilizaciones; <br \/>\u2022 <strong>COVER<\/strong>: un tono nude cubriente, adecuado como manicura natural para el d\u00eda a d\u00eda, garantizando un aspecto bien cuidado de las manos; <br \/>\u2022 <strong>CLEAR<\/strong>: transparente, que permite crear una base adecuada para un mayor peinado, suavizando las curvas de la placa; <br \/>\u2022 <strong>MILK<\/strong>: blanco lechoso, perfecto para estilos sutiles como baby boomer o manicura francesa, pero tambi\u00e9n como manicura cl\u00e1sica de color s\u00f3lido; <br \/>\u2022 <strong>MILK PINK<\/strong>: delicado rosa lechoso, ideal para estilos de aspecto natural, que da a las u\u00f1as un aspecto elegante y fresco; <br \/>\u2022 <strong>GOLD<\/strong>: sutil tono dorado con acabado perlado, que a\u00f1ade brillo y elegancia refinada a tus u\u00f1as; <br \/>\u2022 <strong>ROSA BRILLANTE<\/strong>: rosa con part\u00edculas brillantes que brillan con la luz, perfecto para dise\u00f1os de u\u00f1as especiales.<\/p>\n<p> <p><img src=\"https:\/\/activeshop.com.pl\/media\/wysiwyg\/product\/ocho_gels\/pojemnosc-ocho-nails-zele-30g.jpg\"><\/p> <p><img src=\"https:\/\/activeshop.com.pl\/media\/wysiwyg\/product\/ocho_gels\/pojemnosc-ocho-nails-zele-30g-nowe.jpg\"><\/p> <\/p>\n<h2><strong>\u00bfC\u00f3mo aplicar correctamente el gel en las u\u00f1as?<\/strong><\/h2>\n<p>1. Antes de comenzar el procedimiento, desinfecte bien sus manos y las de la clienta con un l\u00edquido antis\u00e9ptico y prepare el lugar de trabajo como corresponde.<br \/>2. Con una lima con la graduaci\u00f3n adecuada, d\u00e9 a las u\u00f1as la forma deseada, matee suavemente la placa con un bloque de pulido y, si es necesario, prepare las cut\u00edculas.<br \/>3. Enjuague la placa ungueal con un disco de algod\u00f3n empapado en desengrasante. Tambi\u00e9n puede usar una imprimaci\u00f3n. Tambi\u00e9n conviene aplicar una capa base para aumentar la durabilidad y la adhesi\u00f3n, adem\u00e1s de proteger la placa ungueal.<br \/>4. Para extender las u\u00f1as, coloque una plantilla bien preparada, asegur\u00e1ndose de que se adhiera firmemente. A continuaci\u00f3n, aplique el gel y cree la estructura de la u\u00f1a. Cure en la l\u00e1mpara.<br \/>5. Retire la plantilla y aplique el gel sobre la estructura creada, creando un dise\u00f1o. Es importante recordar cuidar la curva en C. Cure el dise\u00f1o en la l\u00e1mpara.<br \/>6. Lave la superficie del gel con un limpiador. A continuaci\u00f3n, use una lima para dar a las u\u00f1as la forma adecuada y alise la superficie de dise\u00f1o con un bloque de pulido.<br \/>7. Aplique la capa superior y cure en la l\u00e1mpara. Si es necesario, limpie todo con un limpiador. Para un mejor cuidado, recomendamos aplicar aceite nutritivo en las cut\u00edculas alrededor de las u\u00f1as.<\/p>\n<p>Los productos Activeshop son proporcionalmente m\u00e1s econ\u00f3micos que muchas otras marcas\/proveedores. El precio est\u00e1 en relaci\u00f3n con la calidad. Ocho Nails Gel Rosa Leche -30 G es por lo tanto una soluci\u00f3n accesible para su sal\u00f3n.<\/p>\n<h2>\u00bfC\u00f3mo se entrega Ocho Nails Gel Rosa Leche -30 G?<\/h2>\n<p>Ocho Nails Gel Rosa Leche -30 G se entrega en embalaje(s) original(es). Dentro de Espa\u00f1a el env\u00edo de Ocho Nails Gel Rosa Leche -30 G es completamente gratuito para pedidos a partir de 100,- euros. Para env\u00edos a otros pa\u00edses se aplican tarifas de env\u00edo separadas. Puede consultar estas tarifas con nosotros o verlas en el carrito de compra. Ocho Nails Gel Rosa Leche -30 G se env\u00eda a trav\u00e9s de un servicio de mensajer\u00eda externo.<\/p>\n<p>Packages or pallets are delivered as standard up to the front door threshold, even if you are located in a collective building, apartment building or apartment complex with a lift (provided the item fits in the lift). No lift available or item does not fit in the lift? Then we deliver up to the threshold of the ground floor.<\/p>\n<p>Do you still have questions about delivery or a special situation? Contact us and we will be happy to help you!<\/p>\n<p>*Items are not unpacked or assembled as standard. In special situations you can contact us to make arrangements.<\/p>\n<h2>Secure online shopping at Salon For All with the Webwinkelkeur seal of quality and SSL encryption.<\/h2>\n<p>Es importante para nosotros que nuestros clientes puedan comprar de forma segura en nuestra tienda online. Estamos afiliados al sello de calidad nacional Webwinkelkeur desde 2019. Nuestra identidad ha sido verificada y comprobada por ellos, y la tienda online ha sido revisada y aprobada legalmente. Adem\u00e1s, nuestra tienda online est\u00e1 afiliada a ellos para la mediaci\u00f3n de conflictos. Puede ver la insignia con toda la informaci\u00f3n de este sello de calidad de tienda online en el lado izquierdo o derecho de la tienda online (bot\u00f3n rosa con blanco). Adem\u00e1s, nuestro sitio est\u00e1 protegido con un certificado SSL para que pueda navegar de forma segura con nosotros. En la barra de su navegador de Internet, donde aparece nuestro sitio web, ver\u00e1 un icono de candado. Si hace clic en el candado, obtendr\u00e1 toda la informaci\u00f3n sobre nuestra seguridad. De esta manera sabe que su pedido de Ocho Nails Gel Rosa Leche -30 G y sus datos personales se procesan de forma segura.<\/p>\n<h2>\u00bfC\u00f3mo puedo pagar Ocho Nails Gel Rosa Leche -30 G?<\/h2>\n<p>We want to make it as easy as possible for you. That's why at Salon For All you can pay with all popular payment methods. Pay in advance, on delivery or afterwards - everything is possible. See here for all the payment methods we offer:<\/p>\n<ul>\n<li>iDEAL<\/li>\n<li>Credit card (Visa, Mastercard, American Express)<\/li>\n<li>Klarna - Payment on delivery with invoice<\/li>\n<li>PayPal<\/li>\n<li>Apple Pay<\/li>\n<li>Google Pay<\/li>\n<li>Bizum (for Spanish customers)<\/li>\n<li>SEPA bank transfer<\/li>\n<li>Bancontact<\/li>\n<li>Commercial invoice for companies<\/li>\n<li>Payment in the showroom - Both card and cash (Only available on collection)<\/li>\n<\/ul>\n<h2>See also reviews of Salon For All<\/h2>\n<p>Consulte tambi\u00e9n nuestras rese\u00f1as para tener en cuenta las experiencias de nuestros clientes actuales en su decisi\u00f3n de pedir Ocho Nails Gel Rosa Leche -30 G con nosotros. A trav\u00e9s de nuestro sello de calidad independiente de tienda online Webwinkelkeur, se recopilan autom\u00e1ticamente rese\u00f1as verificadas de clientes que han completado un pedido con nosotros. Puede encontrarlas detr\u00e1s del bot\u00f3n rosa en nuestra tienda online o aparecen listadas debajo de los productos.<\/p>\n<p>\u00a1Comparta tambi\u00e9n su experiencia despu\u00e9s de su compra con su Ocho Nails Gel Rosa Leche -30 G pedido y su experiencia con el proceso de compra o el contacto con Salon For All para inspirar a otros!<\/p>\n<h2>Contact Salon For All<\/h2>\n<p>Cont\u00e1ctenos entonces. Estaremos encantados de ayudarle con la adquisici\u00f3n de Ocho Nails Gel Rosa Leche -30 G. En d\u00edas laborables estamos mejor disponibles entre las 8.30 y las 17.00 horas a trav\u00e9s del n\u00famero de tel\u00e9fono y direcci\u00f3n de correo electr\u00f3nico en la parte superior de la tienda online o a trav\u00e9s de la funci\u00f3n de chat. Las consultas fuera del horario de oficina suelen responderse en un plazo de 24 horas. Tambi\u00e9n es posible visitarnos fuera de los d\u00edas laborables u horario de oficina. Pero para ello es necesario concertar una cita previa.<\/p>\n<h2>Would you like to visit our showroom?<\/h2>\n<p>\u00bfPrefiere ver Ocho Nails Gel Rosa Leche -30 G o recorrer nuestra oferta de la tienda (online) junto con nuestro colega? Entonces visite nuestro showroom con m\u00e1s de 1000m\u00b2 de equipamiento para salones y d\u00e9jese inspirar por nuestros empleados. Tambi\u00e9n si le gusta conocernos de manera agradable disfrutando de una buena taza de caf\u00e9 o t\u00e9, es muy bienvenido. No tenemos todos los productos en stock, as\u00ed que h\u00e1ganos saber de antemano que desea venir. Concierte siempre una cita previa.<\/p>\n<h2>14 days of reflection and our return policy<\/h2>\n<p>Por supuesto puede ocurrir que Ocho Nails Gel Rosa Leche -30 G entregado no sea completamente de su agrado y desee devolverlo. Eso no es ning\u00fan problema en Salon For All. Debe notificar su devoluci\u00f3n dentro de 14 d\u00edas laborables a trav\u00e9s de info@salonforall.es. Entonces recibir\u00e1 primero todas las instrucciones y condiciones de devoluci\u00f3n. Tenga en cuenta que Ocho Nails Gel Rosa Leche -30 G no debe haber sido usado, debe contener todas las partes suministradas y debe devolverse empaquetado en el embalaje original. Los costos de env\u00edo de una devoluci\u00f3n son siempre a cargo del comprador en compras a trav\u00e9s de www.salonforall.es. Debe organizar usted mismo un transporte con una empresa de transporte de su elecci\u00f3n para una devoluci\u00f3n. Una vez que Ocho Nails Gel Rosa Leche -30 G haya sido devuelto, se verificar\u00e1 su integridad y posibles da\u00f1os. Una vez que la devoluci\u00f3n haya sido aprobada, el importe de la compra se reembolsar\u00e1 dentro de 5 d\u00edas laborables a la cuenta bancaria que tenemos registrada.<\/p>\n<h2>Who is Salon For All?<\/h2>\n<p>Salon For All is THE wholesaler for all salon equipment in Europe. Salon For All started in 2003 under the name Salonvoordeel and grew out of practice. The owners of Salon For All were experienced hairdressers and beauty specialists and have together more than 30 years of practical experience. In 2003 we launched Salonvoordeel.nl (Netherlands) and subsequently Salon For All was founded for the European market. Some of our employees started their own business and so the idea to launch a functional online shop for hairdressers and to help them with the equipment of their salon was born.<\/p>\n<p>Nuestro showroom se encuentra en Dinxperlo, directamente en la frontera entre los Pa\u00edses Bajos y Alemania. Con nuestra amplia experiencia en el sector podemos servirle de espejo y proporcionarle el asesoramiento adecuado. \u00a1Hablamos el mismo idioma! Le asesoramos, inspiramos, motivamos y ayudamos en la adquisici\u00f3n de Ocho Nails Gel Rosa Leche -30 G. Nuestros proveedores se encuentran en toda Europa, desde Alemania, Inglaterra, Italia hasta Polonia.<\/p>","protected":false},"excerpt":{"rendered":"<p>The product Ocho Nails Milk Pink Gel -30 G is a high quality solution for any salon. The estimated delivery time is approximately 6 working days.<\/p>","protected":false},"featured_media":19355,"comment_status":"open","ping_status":"open","template":"","meta":[],"product_brand":[1418],"product_cat":[5038,4843],"product_tag":[3677,4845],"class_list":{"0":"post-19354","1":"product","2":"type-product","3":"status-publish","4":"has-post-thumbnail","6":"product_brand-ocho-nails","7":"product_cat-geles-de-unas-manicura-hibrida-ocho-nails","8":"product_cat-manicura-hibrida-ocho-nails","9":"product_tag-geles-de-unas","10":"product_tag-manicura-hibrida-ocho-nails","11":"pa_codigo-ean-7759","12":"pa_garantia-12-meses","13":"pa_marca-ocho-nails","14":"pa_numero-de-articulo-7063","15":"pa_tiempo-estimado-de-entrega-4-5-dias-laborables","17":"first","18":"instock","19":"sale","20":"taxable","21":"shipping-taxable","22":"purchasable","23":"product-type-simple"},"yoast_head":"<!-- This site is optimized with the Yoast SEO plugin v27.6 - https:\/\/yoast.com\/product\/yoast-seo-wordpress\/ -->\n<title>Ocho Nails Gel Rosa Leche -30 G comprar<\/title>\n<meta name=\"description\" content=\"Compra Ocho Nails Gel Rosa Leche -30 G online o en el showroom en Salon For ALL Espa\u00f1a. El mayorista para salones, consultas y spas en Espa\u00f1a y Portugal.\" \/>\n<meta name=\"robots\" content=\"index, follow, max-snippet:-1, max-image-preview:large, max-video-preview:-1\" \/>\n<link rel=\"canonical\" href=\"https:\/\/salonforall.es\/en\/ocho-nails-gel-rosa-leche-30-g\/\" \/>\n<meta property=\"og:locale\" content=\"en_GB\" \/>\n<meta property=\"og:type\" content=\"article\" \/>\n<meta property=\"og:title\" content=\"Ocho Nails Gel Rosa Leche -30 G\" \/>\n<meta property=\"og:description\" content=\"Compra Ocho Nails Gel Rosa Leche -30 G online o en el showroom en Salon For ALL Espa\u00f1a. El mayorista para salones, consultas y spas en Espa\u00f1a y Portugal.\" \/>\n<meta property=\"og:url\" content=\"https:\/\/salonforall.es\/en\/ocho-nails-gel-rosa-leche-30-g\/\" \/>\n<meta property=\"og:site_name\" content=\"Salon For ALL Espa\u00f1a\" \/>\n<meta property=\"article:modified_time\" content=\"2026-03-24T16:37:52+00:00\" \/>\n<meta property=\"og:image\" content=\"https:\/\/salonforall.es\/wp-content\/uploads\/2025\/12\/Ocho-Nails-Gel-Rosa-Leche-30-G.jpg\" \/>\n\t<meta property=\"og:image:width\" content=\"1200\" \/>\n\t<meta property=\"og:image:height\" content=\"1200\" \/>\n\t<meta property=\"og:image:type\" content=\"image\/jpeg\" \/>\n<meta name=\"twitter:card\" content=\"summary_large_image\" \/>\n<meta name=\"twitter:title\" content=\"Ocho Nails Gel Rosa Leche -30 G\" \/>\n<meta name=\"twitter:label1\" content=\"Estimated reading time\" \/>\n\t<meta name=\"twitter:data1\" content=\"9 minutes\" \/>\n<script type=\"application\/ld+json\" class=\"yoast-schema-graph\">{\"@context\":\"https:\\\/\\\/schema.org\",\"@graph\":[{\"@type\":\"WebPage\",\"@id\":\"https:\\\/\\\/salonforall.es\\\/ocho-nails-gel-rosa-leche-30-g\\\/\",\"url\":\"https:\\\/\\\/salonforall.es\\\/ocho-nails-gel-rosa-leche-30-g\\\/\",\"name\":\"Ocho Nails Gel Rosa Leche -30 G comprar\",\"isPartOf\":{\"@id\":\"https:\\\/\\\/salonforall.es\\\/#website\"},\"primaryImageOfPage\":{\"@id\":\"https:\\\/\\\/salonforall.es\\\/ocho-nails-gel-rosa-leche-30-g\\\/#primaryimage\"},\"image\":{\"@id\":\"https:\\\/\\\/salonforall.es\\\/ocho-nails-gel-rosa-leche-30-g\\\/#primaryimage\"},\"thumbnailUrl\":\"https:\\\/\\\/salonforall.es\\\/wp-content\\\/uploads\\\/2025\\\/12\\\/Ocho-Nails-Gel-Rosa-Leche-30-G.jpg\",\"datePublished\":\"2025-12-02T14:15:54+00:00\",\"dateModified\":\"2026-03-24T16:37:52+00:00\",\"description\":\"Compra Ocho Nails Gel Rosa Leche -30 G online o en el showroom en Salon For ALL Espa\u00f1a. El mayorista para salones, consultas y spas en Espa\u00f1a y Portugal.\",\"breadcrumb\":{\"@id\":\"https:\\\/\\\/salonforall.es\\\/ocho-nails-gel-rosa-leche-30-g\\\/#breadcrumb\"},\"inLanguage\":\"en-GB\",\"potentialAction\":[{\"@type\":\"ReadAction\",\"target\":[\"https:\\\/\\\/salonforall.es\\\/ocho-nails-gel-rosa-leche-30-g\\\/\"]}]},{\"@type\":\"ImageObject\",\"inLanguage\":\"en-GB\",\"@id\":\"https:\\\/\\\/salonforall.es\\\/ocho-nails-gel-rosa-leche-30-g\\\/#primaryimage\",\"url\":\"https:\\\/\\\/salonforall.es\\\/wp-content\\\/uploads\\\/2025\\\/12\\\/Ocho-Nails-Gel-Rosa-Leche-30-G.jpg\",\"contentUrl\":\"https:\\\/\\\/salonforall.es\\\/wp-content\\\/uploads\\\/2025\\\/12\\\/Ocho-Nails-Gel-Rosa-Leche-30-G.jpg\",\"width\":1200,\"height\":1200,\"caption\":\"Ocho Nails Gel Rosa Leche -30 G\"},{\"@type\":\"BreadcrumbList\",\"@id\":\"https:\\\/\\\/salonforall.es\\\/ocho-nails-gel-rosa-leche-30-g\\\/#breadcrumb\",\"itemListElement\":[{\"@type\":\"ListItem\",\"position\":1,\"name\":\"Home\",\"item\":\"https:\\\/\\\/salonforall.es\\\/\"},{\"@type\":\"ListItem\",\"position\":2,\"name\":\"Winkel\",\"item\":\"https:\\\/\\\/salonforall.es\\\/winkel\\\/\"},{\"@type\":\"ListItem\",\"position\":3,\"name\":\"Ocho Nails Gel Rosa Leche -30 G\"}]},{\"@type\":\"WebSite\",\"@id\":\"https:\\\/\\\/salonforall.es\\\/#website\",\"url\":\"https:\\\/\\\/salonforall.es\\\/\",\"name\":\"Salon For ALL Espa\u00f1a\",\"description\":\"Mayorista de mobiliario y suministros para consultorios y salones\",\"publisher\":{\"@id\":\"https:\\\/\\\/salonforall.es\\\/#organization\"},\"potentialAction\":[{\"@type\":\"SearchAction\",\"target\":{\"@type\":\"EntryPoint\",\"urlTemplate\":\"https:\\\/\\\/salonforall.es\\\/?s={search_term_string}\"},\"query-input\":{\"@type\":\"PropertyValueSpecification\",\"valueRequired\":true,\"valueName\":\"search_term_string\"}}],\"inLanguage\":\"en-GB\"},{\"@type\":\"Organization\",\"@id\":\"https:\\\/\\\/salonforall.es\\\/#organization\",\"name\":\"Salon For All B.V. Espa\u00f1a\",\"alternateName\":\"Salon For All B.V. Espa\u00f1a - Mayorista de equipamiento para consultas, salones y suministros\",\"url\":\"https:\\\/\\\/salonforall.es\\\/\",\"logo\":{\"@type\":\"ImageObject\",\"inLanguage\":\"en-GB\",\"@id\":\"https:\\\/\\\/salonforall.es\\\/#\\\/schema\\\/logo\\\/image\\\/\",\"url\":\"https:\\\/\\\/salonforall.es\\\/wp-content\\\/uploads\\\/2025\\\/11\\\/logo-salon-for-all-e1764543185849.png\",\"contentUrl\":\"https:\\\/\\\/salonforall.es\\\/wp-content\\\/uploads\\\/2025\\\/11\\\/logo-salon-for-all-e1764543185849.png\",\"width\":500,\"height\":150,\"caption\":\"Salon For All B.V. Espa\u00f1a\"},\"image\":{\"@id\":\"https:\\\/\\\/salonforall.es\\\/#\\\/schema\\\/logo\\\/image\\\/\"}}]}<\/script>\n<!-- \/ Yoast SEO plugin. -->","yoast_head_json":{"title":"Ocho Nails Gel Rosa Leche -30 G comprar","description":"Compra Ocho Nails Gel Rosa Leche -30 G online o en el showroom en Salon For ALL Espa\u00f1a. El mayorista para salones, consultas y spas en Espa\u00f1a y Portugal.","robots":{"index":"index","follow":"follow","max-snippet":"max-snippet:-1","max-image-preview":"max-image-preview:large","max-video-preview":"max-video-preview:-1"},"canonical":"https:\/\/salonforall.es\/en\/ocho-nails-gel-rosa-leche-30-g\/","og_locale":"en_GB","og_type":"article","og_title":"Ocho Nails Gel Rosa Leche -30 G","og_description":"Compra Ocho Nails Gel Rosa Leche -30 G online o en el showroom en Salon For ALL Espa\u00f1a. El mayorista para salones, consultas y spas en Espa\u00f1a y Portugal.","og_url":"https:\/\/salonforall.es\/en\/ocho-nails-gel-rosa-leche-30-g\/","og_site_name":"Salon For ALL Espa\u00f1a","article_modified_time":"2026-03-24T16:37:52+00:00","og_image":[{"width":1200,"height":1200,"url":"https:\/\/salonforall.es\/wp-content\/uploads\/2025\/12\/Ocho-Nails-Gel-Rosa-Leche-30-G.jpg","type":"image\/jpeg"}],"twitter_card":"summary_large_image","twitter_title":"Ocho Nails Gel Rosa Leche -30 G","twitter_misc":{"Estimated reading time":"9 minutes"},"schema":{"@context":"https:\/\/schema.org","@graph":[{"@type":"WebPage","@id":"https:\/\/salonforall.es\/ocho-nails-gel-rosa-leche-30-g\/","url":"https:\/\/salonforall.es\/ocho-nails-gel-rosa-leche-30-g\/","name":"Ocho Nails Gel Rosa Leche -30 G comprar","isPartOf":{"@id":"https:\/\/salonforall.es\/#website"},"primaryImageOfPage":{"@id":"https:\/\/salonforall.es\/ocho-nails-gel-rosa-leche-30-g\/#primaryimage"},"image":{"@id":"https:\/\/salonforall.es\/ocho-nails-gel-rosa-leche-30-g\/#primaryimage"},"thumbnailUrl":"https:\/\/salonforall.es\/wp-content\/uploads\/2025\/12\/Ocho-Nails-Gel-Rosa-Leche-30-G.jpg","datePublished":"2025-12-02T14:15:54+00:00","dateModified":"2026-03-24T16:37:52+00:00","description":"Compra Ocho Nails Gel Rosa Leche -30 G online o en el showroom en Salon For ALL Espa\u00f1a. El mayorista para salones, consultas y spas en Espa\u00f1a y Portugal.","breadcrumb":{"@id":"https:\/\/salonforall.es\/ocho-nails-gel-rosa-leche-30-g\/#breadcrumb"},"inLanguage":"en-GB","potentialAction":[{"@type":"ReadAction","target":["https:\/\/salonforall.es\/ocho-nails-gel-rosa-leche-30-g\/"]}]},{"@type":"ImageObject","inLanguage":"en-GB","@id":"https:\/\/salonforall.es\/ocho-nails-gel-rosa-leche-30-g\/#primaryimage","url":"https:\/\/salonforall.es\/wp-content\/uploads\/2025\/12\/Ocho-Nails-Gel-Rosa-Leche-30-G.jpg","contentUrl":"https:\/\/salonforall.es\/wp-content\/uploads\/2025\/12\/Ocho-Nails-Gel-Rosa-Leche-30-G.jpg","width":1200,"height":1200,"caption":"Ocho Nails Gel Rosa Leche -30 G"},{"@type":"BreadcrumbList","@id":"https:\/\/salonforall.es\/ocho-nails-gel-rosa-leche-30-g\/#breadcrumb","itemListElement":[{"@type":"ListItem","position":1,"name":"Home","item":"https:\/\/salonforall.es\/"},{"@type":"ListItem","position":2,"name":"Winkel","item":"https:\/\/salonforall.es\/winkel\/"},{"@type":"ListItem","position":3,"name":"Ocho Nails Gel Rosa Leche -30 G"}]},{"@type":"WebSite","@id":"https:\/\/salonforall.es\/#website","url":"https:\/\/salonforall.es\/","name":"Salon For ALL Spain","description":"Wholesaler of salon and practice furniture and supplies","publisher":{"@id":"https:\/\/salonforall.es\/#organization"},"potentialAction":[{"@type":"SearchAction","target":{"@type":"EntryPoint","urlTemplate":"https:\/\/salonforall.es\/?s={search_term_string}"},"query-input":{"@type":"PropertyValueSpecification","valueRequired":true,"valueName":"search_term_string"}}],"inLanguage":"en-GB"},{"@type":"Organization","@id":"https:\/\/salonforall.es\/#organization","name":"Salon For All B.V. Spain","alternateName":"Salon For All B.V. Espa\u00f1a - Mayorista de equipamiento para consultas, salones y suministros","url":"https:\/\/salonforall.es\/","logo":{"@type":"ImageObject","inLanguage":"en-GB","@id":"https:\/\/salonforall.es\/#\/schema\/logo\/image\/","url":"https:\/\/salonforall.es\/wp-content\/uploads\/2025\/11\/logo-salon-for-all-e1764543185849.png","contentUrl":"https:\/\/salonforall.es\/wp-content\/uploads\/2025\/11\/logo-salon-for-all-e1764543185849.png","width":500,"height":150,"caption":"Salon For All B.V. Espa\u00f1a"},"image":{"@id":"https:\/\/salonforall.es\/#\/schema\/logo\/image\/"}}]}},"_links":{"self":[{"href":"https:\/\/salonforall.es\/en\/wp-json\/wp\/v2\/product\/19354","targetHints":{"allow":["GET"]}}],"collection":[{"href":"https:\/\/salonforall.es\/en\/wp-json\/wp\/v2\/product"}],"about":[{"href":"https:\/\/salonforall.es\/en\/wp-json\/wp\/v2\/types\/product"}],"replies":[{"embeddable":true,"href":"https:\/\/salonforall.es\/en\/wp-json\/wp\/v2\/comments?post=19354"}],"wp:featuredmedia":[{"embeddable":true,"href":"https:\/\/salonforall.es\/en\/wp-json\/wp\/v2\/media\/19355"}],"wp:attachment":[{"href":"https:\/\/salonforall.es\/en\/wp-json\/wp\/v2\/media?parent=19354"}],"wp:term":[{"taxonomy":"product_brand","embeddable":true,"href":"https:\/\/salonforall.es\/en\/wp-json\/wp\/v2\/product_brand?post=19354"},{"taxonomy":"product_cat","embeddable":true,"href":"https:\/\/salonforall.es\/en\/wp-json\/wp\/v2\/product_cat?post=19354"},{"taxonomy":"product_tag","embeddable":true,"href":"https:\/\/salonforall.es\/en\/wp-json\/wp\/v2\/product_tag?post=19354"}],"curies":[{"name":"wp","href":"https:\/\/api.w.org\/{rel}","templated":true}]}}