{"id":19216,"date":"2025-12-02T15:14:34","date_gmt":"2025-12-02T14:14:34","guid":{"rendered":"https:\/\/salonforall.es\/product\/cortapelos-inalambrico-codos-chc-618-barber-master\/"},"modified":"2026-01-29T19:00:23","modified_gmt":"2026-01-29T18:00:23","slug":"cortapelos-inalambrico-codos-chc-618-barber-master","status":"publish","type":"product","link":"https:\/\/salonforall.es\/en\/cortapelos-inalambrico-codos-chc-618-barber-master\/","title":{"rendered":"Cordless Elbows Hair Clippers Chc-618 Barber Master"},"content":{"rendered":"<h2>Informaci\u00f3n sobre Cortapelos Inal\u00e1mbrico Codos Chc-618 Barber Master con n\u00famero de art\u00edculo 148172<\/h2>\n<p><img decoding=\"async\" src=\"https:\/\/activeshop.com.pl\/media\/wysiwyg\/product\/148172\/EN_148172_1.jpg\"><\/p>\n<p>The brand <strong>Codos<\/strong> ofrece cortapelos, cuchillas y accesorios pr\u00e1cticos. Se centra en modelos inal\u00e1mbricos, elegantes y pr\u00e1cticos, que garantizan una gran libertad y facilidad de uso.<\/p>\n<p><img decoding=\"async\" src=\"https:\/\/activeshop.com.pl\/media\/wysiwyg\/product\/148172\/EN_148172_2.jpg\"><\/p>\n<h2>Cortapelos pr\u00e1ctico<\/h2>\n<p><strong>El cortapelos inal\u00e1mbrico Codos CHC-618 BARBER MASTER<\/strong> combina comodidad de uso con alta eficiencia, permitiendo crear el peinado perfecto de forma f\u00e1cil y precisa. Gracias a su forma ergon\u00f3mica y dise\u00f1o ligero, el dispositivo es excepcionalmente pr\u00e1ctico, ideal tanto para peluquer\u00edas profesionales como para uso dom\u00e9stico. Gracias a su eficiente bater\u00eda de iones de litio, ofrece hasta 3,5 horas de uso continuo, m\u00e1xima comodidad y sin necesidad de cables.<\/p>\n<p><img decoding=\"async\" src=\"https:\/\/activeshop.com.pl\/media\/wysiwyg\/product\/148172\/EN_148172_3.jpg\"><\/p>\n<h2>Funcionalidades para un uso sencillo<\/h2>\n<p>La cuchilla fija con revestimiento de titanio garantiza una durabilidad, precisi\u00f3n y suavidad excepcionales, minimizando el riesgo de irritaci\u00f3n de la piel. El cortapelos est\u00e1 equipado con un mecanismo avanzado que permite un control preciso de la longitud de corte, adapt\u00e1ndose a las necesidades de cada usuario. El kit incluye un juego de diez accesorios con forma de peine que permiten cortar longitudes de 1,5 mm a 25 mm. Adem\u00e1s, el dispositivo ofrece una regulaci\u00f3n de la velocidad de la cuchilla en dos etapas (6000 rpm y 7000 rpm), lo que garantiza un rendimiento \u00f3ptimo en cada corte.<\/p>\n<p><img decoding=\"async\" src=\"https:\/\/activeshop.com.pl\/media\/wysiwyg\/product\/148172\/EN_148172_4.jpg\"><\/p>\n<h2>M\u00e9todo de ajuste innovador<\/h2>\n<p>La cortadora est\u00e1 equipada con un innovador sistema de ajuste de la longitud de corte mediante una llave reguladora. La palanca ergon\u00f3mica permite ajustar con precisi\u00f3n una de cinco longitudes: 1,0 mm, 1,2 mm, 1,4 mm, 1,6 mm y 1,8 mm. Esta soluci\u00f3n <strong>garantiza un control total sobre el peinado<\/strong> y permite lograr resultados perfectos en cada corte.<\/p>\n<p><img decoding=\"async\" src=\"https:\/\/activeshop.com.pl\/media\/wysiwyg\/product\/148172\/EN_148172_5.jpg\"><\/p>\n<h2>Comodidad de trabajo sin cables limitados<\/h2>\n<p>La cortadora se distingue por un motor potente y duradero, y su <strong>bater\u00eda se carga en tan solo 3 horas<\/strong>, proporcionando hasta 210 minutos de trabajo efectivo. La eficiente bater\u00eda de iones de litio de 2200 mAh <strong>garantiza m\u00e1s de 3 horas de funcionamiento ininterrumpido<\/strong>, proporcionando libertad de movimiento y comodidad de uso. El dise\u00f1o inal\u00e1mbrico elimina el problema de los cables enredados, lo que <strong>facilita significativamente un corte de pelo preciso<\/strong>. El dispositivo cuenta con protecci\u00f3n contra sobrecarga y sobredescarga, lo que <strong>aumenta la seguridad y durabilidad<\/strong> del equipo. Adem\u00e1s, la pantalla clara muestra el nivel de carga y la velocidad configurada, lo que permite controlar constantemente el estado del dispositivo.<\/p>\n<p><img decoding=\"async\" src=\"https:\/\/activeshop.com.pl\/media\/wysiwyg\/product\/148172\/EN_148172_6.jpg\"><\/p>\n<h2>Dise\u00f1o elegante de la cortadora de pelo<\/h2>\n<p>Esta cortadora, con su <strong>forma moderna y ergon\u00f3mica<\/strong>, est\u00e1 fabricada en pl\u00e1stico mate en tonos titanio, lo que garantiza su durabilidad y facilita su limpieza. El panel elegante y pulido aporta elegancia al dispositivo, y el control deslizante y la palanca, ubicados intuitivamente y perfectamente adaptados a la posici\u00f3n natural de los dedos, garantizan comodidad de uso. La carcasa perfilada no solo realza la est\u00e9tica de la cortadora, sino que tambi\u00e9n proporciona un agarre seguro, minimizando el riesgo de que el dispositivo se resbale en la mano y permitiendo un corte de pelo preciso.<\/p>\n<p><img decoding=\"async\" src=\"https:\/\/activeshop.com.pl\/media\/wysiwyg\/product\/148172\/EN_148172_7.jpg\"><\/p>\n<p><strong>It includes:<\/strong> cortadora, cargador, juego de accesorios (de 1,5 mm a 25 mm), cepillo de limpieza, botella de aceite de mantenimiento.<\/p>\n<p><strong>Detalles:<\/strong><br \/>Color: tonos de titanio<br \/>Housing material: plastic<br \/>Ancho de la cuchilla: 4,5 cm<br \/>Tiempo de carga completa: 3 h<br \/>Tiempo de funcionamiento despu\u00e9s de la carga completa: 210 min (3,5 h)<br \/>Potencia: 7 W<br \/>Voltage: 100-240 V<br \/>Bater\u00eda recargable: iones de litio<br \/>Capacidad de la bater\u00eda: 2200 mAh<\/p>\n<div class=\"video-container\"> <iframe height=\"315\" src=\"https:\/\/www.youtube.com\/embed\/X76_KwPyZ0w\" frameborder=\"0\" width=\"560\" allowfullscreen allow=\"accelerometer; autoplay; encrypted-media; gyroscope; picture-in-picture\"> <\/iframe> <\/div>\n<p>Los productos Activeshop son proporcionalmente m\u00e1s econ\u00f3micos que muchas otras marcas\/proveedores. El precio est\u00e1 en relaci\u00f3n con la calidad. Cortapelos Inal\u00e1mbrico Codos Chc-618 Barber Master es por lo tanto una soluci\u00f3n accesible para su sal\u00f3n.<\/p>\n<h2>\u00bfC\u00f3mo se entrega Cortapelos Inal\u00e1mbrico Codos Chc-618 Barber Master?<\/h2>\n<p>Cortapelos Inal\u00e1mbrico Codos Chc-618 Barber Master se entrega en embalaje(s) original(es). Dentro de Espa\u00f1a el env\u00edo de Cortapelos Inal\u00e1mbrico Codos Chc-618 Barber Master es completamente gratuito para pedidos a partir de 100,- euros. Para env\u00edos a otros pa\u00edses se aplican tarifas de env\u00edo separadas. Puede consultar estas tarifas con nosotros o verlas en el carrito de compra. Cortapelos Inal\u00e1mbrico Codos Chc-618 Barber Master se env\u00eda a trav\u00e9s de un servicio de mensajer\u00eda externo.<\/p>\n<p>Packages or pallets are delivered as standard up to the front door threshold, even if you are located in a collective building, apartment building or apartment complex with a lift (provided the item fits in the lift). No lift available or item does not fit in the lift? Then we deliver up to the threshold of the ground floor.<\/p>\n<p>Do you still have questions about delivery or a special situation? Contact us and we will be happy to help you!<\/p>\n<p>*Items are not unpacked or assembled as standard. In special situations you can contact us to make arrangements.<\/p>\n<h2>Secure online shopping at Salon For All with the Webwinkelkeur seal of quality and SSL encryption.<\/h2>\n<p>Es importante para nosotros que nuestros clientes puedan comprar de forma segura en nuestra tienda online. Estamos afiliados al sello de calidad nacional Webwinkelkeur desde 2019. Nuestra identidad ha sido verificada y comprobada por ellos, y la tienda online ha sido revisada y aprobada legalmente. Adem\u00e1s, nuestra tienda online est\u00e1 afiliada a ellos para la mediaci\u00f3n de conflictos. Puede ver la insignia con toda la informaci\u00f3n de este sello de calidad de tienda online en el lado izquierdo o derecho de la tienda online (bot\u00f3n rosa con blanco). Adem\u00e1s, nuestro sitio est\u00e1 protegido con un certificado SSL para que pueda navegar de forma segura con nosotros. En la barra de su navegador de Internet, donde aparece nuestro sitio web, ver\u00e1 un icono de candado. Si hace clic en el candado, obtendr\u00e1 toda la informaci\u00f3n sobre nuestra seguridad. De esta manera sabe que su pedido de Cortapelos Inal\u00e1mbrico Codos Chc-618 Barber Master y sus datos personales se procesan de forma segura.<\/p>\n<h2>\u00bfC\u00f3mo puedo pagar Cortapelos Inal\u00e1mbrico Codos Chc-618 Barber Master?<\/h2>\n<p>We want to make it as easy as possible for you. That's why at Salon For All you can pay with all popular payment methods. Pay in advance, on delivery or afterwards - everything is possible. See here for all the payment methods we offer:<\/p>\n<ul>\n<li>iDEAL<\/li>\n<li>Credit card (Visa, Mastercard, American Express)<\/li>\n<li>Klarna - Payment on delivery with invoice<\/li>\n<li>PayPal<\/li>\n<li>Apple Pay<\/li>\n<li>Google Pay<\/li>\n<li>Bizum (for Spanish customers)<\/li>\n<li>SEPA bank transfer<\/li>\n<li>Bancontact<\/li>\n<li>Commercial invoice for companies<\/li>\n<li>Payment in the showroom - Both card and cash (Only available on collection)<\/li>\n<\/ul>\n<h2>See also reviews of Salon For All<\/h2>\n<p>Consulte tambi\u00e9n nuestras rese\u00f1as para tener en cuenta las experiencias de nuestros clientes actuales en su decisi\u00f3n de pedir Cortapelos Inal\u00e1mbrico Codos Chc-618 Barber Master con nosotros. A trav\u00e9s de nuestro sello de calidad independiente de tienda online Webwinkelkeur, se recopilan autom\u00e1ticamente rese\u00f1as verificadas de clientes que han completado un pedido con nosotros. Puede encontrarlas detr\u00e1s del bot\u00f3n rosa en nuestra tienda online o aparecen listadas debajo de los productos.<\/p>\n<p>\u00a1Comparta tambi\u00e9n su experiencia despu\u00e9s de su compra con su Cortapelos Inal\u00e1mbrico Codos Chc-618 Barber Master pedido y su experiencia con el proceso de compra o el contacto con Salon For All para inspirar a otros!<\/p>\n<h2>Contact Salon For All<\/h2>\n<p>Cont\u00e1ctenos entonces. Estaremos encantados de ayudarle con la adquisici\u00f3n de Cortapelos Inal\u00e1mbrico Codos Chc-618 Barber Master. En d\u00edas laborables estamos mejor disponibles entre las 8.30 y las 17.00 horas a trav\u00e9s del n\u00famero de tel\u00e9fono y direcci\u00f3n de correo electr\u00f3nico en la parte superior de la tienda online o a trav\u00e9s de la funci\u00f3n de chat. Las consultas fuera del horario de oficina suelen responderse en un plazo de 24 horas. Tambi\u00e9n es posible visitarnos fuera de los d\u00edas laborables u horario de oficina. Pero para ello es necesario concertar una cita previa.<\/p>\n<h2>Would you like to visit our showroom?<\/h2>\n<p>\u00bfPrefiere ver Cortapelos Inal\u00e1mbrico Codos Chc-618 Barber Master o recorrer nuestra oferta de la tienda (online) junto con nuestro colega? Entonces visite nuestro showroom con m\u00e1s de 1000m\u00b2 de equipamiento para salones y d\u00e9jese inspirar por nuestros empleados. Tambi\u00e9n si le gusta conocernos de manera agradable disfrutando de una buena taza de caf\u00e9 o t\u00e9, es muy bienvenido. No tenemos todos los productos en stock, as\u00ed que h\u00e1ganos saber de antemano que desea venir. Concierte siempre una cita previa.<\/p>\n<h2>14 days of reflection and our return policy<\/h2>\n<p>Por supuesto puede ocurrir que Cortapelos Inal\u00e1mbrico Codos Chc-618 Barber Master entregado no sea completamente de su agrado y desee devolverlo. Eso no es ning\u00fan problema en Salon For All. Debe notificar su devoluci\u00f3n dentro de 14 d\u00edas laborables a trav\u00e9s de info@salonforall.es. Entonces recibir\u00e1 primero todas las instrucciones y condiciones de devoluci\u00f3n. Tenga en cuenta que Cortapelos Inal\u00e1mbrico Codos Chc-618 Barber Master no debe haber sido usado, debe contener todas las partes suministradas y debe devolverse empaquetado en el embalaje original. Los costos de env\u00edo de una devoluci\u00f3n son siempre a cargo del comprador en compras a trav\u00e9s de www.salonforall.es. Debe organizar usted mismo un transporte con una empresa de transporte de su elecci\u00f3n para una devoluci\u00f3n. Una vez que Cortapelos Inal\u00e1mbrico Codos Chc-618 Barber Master haya sido devuelto, se verificar\u00e1 su integridad y posibles da\u00f1os. Una vez que la devoluci\u00f3n haya sido aprobada, el importe de la compra se reembolsar\u00e1 dentro de 5 d\u00edas laborables a la cuenta bancaria que tenemos registrada.<\/p>\n<h2>Who is Salon For All?<\/h2>\n<p>Salon For All is THE wholesaler for all salon equipment in Europe. Salon For All started in 2003 under the name Salonvoordeel and grew out of practice. The owners of Salon For All were experienced hairdressers and beauty specialists and have together more than 30 years of practical experience. In 2003 we launched Salonvoordeel.nl (Netherlands) and subsequently Salon For All was founded for the European market. Some of our employees started their own business and so the idea to launch a functional online shop for hairdressers and to help them with the equipment of their salon was born.<\/p>\n<p>Nuestro showroom se encuentra en Dinxperlo, directamente en la frontera entre los Pa\u00edses Bajos y Alemania. Con nuestra amplia experiencia en el sector podemos servirle de espejo y proporcionarle el asesoramiento adecuado. \u00a1Hablamos el mismo idioma! Le asesoramos, inspiramos, motivamos y ayudamos en la adquisici\u00f3n de Cortapelos Inal\u00e1mbrico Codos Chc-618 Barber Master. Nuestros proveedores se encuentran en toda Europa, desde Alemania, Inglaterra, Italia hasta Polonia.<\/p>","protected":false},"excerpt":{"rendered":"<p>The Barber Master Chc-618 Cordless Elbow Hair Trimmer is a high quality solution for any salon. Estimated delivery time is approximately 6 working days.<\/p>","protected":false},"featured_media":19217,"comment_status":"open","ping_status":"open","template":"","meta":[],"product_brand":[1595],"product_cat":[96,1596],"product_tag":[100,1597],"class_list":{"0":"post-19216","1":"product","2":"type-product","3":"status-publish","4":"has-post-thumbnail","6":"product_brand-codos","7":"product_cat-equipamiento-de-peluqueria","8":"product_cat-maquinillas-cortapelos","9":"product_tag-equipamiento-de-peluqueria","10":"product_tag-maquinillas-cortapelos","11":"pa_codigo-ean-7774","12":"pa_garantia-12-meses","13":"pa_marca-codos","14":"pa_numero-de-articulo-7017","15":"pa_tiempo-estimado-de-entrega-4-5-dias-laborables","17":"first","18":"instock","19":"sale","20":"taxable","21":"shipping-taxable","22":"purchasable","23":"product-type-simple"},"yoast_head":"<!-- This site is optimized with the Yoast SEO plugin v27.6 - https:\/\/yoast.com\/product\/yoast-seo-wordpress\/ -->\n<title>Cortapelos Inal\u00e1mbrico Codos Chc-618 Barber Master comprar<\/title>\n<meta name=\"description\" content=\"Compra Cortapelos Inal\u00e1mbrico Codos Chc-618 Barber Master online o en el showroom en Salon For ALL Espa\u00f1a. El mayorista para salones, consultas y spas en Espa\u00f1a y Portugal.\" \/>\n<meta name=\"robots\" content=\"index, follow, max-snippet:-1, max-image-preview:large, max-video-preview:-1\" \/>\n<link rel=\"canonical\" href=\"https:\/\/salonforall.es\/en\/cortapelos-inalambrico-codos-chc-618-barber-master\/\" \/>\n<meta property=\"og:locale\" content=\"en_GB\" \/>\n<meta property=\"og:type\" content=\"article\" \/>\n<meta property=\"og:title\" content=\"Cortapelos Inal\u00e1mbrico Codos Chc-618 Barber Master\" \/>\n<meta property=\"og:description\" content=\"Compra Cortapelos Inal\u00e1mbrico Codos Chc-618 Barber Master online o en el showroom en Salon For ALL Espa\u00f1a. El mayorista para salones, consultas y spas en Espa\u00f1a y Portugal.\" \/>\n<meta property=\"og:url\" content=\"https:\/\/salonforall.es\/en\/cortapelos-inalambrico-codos-chc-618-barber-master\/\" \/>\n<meta property=\"og:site_name\" content=\"Salon For ALL Espa\u00f1a\" \/>\n<meta property=\"article:modified_time\" content=\"2026-01-29T18:00:23+00:00\" \/>\n<meta property=\"og:image\" content=\"https:\/\/salonforall.es\/wp-content\/uploads\/2025\/12\/Cortapelos-Inalambrico-Codos-Chc-618-Barber-Master.jpg\" \/>\n\t<meta property=\"og:image:width\" content=\"1200\" \/>\n\t<meta property=\"og:image:height\" content=\"1200\" \/>\n\t<meta property=\"og:image:type\" content=\"image\/jpeg\" \/>\n<meta name=\"twitter:card\" content=\"summary_large_image\" \/>\n<meta name=\"twitter:title\" content=\"Cortapelos Inal\u00e1mbrico Codos Chc-618 Barber Master\" \/>\n<meta name=\"twitter:label1\" content=\"Estimated reading time\" \/>\n\t<meta name=\"twitter:data1\" content=\"9 minutes\" \/>\n<script type=\"application\/ld+json\" class=\"yoast-schema-graph\">{\"@context\":\"https:\\\/\\\/schema.org\",\"@graph\":[{\"@type\":\"WebPage\",\"@id\":\"https:\\\/\\\/salonforall.es\\\/cortapelos-inalambrico-codos-chc-618-barber-master\\\/\",\"url\":\"https:\\\/\\\/salonforall.es\\\/cortapelos-inalambrico-codos-chc-618-barber-master\\\/\",\"name\":\"Cortapelos Inal\u00e1mbrico Codos Chc-618 Barber Master comprar\",\"isPartOf\":{\"@id\":\"https:\\\/\\\/salonforall.es\\\/#website\"},\"primaryImageOfPage\":{\"@id\":\"https:\\\/\\\/salonforall.es\\\/cortapelos-inalambrico-codos-chc-618-barber-master\\\/#primaryimage\"},\"image\":{\"@id\":\"https:\\\/\\\/salonforall.es\\\/cortapelos-inalambrico-codos-chc-618-barber-master\\\/#primaryimage\"},\"thumbnailUrl\":\"https:\\\/\\\/salonforall.es\\\/wp-content\\\/uploads\\\/2025\\\/12\\\/Cortapelos-Inalambrico-Codos-Chc-618-Barber-Master.jpg\",\"datePublished\":\"2025-12-02T14:14:34+00:00\",\"dateModified\":\"2026-01-29T18:00:23+00:00\",\"description\":\"Compra Cortapelos Inal\u00e1mbrico Codos Chc-618 Barber Master online o en el showroom en Salon For ALL Espa\u00f1a. El mayorista para salones, consultas y spas en Espa\u00f1a y Portugal.\",\"breadcrumb\":{\"@id\":\"https:\\\/\\\/salonforall.es\\\/cortapelos-inalambrico-codos-chc-618-barber-master\\\/#breadcrumb\"},\"inLanguage\":\"en-GB\",\"potentialAction\":[{\"@type\":\"ReadAction\",\"target\":[\"https:\\\/\\\/salonforall.es\\\/cortapelos-inalambrico-codos-chc-618-barber-master\\\/\"]}]},{\"@type\":\"ImageObject\",\"inLanguage\":\"en-GB\",\"@id\":\"https:\\\/\\\/salonforall.es\\\/cortapelos-inalambrico-codos-chc-618-barber-master\\\/#primaryimage\",\"url\":\"https:\\\/\\\/salonforall.es\\\/wp-content\\\/uploads\\\/2025\\\/12\\\/Cortapelos-Inalambrico-Codos-Chc-618-Barber-Master.jpg\",\"contentUrl\":\"https:\\\/\\\/salonforall.es\\\/wp-content\\\/uploads\\\/2025\\\/12\\\/Cortapelos-Inalambrico-Codos-Chc-618-Barber-Master.jpg\",\"width\":1200,\"height\":1200,\"caption\":\"Cortapelos Inal\u00e1mbrico Codos Chc-618 Barber Master\"},{\"@type\":\"BreadcrumbList\",\"@id\":\"https:\\\/\\\/salonforall.es\\\/cortapelos-inalambrico-codos-chc-618-barber-master\\\/#breadcrumb\",\"itemListElement\":[{\"@type\":\"ListItem\",\"position\":1,\"name\":\"Home\",\"item\":\"https:\\\/\\\/salonforall.es\\\/\"},{\"@type\":\"ListItem\",\"position\":2,\"name\":\"Winkel\",\"item\":\"https:\\\/\\\/salonforall.es\\\/winkel\\\/\"},{\"@type\":\"ListItem\",\"position\":3,\"name\":\"Cortapelos Inal\u00e1mbrico Codos Chc-618 Barber Master\"}]},{\"@type\":\"WebSite\",\"@id\":\"https:\\\/\\\/salonforall.es\\\/#website\",\"url\":\"https:\\\/\\\/salonforall.es\\\/\",\"name\":\"Salon For ALL Espa\u00f1a\",\"description\":\"Mayorista de mobiliario y suministros para consultorios y salones\",\"publisher\":{\"@id\":\"https:\\\/\\\/salonforall.es\\\/#organization\"},\"potentialAction\":[{\"@type\":\"SearchAction\",\"target\":{\"@type\":\"EntryPoint\",\"urlTemplate\":\"https:\\\/\\\/salonforall.es\\\/?s={search_term_string}\"},\"query-input\":{\"@type\":\"PropertyValueSpecification\",\"valueRequired\":true,\"valueName\":\"search_term_string\"}}],\"inLanguage\":\"en-GB\"},{\"@type\":\"Organization\",\"@id\":\"https:\\\/\\\/salonforall.es\\\/#organization\",\"name\":\"Salon For All B.V. Espa\u00f1a\",\"alternateName\":\"Salon For All B.V. Espa\u00f1a - Mayorista de equipamiento para consultas, salones y suministros\",\"url\":\"https:\\\/\\\/salonforall.es\\\/\",\"logo\":{\"@type\":\"ImageObject\",\"inLanguage\":\"en-GB\",\"@id\":\"https:\\\/\\\/salonforall.es\\\/#\\\/schema\\\/logo\\\/image\\\/\",\"url\":\"https:\\\/\\\/salonforall.es\\\/wp-content\\\/uploads\\\/2025\\\/11\\\/logo-salon-for-all-e1764543185849.png\",\"contentUrl\":\"https:\\\/\\\/salonforall.es\\\/wp-content\\\/uploads\\\/2025\\\/11\\\/logo-salon-for-all-e1764543185849.png\",\"width\":500,\"height\":150,\"caption\":\"Salon For All B.V. Espa\u00f1a\"},\"image\":{\"@id\":\"https:\\\/\\\/salonforall.es\\\/#\\\/schema\\\/logo\\\/image\\\/\"}}]}<\/script>\n<!-- \/ Yoast SEO plugin. -->","yoast_head_json":{"title":"Cortapelos Inal\u00e1mbrico Codos Chc-618 Barber Master comprar","description":"Compra Cortapelos Inal\u00e1mbrico Codos Chc-618 Barber Master online o en el showroom en Salon For ALL Espa\u00f1a. El mayorista para salones, consultas y spas en Espa\u00f1a y Portugal.","robots":{"index":"index","follow":"follow","max-snippet":"max-snippet:-1","max-image-preview":"max-image-preview:large","max-video-preview":"max-video-preview:-1"},"canonical":"https:\/\/salonforall.es\/en\/cortapelos-inalambrico-codos-chc-618-barber-master\/","og_locale":"en_GB","og_type":"article","og_title":"Cortapelos Inal\u00e1mbrico Codos Chc-618 Barber Master","og_description":"Compra Cortapelos Inal\u00e1mbrico Codos Chc-618 Barber Master online o en el showroom en Salon For ALL Espa\u00f1a. El mayorista para salones, consultas y spas en Espa\u00f1a y Portugal.","og_url":"https:\/\/salonforall.es\/en\/cortapelos-inalambrico-codos-chc-618-barber-master\/","og_site_name":"Salon For ALL Espa\u00f1a","article_modified_time":"2026-01-29T18:00:23+00:00","og_image":[{"width":1200,"height":1200,"url":"https:\/\/salonforall.es\/wp-content\/uploads\/2025\/12\/Cortapelos-Inalambrico-Codos-Chc-618-Barber-Master.jpg","type":"image\/jpeg"}],"twitter_card":"summary_large_image","twitter_title":"Cortapelos Inal\u00e1mbrico Codos Chc-618 Barber Master","twitter_misc":{"Estimated reading time":"9 minutes"},"schema":{"@context":"https:\/\/schema.org","@graph":[{"@type":"WebPage","@id":"https:\/\/salonforall.es\/cortapelos-inalambrico-codos-chc-618-barber-master\/","url":"https:\/\/salonforall.es\/cortapelos-inalambrico-codos-chc-618-barber-master\/","name":"Cortapelos Inal\u00e1mbrico Codos Chc-618 Barber Master comprar","isPartOf":{"@id":"https:\/\/salonforall.es\/#website"},"primaryImageOfPage":{"@id":"https:\/\/salonforall.es\/cortapelos-inalambrico-codos-chc-618-barber-master\/#primaryimage"},"image":{"@id":"https:\/\/salonforall.es\/cortapelos-inalambrico-codos-chc-618-barber-master\/#primaryimage"},"thumbnailUrl":"https:\/\/salonforall.es\/wp-content\/uploads\/2025\/12\/Cortapelos-Inalambrico-Codos-Chc-618-Barber-Master.jpg","datePublished":"2025-12-02T14:14:34+00:00","dateModified":"2026-01-29T18:00:23+00:00","description":"Compra Cortapelos Inal\u00e1mbrico Codos Chc-618 Barber Master online o en el showroom en Salon For ALL Espa\u00f1a. El mayorista para salones, consultas y spas en Espa\u00f1a y Portugal.","breadcrumb":{"@id":"https:\/\/salonforall.es\/cortapelos-inalambrico-codos-chc-618-barber-master\/#breadcrumb"},"inLanguage":"en-GB","potentialAction":[{"@type":"ReadAction","target":["https:\/\/salonforall.es\/cortapelos-inalambrico-codos-chc-618-barber-master\/"]}]},{"@type":"ImageObject","inLanguage":"en-GB","@id":"https:\/\/salonforall.es\/cortapelos-inalambrico-codos-chc-618-barber-master\/#primaryimage","url":"https:\/\/salonforall.es\/wp-content\/uploads\/2025\/12\/Cortapelos-Inalambrico-Codos-Chc-618-Barber-Master.jpg","contentUrl":"https:\/\/salonforall.es\/wp-content\/uploads\/2025\/12\/Cortapelos-Inalambrico-Codos-Chc-618-Barber-Master.jpg","width":1200,"height":1200,"caption":"Cortapelos Inal\u00e1mbrico Codos Chc-618 Barber Master"},{"@type":"BreadcrumbList","@id":"https:\/\/salonforall.es\/cortapelos-inalambrico-codos-chc-618-barber-master\/#breadcrumb","itemListElement":[{"@type":"ListItem","position":1,"name":"Home","item":"https:\/\/salonforall.es\/"},{"@type":"ListItem","position":2,"name":"Winkel","item":"https:\/\/salonforall.es\/winkel\/"},{"@type":"ListItem","position":3,"name":"Cortapelos Inal\u00e1mbrico Codos Chc-618 Barber Master"}]},{"@type":"WebSite","@id":"https:\/\/salonforall.es\/#website","url":"https:\/\/salonforall.es\/","name":"Salon For ALL Spain","description":"Wholesaler of salon and practice furniture and supplies","publisher":{"@id":"https:\/\/salonforall.es\/#organization"},"potentialAction":[{"@type":"SearchAction","target":{"@type":"EntryPoint","urlTemplate":"https:\/\/salonforall.es\/?s={search_term_string}"},"query-input":{"@type":"PropertyValueSpecification","valueRequired":true,"valueName":"search_term_string"}}],"inLanguage":"en-GB"},{"@type":"Organization","@id":"https:\/\/salonforall.es\/#organization","name":"Salon For All B.V. Spain","alternateName":"Salon For All B.V. Espa\u00f1a - Mayorista de equipamiento para consultas, salones y suministros","url":"https:\/\/salonforall.es\/","logo":{"@type":"ImageObject","inLanguage":"en-GB","@id":"https:\/\/salonforall.es\/#\/schema\/logo\/image\/","url":"https:\/\/salonforall.es\/wp-content\/uploads\/2025\/11\/logo-salon-for-all-e1764543185849.png","contentUrl":"https:\/\/salonforall.es\/wp-content\/uploads\/2025\/11\/logo-salon-for-all-e1764543185849.png","width":500,"height":150,"caption":"Salon For All B.V. Espa\u00f1a"},"image":{"@id":"https:\/\/salonforall.es\/#\/schema\/logo\/image\/"}}]}},"_links":{"self":[{"href":"https:\/\/salonforall.es\/en\/wp-json\/wp\/v2\/product\/19216","targetHints":{"allow":["GET"]}}],"collection":[{"href":"https:\/\/salonforall.es\/en\/wp-json\/wp\/v2\/product"}],"about":[{"href":"https:\/\/salonforall.es\/en\/wp-json\/wp\/v2\/types\/product"}],"replies":[{"embeddable":true,"href":"https:\/\/salonforall.es\/en\/wp-json\/wp\/v2\/comments?post=19216"}],"wp:featuredmedia":[{"embeddable":true,"href":"https:\/\/salonforall.es\/en\/wp-json\/wp\/v2\/media\/19217"}],"wp:attachment":[{"href":"https:\/\/salonforall.es\/en\/wp-json\/wp\/v2\/media?parent=19216"}],"wp:term":[{"taxonomy":"product_brand","embeddable":true,"href":"https:\/\/salonforall.es\/en\/wp-json\/wp\/v2\/product_brand?post=19216"},{"taxonomy":"product_cat","embeddable":true,"href":"https:\/\/salonforall.es\/en\/wp-json\/wp\/v2\/product_cat?post=19216"},{"taxonomy":"product_tag","embeddable":true,"href":"https:\/\/salonforall.es\/en\/wp-json\/wp\/v2\/product_tag?post=19216"}],"curies":[{"name":"wp","href":"https:\/\/api.w.org\/{rel}","templated":true}]}}