{"id":19005,"date":"2025-12-02T15:12:37","date_gmt":"2025-12-02T14:12:37","guid":{"rendered":"https:\/\/salonforall.es\/product\/pezuna-metalica-de-exportacion-nghia-p-12\/"},"modified":"2026-03-24T17:36:56","modified_gmt":"2026-03-24T16:36:56","slug":"pezuna-metalica-de-exportacion-nghia-p-12","status":"publish","type":"product","link":"https:\/\/salonforall.es\/en\/pezuna-metalica-de-exportacion-nghia-p-12\/","title":{"rendered":"Nghia P-12 Export Metal Hoof Nghia P-12"},"content":{"rendered":"<h2>Informaci\u00f3n sobre Pezu\u00f1a Met\u00e1lica De Exportaci\u00f3n Nghia P-12 con n\u00famero de art\u00edculo 150241<\/h2>\n<p><strong>NGHIA<\/strong> offers stainless steel products, including professional manicure tools, which significantly improve the daily lives of customers in the beauty sector. The brand's goal is to effectively meet the needs of consumers by offering products of the highest quality.<\/p>\n<p><img decoding=\"async\" src=\"https:\/\/activeshop.com.pl\/media\/wysiwyg\/product\/150241\/EN_150241_1.jpg\"><\/p>\n<h2>Practical nail tool<\/h2>\n<p><strong>El casco multifuncional de doble cara NGHIA P-12<\/strong> es una herramienta excelente que demostrar\u00e1 su eficacia durante los tratamientos de manicura y pedicura. Entre las funciones m\u00e1s importantes de esta herramienta universal, se encuentra la posibilidad de empujar las cut\u00edculas hacia atr\u00e1s o eliminar restos de u\u00f1as pintadas previamente.<\/p>\n<h2>How to use the cuticle helper?<\/h2>\n<p>El ayudante para cut\u00edculas tiene dos puntas funcionales con diferentes formas, que se pueden usar seg\u00fan sea necesario.<br \/>&#8211; La esp\u00e1tula estrecha y redondeada es perfecta para empujar las cut\u00edculas hacia atr\u00e1s. Su peque\u00f1o tama\u00f1o tambi\u00e9n permite llegar a las zonas m\u00e1s dif\u00edciles. La punta perfilada est\u00e1 pulida para retirar la cut\u00edcula eficazmente sin da\u00f1ar la placa ungueal.<br \/>&#8211; El cortador, por otro lado, elimina perfectamente las cut\u00edculas de los laterales de la u\u00f1a. El buen perfil facilita un trabajo eficiente y preciso.<\/p>\n<p><img decoding=\"async\" src=\"https:\/\/activeshop.com.pl\/media\/wysiwyg\/product\/150241\/EN_150241_2.jpg\"><\/p>\n<h2>Funcional y est\u00e9tico<\/h2>\n<p><strong>The grooving on the surface of the handle<\/strong> proporciona un agarre seguro y estable, evitando que la herramienta se resbale durante el trabajo de precisi\u00f3n. El dise\u00f1o est\u00e9tico del pico para cascos, con atenci\u00f3n al detalle, le da a la herramienta una apariencia profesional que se adapta perfectamente a los est\u00e1ndares de las cirug\u00edas modernas. La herramienta est\u00e1 fabricada en acero inoxidable de alta calidad, lo que la hace duradera, resistente a da\u00f1os y f\u00e1cil de limpiar. Se puede esterilizar en autoclave, lo que la convierte en la opci\u00f3n ideal para usos repetidos en entornos profesionales.<\/p>\n<div class=\"video-container\"> <iframe height=\"315\" src=\"https:\/\/www.youtube.com\/embed\/g5g6QTZVrdE\" frameborder=\"0\" width=\"560\" allowfullscreen allow=\"accelerometer; autoplay; encrypted-media; gyroscope; picture-in-picture\"> <\/iframe> <\/div>\n<p>Ancho de la hoja: 7 mm<br \/>Ancho de la hoja: 13 mm<br \/>Longitud total: 13,5 cm<\/p>\n<p>Los productos Activeshop son proporcionalmente m\u00e1s econ\u00f3micos que muchas otras marcas\/proveedores. El precio est\u00e1 en relaci\u00f3n con la calidad. Pezu\u00f1a Met\u00e1lica De Exportaci\u00f3n Nghia P-12 es por lo tanto una soluci\u00f3n accesible para su sal\u00f3n.<\/p>\n<h2>\u00bfC\u00f3mo se entrega Pezu\u00f1a Met\u00e1lica De Exportaci\u00f3n Nghia P-12?<\/h2>\n<p>Pezu\u00f1a Met\u00e1lica De Exportaci\u00f3n Nghia P-12 se entrega en embalaje(s) original(es). Dentro de Espa\u00f1a el env\u00edo de Pezu\u00f1a Met\u00e1lica De Exportaci\u00f3n Nghia P-12 es completamente gratuito para pedidos a partir de 100,- euros. Para env\u00edos a otros pa\u00edses se aplican tarifas de env\u00edo separadas. Puede consultar estas tarifas con nosotros o verlas en el carrito de compra. Pezu\u00f1a Met\u00e1lica De Exportaci\u00f3n Nghia P-12 se env\u00eda a trav\u00e9s de un servicio de mensajer\u00eda externo.<\/p>\n<p>Packages or pallets are delivered as standard up to the front door threshold, even if you are located in a collective building, apartment building or apartment complex with a lift (provided the item fits in the lift). No lift available or item does not fit in the lift? Then we deliver up to the threshold of the ground floor.<\/p>\n<p>Do you still have questions about delivery or a special situation? Contact us and we will be happy to help you!<\/p>\n<p>*Items are not unpacked or assembled as standard. In special situations you can contact us to make arrangements.<\/p>\n<h2>Secure online shopping at Salon For All with the Webwinkelkeur seal of quality and SSL encryption.<\/h2>\n<p>Es importante para nosotros que nuestros clientes puedan comprar de forma segura en nuestra tienda online. Estamos afiliados al sello de calidad nacional Webwinkelkeur desde 2019. Nuestra identidad ha sido verificada y comprobada por ellos, y la tienda online ha sido revisada y aprobada legalmente. Adem\u00e1s, nuestra tienda online est\u00e1 afiliada a ellos para la mediaci\u00f3n de conflictos. Puede ver la insignia con toda la informaci\u00f3n de este sello de calidad de tienda online en el lado izquierdo o derecho de la tienda online (bot\u00f3n rosa con blanco). Adem\u00e1s, nuestro sitio est\u00e1 protegido con un certificado SSL para que pueda navegar de forma segura con nosotros. En la barra de su navegador de Internet, donde aparece nuestro sitio web, ver\u00e1 un icono de candado. Si hace clic en el candado, obtendr\u00e1 toda la informaci\u00f3n sobre nuestra seguridad. De esta manera sabe que su pedido de Pezu\u00f1a Met\u00e1lica De Exportaci\u00f3n Nghia P-12 y sus datos personales se procesan de forma segura.<\/p>\n<h2>\u00bfC\u00f3mo puedo pagar Pezu\u00f1a Met\u00e1lica De Exportaci\u00f3n Nghia P-12?<\/h2>\n<p>We want to make it as easy as possible for you. That's why at Salon For All you can pay with all popular payment methods. Pay in advance, on delivery or afterwards - everything is possible. See here for all the payment methods we offer:<\/p>\n<ul>\n<li>iDEAL<\/li>\n<li>Credit card (Visa, Mastercard, American Express)<\/li>\n<li>Klarna - Payment on delivery with invoice<\/li>\n<li>PayPal<\/li>\n<li>Apple Pay<\/li>\n<li>Google Pay<\/li>\n<li>Bizum (for Spanish customers)<\/li>\n<li>SEPA bank transfer<\/li>\n<li>Bancontact<\/li>\n<li>Commercial invoice for companies<\/li>\n<li>Payment in the showroom - Both card and cash (Only available on collection)<\/li>\n<\/ul>\n<h2>See also reviews of Salon For All<\/h2>\n<p>Consulte tambi\u00e9n nuestras rese\u00f1as para tener en cuenta las experiencias de nuestros clientes actuales en su decisi\u00f3n de pedir Pezu\u00f1a Met\u00e1lica De Exportaci\u00f3n Nghia P-12 con nosotros. A trav\u00e9s de nuestro sello de calidad independiente de tienda online Webwinkelkeur, se recopilan autom\u00e1ticamente rese\u00f1as verificadas de clientes que han completado un pedido con nosotros. Puede encontrarlas detr\u00e1s del bot\u00f3n rosa en nuestra tienda online o aparecen listadas debajo de los productos.<\/p>\n<p>\u00a1Comparta tambi\u00e9n su experiencia despu\u00e9s de su compra con su Pezu\u00f1a Met\u00e1lica De Exportaci\u00f3n Nghia P-12 pedido y su experiencia con el proceso de compra o el contacto con Salon For All para inspirar a otros!<\/p>\n<h2>Contact Salon For All<\/h2>\n<p>Cont\u00e1ctenos entonces. Estaremos encantados de ayudarle con la adquisici\u00f3n de Pezu\u00f1a Met\u00e1lica De Exportaci\u00f3n Nghia P-12. En d\u00edas laborables estamos mejor disponibles entre las 8.30 y las 17.00 horas a trav\u00e9s del n\u00famero de tel\u00e9fono y direcci\u00f3n de correo electr\u00f3nico en la parte superior de la tienda online o a trav\u00e9s de la funci\u00f3n de chat. Las consultas fuera del horario de oficina suelen responderse en un plazo de 24 horas. Tambi\u00e9n es posible visitarnos fuera de los d\u00edas laborables u horario de oficina. Pero para ello es necesario concertar una cita previa.<\/p>\n<h2>Would you like to visit our showroom?<\/h2>\n<p>\u00bfPrefiere ver Pezu\u00f1a Met\u00e1lica De Exportaci\u00f3n Nghia P-12 o recorrer nuestra oferta de la tienda (online) junto con nuestro colega? Entonces visite nuestro showroom con m\u00e1s de 1000m\u00b2 de equipamiento para salones y d\u00e9jese inspirar por nuestros empleados. Tambi\u00e9n si le gusta conocernos de manera agradable disfrutando de una buena taza de caf\u00e9 o t\u00e9, es muy bienvenido. No tenemos todos los productos en stock, as\u00ed que h\u00e1ganos saber de antemano que desea venir. Concierte siempre una cita previa.<\/p>\n<h2>14 days of reflection and our return policy<\/h2>\n<p>Por supuesto puede ocurrir que Pezu\u00f1a Met\u00e1lica De Exportaci\u00f3n Nghia P-12 entregado no sea completamente de su agrado y desee devolverlo. Eso no es ning\u00fan problema en Salon For All. Debe notificar su devoluci\u00f3n dentro de 14 d\u00edas laborables a trav\u00e9s de info@salonforall.es. Entonces recibir\u00e1 primero todas las instrucciones y condiciones de devoluci\u00f3n. Tenga en cuenta que Pezu\u00f1a Met\u00e1lica De Exportaci\u00f3n Nghia P-12 no debe haber sido usado, debe contener todas las partes suministradas y debe devolverse empaquetado en el embalaje original. Los costos de env\u00edo de una devoluci\u00f3n son siempre a cargo del comprador en compras a trav\u00e9s de www.salonforall.es. Debe organizar usted mismo un transporte con una empresa de transporte de su elecci\u00f3n para una devoluci\u00f3n. Una vez que Pezu\u00f1a Met\u00e1lica De Exportaci\u00f3n Nghia P-12 haya sido devuelto, se verificar\u00e1 su integridad y posibles da\u00f1os. Una vez que la devoluci\u00f3n haya sido aprobada, el importe de la compra se reembolsar\u00e1 dentro de 5 d\u00edas laborables a la cuenta bancaria que tenemos registrada.<\/p>\n<h2>Who is Salon For All?<\/h2>\n<p>Salon For All is THE wholesaler for all salon equipment in Europe. Salon For All started in 2003 under the name Salonvoordeel and grew out of practice. The owners of Salon For All were experienced hairdressers and beauty specialists and have together more than 30 years of practical experience. In 2003 we launched Salonvoordeel.nl (Netherlands) and subsequently Salon For All was founded for the European market. Some of our employees started their own business and so the idea to launch a functional online shop for hairdressers and to help them with the equipment of their salon was born.<\/p>\n<p>Nuestro showroom se encuentra en Dinxperlo, directamente en la frontera entre los Pa\u00edses Bajos y Alemania. Con nuestra amplia experiencia en el sector podemos servirle de espejo y proporcionarle el asesoramiento adecuado. \u00a1Hablamos el mismo idioma! Le asesoramos, inspiramos, motivamos y ayudamos en la adquisici\u00f3n de Pezu\u00f1a Met\u00e1lica De Exportaci\u00f3n Nghia P-12. Nuestros proveedores se encuentran en toda Europa, desde Alemania, Inglaterra, Italia hasta Polonia.<\/p>","protected":false},"excerpt":{"rendered":"<p>The product Nghia P-12 Export Metal Hoof is a high quality solution for any salon. The estimated delivery time is approximately 6 working days.<\/p>","protected":false},"featured_media":19006,"comment_status":"open","ping_status":"open","template":"","meta":[],"product_brand":[160],"product_cat":[162,163,161],"product_tag":[165,166,164],"class_list":{"0":"post-19005","1":"product","2":"type-product","3":"status-publish","4":"has-post-thumbnail","6":"product_brand-nghia","7":"product_cat-herramientas-y-accesorios","8":"product_cat-nghia","9":"product_cat-podologia","10":"product_tag-herramientas-y-accesorios","11":"product_tag-nghia","12":"product_tag-podologia","13":"pa_codigo-ean-7764","14":"pa_garantia-12-meses","15":"pa_marca-nghia","16":"pa_numero-de-articulo-6944","17":"pa_tiempo-estimado-de-entrega-4-5-dias-laborables","19":"first","20":"instock","21":"sale","22":"taxable","23":"shipping-taxable","24":"purchasable","25":"product-type-simple"},"yoast_head":"<!-- This site is optimized with the Yoast SEO plugin v27.6 - https:\/\/yoast.com\/product\/yoast-seo-wordpress\/ -->\n<title>Pezu\u00f1a Met\u00e1lica De Exportaci\u00f3n Nghia P-12 comprar<\/title>\n<meta name=\"description\" content=\"Compra Pezu\u00f1a Met\u00e1lica De Exportaci\u00f3n Nghia P-12 online o en el showroom en Salon For ALL Espa\u00f1a. El mayorista para salones, consultas y spas en Espa\u00f1a y Portugal.\" \/>\n<meta name=\"robots\" content=\"index, follow, max-snippet:-1, max-image-preview:large, max-video-preview:-1\" \/>\n<link rel=\"canonical\" href=\"https:\/\/salonforall.es\/en\/pezuna-metalica-de-exportacion-nghia-p-12\/\" \/>\n<meta property=\"og:locale\" content=\"en_GB\" \/>\n<meta property=\"og:type\" content=\"article\" \/>\n<meta property=\"og:title\" content=\"Pezu\u00f1a Met\u00e1lica De Exportaci\u00f3n Nghia P-12\" \/>\n<meta property=\"og:description\" content=\"Compra Pezu\u00f1a Met\u00e1lica De Exportaci\u00f3n Nghia P-12 online o en el showroom en Salon For ALL Espa\u00f1a. El mayorista para salones, consultas y spas en Espa\u00f1a y Portugal.\" \/>\n<meta property=\"og:url\" content=\"https:\/\/salonforall.es\/en\/pezuna-metalica-de-exportacion-nghia-p-12\/\" \/>\n<meta property=\"og:site_name\" content=\"Salon For ALL Espa\u00f1a\" \/>\n<meta property=\"article:modified_time\" content=\"2026-03-24T16:36:56+00:00\" \/>\n<meta property=\"og:image\" content=\"https:\/\/salonforall.es\/wp-content\/uploads\/2025\/12\/Pezuna-Metalica-De-Exportacion-Nghia-P-12.jpg\" \/>\n\t<meta property=\"og:image:width\" content=\"1200\" \/>\n\t<meta property=\"og:image:height\" content=\"1200\" \/>\n\t<meta property=\"og:image:type\" content=\"image\/jpeg\" \/>\n<meta name=\"twitter:card\" content=\"summary_large_image\" \/>\n<meta name=\"twitter:title\" content=\"Pezu\u00f1a Met\u00e1lica De Exportaci\u00f3n Nghia P-12\" \/>\n<meta name=\"twitter:label1\" content=\"Estimated reading time\" \/>\n\t<meta name=\"twitter:data1\" content=\"8 minutes\" \/>\n<script type=\"application\/ld+json\" class=\"yoast-schema-graph\">{\"@context\":\"https:\\\/\\\/schema.org\",\"@graph\":[{\"@type\":\"WebPage\",\"@id\":\"https:\\\/\\\/salonforall.es\\\/pezuna-metalica-de-exportacion-nghia-p-12\\\/\",\"url\":\"https:\\\/\\\/salonforall.es\\\/pezuna-metalica-de-exportacion-nghia-p-12\\\/\",\"name\":\"Pezu\u00f1a Met\u00e1lica De Exportaci\u00f3n Nghia P-12 comprar\",\"isPartOf\":{\"@id\":\"https:\\\/\\\/salonforall.es\\\/#website\"},\"primaryImageOfPage\":{\"@id\":\"https:\\\/\\\/salonforall.es\\\/pezuna-metalica-de-exportacion-nghia-p-12\\\/#primaryimage\"},\"image\":{\"@id\":\"https:\\\/\\\/salonforall.es\\\/pezuna-metalica-de-exportacion-nghia-p-12\\\/#primaryimage\"},\"thumbnailUrl\":\"https:\\\/\\\/salonforall.es\\\/wp-content\\\/uploads\\\/2025\\\/12\\\/Pezuna-Metalica-De-Exportacion-Nghia-P-12.jpg\",\"datePublished\":\"2025-12-02T14:12:37+00:00\",\"dateModified\":\"2026-03-24T16:36:56+00:00\",\"description\":\"Compra Pezu\u00f1a Met\u00e1lica De Exportaci\u00f3n Nghia P-12 online o en el showroom en Salon For ALL Espa\u00f1a. El mayorista para salones, consultas y spas en Espa\u00f1a y Portugal.\",\"breadcrumb\":{\"@id\":\"https:\\\/\\\/salonforall.es\\\/pezuna-metalica-de-exportacion-nghia-p-12\\\/#breadcrumb\"},\"inLanguage\":\"en-GB\",\"potentialAction\":[{\"@type\":\"ReadAction\",\"target\":[\"https:\\\/\\\/salonforall.es\\\/pezuna-metalica-de-exportacion-nghia-p-12\\\/\"]}]},{\"@type\":\"ImageObject\",\"inLanguage\":\"en-GB\",\"@id\":\"https:\\\/\\\/salonforall.es\\\/pezuna-metalica-de-exportacion-nghia-p-12\\\/#primaryimage\",\"url\":\"https:\\\/\\\/salonforall.es\\\/wp-content\\\/uploads\\\/2025\\\/12\\\/Pezuna-Metalica-De-Exportacion-Nghia-P-12.jpg\",\"contentUrl\":\"https:\\\/\\\/salonforall.es\\\/wp-content\\\/uploads\\\/2025\\\/12\\\/Pezuna-Metalica-De-Exportacion-Nghia-P-12.jpg\",\"width\":1200,\"height\":1200,\"caption\":\"Pezu\u00f1a Met\u00e1lica De Exportaci\u00f3n Nghia P-12\"},{\"@type\":\"BreadcrumbList\",\"@id\":\"https:\\\/\\\/salonforall.es\\\/pezuna-metalica-de-exportacion-nghia-p-12\\\/#breadcrumb\",\"itemListElement\":[{\"@type\":\"ListItem\",\"position\":1,\"name\":\"Home\",\"item\":\"https:\\\/\\\/salonforall.es\\\/\"},{\"@type\":\"ListItem\",\"position\":2,\"name\":\"Winkel\",\"item\":\"https:\\\/\\\/salonforall.es\\\/winkel\\\/\"},{\"@type\":\"ListItem\",\"position\":3,\"name\":\"Pezu\u00f1a Met\u00e1lica De Exportaci\u00f3n Nghia P-12\"}]},{\"@type\":\"WebSite\",\"@id\":\"https:\\\/\\\/salonforall.es\\\/#website\",\"url\":\"https:\\\/\\\/salonforall.es\\\/\",\"name\":\"Salon For ALL Espa\u00f1a\",\"description\":\"Mayorista de mobiliario y suministros para consultorios y salones\",\"publisher\":{\"@id\":\"https:\\\/\\\/salonforall.es\\\/#organization\"},\"potentialAction\":[{\"@type\":\"SearchAction\",\"target\":{\"@type\":\"EntryPoint\",\"urlTemplate\":\"https:\\\/\\\/salonforall.es\\\/?s={search_term_string}\"},\"query-input\":{\"@type\":\"PropertyValueSpecification\",\"valueRequired\":true,\"valueName\":\"search_term_string\"}}],\"inLanguage\":\"en-GB\"},{\"@type\":\"Organization\",\"@id\":\"https:\\\/\\\/salonforall.es\\\/#organization\",\"name\":\"Salon For All B.V. Espa\u00f1a\",\"alternateName\":\"Salon For All B.V. Espa\u00f1a - Mayorista de equipamiento para consultas, salones y suministros\",\"url\":\"https:\\\/\\\/salonforall.es\\\/\",\"logo\":{\"@type\":\"ImageObject\",\"inLanguage\":\"en-GB\",\"@id\":\"https:\\\/\\\/salonforall.es\\\/#\\\/schema\\\/logo\\\/image\\\/\",\"url\":\"https:\\\/\\\/salonforall.es\\\/wp-content\\\/uploads\\\/2025\\\/11\\\/logo-salon-for-all-e1764543185849.png\",\"contentUrl\":\"https:\\\/\\\/salonforall.es\\\/wp-content\\\/uploads\\\/2025\\\/11\\\/logo-salon-for-all-e1764543185849.png\",\"width\":500,\"height\":150,\"caption\":\"Salon For All B.V. Espa\u00f1a\"},\"image\":{\"@id\":\"https:\\\/\\\/salonforall.es\\\/#\\\/schema\\\/logo\\\/image\\\/\"}}]}<\/script>\n<!-- \/ Yoast SEO plugin. -->","yoast_head_json":{"title":"Pezu\u00f1a Met\u00e1lica De Exportaci\u00f3n Nghia P-12 comprar","description":"Compra Pezu\u00f1a Met\u00e1lica De Exportaci\u00f3n Nghia P-12 online o en el showroom en Salon For ALL Espa\u00f1a. El mayorista para salones, consultas y spas en Espa\u00f1a y Portugal.","robots":{"index":"index","follow":"follow","max-snippet":"max-snippet:-1","max-image-preview":"max-image-preview:large","max-video-preview":"max-video-preview:-1"},"canonical":"https:\/\/salonforall.es\/en\/pezuna-metalica-de-exportacion-nghia-p-12\/","og_locale":"en_GB","og_type":"article","og_title":"Pezu\u00f1a Met\u00e1lica De Exportaci\u00f3n Nghia P-12","og_description":"Compra Pezu\u00f1a Met\u00e1lica De Exportaci\u00f3n Nghia P-12 online o en el showroom en Salon For ALL Espa\u00f1a. El mayorista para salones, consultas y spas en Espa\u00f1a y Portugal.","og_url":"https:\/\/salonforall.es\/en\/pezuna-metalica-de-exportacion-nghia-p-12\/","og_site_name":"Salon For ALL Espa\u00f1a","article_modified_time":"2026-03-24T16:36:56+00:00","og_image":[{"width":1200,"height":1200,"url":"https:\/\/salonforall.es\/wp-content\/uploads\/2025\/12\/Pezuna-Metalica-De-Exportacion-Nghia-P-12.jpg","type":"image\/jpeg"}],"twitter_card":"summary_large_image","twitter_title":"Pezu\u00f1a Met\u00e1lica De Exportaci\u00f3n Nghia P-12","twitter_misc":{"Estimated reading time":"8 minutes"},"schema":{"@context":"https:\/\/schema.org","@graph":[{"@type":"WebPage","@id":"https:\/\/salonforall.es\/pezuna-metalica-de-exportacion-nghia-p-12\/","url":"https:\/\/salonforall.es\/pezuna-metalica-de-exportacion-nghia-p-12\/","name":"Pezu\u00f1a Met\u00e1lica De Exportaci\u00f3n Nghia P-12 comprar","isPartOf":{"@id":"https:\/\/salonforall.es\/#website"},"primaryImageOfPage":{"@id":"https:\/\/salonforall.es\/pezuna-metalica-de-exportacion-nghia-p-12\/#primaryimage"},"image":{"@id":"https:\/\/salonforall.es\/pezuna-metalica-de-exportacion-nghia-p-12\/#primaryimage"},"thumbnailUrl":"https:\/\/salonforall.es\/wp-content\/uploads\/2025\/12\/Pezuna-Metalica-De-Exportacion-Nghia-P-12.jpg","datePublished":"2025-12-02T14:12:37+00:00","dateModified":"2026-03-24T16:36:56+00:00","description":"Compra Pezu\u00f1a Met\u00e1lica De Exportaci\u00f3n Nghia P-12 online o en el showroom en Salon For ALL Espa\u00f1a. El mayorista para salones, consultas y spas en Espa\u00f1a y Portugal.","breadcrumb":{"@id":"https:\/\/salonforall.es\/pezuna-metalica-de-exportacion-nghia-p-12\/#breadcrumb"},"inLanguage":"en-GB","potentialAction":[{"@type":"ReadAction","target":["https:\/\/salonforall.es\/pezuna-metalica-de-exportacion-nghia-p-12\/"]}]},{"@type":"ImageObject","inLanguage":"en-GB","@id":"https:\/\/salonforall.es\/pezuna-metalica-de-exportacion-nghia-p-12\/#primaryimage","url":"https:\/\/salonforall.es\/wp-content\/uploads\/2025\/12\/Pezuna-Metalica-De-Exportacion-Nghia-P-12.jpg","contentUrl":"https:\/\/salonforall.es\/wp-content\/uploads\/2025\/12\/Pezuna-Metalica-De-Exportacion-Nghia-P-12.jpg","width":1200,"height":1200,"caption":"Pezu\u00f1a Met\u00e1lica De Exportaci\u00f3n Nghia P-12"},{"@type":"BreadcrumbList","@id":"https:\/\/salonforall.es\/pezuna-metalica-de-exportacion-nghia-p-12\/#breadcrumb","itemListElement":[{"@type":"ListItem","position":1,"name":"Home","item":"https:\/\/salonforall.es\/"},{"@type":"ListItem","position":2,"name":"Winkel","item":"https:\/\/salonforall.es\/winkel\/"},{"@type":"ListItem","position":3,"name":"Pezu\u00f1a Met\u00e1lica De Exportaci\u00f3n Nghia P-12"}]},{"@type":"WebSite","@id":"https:\/\/salonforall.es\/#website","url":"https:\/\/salonforall.es\/","name":"Salon For ALL Spain","description":"Wholesaler of salon and practice furniture and supplies","publisher":{"@id":"https:\/\/salonforall.es\/#organization"},"potentialAction":[{"@type":"SearchAction","target":{"@type":"EntryPoint","urlTemplate":"https:\/\/salonforall.es\/?s={search_term_string}"},"query-input":{"@type":"PropertyValueSpecification","valueRequired":true,"valueName":"search_term_string"}}],"inLanguage":"en-GB"},{"@type":"Organization","@id":"https:\/\/salonforall.es\/#organization","name":"Salon For All B.V. Spain","alternateName":"Salon For All B.V. Espa\u00f1a - Mayorista de equipamiento para consultas, salones y suministros","url":"https:\/\/salonforall.es\/","logo":{"@type":"ImageObject","inLanguage":"en-GB","@id":"https:\/\/salonforall.es\/#\/schema\/logo\/image\/","url":"https:\/\/salonforall.es\/wp-content\/uploads\/2025\/11\/logo-salon-for-all-e1764543185849.png","contentUrl":"https:\/\/salonforall.es\/wp-content\/uploads\/2025\/11\/logo-salon-for-all-e1764543185849.png","width":500,"height":150,"caption":"Salon For All B.V. Espa\u00f1a"},"image":{"@id":"https:\/\/salonforall.es\/#\/schema\/logo\/image\/"}}]}},"_links":{"self":[{"href":"https:\/\/salonforall.es\/en\/wp-json\/wp\/v2\/product\/19005","targetHints":{"allow":["GET"]}}],"collection":[{"href":"https:\/\/salonforall.es\/en\/wp-json\/wp\/v2\/product"}],"about":[{"href":"https:\/\/salonforall.es\/en\/wp-json\/wp\/v2\/types\/product"}],"replies":[{"embeddable":true,"href":"https:\/\/salonforall.es\/en\/wp-json\/wp\/v2\/comments?post=19005"}],"wp:featuredmedia":[{"embeddable":true,"href":"https:\/\/salonforall.es\/en\/wp-json\/wp\/v2\/media\/19006"}],"wp:attachment":[{"href":"https:\/\/salonforall.es\/en\/wp-json\/wp\/v2\/media?parent=19005"}],"wp:term":[{"taxonomy":"product_brand","embeddable":true,"href":"https:\/\/salonforall.es\/en\/wp-json\/wp\/v2\/product_brand?post=19005"},{"taxonomy":"product_cat","embeddable":true,"href":"https:\/\/salonforall.es\/en\/wp-json\/wp\/v2\/product_cat?post=19005"},{"taxonomy":"product_tag","embeddable":true,"href":"https:\/\/salonforall.es\/en\/wp-json\/wp\/v2\/product_tag?post=19005"}],"curies":[{"name":"wp","href":"https:\/\/api.w.org\/{rel}","templated":true}]}}