{"id":18945,"date":"2025-12-02T15:11:39","date_gmt":"2025-12-02T14:11:39","guid":{"rendered":"https:\/\/salonforall.es\/product\/pinza-para-unas-nghia-export-nl-206-11mm\/"},"modified":"2026-03-24T17:36:41","modified_gmt":"2026-03-24T16:36:41","slug":"clamp-for-a-nghia-export-nl-206-11mm","status":"publish","type":"product","link":"https:\/\/salonforall.es\/en\/pinza-para-unas-nghia-export-nl-206-11mm\/","title":{"rendered":"Nghia Export Nail Clamp Nl.206 11Mm"},"content":{"rendered":"<h2>Information about Nghia Export Nail Clamp Nl.206 11Mm with article number 150214<\/h2>\n<p><strong>NGHIA<\/strong> offers stainless steel products, including professional manicure tools, which significantly improve the daily lives of customers in the beauty sector. The brand's goal is to effectively meet the needs of consumers by offering products of the highest quality.<\/p>\n<p><img decoding=\"async\" src=\"https:\/\/activeshop.com.pl\/media\/wysiwyg\/product\/150214\/EN_150214_1.jpg\"><\/p>\n<h2>Precision tool<\/h2>\n<p><strong>The professional pliers NGHIA Export NL.206<\/strong> is made of high quality stainless steel, which makes it <strong>highly resistant to damage and wear<\/strong>. Perfect for manicures and pedicures, especially for shortening nails. The nippers are suitable for autoclave sterilisation. Solutions for greater working comfort. A double spring connects the arms of the nippers, guaranteeing an excellent feel and precise cutting. Carefully designed for comfortable, quiet and smooth operation. The shape and size of the arms ensure a firm grip, guaranteeing total comfort of use. The polished finish gives them an elegant look, and the passivated surface makes them more resistant and easier to clean. This makes them the ideal tool for both professionals and those who enjoy nail care at home.<\/p>\n<p><img decoding=\"async\" src=\"https:\/\/activeshop.com.pl\/media\/wysiwyg\/product\/150214\/EN_150214_2.jpg\"><\/p>\n<h2>Perfectly shaped leaves<\/h2>\n<p><strong>11 mm long blades<\/strong> are perfect for complex manicures. Their distinctive bevelled profile and ideal size make it easy to perform complex manicures. The jaws of the tweezers are joined using the Lap Joint method so that they make perfect contact during use, ensuring a precise cut. The tweezers have a matching blade guard made of durable plastic.<\/p>\n<h2>Maintenance:<\/h2>\n<p>- After use, remove cuticles, dust and nail residues with acetone;<br \/>- Immerse the tool in disinfectant liquid;<br \/>- Lubricate the inside of the blade with machine oil;<br \/>- Fit a cover to protect the tool from splinters;<br \/>- Never place the clamps with the blade facing downwards;<br \/>- Always store them in a horizontal position.<br \/><strong>Caution:<\/strong> Store in a dry and safe place. Keep out of reach of children.<\/p>\n<p><strong>Data:<\/strong><br \/>Blade length: 11 mm<br \/>Total length of pliers: 11,5 cm<br \/>Material: stainless steel<\/p>\n<p>Activeshop products are proportionally cheaper than many other brands\/suppliers. The price is in relation to the quality. Nghia Export Nl.206 11Mm Nail Clamp is therefore an affordable solution for your salon.<\/p>\n<h2>How is Nghia Export Nail Clamp Nl.206 11Mm delivered?<\/h2>\n<p>Nghia Export Nail Clamp Nl.206 11Mm is delivered in the original packaging(s). Within Spain the shipping of Nghia Export Nail Clamp Nl.206 11Mm is completely free of charge for orders over 100,- Euro. For shipments to other countries separate shipping rates apply. You can check these rates with us or view them in the shopping cart. Nghia Export Nail Clamp Nl.206 11Mm is shipped via an external courier service.<\/p>\n<p>Packages or pallets are delivered as standard up to the front door threshold, even if you are located in a collective building, apartment building or apartment complex with a lift (provided the item fits in the lift). No lift available or item does not fit in the lift? Then we deliver up to the threshold of the ground floor.<\/p>\n<p>Do you still have questions about delivery or a special situation? Contact us and we will be happy to help you!<\/p>\n<p>*Items are not unpacked or assembled as standard. In special situations you can contact us to make arrangements.<\/p>\n<h2>Secure online shopping at Salon For All with the Webwinkelkeur seal of quality and SSL encryption.<\/h2>\n<p>It is important to us that our customers can shop safely in our online shop. We have been affiliated with the national quality seal Webwinkelkeur since 2019. Our identity has been verified and checked by them, and the online shop has been checked and legally approved. Furthermore, our online shop is affiliated with them for conflict mediation. You can see the logo with all the information of this online shop quality seal on the left or right side of the online shop (pink button with white). In addition, our site is protected with an SSL certificate so that you can surf securely with us. In the bar of your Internet browser, where our website appears, you will see a padlock icon. If you click on the padlock, you will get all the information about our security. This way you know that your order for Nghia Export Nl.206 11Mm Nail Clamp and your personal data are processed securely.<\/p>\n<h2>How can I pay for Nghia Export Nail Clamp Nl.206 11Mm?<\/h2>\n<p>We want to make it as easy as possible for you. That's why at Salon For All you can pay with all popular payment methods. Pay in advance, on delivery or afterwards - everything is possible. See here for all the payment methods we offer:<\/p>\n<ul>\n<li>iDEAL<\/li>\n<li>Credit card (Visa, Mastercard, American Express)<\/li>\n<li>Klarna - Payment on delivery with invoice<\/li>\n<li>PayPal<\/li>\n<li>Apple Pay<\/li>\n<li>Google Pay<\/li>\n<li>Bizum (for Spanish customers)<\/li>\n<li>SEPA bank transfer<\/li>\n<li>Bancontact<\/li>\n<li>Commercial invoice for companies<\/li>\n<li>Payment in the showroom - Both card and cash (Only available on collection)<\/li>\n<\/ul>\n<h2>See also reviews of Salon For All<\/h2>\n<p>Please also refer to our reviews to take into account the experiences of our existing customers in your decision to order Nghia Export Nl.206 11Mm Nail Clamp with us. Through our independent online shop quality seal Webwinkelkeur, verified reviews are automatically collected from customers who have completed an order with us. You can find them behind the pink button in our online shop or they are listed below the products.<\/p>\n<p>Please also share your experience after shopping with your Nghia Export Nl.206 11Mm Nail Clamp order and your experience with the purchase process or contacting Salon For All to inspire others!<\/p>\n<h2>Contact Salon For All<\/h2>\n<p>Then please contact us. We will be happy to help you with your purchase of Nghia Export Nail Clamp Nl.206 11Mm. On workdays we are best available between 8.30 a.m. and 5 p.m. via the phone number and email address at the top of the online shop or via the chat function. Out-of-hours enquiries are usually answered within 24 hours. It is also possible to visit us outside working days or office hours. However, an appointment must be made in advance.<\/p>\n<h2>Would you like to visit our showroom?<\/h2>\n<p>Would you prefer to look at Nghia Export Nl.206 11Mm Nail Clamp or browse through our (online) shop offer together with our colleague? Then visit our showroom with more than 1000m\u00b2 of salon equipment and let yourself be inspired by our employees. Also if you like to get to know us pleasantly over a cup of coffee or tea, you are very welcome. We do not have all products in stock, so please let us know in advance that you would like to come. Always make an appointment in advance.<\/p>\n<h2>14 days of reflection and our return policy<\/h2>\n<p>Of course it may happen that the delivered Nghia Export Nl.206 11Mm Nail Clamp is not completely to your liking and you would like to return it. This is no problem at Salon For All. You must notify your return within 14 working days via info@salonforall.es. You will then first receive all instructions and conditions of return. Please note that Nghia Export Nail Clamp Nl.206 11Mm must not have been used, must contain all supplied parts and must be returned in the original packaging. The shipping costs of a return are always at the expense of the buyer on purchases through www.salonforall.es. You must arrange a transport yourself with a transport company of your choice for a return. Once Nghia Export Nail Clamp Nl.206 11Mm has been returned, it will be checked for completeness and possible damage. Once the return has been approved, the purchase amount will be refunded within 5 working days to the bank account we have on record.<\/p>\n<h2>Who is Salon For All?<\/h2>\n<p>Salon For All is THE wholesaler for all salon equipment in Europe. Salon For All started in 2003 under the name Salonvoordeel and grew out of practice. The owners of Salon For All were experienced hairdressers and beauty specialists and have together more than 30 years of practical experience. In 2003 we launched Salonvoordeel.nl (Netherlands) and subsequently Salon For All was founded for the European market. Some of our employees started their own business and so the idea to launch a functional online shop for hairdressers and to help them with the equipment of their salon was born.<\/p>\n<p>Our showroom is located in Dinxperlo, directly on the border between the Netherlands and Germany. With our extensive experience in the industry we can mirror and advise you - we speak the same language! We advise, inspire, motivate and support you in the purchase of Nghia Export Nl.206 11Mm. Our suppliers are located all over Europe, from Germany, England, Italy to Poland.<\/p>","protected":false},"excerpt":{"rendered":"<p>The product Nghia Export Nail Clamp Nl.206 11Mm is a high quality solution for any salon. The estimated delivery time is approximately 6 working days.<\/p>","protected":false},"featured_media":18946,"comment_status":"open","ping_status":"open","template":"","meta":[],"product_brand":[160],"product_cat":[162,163,161],"product_tag":[165,166,164],"class_list":{"0":"post-18945","1":"product","2":"type-product","3":"status-publish","4":"has-post-thumbnail","6":"product_brand-nghia","7":"product_cat-herramientas-y-accesorios","8":"product_cat-nghia","9":"product_cat-podologia","10":"product_tag-herramientas-y-accesorios","11":"product_tag-nghia","12":"product_tag-podologia","13":"pa_codigo-ean-7764","14":"pa_garantia-12-meses","15":"pa_marca-nghia","16":"pa_numero-de-articulo-6910","17":"pa_tiempo-estimado-de-entrega-4-5-dias-laborables","19":"first","20":"instock","21":"sale","22":"taxable","23":"shipping-taxable","24":"purchasable","25":"product-type-simple"},"yoast_head":"<!-- This site is optimized with the Yoast SEO plugin v27.6 - https:\/\/yoast.com\/product\/yoast-seo-wordpress\/ -->\n<title>Pinza Para U\u00f1as Nghia Export Nl.206 11Mm comprar<\/title>\n<meta name=\"description\" content=\"Compra Pinza Para U\u00f1as Nghia Export Nl.206 11Mm online o en el showroom en Salon For ALL Espa\u00f1a. El mayorista para salones, consultas y spas en Espa\u00f1a y Portugal.\" \/>\n<meta name=\"robots\" content=\"index, follow, max-snippet:-1, max-image-preview:large, max-video-preview:-1\" \/>\n<link rel=\"canonical\" href=\"https:\/\/salonforall.es\/en\/clamp-for-a-nghia-export-nl-206-11mm\/\" \/>\n<meta property=\"og:locale\" content=\"en_GB\" \/>\n<meta property=\"og:type\" content=\"article\" \/>\n<meta property=\"og:title\" content=\"Pinza Para U\u00f1as Nghia Export Nl.206 11Mm\" \/>\n<meta property=\"og:description\" content=\"Compra Pinza Para U\u00f1as Nghia Export Nl.206 11Mm online o en el showroom en Salon For ALL Espa\u00f1a. El mayorista para salones, consultas y spas en Espa\u00f1a y Portugal.\" \/>\n<meta property=\"og:url\" content=\"https:\/\/salonforall.es\/en\/clamp-for-a-nghia-export-nl-206-11mm\/\" \/>\n<meta property=\"og:site_name\" content=\"Salon For ALL Espa\u00f1a\" \/>\n<meta property=\"article:modified_time\" content=\"2026-03-24T16:36:41+00:00\" \/>\n<meta property=\"og:image\" content=\"https:\/\/salonforall.es\/wp-content\/uploads\/2025\/12\/Pinza-Para-Unas-Nghia-Export-Nl.206-11Mm.jpg\" \/>\n\t<meta property=\"og:image:width\" content=\"1200\" \/>\n\t<meta property=\"og:image:height\" content=\"1200\" \/>\n\t<meta property=\"og:image:type\" content=\"image\/jpeg\" \/>\n<meta name=\"twitter:card\" content=\"summary_large_image\" \/>\n<meta name=\"twitter:title\" content=\"Pinza Para U\u00f1as Nghia Export Nl.206 11Mm\" \/>\n<meta name=\"twitter:label1\" content=\"Estimated reading time\" \/>\n\t<meta name=\"twitter:data1\" content=\"8 minutes\" \/>\n<script type=\"application\/ld+json\" class=\"yoast-schema-graph\">{\"@context\":\"https:\\\/\\\/schema.org\",\"@graph\":[{\"@type\":\"WebPage\",\"@id\":\"https:\\\/\\\/salonforall.es\\\/pinza-para-unas-nghia-export-nl-206-11mm\\\/\",\"url\":\"https:\\\/\\\/salonforall.es\\\/pinza-para-unas-nghia-export-nl-206-11mm\\\/\",\"name\":\"Pinza Para U\u00f1as Nghia Export Nl.206 11Mm comprar\",\"isPartOf\":{\"@id\":\"https:\\\/\\\/salonforall.es\\\/#website\"},\"primaryImageOfPage\":{\"@id\":\"https:\\\/\\\/salonforall.es\\\/pinza-para-unas-nghia-export-nl-206-11mm\\\/#primaryimage\"},\"image\":{\"@id\":\"https:\\\/\\\/salonforall.es\\\/pinza-para-unas-nghia-export-nl-206-11mm\\\/#primaryimage\"},\"thumbnailUrl\":\"https:\\\/\\\/salonforall.es\\\/wp-content\\\/uploads\\\/2025\\\/12\\\/Pinza-Para-Unas-Nghia-Export-Nl.206-11Mm.jpg\",\"datePublished\":\"2025-12-02T14:11:39+00:00\",\"dateModified\":\"2026-03-24T16:36:41+00:00\",\"description\":\"Compra Pinza Para U\u00f1as Nghia Export Nl.206 11Mm online o en el showroom en Salon For ALL Espa\u00f1a. El mayorista para salones, consultas y spas en Espa\u00f1a y Portugal.\",\"breadcrumb\":{\"@id\":\"https:\\\/\\\/salonforall.es\\\/pinza-para-unas-nghia-export-nl-206-11mm\\\/#breadcrumb\"},\"inLanguage\":\"en-GB\",\"potentialAction\":[{\"@type\":\"ReadAction\",\"target\":[\"https:\\\/\\\/salonforall.es\\\/pinza-para-unas-nghia-export-nl-206-11mm\\\/\"]}]},{\"@type\":\"ImageObject\",\"inLanguage\":\"en-GB\",\"@id\":\"https:\\\/\\\/salonforall.es\\\/pinza-para-unas-nghia-export-nl-206-11mm\\\/#primaryimage\",\"url\":\"https:\\\/\\\/salonforall.es\\\/wp-content\\\/uploads\\\/2025\\\/12\\\/Pinza-Para-Unas-Nghia-Export-Nl.206-11Mm.jpg\",\"contentUrl\":\"https:\\\/\\\/salonforall.es\\\/wp-content\\\/uploads\\\/2025\\\/12\\\/Pinza-Para-Unas-Nghia-Export-Nl.206-11Mm.jpg\",\"width\":1200,\"height\":1200,\"caption\":\"Pinza Para U\u00f1as Nghia Export Nl.206 11Mm\"},{\"@type\":\"BreadcrumbList\",\"@id\":\"https:\\\/\\\/salonforall.es\\\/pinza-para-unas-nghia-export-nl-206-11mm\\\/#breadcrumb\",\"itemListElement\":[{\"@type\":\"ListItem\",\"position\":1,\"name\":\"Home\",\"item\":\"https:\\\/\\\/salonforall.es\\\/\"},{\"@type\":\"ListItem\",\"position\":2,\"name\":\"Winkel\",\"item\":\"https:\\\/\\\/salonforall.es\\\/winkel\\\/\"},{\"@type\":\"ListItem\",\"position\":3,\"name\":\"Pinza Para U\u00f1as Nghia Export Nl.206 11Mm\"}]},{\"@type\":\"WebSite\",\"@id\":\"https:\\\/\\\/salonforall.es\\\/#website\",\"url\":\"https:\\\/\\\/salonforall.es\\\/\",\"name\":\"Salon For ALL Espa\u00f1a\",\"description\":\"Mayorista de mobiliario y suministros para consultorios y salones\",\"publisher\":{\"@id\":\"https:\\\/\\\/salonforall.es\\\/#organization\"},\"potentialAction\":[{\"@type\":\"SearchAction\",\"target\":{\"@type\":\"EntryPoint\",\"urlTemplate\":\"https:\\\/\\\/salonforall.es\\\/?s={search_term_string}\"},\"query-input\":{\"@type\":\"PropertyValueSpecification\",\"valueRequired\":true,\"valueName\":\"search_term_string\"}}],\"inLanguage\":\"en-GB\"},{\"@type\":\"Organization\",\"@id\":\"https:\\\/\\\/salonforall.es\\\/#organization\",\"name\":\"Salon For All B.V. Espa\u00f1a\",\"alternateName\":\"Salon For All B.V. Espa\u00f1a - Mayorista de equipamiento para consultas, salones y suministros\",\"url\":\"https:\\\/\\\/salonforall.es\\\/\",\"logo\":{\"@type\":\"ImageObject\",\"inLanguage\":\"en-GB\",\"@id\":\"https:\\\/\\\/salonforall.es\\\/#\\\/schema\\\/logo\\\/image\\\/\",\"url\":\"https:\\\/\\\/salonforall.es\\\/wp-content\\\/uploads\\\/2025\\\/11\\\/logo-salon-for-all-e1764543185849.png\",\"contentUrl\":\"https:\\\/\\\/salonforall.es\\\/wp-content\\\/uploads\\\/2025\\\/11\\\/logo-salon-for-all-e1764543185849.png\",\"width\":500,\"height\":150,\"caption\":\"Salon For All B.V. Espa\u00f1a\"},\"image\":{\"@id\":\"https:\\\/\\\/salonforall.es\\\/#\\\/schema\\\/logo\\\/image\\\/\"}}]}<\/script>\n<!-- \/ Yoast SEO plugin. -->","yoast_head_json":{"title":"Nghia Export Nl.206 11Mm Nail Clamp buy","description":"Buy Nghia Export Nail Clamp Nl.206 11Mm online or in the showroom at Salon For ALL Spain. The wholesaler for salons, practices and spas in Spain and Portugal.","robots":{"index":"index","follow":"follow","max-snippet":"max-snippet:-1","max-image-preview":"max-image-preview:large","max-video-preview":"max-video-preview:-1"},"canonical":"https:\/\/salonforall.es\/en\/clamp-for-a-nghia-export-nl-206-11mm\/","og_locale":"en_GB","og_type":"article","og_title":"Pinza Para U\u00f1as Nghia Export Nl.206 11Mm","og_description":"Compra Pinza Para U\u00f1as Nghia Export Nl.206 11Mm online o en el showroom en Salon For ALL Espa\u00f1a. El mayorista para salones, consultas y spas en Espa\u00f1a y Portugal.","og_url":"https:\/\/salonforall.es\/en\/clamp-for-a-nghia-export-nl-206-11mm\/","og_site_name":"Salon For ALL Espa\u00f1a","article_modified_time":"2026-03-24T16:36:41+00:00","og_image":[{"width":1200,"height":1200,"url":"https:\/\/salonforall.es\/wp-content\/uploads\/2025\/12\/Pinza-Para-Unas-Nghia-Export-Nl.206-11Mm.jpg","type":"image\/jpeg"}],"twitter_card":"summary_large_image","twitter_title":"Pinza Para U\u00f1as Nghia Export Nl.206 11Mm","twitter_misc":{"Estimated reading time":"8 minutes"},"schema":{"@context":"https:\/\/schema.org","@graph":[{"@type":"WebPage","@id":"https:\/\/salonforall.es\/pinza-para-unas-nghia-export-nl-206-11mm\/","url":"https:\/\/salonforall.es\/pinza-para-unas-nghia-export-nl-206-11mm\/","name":"Nghia Export Nl.206 11Mm Nail Clamp buy","isPartOf":{"@id":"https:\/\/salonforall.es\/#website"},"primaryImageOfPage":{"@id":"https:\/\/salonforall.es\/pinza-para-unas-nghia-export-nl-206-11mm\/#primaryimage"},"image":{"@id":"https:\/\/salonforall.es\/pinza-para-unas-nghia-export-nl-206-11mm\/#primaryimage"},"thumbnailUrl":"https:\/\/salonforall.es\/wp-content\/uploads\/2025\/12\/Pinza-Para-Unas-Nghia-Export-Nl.206-11Mm.jpg","datePublished":"2025-12-02T14:11:39+00:00","dateModified":"2026-03-24T16:36:41+00:00","description":"Buy Nghia Export Nail Clamp Nl.206 11Mm online or in the showroom at Salon For ALL Spain. The wholesaler for salons, practices and spas in Spain and Portugal.","breadcrumb":{"@id":"https:\/\/salonforall.es\/pinza-para-unas-nghia-export-nl-206-11mm\/#breadcrumb"},"inLanguage":"en-GB","potentialAction":[{"@type":"ReadAction","target":["https:\/\/salonforall.es\/pinza-para-unas-nghia-export-nl-206-11mm\/"]}]},{"@type":"ImageObject","inLanguage":"en-GB","@id":"https:\/\/salonforall.es\/pinza-para-unas-nghia-export-nl-206-11mm\/#primaryimage","url":"https:\/\/salonforall.es\/wp-content\/uploads\/2025\/12\/Pinza-Para-Unas-Nghia-Export-Nl.206-11Mm.jpg","contentUrl":"https:\/\/salonforall.es\/wp-content\/uploads\/2025\/12\/Pinza-Para-Unas-Nghia-Export-Nl.206-11Mm.jpg","width":1200,"height":1200,"caption":"Pinza Para U\u00f1as Nghia Export Nl.206 11Mm"},{"@type":"BreadcrumbList","@id":"https:\/\/salonforall.es\/pinza-para-unas-nghia-export-nl-206-11mm\/#breadcrumb","itemListElement":[{"@type":"ListItem","position":1,"name":"Home","item":"https:\/\/salonforall.es\/"},{"@type":"ListItem","position":2,"name":"Winkel","item":"https:\/\/salonforall.es\/winkel\/"},{"@type":"ListItem","position":3,"name":"Pinza Para U\u00f1as Nghia Export Nl.206 11Mm"}]},{"@type":"WebSite","@id":"https:\/\/salonforall.es\/#website","url":"https:\/\/salonforall.es\/","name":"Salon For ALL Spain","description":"Wholesaler of salon and practice furniture and supplies","publisher":{"@id":"https:\/\/salonforall.es\/#organization"},"potentialAction":[{"@type":"SearchAction","target":{"@type":"EntryPoint","urlTemplate":"https:\/\/salonforall.es\/?s={search_term_string}"},"query-input":{"@type":"PropertyValueSpecification","valueRequired":true,"valueName":"search_term_string"}}],"inLanguage":"en-GB"},{"@type":"Organization","@id":"https:\/\/salonforall.es\/#organization","name":"Salon For All B.V. Spain","alternateName":"Salon For All B.V. Espa\u00f1a - Mayorista de equipamiento para consultas, salones y suministros","url":"https:\/\/salonforall.es\/","logo":{"@type":"ImageObject","inLanguage":"en-GB","@id":"https:\/\/salonforall.es\/#\/schema\/logo\/image\/","url":"https:\/\/salonforall.es\/wp-content\/uploads\/2025\/11\/logo-salon-for-all-e1764543185849.png","contentUrl":"https:\/\/salonforall.es\/wp-content\/uploads\/2025\/11\/logo-salon-for-all-e1764543185849.png","width":500,"height":150,"caption":"Salon For All B.V. Espa\u00f1a"},"image":{"@id":"https:\/\/salonforall.es\/#\/schema\/logo\/image\/"}}]}},"_links":{"self":[{"href":"https:\/\/salonforall.es\/en\/wp-json\/wp\/v2\/product\/18945","targetHints":{"allow":["GET"]}}],"collection":[{"href":"https:\/\/salonforall.es\/en\/wp-json\/wp\/v2\/product"}],"about":[{"href":"https:\/\/salonforall.es\/en\/wp-json\/wp\/v2\/types\/product"}],"replies":[{"embeddable":true,"href":"https:\/\/salonforall.es\/en\/wp-json\/wp\/v2\/comments?post=18945"}],"wp:featuredmedia":[{"embeddable":true,"href":"https:\/\/salonforall.es\/en\/wp-json\/wp\/v2\/media\/18946"}],"wp:attachment":[{"href":"https:\/\/salonforall.es\/en\/wp-json\/wp\/v2\/media?parent=18945"}],"wp:term":[{"taxonomy":"product_brand","embeddable":true,"href":"https:\/\/salonforall.es\/en\/wp-json\/wp\/v2\/product_brand?post=18945"},{"taxonomy":"product_cat","embeddable":true,"href":"https:\/\/salonforall.es\/en\/wp-json\/wp\/v2\/product_cat?post=18945"},{"taxonomy":"product_tag","embeddable":true,"href":"https:\/\/salonforall.es\/en\/wp-json\/wp\/v2\/product_tag?post=18945"}],"curies":[{"name":"wp","href":"https:\/\/api.w.org\/{rel}","templated":true}]}}