{"id":18740,"date":"2025-12-02T15:07:59","date_gmt":"2025-12-02T14:07:59","guid":{"rendered":"https:\/\/salonforall.es\/product\/lampara-de-manicura-glow-prolux\/"},"modified":"2026-03-24T17:35:53","modified_gmt":"2026-03-24T16:35:53","slug":"lampara-de-manicura-glow-prolux","status":"publish","type":"product","link":"https:\/\/salonforall.es\/en\/lampara-de-manicura-glow-prolux\/","title":{"rendered":"L\u00e1mpara De Manicura Glow Prolux"},"content":{"rendered":"<h2>Informaci\u00f3n sobre L\u00e1mpara De Manicura Glow Prolux con n\u00famero de art\u00edculo 150141<\/h2>\n<p><img decoding=\"async\" src=\"https:\/\/activeshop.com.pl\/media\/wysiwyg\/product\/150141\/EN_150141_1.jpg\"><\/p>\n<p>La marca GLOW ofrece productos de iluminaci\u00f3n profesional que mejoran los servicios tanto en salones de belleza como en consultorios m\u00e9dicos. Ofrece una amplia gama de l\u00e1mparas especializadas, incluyendo l\u00e1mparas UV y de tratamiento, necesarias para un trabajo preciso.<\/p>\n<p><img decoding=\"async\" src=\"https:\/\/activeshop.com.pl\/media\/wysiwyg\/product\/150141\/EN_150141_2.jpg\"><\/p>\n<h2><strong>L\u00e1mpara de tratamiento de manicura profesional<\/strong><\/h2>\n<p>La <strong>l\u00e1mpara de tratamiento Glow ProLux<\/strong> es una excelente opci\u00f3n para profesionales que necesitan una iluminaci\u00f3n perfecta durante tratamientos de precisi\u00f3n. Sus caracter\u00edsticas de vanguardia y su dise\u00f1o robusto satisfacen las necesidades de los profesionales: comodidad de uso y un rendimiento superior. Su dise\u00f1o plegable es ideal para el trabajo m\u00f3vil.<\/p>\n<p><img decoding=\"async\" src=\"https:\/\/activeshop.com.pl\/media\/wysiwyg\/product\/150141\/EN_150141_3.jpg\"><\/p>\n<h2><strong>Ajuste los par\u00e1metros con el panel t\u00e1ctil<\/strong><\/h2>\n<p>El panel t\u00e1ctil permite un control total de la iluminaci\u00f3n, ajustando tanto el color (en 5 niveles: desde c\u00e1lido 2800 K hasta fr\u00edo 5400 K) como la intensidad de la luz (en 5 niveles). Esta soluci\u00f3n permite un ajuste perfecto de la iluminaci\u00f3n a las necesidades del procedimiento, garantizando un trabajo c\u00f3modo y reduciendo la fatiga visual, incluso durante un uso prolongado. La superficie transl\u00facida y lechosa de los paneles dispersa eficazmente la luz, eliminando el deslumbramiento. Adem\u00e1s, el usuario puede elegir el modo de iluminaci\u00f3n: encender los paneles laterales, el panel superior o todos a la vez, lo que permite ajustar la iluminaci\u00f3n con precisi\u00f3n.<\/p>\n<p><img decoding=\"async\" src=\"https:\/\/activeshop.com.pl\/media\/wysiwyg\/product\/150141\/EN_150141_4.jpg\"><\/p>\n<h2><strong>Ajuste pr\u00e1ctico de la hora<\/strong><\/h2>\n<p>Para su comodidad, la l\u00e1mpara cuenta con un temporizador que apaga autom\u00e1ticamente la iluminaci\u00f3n durante 5 minutos tras 25 minutos de funcionamiento, lo que le permite descansar la vista brevemente. Adem\u00e1s, puede configurar la funci\u00f3n para que se apague autom\u00e1ticamente despu\u00e9s de 60 segundos. Estas caracter\u00edsticas hacen que la l\u00e1mpara no solo <strong>promueva la eficiencia laboral<\/strong>, sino que tambi\u00e9n ayude a proteger la salud y a garantizar un uso econ\u00f3mico.<\/p>\n<p><img decoding=\"async\" src=\"https:\/\/activeshop.com.pl\/media\/wysiwyg\/product\/150141\/EN_150141_5.jpg\"><\/p>\n<h2><strong>Dise\u00f1o estable para servicios m\u00f3viles<\/strong><\/h2>\n<p>Su <strong>forma sencilla<\/strong> y su dise\u00f1o \u00fanico en tonos plateados hacen que la l\u00e1mpara Glow ProLux destaque en cualquier interior. Su <strong>apariencia y forma peculiares<\/strong> le confieren un car\u00e1cter poco convencional, y la posibilidad de ajustar los par\u00e1metros de iluminaci\u00f3n mejora significativamente la eficiencia laboral. <strong>Dos bisagras permiten plegar la l\u00e1mpara<\/strong>, lo que la hace perfecta para servicios m\u00f3viles. Las <strong>tapas de silicona en las patas<\/strong> aumentan la estabilidad y evitan que la l\u00e1mpara se mueva durante el trabajo, lo que <strong>proporciona confianza y comodidad de uso<\/strong>. Tambi\u00e9n ayudan a proteger las superficies de ara\u00f1azos. Los materiales utilizados hacen que el dispositivo sea duradero y f\u00e1cil de limpiar. Lea el manual de instrucciones antes de la instalaci\u00f3n. Las dimensiones detalladas se muestran en la foto. Incluye: l\u00e1mpara, dos bases, tapas de silicona, fuente de alimentaci\u00f3n, instrucciones y kit de instalaci\u00f3n. Datos: Color de la l\u00e1mpara: tonos plateados. Color de la luz: 2800-5400 K. Flujo luminoso: 995-1228 LM. IRC: 97,6-98,7. Potencia: 22 W. Voltaje de entrada: 220-240 V. Alimentaci\u00f3n: 24 V \/ 4 A. Garant\u00eda: 12 meses.<\/p>\n<p>Los productos Activeshop son proporcionalmente m\u00e1s econ\u00f3micos que muchas otras marcas\/proveedores. El precio est\u00e1 en relaci\u00f3n con la calidad. L\u00e1mpara De Manicura Glow Prolux es por lo tanto una soluci\u00f3n accesible para su sal\u00f3n.<\/p>\n<h2>\u00bfC\u00f3mo se entrega L\u00e1mpara De Manicura Glow Prolux?<\/h2>\n<p>L\u00e1mpara De Manicura Glow Prolux se entrega en embalaje(s) original(es). Dentro de Espa\u00f1a el env\u00edo de L\u00e1mpara De Manicura Glow Prolux es completamente gratuito para pedidos a partir de 100,- euros. Para env\u00edos a otros pa\u00edses se aplican tarifas de env\u00edo separadas. Puede consultar estas tarifas con nosotros o verlas en el carrito de compra. L\u00e1mpara De Manicura Glow Prolux se env\u00eda a trav\u00e9s de un servicio de mensajer\u00eda externo.<\/p>\n<p>Packages or pallets are delivered as standard up to the front door threshold, even if you are located in a collective building, apartment building or apartment complex with a lift (provided the item fits in the lift). No lift available or item does not fit in the lift? Then we deliver up to the threshold of the ground floor.<\/p>\n<p>Do you still have questions about delivery or a special situation? Contact us and we will be happy to help you!<\/p>\n<p>*Items are not unpacked or assembled as standard. In special situations you can contact us to make arrangements.<\/p>\n<h2>Secure online shopping at Salon For All with the Webwinkelkeur seal of quality and SSL encryption.<\/h2>\n<p>Es importante para nosotros que nuestros clientes puedan comprar de forma segura en nuestra tienda online. Estamos afiliados al sello de calidad nacional Webwinkelkeur desde 2019. Nuestra identidad ha sido verificada y comprobada por ellos, y la tienda online ha sido revisada y aprobada legalmente. Adem\u00e1s, nuestra tienda online est\u00e1 afiliada a ellos para la mediaci\u00f3n de conflictos. Puede ver la insignia con toda la informaci\u00f3n de este sello de calidad de tienda online en el lado izquierdo o derecho de la tienda online (bot\u00f3n rosa con blanco). Adem\u00e1s, nuestro sitio est\u00e1 protegido con un certificado SSL para que pueda navegar de forma segura con nosotros. En la barra de su navegador de Internet, donde aparece nuestro sitio web, ver\u00e1 un icono de candado. Si hace clic en el candado, obtendr\u00e1 toda la informaci\u00f3n sobre nuestra seguridad. De esta manera sabe que su pedido de L\u00e1mpara De Manicura Glow Prolux y sus datos personales se procesan de forma segura.<\/p>\n<h2>\u00bfC\u00f3mo puedo pagar L\u00e1mpara De Manicura Glow Prolux?<\/h2>\n<p>We want to make it as easy as possible for you. That's why at Salon For All you can pay with all popular payment methods. Pay in advance, on delivery or afterwards - everything is possible. See here for all the payment methods we offer:<\/p>\n<ul>\n<li>iDEAL<\/li>\n<li>Credit card (Visa, Mastercard, American Express)<\/li>\n<li>Klarna - Payment on delivery with invoice<\/li>\n<li>PayPal<\/li>\n<li>Apple Pay<\/li>\n<li>Google Pay<\/li>\n<li>Bizum (for Spanish customers)<\/li>\n<li>SEPA bank transfer<\/li>\n<li>Bancontact<\/li>\n<li>Commercial invoice for companies<\/li>\n<li>Payment in the showroom - Both card and cash (Only available on collection)<\/li>\n<\/ul>\n<h2>See also reviews of Salon For All<\/h2>\n<p>Consulte tambi\u00e9n nuestras rese\u00f1as para tener en cuenta las experiencias de nuestros clientes actuales en su decisi\u00f3n de pedir L\u00e1mpara De Manicura Glow Prolux con nosotros. A trav\u00e9s de nuestro sello de calidad independiente de tienda online Webwinkelkeur, se recopilan autom\u00e1ticamente rese\u00f1as verificadas de clientes que han completado un pedido con nosotros. Puede encontrarlas detr\u00e1s del bot\u00f3n rosa en nuestra tienda online o aparecen listadas debajo de los productos.<\/p>\n<p>\u00a1Comparta tambi\u00e9n su experiencia despu\u00e9s de su compra con su L\u00e1mpara De Manicura Glow Prolux pedido y su experiencia con el proceso de compra o el contacto con Salon For All para inspirar a otros!<\/p>\n<h2>Contact Salon For All<\/h2>\n<p>Cont\u00e1ctenos entonces. Estaremos encantados de ayudarle con la adquisici\u00f3n de L\u00e1mpara De Manicura Glow Prolux. En d\u00edas laborables estamos mejor disponibles entre las 8.30 y las 17.00 horas a trav\u00e9s del n\u00famero de tel\u00e9fono y direcci\u00f3n de correo electr\u00f3nico en la parte superior de la tienda online o a trav\u00e9s de la funci\u00f3n de chat. Las consultas fuera del horario de oficina suelen responderse en un plazo de 24 horas. Tambi\u00e9n es posible visitarnos fuera de los d\u00edas laborables u horario de oficina. Pero para ello es necesario concertar una cita previa.<\/p>\n<h2>Would you like to visit our showroom?<\/h2>\n<p>\u00bfPrefiere ver L\u00e1mpara De Manicura Glow Prolux o recorrer nuestra oferta de la tienda (online) junto con nuestro colega? Entonces visite nuestro showroom con m\u00e1s de 1000m\u00b2 de equipamiento para salones y d\u00e9jese inspirar por nuestros empleados. Tambi\u00e9n si le gusta conocernos de manera agradable disfrutando de una buena taza de caf\u00e9 o t\u00e9, es muy bienvenido. No tenemos todos los productos en stock, as\u00ed que h\u00e1ganos saber de antemano que desea venir. Concierte siempre una cita previa.<\/p>\n<h2>14 days of reflection and our return policy<\/h2>\n<p>Por supuesto puede ocurrir que L\u00e1mpara De Manicura Glow Prolux entregado no sea completamente de su agrado y desee devolverlo. Eso no es ning\u00fan problema en Salon For All. Debe notificar su devoluci\u00f3n dentro de 14 d\u00edas laborables a trav\u00e9s de info@salonforall.es. Entonces recibir\u00e1 primero todas las instrucciones y condiciones de devoluci\u00f3n. Tenga en cuenta que L\u00e1mpara De Manicura Glow Prolux no debe haber sido usado, debe contener todas las partes suministradas y debe devolverse empaquetado en el embalaje original. Los costos de env\u00edo de una devoluci\u00f3n son siempre a cargo del comprador en compras a trav\u00e9s de www.salonforall.es. Debe organizar usted mismo un transporte con una empresa de transporte de su elecci\u00f3n para una devoluci\u00f3n. Una vez que L\u00e1mpara De Manicura Glow Prolux haya sido devuelto, se verificar\u00e1 su integridad y posibles da\u00f1os. Una vez que la devoluci\u00f3n haya sido aprobada, el importe de la compra se reembolsar\u00e1 dentro de 5 d\u00edas laborables a la cuenta bancaria que tenemos registrada.<\/p>\n<h2>Who is Salon For All?<\/h2>\n<p>Salon For All is THE wholesaler for all salon equipment in Europe. Salon For All started in 2003 under the name Salonvoordeel and grew out of practice. The owners of Salon For All were experienced hairdressers and beauty specialists and have together more than 30 years of practical experience. In 2003 we launched Salonvoordeel.nl (Netherlands) and subsequently Salon For All was founded for the European market. Some of our employees started their own business and so the idea to launch a functional online shop for hairdressers and to help them with the equipment of their salon was born.<\/p>\n<p>Nuestro showroom se encuentra en Dinxperlo, directamente en la frontera entre los Pa\u00edses Bajos y Alemania. Con nuestra amplia experiencia en el sector podemos servirle de espejo y proporcionarle el asesoramiento adecuado. \u00a1Hablamos el mismo idioma! Le asesoramos, inspiramos, motivamos y ayudamos en la adquisici\u00f3n de L\u00e1mpara De Manicura Glow Prolux. Nuestros proveedores se encuentran en toda Europa, desde Alemania, Inglaterra, Italia hasta Polonia.<\/p>","protected":false},"excerpt":{"rendered":"<p>El producto L\u00e1mpara De Manicura Glow Prolux es una soluci\u00f3n de alta calidad para cualquier sal\u00f3n. El plazo de entrega estimado es de aproximadamente 6 d\u00edas laborables.<\/p>","protected":false},"featured_media":18741,"comment_status":"open","ping_status":"open","template":"","meta":[],"product_brand":[640],"product_cat":[622,621],"product_tag":[624,623],"class_list":{"0":"post-18740","1":"product","2":"type-product","3":"status-publish","4":"has-post-thumbnail","6":"product_brand-glow","7":"product_cat-mesas-de-manicura","8":"product_cat-unas","9":"product_tag-mesas-de-manicura","10":"product_tag-unas","11":"pa_codigo-ean-7759","12":"pa_garantia-12-meses","13":"pa_marca-activeshop","14":"pa_numero-de-articulo-6850","15":"pa_tiempo-estimado-de-entrega-4-5-dias-laborables","17":"first","18":"instock","19":"sale","20":"taxable","21":"shipping-taxable","22":"purchasable","23":"product-type-simple"},"yoast_head":"<!-- This site is optimized with the Yoast SEO plugin v27.6 - https:\/\/yoast.com\/product\/yoast-seo-wordpress\/ -->\n<title>L\u00e1mpara De Manicura Glow Prolux comprar<\/title>\n<meta name=\"description\" content=\"Compra L\u00e1mpara De Manicura Glow Prolux online o en el showroom en Salon For ALL Espa\u00f1a. El mayorista para salones, consultas y spas en Espa\u00f1a y Portugal.\" \/>\n<meta name=\"robots\" content=\"index, follow, max-snippet:-1, max-image-preview:large, max-video-preview:-1\" \/>\n<link rel=\"canonical\" href=\"https:\/\/salonforall.es\/en\/lampara-de-manicura-glow-prolux\/\" \/>\n<meta property=\"og:locale\" content=\"en_GB\" \/>\n<meta property=\"og:type\" content=\"article\" \/>\n<meta property=\"og:title\" content=\"L\u00e1mpara De Manicura Glow Prolux\" \/>\n<meta property=\"og:description\" content=\"Compra L\u00e1mpara De Manicura Glow Prolux online o en el showroom en Salon For ALL Espa\u00f1a. El mayorista para salones, consultas y spas en Espa\u00f1a y Portugal.\" \/>\n<meta property=\"og:url\" content=\"https:\/\/salonforall.es\/en\/lampara-de-manicura-glow-prolux\/\" \/>\n<meta property=\"og:site_name\" content=\"Salon For ALL Espa\u00f1a\" \/>\n<meta property=\"article:modified_time\" content=\"2026-03-24T16:35:53+00:00\" \/>\n<meta property=\"og:image\" content=\"https:\/\/salonforall.es\/wp-content\/uploads\/2025\/12\/Lampara-De-Manicura-Glow-Prolux.jpg\" \/>\n\t<meta property=\"og:image:width\" content=\"1200\" \/>\n\t<meta property=\"og:image:height\" content=\"1200\" \/>\n\t<meta property=\"og:image:type\" content=\"image\/jpeg\" \/>\n<meta name=\"twitter:card\" content=\"summary_large_image\" \/>\n<meta name=\"twitter:title\" content=\"L\u00e1mpara De Manicura Glow Prolux\" \/>\n<meta name=\"twitter:label1\" content=\"Estimated reading time\" \/>\n\t<meta name=\"twitter:data1\" content=\"9 minutes\" \/>\n<script type=\"application\/ld+json\" class=\"yoast-schema-graph\">{\"@context\":\"https:\\\/\\\/schema.org\",\"@graph\":[{\"@type\":\"WebPage\",\"@id\":\"https:\\\/\\\/salonforall.es\\\/lampara-de-manicura-glow-prolux\\\/\",\"url\":\"https:\\\/\\\/salonforall.es\\\/lampara-de-manicura-glow-prolux\\\/\",\"name\":\"L\u00e1mpara De Manicura Glow Prolux comprar\",\"isPartOf\":{\"@id\":\"https:\\\/\\\/salonforall.es\\\/#website\"},\"primaryImageOfPage\":{\"@id\":\"https:\\\/\\\/salonforall.es\\\/lampara-de-manicura-glow-prolux\\\/#primaryimage\"},\"image\":{\"@id\":\"https:\\\/\\\/salonforall.es\\\/lampara-de-manicura-glow-prolux\\\/#primaryimage\"},\"thumbnailUrl\":\"https:\\\/\\\/salonforall.es\\\/wp-content\\\/uploads\\\/2025\\\/12\\\/Lampara-De-Manicura-Glow-Prolux.jpg\",\"datePublished\":\"2025-12-02T14:07:59+00:00\",\"dateModified\":\"2026-03-24T16:35:53+00:00\",\"description\":\"Compra L\u00e1mpara De Manicura Glow Prolux online o en el showroom en Salon For ALL Espa\u00f1a. El mayorista para salones, consultas y spas en Espa\u00f1a y Portugal.\",\"breadcrumb\":{\"@id\":\"https:\\\/\\\/salonforall.es\\\/lampara-de-manicura-glow-prolux\\\/#breadcrumb\"},\"inLanguage\":\"en-GB\",\"potentialAction\":[{\"@type\":\"ReadAction\",\"target\":[\"https:\\\/\\\/salonforall.es\\\/lampara-de-manicura-glow-prolux\\\/\"]}]},{\"@type\":\"ImageObject\",\"inLanguage\":\"en-GB\",\"@id\":\"https:\\\/\\\/salonforall.es\\\/lampara-de-manicura-glow-prolux\\\/#primaryimage\",\"url\":\"https:\\\/\\\/salonforall.es\\\/wp-content\\\/uploads\\\/2025\\\/12\\\/Lampara-De-Manicura-Glow-Prolux.jpg\",\"contentUrl\":\"https:\\\/\\\/salonforall.es\\\/wp-content\\\/uploads\\\/2025\\\/12\\\/Lampara-De-Manicura-Glow-Prolux.jpg\",\"width\":1200,\"height\":1200,\"caption\":\"L\u00e1mpara De Manicura Glow Prolux\"},{\"@type\":\"BreadcrumbList\",\"@id\":\"https:\\\/\\\/salonforall.es\\\/lampara-de-manicura-glow-prolux\\\/#breadcrumb\",\"itemListElement\":[{\"@type\":\"ListItem\",\"position\":1,\"name\":\"Home\",\"item\":\"https:\\\/\\\/salonforall.es\\\/\"},{\"@type\":\"ListItem\",\"position\":2,\"name\":\"Winkel\",\"item\":\"https:\\\/\\\/salonforall.es\\\/winkel\\\/\"},{\"@type\":\"ListItem\",\"position\":3,\"name\":\"L\u00e1mpara De Manicura Glow Prolux\"}]},{\"@type\":\"WebSite\",\"@id\":\"https:\\\/\\\/salonforall.es\\\/#website\",\"url\":\"https:\\\/\\\/salonforall.es\\\/\",\"name\":\"Salon For ALL Espa\u00f1a\",\"description\":\"Mayorista de mobiliario y suministros para consultorios y salones\",\"publisher\":{\"@id\":\"https:\\\/\\\/salonforall.es\\\/#organization\"},\"potentialAction\":[{\"@type\":\"SearchAction\",\"target\":{\"@type\":\"EntryPoint\",\"urlTemplate\":\"https:\\\/\\\/salonforall.es\\\/?s={search_term_string}\"},\"query-input\":{\"@type\":\"PropertyValueSpecification\",\"valueRequired\":true,\"valueName\":\"search_term_string\"}}],\"inLanguage\":\"en-GB\"},{\"@type\":\"Organization\",\"@id\":\"https:\\\/\\\/salonforall.es\\\/#organization\",\"name\":\"Salon For All B.V. Espa\u00f1a\",\"alternateName\":\"Salon For All B.V. Espa\u00f1a - Mayorista de equipamiento para consultas, salones y suministros\",\"url\":\"https:\\\/\\\/salonforall.es\\\/\",\"logo\":{\"@type\":\"ImageObject\",\"inLanguage\":\"en-GB\",\"@id\":\"https:\\\/\\\/salonforall.es\\\/#\\\/schema\\\/logo\\\/image\\\/\",\"url\":\"https:\\\/\\\/salonforall.es\\\/wp-content\\\/uploads\\\/2025\\\/11\\\/logo-salon-for-all-e1764543185849.png\",\"contentUrl\":\"https:\\\/\\\/salonforall.es\\\/wp-content\\\/uploads\\\/2025\\\/11\\\/logo-salon-for-all-e1764543185849.png\",\"width\":500,\"height\":150,\"caption\":\"Salon For All B.V. Espa\u00f1a\"},\"image\":{\"@id\":\"https:\\\/\\\/salonforall.es\\\/#\\\/schema\\\/logo\\\/image\\\/\"}}]}<\/script>\n<!-- \/ Yoast SEO plugin. -->","yoast_head_json":{"title":"L\u00e1mpara De Manicura Glow Prolux comprar","description":"Compra L\u00e1mpara De Manicura Glow Prolux online o en el showroom en Salon For ALL Espa\u00f1a. El mayorista para salones, consultas y spas en Espa\u00f1a y Portugal.","robots":{"index":"index","follow":"follow","max-snippet":"max-snippet:-1","max-image-preview":"max-image-preview:large","max-video-preview":"max-video-preview:-1"},"canonical":"https:\/\/salonforall.es\/en\/lampara-de-manicura-glow-prolux\/","og_locale":"en_GB","og_type":"article","og_title":"L\u00e1mpara De Manicura Glow Prolux","og_description":"Compra L\u00e1mpara De Manicura Glow Prolux online o en el showroom en Salon For ALL Espa\u00f1a. El mayorista para salones, consultas y spas en Espa\u00f1a y Portugal.","og_url":"https:\/\/salonforall.es\/en\/lampara-de-manicura-glow-prolux\/","og_site_name":"Salon For ALL Espa\u00f1a","article_modified_time":"2026-03-24T16:35:53+00:00","og_image":[{"width":1200,"height":1200,"url":"https:\/\/salonforall.es\/wp-content\/uploads\/2025\/12\/Lampara-De-Manicura-Glow-Prolux.jpg","type":"image\/jpeg"}],"twitter_card":"summary_large_image","twitter_title":"L\u00e1mpara De Manicura Glow Prolux","twitter_misc":{"Estimated reading time":"9 minutes"},"schema":{"@context":"https:\/\/schema.org","@graph":[{"@type":"WebPage","@id":"https:\/\/salonforall.es\/lampara-de-manicura-glow-prolux\/","url":"https:\/\/salonforall.es\/lampara-de-manicura-glow-prolux\/","name":"L\u00e1mpara De Manicura Glow Prolux comprar","isPartOf":{"@id":"https:\/\/salonforall.es\/#website"},"primaryImageOfPage":{"@id":"https:\/\/salonforall.es\/lampara-de-manicura-glow-prolux\/#primaryimage"},"image":{"@id":"https:\/\/salonforall.es\/lampara-de-manicura-glow-prolux\/#primaryimage"},"thumbnailUrl":"https:\/\/salonforall.es\/wp-content\/uploads\/2025\/12\/Lampara-De-Manicura-Glow-Prolux.jpg","datePublished":"2025-12-02T14:07:59+00:00","dateModified":"2026-03-24T16:35:53+00:00","description":"Compra L\u00e1mpara De Manicura Glow Prolux online o en el showroom en Salon For ALL Espa\u00f1a. El mayorista para salones, consultas y spas en Espa\u00f1a y Portugal.","breadcrumb":{"@id":"https:\/\/salonforall.es\/lampara-de-manicura-glow-prolux\/#breadcrumb"},"inLanguage":"en-GB","potentialAction":[{"@type":"ReadAction","target":["https:\/\/salonforall.es\/lampara-de-manicura-glow-prolux\/"]}]},{"@type":"ImageObject","inLanguage":"en-GB","@id":"https:\/\/salonforall.es\/lampara-de-manicura-glow-prolux\/#primaryimage","url":"https:\/\/salonforall.es\/wp-content\/uploads\/2025\/12\/Lampara-De-Manicura-Glow-Prolux.jpg","contentUrl":"https:\/\/salonforall.es\/wp-content\/uploads\/2025\/12\/Lampara-De-Manicura-Glow-Prolux.jpg","width":1200,"height":1200,"caption":"L\u00e1mpara De Manicura Glow Prolux"},{"@type":"BreadcrumbList","@id":"https:\/\/salonforall.es\/lampara-de-manicura-glow-prolux\/#breadcrumb","itemListElement":[{"@type":"ListItem","position":1,"name":"Home","item":"https:\/\/salonforall.es\/"},{"@type":"ListItem","position":2,"name":"Winkel","item":"https:\/\/salonforall.es\/winkel\/"},{"@type":"ListItem","position":3,"name":"L\u00e1mpara De Manicura Glow Prolux"}]},{"@type":"WebSite","@id":"https:\/\/salonforall.es\/#website","url":"https:\/\/salonforall.es\/","name":"Salon For ALL Spain","description":"Wholesaler of salon and practice furniture and supplies","publisher":{"@id":"https:\/\/salonforall.es\/#organization"},"potentialAction":[{"@type":"SearchAction","target":{"@type":"EntryPoint","urlTemplate":"https:\/\/salonforall.es\/?s={search_term_string}"},"query-input":{"@type":"PropertyValueSpecification","valueRequired":true,"valueName":"search_term_string"}}],"inLanguage":"en-GB"},{"@type":"Organization","@id":"https:\/\/salonforall.es\/#organization","name":"Salon For All B.V. Spain","alternateName":"Salon For All B.V. Espa\u00f1a - Mayorista de equipamiento para consultas, salones y suministros","url":"https:\/\/salonforall.es\/","logo":{"@type":"ImageObject","inLanguage":"en-GB","@id":"https:\/\/salonforall.es\/#\/schema\/logo\/image\/","url":"https:\/\/salonforall.es\/wp-content\/uploads\/2025\/11\/logo-salon-for-all-e1764543185849.png","contentUrl":"https:\/\/salonforall.es\/wp-content\/uploads\/2025\/11\/logo-salon-for-all-e1764543185849.png","width":500,"height":150,"caption":"Salon For All B.V. Espa\u00f1a"},"image":{"@id":"https:\/\/salonforall.es\/#\/schema\/logo\/image\/"}}]}},"_links":{"self":[{"href":"https:\/\/salonforall.es\/en\/wp-json\/wp\/v2\/product\/18740","targetHints":{"allow":["GET"]}}],"collection":[{"href":"https:\/\/salonforall.es\/en\/wp-json\/wp\/v2\/product"}],"about":[{"href":"https:\/\/salonforall.es\/en\/wp-json\/wp\/v2\/types\/product"}],"replies":[{"embeddable":true,"href":"https:\/\/salonforall.es\/en\/wp-json\/wp\/v2\/comments?post=18740"}],"wp:featuredmedia":[{"embeddable":true,"href":"https:\/\/salonforall.es\/en\/wp-json\/wp\/v2\/media\/18741"}],"wp:attachment":[{"href":"https:\/\/salonforall.es\/en\/wp-json\/wp\/v2\/media?parent=18740"}],"wp:term":[{"taxonomy":"product_brand","embeddable":true,"href":"https:\/\/salonforall.es\/en\/wp-json\/wp\/v2\/product_brand?post=18740"},{"taxonomy":"product_cat","embeddable":true,"href":"https:\/\/salonforall.es\/en\/wp-json\/wp\/v2\/product_cat?post=18740"},{"taxonomy":"product_tag","embeddable":true,"href":"https:\/\/salonforall.es\/en\/wp-json\/wp\/v2\/product_tag?post=18740"}],"curies":[{"name":"wp","href":"https:\/\/api.w.org\/{rel}","templated":true}]}}