{"id":18367,"date":"2025-12-02T15:03:59","date_gmt":"2025-12-02T14:03:59","guid":{"rendered":"https:\/\/salonforall.es\/product\/sillon-de-barbero-carlos-extra-negro\/"},"modified":"2026-03-24T17:34:52","modified_gmt":"2026-03-24T16:34:52","slug":"carlos-barber-chair-extra-black","status":"publish","type":"product","link":"https:\/\/salonforall.es\/en\/sillon-de-barbero-carlos-extra-negro\/","title":{"rendered":"Barber Armchair Carlos Extra Black"},"content":{"rendered":"<h2>Information about Barber Armchair Carlos Extra Black with article number 148987<\/h2>\n<p><img decoding=\"async\" src=\"https:\/\/activeshop.com.pl\/media\/wysiwyg\/product\/148987\/EN_148987_1.jpg\"><\/p>\n<p><strong>Gabbiano<\/strong> is a luxury brand of hairdressing equipment and furniture, distinguished by reliability, quality, aesthetics and high user comfort. It offers a wide selection of functional salon equipment such as styling chairs, salon washers and armrests.<\/p>\n<p><img decoding=\"async\" src=\"https:\/\/activeshop.com.pl\/media\/wysiwyg\/product\/148987\/EN_148987_2.jpg\"><\/p>\n<h2><strong>Practical barber chair<\/strong><\/h2>\n<p><strong>The Gabbiano barber's chair Carlos extra<\/strong> is an elegant piece of furniture equipped with a <strong>durable hydraulic lift and adjustable footrest and backrest<\/strong>. Highly customisable positions allow you to adjust the chair to your treatments, increasing the comfort of your services. Elegant stitching adds character, making it not only a functional but also a decorative element for any interior.<\/p>\n<p><img decoding=\"async\" src=\"https:\/\/activeshop.com.pl\/media\/wysiwyg\/product\/148987\/EN_148987_3.jpg\"><\/p>\n<h2><strong>Wide adjustment range<\/strong><\/h2>\n<p>A powerful hydraulic lift allows a smooth adjustment of the seat height in a range of 55 to 68 cm, allowing the seat level to be adjusted even if the customer is sitting in the chair. <strong>Ensures ergonomics<\/strong> and allows the seat to be adjusted to the height of both the client and the barber. The reclining backrest and adjustable footrest allow the chair to be placed in a semi-reclining position for optimal access during certain services. In addition, the 20 cm extendable headrest ensures excellent head support.<\/p>\n<p><img decoding=\"async\" src=\"https:\/\/activeshop.com.pl\/media\/wysiwyg\/product\/148987\/EN_148987_4.jpg\"><\/p>\n<h2><strong>Facilities for more comfort at work<\/strong><\/h2>\n<p>The ergonomic seat ensures maximum comfort for the client, and the backrest, which provides excellent back support, allows for a comfortable position, especially important during prolonged treatments. The full rotation mechanism makes work more efficient and comfortable. The upholstered armrests, installed at the optimal height, allow for correct positioning of the client's shoulders, preventing the head from sinking into the shoulders, slouching and tension in the neck and shoulder area.<\/p>\n<p><img decoding=\"async\" src=\"https:\/\/activeshop.com.pl\/media\/wysiwyg\/product\/148987\/EN_148987_5.jpg\"><\/p>\n<h2><strong>Elegance and durability for years to come<\/strong><\/h2>\n<p>The sturdy base guarantees stability and a high level of user comfort. The deformation-resistant foam seat padding and the matt-finished leatherette upholstery ensure durability and long-lasting comfort. These materials are moisture-resistant, durable and easy to clean. The black shade of the upholstery gives the armchair a unique character, and its <strong>elegant styling<\/strong> is a perfect match for barbershop d\u00e9cor.<\/p>\n<p><img decoding=\"async\" src=\"https:\/\/activeshop.com.pl\/media\/wysiwyg\/product\/148987\/EN_148987_6.jpg\"><\/p>\n<p>Detailed dimensions are given in a photo.<br \/><strong>It includes:<\/strong> seat, actuator with base, head restraint.<\/p>\n<p><strong>Data:<\/strong><br \/>Lift: hydraulic<br \/>Base: round<br \/>Upholstery material: synthetic leather<br \/>Colour: shades of black<\/p>\n<div class=\"video-container\"><iframe loading=\"lazy\" src=\"https:\/\/www.youtube.com\/embed\/BuQs_FDnLsM\" width=\"560\" height=\"315\" frameborder=\"0\" allowfullscreen=\"allowfullscreen\"> <\/iframe><\/div>\n<p>Activeshop products are proportionally cheaper than many other brands\/suppliers. The price is in relation to the quality. Sill\u00f3n De Barbero Carlos Extra Black is therefore an affordable solution for your salon.<\/p>\n<h2>How is Sill\u00f3n De Barbero Carlos Extra Black delivered?<\/h2>\n<p>Sill\u00f3n De Barbero Carlos Extra Black is delivered in original packaging(s). Within Spain the delivery of Sill\u00f3n De Barbero Carlos Extra Negro is completely free of charge for orders over 100,- Euro. For shipments to other countries separate shipping rates apply. You can check these rates with us or view them in the shopping cart. Sill\u00f3n De Barbero Carlos Extra Negro is shipped via an external courier service.<\/p>\n<p>Packages or pallets are delivered as standard up to the front door threshold, even if you are located in a collective building, apartment building or apartment complex with a lift (provided the item fits in the lift). No lift available or item does not fit in the lift? Then we deliver up to the threshold of the ground floor.<\/p>\n<p>Do you still have questions about delivery or a special situation? Contact us and we will be happy to help you!<\/p>\n<p>*Items are not unpacked or assembled as standard. In special situations you can contact us to make arrangements.<\/p>\n<h2>Secure online shopping at Salon For All with the Webwinkelkeur seal of quality and SSL encryption.<\/h2>\n<p>It is important to us that our customers can shop safely in our online shop. We have been affiliated with the national quality seal Webwinkelkeur since 2019. Our identity has been verified and checked by them, and the online shop has been checked and legally approved. Furthermore, our online shop is affiliated with them for conflict mediation. You can see the logo with all the information of this online shop quality seal on the left or right side of the online shop (pink button with white). In addition, our site is protected with an SSL certificate so that you can surf securely with us. In the bar of your Internet browser, where our website appears, you will see a padlock icon. If you click on the padlock, you will get all the information about our security. This way you know that your order for Sill\u00f3n De Barbero Carlos Extra Negro and your personal data are processed securely.<\/p>\n<h2>How can I pay for Sill\u00f3n De Barbero Carlos Extra Black?<\/h2>\n<p>We want to make it as easy as possible for you. That's why at Salon For All you can pay with all popular payment methods. Pay in advance, on delivery or afterwards - everything is possible. See here for all the payment methods we offer:<\/p>\n<ul>\n<li>iDEAL<\/li>\n<li>Credit card (Visa, Mastercard, American Express)<\/li>\n<li>Klarna - Payment on delivery with invoice<\/li>\n<li>PayPal<\/li>\n<li>Apple Pay<\/li>\n<li>Google Pay<\/li>\n<li>Bizum (for Spanish customers)<\/li>\n<li>SEPA bank transfer<\/li>\n<li>Bancontact<\/li>\n<li>Commercial invoice for companies<\/li>\n<li>Payment in the showroom - Both card and cash (Only available on collection)<\/li>\n<\/ul>\n<h2>See also reviews of Salon For All<\/h2>\n<p>See also our reviews to take into account the experiences of our existing customers in your decision to order Barber Chair Carlos Extra Black with us. Through our independent online shop quality seal Webwinkelkeur, verified reviews are automatically collected from customers who have completed an order with us. You can find them behind the pink button in our online shop or they are listed below the products.<\/p>\n<p>Please also share your experience after your purchase with your Carlos Extra Black Barber Chair order and your experience with the ordering process or contacting Salon For All to inspire others!<\/p>\n<h2>Contact Salon For All<\/h2>\n<p>Contact us then. We will be happy to help you with your purchase of Sill\u00f3n De Barbero Carlos Extra Black. On weekdays we are best available between 8.30am and 5.00pm via the telephone number and email address at the top of the online shop or via the chat function. Out-of-hours enquiries are usually answered within 24 hours. It is also possible to visit us outside working days or office hours. However, an appointment must be made in advance.<\/p>\n<h2>Would you like to visit our showroom?<\/h2>\n<p>Would you prefer to see our Carlos Extra Black Barber Armchair or browse through our (online) shop offer together with our colleague? Then visit our showroom with more than 1000m\u00b2 of salon equipment and let yourself be inspired by our employees. Also if you like to get to know us pleasantly over a cup of coffee or tea, you are very welcome. We do not have all products in stock, so please let us know in advance that you would like to come. Always make an appointment in advance.<\/p>\n<h2>14 days of reflection and our return policy<\/h2>\n<p>Of course it may happen that the delivered Sill\u00f3n De Barbero Carlos Extra Black is not completely to your liking and you wish to return it. That is no problem at Salon For All. You must notify your return within 14 working days via info@salonforall.es. You will then first receive all instructions and conditions of return. Please note that Sill\u00f3n De Barbero Carlos Extra Black must not have been used, must contain all supplied parts and must be returned in the original packaging. Shipping costs for a return are always at the expense of the buyer on purchases through www.salonforall.es. You must arrange transport yourself with a transport company of your choice for a return. Once Sill\u00f3n De Barbero Carlos Extra Black has been returned, it will be checked for completeness and possible damage. Once the return has been approved, the purchase amount will be refunded within 5 working days to the bank account we have on record.<\/p>\n<h2>Who is Salon For All?<\/h2>\n<p>Salon For All is THE wholesaler for all salon equipment in Europe. Salon For All started in 2003 under the name Salonvoordeel and grew out of practice. The owners of Salon For All were experienced hairdressers and beauty specialists and have together more than 30 years of practical experience. In 2003 we launched Salonvoordeel.nl (Netherlands) and subsequently Salon For All was founded for the European market. Some of our employees started their own business and so the idea to launch a functional online shop for hairdressers and to help them with the equipment of their salon was born.<\/p>\n<p>Our showroom is located in Dinxperlo, directly on the border between the Netherlands and Germany. With our extensive experience in the industry, we can serve as a mirror and provide you with the right advice - we speak the same language! We advise, inspire, motivate and support you in the purchase of the Barber Chair Carlos Extra Black. Our suppliers are located all over Europe, from Germany, England, Italy to Poland.<\/p>","protected":false},"excerpt":{"rendered":"<p>The product Sill\u00f3n De Barbero Carlos Extra Negro is a high quality solution for any salon. The estimated delivery time is approximately 6 working days.<\/p>","protected":false},"featured_media":18368,"comment_status":"open","ping_status":"open","template":"","meta":[],"product_brand":[95],"product_cat":[96,97,199],"product_tag":[100,101,200],"class_list":{"0":"post-18367","1":"product","2":"type-product","3":"status-publish","4":"has-post-thumbnail","6":"product_brand-gabbiano","7":"product_cat-equipamiento-de-peluqueria","8":"product_cat-mobiliario-de-peluqueria","9":"product_cat-sillones-de-barbero","10":"product_tag-equipamiento-de-peluqueria","11":"product_tag-mobiliario-de-peluqueria","12":"product_tag-sillones-de-barbero","13":"pa_codigo-ean-7759","14":"pa_garantia-12-meses","15":"pa_marca-gabbiano","16":"pa_numero-de-articulo-6744","17":"pa_tiempo-estimado-de-entrega-4-5-dias-laborables","19":"first","20":"instock","21":"sale","22":"taxable","23":"shipping-taxable","24":"purchasable","25":"product-type-simple"},"yoast_head":"<!-- This site is optimized with the Yoast SEO plugin v27.6 - https:\/\/yoast.com\/product\/yoast-seo-wordpress\/ -->\n<title>Sill\u00f3n De Barbero Carlos Extra Negro comprar<\/title>\n<meta name=\"description\" content=\"Compra Sill\u00f3n De Barbero Carlos Extra Negro online o en el showroom en Salon For ALL Espa\u00f1a. El mayorista para salones, consultas y spas en Espa\u00f1a y Portugal.\" \/>\n<meta name=\"robots\" content=\"index, follow, max-snippet:-1, max-image-preview:large, max-video-preview:-1\" \/>\n<link rel=\"canonical\" href=\"https:\/\/salonforall.es\/en\/carlos-barber-chair-extra-black\/\" \/>\n<meta property=\"og:locale\" content=\"en_GB\" \/>\n<meta property=\"og:type\" content=\"article\" \/>\n<meta property=\"og:title\" content=\"Sill\u00f3n De Barbero Carlos Extra Negro\" \/>\n<meta property=\"og:description\" content=\"Compra Sill\u00f3n De Barbero Carlos Extra Negro online o en el showroom en Salon For ALL Espa\u00f1a. El mayorista para salones, consultas y spas en Espa\u00f1a y Portugal.\" \/>\n<meta property=\"og:url\" content=\"https:\/\/salonforall.es\/en\/carlos-barber-chair-extra-black\/\" \/>\n<meta property=\"og:site_name\" content=\"Salon For ALL Espa\u00f1a\" \/>\n<meta property=\"article:modified_time\" content=\"2026-03-24T16:34:52+00:00\" \/>\n<meta property=\"og:image\" content=\"https:\/\/salonforall.es\/wp-content\/uploads\/2025\/12\/Sillon-De-Barbero-Carlos-Extra-Negro.jpg\" \/>\n\t<meta property=\"og:image:width\" content=\"1200\" \/>\n\t<meta property=\"og:image:height\" content=\"1200\" \/>\n\t<meta property=\"og:image:type\" content=\"image\/jpeg\" \/>\n<meta name=\"twitter:card\" content=\"summary_large_image\" \/>\n<meta name=\"twitter:title\" content=\"Sill\u00f3n De Barbero Carlos Extra Negro\" \/>\n<meta name=\"twitter:label1\" content=\"Estimated reading time\" \/>\n\t<meta name=\"twitter:data1\" content=\"8 minutes\" \/>\n<script type=\"application\/ld+json\" class=\"yoast-schema-graph\">{\"@context\":\"https:\\\/\\\/schema.org\",\"@graph\":[{\"@type\":\"WebPage\",\"@id\":\"https:\\\/\\\/salonforall.es\\\/sillon-de-barbero-carlos-extra-negro\\\/\",\"url\":\"https:\\\/\\\/salonforall.es\\\/sillon-de-barbero-carlos-extra-negro\\\/\",\"name\":\"Sill\u00f3n De Barbero Carlos Extra Negro comprar\",\"isPartOf\":{\"@id\":\"https:\\\/\\\/salonforall.es\\\/#website\"},\"primaryImageOfPage\":{\"@id\":\"https:\\\/\\\/salonforall.es\\\/sillon-de-barbero-carlos-extra-negro\\\/#primaryimage\"},\"image\":{\"@id\":\"https:\\\/\\\/salonforall.es\\\/sillon-de-barbero-carlos-extra-negro\\\/#primaryimage\"},\"thumbnailUrl\":\"https:\\\/\\\/salonforall.es\\\/wp-content\\\/uploads\\\/2025\\\/12\\\/Sillon-De-Barbero-Carlos-Extra-Negro.jpg\",\"datePublished\":\"2025-12-02T14:03:59+00:00\",\"dateModified\":\"2026-03-24T16:34:52+00:00\",\"description\":\"Compra Sill\u00f3n De Barbero Carlos Extra Negro online o en el showroom en Salon For ALL Espa\u00f1a. El mayorista para salones, consultas y spas en Espa\u00f1a y Portugal.\",\"breadcrumb\":{\"@id\":\"https:\\\/\\\/salonforall.es\\\/sillon-de-barbero-carlos-extra-negro\\\/#breadcrumb\"},\"inLanguage\":\"en-GB\",\"potentialAction\":[{\"@type\":\"ReadAction\",\"target\":[\"https:\\\/\\\/salonforall.es\\\/sillon-de-barbero-carlos-extra-negro\\\/\"]}]},{\"@type\":\"ImageObject\",\"inLanguage\":\"en-GB\",\"@id\":\"https:\\\/\\\/salonforall.es\\\/sillon-de-barbero-carlos-extra-negro\\\/#primaryimage\",\"url\":\"https:\\\/\\\/salonforall.es\\\/wp-content\\\/uploads\\\/2025\\\/12\\\/Sillon-De-Barbero-Carlos-Extra-Negro.jpg\",\"contentUrl\":\"https:\\\/\\\/salonforall.es\\\/wp-content\\\/uploads\\\/2025\\\/12\\\/Sillon-De-Barbero-Carlos-Extra-Negro.jpg\",\"width\":1200,\"height\":1200,\"caption\":\"Sill\u00f3n De Barbero Carlos Extra Negro\"},{\"@type\":\"BreadcrumbList\",\"@id\":\"https:\\\/\\\/salonforall.es\\\/sillon-de-barbero-carlos-extra-negro\\\/#breadcrumb\",\"itemListElement\":[{\"@type\":\"ListItem\",\"position\":1,\"name\":\"Home\",\"item\":\"https:\\\/\\\/salonforall.es\\\/\"},{\"@type\":\"ListItem\",\"position\":2,\"name\":\"Winkel\",\"item\":\"https:\\\/\\\/salonforall.es\\\/winkel\\\/\"},{\"@type\":\"ListItem\",\"position\":3,\"name\":\"Sill\u00f3n De Barbero Carlos Extra Negro\"}]},{\"@type\":\"WebSite\",\"@id\":\"https:\\\/\\\/salonforall.es\\\/#website\",\"url\":\"https:\\\/\\\/salonforall.es\\\/\",\"name\":\"Salon For ALL Espa\u00f1a\",\"description\":\"Mayorista de mobiliario y suministros para consultorios y salones\",\"publisher\":{\"@id\":\"https:\\\/\\\/salonforall.es\\\/#organization\"},\"potentialAction\":[{\"@type\":\"SearchAction\",\"target\":{\"@type\":\"EntryPoint\",\"urlTemplate\":\"https:\\\/\\\/salonforall.es\\\/?s={search_term_string}\"},\"query-input\":{\"@type\":\"PropertyValueSpecification\",\"valueRequired\":true,\"valueName\":\"search_term_string\"}}],\"inLanguage\":\"en-GB\"},{\"@type\":\"Organization\",\"@id\":\"https:\\\/\\\/salonforall.es\\\/#organization\",\"name\":\"Salon For All B.V. Espa\u00f1a\",\"alternateName\":\"Salon For All B.V. Espa\u00f1a - Mayorista de equipamiento para consultas, salones y suministros\",\"url\":\"https:\\\/\\\/salonforall.es\\\/\",\"logo\":{\"@type\":\"ImageObject\",\"inLanguage\":\"en-GB\",\"@id\":\"https:\\\/\\\/salonforall.es\\\/#\\\/schema\\\/logo\\\/image\\\/\",\"url\":\"https:\\\/\\\/salonforall.es\\\/wp-content\\\/uploads\\\/2025\\\/11\\\/logo-salon-for-all-e1764543185849.png\",\"contentUrl\":\"https:\\\/\\\/salonforall.es\\\/wp-content\\\/uploads\\\/2025\\\/11\\\/logo-salon-for-all-e1764543185849.png\",\"width\":500,\"height\":150,\"caption\":\"Salon For All B.V. Espa\u00f1a\"},\"image\":{\"@id\":\"https:\\\/\\\/salonforall.es\\\/#\\\/schema\\\/logo\\\/image\\\/\"}}]}<\/script>\n<!-- \/ Yoast SEO plugin. -->","yoast_head_json":{"title":"Barber Armchair Carlos Extra Black buy","description":"Buy Sill\u00f3n De Barbero Carlos Extra Black online or in the showroom at Salon For ALL Spain. The wholesaler for salons, practices and spas in Spain and Portugal.","robots":{"index":"index","follow":"follow","max-snippet":"max-snippet:-1","max-image-preview":"max-image-preview:large","max-video-preview":"max-video-preview:-1"},"canonical":"https:\/\/salonforall.es\/en\/carlos-barber-chair-extra-black\/","og_locale":"en_GB","og_type":"article","og_title":"Sill\u00f3n De Barbero Carlos Extra Negro","og_description":"Compra Sill\u00f3n De Barbero Carlos Extra Negro online o en el showroom en Salon For ALL Espa\u00f1a. El mayorista para salones, consultas y spas en Espa\u00f1a y Portugal.","og_url":"https:\/\/salonforall.es\/en\/carlos-barber-chair-extra-black\/","og_site_name":"Salon For ALL Espa\u00f1a","article_modified_time":"2026-03-24T16:34:52+00:00","og_image":[{"width":1200,"height":1200,"url":"https:\/\/salonforall.es\/wp-content\/uploads\/2025\/12\/Sillon-De-Barbero-Carlos-Extra-Negro.jpg","type":"image\/jpeg"}],"twitter_card":"summary_large_image","twitter_title":"Sill\u00f3n De Barbero Carlos Extra Negro","twitter_misc":{"Estimated reading time":"8 minutes"},"schema":{"@context":"https:\/\/schema.org","@graph":[{"@type":"WebPage","@id":"https:\/\/salonforall.es\/sillon-de-barbero-carlos-extra-negro\/","url":"https:\/\/salonforall.es\/sillon-de-barbero-carlos-extra-negro\/","name":"Barber Armchair Carlos Extra Black buy","isPartOf":{"@id":"https:\/\/salonforall.es\/#website"},"primaryImageOfPage":{"@id":"https:\/\/salonforall.es\/sillon-de-barbero-carlos-extra-negro\/#primaryimage"},"image":{"@id":"https:\/\/salonforall.es\/sillon-de-barbero-carlos-extra-negro\/#primaryimage"},"thumbnailUrl":"https:\/\/salonforall.es\/wp-content\/uploads\/2025\/12\/Sillon-De-Barbero-Carlos-Extra-Negro.jpg","datePublished":"2025-12-02T14:03:59+00:00","dateModified":"2026-03-24T16:34:52+00:00","description":"Buy Sill\u00f3n De Barbero Carlos Extra Black online or in the showroom at Salon For ALL Spain. The wholesaler for salons, practices and spas in Spain and Portugal.","breadcrumb":{"@id":"https:\/\/salonforall.es\/sillon-de-barbero-carlos-extra-negro\/#breadcrumb"},"inLanguage":"en-GB","potentialAction":[{"@type":"ReadAction","target":["https:\/\/salonforall.es\/sillon-de-barbero-carlos-extra-negro\/"]}]},{"@type":"ImageObject","inLanguage":"en-GB","@id":"https:\/\/salonforall.es\/sillon-de-barbero-carlos-extra-negro\/#primaryimage","url":"https:\/\/salonforall.es\/wp-content\/uploads\/2025\/12\/Sillon-De-Barbero-Carlos-Extra-Negro.jpg","contentUrl":"https:\/\/salonforall.es\/wp-content\/uploads\/2025\/12\/Sillon-De-Barbero-Carlos-Extra-Negro.jpg","width":1200,"height":1200,"caption":"Sill\u00f3n De Barbero Carlos Extra Negro"},{"@type":"BreadcrumbList","@id":"https:\/\/salonforall.es\/sillon-de-barbero-carlos-extra-negro\/#breadcrumb","itemListElement":[{"@type":"ListItem","position":1,"name":"Home","item":"https:\/\/salonforall.es\/"},{"@type":"ListItem","position":2,"name":"Winkel","item":"https:\/\/salonforall.es\/winkel\/"},{"@type":"ListItem","position":3,"name":"Sill\u00f3n De Barbero Carlos Extra Negro"}]},{"@type":"WebSite","@id":"https:\/\/salonforall.es\/#website","url":"https:\/\/salonforall.es\/","name":"Salon For ALL Spain","description":"Wholesaler of salon and practice furniture and supplies","publisher":{"@id":"https:\/\/salonforall.es\/#organization"},"potentialAction":[{"@type":"SearchAction","target":{"@type":"EntryPoint","urlTemplate":"https:\/\/salonforall.es\/?s={search_term_string}"},"query-input":{"@type":"PropertyValueSpecification","valueRequired":true,"valueName":"search_term_string"}}],"inLanguage":"en-GB"},{"@type":"Organization","@id":"https:\/\/salonforall.es\/#organization","name":"Salon For All B.V. Spain","alternateName":"Salon For All B.V. Espa\u00f1a - Mayorista de equipamiento para consultas, salones y suministros","url":"https:\/\/salonforall.es\/","logo":{"@type":"ImageObject","inLanguage":"en-GB","@id":"https:\/\/salonforall.es\/#\/schema\/logo\/image\/","url":"https:\/\/salonforall.es\/wp-content\/uploads\/2025\/11\/logo-salon-for-all-e1764543185849.png","contentUrl":"https:\/\/salonforall.es\/wp-content\/uploads\/2025\/11\/logo-salon-for-all-e1764543185849.png","width":500,"height":150,"caption":"Salon For All B.V. Espa\u00f1a"},"image":{"@id":"https:\/\/salonforall.es\/#\/schema\/logo\/image\/"}}]}},"_links":{"self":[{"href":"https:\/\/salonforall.es\/en\/wp-json\/wp\/v2\/product\/18367","targetHints":{"allow":["GET"]}}],"collection":[{"href":"https:\/\/salonforall.es\/en\/wp-json\/wp\/v2\/product"}],"about":[{"href":"https:\/\/salonforall.es\/en\/wp-json\/wp\/v2\/types\/product"}],"replies":[{"embeddable":true,"href":"https:\/\/salonforall.es\/en\/wp-json\/wp\/v2\/comments?post=18367"}],"wp:featuredmedia":[{"embeddable":true,"href":"https:\/\/salonforall.es\/en\/wp-json\/wp\/v2\/media\/18368"}],"wp:attachment":[{"href":"https:\/\/salonforall.es\/en\/wp-json\/wp\/v2\/media?parent=18367"}],"wp:term":[{"taxonomy":"product_brand","embeddable":true,"href":"https:\/\/salonforall.es\/en\/wp-json\/wp\/v2\/product_brand?post=18367"},{"taxonomy":"product_cat","embeddable":true,"href":"https:\/\/salonforall.es\/en\/wp-json\/wp\/v2\/product_cat?post=18367"},{"taxonomy":"product_tag","embeddable":true,"href":"https:\/\/salonforall.es\/en\/wp-json\/wp\/v2\/product_tag?post=18367"}],"curies":[{"name":"wp","href":"https:\/\/api.w.org\/{rel}","templated":true}]}}