{"id":18188,"date":"2025-12-02T15:00:20","date_gmt":"2025-12-02T14:00:20","guid":{"rendered":"https:\/\/salonforall.es\/product\/farmona-gel-suavizante-express-para-manos-y-unas-artist-para-eliminar-cuticulas-alrededor-de-las-unas-50-ml\/"},"modified":"2026-03-24T17:34:32","modified_gmt":"2026-03-24T16:34:32","slug":"farmona-express-softening-gel-for-hands-and-artist-to-remove-cuticles-around-the-hands-50-ml","status":"publish","type":"product","link":"https:\/\/salonforall.es\/en\/farmona-gel-suavizante-express-para-manos-y-unas-artist-para-eliminar-cuticulas-alrededor-de-las-unas-50-ml\/","title":{"rendered":"Farmona Express Smoothing Hand &amp; Nail Gel Artist To Remove Cuticles Around Nails 50 Ml"},"content":{"rendered":"<h2>Information about Farmona Express Hand &amp; Nail Softener Gel Artist To Remove Cuticles Around Nails 50 Ml with article number 152223<\/h2>\n<p>Farmona HANDS AND NAILS ARTIST Express softening gel to remove cuticles around the nails 50 ml.<\/p>\n<p>INTENDED USE:<br \/>professional manicure, to remove dry, overgrown and frayed cuticles around the fingernails, cleaning the nail plate from the epidermis.<\/p>\n<p>EFFECTS:<br \/>Express and effective smoothing, allowing you to easily push back and\/or remove excess cuticles around the nails in seconds or so, counteracting traction, cracking and cuticle growth on the nail plate, cleaning the nail plate of overlapping cuticles, smoothing and moisturising.<\/p>\n<p>ACTIVE INGREDIENTS:<br \/>CUTICLE REMOVING FORMULA, panthenol.<\/p>\n<p>INSTRUCTIONS FOR USE:<br \/>Apply a dose of the product on the cuticle around the nail and the nail plate, where the cuticle overlaps, let it dry, but not more than 1 minute, and then gently remove the cuticles with a stick. Wash off excess product with warm soapy water.<\/p>\n<p>Activeshop products are proportionally cheaper than many other brands\/suppliers. The price is in relation to the quality. Farmona Express Smoothing Gel For Hands &amp; Nails Artist To Remove Cuticles Around The Nails 50 Ml is therefore an affordable solution for your salon.<\/p>\n<h2>How is Farmona Express Hand &amp; Nail Softener Gel Artist For Removing Cuticles Around Nails 50 Ml delivered?<\/h2>\n<p>Farmona Gel Suavizante Express Para Manos Y N\u00f1as Artist Para Eliminar Cut\u00edculas Alrededor De Las N\u00f1as 50 Ml is delivered in the original packaging(s). Within Spain the shipping of Farmona Gel Suavizante Express Para Manos Y N\u00f1as Artist Para Eliminar Cut\u00edculas Alrededor De Las N\u00f1as 50 Ml is completely free of charge for orders over 100,- euros. For deliveries to other countries separate shipping rates apply. You can check these rates with us or view them in the shopping cart. Farmona Express Hand &amp; Nail Softener Gel Artist To Remove Cuticles Around The Nails 50 Ml is shipped via an external courier service.<\/p>\n<p>Packages or pallets are delivered as standard up to the front door threshold, even if you are located in a collective building, apartment building or apartment complex with a lift (provided the item fits in the lift). No lift available or item does not fit in the lift? Then we deliver up to the threshold of the ground floor.<\/p>\n<p>Do you still have questions about delivery or a special situation? Contact us and we will be happy to help you!<\/p>\n<p>*Items are not unpacked or assembled as standard. In special situations you can contact us to make arrangements.<\/p>\n<h2>Secure online shopping at Salon For All with the Webwinkelkeur seal of quality and SSL encryption.<\/h2>\n<p>It is important to us that our customers can shop safely in our online shop. We have been affiliated with the national quality seal Webwinkelkeur since 2019. Our identity has been verified and checked by them, and the online shop has been checked and legally approved. Furthermore, our online shop is affiliated with them for conflict mediation. You can see the logo with all the information of this online shop quality seal on the left or right side of the online shop (pink button with white). In addition, our site is protected with an SSL certificate so that you can surf securely with us. In the bar of your Internet browser, where our website appears, you will see a padlock icon. If you click on the padlock, you will get all the information about our security. This way you know that your order for Farmona Express Hand &amp; Nail Softener Gel Artist To Remove Cuticles Around The Nails 50 Ml and your personal data are processed securely.<\/p>\n<h2>How can I pay for Farmona Express Hand &amp; Nail Softener Gel Artist To Remove Cuticles Around Nails 50 Ml?<\/h2>\n<p>We want to make it as easy as possible for you. That's why at Salon For All you can pay with all popular payment methods. Pay in advance, on delivery or afterwards - everything is possible. See here for all the payment methods we offer:<\/p>\n<ul>\n<li>iDEAL<\/li>\n<li>Credit card (Visa, Mastercard, American Express)<\/li>\n<li>Klarna - Payment on delivery with invoice<\/li>\n<li>PayPal<\/li>\n<li>Apple Pay<\/li>\n<li>Google Pay<\/li>\n<li>Bizum (for Spanish customers)<\/li>\n<li>SEPA bank transfer<\/li>\n<li>Bancontact<\/li>\n<li>Commercial invoice for companies<\/li>\n<li>Payment in the showroom - Both card and cash (Only available on collection)<\/li>\n<\/ul>\n<h2>See also reviews of Salon For All<\/h2>\n<p>Please also check our reviews to take into account the experiences of our current customers in your decision to order Farmona Express Hand &amp; Nail Softener Gel Artist To Remove Cuticles Around The Nails 50 Ml with us. Through our independent online shop quality seal Webwinkelkeur, verified reviews are automatically collected from customers who have completed an order with us. You can find them behind the pink button in our online shop or they are listed under the products.<\/p>\n<p>Please also share your experience after your purchase with your Farmona Express Hand &amp; Nail Softener Gel Artist To Remove Cuticles Around Nails 50 Ml order and your experience with the purchase process or contact with Salon For All to inspire others!<\/p>\n<h2>Contact Salon For All<\/h2>\n<p>Contact us then. We will be happy to help you with the purchase of Farmona Express Hand &amp; Nail Softener Gel Artist To Remove Cuticles Around Nails 50 Ml. On weekdays we are best available between 8.30 a.m. and 5 p.m. via the telephone number and email address at the top of the online shop or via the chat function. Out-of-hours enquiries are usually answered within 24 hours. It is also possible to visit us outside working days or office hours. However, an appointment must be made in advance.<\/p>\n<h2>Would you like to visit our showroom?<\/h2>\n<p>Would you prefer to see Farmona Express Hand &amp; Nail Softener Gel Artist To Remove Cuticles Around Nails 50 Ml or browse through our (online) shop offer together with our colleague? Then visit our showroom with more than 1000m\u00b2 of salon equipment and be inspired by our employees. Also if you like to get to know us pleasantly over a cup of coffee or tea, you are very welcome. We do not have all products in stock, so please let us know in advance that you would like to come. Always make an appointment in advance.<\/p>\n<h2>14 days of reflection and our return policy<\/h2>\n<p>Of course it can happen that Farmona Express Hand &amp; Nail Softener Gel Artist To Remove Cuticles Around The Nails 50 Ml delivered is not completely to your liking and you wish to return it. This is no problem at Salon For All. You must notify your return within 14 working days via info@salonforall.es. You will then first receive all return instructions and conditions. Please note that Farmona Express Smoothing Gel For Hands &amp; Nails Artist To Remove Cuticles Around The Nails 50 Ml must not have been used, must contain all supplied parts and must be returned in the original packaging. Shipping costs for a return are always at the expense of the purchaser for purchases through www.salonforall.es. You must arrange transport yourself with a carrier of your choice for a return. Once Farmona Express Hand &amp; Nail Softener Gel Artist To Remove Cuticles Around The Nails 50 Ml has been returned, it will be checked for completeness and possible damage. Once the return has been approved, the purchase amount will be refunded within 5 working days to the bank account we have on record.<\/p>\n<h2>Who is Salon For All?<\/h2>\n<p>Salon For All is THE wholesaler for all salon equipment in Europe. Salon For All started in 2003 under the name Salonvoordeel and grew out of practice. The owners of Salon For All were experienced hairdressers and beauty specialists and have together more than 30 years of practical experience. In 2003 we launched Salonvoordeel.nl (Netherlands) and subsequently Salon For All was founded for the European market. Some of our employees started their own business and so the idea to launch a functional online shop for hairdressers and to help them with the equipment of their salon was born.<\/p>\n<p>Our showroom is located in Dinxperlo, directly on the border between the Netherlands and Germany. With our many years of experience in the industry, we can serve as a mirror and provide you with the right advice - we speak the same language! We advise, inspire, motivate and support you in the purchase of Farmona Express Hand &amp; Nail Softener Gel Artist To Remove Cuticles Around The Nails 50 Ml. Our suppliers are located all over Europe, from Germany, England, Italy to Poland.<\/p>","protected":false},"excerpt":{"rendered":"<p>The product Farmona Express Smoothing Gel For Hands &amp; Nails Artist To Remove Cuticles Around The Nails 50 Ml is a high quality solution for any salon. Estimated delivery time is approximately 6 working days.<\/p>","protected":false},"featured_media":18189,"comment_status":"open","ping_status":"open","template":"","meta":[],"product_brand":[2561],"product_cat":[2699,2562,76,2563],"product_tag":[2700,2565,79,2566],"class_list":{"0":"post-18188","1":"product","2":"type-product","3":"status-publish","4":"has-post-thumbnail","6":"product_brand-farmona","7":"product_cat-artista-de-manos-y-unas-manicura-profesional","8":"product_cat-cosmetica-farmona","9":"product_cat-cosmetica-profesional","10":"product_cat-cuidado-de-manos","11":"product_tag-artista-de-manos-y-unas-manicura-profesional","12":"product_tag-cosmetica-farmona","13":"product_tag-cosmetica-profesional","14":"product_tag-cuidado-de-manos","15":"pa_codigo-ean-7762","16":"pa_garantia-12-meses","17":"pa_marca-farmona","18":"pa_numero-de-articulo-6688","19":"pa_tiempo-estimado-de-entrega-4-5-dias-laborables","21":"first","22":"instock","23":"sale","24":"taxable","25":"shipping-taxable","26":"purchasable","27":"product-type-simple"},"yoast_head":"<!-- This site is optimized with the Yoast SEO plugin v27.6 - https:\/\/yoast.com\/product\/yoast-seo-wordpress\/ -->\n<title>Farmona Gel Suavizante Express Para Manos Y U\u00f1as Artist Para Eliminar Cut\u00edculas Alrededor De Las U\u00f1as 50 Ml comprar<\/title>\n<meta name=\"description\" content=\"Compra Farmona Gel Suavizante Express Para Manos Y U\u00f1as Artist Para Eliminar Cut\u00edculas Alrededor De Las U\u00f1as 50 Ml online o en el showroom en Salon For ALL Espa\u00f1a. El mayorista para salones, consultas y spas en Espa\u00f1a y Portugal.\" \/>\n<meta name=\"robots\" content=\"index, follow, max-snippet:-1, max-image-preview:large, max-video-preview:-1\" \/>\n<link rel=\"canonical\" href=\"https:\/\/salonforall.es\/en\/farmona-express-softening-gel-for-hands-and-artist-to-remove-cuticles-around-the-hands-50-ml\/\" \/>\n<meta property=\"og:locale\" content=\"en_GB\" \/>\n<meta property=\"og:type\" content=\"article\" \/>\n<meta property=\"og:title\" content=\"Farmona Gel Suavizante Express Para Manos Y U\u00f1as Artist Para Eliminar Cut\u00edculas Alrededor De Las U\u00f1as 50 Ml\" \/>\n<meta property=\"og:description\" content=\"Compra Farmona Gel Suavizante Express Para Manos Y U\u00f1as Artist Para Eliminar Cut\u00edculas Alrededor De Las U\u00f1as 50 Ml online o en el showroom en Salon For ALL Espa\u00f1a. El mayorista para salones, consultas y spas en Espa\u00f1a y Portugal.\" \/>\n<meta property=\"og:url\" content=\"https:\/\/salonforall.es\/en\/farmona-express-softening-gel-for-hands-and-artist-to-remove-cuticles-around-the-hands-50-ml\/\" \/>\n<meta property=\"og:site_name\" content=\"Salon For ALL Espa\u00f1a\" \/>\n<meta property=\"article:modified_time\" content=\"2026-03-24T16:34:32+00:00\" \/>\n<meta property=\"og:image\" content=\"https:\/\/salonforall.es\/wp-content\/uploads\/2025\/12\/Farmona-Gel-Suavizante-Express-Para-Manos-Y-Unas-Artist-Para-Eliminar-Cuticulas-Alrededor-De-Las-Unas-50-Ml.jpg\" \/>\n\t<meta property=\"og:image:width\" content=\"1200\" \/>\n\t<meta property=\"og:image:height\" content=\"1200\" \/>\n\t<meta property=\"og:image:type\" content=\"image\/jpeg\" \/>\n<meta name=\"twitter:card\" content=\"summary_large_image\" \/>\n<meta name=\"twitter:title\" content=\"Farmona Gel Suavizante Express Para Manos Y U\u00f1as Artist Para Eliminar Cut\u00edculas Alrededor De Las U\u00f1as 50 Ml\" \/>\n<meta name=\"twitter:label1\" content=\"Estimated reading time\" \/>\n\t<meta name=\"twitter:data1\" content=\"8 minutes\" \/>\n<script type=\"application\/ld+json\" class=\"yoast-schema-graph\">{\"@context\":\"https:\\\/\\\/schema.org\",\"@graph\":[{\"@type\":\"WebPage\",\"@id\":\"https:\\\/\\\/salonforall.es\\\/farmona-gel-suavizante-express-para-manos-y-unas-artist-para-eliminar-cuticulas-alrededor-de-las-unas-50-ml\\\/\",\"url\":\"https:\\\/\\\/salonforall.es\\\/farmona-gel-suavizante-express-para-manos-y-unas-artist-para-eliminar-cuticulas-alrededor-de-las-unas-50-ml\\\/\",\"name\":\"Farmona Gel Suavizante Express Para Manos Y U\u00f1as Artist Para Eliminar Cut\u00edculas Alrededor De Las U\u00f1as 50 Ml comprar\",\"isPartOf\":{\"@id\":\"https:\\\/\\\/salonforall.es\\\/#website\"},\"primaryImageOfPage\":{\"@id\":\"https:\\\/\\\/salonforall.es\\\/farmona-gel-suavizante-express-para-manos-y-unas-artist-para-eliminar-cuticulas-alrededor-de-las-unas-50-ml\\\/#primaryimage\"},\"image\":{\"@id\":\"https:\\\/\\\/salonforall.es\\\/farmona-gel-suavizante-express-para-manos-y-unas-artist-para-eliminar-cuticulas-alrededor-de-las-unas-50-ml\\\/#primaryimage\"},\"thumbnailUrl\":\"https:\\\/\\\/salonforall.es\\\/wp-content\\\/uploads\\\/2025\\\/12\\\/Farmona-Gel-Suavizante-Express-Para-Manos-Y-Unas-Artist-Para-Eliminar-Cuticulas-Alrededor-De-Las-Unas-50-Ml.jpg\",\"datePublished\":\"2025-12-02T14:00:20+00:00\",\"dateModified\":\"2026-03-24T16:34:32+00:00\",\"description\":\"Compra Farmona Gel Suavizante Express Para Manos Y U\u00f1as Artist Para Eliminar Cut\u00edculas Alrededor De Las U\u00f1as 50 Ml online o en el showroom en Salon For ALL Espa\u00f1a. El mayorista para salones, consultas y spas en Espa\u00f1a y Portugal.\",\"breadcrumb\":{\"@id\":\"https:\\\/\\\/salonforall.es\\\/farmona-gel-suavizante-express-para-manos-y-unas-artist-para-eliminar-cuticulas-alrededor-de-las-unas-50-ml\\\/#breadcrumb\"},\"inLanguage\":\"en-GB\",\"potentialAction\":[{\"@type\":\"ReadAction\",\"target\":[\"https:\\\/\\\/salonforall.es\\\/farmona-gel-suavizante-express-para-manos-y-unas-artist-para-eliminar-cuticulas-alrededor-de-las-unas-50-ml\\\/\"]}]},{\"@type\":\"ImageObject\",\"inLanguage\":\"en-GB\",\"@id\":\"https:\\\/\\\/salonforall.es\\\/farmona-gel-suavizante-express-para-manos-y-unas-artist-para-eliminar-cuticulas-alrededor-de-las-unas-50-ml\\\/#primaryimage\",\"url\":\"https:\\\/\\\/salonforall.es\\\/wp-content\\\/uploads\\\/2025\\\/12\\\/Farmona-Gel-Suavizante-Express-Para-Manos-Y-Unas-Artist-Para-Eliminar-Cuticulas-Alrededor-De-Las-Unas-50-Ml.jpg\",\"contentUrl\":\"https:\\\/\\\/salonforall.es\\\/wp-content\\\/uploads\\\/2025\\\/12\\\/Farmona-Gel-Suavizante-Express-Para-Manos-Y-Unas-Artist-Para-Eliminar-Cuticulas-Alrededor-De-Las-Unas-50-Ml.jpg\",\"width\":1200,\"height\":1200,\"caption\":\"Farmona Gel Suavizante Express Para Manos Y U\u00f1as Artist Para Eliminar Cut\u00edculas Alrededor De Las U\u00f1as 50 Ml\"},{\"@type\":\"BreadcrumbList\",\"@id\":\"https:\\\/\\\/salonforall.es\\\/farmona-gel-suavizante-express-para-manos-y-unas-artist-para-eliminar-cuticulas-alrededor-de-las-unas-50-ml\\\/#breadcrumb\",\"itemListElement\":[{\"@type\":\"ListItem\",\"position\":1,\"name\":\"Home\",\"item\":\"https:\\\/\\\/salonforall.es\\\/\"},{\"@type\":\"ListItem\",\"position\":2,\"name\":\"Winkel\",\"item\":\"https:\\\/\\\/salonforall.es\\\/winkel\\\/\"},{\"@type\":\"ListItem\",\"position\":3,\"name\":\"Farmona Gel Suavizante Express Para Manos Y U\u00f1as Artist Para Eliminar Cut\u00edculas Alrededor De Las U\u00f1as 50 Ml\"}]},{\"@type\":\"WebSite\",\"@id\":\"https:\\\/\\\/salonforall.es\\\/#website\",\"url\":\"https:\\\/\\\/salonforall.es\\\/\",\"name\":\"Salon For ALL Espa\u00f1a\",\"description\":\"Mayorista de mobiliario y suministros para consultorios y salones\",\"publisher\":{\"@id\":\"https:\\\/\\\/salonforall.es\\\/#organization\"},\"potentialAction\":[{\"@type\":\"SearchAction\",\"target\":{\"@type\":\"EntryPoint\",\"urlTemplate\":\"https:\\\/\\\/salonforall.es\\\/?s={search_term_string}\"},\"query-input\":{\"@type\":\"PropertyValueSpecification\",\"valueRequired\":true,\"valueName\":\"search_term_string\"}}],\"inLanguage\":\"en-GB\"},{\"@type\":\"Organization\",\"@id\":\"https:\\\/\\\/salonforall.es\\\/#organization\",\"name\":\"Salon For All B.V. Espa\u00f1a\",\"alternateName\":\"Salon For All B.V. Espa\u00f1a - Mayorista de equipamiento para consultas, salones y suministros\",\"url\":\"https:\\\/\\\/salonforall.es\\\/\",\"logo\":{\"@type\":\"ImageObject\",\"inLanguage\":\"en-GB\",\"@id\":\"https:\\\/\\\/salonforall.es\\\/#\\\/schema\\\/logo\\\/image\\\/\",\"url\":\"https:\\\/\\\/salonforall.es\\\/wp-content\\\/uploads\\\/2025\\\/11\\\/logo-salon-for-all-e1764543185849.png\",\"contentUrl\":\"https:\\\/\\\/salonforall.es\\\/wp-content\\\/uploads\\\/2025\\\/11\\\/logo-salon-for-all-e1764543185849.png\",\"width\":500,\"height\":150,\"caption\":\"Salon For All B.V. Espa\u00f1a\"},\"image\":{\"@id\":\"https:\\\/\\\/salonforall.es\\\/#\\\/schema\\\/logo\\\/image\\\/\"}}]}<\/script>\n<!-- \/ Yoast SEO plugin. -->","yoast_head_json":{"title":"Farmona Express Hand &amp; Nail Softener Gel Artist For Cuticle Removal Around Nails 50 Ml buy","description":"Buy Farmona Express Smoothing Gel For Hands &amp; Nails Artist To Remove Cuticles Around The Nails 50 Ml online or in the showroom at Salon For ALL Spain. The wholesaler for salons, practices and spas in Spain and Portugal.","robots":{"index":"index","follow":"follow","max-snippet":"max-snippet:-1","max-image-preview":"max-image-preview:large","max-video-preview":"max-video-preview:-1"},"canonical":"https:\/\/salonforall.es\/en\/farmona-express-softening-gel-for-hands-and-artist-to-remove-cuticles-around-the-hands-50-ml\/","og_locale":"en_GB","og_type":"article","og_title":"Farmona Gel Suavizante Express Para Manos Y U\u00f1as Artist Para Eliminar Cut\u00edculas Alrededor De Las U\u00f1as 50 Ml","og_description":"Compra Farmona Gel Suavizante Express Para Manos Y U\u00f1as Artist Para Eliminar Cut\u00edculas Alrededor De Las U\u00f1as 50 Ml online o en el showroom en Salon For ALL Espa\u00f1a. El mayorista para salones, consultas y spas en Espa\u00f1a y Portugal.","og_url":"https:\/\/salonforall.es\/en\/farmona-express-softening-gel-for-hands-and-artist-to-remove-cuticles-around-the-hands-50-ml\/","og_site_name":"Salon For ALL Espa\u00f1a","article_modified_time":"2026-03-24T16:34:32+00:00","og_image":[{"width":1200,"height":1200,"url":"https:\/\/salonforall.es\/wp-content\/uploads\/2025\/12\/Farmona-Gel-Suavizante-Express-Para-Manos-Y-Unas-Artist-Para-Eliminar-Cuticulas-Alrededor-De-Las-Unas-50-Ml.jpg","type":"image\/jpeg"}],"twitter_card":"summary_large_image","twitter_title":"Farmona Gel Suavizante Express Para Manos Y U\u00f1as Artist Para Eliminar Cut\u00edculas Alrededor De Las U\u00f1as 50 Ml","twitter_misc":{"Estimated reading time":"8 minutes"},"schema":{"@context":"https:\/\/schema.org","@graph":[{"@type":"WebPage","@id":"https:\/\/salonforall.es\/farmona-gel-suavizante-express-para-manos-y-unas-artist-para-eliminar-cuticulas-alrededor-de-las-unas-50-ml\/","url":"https:\/\/salonforall.es\/farmona-gel-suavizante-express-para-manos-y-unas-artist-para-eliminar-cuticulas-alrededor-de-las-unas-50-ml\/","name":"Farmona Express Hand &amp; Nail Softener Gel Artist For Cuticle Removal Around Nails 50 Ml buy","isPartOf":{"@id":"https:\/\/salonforall.es\/#website"},"primaryImageOfPage":{"@id":"https:\/\/salonforall.es\/farmona-gel-suavizante-express-para-manos-y-unas-artist-para-eliminar-cuticulas-alrededor-de-las-unas-50-ml\/#primaryimage"},"image":{"@id":"https:\/\/salonforall.es\/farmona-gel-suavizante-express-para-manos-y-unas-artist-para-eliminar-cuticulas-alrededor-de-las-unas-50-ml\/#primaryimage"},"thumbnailUrl":"https:\/\/salonforall.es\/wp-content\/uploads\/2025\/12\/Farmona-Gel-Suavizante-Express-Para-Manos-Y-Unas-Artist-Para-Eliminar-Cuticulas-Alrededor-De-Las-Unas-50-Ml.jpg","datePublished":"2025-12-02T14:00:20+00:00","dateModified":"2026-03-24T16:34:32+00:00","description":"Buy Farmona Express Smoothing Gel For Hands &amp; Nails Artist To Remove Cuticles Around The Nails 50 Ml online or in the showroom at Salon For ALL Spain. The wholesaler for salons, practices and spas in Spain and Portugal.","breadcrumb":{"@id":"https:\/\/salonforall.es\/farmona-gel-suavizante-express-para-manos-y-unas-artist-para-eliminar-cuticulas-alrededor-de-las-unas-50-ml\/#breadcrumb"},"inLanguage":"en-GB","potentialAction":[{"@type":"ReadAction","target":["https:\/\/salonforall.es\/farmona-gel-suavizante-express-para-manos-y-unas-artist-para-eliminar-cuticulas-alrededor-de-las-unas-50-ml\/"]}]},{"@type":"ImageObject","inLanguage":"en-GB","@id":"https:\/\/salonforall.es\/farmona-gel-suavizante-express-para-manos-y-unas-artist-para-eliminar-cuticulas-alrededor-de-las-unas-50-ml\/#primaryimage","url":"https:\/\/salonforall.es\/wp-content\/uploads\/2025\/12\/Farmona-Gel-Suavizante-Express-Para-Manos-Y-Unas-Artist-Para-Eliminar-Cuticulas-Alrededor-De-Las-Unas-50-Ml.jpg","contentUrl":"https:\/\/salonforall.es\/wp-content\/uploads\/2025\/12\/Farmona-Gel-Suavizante-Express-Para-Manos-Y-Unas-Artist-Para-Eliminar-Cuticulas-Alrededor-De-Las-Unas-50-Ml.jpg","width":1200,"height":1200,"caption":"Farmona Gel Suavizante Express Para Manos Y U\u00f1as Artist Para Eliminar Cut\u00edculas Alrededor De Las U\u00f1as 50 Ml"},{"@type":"BreadcrumbList","@id":"https:\/\/salonforall.es\/farmona-gel-suavizante-express-para-manos-y-unas-artist-para-eliminar-cuticulas-alrededor-de-las-unas-50-ml\/#breadcrumb","itemListElement":[{"@type":"ListItem","position":1,"name":"Home","item":"https:\/\/salonforall.es\/"},{"@type":"ListItem","position":2,"name":"Winkel","item":"https:\/\/salonforall.es\/winkel\/"},{"@type":"ListItem","position":3,"name":"Farmona Gel Suavizante Express Para Manos Y U\u00f1as Artist Para Eliminar Cut\u00edculas Alrededor De Las U\u00f1as 50 Ml"}]},{"@type":"WebSite","@id":"https:\/\/salonforall.es\/#website","url":"https:\/\/salonforall.es\/","name":"Salon For ALL Spain","description":"Wholesaler of salon and practice furniture and supplies","publisher":{"@id":"https:\/\/salonforall.es\/#organization"},"potentialAction":[{"@type":"SearchAction","target":{"@type":"EntryPoint","urlTemplate":"https:\/\/salonforall.es\/?s={search_term_string}"},"query-input":{"@type":"PropertyValueSpecification","valueRequired":true,"valueName":"search_term_string"}}],"inLanguage":"en-GB"},{"@type":"Organization","@id":"https:\/\/salonforall.es\/#organization","name":"Salon For All B.V. Spain","alternateName":"Salon For All B.V. Espa\u00f1a - Mayorista de equipamiento para consultas, salones y suministros","url":"https:\/\/salonforall.es\/","logo":{"@type":"ImageObject","inLanguage":"en-GB","@id":"https:\/\/salonforall.es\/#\/schema\/logo\/image\/","url":"https:\/\/salonforall.es\/wp-content\/uploads\/2025\/11\/logo-salon-for-all-e1764543185849.png","contentUrl":"https:\/\/salonforall.es\/wp-content\/uploads\/2025\/11\/logo-salon-for-all-e1764543185849.png","width":500,"height":150,"caption":"Salon For All B.V. Espa\u00f1a"},"image":{"@id":"https:\/\/salonforall.es\/#\/schema\/logo\/image\/"}}]}},"_links":{"self":[{"href":"https:\/\/salonforall.es\/en\/wp-json\/wp\/v2\/product\/18188","targetHints":{"allow":["GET"]}}],"collection":[{"href":"https:\/\/salonforall.es\/en\/wp-json\/wp\/v2\/product"}],"about":[{"href":"https:\/\/salonforall.es\/en\/wp-json\/wp\/v2\/types\/product"}],"replies":[{"embeddable":true,"href":"https:\/\/salonforall.es\/en\/wp-json\/wp\/v2\/comments?post=18188"}],"wp:featuredmedia":[{"embeddable":true,"href":"https:\/\/salonforall.es\/en\/wp-json\/wp\/v2\/media\/18189"}],"wp:attachment":[{"href":"https:\/\/salonforall.es\/en\/wp-json\/wp\/v2\/media?parent=18188"}],"wp:term":[{"taxonomy":"product_brand","embeddable":true,"href":"https:\/\/salonforall.es\/en\/wp-json\/wp\/v2\/product_brand?post=18188"},{"taxonomy":"product_cat","embeddable":true,"href":"https:\/\/salonforall.es\/en\/wp-json\/wp\/v2\/product_cat?post=18188"},{"taxonomy":"product_tag","embeddable":true,"href":"https:\/\/salonforall.es\/en\/wp-json\/wp\/v2\/product_tag?post=18188"}],"curies":[{"name":"wp","href":"https:\/\/api.w.org\/{rel}","templated":true}]}}