{"id":17970,"date":"2025-12-02T14:58:22","date_gmt":"2025-12-02T13:58:22","guid":{"rendered":"https:\/\/salonforall.es\/product\/lampara-uv-led-ocho-nails-x13-65w-blanca-con-fondo-de-espejo\/"},"modified":"2026-03-24T17:34:15","modified_gmt":"2026-03-24T16:34:15","slug":"eight-nails-uv-led-lamp-x13-65w-white-with-mirror-backing","status":"publish","type":"product","link":"https:\/\/salonforall.es\/en\/lampara-uv-led-ocho-nails-x13-65w-blanca-con-fondo-de-espejo\/","title":{"rendered":"Eight Nails Uv Led Lamp X13 65W White With Mirror Backing"},"content":{"rendered":"<h2>Information about Ocho Nails Uv Led Lamp X13 65W White With Mirror Back with article number 150706<\/h2>\n<p><strong>OCHO NAILS<\/strong> is a unique brand specialising in professional products for nail stylists. Its range includes hybrid polishes, gels, professional lamps and nail care accessories. The products <strong>OCHO NAILS<\/strong> meet the needs of both experienced users and beginners.<\/p>\n<p><img decoding=\"async\" src=\"https:\/\/activeshop.com.pl\/media\/wysiwyg\/product\/150706\/EN_150706_1.jpg\"><\/p>\n<h2><strong>Device for a perfect manicure<\/strong><\/h2>\n<p><strong>The Ocho Nails X13 Nail Lamp with mirrored base<\/strong> is a device that allows easy manicure and pedicure treatments with hybrid polishes, gels or other light-curing preparations. The evenly distributed diodes and the Dual Led technology guarantee a perfect fixation of the nail design. <strong>Minimalist design, user-friendliness and practical functions<\/strong> make the lamp perfect for both professional and domestic use.<\/p>\n<p><img decoding=\"async\" src=\"https:\/\/activeshop.com.pl\/media\/wysiwyg\/product\/150706\/EN_150706_2.jpg\"><\/p>\n<h2><strong>Shadow-free lamp with Dual Led technology<\/strong><\/h2>\n<p><strong>36 precisely positioned LEDs<\/strong> guarantee perfect curing of gels and hybrid glazes, eliminating the risk of the so-called dead zone. The <strong>closed design<\/strong>, called a booth, allows for a more precise and faster curing of nail designs. Thanks to Dual LED technology, <strong>diodes emit light in two wavelengths<\/strong>, This reduces eyestrain and extends the range of the device. The mirrored base reflects light evenly, <strong>accelerating and optimising the curing process across the entire nail surface<\/strong>. These features facilitate the correct curing of even the most demanding products, allowing access to the most difficult areas of the nail plate.<\/p>\n<p><img decoding=\"async\" src=\"https:\/\/activeshop.com.pl\/media\/wysiwyg\/product\/150706\/EN_150706_3.jpg\"><\/p>\n<h2><strong>Tailor curing time to your needs<\/strong><\/h2>\n<p>The lamp is equipped with a timer with four pre-programmed operating times: 10 s, 30 s, 60 s and 99 s (so-called \u00abLow Heat Mode\u00bb), which are shown on a clear digital display. An integrated motion sensor automatically activates the lamp when a hand or foot is placed underneath, using 120 s as the maximum exposure time. This function works when no mode is selected and the display shows the elapsed curing time. This allows <strong>freedom to select curing time<\/strong> for the hairstyle to be performed.<\/p>\n<p><img decoding=\"async\" src=\"https:\/\/activeshop.com.pl\/media\/wysiwyg\/product\/150706\/EN_150706_4.jpg\"><\/p>\n<h2><strong>Low heat mode<\/strong><\/h2>\n<p>When the <strong>Low heat mode<\/strong>, The lamp gradually heats up, slowly increasing its power, <strong>avoiding burning or heat sensation<\/strong> during curing. This function is especially useful for curing gels, which often cause discomfort when using other commercially available lamps.<\/p>\n<p><img decoding=\"async\" src=\"https:\/\/activeshop.com.pl\/media\/wysiwyg\/product\/150706\/EN_150706_5.jpg\"><\/p>\n<h2><strong>Minimalist design and functionality<\/strong><\/h2>\n<p>Carefully selected features and a minimalist housing made of durable plastic make the lamp an elegant and very practical lounge fixture. <strong>Easy to clean and damage resistant<\/strong>, The lamp is sized to fit comfortably over an entire hand or foot during treatment, ensuring fast and even curing of nail designs.<\/strong>. The removable magnetic base facilitates pedicure treatments and simplifies cleaning and disinfection of the device, further improving comfort and hygiene.<\/p>\n<div class=\"video-container\"> <iframe height=\"315\" src=\"https:\/\/www.youtube.com\/embed\/ydYpOKwzKRk\" frameborder=\"0\" width=\"560\" allowfullscreen allow=\"accelerometer; autoplay; encrypted-media; gyroscope; picture-in-picture\"> <\/iframe> <\/div>\n<p>Read the instructions carefully before use.<br \/><strong>It includes:<\/strong> lamp, power adapter, instructions.<\/p>\n<p><strong>Data:<\/strong><br \/>Timer: 10 s, 30 s, 60 s, 99 s<br \/>Maximum operating time: 120 s<br \/>Motion sensor: yes<br \/>Input voltage: 100-240 V<br \/>Power supply output Voltage: 24 V - 1.5 A<br \/>Power: 65 W<br \/>Number of LEDs: 36<br \/>Wavelength of light: 365 nm, 405 nm<br \/>Dimensions: 21 x 21.5 x 9 cm<br \/>Housing colour: shades of white<br \/>Housing material: plastic<br \/>Warranty: 12 months<\/p>\n<p>Activeshop products are proportionally cheaper than many other brands\/suppliers. The price is in relation to the quality. The Ocho Nails X13 65W White Led Uv Lamp With Mirror Back is therefore an affordable solution for your salon.<\/p>\n<h2>How is delivered Ocho Nails Uv Led Lamp X13 65W White With Mirror Back?<\/h2>\n<p>L\u00e1mpara Uv Led Ocho Nails X13 65W Blanca Con Fondo De Espejo is delivered in the original packaging(s). Within Spain the shipping of L\u00e1mpara Uv Led Ocho Nails X13 65W Blanca Con Fondo De Espejo is completely free of charge for orders over 100,- Euro. For shipments to other countries separate shipping rates apply. You can check these rates with us or view them in the shopping cart. Ocho Nails Led Uv Lamp X13 65W White With Mirror Back is shipped via an external courier service.<\/p>\n<p>Packages or pallets are delivered as standard up to the front door threshold, even if you are located in a collective building, apartment building or apartment complex with a lift (provided the item fits in the lift). No lift available or item does not fit in the lift? Then we deliver up to the threshold of the ground floor.<\/p>\n<p>Do you still have questions about delivery or a special situation? Contact us and we will be happy to help you!<\/p>\n<p>*Items are not unpacked or assembled as standard. In special situations you can contact us to make arrangements.<\/p>\n<h2>Secure online shopping at Salon For All with the Webwinkelkeur seal of quality and SSL encryption.<\/h2>\n<p>It is important to us that our customers can shop safely in our online shop. We have been affiliated with the national quality seal Webwinkelkeur since 2019. Our identity has been verified and checked by them, and the online shop has been checked and legally approved. Furthermore, our online shop is affiliated with them for conflict mediation. You can see the badge with all the information of this online shop quality seal on the left or right side of the online shop (pink button with white). In addition, our site is protected with an SSL certificate so that you can surf securely with us. In the bar of your Internet browser, where our website appears, you will see a padlock icon. If you click on the padlock, you will get all the information about our security. This way you know that your order for Ocho Nails Led Uv Lamp X13 65W White With Mirror Back and your personal data is processed securely.<\/p>\n<h2>How can I pay for Ocho Nails Uv Led Lamp X13 65W White With Mirror Back?<\/h2>\n<p>We want to make it as easy as possible for you. That's why at Salon For All you can pay with all popular payment methods. Pay in advance, on delivery or afterwards - everything is possible. See here for all the payment methods we offer:<\/p>\n<ul>\n<li>iDEAL<\/li>\n<li>Credit card (Visa, Mastercard, American Express)<\/li>\n<li>Klarna - Payment on delivery with invoice<\/li>\n<li>PayPal<\/li>\n<li>Apple Pay<\/li>\n<li>Google Pay<\/li>\n<li>Bizum (for Spanish customers)<\/li>\n<li>SEPA bank transfer<\/li>\n<li>Bancontact<\/li>\n<li>Commercial invoice for companies<\/li>\n<li>Payment in the showroom - Both card and cash (Only available on collection)<\/li>\n<\/ul>\n<h2>See also reviews of Salon For All<\/h2>\n<p>Please also refer to our reviews to take into account the experiences of our current customers in your decision to order Ocho Nails X13 65W White Led Uv Lamp With Mirror Back with us. Through our independent online shop quality seal Webwinkelkeur, verified reviews are automatically collected from customers who have completed an order with us. You can find them behind the pink button in our online shop or they are listed below the products.<\/p>\n<p>Please also share your experience after shopping with your order and your experience with the purchase process or contacting Salon For All Salon For All to inspire others!<\/p>\n<h2>Contact Salon For All<\/h2>\n<p>Contact us then. We will be happy to help you with your purchase of Ocho Nails X13 65W White Led Uv Lamp With Mirror Back. On weekdays we are best available between 8.30am and 5.00pm via the telephone number and email address at the top of the online shop or via the chat function. Out-of-hours enquiries are usually answered within 24 hours. It is also possible to visit us outside working days or office hours. However, an appointment must be made in advance.<\/p>\n<h2>Would you like to visit our showroom?<\/h2>\n<p>Would you prefer to see Ocho Nails X13 65W white UV led lamp with mirror background or browse through our (online) shop offerings together with our colleague? Then visit our showroom with more than 1000m\u00b2 of salon equipment and let yourself be inspired by our employees. Also if you like to get to know us pleasantly over a cup of coffee or tea, you are very welcome. We do not have all products in stock, so please let us know in advance that you would like to come. Always make an appointment in advance.<\/p>\n<h2>14 days of reflection and our return policy<\/h2>\n<p>Of course it may happen that the delivered Uv Led Eight Nails X13 65W White With Mirror Back Uv Lamp is not completely to your liking and you want to return it. That is no problem at Salon For All. You must notify your return within 14 working days via info@salonforall.es. You will then first receive all return instructions and conditions. Please note that the Eight Nails Led Uv Lamp X13 65W White With Mirror Back must not have been used, must contain all supplied parts and must be returned in the original packaging. Shipping costs for a return are always at the expense of the buyer on purchases through www.salonforall.es. You must arrange transport yourself with a carrier of your choice for a return. Once the Eight Nails Led Uv Lamp X13 65W White With Mirror Back has been returned, it will be checked for completeness and possible damage. Once the return has been approved, the purchase amount will be refunded within 5 working days to the bank account we have on record.<\/p>\n<h2>Who is Salon For All?<\/h2>\n<p>Salon For All is THE wholesaler for all salon equipment in Europe. Salon For All started in 2003 under the name Salonvoordeel and grew out of practice. The owners of Salon For All were experienced hairdressers and beauty specialists and have together more than 30 years of practical experience. In 2003 we launched Salonvoordeel.nl (Netherlands) and subsequently Salon For All was founded for the European market. Some of our employees started their own business and so the idea to launch a functional online shop for hairdressers and to help them with the equipment of their salon was born.<\/p>\n<p>Our showroom is located in Dinxperlo, directly on the border between the Netherlands and Germany. With our extensive experience in the sector we can serve you as a mirror and provide you with the right advice - we speak the same language! We advise, inspire, motivate and assist you in the purchase of Ocho Nails X13 65W White Led Uv Lamp With Mirror Backing. Our suppliers are located all over Europe, from Germany, England, Italy to Poland.<\/p>","protected":false},"excerpt":{"rendered":"<p>The product Ocho Nails Led Uv Lamp X13 65W White With Mirror Back is a high quality solution for any salon. The estimated delivery time is approximately 6 working days.<\/p>","protected":false},"featured_media":17971,"comment_status":"open","ping_status":"open","template":"","meta":[],"product_brand":[1418],"product_cat":[2240,621],"product_tag":[2241,623],"class_list":{"0":"post-17970","1":"product","2":"type-product","3":"status-publish","4":"has-post-thumbnail","6":"product_brand-ocho-nails","7":"product_cat-lamparas-led-y-uv-para-unas","8":"product_cat-unas","9":"product_tag-lamparas-led-y-uv-para-unas","10":"product_tag-unas","11":"pa_codigo-ean-7759","12":"pa_garantia-12-meses","13":"pa_marca-ocho-nails","14":"pa_numero-de-articulo-6638","15":"pa_tiempo-estimado-de-entrega-4-5-dias-laborables","17":"first","18":"instock","19":"sale","20":"taxable","21":"shipping-taxable","22":"purchasable","23":"product-type-simple"},"yoast_head":"<!-- This site is optimized with the Yoast SEO plugin v27.6 - https:\/\/yoast.com\/product\/yoast-seo-wordpress\/ -->\n<title>L\u00e1mpara Uv Led Ocho Nails X13 65W Blanca Con Fondo De Espejo comprar<\/title>\n<meta name=\"description\" content=\"Compra L\u00e1mpara Uv Led Ocho Nails X13 65W Blanca Con Fondo De Espejo online o en el showroom en Salon For ALL Espa\u00f1a. El mayorista para salones, consultas y spas en Espa\u00f1a y Portugal.\" \/>\n<meta name=\"robots\" content=\"index, follow, max-snippet:-1, max-image-preview:large, max-video-preview:-1\" \/>\n<link rel=\"canonical\" href=\"https:\/\/salonforall.es\/en\/eight-nails-uv-led-lamp-x13-65w-white-with-mirror-backing\/\" \/>\n<meta property=\"og:locale\" content=\"en_GB\" \/>\n<meta property=\"og:type\" content=\"article\" \/>\n<meta property=\"og:title\" content=\"L\u00e1mpara Uv Led Ocho Nails X13 65W Blanca Con Fondo De Espejo\" \/>\n<meta property=\"og:description\" content=\"Compra L\u00e1mpara Uv Led Ocho Nails X13 65W Blanca Con Fondo De Espejo online o en el showroom en Salon For ALL Espa\u00f1a. El mayorista para salones, consultas y spas en Espa\u00f1a y Portugal.\" \/>\n<meta property=\"og:url\" content=\"https:\/\/salonforall.es\/en\/eight-nails-uv-led-lamp-x13-65w-white-with-mirror-backing\/\" \/>\n<meta property=\"og:site_name\" content=\"Salon For ALL Espa\u00f1a\" \/>\n<meta property=\"article:modified_time\" content=\"2026-03-24T16:34:15+00:00\" \/>\n<meta property=\"og:image\" content=\"https:\/\/salonforall.es\/wp-content\/uploads\/2025\/12\/Lampara-Uv-Led-Ocho-Nails-X13-65W-Blanca-Con-Fondo-De-Espejo.jpg\" \/>\n\t<meta property=\"og:image:width\" content=\"1200\" \/>\n\t<meta property=\"og:image:height\" content=\"1200\" \/>\n\t<meta property=\"og:image:type\" content=\"image\/jpeg\" \/>\n<meta name=\"twitter:card\" content=\"summary_large_image\" \/>\n<meta name=\"twitter:title\" content=\"L\u00e1mpara Uv Led Ocho Nails X13 65W Blanca Con Fondo De Espejo\" \/>\n<meta name=\"twitter:label1\" content=\"Estimated reading time\" \/>\n\t<meta name=\"twitter:data1\" content=\"10 minutes\" \/>\n<script type=\"application\/ld+json\" class=\"yoast-schema-graph\">{\"@context\":\"https:\\\/\\\/schema.org\",\"@graph\":[{\"@type\":\"WebPage\",\"@id\":\"https:\\\/\\\/salonforall.es\\\/lampara-uv-led-ocho-nails-x13-65w-blanca-con-fondo-de-espejo\\\/\",\"url\":\"https:\\\/\\\/salonforall.es\\\/lampara-uv-led-ocho-nails-x13-65w-blanca-con-fondo-de-espejo\\\/\",\"name\":\"L\u00e1mpara Uv Led Ocho Nails X13 65W Blanca Con Fondo De Espejo comprar\",\"isPartOf\":{\"@id\":\"https:\\\/\\\/salonforall.es\\\/#website\"},\"primaryImageOfPage\":{\"@id\":\"https:\\\/\\\/salonforall.es\\\/lampara-uv-led-ocho-nails-x13-65w-blanca-con-fondo-de-espejo\\\/#primaryimage\"},\"image\":{\"@id\":\"https:\\\/\\\/salonforall.es\\\/lampara-uv-led-ocho-nails-x13-65w-blanca-con-fondo-de-espejo\\\/#primaryimage\"},\"thumbnailUrl\":\"https:\\\/\\\/salonforall.es\\\/wp-content\\\/uploads\\\/2025\\\/12\\\/Lampara-Uv-Led-Ocho-Nails-X13-65W-Blanca-Con-Fondo-De-Espejo.jpg\",\"datePublished\":\"2025-12-02T13:58:22+00:00\",\"dateModified\":\"2026-03-24T16:34:15+00:00\",\"description\":\"Compra L\u00e1mpara Uv Led Ocho Nails X13 65W Blanca Con Fondo De Espejo online o en el showroom en Salon For ALL Espa\u00f1a. El mayorista para salones, consultas y spas en Espa\u00f1a y Portugal.\",\"breadcrumb\":{\"@id\":\"https:\\\/\\\/salonforall.es\\\/lampara-uv-led-ocho-nails-x13-65w-blanca-con-fondo-de-espejo\\\/#breadcrumb\"},\"inLanguage\":\"en-GB\",\"potentialAction\":[{\"@type\":\"ReadAction\",\"target\":[\"https:\\\/\\\/salonforall.es\\\/lampara-uv-led-ocho-nails-x13-65w-blanca-con-fondo-de-espejo\\\/\"]}]},{\"@type\":\"ImageObject\",\"inLanguage\":\"en-GB\",\"@id\":\"https:\\\/\\\/salonforall.es\\\/lampara-uv-led-ocho-nails-x13-65w-blanca-con-fondo-de-espejo\\\/#primaryimage\",\"url\":\"https:\\\/\\\/salonforall.es\\\/wp-content\\\/uploads\\\/2025\\\/12\\\/Lampara-Uv-Led-Ocho-Nails-X13-65W-Blanca-Con-Fondo-De-Espejo.jpg\",\"contentUrl\":\"https:\\\/\\\/salonforall.es\\\/wp-content\\\/uploads\\\/2025\\\/12\\\/Lampara-Uv-Led-Ocho-Nails-X13-65W-Blanca-Con-Fondo-De-Espejo.jpg\",\"width\":1200,\"height\":1200,\"caption\":\"L\u00e1mpara Uv Led Ocho Nails X13 65W Blanca Con Fondo De Espejo\"},{\"@type\":\"BreadcrumbList\",\"@id\":\"https:\\\/\\\/salonforall.es\\\/lampara-uv-led-ocho-nails-x13-65w-blanca-con-fondo-de-espejo\\\/#breadcrumb\",\"itemListElement\":[{\"@type\":\"ListItem\",\"position\":1,\"name\":\"Home\",\"item\":\"https:\\\/\\\/salonforall.es\\\/\"},{\"@type\":\"ListItem\",\"position\":2,\"name\":\"Winkel\",\"item\":\"https:\\\/\\\/salonforall.es\\\/winkel\\\/\"},{\"@type\":\"ListItem\",\"position\":3,\"name\":\"L\u00e1mpara Uv Led Ocho Nails X13 65W Blanca Con Fondo De Espejo\"}]},{\"@type\":\"WebSite\",\"@id\":\"https:\\\/\\\/salonforall.es\\\/#website\",\"url\":\"https:\\\/\\\/salonforall.es\\\/\",\"name\":\"Salon For ALL Espa\u00f1a\",\"description\":\"Mayorista de mobiliario y suministros para consultorios y salones\",\"publisher\":{\"@id\":\"https:\\\/\\\/salonforall.es\\\/#organization\"},\"potentialAction\":[{\"@type\":\"SearchAction\",\"target\":{\"@type\":\"EntryPoint\",\"urlTemplate\":\"https:\\\/\\\/salonforall.es\\\/?s={search_term_string}\"},\"query-input\":{\"@type\":\"PropertyValueSpecification\",\"valueRequired\":true,\"valueName\":\"search_term_string\"}}],\"inLanguage\":\"en-GB\"},{\"@type\":\"Organization\",\"@id\":\"https:\\\/\\\/salonforall.es\\\/#organization\",\"name\":\"Salon For All B.V. Espa\u00f1a\",\"alternateName\":\"Salon For All B.V. Espa\u00f1a - Mayorista de equipamiento para consultas, salones y suministros\",\"url\":\"https:\\\/\\\/salonforall.es\\\/\",\"logo\":{\"@type\":\"ImageObject\",\"inLanguage\":\"en-GB\",\"@id\":\"https:\\\/\\\/salonforall.es\\\/#\\\/schema\\\/logo\\\/image\\\/\",\"url\":\"https:\\\/\\\/salonforall.es\\\/wp-content\\\/uploads\\\/2025\\\/11\\\/logo-salon-for-all-e1764543185849.png\",\"contentUrl\":\"https:\\\/\\\/salonforall.es\\\/wp-content\\\/uploads\\\/2025\\\/11\\\/logo-salon-for-all-e1764543185849.png\",\"width\":500,\"height\":150,\"caption\":\"Salon For All B.V. Espa\u00f1a\"},\"image\":{\"@id\":\"https:\\\/\\\/salonforall.es\\\/#\\\/schema\\\/logo\\\/image\\\/\"}}]}<\/script>\n<!-- \/ Yoast SEO plugin. -->","yoast_head_json":{"title":"Eight Nails Uv Led Lamp X13 65W White With Mirror Back Buy","description":"Buy Ocho Nails X13 65W White Led Uv Lamp with Mirror Back online or in the showroom at Salon For ALL Spain. The wholesaler for salons, practices and spas in Spain and Portugal.","robots":{"index":"index","follow":"follow","max-snippet":"max-snippet:-1","max-image-preview":"max-image-preview:large","max-video-preview":"max-video-preview:-1"},"canonical":"https:\/\/salonforall.es\/en\/eight-nails-uv-led-lamp-x13-65w-white-with-mirror-backing\/","og_locale":"en_GB","og_type":"article","og_title":"L\u00e1mpara Uv Led Ocho Nails X13 65W Blanca Con Fondo De Espejo","og_description":"Compra L\u00e1mpara Uv Led Ocho Nails X13 65W Blanca Con Fondo De Espejo online o en el showroom en Salon For ALL Espa\u00f1a. El mayorista para salones, consultas y spas en Espa\u00f1a y Portugal.","og_url":"https:\/\/salonforall.es\/en\/eight-nails-uv-led-lamp-x13-65w-white-with-mirror-backing\/","og_site_name":"Salon For ALL Espa\u00f1a","article_modified_time":"2026-03-24T16:34:15+00:00","og_image":[{"width":1200,"height":1200,"url":"https:\/\/salonforall.es\/wp-content\/uploads\/2025\/12\/Lampara-Uv-Led-Ocho-Nails-X13-65W-Blanca-Con-Fondo-De-Espejo.jpg","type":"image\/jpeg"}],"twitter_card":"summary_large_image","twitter_title":"L\u00e1mpara Uv Led Ocho Nails X13 65W Blanca Con Fondo De Espejo","twitter_misc":{"Estimated reading time":"10 minutes"},"schema":{"@context":"https:\/\/schema.org","@graph":[{"@type":"WebPage","@id":"https:\/\/salonforall.es\/lampara-uv-led-ocho-nails-x13-65w-blanca-con-fondo-de-espejo\/","url":"https:\/\/salonforall.es\/lampara-uv-led-ocho-nails-x13-65w-blanca-con-fondo-de-espejo\/","name":"Eight Nails Uv Led Lamp X13 65W White With Mirror Back Buy","isPartOf":{"@id":"https:\/\/salonforall.es\/#website"},"primaryImageOfPage":{"@id":"https:\/\/salonforall.es\/lampara-uv-led-ocho-nails-x13-65w-blanca-con-fondo-de-espejo\/#primaryimage"},"image":{"@id":"https:\/\/salonforall.es\/lampara-uv-led-ocho-nails-x13-65w-blanca-con-fondo-de-espejo\/#primaryimage"},"thumbnailUrl":"https:\/\/salonforall.es\/wp-content\/uploads\/2025\/12\/Lampara-Uv-Led-Ocho-Nails-X13-65W-Blanca-Con-Fondo-De-Espejo.jpg","datePublished":"2025-12-02T13:58:22+00:00","dateModified":"2026-03-24T16:34:15+00:00","description":"Buy Ocho Nails X13 65W White Led Uv Lamp with Mirror Back online or in the showroom at Salon For ALL Spain. The wholesaler for salons, practices and spas in Spain and Portugal.","breadcrumb":{"@id":"https:\/\/salonforall.es\/lampara-uv-led-ocho-nails-x13-65w-blanca-con-fondo-de-espejo\/#breadcrumb"},"inLanguage":"en-GB","potentialAction":[{"@type":"ReadAction","target":["https:\/\/salonforall.es\/lampara-uv-led-ocho-nails-x13-65w-blanca-con-fondo-de-espejo\/"]}]},{"@type":"ImageObject","inLanguage":"en-GB","@id":"https:\/\/salonforall.es\/lampara-uv-led-ocho-nails-x13-65w-blanca-con-fondo-de-espejo\/#primaryimage","url":"https:\/\/salonforall.es\/wp-content\/uploads\/2025\/12\/Lampara-Uv-Led-Ocho-Nails-X13-65W-Blanca-Con-Fondo-De-Espejo.jpg","contentUrl":"https:\/\/salonforall.es\/wp-content\/uploads\/2025\/12\/Lampara-Uv-Led-Ocho-Nails-X13-65W-Blanca-Con-Fondo-De-Espejo.jpg","width":1200,"height":1200,"caption":"L\u00e1mpara Uv Led Ocho Nails X13 65W Blanca Con Fondo De Espejo"},{"@type":"BreadcrumbList","@id":"https:\/\/salonforall.es\/lampara-uv-led-ocho-nails-x13-65w-blanca-con-fondo-de-espejo\/#breadcrumb","itemListElement":[{"@type":"ListItem","position":1,"name":"Home","item":"https:\/\/salonforall.es\/"},{"@type":"ListItem","position":2,"name":"Winkel","item":"https:\/\/salonforall.es\/winkel\/"},{"@type":"ListItem","position":3,"name":"L\u00e1mpara Uv Led Ocho Nails X13 65W Blanca Con Fondo De Espejo"}]},{"@type":"WebSite","@id":"https:\/\/salonforall.es\/#website","url":"https:\/\/salonforall.es\/","name":"Salon For ALL Spain","description":"Wholesaler of salon and practice furniture and supplies","publisher":{"@id":"https:\/\/salonforall.es\/#organization"},"potentialAction":[{"@type":"SearchAction","target":{"@type":"EntryPoint","urlTemplate":"https:\/\/salonforall.es\/?s={search_term_string}"},"query-input":{"@type":"PropertyValueSpecification","valueRequired":true,"valueName":"search_term_string"}}],"inLanguage":"en-GB"},{"@type":"Organization","@id":"https:\/\/salonforall.es\/#organization","name":"Salon For All B.V. Spain","alternateName":"Salon For All B.V. Espa\u00f1a - Mayorista de equipamiento para consultas, salones y suministros","url":"https:\/\/salonforall.es\/","logo":{"@type":"ImageObject","inLanguage":"en-GB","@id":"https:\/\/salonforall.es\/#\/schema\/logo\/image\/","url":"https:\/\/salonforall.es\/wp-content\/uploads\/2025\/11\/logo-salon-for-all-e1764543185849.png","contentUrl":"https:\/\/salonforall.es\/wp-content\/uploads\/2025\/11\/logo-salon-for-all-e1764543185849.png","width":500,"height":150,"caption":"Salon For All B.V. Espa\u00f1a"},"image":{"@id":"https:\/\/salonforall.es\/#\/schema\/logo\/image\/"}}]}},"_links":{"self":[{"href":"https:\/\/salonforall.es\/en\/wp-json\/wp\/v2\/product\/17970","targetHints":{"allow":["GET"]}}],"collection":[{"href":"https:\/\/salonforall.es\/en\/wp-json\/wp\/v2\/product"}],"about":[{"href":"https:\/\/salonforall.es\/en\/wp-json\/wp\/v2\/types\/product"}],"replies":[{"embeddable":true,"href":"https:\/\/salonforall.es\/en\/wp-json\/wp\/v2\/comments?post=17970"}],"wp:featuredmedia":[{"embeddable":true,"href":"https:\/\/salonforall.es\/en\/wp-json\/wp\/v2\/media\/17971"}],"wp:attachment":[{"href":"https:\/\/salonforall.es\/en\/wp-json\/wp\/v2\/media?parent=17970"}],"wp:term":[{"taxonomy":"product_brand","embeddable":true,"href":"https:\/\/salonforall.es\/en\/wp-json\/wp\/v2\/product_brand?post=17970"},{"taxonomy":"product_cat","embeddable":true,"href":"https:\/\/salonforall.es\/en\/wp-json\/wp\/v2\/product_cat?post=17970"},{"taxonomy":"product_tag","embeddable":true,"href":"https:\/\/salonforall.es\/en\/wp-json\/wp\/v2\/product_tag?post=17970"}],"curies":[{"name":"wp","href":"https:\/\/api.w.org\/{rel}","templated":true}]}}