{"id":17452,"date":"2025-12-02T14:50:46","date_gmt":"2025-12-02T13:50:46","guid":{"rendered":"https:\/\/salonforall.es\/product\/taladro-de-unas-portatil-aku-viva-201\/"},"modified":"2025-12-12T09:30:21","modified_gmt":"2025-12-12T08:30:21","slug":"taladro-de-unas-portatil-aku-viva-201","status":"publish","type":"product","link":"https:\/\/salonforall.es\/en\/taladro-de-unas-portatil-aku-viva-201\/","title":{"rendered":"Taladro De U\u00f1as Port\u00e1til Aku Viva 201"},"content":{"rendered":"<h2>Informaci\u00f3n sobre Taladro De U\u00f1as Port\u00e1til Aku Viva 201 con n\u00famero de art\u00edculo 149676<\/h2>\n<p><img decoding=\"async\" src=\"https:\/\/activeshop.com.pl\/media\/wysiwyg\/product\/149677\/EN_149677_01.jpg\"><\/p>\n<p><strong>VIVA<\/strong> es una marca que ofrece tornos de manicura modernos que combinan un dise\u00f1o futurista con facilidad de uso. Ligeros y compactos, fueron creados pensando en profesionales y entusiastas del estilismo de u\u00f1as.<\/p>\n<p><img decoding=\"async\" src=\"https:\/\/activeshop.com.pl\/media\/wysiwyg\/product\/149677\/EN_149677_02.jpg\"><\/p>\n<h2><strong>Apoyo para estilistas de u\u00f1as m\u00f3viles<\/strong><\/h2>\n<p><strong>El torno de u\u00f1as inal\u00e1mbrico V 201<\/strong> es un dispositivo peque\u00f1o y pr\u00e1ctico, perfecto para t\u00e9cnicos de u\u00f1as m\u00f3viles, que permite trabajar c\u00f3modamente en cualquier lugar. Facilita significativamente la eliminaci\u00f3n de restos de peinados anteriores y mejora la preparaci\u00f3n de las u\u00f1as para tratamientos posteriores. Permite trabajar c\u00f3modamente hasta 10 horas con una sola carga.<\/p>\n<p><img decoding=\"async\" src=\"https:\/\/activeshop.com.pl\/media\/wysiwyg\/product\/149677\/EN_149677_03.jpg\"><\/p>\n<h2><strong>Cabezal pr\u00e1ctico con sistema Twist-Lock<\/strong><\/h2>\n<p>El cabezal se adapta bien a la mano y permite un trabajo c\u00f3modo y preciso. Est\u00e1 equipado con un sistema Twist-Lock f\u00e1cil de usar, que permite un reemplazo r\u00e1pido y sencillo de las brocas. Adem\u00e1s, el sistema de bloqueo Twist-Lock garantiza la seguridad al evitar que el cabezal funcione si el bloqueo no est\u00e1 correctamente cerrado. El equilibrio y la reducci\u00f3n de vibraciones evitan que la mano se canse demasiado durante el uso, lo que permite tratamientos a largo plazo. Por lo tanto, trabajar con el dispositivo es extremadamente f\u00e1cil e intuitivo, algo que agradecer\u00e1n tanto los usuarios m\u00e1s exigentes como los principiantes.<\/p>\n<p><img decoding=\"async\" src=\"https:\/\/activeshop.com.pl\/media\/wysiwyg\/product\/149677\/EN_149677_04.jpg\"><\/p>\n<h2><strong>F\u00e1cil de usar e indicadores LED<\/strong><\/h2>\n<p>El mando permite ajustar la velocidad del cabezal hasta 35 000 revoluciones por minuto para adaptarse a las necesidades y tratamientos individuales. El innovador sistema de clic minimiza el riesgo de fallo del taladro de clavos por no girar completamente el potenci\u00f3metro. Un clic distintivo al girar el dial informa al usuario del ajuste correcto, lo que constituye una protecci\u00f3n sencilla pero eficaz contra la sobrecarga del motor del cabezal. Facilita la realizaci\u00f3n c\u00f3moda de diversos servicios. La direcci\u00f3n de rotaci\u00f3n se puede cambiar f\u00e1cilmente mediante un interruptor especial, y los indicadores LED informan sobre el estado de la bater\u00eda.<\/p>\n<p><img decoding=\"async\" src=\"https:\/\/activeshop.com.pl\/media\/wysiwyg\/product\/149677\/EN_149677_05.jpg\"><\/p>\n<h2><strong>Funcionalidades para la comodidad del usuario<\/strong><\/h2>\n<p><strong>La eficiente bater\u00eda recargable de doble enfoque de 2000 mAh con la que est\u00e1 equipado el dispositivo permite un funcionamiento continuo de hasta 8-10 horas con una sola carga. El taladro de u\u00f1as funciona de forma relativamente silenciosa, lo que permite un trabajo c\u00f3modo y sin ruidos molestos. Esto es importante tanto para quien realiza el tratamiento como para la comodidad de los clientes. Durante el trabajo, el cabezal se puede colgar de forma segura gracias a un pr\u00e1ctico mango de pl\u00e1stico que se monta en el lateral del dispositivo. El kit incluye un juego de brocas de diamante para u\u00f1as, un soporte y bandas abrasivas, lo que garantiza versatilidad de uso y facilita la realizaci\u00f3n de diversos tratamientos.<\/p>\n<p><img decoding=\"async\" src=\"https:\/\/activeshop.com.pl\/media\/wysiwyg\/product\/149677\/EN_149677_06.jpg\"><\/p>\n<h2><strong>Dispositivo moderno y pr\u00e1ctico<\/strong><\/h2>\n<p>El taladro para u\u00f1as es peque\u00f1o y su carcasa de pl\u00e1stico minimalista en tonos blancos facilita su limpieza. Gracias a sus dimensiones compactas y peso ligero, es f\u00e1cil de guardar en espacios reducidos y c\u00f3modo de transportar, lo cual es especialmente importante para quienes prestan servicios m\u00f3viles. Hay un clip en la parte posterior de la carcasa que le permite sujetar f\u00e1cilmente el dispositivo a su cintur\u00f3n u otro lugar.<\/p>\n<div class=\"video-container\"><iframe src=\"https:\/\/www.youtube.com\/embed\/bDO5SLtb2ao\" height=\"315\" frameborder=\"0\" allowfullscreen=\"allowfullscreen\"><\/iframe><\/div>\n<p><strong>El set incluye:<\/strong> base para taladro de clavos, cabezal, soporte de pl\u00e1stico para cabezal, broca c\u00f3nica, cable para cabezal, fuente de alimentaci\u00f3n e instrucciones.<\/p>\n<p><strong>Datos:<\/strong><br \/>Color: tonos de blanco<br \/>Velocidad de rotaci\u00f3n: 35 000 RPM<br \/>Cabezal con mecanismo Twist-Lock<br \/>Peso del cabezal: 120 g<br \/>Alimentaci\u00f3n: bater\u00eda [2*2000 mAh]<br \/>Potencia: 30 W<br \/>Garant\u00eda: 12 meses<\/p>\n<p>Los productos Activeshop son proporcionalmente m\u00e1s econ\u00f3micos que muchas otras marcas\/proveedores. El precio est\u00e1 en relaci\u00f3n con la calidad. Taladro De U\u00f1as Port\u00e1til Aku Viva 201 es por lo tanto una soluci\u00f3n accesible para su sal\u00f3n.<\/p>\n<h2>\u00bfC\u00f3mo se entrega Taladro De U\u00f1as Port\u00e1til Aku Viva 201?<\/h2>\n<p>Taladro De U\u00f1as Port\u00e1til Aku Viva 201 se entrega en embalaje(s) original(es). Dentro de Espa\u00f1a el env\u00edo de Taladro De U\u00f1as Port\u00e1til Aku Viva 201 es completamente gratuito para pedidos a partir de 100,- euros. Para env\u00edos a otros pa\u00edses se aplican tarifas de env\u00edo separadas. Puede consultar estas tarifas con nosotros o verlas en el carrito de compra. Taladro De U\u00f1as Port\u00e1til Aku Viva 201 se env\u00eda a trav\u00e9s de un servicio de mensajer\u00eda externo.<\/p>\n<p>Los paquetes o pal\u00e9s se entregan de forma est\u00e1ndar hasta el umbral de la puerta principal, incluso si est\u00e1 ubicado en un edificio colectivo, edificio de apartamentos o complejo de apartamentos con ascensor (siempre que el art\u00edculo quepa en el ascensor). \u00bfNo hay ascensor disponible o el art\u00edculo no cabe en el ascensor? Entonces entregamos hasta el umbral de la planta baja.<\/p>\n<p>\u00bfA\u00fan tiene preguntas sobre la entrega o una situaci\u00f3n especial? \u00a1Cont\u00e1ctenos y estaremos encantados de ayudarle!<\/p>\n<p>*Los art\u00edculos no se desembalan ni montan de forma est\u00e1ndar. En situaciones especiales puede contactarnos para hacer acuerdos al respecto.<\/p>\n<h2>Compra online segura en Salon For All con el sello de calidad Webwinkelkeur y cifrado SSL<\/h2>\n<p>Es importante para nosotros que nuestros clientes puedan comprar de forma segura en nuestra tienda online. Estamos afiliados al sello de calidad nacional Webwinkelkeur desde 2019. Nuestra identidad ha sido verificada y comprobada por ellos, y la tienda online ha sido revisada y aprobada legalmente. Adem\u00e1s, nuestra tienda online est\u00e1 afiliada a ellos para la mediaci\u00f3n de conflictos. Puede ver la insignia con toda la informaci\u00f3n de este sello de calidad de tienda online en el lado izquierdo o derecho de la tienda online (bot\u00f3n rosa con blanco). Adem\u00e1s, nuestro sitio est\u00e1 protegido con un certificado SSL para que pueda navegar de forma segura con nosotros. En la barra de su navegador de Internet, donde aparece nuestro sitio web, ver\u00e1 un icono de candado. Si hace clic en el candado, obtendr\u00e1 toda la informaci\u00f3n sobre nuestra seguridad. De esta manera sabe que su pedido de Taladro De U\u00f1as Port\u00e1til Aku Viva 201 y sus datos personales se procesan de forma segura.<\/p>\n<h2>\u00bfC\u00f3mo puedo pagar Taladro De U\u00f1as Port\u00e1til Aku Viva 201?<\/h2>\n<p>Queremos hac\u00e9rselo lo m\u00e1s f\u00e1cil posible. Por eso en Salon For All puede pagar con todos los m\u00e9todos de pago conocidos y habituales. Pagar por adelantado, en la entrega o a posteriori; todo es posible. Vea aqu\u00ed todos los m\u00e9todos de pago que ofrecemos:<\/p>\n<ul>\n<li>iDEAL<\/li>\n<li>Tarjeta de cr\u00e9dito (Visa, Mastercard, American Express)<\/li>\n<li>Klarna &#8211; Pago a posteriori con factura<\/li>\n<li>PayPal<\/li>\n<li>Apple Pay<\/li>\n<li>Google Pay<\/li>\n<li>Bizum (para clientes espa\u00f1oles)<\/li>\n<li>Transferencia bancaria SEPA<\/li>\n<li>Bancontact<\/li>\n<li>Factura comercial para empresas<\/li>\n<li>Pago en el showroom &#8211; Tanto tarjeta como efectivo (Solo disponible en recogida)<\/li>\n<\/ul>\n<h2>Consulte tambi\u00e9n las rese\u00f1as de Salon For All<\/h2>\n<p>Consulte tambi\u00e9n nuestras rese\u00f1as para tener en cuenta las experiencias de nuestros clientes actuales en su decisi\u00f3n de pedir Taladro De U\u00f1as Port\u00e1til Aku Viva 201 con nosotros. A trav\u00e9s de nuestro sello de calidad independiente de tienda online Webwinkelkeur, se recopilan autom\u00e1ticamente rese\u00f1as verificadas de clientes que han completado un pedido con nosotros. Puede encontrarlas detr\u00e1s del bot\u00f3n rosa en nuestra tienda online o aparecen listadas debajo de los productos.<\/p>\n<p>\u00a1Comparta tambi\u00e9n su experiencia despu\u00e9s de su compra con su Taladro De U\u00f1as Port\u00e1til Aku Viva 201 pedido y su experiencia con el proceso de compra o el contacto con Salon For All para inspirar a otros!<\/p>\n<h2>Contacto con Salon For All<\/h2>\n<p>Cont\u00e1ctenos entonces. Estaremos encantados de ayudarle con la adquisici\u00f3n de Taladro De U\u00f1as Port\u00e1til Aku Viva 201. En d\u00edas laborables estamos mejor disponibles entre las 8.30 y las 17.00 horas a trav\u00e9s del n\u00famero de tel\u00e9fono y direcci\u00f3n de correo electr\u00f3nico en la parte superior de la tienda online o a trav\u00e9s de la funci\u00f3n de chat. Las consultas fuera del horario de oficina suelen responderse en un plazo de 24 horas. Tambi\u00e9n es posible visitarnos fuera de los d\u00edas laborables u horario de oficina. Pero para ello es necesario concertar una cita previa.<\/p>\n<h2>\u00bfQuiere visitar nuestro showroom?<\/h2>\n<p>\u00bfPrefiere ver Taladro De U\u00f1as Port\u00e1til Aku Viva 201 o recorrer nuestra oferta de la tienda (online) junto con nuestro colega? Entonces visite nuestro showroom con m\u00e1s de 1000m\u00b2 de equipamiento para salones y d\u00e9jese inspirar por nuestros empleados. Tambi\u00e9n si le gusta conocernos de manera agradable disfrutando de una buena taza de caf\u00e9 o t\u00e9, es muy bienvenido. No tenemos todos los productos en stock, as\u00ed que h\u00e1ganos saber de antemano que desea venir. Concierte siempre una cita previa.<\/p>\n<h2>14 d\u00edas de reflexi\u00f3n y nuestra pol\u00edtica de devoluciones<\/h2>\n<p>Por supuesto puede ocurrir que Taladro De U\u00f1as Port\u00e1til Aku Viva 201 entregado no sea completamente de su agrado y desee devolverlo. Eso no es ning\u00fan problema en Salon For All. Debe notificar su devoluci\u00f3n dentro de 14 d\u00edas laborables a trav\u00e9s de info@salonforall.es. Entonces recibir\u00e1 primero todas las instrucciones y condiciones de devoluci\u00f3n. Tenga en cuenta que Taladro De U\u00f1as Port\u00e1til Aku Viva 201 no debe haber sido usado, debe contener todas las partes suministradas y debe devolverse empaquetado en el embalaje original. Los costos de env\u00edo de una devoluci\u00f3n son siempre a cargo del comprador en compras a trav\u00e9s de www.salonforall.es. Debe organizar usted mismo un transporte con una empresa de transporte de su elecci\u00f3n para una devoluci\u00f3n. Una vez que Taladro De U\u00f1as Port\u00e1til Aku Viva 201 haya sido devuelto, se verificar\u00e1 su integridad y posibles da\u00f1os. Una vez que la devoluci\u00f3n haya sido aprobada, el importe de la compra se reembolsar\u00e1 dentro de 5 d\u00edas laborables a la cuenta bancaria que tenemos registrada.<\/p>\n<h2>\u00bfQui\u00e9n es Salon For All?<\/h2>\n<p>Salon For All es EL mayorista para todo equipamiento de salones en Europa. Salon For All comenz\u00f3 en 2003 bajo el nombre Salonvoordeel y surgi\u00f3 de la pr\u00e1ctica. Los propietarios de Salon For All eran peluqueros y especialistas en belleza experimentados y tienen juntos m\u00e1s de 30 a\u00f1os de experiencia pr\u00e1ctica. En 2003 lanzamos Salonvoordeel.nl (Pa\u00edses Bajos) y posteriormente se fund\u00f3 Salon For All para el mercado europeo. Algunos de nuestros empleados iniciaron su propio negocio y as\u00ed surgi\u00f3 la idea de lanzar una tienda online funcional para peluqueros y ayudarles con el equipamiento de su sal\u00f3n.<\/p>\n<p>Nuestro showroom se encuentra en Dinxperlo, directamente en la frontera entre los Pa\u00edses Bajos y Alemania. Con nuestra amplia experiencia en el sector podemos servirle de espejo y proporcionarle el asesoramiento adecuado. \u00a1Hablamos el mismo idioma! Le asesoramos, inspiramos, motivamos y ayudamos en la adquisici\u00f3n de Taladro De U\u00f1as Port\u00e1til Aku Viva 201. Nuestros proveedores se encuentran en toda Europa, desde Alemania, Inglaterra, Italia hasta Polonia.<\/p>\n","protected":false},"excerpt":{"rendered":"<p>El producto Taladro De U\u00f1as Port\u00e1til Aku Viva 201 es una soluci\u00f3n de alta calidad para cualquier sal\u00f3n. El plazo de entrega estimado es de aproximadamente 6 d\u00edas laborables.<\/p>","protected":false},"featured_media":17453,"comment_status":"open","ping_status":"open","template":"","meta":[],"product_brand":[6467],"product_cat":[534,533],"product_tag":[536,535],"class_list":{"0":"post-17452","1":"product","2":"type-product","3":"status-publish","4":"has-post-thumbnail","6":"product_brand-viva","7":"product_cat-taladros-para-unas","8":"product_cat-taladros-y-brocas-para-unas","9":"product_tag-taladros-para-unas","10":"product_tag-taladros-y-brocas-para-unas","11":"pa_codigo-ean-7759","12":"pa_garantia-12-meses","13":"pa_marca-viva","14":"pa_numero-de-articulo-6472","15":"pa_tiempo-estimado-de-entrega-4-5-dias-laborables","17":"first","18":"instock","19":"sale","20":"taxable","21":"shipping-taxable","22":"purchasable","23":"product-type-simple"},"yoast_head":"<!-- This site is optimized with the Yoast SEO plugin v27.4 - https:\/\/yoast.com\/product\/yoast-seo-wordpress\/ -->\n<title>Taladro De U\u00f1as Port\u00e1til Aku Viva 201 comprar<\/title>\n<meta name=\"description\" content=\"Compra Taladro De U\u00f1as Port\u00e1til Aku Viva 201 online o en el showroom en Salon For ALL Espa\u00f1a. El mayorista para salones, consultas y spas en Espa\u00f1a y Portugal.\" \/>\n<meta name=\"robots\" content=\"index, follow, max-snippet:-1, max-image-preview:large, max-video-preview:-1\" \/>\n<link rel=\"canonical\" href=\"https:\/\/salonforall.es\/en\/taladro-de-unas-portatil-aku-viva-201\/\" \/>\n<meta property=\"og:locale\" content=\"en_GB\" \/>\n<meta property=\"og:type\" content=\"article\" \/>\n<meta property=\"og:title\" content=\"Taladro De U\u00f1as Port\u00e1til Aku Viva 201\" \/>\n<meta property=\"og:description\" content=\"Compra Taladro De U\u00f1as Port\u00e1til Aku Viva 201 online o en el showroom en Salon For ALL Espa\u00f1a. El mayorista para salones, consultas y spas en Espa\u00f1a y Portugal.\" \/>\n<meta property=\"og:url\" content=\"https:\/\/salonforall.es\/en\/taladro-de-unas-portatil-aku-viva-201\/\" \/>\n<meta property=\"og:site_name\" content=\"Salon For ALL Espa\u00f1a\" \/>\n<meta property=\"article:modified_time\" content=\"2025-12-12T08:30:21+00:00\" \/>\n<meta property=\"og:image\" content=\"https:\/\/salonforall.es\/wp-content\/uploads\/2025\/12\/Taladro-De-Unas-Portatil-Aku-Viva-201.jpg\" \/>\n\t<meta property=\"og:image:width\" content=\"1200\" \/>\n\t<meta property=\"og:image:height\" content=\"1200\" \/>\n\t<meta property=\"og:image:type\" content=\"image\/jpeg\" \/>\n<meta name=\"twitter:card\" content=\"summary_large_image\" \/>\n<meta name=\"twitter:title\" content=\"Taladro De U\u00f1as Port\u00e1til Aku Viva 201\" \/>\n<meta name=\"twitter:label1\" content=\"Estimated reading time\" \/>\n\t<meta name=\"twitter:data1\" content=\"9 minutes\" \/>\n<script type=\"application\/ld+json\" class=\"yoast-schema-graph\">{\"@context\":\"https:\\\/\\\/schema.org\",\"@graph\":[{\"@type\":\"WebPage\",\"@id\":\"https:\\\/\\\/salonforall.es\\\/taladro-de-unas-portatil-aku-viva-201\\\/\",\"url\":\"https:\\\/\\\/salonforall.es\\\/taladro-de-unas-portatil-aku-viva-201\\\/\",\"name\":\"Taladro De U\u00f1as Port\u00e1til Aku Viva 201 comprar\",\"isPartOf\":{\"@id\":\"https:\\\/\\\/salonforall.es\\\/#website\"},\"primaryImageOfPage\":{\"@id\":\"https:\\\/\\\/salonforall.es\\\/taladro-de-unas-portatil-aku-viva-201\\\/#primaryimage\"},\"image\":{\"@id\":\"https:\\\/\\\/salonforall.es\\\/taladro-de-unas-portatil-aku-viva-201\\\/#primaryimage\"},\"thumbnailUrl\":\"https:\\\/\\\/salonforall.es\\\/wp-content\\\/uploads\\\/2025\\\/12\\\/Taladro-De-Unas-Portatil-Aku-Viva-201.jpg\",\"datePublished\":\"2025-12-02T13:50:46+00:00\",\"dateModified\":\"2025-12-12T08:30:21+00:00\",\"description\":\"Compra Taladro De U\u00f1as Port\u00e1til Aku Viva 201 online o en el showroom en Salon For ALL Espa\u00f1a. El mayorista para salones, consultas y spas en Espa\u00f1a y Portugal.\",\"breadcrumb\":{\"@id\":\"https:\\\/\\\/salonforall.es\\\/taladro-de-unas-portatil-aku-viva-201\\\/#breadcrumb\"},\"inLanguage\":\"en-GB\",\"potentialAction\":[{\"@type\":\"ReadAction\",\"target\":[\"https:\\\/\\\/salonforall.es\\\/taladro-de-unas-portatil-aku-viva-201\\\/\"]}]},{\"@type\":\"ImageObject\",\"inLanguage\":\"en-GB\",\"@id\":\"https:\\\/\\\/salonforall.es\\\/taladro-de-unas-portatil-aku-viva-201\\\/#primaryimage\",\"url\":\"https:\\\/\\\/salonforall.es\\\/wp-content\\\/uploads\\\/2025\\\/12\\\/Taladro-De-Unas-Portatil-Aku-Viva-201.jpg\",\"contentUrl\":\"https:\\\/\\\/salonforall.es\\\/wp-content\\\/uploads\\\/2025\\\/12\\\/Taladro-De-Unas-Portatil-Aku-Viva-201.jpg\",\"width\":1200,\"height\":1200,\"caption\":\"Taladro De U\u00f1as Port\u00e1til Aku Viva 201\"},{\"@type\":\"BreadcrumbList\",\"@id\":\"https:\\\/\\\/salonforall.es\\\/taladro-de-unas-portatil-aku-viva-201\\\/#breadcrumb\",\"itemListElement\":[{\"@type\":\"ListItem\",\"position\":1,\"name\":\"Home\",\"item\":\"https:\\\/\\\/salonforall.es\\\/\"},{\"@type\":\"ListItem\",\"position\":2,\"name\":\"Winkel\",\"item\":\"https:\\\/\\\/salonforall.es\\\/winkel\\\/\"},{\"@type\":\"ListItem\",\"position\":3,\"name\":\"Taladro De U\u00f1as Port\u00e1til Aku Viva 201\"}]},{\"@type\":\"WebSite\",\"@id\":\"https:\\\/\\\/salonforall.es\\\/#website\",\"url\":\"https:\\\/\\\/salonforall.es\\\/\",\"name\":\"Salon For ALL Espa\u00f1a\",\"description\":\"Mayorista de mobiliario y suministros para consultorios y salones\",\"publisher\":{\"@id\":\"https:\\\/\\\/salonforall.es\\\/#organization\"},\"potentialAction\":[{\"@type\":\"SearchAction\",\"target\":{\"@type\":\"EntryPoint\",\"urlTemplate\":\"https:\\\/\\\/salonforall.es\\\/?s={search_term_string}\"},\"query-input\":{\"@type\":\"PropertyValueSpecification\",\"valueRequired\":true,\"valueName\":\"search_term_string\"}}],\"inLanguage\":\"en-GB\"},{\"@type\":\"Organization\",\"@id\":\"https:\\\/\\\/salonforall.es\\\/#organization\",\"name\":\"Salon For All B.V. Espa\u00f1a\",\"alternateName\":\"Salon For All B.V. Espa\u00f1a - Mayorista de equipamiento para consultas, salones y suministros\",\"url\":\"https:\\\/\\\/salonforall.es\\\/\",\"logo\":{\"@type\":\"ImageObject\",\"inLanguage\":\"en-GB\",\"@id\":\"https:\\\/\\\/salonforall.es\\\/#\\\/schema\\\/logo\\\/image\\\/\",\"url\":\"https:\\\/\\\/salonforall.es\\\/wp-content\\\/uploads\\\/2025\\\/11\\\/logo-salon-for-all-e1764543185849.png\",\"contentUrl\":\"https:\\\/\\\/salonforall.es\\\/wp-content\\\/uploads\\\/2025\\\/11\\\/logo-salon-for-all-e1764543185849.png\",\"width\":500,\"height\":150,\"caption\":\"Salon For All B.V. Espa\u00f1a\"},\"image\":{\"@id\":\"https:\\\/\\\/salonforall.es\\\/#\\\/schema\\\/logo\\\/image\\\/\"}}]}<\/script>\n<!-- \/ Yoast SEO plugin. -->","yoast_head_json":{"title":"Taladro De U\u00f1as Port\u00e1til Aku Viva 201 comprar","description":"Compra Taladro De U\u00f1as Port\u00e1til Aku Viva 201 online o en el showroom en Salon For ALL Espa\u00f1a. El mayorista para salones, consultas y spas en Espa\u00f1a y Portugal.","robots":{"index":"index","follow":"follow","max-snippet":"max-snippet:-1","max-image-preview":"max-image-preview:large","max-video-preview":"max-video-preview:-1"},"canonical":"https:\/\/salonforall.es\/en\/taladro-de-unas-portatil-aku-viva-201\/","og_locale":"en_GB","og_type":"article","og_title":"Taladro De U\u00f1as Port\u00e1til Aku Viva 201","og_description":"Compra Taladro De U\u00f1as Port\u00e1til Aku Viva 201 online o en el showroom en Salon For ALL Espa\u00f1a. El mayorista para salones, consultas y spas en Espa\u00f1a y Portugal.","og_url":"https:\/\/salonforall.es\/en\/taladro-de-unas-portatil-aku-viva-201\/","og_site_name":"Salon For ALL Espa\u00f1a","article_modified_time":"2025-12-12T08:30:21+00:00","og_image":[{"width":1200,"height":1200,"url":"https:\/\/salonforall.es\/wp-content\/uploads\/2025\/12\/Taladro-De-Unas-Portatil-Aku-Viva-201.jpg","type":"image\/jpeg"}],"twitter_card":"summary_large_image","twitter_title":"Taladro De U\u00f1as Port\u00e1til Aku Viva 201","twitter_misc":{"Estimated reading time":"9 minutes"},"schema":{"@context":"https:\/\/schema.org","@graph":[{"@type":"WebPage","@id":"https:\/\/salonforall.es\/taladro-de-unas-portatil-aku-viva-201\/","url":"https:\/\/salonforall.es\/taladro-de-unas-portatil-aku-viva-201\/","name":"Taladro De U\u00f1as Port\u00e1til Aku Viva 201 comprar","isPartOf":{"@id":"https:\/\/salonforall.es\/#website"},"primaryImageOfPage":{"@id":"https:\/\/salonforall.es\/taladro-de-unas-portatil-aku-viva-201\/#primaryimage"},"image":{"@id":"https:\/\/salonforall.es\/taladro-de-unas-portatil-aku-viva-201\/#primaryimage"},"thumbnailUrl":"https:\/\/salonforall.es\/wp-content\/uploads\/2025\/12\/Taladro-De-Unas-Portatil-Aku-Viva-201.jpg","datePublished":"2025-12-02T13:50:46+00:00","dateModified":"2025-12-12T08:30:21+00:00","description":"Compra Taladro De U\u00f1as Port\u00e1til Aku Viva 201 online o en el showroom en Salon For ALL Espa\u00f1a. El mayorista para salones, consultas y spas en Espa\u00f1a y Portugal.","breadcrumb":{"@id":"https:\/\/salonforall.es\/taladro-de-unas-portatil-aku-viva-201\/#breadcrumb"},"inLanguage":"en-GB","potentialAction":[{"@type":"ReadAction","target":["https:\/\/salonforall.es\/taladro-de-unas-portatil-aku-viva-201\/"]}]},{"@type":"ImageObject","inLanguage":"en-GB","@id":"https:\/\/salonforall.es\/taladro-de-unas-portatil-aku-viva-201\/#primaryimage","url":"https:\/\/salonforall.es\/wp-content\/uploads\/2025\/12\/Taladro-De-Unas-Portatil-Aku-Viva-201.jpg","contentUrl":"https:\/\/salonforall.es\/wp-content\/uploads\/2025\/12\/Taladro-De-Unas-Portatil-Aku-Viva-201.jpg","width":1200,"height":1200,"caption":"Taladro De U\u00f1as Port\u00e1til Aku Viva 201"},{"@type":"BreadcrumbList","@id":"https:\/\/salonforall.es\/taladro-de-unas-portatil-aku-viva-201\/#breadcrumb","itemListElement":[{"@type":"ListItem","position":1,"name":"Home","item":"https:\/\/salonforall.es\/"},{"@type":"ListItem","position":2,"name":"Winkel","item":"https:\/\/salonforall.es\/winkel\/"},{"@type":"ListItem","position":3,"name":"Taladro De U\u00f1as Port\u00e1til Aku Viva 201"}]},{"@type":"WebSite","@id":"https:\/\/salonforall.es\/#website","url":"https:\/\/salonforall.es\/","name":"Salon For ALL Spain","description":"Wholesaler of salon and practice furniture and supplies","publisher":{"@id":"https:\/\/salonforall.es\/#organization"},"potentialAction":[{"@type":"SearchAction","target":{"@type":"EntryPoint","urlTemplate":"https:\/\/salonforall.es\/?s={search_term_string}"},"query-input":{"@type":"PropertyValueSpecification","valueRequired":true,"valueName":"search_term_string"}}],"inLanguage":"en-GB"},{"@type":"Organization","@id":"https:\/\/salonforall.es\/#organization","name":"Salon For All B.V. Spain","alternateName":"Salon For All B.V. Espa\u00f1a - Mayorista de equipamiento para consultas, salones y suministros","url":"https:\/\/salonforall.es\/","logo":{"@type":"ImageObject","inLanguage":"en-GB","@id":"https:\/\/salonforall.es\/#\/schema\/logo\/image\/","url":"https:\/\/salonforall.es\/wp-content\/uploads\/2025\/11\/logo-salon-for-all-e1764543185849.png","contentUrl":"https:\/\/salonforall.es\/wp-content\/uploads\/2025\/11\/logo-salon-for-all-e1764543185849.png","width":500,"height":150,"caption":"Salon For All B.V. Espa\u00f1a"},"image":{"@id":"https:\/\/salonforall.es\/#\/schema\/logo\/image\/"}}]}},"_links":{"self":[{"href":"https:\/\/salonforall.es\/en\/wp-json\/wp\/v2\/product\/17452","targetHints":{"allow":["GET"]}}],"collection":[{"href":"https:\/\/salonforall.es\/en\/wp-json\/wp\/v2\/product"}],"about":[{"href":"https:\/\/salonforall.es\/en\/wp-json\/wp\/v2\/types\/product"}],"replies":[{"embeddable":true,"href":"https:\/\/salonforall.es\/en\/wp-json\/wp\/v2\/comments?post=17452"}],"wp:featuredmedia":[{"embeddable":true,"href":"https:\/\/salonforall.es\/en\/wp-json\/wp\/v2\/media\/17453"}],"wp:attachment":[{"href":"https:\/\/salonforall.es\/en\/wp-json\/wp\/v2\/media?parent=17452"}],"wp:term":[{"taxonomy":"product_brand","embeddable":true,"href":"https:\/\/salonforall.es\/en\/wp-json\/wp\/v2\/product_brand?post=17452"},{"taxonomy":"product_cat","embeddable":true,"href":"https:\/\/salonforall.es\/en\/wp-json\/wp\/v2\/product_cat?post=17452"},{"taxonomy":"product_tag","embeddable":true,"href":"https:\/\/salonforall.es\/en\/wp-json\/wp\/v2\/product_tag?post=17452"}],"curies":[{"name":"wp","href":"https:\/\/api.w.org\/{rel}","templated":true}]}}