{"id":17284,"date":"2025-12-02T14:49:43","date_gmt":"2025-12-02T13:49:43","guid":{"rendered":"https:\/\/salonforall.es\/product\/capa-de-peluqueria-de-barbero-con-banda-elastica-j-455\/"},"modified":"2026-03-24T17:32:08","modified_gmt":"2026-03-24T16:32:08","slug":"barbers-cape-with-elasticated-band-j-455","status":"publish","type":"product","link":"https:\/\/salonforall.es\/en\/capa-de-peluqueria-de-barbero-con-banda-elastica-j-455\/","title":{"rendered":"Barber Barber Coat With Elastic Band J-455"},"content":{"rendered":"<h2>Information about Barber Barber Coat With Elastic Band J-455 with article number 149388<\/h2>\n<p>For many years, the brand <strong>ACTIVESHOP<\/strong> has offered a wide range of products suitable for professional use in various industries. In its assortment, you will find items in a variety of categories, from small essential accessories to specialised equipment such as cosmetic furniture.<\/p>\n<h2><strong>Cleaning during treatments<\/strong><\/h2>\n<p><strong>The hairdressing cape J-455<\/strong> is an essential piece of equipment in any hairdressing or barbering salon. <strong>Helps maintain high standards of cleanliness<\/strong>, effectively protecting the client's body and clothing from splashes during hair treatments. It is also used in other specialised practices, such as beauty salons. The decorative print on the front adds character.<\/p>\n<h2><strong>Versatility and functionality<\/strong><\/h2>\n<p>It is <strong>perfect for all services offered in beauty salons<\/strong>, including care and dyeing treatments. Professionally protects clothing against contamination from products used during treatments. It is also useful when cutting hair, both wet and dry, as it prevents cut hair from getting under clothing. The elastic band around the neck reduces the possibility of hair getting under the cape and protects it perfectly, guaranteeing greater protection. In beauty salons, it is used especially for applying make-up or henna treatments.<\/p>\n<h2><strong>Take care of the customer's comfort<\/strong><\/h2>\n<p>The product is made of black waterproof material, which allows for easy cleaning and provides adequate protection against all types of splashes. Thanks to its universal size and the possibility of adjustment by means of snaps on the neck, it adapts to any client, regardless of their height, ensuring comfort during procedures.<\/p>\n<p>Colour: shades of black<\/p>\n<p>Activeshop products are proportionally cheaper than many other brands\/suppliers. The price is in relation to the quality. Barber Barber Coat With Elastic Band J-455 is therefore an affordable solution for your salon.<\/p>\n<h2>How is Barber Barber Coat With Elastic Band J-455 delivered?<\/h2>\n<p>Capa De Peluquer\u00eda De Barbero De Barbero Con Banda El\u00e1stica J-455 is delivered in the original packaging(s). Within Spain the shipping of Capa De Peluquer\u00eda De Barbero De Barbero Con Banda El\u00e1stica J-455 is completely free of charge for orders over 100,- euros. For shipments to other countries separate shipping rates apply. You can check these rates with us or view them in the shopping cart. Capa De Peluquer\u00eda De Barbero De Barbero Con Banda El\u00e1stica J-455 is shipped via an external courier service.<\/p>\n<p>Packages or pallets are delivered as standard up to the front door threshold, even if you are located in a collective building, apartment building or apartment complex with a lift (provided the item fits in the lift). No lift available or item does not fit in the lift? Then we deliver up to the threshold of the ground floor.<\/p>\n<p>Do you still have questions about delivery or a special situation? Contact us and we will be happy to help you!<\/p>\n<p>*Items are not unpacked or assembled as standard. In special situations you can contact us to make arrangements.<\/p>\n<h2>Secure online shopping at Salon For All with the Webwinkelkeur seal of quality and SSL encryption.<\/h2>\n<p>It is important to us that our customers can shop safely in our online shop. We have been affiliated with the national quality seal Webwinkelkeur since 2019. Our identity has been verified and checked by them, and the online shop has been checked and legally approved. Furthermore, our online shop is affiliated with them for conflict mediation. You can see the logo with all the information of this online shop quality seal on the left or right side of the online shop (pink button with white). In addition, our site is protected with an SSL certificate so that you can surf securely with us. In the bar of your Internet browser, where our website appears, you will see a padlock icon. If you click on the padlock, you will get all the information about our security. This way you know that your order of Barber Barber Hairdresser Cape With Elastic Band J-455 and your personal data is processed securely.<\/p>\n<h2>How can I pay for Barber Barber Coat With Elastic Band J-455?<\/h2>\n<p>We want to make it as easy as possible for you. That's why at Salon For All you can pay with all popular payment methods. Pay in advance, on delivery or afterwards - everything is possible. See here for all the payment methods we offer:<\/p>\n<ul>\n<li>iDEAL<\/li>\n<li>Credit card (Visa, Mastercard, American Express)<\/li>\n<li>Klarna - Payment on delivery with invoice<\/li>\n<li>PayPal<\/li>\n<li>Apple Pay<\/li>\n<li>Google Pay<\/li>\n<li>Bizum (for Spanish customers)<\/li>\n<li>SEPA bank transfer<\/li>\n<li>Bancontact<\/li>\n<li>Commercial invoice for companies<\/li>\n<li>Payment in the showroom - Both card and cash (Only available on collection)<\/li>\n<\/ul>\n<h2>See also reviews of Salon For All<\/h2>\n<p>Please also check our reviews to take into account the experiences of our current customers in your decision to order Barber's Hairdressing Barber Cape With Elastic Band J-455 with us. Through our independent online shop quality seal Webwinkelkeur, verified reviews are automatically collected from customers who have completed an order with us. You can find them behind the pink button in our online shop or they are listed below the products.<\/p>\n<p>Please also share your experience after shopping with your Barber Barber Hairdressing Cape With Elastic Band J-455 order and your experience with the purchase process or contacting Salon For All to inspire others!<\/p>\n<h2>Contact Salon For All<\/h2>\n<p>Contact us then. We will be happy to help you with your purchase of Barber Barber Coat With Elastic Band J-455. On weekdays we are best available between 8.30am and 5.00pm via the telephone number and email address at the top of the online shop or via the chat function. Out-of-hours enquiries are usually answered within 24 hours. It is also possible to visit us outside working days or office hours. However, an appointment must be made in advance.<\/p>\n<h2>Would you like to visit our showroom?<\/h2>\n<p>Would you prefer to see Barber Barber Hairdressing Cape With Elastic Band J-455 or browse through our (online) shop offer together with our colleague? Then visit our showroom with more than 1000m\u00b2 of salon equipment and be inspired by our employees. Also if you like to get to know us pleasantly over a cup of coffee or tea, you are very welcome. We do not have all products in stock, so please let us know in advance that you would like to come. Always make an appointment in advance.<\/p>\n<h2>14 days of reflection and our return policy<\/h2>\n<p>Of course it can happen that the delivered Barber Barber Hairdressing Cap With Elastic Band J-455 is not completely to your liking and you wish to return it. That is no problem at Salon For All. You must notify your return within 14 working days via info@salonforall.es. You will then first receive full return instructions and conditions. Please note that Barber Barber Hairdressing Cap With Elastic Band J-455 must not have been used, must contain all supplied parts and must be returned in the original packaging. Shipping costs for a return are always at the expense of the buyer on purchases through www.salonforall.es. You must arrange transport yourself with a carrier of your choice for a return. Once Barber Barber Hairdressing Cap With Elastic Band J-455 has been returned, it will be checked for completeness and possible damage. Once the return has been approved, the purchase amount will be refunded within 5 working days to the bank account we have on record.<\/p>\n<h2>Who is Salon For All?<\/h2>\n<p>Salon For All is THE wholesaler for all salon equipment in Europe. Salon For All started in 2003 under the name Salonvoordeel and grew out of practice. The owners of Salon For All were experienced hairdressers and beauty specialists and have together more than 30 years of practical experience. In 2003 we launched Salonvoordeel.nl (Netherlands) and subsequently Salon For All was founded for the European market. Some of our employees started their own business and so the idea to launch a functional online shop for hairdressers and to help them with the equipment of their salon was born.<\/p>\n<p>Our showroom is located in Dinxperlo, directly on the border between the Netherlands and Germany. With our extensive experience in the industry we can mirror and advise you - we speak the same language! We advise, inspire, motivate and assist you in the purchase of Barber Barber Coat With Elastic Band J-455. Our suppliers are located all over Europe, from Germany, England, Italy to Poland.<\/p>","protected":false},"excerpt":{"rendered":"<p>The Barber Barber Hairdressing Cape With Elastic Band J-455 is a high quality solution for any salon. The estimated delivery time is approximately 6 working days.<\/p>","protected":false},"featured_media":17285,"comment_status":"open","ping_status":"open","template":"","meta":[],"product_brand":[107],"product_cat":[2382,96],"product_tag":[2383,100],"class_list":{"0":"post-17284","1":"product","2":"type-product","3":"status-publish","4":"has-post-thumbnail","6":"product_brand-activeshop","7":"product_cat-capas-de-peluqueria","8":"product_cat-equipamiento-de-peluqueria","9":"product_tag-capas-de-peluqueria","10":"product_tag-equipamiento-de-peluqueria","11":"pa_codigo-ean-7759","12":"pa_garantia-12-meses","13":"pa_marca-activeshop","14":"pa_numero-de-articulo-6432","15":"pa_tiempo-estimado-de-entrega-4-5-dias-laborables","17":"first","18":"instock","19":"sale","20":"taxable","21":"shipping-taxable","22":"purchasable","23":"product-type-simple"},"yoast_head":"<!-- This site is optimized with the Yoast SEO plugin v27.6 - https:\/\/yoast.com\/product\/yoast-seo-wordpress\/ -->\n<title>Capa De Peluquer\u00eda De Barbero Con Banda El\u00e1stica J-455 comprar<\/title>\n<meta name=\"description\" content=\"Compra Capa De Peluquer\u00eda De Barbero Con Banda El\u00e1stica J-455 online o en el showroom en Salon For ALL Espa\u00f1a. El mayorista para salones, consultas y spas en Espa\u00f1a y Portugal.\" \/>\n<meta name=\"robots\" content=\"index, follow, max-snippet:-1, max-image-preview:large, max-video-preview:-1\" \/>\n<link rel=\"canonical\" href=\"https:\/\/salonforall.es\/en\/barbers-cape-with-elasticated-band-j-455\/\" \/>\n<meta property=\"og:locale\" content=\"en_GB\" \/>\n<meta property=\"og:type\" content=\"article\" \/>\n<meta property=\"og:title\" content=\"Capa De Peluquer\u00eda De Barbero Con Banda El\u00e1stica J-455\" \/>\n<meta property=\"og:description\" content=\"Compra Capa De Peluquer\u00eda De Barbero Con Banda El\u00e1stica J-455 online o en el showroom en Salon For ALL Espa\u00f1a. El mayorista para salones, consultas y spas en Espa\u00f1a y Portugal.\" \/>\n<meta property=\"og:url\" content=\"https:\/\/salonforall.es\/en\/barbers-cape-with-elasticated-band-j-455\/\" \/>\n<meta property=\"og:site_name\" content=\"Salon For ALL Espa\u00f1a\" \/>\n<meta property=\"article:modified_time\" content=\"2026-03-24T16:32:08+00:00\" \/>\n<meta property=\"og:image\" content=\"https:\/\/salonforall.es\/wp-content\/uploads\/2025\/12\/Capa-De-Peluqueria-De-Barbero-Con-Banda-Elastica-J-455.jpg\" \/>\n\t<meta property=\"og:image:width\" content=\"1200\" \/>\n\t<meta property=\"og:image:height\" content=\"1200\" \/>\n\t<meta property=\"og:image:type\" content=\"image\/jpeg\" \/>\n<meta name=\"twitter:card\" content=\"summary_large_image\" \/>\n<meta name=\"twitter:title\" content=\"Capa De Peluquer\u00eda De Barbero Con Banda El\u00e1stica J-455\" \/>\n<meta name=\"twitter:label1\" content=\"Estimated reading time\" \/>\n\t<meta name=\"twitter:data1\" content=\"8 minutes\" \/>\n<script type=\"application\/ld+json\" class=\"yoast-schema-graph\">{\"@context\":\"https:\\\/\\\/schema.org\",\"@graph\":[{\"@type\":\"WebPage\",\"@id\":\"https:\\\/\\\/salonforall.es\\\/capa-de-peluqueria-de-barbero-con-banda-elastica-j-455\\\/\",\"url\":\"https:\\\/\\\/salonforall.es\\\/capa-de-peluqueria-de-barbero-con-banda-elastica-j-455\\\/\",\"name\":\"Capa De Peluquer\u00eda De Barbero Con Banda El\u00e1stica J-455 comprar\",\"isPartOf\":{\"@id\":\"https:\\\/\\\/salonforall.es\\\/#website\"},\"primaryImageOfPage\":{\"@id\":\"https:\\\/\\\/salonforall.es\\\/capa-de-peluqueria-de-barbero-con-banda-elastica-j-455\\\/#primaryimage\"},\"image\":{\"@id\":\"https:\\\/\\\/salonforall.es\\\/capa-de-peluqueria-de-barbero-con-banda-elastica-j-455\\\/#primaryimage\"},\"thumbnailUrl\":\"https:\\\/\\\/salonforall.es\\\/wp-content\\\/uploads\\\/2025\\\/12\\\/Capa-De-Peluqueria-De-Barbero-Con-Banda-Elastica-J-455.jpg\",\"datePublished\":\"2025-12-02T13:49:43+00:00\",\"dateModified\":\"2026-03-24T16:32:08+00:00\",\"description\":\"Compra Capa De Peluquer\u00eda De Barbero Con Banda El\u00e1stica J-455 online o en el showroom en Salon For ALL Espa\u00f1a. El mayorista para salones, consultas y spas en Espa\u00f1a y Portugal.\",\"breadcrumb\":{\"@id\":\"https:\\\/\\\/salonforall.es\\\/capa-de-peluqueria-de-barbero-con-banda-elastica-j-455\\\/#breadcrumb\"},\"inLanguage\":\"en-GB\",\"potentialAction\":[{\"@type\":\"ReadAction\",\"target\":[\"https:\\\/\\\/salonforall.es\\\/capa-de-peluqueria-de-barbero-con-banda-elastica-j-455\\\/\"]}]},{\"@type\":\"ImageObject\",\"inLanguage\":\"en-GB\",\"@id\":\"https:\\\/\\\/salonforall.es\\\/capa-de-peluqueria-de-barbero-con-banda-elastica-j-455\\\/#primaryimage\",\"url\":\"https:\\\/\\\/salonforall.es\\\/wp-content\\\/uploads\\\/2025\\\/12\\\/Capa-De-Peluqueria-De-Barbero-Con-Banda-Elastica-J-455.jpg\",\"contentUrl\":\"https:\\\/\\\/salonforall.es\\\/wp-content\\\/uploads\\\/2025\\\/12\\\/Capa-De-Peluqueria-De-Barbero-Con-Banda-Elastica-J-455.jpg\",\"width\":1200,\"height\":1200,\"caption\":\"Capa De Peluquer\u00eda De Barbero Con Banda El\u00e1stica J-455\"},{\"@type\":\"BreadcrumbList\",\"@id\":\"https:\\\/\\\/salonforall.es\\\/capa-de-peluqueria-de-barbero-con-banda-elastica-j-455\\\/#breadcrumb\",\"itemListElement\":[{\"@type\":\"ListItem\",\"position\":1,\"name\":\"Home\",\"item\":\"https:\\\/\\\/salonforall.es\\\/\"},{\"@type\":\"ListItem\",\"position\":2,\"name\":\"Winkel\",\"item\":\"https:\\\/\\\/salonforall.es\\\/winkel\\\/\"},{\"@type\":\"ListItem\",\"position\":3,\"name\":\"Capa De Peluquer\u00eda De Barbero Con Banda El\u00e1stica J-455\"}]},{\"@type\":\"WebSite\",\"@id\":\"https:\\\/\\\/salonforall.es\\\/#website\",\"url\":\"https:\\\/\\\/salonforall.es\\\/\",\"name\":\"Salon For ALL Espa\u00f1a\",\"description\":\"Mayorista de mobiliario y suministros para consultorios y salones\",\"publisher\":{\"@id\":\"https:\\\/\\\/salonforall.es\\\/#organization\"},\"potentialAction\":[{\"@type\":\"SearchAction\",\"target\":{\"@type\":\"EntryPoint\",\"urlTemplate\":\"https:\\\/\\\/salonforall.es\\\/?s={search_term_string}\"},\"query-input\":{\"@type\":\"PropertyValueSpecification\",\"valueRequired\":true,\"valueName\":\"search_term_string\"}}],\"inLanguage\":\"en-GB\"},{\"@type\":\"Organization\",\"@id\":\"https:\\\/\\\/salonforall.es\\\/#organization\",\"name\":\"Salon For All B.V. Espa\u00f1a\",\"alternateName\":\"Salon For All B.V. Espa\u00f1a - Mayorista de equipamiento para consultas, salones y suministros\",\"url\":\"https:\\\/\\\/salonforall.es\\\/\",\"logo\":{\"@type\":\"ImageObject\",\"inLanguage\":\"en-GB\",\"@id\":\"https:\\\/\\\/salonforall.es\\\/#\\\/schema\\\/logo\\\/image\\\/\",\"url\":\"https:\\\/\\\/salonforall.es\\\/wp-content\\\/uploads\\\/2025\\\/11\\\/logo-salon-for-all-e1764543185849.png\",\"contentUrl\":\"https:\\\/\\\/salonforall.es\\\/wp-content\\\/uploads\\\/2025\\\/11\\\/logo-salon-for-all-e1764543185849.png\",\"width\":500,\"height\":150,\"caption\":\"Salon For All B.V. Espa\u00f1a\"},\"image\":{\"@id\":\"https:\\\/\\\/salonforall.es\\\/#\\\/schema\\\/logo\\\/image\\\/\"}}]}<\/script>\n<!-- \/ Yoast SEO plugin. -->","yoast_head_json":{"title":"Barber Barber Coat With Elastic Band J-455 buy","description":"Buy Barber Barber Hairdressing Coat With Elastic Band J-455 online or in the showroom at Salon For ALL Spain. The wholesaler for salons, practices and spas in Spain and Portugal.","robots":{"index":"index","follow":"follow","max-snippet":"max-snippet:-1","max-image-preview":"max-image-preview:large","max-video-preview":"max-video-preview:-1"},"canonical":"https:\/\/salonforall.es\/en\/barbers-cape-with-elasticated-band-j-455\/","og_locale":"en_GB","og_type":"article","og_title":"Capa De Peluquer\u00eda De Barbero Con Banda El\u00e1stica J-455","og_description":"Compra Capa De Peluquer\u00eda De Barbero Con Banda El\u00e1stica J-455 online o en el showroom en Salon For ALL Espa\u00f1a. El mayorista para salones, consultas y spas en Espa\u00f1a y Portugal.","og_url":"https:\/\/salonforall.es\/en\/barbers-cape-with-elasticated-band-j-455\/","og_site_name":"Salon For ALL Espa\u00f1a","article_modified_time":"2026-03-24T16:32:08+00:00","og_image":[{"width":1200,"height":1200,"url":"https:\/\/salonforall.es\/wp-content\/uploads\/2025\/12\/Capa-De-Peluqueria-De-Barbero-Con-Banda-Elastica-J-455.jpg","type":"image\/jpeg"}],"twitter_card":"summary_large_image","twitter_title":"Capa De Peluquer\u00eda De Barbero Con Banda El\u00e1stica J-455","twitter_misc":{"Estimated reading time":"8 minutes"},"schema":{"@context":"https:\/\/schema.org","@graph":[{"@type":"WebPage","@id":"https:\/\/salonforall.es\/capa-de-peluqueria-de-barbero-con-banda-elastica-j-455\/","url":"https:\/\/salonforall.es\/capa-de-peluqueria-de-barbero-con-banda-elastica-j-455\/","name":"Barber Barber Coat With Elastic Band J-455 buy","isPartOf":{"@id":"https:\/\/salonforall.es\/#website"},"primaryImageOfPage":{"@id":"https:\/\/salonforall.es\/capa-de-peluqueria-de-barbero-con-banda-elastica-j-455\/#primaryimage"},"image":{"@id":"https:\/\/salonforall.es\/capa-de-peluqueria-de-barbero-con-banda-elastica-j-455\/#primaryimage"},"thumbnailUrl":"https:\/\/salonforall.es\/wp-content\/uploads\/2025\/12\/Capa-De-Peluqueria-De-Barbero-Con-Banda-Elastica-J-455.jpg","datePublished":"2025-12-02T13:49:43+00:00","dateModified":"2026-03-24T16:32:08+00:00","description":"Buy Barber Barber Hairdressing Coat With Elastic Band J-455 online or in the showroom at Salon For ALL Spain. The wholesaler for salons, practices and spas in Spain and Portugal.","breadcrumb":{"@id":"https:\/\/salonforall.es\/capa-de-peluqueria-de-barbero-con-banda-elastica-j-455\/#breadcrumb"},"inLanguage":"en-GB","potentialAction":[{"@type":"ReadAction","target":["https:\/\/salonforall.es\/capa-de-peluqueria-de-barbero-con-banda-elastica-j-455\/"]}]},{"@type":"ImageObject","inLanguage":"en-GB","@id":"https:\/\/salonforall.es\/capa-de-peluqueria-de-barbero-con-banda-elastica-j-455\/#primaryimage","url":"https:\/\/salonforall.es\/wp-content\/uploads\/2025\/12\/Capa-De-Peluqueria-De-Barbero-Con-Banda-Elastica-J-455.jpg","contentUrl":"https:\/\/salonforall.es\/wp-content\/uploads\/2025\/12\/Capa-De-Peluqueria-De-Barbero-Con-Banda-Elastica-J-455.jpg","width":1200,"height":1200,"caption":"Capa De Peluquer\u00eda De Barbero Con Banda El\u00e1stica J-455"},{"@type":"BreadcrumbList","@id":"https:\/\/salonforall.es\/capa-de-peluqueria-de-barbero-con-banda-elastica-j-455\/#breadcrumb","itemListElement":[{"@type":"ListItem","position":1,"name":"Home","item":"https:\/\/salonforall.es\/"},{"@type":"ListItem","position":2,"name":"Winkel","item":"https:\/\/salonforall.es\/winkel\/"},{"@type":"ListItem","position":3,"name":"Capa De Peluquer\u00eda De Barbero Con Banda El\u00e1stica J-455"}]},{"@type":"WebSite","@id":"https:\/\/salonforall.es\/#website","url":"https:\/\/salonforall.es\/","name":"Salon For ALL Spain","description":"Wholesaler of salon and practice furniture and supplies","publisher":{"@id":"https:\/\/salonforall.es\/#organization"},"potentialAction":[{"@type":"SearchAction","target":{"@type":"EntryPoint","urlTemplate":"https:\/\/salonforall.es\/?s={search_term_string}"},"query-input":{"@type":"PropertyValueSpecification","valueRequired":true,"valueName":"search_term_string"}}],"inLanguage":"en-GB"},{"@type":"Organization","@id":"https:\/\/salonforall.es\/#organization","name":"Salon For All B.V. Spain","alternateName":"Salon For All B.V. Espa\u00f1a - Mayorista de equipamiento para consultas, salones y suministros","url":"https:\/\/salonforall.es\/","logo":{"@type":"ImageObject","inLanguage":"en-GB","@id":"https:\/\/salonforall.es\/#\/schema\/logo\/image\/","url":"https:\/\/salonforall.es\/wp-content\/uploads\/2025\/11\/logo-salon-for-all-e1764543185849.png","contentUrl":"https:\/\/salonforall.es\/wp-content\/uploads\/2025\/11\/logo-salon-for-all-e1764543185849.png","width":500,"height":150,"caption":"Salon For All B.V. Espa\u00f1a"},"image":{"@id":"https:\/\/salonforall.es\/#\/schema\/logo\/image\/"}}]}},"_links":{"self":[{"href":"https:\/\/salonforall.es\/en\/wp-json\/wp\/v2\/product\/17284","targetHints":{"allow":["GET"]}}],"collection":[{"href":"https:\/\/salonforall.es\/en\/wp-json\/wp\/v2\/product"}],"about":[{"href":"https:\/\/salonforall.es\/en\/wp-json\/wp\/v2\/types\/product"}],"replies":[{"embeddable":true,"href":"https:\/\/salonforall.es\/en\/wp-json\/wp\/v2\/comments?post=17284"}],"wp:featuredmedia":[{"embeddable":true,"href":"https:\/\/salonforall.es\/en\/wp-json\/wp\/v2\/media\/17285"}],"wp:attachment":[{"href":"https:\/\/salonforall.es\/en\/wp-json\/wp\/v2\/media?parent=17284"}],"wp:term":[{"taxonomy":"product_brand","embeddable":true,"href":"https:\/\/salonforall.es\/en\/wp-json\/wp\/v2\/product_brand?post=17284"},{"taxonomy":"product_cat","embeddable":true,"href":"https:\/\/salonforall.es\/en\/wp-json\/wp\/v2\/product_cat?post=17284"},{"taxonomy":"product_tag","embeddable":true,"href":"https:\/\/salonforall.es\/en\/wp-json\/wp\/v2\/product_tag?post=17284"}],"curies":[{"name":"wp","href":"https:\/\/api.w.org\/{rel}","templated":true}]}}