{"id":17138,"date":"2025-12-02T14:47:52","date_gmt":"2025-12-02T13:47:52","guid":{"rendered":"https:\/\/salonforall.es\/product\/base-de-energia-claresa-12-5-g\/"},"modified":"2026-03-24T17:31:45","modified_gmt":"2026-03-24T16:31:45","slug":"base-de-energia-claresa-12-5-g","status":"publish","type":"product","link":"https:\/\/salonforall.es\/en\/base-de-energia-claresa-12-5-g\/","title":{"rendered":"Claresa Energy Base 12 -5 G"},"content":{"rendered":"<h2>Informaci\u00f3n sobre Base De Energ\u00eda Claresa 12 -5 G con n\u00famero de art\u00edculo 150686<\/h2>\n<p><p>Claresa Power Base<\/p> <p>\u00bfSue\u00f1as con el producto perfecto que te haga la manicura completa pr\u00e1cticamente por ti? \u00bfBuscas una base especial para fortalecer tus u\u00f1as e igualar su color? \u00bfNecesitas un producto que no solo sea ideal para estilizaciones naturales al estilo de la manicura francesa y baby boomer, sino que, sobre todo, luzca precioso por s\u00ed solo?<\/p> <p>\u00a1La tenemos! Power Base es una novedad que no tememos llamar revolucionaria.<\/p> <p>Su exclusiva consistencia de espesor medio permite una aplicaci\u00f3n f\u00e1cil, fina y r\u00e1pida, para que puedas pintar 4 u\u00f1as de una sola vez (sin contar los pulgares). Hemos elegido la f\u00f3rmula para que la capa base se extienda pr\u00e1cticamente sola: el producto se nivela r\u00e1pidamente y no tienes que preocuparte por las marcas del pincel, ya que desaparecen en un abrir y cerrar de ojos. Hemos enriquecido la base con un componente especial, el llamado promotor de adhesi\u00f3n, que garantiza una alta adhesi\u00f3n, durabilidad de hasta 3 semanas y resistencia al astillado y la obstrucci\u00f3n. Power Base deja u\u00f1as visualmente finas y de aspecto natural con una superficie perfectamente uniforme. La gama de tonos nude y rosas naturales proporciona un efecto camuflaje, para que puedas disfrutar de un look sutil sin preocuparte por las decoloraciones visibles. Si tu u\u00f1a es naturalmente delicada y sensible, \u00a1no te preocupes! Nuestra base no contiene \u00e1cido (no contiene \u00e1cido metacr\u00edlico ni acr\u00edlico), por lo que es apta para todo tipo de u\u00f1as, no solo las de las manos, ya que tambi\u00e9n es ideal para pedicuras. PRODUCTO DISPONIBLE EN 21 COLORES: 01 \u2012 transparente 02 \u2012 tono rosa claro y sutil <br>&nbsp;&nbsp;&nbsp; 03 \u2012 tono beige melocot\u00f3n <br>&nbsp;&nbsp;&nbsp; 04 \u2012 cobertura natural <br>&nbsp;&nbsp;&nbsp; 05 \u2012 tono rosa sutil con una part\u00edcula rosa brillante <br>&nbsp;&nbsp;&nbsp; 06 \u2013 tono de cobertura oscura <br>&nbsp;&nbsp;&nbsp; 07 \u2013 tono rosa caramelo <br>&nbsp;&nbsp;&nbsp; 08 \u2013 tono rosa sutil con un efecto perlado brillante y #lipglossnails <br>&nbsp;&nbsp;&nbsp; 09 \u2013 tono rosa sutil con copos de oro rosa <br>&nbsp;&nbsp;&nbsp; 10 \u2013 con trozos de papel de aluminio iridiscente escarchado <br>&nbsp;&nbsp;&nbsp; 11 \u2012 tono lechoso con brillo rosa-p\u00farpura en el estilo de u\u00f1as con brillo labial <br>&nbsp;&nbsp;&nbsp; 12 \u2012 rosa nude con brillo rosa-p\u00farpura en el estilo de u\u00f1as con brillo labial <br>&nbsp;&nbsp;&nbsp; 13 \u2013 rosa fr\u00edo con brillo rosa-p\u00farpura en el estilo de u\u00f1as con brillo labial <br>&nbsp;&nbsp;&nbsp; 14 \u2012 tono nude profundo con brillo rosa-p\u00farpura en el estilo de u\u00f1as con brillo labial <br>&nbsp;&nbsp;&nbsp; 15 \u2012 lechoso <br>&nbsp;&nbsp;&nbsp; 16 \u2012 tono rosa sutil <br>&nbsp;&nbsp;&nbsp; 17 \u2012 cobertura oscura natural <br>&nbsp;&nbsp;&nbsp; 18 \u2013 lila <br>&nbsp;&nbsp;&nbsp; 19 \u2012 rosa con trozos de papel de aluminio iridiscente <br>&nbsp;&nbsp;&nbsp; 20 \u2012 lechoso con trozos de papel de aluminio iridiscente <br>&nbsp;&nbsp;&nbsp; 21 \u2012 lila con trozos de papel de aluminio iridiscente<\/p> <p>PROPERTIES:<\/p> <p>&nbsp;&nbsp;&nbsp; consistencia media-espesa <br>&nbsp;&nbsp;&nbsp; Excelente adhesi\u00f3n gracias al promotor de adhesi\u00f3n \u2012 manicura duradera sin astillarse ni obstruirse <br>&nbsp;&nbsp;&nbsp;&nbsp; durability up to 3 weeks <br>&nbsp;&nbsp;&nbsp;&nbsp; fortalecimiento y endurecimiento de la placa ungueal natural <br>&nbsp;&nbsp;&nbsp;&nbsp; f\u00f3rmula autonivelante \u2012 sin vetas de pincel <br>&nbsp;&nbsp;&nbsp;&nbsp; efecto de u\u00f1as finas y naturales <br>&nbsp;&nbsp;&nbsp;&nbsp; efecto camuflaje \u2012 alineaci\u00f3n visual del color de la placa <br>&nbsp;&nbsp;&nbsp; ideal solo y debajo de u\u00f1as francesas\/babyboomer <br>&nbsp;&nbsp;&nbsp;&nbsp; sin \u00e1cido <br>&nbsp;&nbsp;&nbsp; Fragancia delicada <br>Capacity: 5 g<\/p> <p>&nbsp;<\/p> <p>APPLICATION:<\/p> <p>Aplicar una capa de Power Base sobre la placa ungueal preparada y curar en la l\u00e1mpara.<\/p> <p>CURING TIME: min. 60 seconds<\/p><\/p>\n<p>Los productos Activeshop son proporcionalmente m\u00e1s econ\u00f3micos que muchas otras marcas\/proveedores. El precio est\u00e1 en relaci\u00f3n con la calidad. Base De Energ\u00eda Claresa 12 -5 G es por lo tanto una soluci\u00f3n accesible para su sal\u00f3n.<\/p>\n<h2>\u00bfC\u00f3mo se entrega Base De Energ\u00eda Claresa 12 -5 G?<\/h2>\n<p>Base De Energ\u00eda Claresa 12 -5 G se entrega en embalaje(s) original(es). Dentro de Espa\u00f1a el env\u00edo de Base De Energ\u00eda Claresa 12 -5 G es completamente gratuito para pedidos a partir de 100,- euros. Para env\u00edos a otros pa\u00edses se aplican tarifas de env\u00edo separadas. Puede consultar estas tarifas con nosotros o verlas en el carrito de compra. Base De Energ\u00eda Claresa 12 -5 G se env\u00eda a trav\u00e9s de un servicio de mensajer\u00eda externo.<\/p>\n<p>Packages or pallets are delivered as standard up to the front door threshold, even if you are located in a collective building, apartment building or apartment complex with a lift (provided the item fits in the lift). No lift available or item does not fit in the lift? Then we deliver up to the threshold of the ground floor.<\/p>\n<p>Do you still have questions about delivery or a special situation? Contact us and we will be happy to help you!<\/p>\n<p>*Items are not unpacked or assembled as standard. In special situations you can contact us to make arrangements.<\/p>\n<h2>Secure online shopping at Salon For All with the Webwinkelkeur seal of quality and SSL encryption.<\/h2>\n<p>Es importante para nosotros que nuestros clientes puedan comprar de forma segura en nuestra tienda online. Estamos afiliados al sello de calidad nacional Webwinkelkeur desde 2019. Nuestra identidad ha sido verificada y comprobada por ellos, y la tienda online ha sido revisada y aprobada legalmente. Adem\u00e1s, nuestra tienda online est\u00e1 afiliada a ellos para la mediaci\u00f3n de conflictos. Puede ver la insignia con toda la informaci\u00f3n de este sello de calidad de tienda online en el lado izquierdo o derecho de la tienda online (bot\u00f3n rosa con blanco). Adem\u00e1s, nuestro sitio est\u00e1 protegido con un certificado SSL para que pueda navegar de forma segura con nosotros. En la barra de su navegador de Internet, donde aparece nuestro sitio web, ver\u00e1 un icono de candado. Si hace clic en el candado, obtendr\u00e1 toda la informaci\u00f3n sobre nuestra seguridad. De esta manera sabe que su pedido de Base De Energ\u00eda Claresa 12 -5 G y sus datos personales se procesan de forma segura.<\/p>\n<h2>\u00bfC\u00f3mo puedo pagar Base De Energ\u00eda Claresa 12 -5 G?<\/h2>\n<p>We want to make it as easy as possible for you. That's why at Salon For All you can pay with all popular payment methods. Pay in advance, on delivery or afterwards - everything is possible. See here for all the payment methods we offer:<\/p>\n<ul>\n<li>iDEAL<\/li>\n<li>Credit card (Visa, Mastercard, American Express)<\/li>\n<li>Klarna - Payment on delivery with invoice<\/li>\n<li>PayPal<\/li>\n<li>Apple Pay<\/li>\n<li>Google Pay<\/li>\n<li>Bizum (for Spanish customers)<\/li>\n<li>SEPA bank transfer<\/li>\n<li>Bancontact<\/li>\n<li>Commercial invoice for companies<\/li>\n<li>Payment in the showroom - Both card and cash (Only available on collection)<\/li>\n<\/ul>\n<h2>See also reviews of Salon For All<\/h2>\n<p>Consulte tambi\u00e9n nuestras rese\u00f1as para tener en cuenta las experiencias de nuestros clientes actuales en su decisi\u00f3n de pedir Base De Energ\u00eda Claresa 12 -5 G con nosotros. A trav\u00e9s de nuestro sello de calidad independiente de tienda online Webwinkelkeur, se recopilan autom\u00e1ticamente rese\u00f1as verificadas de clientes que han completado un pedido con nosotros. Puede encontrarlas detr\u00e1s del bot\u00f3n rosa en nuestra tienda online o aparecen listadas debajo de los productos.<\/p>\n<p>\u00a1Comparta tambi\u00e9n su experiencia despu\u00e9s de su compra con su Base De Energ\u00eda Claresa 12 -5 G pedido y su experiencia con el proceso de compra o el contacto con Salon For All para inspirar a otros!<\/p>\n<h2>Contact Salon For All<\/h2>\n<p>Cont\u00e1ctenos entonces. Estaremos encantados de ayudarle con la adquisici\u00f3n de Base De Energ\u00eda Claresa 12 -5 G. En d\u00edas laborables estamos mejor disponibles entre las 8.30 y las 17.00 horas a trav\u00e9s del n\u00famero de tel\u00e9fono y direcci\u00f3n de correo electr\u00f3nico en la parte superior de la tienda online o a trav\u00e9s de la funci\u00f3n de chat. Las consultas fuera del horario de oficina suelen responderse en un plazo de 24 horas. Tambi\u00e9n es posible visitarnos fuera de los d\u00edas laborables u horario de oficina. Pero para ello es necesario concertar una cita previa.<\/p>\n<h2>Would you like to visit our showroom?<\/h2>\n<p>\u00bfPrefiere ver Base De Energ\u00eda Claresa 12 -5 G o recorrer nuestra oferta de la tienda (online) junto con nuestro colega? Entonces visite nuestro showroom con m\u00e1s de 1000m\u00b2 de equipamiento para salones y d\u00e9jese inspirar por nuestros empleados. Tambi\u00e9n si le gusta conocernos de manera agradable disfrutando de una buena taza de caf\u00e9 o t\u00e9, es muy bienvenido. No tenemos todos los productos en stock, as\u00ed que h\u00e1ganos saber de antemano que desea venir. Concierte siempre una cita previa.<\/p>\n<h2>14 days of reflection and our return policy<\/h2>\n<p>Por supuesto puede ocurrir que Base De Energ\u00eda Claresa 12 -5 G entregado no sea completamente de su agrado y desee devolverlo. Eso no es ning\u00fan problema en Salon For All. Debe notificar su devoluci\u00f3n dentro de 14 d\u00edas laborables a trav\u00e9s de info@salonforall.es. Entonces recibir\u00e1 primero todas las instrucciones y condiciones de devoluci\u00f3n. Tenga en cuenta que Base De Energ\u00eda Claresa 12 -5 G no debe haber sido usado, debe contener todas las partes suministradas y debe devolverse empaquetado en el embalaje original. Los costos de env\u00edo de una devoluci\u00f3n son siempre a cargo del comprador en compras a trav\u00e9s de www.salonforall.es. Debe organizar usted mismo un transporte con una empresa de transporte de su elecci\u00f3n para una devoluci\u00f3n. Una vez que Base De Energ\u00eda Claresa 12 -5 G haya sido devuelto, se verificar\u00e1 su integridad y posibles da\u00f1os. Una vez que la devoluci\u00f3n haya sido aprobada, el importe de la compra se reembolsar\u00e1 dentro de 5 d\u00edas laborables a la cuenta bancaria que tenemos registrada.<\/p>\n<h2>Who is Salon For All?<\/h2>\n<p>Salon For All is THE wholesaler for all salon equipment in Europe. Salon For All started in 2003 under the name Salonvoordeel and grew out of practice. The owners of Salon For All were experienced hairdressers and beauty specialists and have together more than 30 years of practical experience. In 2003 we launched Salonvoordeel.nl (Netherlands) and subsequently Salon For All was founded for the European market. Some of our employees started their own business and so the idea to launch a functional online shop for hairdressers and to help them with the equipment of their salon was born.<\/p>\n<p>Nuestro showroom se encuentra en Dinxperlo, directamente en la frontera entre los Pa\u00edses Bajos y Alemania. Con nuestra amplia experiencia en el sector podemos servirle de espejo y proporcionarle el asesoramiento adecuado. \u00a1Hablamos el mismo idioma! Le asesoramos, inspiramos, motivamos y ayudamos en la adquisici\u00f3n de Base De Energ\u00eda Claresa 12 -5 G. Nuestros proveedores se encuentran en toda Europa, desde Alemania, Inglaterra, Italia hasta Polonia.<\/p>","protected":false},"excerpt":{"rendered":"<p>The product Claresa Energy Base 12 -5 G is a high quality solution for any salon. The estimated delivery time is approximately 6 working days.<\/p>","protected":false},"featured_media":17139,"comment_status":"open","ping_status":"open","template":"","meta":[],"product_brand":[3645],"product_cat":[3647,3646],"product_tag":[3649,3648],"class_list":{"0":"post-17138","1":"product","2":"type-product","3":"status-publish","4":"has-post-thumbnail","6":"product_brand-claresa","7":"product_cat-bases-y-tops-hibridos","8":"product_cat-manicura-hibrida-claresa","9":"product_tag-bases-y-tops-hibridos","10":"product_tag-manicura-hibrida-claresa","11":"pa_codigo-ean-7762","12":"pa_garantia-12-meses","13":"pa_marca-claresa","14":"pa_numero-de-articulo-6380","15":"pa_tiempo-estimado-de-entrega-4-5-dias-laborables","17":"first","18":"instock","19":"sale","20":"taxable","21":"shipping-taxable","22":"purchasable","23":"product-type-simple"},"yoast_head":"<!-- This site is optimized with the Yoast SEO plugin v27.4 - https:\/\/yoast.com\/product\/yoast-seo-wordpress\/ -->\n<title>Base De Energ\u00eda Claresa 12 -5 G comprar<\/title>\n<meta name=\"description\" content=\"Compra Base De Energ\u00eda Claresa 12 -5 G online o en el showroom en Salon For ALL Espa\u00f1a. El mayorista para salones, consultas y spas en Espa\u00f1a y Portugal.\" \/>\n<meta name=\"robots\" content=\"index, follow, max-snippet:-1, max-image-preview:large, max-video-preview:-1\" \/>\n<link rel=\"canonical\" href=\"https:\/\/salonforall.es\/en\/base-de-energia-claresa-12-5-g\/\" \/>\n<meta property=\"og:locale\" content=\"en_GB\" \/>\n<meta property=\"og:type\" content=\"article\" \/>\n<meta property=\"og:title\" content=\"Base De Energ\u00eda Claresa 12 -5 G\" \/>\n<meta property=\"og:description\" content=\"Compra Base De Energ\u00eda Claresa 12 -5 G online o en el showroom en Salon For ALL Espa\u00f1a. El mayorista para salones, consultas y spas en Espa\u00f1a y Portugal.\" \/>\n<meta property=\"og:url\" content=\"https:\/\/salonforall.es\/en\/base-de-energia-claresa-12-5-g\/\" \/>\n<meta property=\"og:site_name\" content=\"Salon For ALL Espa\u00f1a\" \/>\n<meta property=\"article:modified_time\" content=\"2026-03-24T16:31:45+00:00\" \/>\n<meta property=\"og:image\" content=\"https:\/\/salonforall.es\/wp-content\/uploads\/2025\/12\/Base-De-Energia-Claresa-12-5-G.jpg\" \/>\n\t<meta property=\"og:image:width\" content=\"1200\" \/>\n\t<meta property=\"og:image:height\" content=\"1200\" \/>\n\t<meta property=\"og:image:type\" content=\"image\/jpeg\" \/>\n<meta name=\"twitter:card\" content=\"summary_large_image\" \/>\n<meta name=\"twitter:title\" content=\"Base De Energ\u00eda Claresa 12 -5 G\" \/>\n<meta name=\"twitter:label1\" content=\"Estimated reading time\" \/>\n\t<meta name=\"twitter:data1\" content=\"9 minutes\" \/>\n<script type=\"application\/ld+json\" class=\"yoast-schema-graph\">{\"@context\":\"https:\\\/\\\/schema.org\",\"@graph\":[{\"@type\":\"WebPage\",\"@id\":\"https:\\\/\\\/salonforall.es\\\/base-de-energia-claresa-12-5-g\\\/\",\"url\":\"https:\\\/\\\/salonforall.es\\\/base-de-energia-claresa-12-5-g\\\/\",\"name\":\"Base De Energ\u00eda Claresa 12 -5 G comprar\",\"isPartOf\":{\"@id\":\"https:\\\/\\\/salonforall.es\\\/#website\"},\"primaryImageOfPage\":{\"@id\":\"https:\\\/\\\/salonforall.es\\\/base-de-energia-claresa-12-5-g\\\/#primaryimage\"},\"image\":{\"@id\":\"https:\\\/\\\/salonforall.es\\\/base-de-energia-claresa-12-5-g\\\/#primaryimage\"},\"thumbnailUrl\":\"https:\\\/\\\/salonforall.es\\\/wp-content\\\/uploads\\\/2025\\\/12\\\/Base-De-Energia-Claresa-12-5-G.jpg\",\"datePublished\":\"2025-12-02T13:47:52+00:00\",\"dateModified\":\"2026-03-24T16:31:45+00:00\",\"description\":\"Compra Base De Energ\u00eda Claresa 12 -5 G online o en el showroom en Salon For ALL Espa\u00f1a. El mayorista para salones, consultas y spas en Espa\u00f1a y Portugal.\",\"breadcrumb\":{\"@id\":\"https:\\\/\\\/salonforall.es\\\/base-de-energia-claresa-12-5-g\\\/#breadcrumb\"},\"inLanguage\":\"en-GB\",\"potentialAction\":[{\"@type\":\"ReadAction\",\"target\":[\"https:\\\/\\\/salonforall.es\\\/base-de-energia-claresa-12-5-g\\\/\"]}]},{\"@type\":\"ImageObject\",\"inLanguage\":\"en-GB\",\"@id\":\"https:\\\/\\\/salonforall.es\\\/base-de-energia-claresa-12-5-g\\\/#primaryimage\",\"url\":\"https:\\\/\\\/salonforall.es\\\/wp-content\\\/uploads\\\/2025\\\/12\\\/Base-De-Energia-Claresa-12-5-G.jpg\",\"contentUrl\":\"https:\\\/\\\/salonforall.es\\\/wp-content\\\/uploads\\\/2025\\\/12\\\/Base-De-Energia-Claresa-12-5-G.jpg\",\"width\":1200,\"height\":1200,\"caption\":\"Base De Energ\u00eda Claresa 12 -5 G\"},{\"@type\":\"BreadcrumbList\",\"@id\":\"https:\\\/\\\/salonforall.es\\\/base-de-energia-claresa-12-5-g\\\/#breadcrumb\",\"itemListElement\":[{\"@type\":\"ListItem\",\"position\":1,\"name\":\"Home\",\"item\":\"https:\\\/\\\/salonforall.es\\\/\"},{\"@type\":\"ListItem\",\"position\":2,\"name\":\"Winkel\",\"item\":\"https:\\\/\\\/salonforall.es\\\/winkel\\\/\"},{\"@type\":\"ListItem\",\"position\":3,\"name\":\"Base De Energ\u00eda Claresa 12 -5 G\"}]},{\"@type\":\"WebSite\",\"@id\":\"https:\\\/\\\/salonforall.es\\\/#website\",\"url\":\"https:\\\/\\\/salonforall.es\\\/\",\"name\":\"Salon For ALL Espa\u00f1a\",\"description\":\"Mayorista de mobiliario y suministros para consultorios y salones\",\"publisher\":{\"@id\":\"https:\\\/\\\/salonforall.es\\\/#organization\"},\"potentialAction\":[{\"@type\":\"SearchAction\",\"target\":{\"@type\":\"EntryPoint\",\"urlTemplate\":\"https:\\\/\\\/salonforall.es\\\/?s={search_term_string}\"},\"query-input\":{\"@type\":\"PropertyValueSpecification\",\"valueRequired\":true,\"valueName\":\"search_term_string\"}}],\"inLanguage\":\"en-GB\"},{\"@type\":\"Organization\",\"@id\":\"https:\\\/\\\/salonforall.es\\\/#organization\",\"name\":\"Salon For All B.V. Espa\u00f1a\",\"alternateName\":\"Salon For All B.V. Espa\u00f1a - Mayorista de equipamiento para consultas, salones y suministros\",\"url\":\"https:\\\/\\\/salonforall.es\\\/\",\"logo\":{\"@type\":\"ImageObject\",\"inLanguage\":\"en-GB\",\"@id\":\"https:\\\/\\\/salonforall.es\\\/#\\\/schema\\\/logo\\\/image\\\/\",\"url\":\"https:\\\/\\\/salonforall.es\\\/wp-content\\\/uploads\\\/2025\\\/11\\\/logo-salon-for-all-e1764543185849.png\",\"contentUrl\":\"https:\\\/\\\/salonforall.es\\\/wp-content\\\/uploads\\\/2025\\\/11\\\/logo-salon-for-all-e1764543185849.png\",\"width\":500,\"height\":150,\"caption\":\"Salon For All B.V. Espa\u00f1a\"},\"image\":{\"@id\":\"https:\\\/\\\/salonforall.es\\\/#\\\/schema\\\/logo\\\/image\\\/\"}}]}<\/script>\n<!-- \/ Yoast SEO plugin. -->","yoast_head_json":{"title":"Base De Energ\u00eda Claresa 12 -5 G comprar","description":"Compra Base De Energ\u00eda Claresa 12 -5 G online o en el showroom en Salon For ALL Espa\u00f1a. El mayorista para salones, consultas y spas en Espa\u00f1a y Portugal.","robots":{"index":"index","follow":"follow","max-snippet":"max-snippet:-1","max-image-preview":"max-image-preview:large","max-video-preview":"max-video-preview:-1"},"canonical":"https:\/\/salonforall.es\/en\/base-de-energia-claresa-12-5-g\/","og_locale":"en_GB","og_type":"article","og_title":"Base De Energ\u00eda Claresa 12 -5 G","og_description":"Compra Base De Energ\u00eda Claresa 12 -5 G online o en el showroom en Salon For ALL Espa\u00f1a. El mayorista para salones, consultas y spas en Espa\u00f1a y Portugal.","og_url":"https:\/\/salonforall.es\/en\/base-de-energia-claresa-12-5-g\/","og_site_name":"Salon For ALL Espa\u00f1a","article_modified_time":"2026-03-24T16:31:45+00:00","og_image":[{"width":1200,"height":1200,"url":"https:\/\/salonforall.es\/wp-content\/uploads\/2025\/12\/Base-De-Energia-Claresa-12-5-G.jpg","type":"image\/jpeg"}],"twitter_card":"summary_large_image","twitter_title":"Base De Energ\u00eda Claresa 12 -5 G","twitter_misc":{"Estimated reading time":"9 minutes"},"schema":{"@context":"https:\/\/schema.org","@graph":[{"@type":"WebPage","@id":"https:\/\/salonforall.es\/base-de-energia-claresa-12-5-g\/","url":"https:\/\/salonforall.es\/base-de-energia-claresa-12-5-g\/","name":"Base De Energ\u00eda Claresa 12 -5 G comprar","isPartOf":{"@id":"https:\/\/salonforall.es\/#website"},"primaryImageOfPage":{"@id":"https:\/\/salonforall.es\/base-de-energia-claresa-12-5-g\/#primaryimage"},"image":{"@id":"https:\/\/salonforall.es\/base-de-energia-claresa-12-5-g\/#primaryimage"},"thumbnailUrl":"https:\/\/salonforall.es\/wp-content\/uploads\/2025\/12\/Base-De-Energia-Claresa-12-5-G.jpg","datePublished":"2025-12-02T13:47:52+00:00","dateModified":"2026-03-24T16:31:45+00:00","description":"Compra Base De Energ\u00eda Claresa 12 -5 G online o en el showroom en Salon For ALL Espa\u00f1a. El mayorista para salones, consultas y spas en Espa\u00f1a y Portugal.","breadcrumb":{"@id":"https:\/\/salonforall.es\/base-de-energia-claresa-12-5-g\/#breadcrumb"},"inLanguage":"en-GB","potentialAction":[{"@type":"ReadAction","target":["https:\/\/salonforall.es\/base-de-energia-claresa-12-5-g\/"]}]},{"@type":"ImageObject","inLanguage":"en-GB","@id":"https:\/\/salonforall.es\/base-de-energia-claresa-12-5-g\/#primaryimage","url":"https:\/\/salonforall.es\/wp-content\/uploads\/2025\/12\/Base-De-Energia-Claresa-12-5-G.jpg","contentUrl":"https:\/\/salonforall.es\/wp-content\/uploads\/2025\/12\/Base-De-Energia-Claresa-12-5-G.jpg","width":1200,"height":1200,"caption":"Base De Energ\u00eda Claresa 12 -5 G"},{"@type":"BreadcrumbList","@id":"https:\/\/salonforall.es\/base-de-energia-claresa-12-5-g\/#breadcrumb","itemListElement":[{"@type":"ListItem","position":1,"name":"Home","item":"https:\/\/salonforall.es\/"},{"@type":"ListItem","position":2,"name":"Winkel","item":"https:\/\/salonforall.es\/winkel\/"},{"@type":"ListItem","position":3,"name":"Base De Energ\u00eda Claresa 12 -5 G"}]},{"@type":"WebSite","@id":"https:\/\/salonforall.es\/#website","url":"https:\/\/salonforall.es\/","name":"Salon For ALL Spain","description":"Wholesaler of salon and practice furniture and supplies","publisher":{"@id":"https:\/\/salonforall.es\/#organization"},"potentialAction":[{"@type":"SearchAction","target":{"@type":"EntryPoint","urlTemplate":"https:\/\/salonforall.es\/?s={search_term_string}"},"query-input":{"@type":"PropertyValueSpecification","valueRequired":true,"valueName":"search_term_string"}}],"inLanguage":"en-GB"},{"@type":"Organization","@id":"https:\/\/salonforall.es\/#organization","name":"Salon For All B.V. Spain","alternateName":"Salon For All B.V. Espa\u00f1a - Mayorista de equipamiento para consultas, salones y suministros","url":"https:\/\/salonforall.es\/","logo":{"@type":"ImageObject","inLanguage":"en-GB","@id":"https:\/\/salonforall.es\/#\/schema\/logo\/image\/","url":"https:\/\/salonforall.es\/wp-content\/uploads\/2025\/11\/logo-salon-for-all-e1764543185849.png","contentUrl":"https:\/\/salonforall.es\/wp-content\/uploads\/2025\/11\/logo-salon-for-all-e1764543185849.png","width":500,"height":150,"caption":"Salon For All B.V. Espa\u00f1a"},"image":{"@id":"https:\/\/salonforall.es\/#\/schema\/logo\/image\/"}}]}},"_links":{"self":[{"href":"https:\/\/salonforall.es\/en\/wp-json\/wp\/v2\/product\/17138","targetHints":{"allow":["GET"]}}],"collection":[{"href":"https:\/\/salonforall.es\/en\/wp-json\/wp\/v2\/product"}],"about":[{"href":"https:\/\/salonforall.es\/en\/wp-json\/wp\/v2\/types\/product"}],"replies":[{"embeddable":true,"href":"https:\/\/salonforall.es\/en\/wp-json\/wp\/v2\/comments?post=17138"}],"wp:featuredmedia":[{"embeddable":true,"href":"https:\/\/salonforall.es\/en\/wp-json\/wp\/v2\/media\/17139"}],"wp:attachment":[{"href":"https:\/\/salonforall.es\/en\/wp-json\/wp\/v2\/media?parent=17138"}],"wp:term":[{"taxonomy":"product_brand","embeddable":true,"href":"https:\/\/salonforall.es\/en\/wp-json\/wp\/v2\/product_brand?post=17138"},{"taxonomy":"product_cat","embeddable":true,"href":"https:\/\/salonforall.es\/en\/wp-json\/wp\/v2\/product_cat?post=17138"},{"taxonomy":"product_tag","embeddable":true,"href":"https:\/\/salonforall.es\/en\/wp-json\/wp\/v2\/product_tag?post=17138"}],"curies":[{"name":"wp","href":"https:\/\/api.w.org\/{rel}","templated":true}]}}