{"id":17100,"date":"2025-12-02T14:47:52","date_gmt":"2025-12-02T13:47:52","guid":{"rendered":"https:\/\/salonforall.es\/product\/limpiador-ultrasonico-cs6-2-6l\/"},"modified":"2026-03-24T17:31:38","modified_gmt":"2026-03-24T16:31:38","slug":"limpiador-ultrasonico-cs6-2-6l","status":"publish","type":"product","link":"https:\/\/salonforall.es\/en\/limpiador-ultrasonico-cs6-2-6l\/","title":{"rendered":"Ultrasonic Cleaner Cs6.2 6L"},"content":{"rendered":"<h2>Informaci\u00f3n sobre Limpiador Ultras\u00f3nico Cs6.2 6L con n\u00famero de art\u00edculo 148966<\/h2>\n<p><img decoding=\"async\" src=\"https:\/\/activeshop.com.pl\/media\/wysiwyg\/product\/148966\/EN_148966_1.jpg\"><\/p>\n<p>The brand <strong>Denson<\/strong> se especializa en limpiadores ultras\u00f3nicos, garantizando los m\u00e1s altos est\u00e1ndares de higiene en consultorios cosm\u00e9ticos y m\u00e9dicos. Estos vers\u00e1tiles dispositivos utilizan tecnolog\u00eda avanzada para garantizar una limpieza segura, eficaz y eficiente.<\/p>\n<p><img decoding=\"async\" src=\"https:\/\/activeshop.com.pl\/media\/wysiwyg\/product\/148966\/EN_148966_2.jpg\"><\/p>\n<h2><strong>Limpieza a fondo incluso de art\u00edculos delicados<\/strong><\/h2>\n<p>El limpiador ultras\u00f3nico profesional DENSON CS6.2, con una capacidad de 6 litros, elimina eficazmente diversos tipos de contaminantes sin da\u00f1ar las superficies de los objetos procesados. Este pr\u00e1ctico dispositivo es perfecto para muchos consultorios profesionales para la limpieza inicial y la desinfecci\u00f3n de herramientas. Su gran capacidad facilita su uso en aplicaciones profesionales, permitiendo la limpieza simult\u00e1nea de m\u00faltiples herramientas. Mejora significativamente la higiene en el sal\u00f3n.<\/p>\n<p><img decoding=\"async\" src=\"https:\/\/activeshop.com.pl\/media\/wysiwyg\/product\/148966\/EN_148966_3.jpg\"><\/p>\n<h2><strong>Pantalla digital y opciones de control avanzadas<\/strong><\/h2>\n<p><strong>Un moderno panel de control con pantalla digital<\/strong> permite supervisar y configurar con precisi\u00f3n los par\u00e1metros de funcionamiento. La pantalla muestra el tiempo de funcionamiento restante y los mandos permiten ajustar c\u00f3modamente la temperatura y el tiempo entre 5 y 30 minutos. El dispositivo tambi\u00e9n ofrece una funci\u00f3n de calentamiento que aumenta la eficiencia del proceso de limpieza. La funci\u00f3n de desgasificaci\u00f3n ayuda a eliminar las burbujas de aire de los l\u00edquidos, mejorando a\u00fan m\u00e1s la desinfecci\u00f3n. El limpiador tambi\u00e9n est\u00e1 equipado con una tapa de apertura y un sistema de advertencia de sobrecalentamiento, lo que garantiza un uso seguro. Gracias a estas funciones avanzadas, el dispositivo permite realizar diferentes tipos de limpieza, adaptados a las necesidades espec\u00edficas de los usuarios.<\/p>\n<p><img decoding=\"async\" src=\"https:\/\/activeshop.com.pl\/media\/wysiwyg\/product\/148966\/EN_148966_4.jpg\"><\/p>\n<h2><strong>Functionalities to improve disinfection<\/strong><\/h2>\n<p>El dispositivo se usa ampliamente no solo en cosmetolog\u00eda o medicina. Facilita la desinfecci\u00f3n de diversos accesorios cosm\u00e9ticos, como corta\u00fa\u00f1as y cabezales de microdermoabrasi\u00f3n, as\u00ed como herramientas dentales y de peluquer\u00eda. Cuando el limpiador ultras\u00f3nico est\u00e1 en funcionamiento, se ilumina un s\u00edmbolo caracter\u00edstico en el panel de control. Para aumentar la eficacia de la limpieza, puede utilizar l\u00edquidos desinfectantes, asegur\u00e1ndose de que la concentraci\u00f3n se ajuste a las recomendaciones del fabricante.<\/p>\n<p><img decoding=\"async\" src=\"https:\/\/activeshop.com.pl\/media\/wysiwyg\/product\/148966\/EN_148966_5.jpg\"><\/p>\n<h2><strong>Dise\u00f1o futurista de un dispositivo pr\u00e1ctico<\/strong><\/h2>\n<p><strong>La amplia y estable carcasa cromada<\/strong> con acabado semimate le da al dispositivo un aspecto moderno y elegante. El limpiador destaca por su dise\u00f1o futurista, que se adapta perfectamente a los interiores modernos de las oficinas profesionales. El dep\u00f3sito tiene una marca clara en el interior que indica la capacidad m\u00e1xima de llenado de l\u00edquido (hasta 5 litros). La estabilidad de la lavadora est\u00e1 garantizada por sus robustas patas antideslizantes, que garantizan un uso seguro y fiable en diversas superficies de trabajo.<\/p>\n<p><img decoding=\"async\" src=\"https:\/\/activeshop.com.pl\/media\/wysiwyg\/product\/148966\/EN_148966_6.jpg\"><\/p>\n<p><strong>Recuerde que la eficacia de la limpieza ultras\u00f3nica se ve afectada por:<\/strong><br \/>\u2022 la duraci\u00f3n del proceso,<br \/>\u2022 la forma de los elementos a lavar,<br \/>\u2022 los preparados qu\u00edmicos utilizados,<br \/>\u2022 la potencia y la frecuencia del ultrasonido,<br \/>\u2022 la temperatura.<\/p>\n<div class=\"video-container\"><iframe loading=\"lazy\" src=\"https:\/\/www.youtube.com\/embed\/7WM9Bh8LEMg\" width=\"560\" height=\"315\" frameborder=\"0\" allowfullscreen=\"allowfullscreen\"><\/iframe><\/div>\n<p>Las dimensiones se muestran En la foto. Lea atentamente el manual de usuario antes de usar. El set incluye: limpiador, cable de alimentaci\u00f3n, recipientes met\u00e1licos, soporte para recipientes, manguera de drenaje e instrucciones. Datos: Color de la carcasa: tonos de gris. Rango de temperatura: 40-60 \u00b0C. Capacidad del dep\u00f3sito: 6 l. Capacidad m\u00e1xima de llenado de l\u00edquido: 5 l. Capacidad m\u00ednima de llenado de l\u00edquido: 2,7 l. Tiempo de funcionamiento: 5-30 min. Frecuencia de vibraci\u00f3n: 46-49 kHz. Potencia: 450 W. Voltaje: 220-240 V.<\/p>\n<p>Los productos Activeshop son proporcionalmente m\u00e1s econ\u00f3micos que muchas otras marcas\/proveedores. El precio est\u00e1 en relaci\u00f3n con la calidad. Limpiador Ultras\u00f3nico Cs6.2 6L es por lo tanto una soluci\u00f3n accesible para su sal\u00f3n.<\/p>\n<h2>\u00bfC\u00f3mo se entrega Limpiador Ultras\u00f3nico Cs6.2 6L?<\/h2>\n<p>Limpiador Ultras\u00f3nico Cs6.2 6L se entrega en embalaje(s) original(es). Dentro de Espa\u00f1a el env\u00edo de Limpiador Ultras\u00f3nico Cs6.2 6L es completamente gratuito para pedidos a partir de 100,- euros. Para env\u00edos a otros pa\u00edses se aplican tarifas de env\u00edo separadas. Puede consultar estas tarifas con nosotros o verlas en el carrito de compra. Limpiador Ultras\u00f3nico Cs6.2 6L se env\u00eda a trav\u00e9s de un servicio de mensajer\u00eda externo.<\/p>\n<p>Packages or pallets are delivered as standard up to the front door threshold, even if you are located in a collective building, apartment building or apartment complex with a lift (provided the item fits in the lift). No lift available or item does not fit in the lift? Then we deliver up to the threshold of the ground floor.<\/p>\n<p>Do you still have questions about delivery or a special situation? Contact us and we will be happy to help you!<\/p>\n<p>*Items are not unpacked or assembled as standard. In special situations you can contact us to make arrangements.<\/p>\n<h2>Secure online shopping at Salon For All with the Webwinkelkeur seal of quality and SSL encryption.<\/h2>\n<p>Es importante para nosotros que nuestros clientes puedan comprar de forma segura en nuestra tienda online. Estamos afiliados al sello de calidad nacional Webwinkelkeur desde 2019. Nuestra identidad ha sido verificada y comprobada por ellos, y la tienda online ha sido revisada y aprobada legalmente. Adem\u00e1s, nuestra tienda online est\u00e1 afiliada a ellos para la mediaci\u00f3n de conflictos. Puede ver la insignia con toda la informaci\u00f3n de este sello de calidad de tienda online en el lado izquierdo o derecho de la tienda online (bot\u00f3n rosa con blanco). Adem\u00e1s, nuestro sitio est\u00e1 protegido con un certificado SSL para que pueda navegar de forma segura con nosotros. En la barra de su navegador de Internet, donde aparece nuestro sitio web, ver\u00e1 un icono de candado. Si hace clic en el candado, obtendr\u00e1 toda la informaci\u00f3n sobre nuestra seguridad. De esta manera sabe que su pedido de Limpiador Ultras\u00f3nico Cs6.2 6L y sus datos personales se procesan de forma segura.<\/p>\n<h2>\u00bfC\u00f3mo puedo pagar Limpiador Ultras\u00f3nico Cs6.2 6L?<\/h2>\n<p>We want to make it as easy as possible for you. That's why at Salon For All you can pay with all popular payment methods. Pay in advance, on delivery or afterwards - everything is possible. See here for all the payment methods we offer:<\/p>\n<ul>\n<li>iDEAL<\/li>\n<li>Credit card (Visa, Mastercard, American Express)<\/li>\n<li>Klarna - Payment on delivery with invoice<\/li>\n<li>PayPal<\/li>\n<li>Apple Pay<\/li>\n<li>Google Pay<\/li>\n<li>Bizum (for Spanish customers)<\/li>\n<li>SEPA bank transfer<\/li>\n<li>Bancontact<\/li>\n<li>Commercial invoice for companies<\/li>\n<li>Payment in the showroom - Both card and cash (Only available on collection)<\/li>\n<\/ul>\n<h2>See also reviews of Salon For All<\/h2>\n<p>Consulte tambi\u00e9n nuestras rese\u00f1as para tener en cuenta las experiencias de nuestros clientes actuales en su decisi\u00f3n de pedir Limpiador Ultras\u00f3nico Cs6.2 6L con nosotros. A trav\u00e9s de nuestro sello de calidad independiente de tienda online Webwinkelkeur, se recopilan autom\u00e1ticamente rese\u00f1as verificadas de clientes que han completado un pedido con nosotros. Puede encontrarlas detr\u00e1s del bot\u00f3n rosa en nuestra tienda online o aparecen listadas debajo de los productos.<\/p>\n<p>\u00a1Comparta tambi\u00e9n su experiencia despu\u00e9s de su compra con su Limpiador Ultras\u00f3nico Cs6.2 6L pedido y su experiencia con el proceso de compra o el contacto con Salon For All para inspirar a otros!<\/p>\n<h2>Contact Salon For All<\/h2>\n<p>Cont\u00e1ctenos entonces. Estaremos encantados de ayudarle con la adquisici\u00f3n de Limpiador Ultras\u00f3nico Cs6.2 6L. En d\u00edas laborables estamos mejor disponibles entre las 8.30 y las 17.00 horas a trav\u00e9s del n\u00famero de tel\u00e9fono y direcci\u00f3n de correo electr\u00f3nico en la parte superior de la tienda online o a trav\u00e9s de la funci\u00f3n de chat. Las consultas fuera del horario de oficina suelen responderse en un plazo de 24 horas. Tambi\u00e9n es posible visitarnos fuera de los d\u00edas laborables u horario de oficina. Pero para ello es necesario concertar una cita previa.<\/p>\n<h2>Would you like to visit our showroom?<\/h2>\n<p>\u00bfPrefiere ver Limpiador Ultras\u00f3nico Cs6.2 6L o recorrer nuestra oferta de la tienda (online) junto con nuestro colega? Entonces visite nuestro showroom con m\u00e1s de 1000m\u00b2 de equipamiento para salones y d\u00e9jese inspirar por nuestros empleados. Tambi\u00e9n si le gusta conocernos de manera agradable disfrutando de una buena taza de caf\u00e9 o t\u00e9, es muy bienvenido. No tenemos todos los productos en stock, as\u00ed que h\u00e1ganos saber de antemano que desea venir. Concierte siempre una cita previa.<\/p>\n<h2>14 days of reflection and our return policy<\/h2>\n<p>Por supuesto puede ocurrir que Limpiador Ultras\u00f3nico Cs6.2 6L entregado no sea completamente de su agrado y desee devolverlo. Eso no es ning\u00fan problema en Salon For All. Debe notificar su devoluci\u00f3n dentro de 14 d\u00edas laborables a trav\u00e9s de info@salonforall.es. Entonces recibir\u00e1 primero todas las instrucciones y condiciones de devoluci\u00f3n. Tenga en cuenta que Limpiador Ultras\u00f3nico Cs6.2 6L no debe haber sido usado, debe contener todas las partes suministradas y debe devolverse empaquetado en el embalaje original. Los costos de env\u00edo de una devoluci\u00f3n son siempre a cargo del comprador en compras a trav\u00e9s de www.salonforall.es. Debe organizar usted mismo un transporte con una empresa de transporte de su elecci\u00f3n para una devoluci\u00f3n. Una vez que Limpiador Ultras\u00f3nico Cs6.2 6L haya sido devuelto, se verificar\u00e1 su integridad y posibles da\u00f1os. Una vez que la devoluci\u00f3n haya sido aprobada, el importe de la compra se reembolsar\u00e1 dentro de 5 d\u00edas laborables a la cuenta bancaria que tenemos registrada.<\/p>\n<h2>Who is Salon For All?<\/h2>\n<p>Salon For All is THE wholesaler for all salon equipment in Europe. Salon For All started in 2003 under the name Salonvoordeel and grew out of practice. The owners of Salon For All were experienced hairdressers and beauty specialists and have together more than 30 years of practical experience. In 2003 we launched Salonvoordeel.nl (Netherlands) and subsequently Salon For All was founded for the European market. Some of our employees started their own business and so the idea to launch a functional online shop for hairdressers and to help them with the equipment of their salon was born.<\/p>\n<p>Nuestro showroom se encuentra en Dinxperlo, directamente en la frontera entre los Pa\u00edses Bajos y Alemania. Con nuestra amplia experiencia en el sector podemos servirle de espejo y proporcionarle el asesoramiento adecuado. \u00a1Hablamos el mismo idioma! Le asesoramos, inspiramos, motivamos y ayudamos en la adquisici\u00f3n de Limpiador Ultras\u00f3nico Cs6.2 6L. Nuestros proveedores se encuentran en toda Europa, desde Alemania, Inglaterra, Italia hasta Polonia.<\/p>","protected":false},"excerpt":{"rendered":"<p>El producto Limpiador Ultras\u00f3nico Cs6.2 6L es una soluci\u00f3n de alta calidad para cualquier sal\u00f3n. El plazo de entrega estimado es de aproximadamente 6 d\u00edas laborables.<\/p>","protected":false},"featured_media":17101,"comment_status":"open","ping_status":"open","template":"","meta":[],"product_brand":[1204],"product_cat":[449,1151],"product_tag":[451,1152],"class_list":{"0":"post-17100","1":"product","2":"type-product","3":"status-publish","4":"has-post-thumbnail","6":"product_brand-denson","7":"product_cat-desinfeccion-y-esterilizacion","8":"product_cat-limpiadores-ultrasonicos","9":"product_tag-desinfeccion-y-esterilizacion","10":"product_tag-limpiadores-ultrasonicos","11":"pa_codigo-ean-7759","12":"pa_garantia-12-meses","13":"pa_marca-denson","14":"pa_numero-de-articulo-6368","15":"pa_tiempo-estimado-de-entrega-4-5-dias-laborables","17":"first","18":"outofstock","19":"sale","20":"taxable","21":"shipping-taxable","22":"purchasable","23":"product-type-simple"},"yoast_head":"<!-- This site is optimized with the Yoast SEO plugin v27.4 - https:\/\/yoast.com\/product\/yoast-seo-wordpress\/ -->\n<title>Limpiador Ultras\u00f3nico Cs6.2 6L comprar<\/title>\n<meta name=\"description\" content=\"Compra Limpiador Ultras\u00f3nico Cs6.2 6L online o en el showroom en Salon For ALL Espa\u00f1a. El mayorista para salones, consultas y spas en Espa\u00f1a y Portugal.\" \/>\n<meta name=\"robots\" content=\"index, follow, max-snippet:-1, max-image-preview:large, max-video-preview:-1\" \/>\n<link rel=\"canonical\" href=\"https:\/\/salonforall.es\/en\/limpiador-ultrasonico-cs6-2-6l\/\" \/>\n<meta property=\"og:locale\" content=\"en_GB\" \/>\n<meta property=\"og:type\" content=\"article\" \/>\n<meta property=\"og:title\" content=\"Limpiador Ultras\u00f3nico Cs6.2 6L\" \/>\n<meta property=\"og:description\" content=\"Compra Limpiador Ultras\u00f3nico Cs6.2 6L online o en el showroom en Salon For ALL Espa\u00f1a. El mayorista para salones, consultas y spas en Espa\u00f1a y Portugal.\" \/>\n<meta property=\"og:url\" content=\"https:\/\/salonforall.es\/en\/limpiador-ultrasonico-cs6-2-6l\/\" \/>\n<meta property=\"og:site_name\" content=\"Salon For ALL Espa\u00f1a\" \/>\n<meta property=\"article:modified_time\" content=\"2026-03-24T16:31:38+00:00\" \/>\n<meta property=\"og:image\" content=\"https:\/\/salonforall.es\/wp-content\/uploads\/2025\/12\/Limpiador-Ultrasonico-Cs6.2-6L.jpg\" \/>\n\t<meta property=\"og:image:width\" content=\"1200\" \/>\n\t<meta property=\"og:image:height\" content=\"1200\" \/>\n\t<meta property=\"og:image:type\" content=\"image\/jpeg\" \/>\n<meta name=\"twitter:card\" content=\"summary_large_image\" \/>\n<meta name=\"twitter:title\" content=\"Limpiador Ultras\u00f3nico Cs6.2 6L\" \/>\n<meta name=\"twitter:label1\" content=\"Estimated reading time\" \/>\n\t<meta name=\"twitter:data1\" content=\"9 minutes\" \/>\n<script type=\"application\/ld+json\" class=\"yoast-schema-graph\">{\"@context\":\"https:\\\/\\\/schema.org\",\"@graph\":[{\"@type\":\"WebPage\",\"@id\":\"https:\\\/\\\/salonforall.es\\\/limpiador-ultrasonico-cs6-2-6l\\\/\",\"url\":\"https:\\\/\\\/salonforall.es\\\/limpiador-ultrasonico-cs6-2-6l\\\/\",\"name\":\"Limpiador Ultras\u00f3nico Cs6.2 6L comprar\",\"isPartOf\":{\"@id\":\"https:\\\/\\\/salonforall.es\\\/#website\"},\"primaryImageOfPage\":{\"@id\":\"https:\\\/\\\/salonforall.es\\\/limpiador-ultrasonico-cs6-2-6l\\\/#primaryimage\"},\"image\":{\"@id\":\"https:\\\/\\\/salonforall.es\\\/limpiador-ultrasonico-cs6-2-6l\\\/#primaryimage\"},\"thumbnailUrl\":\"https:\\\/\\\/salonforall.es\\\/wp-content\\\/uploads\\\/2025\\\/12\\\/Limpiador-Ultrasonico-Cs6.2-6L.jpg\",\"datePublished\":\"2025-12-02T13:47:52+00:00\",\"dateModified\":\"2026-03-24T16:31:38+00:00\",\"description\":\"Compra Limpiador Ultras\u00f3nico Cs6.2 6L online o en el showroom en Salon For ALL Espa\u00f1a. El mayorista para salones, consultas y spas en Espa\u00f1a y Portugal.\",\"breadcrumb\":{\"@id\":\"https:\\\/\\\/salonforall.es\\\/limpiador-ultrasonico-cs6-2-6l\\\/#breadcrumb\"},\"inLanguage\":\"en-GB\",\"potentialAction\":[{\"@type\":\"ReadAction\",\"target\":[\"https:\\\/\\\/salonforall.es\\\/limpiador-ultrasonico-cs6-2-6l\\\/\"]}]},{\"@type\":\"ImageObject\",\"inLanguage\":\"en-GB\",\"@id\":\"https:\\\/\\\/salonforall.es\\\/limpiador-ultrasonico-cs6-2-6l\\\/#primaryimage\",\"url\":\"https:\\\/\\\/salonforall.es\\\/wp-content\\\/uploads\\\/2025\\\/12\\\/Limpiador-Ultrasonico-Cs6.2-6L.jpg\",\"contentUrl\":\"https:\\\/\\\/salonforall.es\\\/wp-content\\\/uploads\\\/2025\\\/12\\\/Limpiador-Ultrasonico-Cs6.2-6L.jpg\",\"width\":1200,\"height\":1200,\"caption\":\"Limpiador Ultras\u00f3nico Cs6.2 6L\"},{\"@type\":\"BreadcrumbList\",\"@id\":\"https:\\\/\\\/salonforall.es\\\/limpiador-ultrasonico-cs6-2-6l\\\/#breadcrumb\",\"itemListElement\":[{\"@type\":\"ListItem\",\"position\":1,\"name\":\"Home\",\"item\":\"https:\\\/\\\/salonforall.es\\\/\"},{\"@type\":\"ListItem\",\"position\":2,\"name\":\"Winkel\",\"item\":\"https:\\\/\\\/salonforall.es\\\/winkel\\\/\"},{\"@type\":\"ListItem\",\"position\":3,\"name\":\"Limpiador Ultras\u00f3nico Cs6.2 6L\"}]},{\"@type\":\"WebSite\",\"@id\":\"https:\\\/\\\/salonforall.es\\\/#website\",\"url\":\"https:\\\/\\\/salonforall.es\\\/\",\"name\":\"Salon For ALL Espa\u00f1a\",\"description\":\"Mayorista de mobiliario y suministros para consultorios y salones\",\"publisher\":{\"@id\":\"https:\\\/\\\/salonforall.es\\\/#organization\"},\"potentialAction\":[{\"@type\":\"SearchAction\",\"target\":{\"@type\":\"EntryPoint\",\"urlTemplate\":\"https:\\\/\\\/salonforall.es\\\/?s={search_term_string}\"},\"query-input\":{\"@type\":\"PropertyValueSpecification\",\"valueRequired\":true,\"valueName\":\"search_term_string\"}}],\"inLanguage\":\"en-GB\"},{\"@type\":\"Organization\",\"@id\":\"https:\\\/\\\/salonforall.es\\\/#organization\",\"name\":\"Salon For All B.V. Espa\u00f1a\",\"alternateName\":\"Salon For All B.V. Espa\u00f1a - Mayorista de equipamiento para consultas, salones y suministros\",\"url\":\"https:\\\/\\\/salonforall.es\\\/\",\"logo\":{\"@type\":\"ImageObject\",\"inLanguage\":\"en-GB\",\"@id\":\"https:\\\/\\\/salonforall.es\\\/#\\\/schema\\\/logo\\\/image\\\/\",\"url\":\"https:\\\/\\\/salonforall.es\\\/wp-content\\\/uploads\\\/2025\\\/11\\\/logo-salon-for-all-e1764543185849.png\",\"contentUrl\":\"https:\\\/\\\/salonforall.es\\\/wp-content\\\/uploads\\\/2025\\\/11\\\/logo-salon-for-all-e1764543185849.png\",\"width\":500,\"height\":150,\"caption\":\"Salon For All B.V. Espa\u00f1a\"},\"image\":{\"@id\":\"https:\\\/\\\/salonforall.es\\\/#\\\/schema\\\/logo\\\/image\\\/\"}}]}<\/script>\n<!-- \/ Yoast SEO plugin. -->","yoast_head_json":{"title":"Limpiador Ultras\u00f3nico Cs6.2 6L comprar","description":"Compra Limpiador Ultras\u00f3nico Cs6.2 6L online o en el showroom en Salon For ALL Espa\u00f1a. El mayorista para salones, consultas y spas en Espa\u00f1a y Portugal.","robots":{"index":"index","follow":"follow","max-snippet":"max-snippet:-1","max-image-preview":"max-image-preview:large","max-video-preview":"max-video-preview:-1"},"canonical":"https:\/\/salonforall.es\/en\/limpiador-ultrasonico-cs6-2-6l\/","og_locale":"en_GB","og_type":"article","og_title":"Limpiador Ultras\u00f3nico Cs6.2 6L","og_description":"Compra Limpiador Ultras\u00f3nico Cs6.2 6L online o en el showroom en Salon For ALL Espa\u00f1a. El mayorista para salones, consultas y spas en Espa\u00f1a y Portugal.","og_url":"https:\/\/salonforall.es\/en\/limpiador-ultrasonico-cs6-2-6l\/","og_site_name":"Salon For ALL Espa\u00f1a","article_modified_time":"2026-03-24T16:31:38+00:00","og_image":[{"width":1200,"height":1200,"url":"https:\/\/salonforall.es\/wp-content\/uploads\/2025\/12\/Limpiador-Ultrasonico-Cs6.2-6L.jpg","type":"image\/jpeg"}],"twitter_card":"summary_large_image","twitter_title":"Limpiador Ultras\u00f3nico Cs6.2 6L","twitter_misc":{"Estimated reading time":"9 minutes"},"schema":{"@context":"https:\/\/schema.org","@graph":[{"@type":"WebPage","@id":"https:\/\/salonforall.es\/limpiador-ultrasonico-cs6-2-6l\/","url":"https:\/\/salonforall.es\/limpiador-ultrasonico-cs6-2-6l\/","name":"Limpiador Ultras\u00f3nico Cs6.2 6L comprar","isPartOf":{"@id":"https:\/\/salonforall.es\/#website"},"primaryImageOfPage":{"@id":"https:\/\/salonforall.es\/limpiador-ultrasonico-cs6-2-6l\/#primaryimage"},"image":{"@id":"https:\/\/salonforall.es\/limpiador-ultrasonico-cs6-2-6l\/#primaryimage"},"thumbnailUrl":"https:\/\/salonforall.es\/wp-content\/uploads\/2025\/12\/Limpiador-Ultrasonico-Cs6.2-6L.jpg","datePublished":"2025-12-02T13:47:52+00:00","dateModified":"2026-03-24T16:31:38+00:00","description":"Compra Limpiador Ultras\u00f3nico Cs6.2 6L online o en el showroom en Salon For ALL Espa\u00f1a. El mayorista para salones, consultas y spas en Espa\u00f1a y Portugal.","breadcrumb":{"@id":"https:\/\/salonforall.es\/limpiador-ultrasonico-cs6-2-6l\/#breadcrumb"},"inLanguage":"en-GB","potentialAction":[{"@type":"ReadAction","target":["https:\/\/salonforall.es\/limpiador-ultrasonico-cs6-2-6l\/"]}]},{"@type":"ImageObject","inLanguage":"en-GB","@id":"https:\/\/salonforall.es\/limpiador-ultrasonico-cs6-2-6l\/#primaryimage","url":"https:\/\/salonforall.es\/wp-content\/uploads\/2025\/12\/Limpiador-Ultrasonico-Cs6.2-6L.jpg","contentUrl":"https:\/\/salonforall.es\/wp-content\/uploads\/2025\/12\/Limpiador-Ultrasonico-Cs6.2-6L.jpg","width":1200,"height":1200,"caption":"Limpiador Ultras\u00f3nico Cs6.2 6L"},{"@type":"BreadcrumbList","@id":"https:\/\/salonforall.es\/limpiador-ultrasonico-cs6-2-6l\/#breadcrumb","itemListElement":[{"@type":"ListItem","position":1,"name":"Home","item":"https:\/\/salonforall.es\/"},{"@type":"ListItem","position":2,"name":"Winkel","item":"https:\/\/salonforall.es\/winkel\/"},{"@type":"ListItem","position":3,"name":"Limpiador Ultras\u00f3nico Cs6.2 6L"}]},{"@type":"WebSite","@id":"https:\/\/salonforall.es\/#website","url":"https:\/\/salonforall.es\/","name":"Salon For ALL Spain","description":"Wholesaler of salon and practice furniture and supplies","publisher":{"@id":"https:\/\/salonforall.es\/#organization"},"potentialAction":[{"@type":"SearchAction","target":{"@type":"EntryPoint","urlTemplate":"https:\/\/salonforall.es\/?s={search_term_string}"},"query-input":{"@type":"PropertyValueSpecification","valueRequired":true,"valueName":"search_term_string"}}],"inLanguage":"en-GB"},{"@type":"Organization","@id":"https:\/\/salonforall.es\/#organization","name":"Salon For All B.V. Spain","alternateName":"Salon For All B.V. Espa\u00f1a - Mayorista de equipamiento para consultas, salones y suministros","url":"https:\/\/salonforall.es\/","logo":{"@type":"ImageObject","inLanguage":"en-GB","@id":"https:\/\/salonforall.es\/#\/schema\/logo\/image\/","url":"https:\/\/salonforall.es\/wp-content\/uploads\/2025\/11\/logo-salon-for-all-e1764543185849.png","contentUrl":"https:\/\/salonforall.es\/wp-content\/uploads\/2025\/11\/logo-salon-for-all-e1764543185849.png","width":500,"height":150,"caption":"Salon For All B.V. Espa\u00f1a"},"image":{"@id":"https:\/\/salonforall.es\/#\/schema\/logo\/image\/"}}]}},"_links":{"self":[{"href":"https:\/\/salonforall.es\/en\/wp-json\/wp\/v2\/product\/17100","targetHints":{"allow":["GET"]}}],"collection":[{"href":"https:\/\/salonforall.es\/en\/wp-json\/wp\/v2\/product"}],"about":[{"href":"https:\/\/salonforall.es\/en\/wp-json\/wp\/v2\/types\/product"}],"replies":[{"embeddable":true,"href":"https:\/\/salonforall.es\/en\/wp-json\/wp\/v2\/comments?post=17100"}],"wp:featuredmedia":[{"embeddable":true,"href":"https:\/\/salonforall.es\/en\/wp-json\/wp\/v2\/media\/17101"}],"wp:attachment":[{"href":"https:\/\/salonforall.es\/en\/wp-json\/wp\/v2\/media?parent=17100"}],"wp:term":[{"taxonomy":"product_brand","embeddable":true,"href":"https:\/\/salonforall.es\/en\/wp-json\/wp\/v2\/product_brand?post=17100"},{"taxonomy":"product_cat","embeddable":true,"href":"https:\/\/salonforall.es\/en\/wp-json\/wp\/v2\/product_cat?post=17100"},{"taxonomy":"product_tag","embeddable":true,"href":"https:\/\/salonforall.es\/en\/wp-json\/wp\/v2\/product_tag?post=17100"}],"curies":[{"name":"wp","href":"https:\/\/api.w.org\/{rel}","templated":true}]}}