{"id":16767,"date":"2025-12-02T14:42:47","date_gmt":"2025-12-02T13:42:47","guid":{"rendered":"https:\/\/salonforall.es\/product\/plafon-iluminado-para-barberia-bb-02-dorado-grande\/"},"modified":"2026-03-24T17:30:29","modified_gmt":"2026-03-24T16:30:29","slug":"illuminated-barber-shop-ceiling-light-bb-02-gold-large","status":"publish","type":"product","link":"https:\/\/salonforall.es\/en\/plafon-iluminado-para-barberia-bb-02-dorado-grande\/","title":{"rendered":"Illuminated Barber Shop Ceiling Light Bb-02 Large Gold"},"content":{"rendered":"<h2>Information about Illuminated Barber Shop Ceiling Bb-02 Large Gold with article number 148197<\/h2>\n<p><strong>Gabbiano<\/strong> is a luxury brand of hairdressing equipment and furniture distinguished by reliability, quality and aesthetics, as well as high user-friendliness. The offer includes a wide selection of functional hairdressing equipment such as chairs, washers and infrared zones.<\/p>\n<h2><strong>Large illuminated ceiling<\/strong><\/h2>\n<p>An eye-catching illuminated ceiling light, equipped with a rotating cylinder, is an excellent advertising image for a barbershop. Its distinctive design, with rotating elements in red, white and blue, creates a unique and internationally recognised business card. With the <strong>wired remote control<\/strong>, You can switch on the lighting and rotate the ceiling light.<\/p>\n<h2><strong>A distinctive element of the barbershop<\/strong><\/h2>\n<p>The use of high quality materials <strong>ensures durability and weather resistance<\/strong>, The gold-toned elements on the top and bottom add to the elegance. The gold-toned elements on the top and bottom add elegance. <strong>The possibility of wall mounting<\/strong> ensures convenient and practical installation of the ceiling panel.<\/p>\n<p>The dimensions are shown in the photo.<\/p>\n<p><strong>Data:<\/strong><br \/>Power cable length: 120 cm<br \/>Power: 12 W<br \/>Rated voltage: 220-240 V<br \/>Packaging dimensions: 75 \u00d7 33 \u00d7 25 cm<\/p>\n<p>Activeshop products are proportionally cheaper than many other brands\/suppliers. The price is in relation to the quality. The Bb-02 Large Gold Illuminated Barber Shop Ceiling Light is therefore an affordable solution for your salon.<\/p>\n<h2>How is the Bb-02 Large Gold Illuminated Barber Shop Ceiling Light delivered?<\/h2>\n<p>Illuminated Ceiling Lamp For Barbershop Bb-02 Dorado Grande is delivered in the original packaging(s). Within Spain, the delivery of Bb-02 Dorado Dorado Large Illuminated Barbershop Ceiling Light is completely free of charge for orders over 100,- Euro. For shipments to other countries separate shipping rates apply. You can check these rates with us or view them in the shopping cart. Barber Shop Ceiling Light Bb-02 Dorado Grande is shipped via an external courier service.<\/p>\n<p>Packages or pallets are delivered as standard up to the front door threshold, even if you are located in a collective building, apartment building or apartment complex with a lift (provided the item fits in the lift). No lift available or item does not fit in the lift? Then we deliver up to the threshold of the ground floor.<\/p>\n<p>Do you still have questions about delivery or a special situation? Contact us and we will be happy to help you!<\/p>\n<p>*Items are not unpacked or assembled as standard. In special situations you can contact us to make arrangements.<\/p>\n<h2>Secure online shopping at Salon For All with the Webwinkelkeur seal of quality and SSL encryption.<\/h2>\n<p>It is important to us that our customers can shop safely in our online shop. We have been affiliated with the national quality seal Webwinkelkeur since 2019. Our identity has been verified and checked by them, and the online shop has been checked and legally approved. Furthermore, our online shop is affiliated with them for conflict mediation. You can see the badge with all the information of this online shop quality seal on the left or right side of the online shop (pink button with white). In addition, our site is protected with an SSL certificate so that you can surf securely with us. In the bar of your Internet browser, where our website appears, you will see a padlock icon. If you click on the padlock, you will get all the information about our security. This way you know that your order for Bb-02 Large Gold Illuminated Barbershop Ceiling Light and your personal data is processed securely.<\/p>\n<h2>How can I pay for the Bb-02 Large Gold Illuminated Barbershop Ceiling Light?<\/h2>\n<p>We want to make it as easy as possible for you. That's why at Salon For All you can pay with all popular payment methods. Pay in advance, on delivery or afterwards - everything is possible. See here for all the payment methods we offer:<\/p>\n<ul>\n<li>iDEAL<\/li>\n<li>Credit card (Visa, Mastercard, American Express)<\/li>\n<li>Klarna - Payment on delivery with invoice<\/li>\n<li>PayPal<\/li>\n<li>Apple Pay<\/li>\n<li>Google Pay<\/li>\n<li>Bizum (for Spanish customers)<\/li>\n<li>SEPA bank transfer<\/li>\n<li>Bancontact<\/li>\n<li>Commercial invoice for companies<\/li>\n<li>Payment in the showroom - Both card and cash (Only available on collection)<\/li>\n<\/ul>\n<h2>See also reviews of Salon For All<\/h2>\n<p>Please also refer to our reviews to take into account the experiences of our existing customers in your decision to order the Bb-02 Large Gold Illuminated Barbershop Ceiling Light with us. Through our independent online shop quality seal Webwinkelkeur, verified reviews are automatically collected from customers who have completed an order with us. You can find them behind the pink button in our online shop or they are listed below the products.<\/p>\n<p>Please also share your experience after shopping with your order and your experience with the purchase process or contacting Salon For All to inspire others!<\/p>\n<h2>Contact Salon For All<\/h2>\n<p>Then please contact us. We will be happy to help you with your purchase of the Bb-02 Large Gold Illuminated Barbershop Ceiling Light. On weekdays we are best available between 8.30am and 5pm via the telephone number and email address at the top of the online shop or via the chat function. Out-of-hours enquiries are usually answered within 24 hours. It is also possible to visit us outside working days or office hours. However, an appointment must be made in advance.<\/p>\n<h2>Would you like to visit our showroom?<\/h2>\n<p>Would you prefer to see the illuminated barber's ceiling light Bb-02 large gold or would you like to browse through our (online) shop offer together with our colleague? Then visit our showroom with more than 1000m\u00b2 of salon equipment and let yourself be inspired by our employees. Also if you like to get to know us pleasantly over a cup of coffee or tea, you are very welcome. We do not have all products in stock, so please let us know in advance that you would like to come. Always make an appointment in advance.<\/p>\n<h2>14 days of reflection and our return policy<\/h2>\n<p>Of course it may happen that the delivered Bb-02 Large Gold Illuminated Barber Shop Ceiling Bb-02 is not completely to your liking and you wish to return it. This is no problem at Salon For All. You must notify your return within 14 working days via info@salonforall.es. You will then first receive full instructions and conditions of return. Please note that the Bb-02 Large Gold Illuminated Barbershop Ceiling Light must be unused, contain all supplied parts and be returned in the original packaging. Shipping costs for a return are always at the buyer's expense on purchases through www.salonforall.es. You must arrange transport yourself with a carrier of your choice for a return. Once the Bb-02 Large Gold Illuminated Barbershop Ceiling Lamp has been returned, it will be checked for completeness and possible damage. Once the return has been approved, the purchase amount will be refunded within 5 working days to the bank account we have on record.<\/p>\n<h2>Who is Salon For All?<\/h2>\n<p>Salon For All is THE wholesaler for all salon equipment in Europe. Salon For All started in 2003 under the name Salonvoordeel and grew out of practice. The owners of Salon For All were experienced hairdressers and beauty specialists and have together more than 30 years of practical experience. In 2003 we launched Salonvoordeel.nl (Netherlands) and subsequently Salon For All was founded for the European market. Some of our employees started their own business and so the idea to launch a functional online shop for hairdressers and to help them with the equipment of their salon was born.<\/p>\n<p>Our showroom is located in Dinxperlo, directly on the border between the Netherlands and Germany. With our many years of experience in the industry, we can serve as your mirror and provide you with the right advice - we speak the same language! We advise, inspire, motivate and support you in the purchase of Barber Shop Lighting Bb-02 Large Gold. Our suppliers are located all over Europe, from Germany, England, Italy to Poland.<\/p>","protected":false},"excerpt":{"rendered":"<p>The product Bb-02 Large Gold Illuminated Barbershop Ceiling Light is a high quality solution for any salon. The estimated delivery time is approximately 6 working days.<\/p>","protected":false},"featured_media":16768,"comment_status":"open","ping_status":"open","template":"","meta":[],"product_brand":[107],"product_cat":[133,96],"product_tag":[134,100],"class_list":{"0":"post-16767","1":"product","2":"type-product","3":"status-publish","4":"has-post-thumbnail","6":"product_brand-activeshop","7":"product_cat-accesorios-de-peluqueria","8":"product_cat-equipamiento-de-peluqueria","9":"product_tag-accesorios-de-peluqueria","10":"product_tag-equipamiento-de-peluqueria","11":"pa_codigo-ean-7759","12":"pa_garantia-12-meses","13":"pa_marca-activeshop","14":"pa_numero-de-articulo-6272","15":"pa_tiempo-estimado-de-entrega-4-5-dias-laborables","17":"first","18":"instock","19":"sale","20":"taxable","21":"shipping-taxable","22":"purchasable","23":"product-type-simple"},"yoast_head":"<!-- This site is optimized with the Yoast SEO plugin v27.4 - https:\/\/yoast.com\/product\/yoast-seo-wordpress\/ -->\n<title>Plaf\u00f3n Iluminado Para Barber\u00eda Bb-02 Dorado Grande comprar<\/title>\n<meta name=\"description\" content=\"Compra Plaf\u00f3n Iluminado Para Barber\u00eda Bb-02 Dorado Grande online o en el showroom en Salon For ALL Espa\u00f1a. El mayorista para salones, consultas y spas en Espa\u00f1a y Portugal.\" \/>\n<meta name=\"robots\" content=\"index, follow, max-snippet:-1, max-image-preview:large, max-video-preview:-1\" \/>\n<link rel=\"canonical\" href=\"https:\/\/salonforall.es\/en\/illuminated-barber-shop-ceiling-light-bb-02-gold-large\/\" \/>\n<meta property=\"og:locale\" content=\"en_GB\" \/>\n<meta property=\"og:type\" content=\"article\" \/>\n<meta property=\"og:title\" content=\"Plaf\u00f3n Iluminado Para Barber\u00eda Bb-02 Dorado Grande\" \/>\n<meta property=\"og:description\" content=\"Compra Plaf\u00f3n Iluminado Para Barber\u00eda Bb-02 Dorado Grande online o en el showroom en Salon For ALL Espa\u00f1a. El mayorista para salones, consultas y spas en Espa\u00f1a y Portugal.\" \/>\n<meta property=\"og:url\" content=\"https:\/\/salonforall.es\/en\/illuminated-barber-shop-ceiling-light-bb-02-gold-large\/\" \/>\n<meta property=\"og:site_name\" content=\"Salon For ALL Espa\u00f1a\" \/>\n<meta property=\"article:modified_time\" content=\"2026-03-24T16:30:29+00:00\" \/>\n<meta property=\"og:image\" content=\"https:\/\/salonforall.es\/wp-content\/uploads\/2025\/12\/Plafon-Iluminado-Para-Barberia-Bb-02-Dorado-Grande.jpg\" \/>\n\t<meta property=\"og:image:width\" content=\"1200\" \/>\n\t<meta property=\"og:image:height\" content=\"1200\" \/>\n\t<meta property=\"og:image:type\" content=\"image\/jpeg\" \/>\n<meta name=\"twitter:card\" content=\"summary_large_image\" \/>\n<meta name=\"twitter:title\" content=\"Plaf\u00f3n Iluminado Para Barber\u00eda Bb-02 Dorado Grande\" \/>\n<meta name=\"twitter:label1\" content=\"Estimated reading time\" \/>\n\t<meta name=\"twitter:data1\" content=\"7 minutes\" \/>\n<script type=\"application\/ld+json\" class=\"yoast-schema-graph\">{\"@context\":\"https:\\\/\\\/schema.org\",\"@graph\":[{\"@type\":\"WebPage\",\"@id\":\"https:\\\/\\\/salonforall.es\\\/plafon-iluminado-para-barberia-bb-02-dorado-grande\\\/\",\"url\":\"https:\\\/\\\/salonforall.es\\\/plafon-iluminado-para-barberia-bb-02-dorado-grande\\\/\",\"name\":\"Plaf\u00f3n Iluminado Para Barber\u00eda Bb-02 Dorado Grande comprar\",\"isPartOf\":{\"@id\":\"https:\\\/\\\/salonforall.es\\\/#website\"},\"primaryImageOfPage\":{\"@id\":\"https:\\\/\\\/salonforall.es\\\/plafon-iluminado-para-barberia-bb-02-dorado-grande\\\/#primaryimage\"},\"image\":{\"@id\":\"https:\\\/\\\/salonforall.es\\\/plafon-iluminado-para-barberia-bb-02-dorado-grande\\\/#primaryimage\"},\"thumbnailUrl\":\"https:\\\/\\\/salonforall.es\\\/wp-content\\\/uploads\\\/2025\\\/12\\\/Plafon-Iluminado-Para-Barberia-Bb-02-Dorado-Grande.jpg\",\"datePublished\":\"2025-12-02T13:42:47+00:00\",\"dateModified\":\"2026-03-24T16:30:29+00:00\",\"description\":\"Compra Plaf\u00f3n Iluminado Para Barber\u00eda Bb-02 Dorado Grande online o en el showroom en Salon For ALL Espa\u00f1a. El mayorista para salones, consultas y spas en Espa\u00f1a y Portugal.\",\"breadcrumb\":{\"@id\":\"https:\\\/\\\/salonforall.es\\\/plafon-iluminado-para-barberia-bb-02-dorado-grande\\\/#breadcrumb\"},\"inLanguage\":\"en-GB\",\"potentialAction\":[{\"@type\":\"ReadAction\",\"target\":[\"https:\\\/\\\/salonforall.es\\\/plafon-iluminado-para-barberia-bb-02-dorado-grande\\\/\"]}]},{\"@type\":\"ImageObject\",\"inLanguage\":\"en-GB\",\"@id\":\"https:\\\/\\\/salonforall.es\\\/plafon-iluminado-para-barberia-bb-02-dorado-grande\\\/#primaryimage\",\"url\":\"https:\\\/\\\/salonforall.es\\\/wp-content\\\/uploads\\\/2025\\\/12\\\/Plafon-Iluminado-Para-Barberia-Bb-02-Dorado-Grande.jpg\",\"contentUrl\":\"https:\\\/\\\/salonforall.es\\\/wp-content\\\/uploads\\\/2025\\\/12\\\/Plafon-Iluminado-Para-Barberia-Bb-02-Dorado-Grande.jpg\",\"width\":1200,\"height\":1200,\"caption\":\"Plaf\u00f3n Iluminado Para Barber\u00eda Bb-02 Dorado Grande\"},{\"@type\":\"BreadcrumbList\",\"@id\":\"https:\\\/\\\/salonforall.es\\\/plafon-iluminado-para-barberia-bb-02-dorado-grande\\\/#breadcrumb\",\"itemListElement\":[{\"@type\":\"ListItem\",\"position\":1,\"name\":\"Home\",\"item\":\"https:\\\/\\\/salonforall.es\\\/\"},{\"@type\":\"ListItem\",\"position\":2,\"name\":\"Winkel\",\"item\":\"https:\\\/\\\/salonforall.es\\\/winkel\\\/\"},{\"@type\":\"ListItem\",\"position\":3,\"name\":\"Plaf\u00f3n Iluminado Para Barber\u00eda Bb-02 Dorado Grande\"}]},{\"@type\":\"WebSite\",\"@id\":\"https:\\\/\\\/salonforall.es\\\/#website\",\"url\":\"https:\\\/\\\/salonforall.es\\\/\",\"name\":\"Salon For ALL Espa\u00f1a\",\"description\":\"Mayorista de mobiliario y suministros para consultorios y salones\",\"publisher\":{\"@id\":\"https:\\\/\\\/salonforall.es\\\/#organization\"},\"potentialAction\":[{\"@type\":\"SearchAction\",\"target\":{\"@type\":\"EntryPoint\",\"urlTemplate\":\"https:\\\/\\\/salonforall.es\\\/?s={search_term_string}\"},\"query-input\":{\"@type\":\"PropertyValueSpecification\",\"valueRequired\":true,\"valueName\":\"search_term_string\"}}],\"inLanguage\":\"en-GB\"},{\"@type\":\"Organization\",\"@id\":\"https:\\\/\\\/salonforall.es\\\/#organization\",\"name\":\"Salon For All B.V. Espa\u00f1a\",\"alternateName\":\"Salon For All B.V. Espa\u00f1a - Mayorista de equipamiento para consultas, salones y suministros\",\"url\":\"https:\\\/\\\/salonforall.es\\\/\",\"logo\":{\"@type\":\"ImageObject\",\"inLanguage\":\"en-GB\",\"@id\":\"https:\\\/\\\/salonforall.es\\\/#\\\/schema\\\/logo\\\/image\\\/\",\"url\":\"https:\\\/\\\/salonforall.es\\\/wp-content\\\/uploads\\\/2025\\\/11\\\/logo-salon-for-all-e1764543185849.png\",\"contentUrl\":\"https:\\\/\\\/salonforall.es\\\/wp-content\\\/uploads\\\/2025\\\/11\\\/logo-salon-for-all-e1764543185849.png\",\"width\":500,\"height\":150,\"caption\":\"Salon For All B.V. Espa\u00f1a\"},\"image\":{\"@id\":\"https:\\\/\\\/salonforall.es\\\/#\\\/schema\\\/logo\\\/image\\\/\"}}]}<\/script>\n<!-- \/ Yoast SEO plugin. -->","yoast_head_json":{"title":"Illuminated Barber Shop Ceiling Light Bb-02 Large Gold Buy","description":"Buy Illuminated Barber Ceiling Bb-02 Gold Large online or in the showroom at Salon For ALL Spain. The wholesaler for salons, practices and spas in Spain and Portugal.","robots":{"index":"index","follow":"follow","max-snippet":"max-snippet:-1","max-image-preview":"max-image-preview:large","max-video-preview":"max-video-preview:-1"},"canonical":"https:\/\/salonforall.es\/en\/illuminated-barber-shop-ceiling-light-bb-02-gold-large\/","og_locale":"en_GB","og_type":"article","og_title":"Plaf\u00f3n Iluminado Para Barber\u00eda Bb-02 Dorado Grande","og_description":"Compra Plaf\u00f3n Iluminado Para Barber\u00eda Bb-02 Dorado Grande online o en el showroom en Salon For ALL Espa\u00f1a. El mayorista para salones, consultas y spas en Espa\u00f1a y Portugal.","og_url":"https:\/\/salonforall.es\/en\/illuminated-barber-shop-ceiling-light-bb-02-gold-large\/","og_site_name":"Salon For ALL Espa\u00f1a","article_modified_time":"2026-03-24T16:30:29+00:00","og_image":[{"width":1200,"height":1200,"url":"https:\/\/salonforall.es\/wp-content\/uploads\/2025\/12\/Plafon-Iluminado-Para-Barberia-Bb-02-Dorado-Grande.jpg","type":"image\/jpeg"}],"twitter_card":"summary_large_image","twitter_title":"Plaf\u00f3n Iluminado Para Barber\u00eda Bb-02 Dorado Grande","twitter_misc":{"Estimated reading time":"7 minutes"},"schema":{"@context":"https:\/\/schema.org","@graph":[{"@type":"WebPage","@id":"https:\/\/salonforall.es\/plafon-iluminado-para-barberia-bb-02-dorado-grande\/","url":"https:\/\/salonforall.es\/plafon-iluminado-para-barberia-bb-02-dorado-grande\/","name":"Illuminated Barber Shop Ceiling Light Bb-02 Large Gold Buy","isPartOf":{"@id":"https:\/\/salonforall.es\/#website"},"primaryImageOfPage":{"@id":"https:\/\/salonforall.es\/plafon-iluminado-para-barberia-bb-02-dorado-grande\/#primaryimage"},"image":{"@id":"https:\/\/salonforall.es\/plafon-iluminado-para-barberia-bb-02-dorado-grande\/#primaryimage"},"thumbnailUrl":"https:\/\/salonforall.es\/wp-content\/uploads\/2025\/12\/Plafon-Iluminado-Para-Barberia-Bb-02-Dorado-Grande.jpg","datePublished":"2025-12-02T13:42:47+00:00","dateModified":"2026-03-24T16:30:29+00:00","description":"Buy Illuminated Barber Ceiling Bb-02 Gold Large online or in the showroom at Salon For ALL Spain. The wholesaler for salons, practices and spas in Spain and Portugal.","breadcrumb":{"@id":"https:\/\/salonforall.es\/plafon-iluminado-para-barberia-bb-02-dorado-grande\/#breadcrumb"},"inLanguage":"en-GB","potentialAction":[{"@type":"ReadAction","target":["https:\/\/salonforall.es\/plafon-iluminado-para-barberia-bb-02-dorado-grande\/"]}]},{"@type":"ImageObject","inLanguage":"en-GB","@id":"https:\/\/salonforall.es\/plafon-iluminado-para-barberia-bb-02-dorado-grande\/#primaryimage","url":"https:\/\/salonforall.es\/wp-content\/uploads\/2025\/12\/Plafon-Iluminado-Para-Barberia-Bb-02-Dorado-Grande.jpg","contentUrl":"https:\/\/salonforall.es\/wp-content\/uploads\/2025\/12\/Plafon-Iluminado-Para-Barberia-Bb-02-Dorado-Grande.jpg","width":1200,"height":1200,"caption":"Plaf\u00f3n Iluminado Para Barber\u00eda Bb-02 Dorado Grande"},{"@type":"BreadcrumbList","@id":"https:\/\/salonforall.es\/plafon-iluminado-para-barberia-bb-02-dorado-grande\/#breadcrumb","itemListElement":[{"@type":"ListItem","position":1,"name":"Home","item":"https:\/\/salonforall.es\/"},{"@type":"ListItem","position":2,"name":"Winkel","item":"https:\/\/salonforall.es\/winkel\/"},{"@type":"ListItem","position":3,"name":"Plaf\u00f3n Iluminado Para Barber\u00eda Bb-02 Dorado Grande"}]},{"@type":"WebSite","@id":"https:\/\/salonforall.es\/#website","url":"https:\/\/salonforall.es\/","name":"Salon For ALL Spain","description":"Wholesaler of salon and practice furniture and supplies","publisher":{"@id":"https:\/\/salonforall.es\/#organization"},"potentialAction":[{"@type":"SearchAction","target":{"@type":"EntryPoint","urlTemplate":"https:\/\/salonforall.es\/?s={search_term_string}"},"query-input":{"@type":"PropertyValueSpecification","valueRequired":true,"valueName":"search_term_string"}}],"inLanguage":"en-GB"},{"@type":"Organization","@id":"https:\/\/salonforall.es\/#organization","name":"Salon For All B.V. Spain","alternateName":"Salon For All B.V. Espa\u00f1a - Mayorista de equipamiento para consultas, salones y suministros","url":"https:\/\/salonforall.es\/","logo":{"@type":"ImageObject","inLanguage":"en-GB","@id":"https:\/\/salonforall.es\/#\/schema\/logo\/image\/","url":"https:\/\/salonforall.es\/wp-content\/uploads\/2025\/11\/logo-salon-for-all-e1764543185849.png","contentUrl":"https:\/\/salonforall.es\/wp-content\/uploads\/2025\/11\/logo-salon-for-all-e1764543185849.png","width":500,"height":150,"caption":"Salon For All B.V. Espa\u00f1a"},"image":{"@id":"https:\/\/salonforall.es\/#\/schema\/logo\/image\/"}}]}},"_links":{"self":[{"href":"https:\/\/salonforall.es\/en\/wp-json\/wp\/v2\/product\/16767","targetHints":{"allow":["GET"]}}],"collection":[{"href":"https:\/\/salonforall.es\/en\/wp-json\/wp\/v2\/product"}],"about":[{"href":"https:\/\/salonforall.es\/en\/wp-json\/wp\/v2\/types\/product"}],"replies":[{"embeddable":true,"href":"https:\/\/salonforall.es\/en\/wp-json\/wp\/v2\/comments?post=16767"}],"wp:featuredmedia":[{"embeddable":true,"href":"https:\/\/salonforall.es\/en\/wp-json\/wp\/v2\/media\/16768"}],"wp:attachment":[{"href":"https:\/\/salonforall.es\/en\/wp-json\/wp\/v2\/media?parent=16767"}],"wp:term":[{"taxonomy":"product_brand","embeddable":true,"href":"https:\/\/salonforall.es\/en\/wp-json\/wp\/v2\/product_brand?post=16767"},{"taxonomy":"product_cat","embeddable":true,"href":"https:\/\/salonforall.es\/en\/wp-json\/wp\/v2\/product_cat?post=16767"},{"taxonomy":"product_tag","embeddable":true,"href":"https:\/\/salonforall.es\/en\/wp-json\/wp\/v2\/product_tag?post=16767"}],"curies":[{"name":"wp","href":"https:\/\/api.w.org\/{rel}","templated":true}]}}