{"id":16512,"date":"2025-12-02T14:39:22","date_gmt":"2025-12-02T13:39:22","guid":{"rendered":"https:\/\/salonforall.es\/product\/esmalte-hibrido-claresa-pide-un-deseo-7-5g\/"},"modified":"2026-03-24T17:29:51","modified_gmt":"2026-03-24T16:29:51","slug":"claresa-make-a-wish-hybrid-glaze-7-5g","status":"publish","type":"product","link":"https:\/\/salonforall.es\/en\/esmalte-hibrido-claresa-pide-un-deseo-7-5g\/","title":{"rendered":"Claresa Make-A-Wish Hybrid Glaze 7 -5G"},"content":{"rendered":"<h2>Information about Claresa Make-A-Wish Hybrid Enamel 7 -5G with article number 149701<\/h2>\n<p>CLARESA Make a Wish Hybrid Nail Polish 7 - 5 g<\/p>\n<p>Seeing a shooting star brings good luck not only at Carnival and New Year. However, it is at this time that people look for them most fervently, dreaming of fulfilling their most cherished dreams. Make a Wish 7 is a deep maroon with hundreds of sparkles, which looks like a starry sky inside a bottle.<\/p>\n<p>The beginning of a new year and carnival is a time of change, big plans and dreams. No wonder, then, that it is accompanied not only by glitz and glamour, but also by divination, traditions and superstitions that are supposed to bring us good luck. Make a Wish is a collection of 10 hybrid nail polishes in deep, saturated shades of pink, red, purple, blue and green with sparkling glitters, evoking fun and refined creations. Discover the rich range of Make a wish colours and make a wish in these magical moments!<\/p>\n<p>CHARACTERISTICS:<br \/>Easy application, without saturating cuticles<br \/>Intense pigmentation<br \/>Ideal average density<br \/>Safe for nails and hands<br \/>Duration up to 3 weeks<br \/>Capacity: 5 g<\/p>\n<p>APPLICATION<br \/>Apply a thin layer of coloured hybrid enamel over the previously cured Claresa Hybrid base coat and allow it to cure in a UV\/LED lamp. To achieve a satisfactory effect, you can repeat the operation. Fix the hairstyle by applying and curing Claresa TOP.<\/p>\n<p>Activeshop products are proportionally cheaper than many other brands\/suppliers. The price is in relation to the quality. Claresa Hybrid Enamel Make A Wish 7 -5G is therefore an affordable solution for your salon.<\/p>\n<h2>How is Claresa Make-A-Wish 7 -5G Hybrid Enamel delivered?<\/h2>\n<p>Claresa Hybrid Enamel Make A Wish 7 -5G is delivered in original packaging(s). Within Spain the shipping of Claresa Hybrid Enamel Make A Wish 7 -5G is completely free of charge for orders over 100,- euros. For shipments to other countries separate shipping rates apply. You can check these rates with us or view them in the shopping cart. Claresa Hybrid Enamel Make A Wish 7 -5G is shipped via an external courier service.<\/p>\n<p>Packages or pallets are delivered as standard up to the front door threshold, even if you are located in a collective building, apartment building or apartment complex with a lift (provided the item fits in the lift). No lift available or item does not fit in the lift? Then we deliver up to the threshold of the ground floor.<\/p>\n<p>Do you still have questions about delivery or a special situation? Contact us and we will be happy to help you!<\/p>\n<p>*Items are not unpacked or assembled as standard. In special situations you can contact us to make arrangements.<\/p>\n<h2>Secure online shopping at Salon For All with the Webwinkelkeur seal of quality and SSL encryption.<\/h2>\n<p>It is important to us that our customers can shop safely in our online shop. We have been affiliated with the national quality seal Webwinkelkeur since 2019. Our identity has been verified and checked by them, and the online shop has been checked and legally approved. Furthermore, our online shop is affiliated with them for conflict mediation. You can see the badge with all the information of this online shop quality seal on the left or right side of the online shop (pink button with white). In addition, our site is protected with an SSL certificate so that you can surf securely with us. In the bar of your Internet browser, where our website appears, you will see a padlock icon. If you click on the padlock, you will get all the information about our security. This way you know that your Claresa Hybrid Enamel Make A Wish 7 -5G order and your personal data are processed securely.<\/p>\n<h2>How can I pay for Claresa Make-A-Wish Hybrid Enamel 7 -5G?<\/h2>\n<p>We want to make it as easy as possible for you. That's why at Salon For All you can pay with all popular payment methods. Pay in advance, on delivery or afterwards - everything is possible. See here for all the payment methods we offer:<\/p>\n<ul>\n<li>iDEAL<\/li>\n<li>Credit card (Visa, Mastercard, American Express)<\/li>\n<li>Klarna - Payment on delivery with invoice<\/li>\n<li>PayPal<\/li>\n<li>Apple Pay<\/li>\n<li>Google Pay<\/li>\n<li>Bizum (for Spanish customers)<\/li>\n<li>SEPA bank transfer<\/li>\n<li>Bancontact<\/li>\n<li>Commercial invoice for companies<\/li>\n<li>Payment in the showroom - Both card and cash (Only available on collection)<\/li>\n<\/ul>\n<h2>See also reviews of Salon For All<\/h2>\n<p>Please also check our reviews to take into account the experiences of our current customers in your decision to order Claresa Make A Wish 7 -5G Hybrid Enamel with us. Through our independent online shop quality seal Webwinkelkeur, verified reviews are automatically collected from customers who have completed an order with us. You can find them behind the pink button in our online shop or they are listed under the products.<\/p>\n<p>Please also share your experience after your purchase with your Claresa Hybrid Enamel Make A Wish 7 -5G order and your experience with the purchase process or contact with Salon For All to inspire others!<\/p>\n<h2>Contact Salon For All<\/h2>\n<p>Contact us then. We will be happy to help you with your purchase of Claresa Hybrid Enamel Make A Wish 7 -5G. On weekdays we are best available between 8.30am and 5.00pm via the telephone number and email address at the top of the online shop or via the chat function. Out-of-hours enquiries are usually answered within 24 hours. It is also possible to visit us outside working days or office hours. However, an appointment must be made in advance.<\/p>\n<h2>Would you like to visit our showroom?<\/h2>\n<p>Would you prefer to see Claresa Hybrid Enamel Make A Wish 7 -5G or browse through our (online) shop offer together with our colleague? Then visit our showroom with more than 1000m\u00b2 of salon equipment and let yourself be inspired by our employees. Also if you like to get to know us pleasantly over a cup of coffee or tea, you are very welcome. We do not have all products in stock, so please let us know in advance that you would like to come. Always make an appointment in advance.<\/p>\n<h2>14 days of reflection and our return policy<\/h2>\n<p>Of course it may happen that Claresa Hybrid Enamel Make A Wish 7 -5G delivered is not completely to your liking and you wish to return it. This is no problem at Salon For All. You must notify your return within 14 working days via info@salonforall.es. You will then first receive all return instructions and conditions. Please note that Claresa Hybrid Enamel Make A Wish 7 -5G must be unused, contain all supplied parts and be returned in the original packaging. Shipping costs for a return are always at the buyer's expense for purchases through www.salonforall.es. You must arrange transport yourself with a carrier of your choice for a return. Once Claresa Hybrid Enamel Make A Wish 7 -5G has been returned, it will be checked for completeness and possible damage. Once the return has been approved, the purchase amount will be refunded within 5 working days to the bank account we have on record.<\/p>\n<h2>Who is Salon For All?<\/h2>\n<p>Salon For All is THE wholesaler for all salon equipment in Europe. Salon For All started in 2003 under the name Salonvoordeel and grew out of practice. The owners of Salon For All were experienced hairdressers and beauty specialists and have together more than 30 years of practical experience. In 2003 we launched Salonvoordeel.nl (Netherlands) and subsequently Salon For All was founded for the European market. Some of our employees started their own business and so the idea to launch a functional online shop for hairdressers and to help them with the equipment of their salon was born.<\/p>\n<p>Our showroom is located in Dinxperlo, directly on the border between the Netherlands and Germany. With our many years of experience in the industry, we can act as a mirror for you and provide you with the right advice - we speak the same language! We advise, inspire, motivate and support you in the purchase of Claresa Hybrid Enamel Make A Wish 7 -5G. Our suppliers are located all over Europe, from Germany, England, Italy to Poland.<\/p>","protected":false},"excerpt":{"rendered":"<p>The product Claresa Make A Wish 7 -5G Hybrid Glaze is a high quality solution for any salon. The estimated delivery time is approximately 6 working days.<\/p>","protected":false},"featured_media":16513,"comment_status":"open","ping_status":"open","template":"","meta":[],"product_brand":[3645],"product_cat":[3702,3646],"product_tag":[3703,3648],"class_list":{"0":"post-16512","1":"product","2":"type-product","3":"status-publish","4":"has-post-thumbnail","6":"product_brand-claresa","7":"product_cat-esmaltes-hibridos","8":"product_cat-manicura-hibrida-claresa","9":"product_tag-esmaltes-hibridos","10":"product_tag-manicura-hibrida-claresa","11":"pa_codigo-ean-7762","12":"pa_garantia-12-meses","13":"pa_marca-claresa","14":"pa_numero-de-articulo-6198","15":"pa_tiempo-estimado-de-entrega-4-5-dias-laborables","17":"first","18":"instock","19":"sale","20":"taxable","21":"shipping-taxable","22":"purchasable","23":"product-type-simple"},"yoast_head":"<!-- This site is optimized with the Yoast SEO plugin v27.6 - https:\/\/yoast.com\/product\/yoast-seo-wordpress\/ -->\n<title>Esmalte H\u00edbrido Claresa Pide Un Deseo 7 -5G comprar<\/title>\n<meta name=\"description\" content=\"Compra Esmalte H\u00edbrido Claresa Pide Un Deseo 7 -5G online o en el showroom en Salon For ALL Espa\u00f1a. El mayorista para salones, consultas y spas en Espa\u00f1a y Portugal.\" \/>\n<meta name=\"robots\" content=\"index, follow, max-snippet:-1, max-image-preview:large, max-video-preview:-1\" \/>\n<link rel=\"canonical\" href=\"https:\/\/salonforall.es\/en\/claresa-make-a-wish-hybrid-glaze-7-5g\/\" \/>\n<meta property=\"og:locale\" content=\"en_GB\" \/>\n<meta property=\"og:type\" content=\"article\" \/>\n<meta property=\"og:title\" content=\"Esmalte H\u00edbrido Claresa Pide Un Deseo 7 -5G\" \/>\n<meta property=\"og:description\" content=\"Compra Esmalte H\u00edbrido Claresa Pide Un Deseo 7 -5G online o en el showroom en Salon For ALL Espa\u00f1a. El mayorista para salones, consultas y spas en Espa\u00f1a y Portugal.\" \/>\n<meta property=\"og:url\" content=\"https:\/\/salonforall.es\/en\/claresa-make-a-wish-hybrid-glaze-7-5g\/\" \/>\n<meta property=\"og:site_name\" content=\"Salon For ALL Espa\u00f1a\" \/>\n<meta property=\"article:modified_time\" content=\"2026-03-24T16:29:51+00:00\" \/>\n<meta property=\"og:image\" content=\"https:\/\/salonforall.es\/wp-content\/uploads\/2025\/12\/Esmalte-Hibrido-Claresa-Pide-Un-Deseo-7-5G.jpg\" \/>\n\t<meta property=\"og:image:width\" content=\"1200\" \/>\n\t<meta property=\"og:image:height\" content=\"1200\" \/>\n\t<meta property=\"og:image:type\" content=\"image\/jpeg\" \/>\n<meta name=\"twitter:card\" content=\"summary_large_image\" \/>\n<meta name=\"twitter:title\" content=\"Esmalte H\u00edbrido Claresa Pide Un Deseo 7 -5G\" \/>\n<meta name=\"twitter:label1\" content=\"Estimated reading time\" \/>\n\t<meta name=\"twitter:data1\" content=\"8 minutes\" \/>\n<script type=\"application\/ld+json\" class=\"yoast-schema-graph\">{\"@context\":\"https:\\\/\\\/schema.org\",\"@graph\":[{\"@type\":\"WebPage\",\"@id\":\"https:\\\/\\\/salonforall.es\\\/esmalte-hibrido-claresa-pide-un-deseo-7-5g\\\/\",\"url\":\"https:\\\/\\\/salonforall.es\\\/esmalte-hibrido-claresa-pide-un-deseo-7-5g\\\/\",\"name\":\"Esmalte H\u00edbrido Claresa Pide Un Deseo 7 -5G comprar\",\"isPartOf\":{\"@id\":\"https:\\\/\\\/salonforall.es\\\/#website\"},\"primaryImageOfPage\":{\"@id\":\"https:\\\/\\\/salonforall.es\\\/esmalte-hibrido-claresa-pide-un-deseo-7-5g\\\/#primaryimage\"},\"image\":{\"@id\":\"https:\\\/\\\/salonforall.es\\\/esmalte-hibrido-claresa-pide-un-deseo-7-5g\\\/#primaryimage\"},\"thumbnailUrl\":\"https:\\\/\\\/salonforall.es\\\/wp-content\\\/uploads\\\/2025\\\/12\\\/Esmalte-Hibrido-Claresa-Pide-Un-Deseo-7-5G.jpg\",\"datePublished\":\"2025-12-02T13:39:22+00:00\",\"dateModified\":\"2026-03-24T16:29:51+00:00\",\"description\":\"Compra Esmalte H\u00edbrido Claresa Pide Un Deseo 7 -5G online o en el showroom en Salon For ALL Espa\u00f1a. El mayorista para salones, consultas y spas en Espa\u00f1a y Portugal.\",\"breadcrumb\":{\"@id\":\"https:\\\/\\\/salonforall.es\\\/esmalte-hibrido-claresa-pide-un-deseo-7-5g\\\/#breadcrumb\"},\"inLanguage\":\"en-GB\",\"potentialAction\":[{\"@type\":\"ReadAction\",\"target\":[\"https:\\\/\\\/salonforall.es\\\/esmalte-hibrido-claresa-pide-un-deseo-7-5g\\\/\"]}]},{\"@type\":\"ImageObject\",\"inLanguage\":\"en-GB\",\"@id\":\"https:\\\/\\\/salonforall.es\\\/esmalte-hibrido-claresa-pide-un-deseo-7-5g\\\/#primaryimage\",\"url\":\"https:\\\/\\\/salonforall.es\\\/wp-content\\\/uploads\\\/2025\\\/12\\\/Esmalte-Hibrido-Claresa-Pide-Un-Deseo-7-5G.jpg\",\"contentUrl\":\"https:\\\/\\\/salonforall.es\\\/wp-content\\\/uploads\\\/2025\\\/12\\\/Esmalte-Hibrido-Claresa-Pide-Un-Deseo-7-5G.jpg\",\"width\":1200,\"height\":1200,\"caption\":\"Esmalte H\u00edbrido Claresa Pide Un Deseo 7 -5G\"},{\"@type\":\"BreadcrumbList\",\"@id\":\"https:\\\/\\\/salonforall.es\\\/esmalte-hibrido-claresa-pide-un-deseo-7-5g\\\/#breadcrumb\",\"itemListElement\":[{\"@type\":\"ListItem\",\"position\":1,\"name\":\"Home\",\"item\":\"https:\\\/\\\/salonforall.es\\\/\"},{\"@type\":\"ListItem\",\"position\":2,\"name\":\"Winkel\",\"item\":\"https:\\\/\\\/salonforall.es\\\/winkel\\\/\"},{\"@type\":\"ListItem\",\"position\":3,\"name\":\"Esmalte H\u00edbrido Claresa Pide Un Deseo 7 -5G\"}]},{\"@type\":\"WebSite\",\"@id\":\"https:\\\/\\\/salonforall.es\\\/#website\",\"url\":\"https:\\\/\\\/salonforall.es\\\/\",\"name\":\"Salon For ALL Espa\u00f1a\",\"description\":\"Mayorista de mobiliario y suministros para consultorios y salones\",\"publisher\":{\"@id\":\"https:\\\/\\\/salonforall.es\\\/#organization\"},\"potentialAction\":[{\"@type\":\"SearchAction\",\"target\":{\"@type\":\"EntryPoint\",\"urlTemplate\":\"https:\\\/\\\/salonforall.es\\\/?s={search_term_string}\"},\"query-input\":{\"@type\":\"PropertyValueSpecification\",\"valueRequired\":true,\"valueName\":\"search_term_string\"}}],\"inLanguage\":\"en-GB\"},{\"@type\":\"Organization\",\"@id\":\"https:\\\/\\\/salonforall.es\\\/#organization\",\"name\":\"Salon For All B.V. Espa\u00f1a\",\"alternateName\":\"Salon For All B.V. Espa\u00f1a - Mayorista de equipamiento para consultas, salones y suministros\",\"url\":\"https:\\\/\\\/salonforall.es\\\/\",\"logo\":{\"@type\":\"ImageObject\",\"inLanguage\":\"en-GB\",\"@id\":\"https:\\\/\\\/salonforall.es\\\/#\\\/schema\\\/logo\\\/image\\\/\",\"url\":\"https:\\\/\\\/salonforall.es\\\/wp-content\\\/uploads\\\/2025\\\/11\\\/logo-salon-for-all-e1764543185849.png\",\"contentUrl\":\"https:\\\/\\\/salonforall.es\\\/wp-content\\\/uploads\\\/2025\\\/11\\\/logo-salon-for-all-e1764543185849.png\",\"width\":500,\"height\":150,\"caption\":\"Salon For All B.V. Espa\u00f1a\"},\"image\":{\"@id\":\"https:\\\/\\\/salonforall.es\\\/#\\\/schema\\\/logo\\\/image\\\/\"}}]}<\/script>\n<!-- \/ Yoast SEO plugin. -->","yoast_head_json":{"title":"Claresa Make-A-Wish Hybrid Enamel 7 -5G buy","description":"Buy Claresa Hybrid Enamel Make A Wish 7 -5G online or in the showroom at Salon For ALL Spain. The wholesaler for salons, practices and spas in Spain and Portugal.","robots":{"index":"index","follow":"follow","max-snippet":"max-snippet:-1","max-image-preview":"max-image-preview:large","max-video-preview":"max-video-preview:-1"},"canonical":"https:\/\/salonforall.es\/en\/claresa-make-a-wish-hybrid-glaze-7-5g\/","og_locale":"en_GB","og_type":"article","og_title":"Esmalte H\u00edbrido Claresa Pide Un Deseo 7 -5G","og_description":"Compra Esmalte H\u00edbrido Claresa Pide Un Deseo 7 -5G online o en el showroom en Salon For ALL Espa\u00f1a. El mayorista para salones, consultas y spas en Espa\u00f1a y Portugal.","og_url":"https:\/\/salonforall.es\/en\/claresa-make-a-wish-hybrid-glaze-7-5g\/","og_site_name":"Salon For ALL Espa\u00f1a","article_modified_time":"2026-03-24T16:29:51+00:00","og_image":[{"width":1200,"height":1200,"url":"https:\/\/salonforall.es\/wp-content\/uploads\/2025\/12\/Esmalte-Hibrido-Claresa-Pide-Un-Deseo-7-5G.jpg","type":"image\/jpeg"}],"twitter_card":"summary_large_image","twitter_title":"Esmalte H\u00edbrido Claresa Pide Un Deseo 7 -5G","twitter_misc":{"Estimated reading time":"8 minutes"},"schema":{"@context":"https:\/\/schema.org","@graph":[{"@type":"WebPage","@id":"https:\/\/salonforall.es\/esmalte-hibrido-claresa-pide-un-deseo-7-5g\/","url":"https:\/\/salonforall.es\/esmalte-hibrido-claresa-pide-un-deseo-7-5g\/","name":"Claresa Make-A-Wish Hybrid Enamel 7 -5G buy","isPartOf":{"@id":"https:\/\/salonforall.es\/#website"},"primaryImageOfPage":{"@id":"https:\/\/salonforall.es\/esmalte-hibrido-claresa-pide-un-deseo-7-5g\/#primaryimage"},"image":{"@id":"https:\/\/salonforall.es\/esmalte-hibrido-claresa-pide-un-deseo-7-5g\/#primaryimage"},"thumbnailUrl":"https:\/\/salonforall.es\/wp-content\/uploads\/2025\/12\/Esmalte-Hibrido-Claresa-Pide-Un-Deseo-7-5G.jpg","datePublished":"2025-12-02T13:39:22+00:00","dateModified":"2026-03-24T16:29:51+00:00","description":"Buy Claresa Hybrid Enamel Make A Wish 7 -5G online or in the showroom at Salon For ALL Spain. The wholesaler for salons, practices and spas in Spain and Portugal.","breadcrumb":{"@id":"https:\/\/salonforall.es\/esmalte-hibrido-claresa-pide-un-deseo-7-5g\/#breadcrumb"},"inLanguage":"en-GB","potentialAction":[{"@type":"ReadAction","target":["https:\/\/salonforall.es\/esmalte-hibrido-claresa-pide-un-deseo-7-5g\/"]}]},{"@type":"ImageObject","inLanguage":"en-GB","@id":"https:\/\/salonforall.es\/esmalte-hibrido-claresa-pide-un-deseo-7-5g\/#primaryimage","url":"https:\/\/salonforall.es\/wp-content\/uploads\/2025\/12\/Esmalte-Hibrido-Claresa-Pide-Un-Deseo-7-5G.jpg","contentUrl":"https:\/\/salonforall.es\/wp-content\/uploads\/2025\/12\/Esmalte-Hibrido-Claresa-Pide-Un-Deseo-7-5G.jpg","width":1200,"height":1200,"caption":"Esmalte H\u00edbrido Claresa Pide Un Deseo 7 -5G"},{"@type":"BreadcrumbList","@id":"https:\/\/salonforall.es\/esmalte-hibrido-claresa-pide-un-deseo-7-5g\/#breadcrumb","itemListElement":[{"@type":"ListItem","position":1,"name":"Home","item":"https:\/\/salonforall.es\/"},{"@type":"ListItem","position":2,"name":"Winkel","item":"https:\/\/salonforall.es\/winkel\/"},{"@type":"ListItem","position":3,"name":"Esmalte H\u00edbrido Claresa Pide Un Deseo 7 -5G"}]},{"@type":"WebSite","@id":"https:\/\/salonforall.es\/#website","url":"https:\/\/salonforall.es\/","name":"Salon For ALL Spain","description":"Wholesaler of salon and practice furniture and supplies","publisher":{"@id":"https:\/\/salonforall.es\/#organization"},"potentialAction":[{"@type":"SearchAction","target":{"@type":"EntryPoint","urlTemplate":"https:\/\/salonforall.es\/?s={search_term_string}"},"query-input":{"@type":"PropertyValueSpecification","valueRequired":true,"valueName":"search_term_string"}}],"inLanguage":"en-GB"},{"@type":"Organization","@id":"https:\/\/salonforall.es\/#organization","name":"Salon For All B.V. Spain","alternateName":"Salon For All B.V. Espa\u00f1a - Mayorista de equipamiento para consultas, salones y suministros","url":"https:\/\/salonforall.es\/","logo":{"@type":"ImageObject","inLanguage":"en-GB","@id":"https:\/\/salonforall.es\/#\/schema\/logo\/image\/","url":"https:\/\/salonforall.es\/wp-content\/uploads\/2025\/11\/logo-salon-for-all-e1764543185849.png","contentUrl":"https:\/\/salonforall.es\/wp-content\/uploads\/2025\/11\/logo-salon-for-all-e1764543185849.png","width":500,"height":150,"caption":"Salon For All B.V. Espa\u00f1a"},"image":{"@id":"https:\/\/salonforall.es\/#\/schema\/logo\/image\/"}}]}},"_links":{"self":[{"href":"https:\/\/salonforall.es\/en\/wp-json\/wp\/v2\/product\/16512","targetHints":{"allow":["GET"]}}],"collection":[{"href":"https:\/\/salonforall.es\/en\/wp-json\/wp\/v2\/product"}],"about":[{"href":"https:\/\/salonforall.es\/en\/wp-json\/wp\/v2\/types\/product"}],"replies":[{"embeddable":true,"href":"https:\/\/salonforall.es\/en\/wp-json\/wp\/v2\/comments?post=16512"}],"wp:featuredmedia":[{"embeddable":true,"href":"https:\/\/salonforall.es\/en\/wp-json\/wp\/v2\/media\/16513"}],"wp:attachment":[{"href":"https:\/\/salonforall.es\/en\/wp-json\/wp\/v2\/media?parent=16512"}],"wp:term":[{"taxonomy":"product_brand","embeddable":true,"href":"https:\/\/salonforall.es\/en\/wp-json\/wp\/v2\/product_brand?post=16512"},{"taxonomy":"product_cat","embeddable":true,"href":"https:\/\/salonforall.es\/en\/wp-json\/wp\/v2\/product_cat?post=16512"},{"taxonomy":"product_tag","embeddable":true,"href":"https:\/\/salonforall.es\/en\/wp-json\/wp\/v2\/product_tag?post=16512"}],"curies":[{"name":"wp","href":"https:\/\/api.w.org\/{rel}","templated":true}]}}