{"id":16432,"date":"2025-12-02T14:39:22","date_gmt":"2025-12-02T13:39:22","guid":{"rendered":"https:\/\/salonforall.es\/product\/lampara-de-anillo-glow-rgb-de-13-bsc-con-tripode-de-10-w\/"},"modified":"2026-03-24T17:29:43","modified_gmt":"2026-03-24T16:29:43","slug":"13-bsc-rgb-glow-ring-lamp-with-10-watt-tripod","status":"publish","type":"product","link":"https:\/\/salonforall.es\/en\/lampara-de-anillo-glow-rgb-de-13-bsc-con-tripode-de-10-w\/","title":{"rendered":"13\u2033 Bsc 13\u2033 Rgb Glow Ring Lamp With 10 W Tripod"},"content":{"rendered":"<h2>Information about 13\u2033 Bsc 13\u2033 Bsc 10W Glow Rgb Ring Lamp With Tripod with article number 148021<\/h2>\n<p><img decoding=\"async\" src=\"https:\/\/activeshop.com.pl\/media\/wysiwyg\/product\/148021\/ES_148021_1.jpg\"><\/p>\n<p>The brand's products <strong>GLOW<\/strong> are professional lighting that enhance the performance of services in both beauty salons and medical practices. It offers a wide selection of specialised lamps, including UV\/LED and treatment lamps, necessary for precise work.<\/p>\n<p><img decoding=\"async\" src=\"https:\/\/activeshop.com.pl\/media\/wysiwyg\/product\/148021\/EN_148021_2.jpg\"><\/p>\n<h2><strong>Shadow-free lighting<\/strong><\/h2>\n<p>The compact Glow ring lamp with an outer diameter of 33 centimetres is a practical device that will provide excellent lighting for the workspace in a salon, hair salon or tattoo studio, and will also be useful for photography, video recording and social media materials. The shadow-free illumination will make it easy to perform various treatments, and the adjustable light intensity and colour ensure greater working comfort. The possibility to choose the colour of the lighting influences the variety of prepared materials and creates a unique atmosphere in the room.<\/p>\n<p><img decoding=\"async\" src=\"https:\/\/activeshop.com.pl\/media\/wysiwyg\/product\/148021\/EN_148021_3.jpg\"><\/p>\n<h2><strong>Extensive adjustment possibilities<\/strong><\/h2>\n<p><strong>The remote control on the cable<\/strong> allows the light temperature to be gradually adjusted over a wide range of <strong>cool-intermediate-warm (from 3000 to 6000 K) and control the light intensity in 12 steps<\/strong>. This function provides more flexibility when using the lamp. Its mounting on a sturdy tripod ensures comfortable working in a beauty salon, tattoo studio or at home. In addition, inside the ring of the lamp there is a threaded adapter that allows the installation of a flexible phone holder, which is included in the set and, by allowing the clamp to be extended up to a maximum of 15 cm, fits most smartphones available on the market.<\/p>\n<h2><strong>RGB module<\/strong><\/h2>\n<p>The RGB module offers a wide range of possibilities, which allows you to <strong>create a variety of lighting effects<\/strong>. The user has full control over the lighting, which makes the ring lamp not only a functional element of the interior, but also a distinctive decorative element that creates a pleasant and inspiring atmosphere in any room.<\/p>\n<p><img decoding=\"async\" src=\"https:\/\/activeshop.com.pl\/media\/wysiwyg\/product\/148021\/EN_148021_4.jpg\"><\/p>\n<h2><strong>Functional design<\/strong><\/h2>\n<p>The lightweight and durable construction of the tripod with non-slip feet ensures significant comfort and stability during use. The telescopic frame allows you to lock the height between 40 and 160 cm, making it easy to adjust the lighting to your needs. The small ball head included in the set allows for easy installation of the lamp and an easy and quick installation of the lamp. <strong>free adjustment of its angle<\/strong>.<\/p>\n<p><img decoding=\"async\" src=\"https:\/\/activeshop.com.pl\/media\/wysiwyg\/product\/148021\/EN_148021_5.jpg\"><\/p>\n<p><strong>Attention.<\/strong> Before use, read the instructions carefully and install the product correctly.<br \/><strong>The set includes:<\/strong> ring light, USB power cable, charger, tripod elements, instructions, phone holder.<\/p>\n<p><strong>Data:<\/strong><br \/>Tripod colour: shades of black<br \/>Light colour: 3000-6000 K<br \/>CRI: RA &gt; 83<br \/>Ring diameter: 33 cm<br \/>Tripod height: 40-160 cm<br \/>Cable length: 190 cm<br \/>Power: 10 W<br \/>Input voltage: 220-240 V<br \/>Warranty: 12 months<\/p>\n<p>Activeshop products are proportionally cheaper than many other brands\/suppliers. The price is in relation to the quality. The 13\u2033 Bsc 13\u2033 Bsc 10W Glow Rgb Ring Light With Tripod is therefore an affordable solution for your salon.<\/p>\n<h2>How is the 13\u2033 Bsc 13\u2033 Bsc Glow Rgb Ring Lamp With 10W Tripod delivered?<\/h2>\n<p>L\u00e1mpara De Anillo De Glow Rgb De 13\u2033 Bsc Con Tr\u00edpode De 10 W is delivered in the original packaging(s). Within Spain the shipping of L\u00e1mpara De Anillo Glow Rgb De 13\u2033 Bsc De 13\u2033 Bsc Con Tr\u00edpode De 10 W is completely free of charge for orders over 100,- \u20ac. For shipments to other countries separate shipping rates apply. You can check these rates with us or view them in the shopping cart. Glow Rgb Ring Lamp 13\u2033 Bsc With 10 W Tripod is shipped via an external courier service.<\/p>\n<p>Packages or pallets are delivered as standard up to the front door threshold, even if you are located in a collective building, apartment building or apartment complex with a lift (provided the item fits in the lift). No lift available or item does not fit in the lift? Then we deliver up to the threshold of the ground floor.<\/p>\n<p>Do you still have questions about delivery or a special situation? Contact us and we will be happy to help you!<\/p>\n<p>*Items are not unpacked or assembled as standard. In special situations you can contact us to make arrangements.<\/p>\n<h2>Secure online shopping at Salon For All with the Webwinkelkeur seal of quality and SSL encryption.<\/h2>\n<p>It is important to us that our customers can shop safely in our online shop. We have been affiliated with the national quality seal Webwinkelkeur since 2019. Our identity has been verified and checked by them, and the online shop has been checked and legally approved. Furthermore, our online shop is affiliated with them for conflict mediation. You can see the logo with all the information of this online shop quality seal on the left or right side of the online shop (pink button with white). In addition, our site is protected with an SSL certificate so that you can surf securely with us. In the bar of your Internet browser, where our website appears, you will see a padlock icon. If you click on the padlock, you will get all the information about our security. This way you know that your order of 13\u2033 Bsc 10W Glow Rgb Ring Light With Tripod and your personal data is processed securely.<\/p>\n<h2>How can I pay for a 13\u2033 Bsc 10 W Glow Rgb Ring Lamp With Tripod?<\/h2>\n<p>We want to make it as easy as possible for you. That's why at Salon For All you can pay with all popular payment methods. Pay in advance, on delivery or afterwards - everything is possible. See here for all the payment methods we offer:<\/p>\n<ul>\n<li>iDEAL<\/li>\n<li>Credit card (Visa, Mastercard, American Express)<\/li>\n<li>Klarna - Payment on delivery with invoice<\/li>\n<li>PayPal<\/li>\n<li>Apple Pay<\/li>\n<li>Google Pay<\/li>\n<li>Bizum (for Spanish customers)<\/li>\n<li>SEPA bank transfer<\/li>\n<li>Bancontact<\/li>\n<li>Commercial invoice for companies<\/li>\n<li>Payment in the showroom - Both card and cash (Only available on collection)<\/li>\n<\/ul>\n<h2>See also reviews of Salon For All<\/h2>\n<p>Please also refer to our reviews to take into account the experiences of our existing customers in your decision to order 13\u2033 Bsc Rgb Glow Ring Lamp With 10W Tripod with us. Through our independent online shop quality seal Webwinkelkeur, verified reviews are automatically collected from customers who have completed an order with us. You can find them behind the pink button in our online shop or they are listed below the products.<\/p>\n<p>Please also share your experience after shopping with your 13\u2033 Bsc De 13\u2033 Bsc Glow Rgb Ring Lamp With 10W Tripod Order and your experience with the purchase process or contacting Salon For All to inspire others!<\/p>\n<h2>Contact Salon For All<\/h2>\n<p>Contact us then. We will be happy to help you with your purchase of 13\u2033 Bsc Rgb Glow Ring Lamp With 10W Tripod. On weekdays we are best available between 8.30am and 5pm via the phone number and email address at the top of the online shop or via the chat function. Out-of-hours enquiries are usually answered within 24 hours. It is also possible to visit us outside working days or office hours. However, an appointment must be made in advance.<\/p>\n<h2>Would you like to visit our showroom?<\/h2>\n<p>Would you prefer to see the 13\u2033 Bsc Glow Rgb Ring Lamp With 10W Tripod or browse through our (online) shop offerings together with our colleague? Then visit our showroom with more than 1000m\u00b2 of showroom equipment and be inspired by our employees. Also if you like to get to know us pleasantly over a cup of coffee or tea, you are very welcome. We do not have all products in stock, so please let us know in advance that you would like to come. Always make an appointment in advance.<\/p>\n<h2>14 days of reflection and our return policy<\/h2>\n<p>Of course it can happen that the delivered 13\u2033 Bsc Bsc 10W Glow Rgb Ring Light With Tripod is not completely to your liking and you want to return it. That is no problem at Salon For All. You must notify your return within 14 working days via info@salonforall.es. You will then first receive full return instructions and conditions. Please note that the 13\u2033 Bsc 13\u2033 Rgb Glow Ring Lamp With 10W Tripod must not have been used, must contain all supplied parts and must be returned in the original packaging. Shipping costs for a return are always at the buyer's expense on purchases through www.salonforall.es. You must arrange transport yourself with a carrier of your choice for a return. Once the 13\u2033 Bsc 13\u2033 Bsc 10W Glow Rgb Ring Lamp With Tripod has been returned, it will be checked for completeness and possible damage. Once the return has been approved, the purchase amount will be refunded within 5 working days to the bank account we have on record.<\/p>\n<h2>Who is Salon For All?<\/h2>\n<p>Salon For All is THE wholesaler for all salon equipment in Europe. Salon For All started in 2003 under the name Salonvoordeel and grew out of practice. The owners of Salon For All were experienced hairdressers and beauty specialists and have together more than 30 years of practical experience. In 2003 we launched Salonvoordeel.nl (Netherlands) and subsequently Salon For All was founded for the European market. Some of our employees started their own business and so the idea to launch a functional online shop for hairdressers and to help them with the equipment of their salon was born.<\/p>\n<p>Our showroom is located in Dinxperlo, directly on the border between the Netherlands and Germany. With our extensive experience in the sector we can serve you as a mirror and provide you with the right advice - we speak the same language! We advise, inspire, motivate and assist you in the purchase of 13\u2033 Bsc Glow Rgb Ring Light With 10W Tripod. Our suppliers are located all over Europe, from Germany, England, Italy to Poland.<\/p>","protected":false},"excerpt":{"rendered":"<p>The product Glow Rgb Ring Lamp 13\u2033 Bsc With 10W Tripod is a high quality solution for any living room. The estimated delivery time is approximately 6 working days.<\/p>","protected":false},"featured_media":16433,"comment_status":"open","ping_status":"open","template":"","meta":[],"product_brand":[640],"product_cat":[855,873,874],"product_tag":[858,141,875],"class_list":{"0":"post-16432","1":"product","2":"type-product","3":"status-publish","4":"has-post-thumbnail","6":"product_brand-glow","7":"product_cat-aparatos-cosmeticos","8":"product_cat-lamparas-cosmeticas-aparatos-cosmeticos","9":"product_cat-lamparas-de-anillo-y-otras-lamparas-de-maquillaje","10":"product_tag-aparatos-cosmeticos","11":"product_tag-lamparas-cosmeticas","12":"product_tag-lamparas-de-anillo-y-otras-lamparas-de-maquillaje","13":"pa_codigo-ean-7759","14":"pa_garantia-12-meses","15":"pa_marca-glow","16":"pa_numero-de-articulo-6172","17":"pa_tiempo-estimado-de-entrega-4-5-dias-laborables","19":"first","20":"instock","21":"sale","22":"taxable","23":"shipping-taxable","24":"purchasable","25":"product-type-simple"},"yoast_head":"<!-- This site is optimized with the Yoast SEO plugin v27.2 - https:\/\/yoast.com\/product\/yoast-seo-wordpress\/ -->\n<title>L\u00e1mpara De Anillo Glow Rgb De 13&quot; Bsc Con Tr\u00edpode De 10 W comprar<\/title>\n<meta name=\"description\" content=\"Compra L\u00e1mpara De Anillo Glow Rgb De 13&quot; Bsc Con Tr\u00edpode De 10 W online o en el showroom en Salon For ALL Espa\u00f1a. El mayorista para salones, consultas y spas en Espa\u00f1a y Portugal.\" \/>\n<meta name=\"robots\" content=\"index, follow, max-snippet:-1, max-image-preview:large, max-video-preview:-1\" \/>\n<link rel=\"canonical\" href=\"https:\/\/salonforall.es\/en\/13-bsc-rgb-glow-ring-lamp-with-10-watt-tripod\/\" \/>\n<meta property=\"og:locale\" content=\"en_GB\" \/>\n<meta property=\"og:type\" content=\"article\" \/>\n<meta property=\"og:title\" content=\"L\u00e1mpara De Anillo Glow Rgb De 13&quot; Bsc Con Tr\u00edpode De 10 W\" \/>\n<meta property=\"og:description\" content=\"Compra L\u00e1mpara De Anillo Glow Rgb De 13&quot; Bsc Con Tr\u00edpode De 10 W online o en el showroom en Salon For ALL Espa\u00f1a. El mayorista para salones, consultas y spas en Espa\u00f1a y Portugal.\" \/>\n<meta property=\"og:url\" content=\"https:\/\/salonforall.es\/en\/13-bsc-rgb-glow-ring-lamp-with-10-watt-tripod\/\" \/>\n<meta property=\"og:site_name\" content=\"Salon For ALL Espa\u00f1a\" \/>\n<meta property=\"article:modified_time\" content=\"2026-03-24T16:29:43+00:00\" \/>\n<meta property=\"og:image\" content=\"https:\/\/salonforall.es\/wp-content\/uploads\/2025\/12\/Lampara-De-Anillo-Glow-Rgb-De-13-Bsc-Con-Tripode-De-10-W.jpg\" \/>\n\t<meta property=\"og:image:width\" content=\"1200\" \/>\n\t<meta property=\"og:image:height\" content=\"1200\" \/>\n\t<meta property=\"og:image:type\" content=\"image\/jpeg\" \/>\n<meta name=\"twitter:card\" content=\"summary_large_image\" \/>\n<meta name=\"twitter:title\" content=\"L\u00e1mpara De Anillo Glow Rgb De 13&quot; Bsc Con Tr\u00edpode De 10 W\" \/>\n<meta name=\"twitter:label1\" content=\"Estimated reading time\" \/>\n\t<meta name=\"twitter:data1\" content=\"9 minutes\" \/>\n<script type=\"application\/ld+json\" class=\"yoast-schema-graph\">{\"@context\":\"https:\/\/schema.org\",\"@graph\":[{\"@type\":\"WebPage\",\"@id\":\"https:\/\/salonforall.es\/lampara-de-anillo-glow-rgb-de-13-bsc-con-tripode-de-10-w\/\",\"url\":\"https:\/\/salonforall.es\/lampara-de-anillo-glow-rgb-de-13-bsc-con-tripode-de-10-w\/\",\"name\":\"L\u00e1mpara De Anillo Glow Rgb De 13\\\" Bsc Con Tr\u00edpode De 10 W comprar\",\"isPartOf\":{\"@id\":\"https:\/\/salonforall.es\/#website\"},\"primaryImageOfPage\":{\"@id\":\"https:\/\/salonforall.es\/lampara-de-anillo-glow-rgb-de-13-bsc-con-tripode-de-10-w\/#primaryimage\"},\"image\":{\"@id\":\"https:\/\/salonforall.es\/lampara-de-anillo-glow-rgb-de-13-bsc-con-tripode-de-10-w\/#primaryimage\"},\"thumbnailUrl\":\"https:\/\/salonforall.es\/wp-content\/uploads\/2025\/12\/Lampara-De-Anillo-Glow-Rgb-De-13-Bsc-Con-Tripode-De-10-W.jpg\",\"datePublished\":\"2025-12-02T13:39:22+00:00\",\"dateModified\":\"2026-03-24T16:29:43+00:00\",\"description\":\"Compra L\u00e1mpara De Anillo Glow Rgb De 13\\\" Bsc Con Tr\u00edpode De 10 W online o en el showroom en Salon For ALL Espa\u00f1a. El mayorista para salones, consultas y spas en Espa\u00f1a y Portugal.\",\"breadcrumb\":{\"@id\":\"https:\/\/salonforall.es\/lampara-de-anillo-glow-rgb-de-13-bsc-con-tripode-de-10-w\/#breadcrumb\"},\"inLanguage\":\"en-GB\",\"potentialAction\":[{\"@type\":\"ReadAction\",\"target\":[\"https:\/\/salonforall.es\/lampara-de-anillo-glow-rgb-de-13-bsc-con-tripode-de-10-w\/\"]}]},{\"@type\":\"ImageObject\",\"inLanguage\":\"en-GB\",\"@id\":\"https:\/\/salonforall.es\/lampara-de-anillo-glow-rgb-de-13-bsc-con-tripode-de-10-w\/#primaryimage\",\"url\":\"https:\/\/salonforall.es\/wp-content\/uploads\/2025\/12\/Lampara-De-Anillo-Glow-Rgb-De-13-Bsc-Con-Tripode-De-10-W.jpg\",\"contentUrl\":\"https:\/\/salonforall.es\/wp-content\/uploads\/2025\/12\/Lampara-De-Anillo-Glow-Rgb-De-13-Bsc-Con-Tripode-De-10-W.jpg\",\"width\":1200,\"height\":1200,\"caption\":\"L\u00e1mpara De Anillo Glow Rgb De 13\\\" Bsc Con Tr\u00edpode De 10 W\"},{\"@type\":\"BreadcrumbList\",\"@id\":\"https:\/\/salonforall.es\/lampara-de-anillo-glow-rgb-de-13-bsc-con-tripode-de-10-w\/#breadcrumb\",\"itemListElement\":[{\"@type\":\"ListItem\",\"position\":1,\"name\":\"Home\",\"item\":\"https:\/\/salonforall.es\/\"},{\"@type\":\"ListItem\",\"position\":2,\"name\":\"Winkel\",\"item\":\"https:\/\/salonforall.es\/winkel\/\"},{\"@type\":\"ListItem\",\"position\":3,\"name\":\"L\u00e1mpara De Anillo Glow Rgb De 13&#8243; Bsc Con Tr\u00edpode De 10 W\"}]},{\"@type\":\"WebSite\",\"@id\":\"https:\/\/salonforall.es\/#website\",\"url\":\"https:\/\/salonforall.es\/\",\"name\":\"Salon For ALL Espa\u00f1a\",\"description\":\"Mayorista de mobiliario y suministros para consultorios y salones\",\"publisher\":{\"@id\":\"https:\/\/salonforall.es\/#organization\"},\"potentialAction\":[{\"@type\":\"SearchAction\",\"target\":{\"@type\":\"EntryPoint\",\"urlTemplate\":\"https:\/\/salonforall.es\/?s={search_term_string}\"},\"query-input\":{\"@type\":\"PropertyValueSpecification\",\"valueRequired\":true,\"valueName\":\"search_term_string\"}}],\"inLanguage\":\"en-GB\"},{\"@type\":\"Organization\",\"@id\":\"https:\/\/salonforall.es\/#organization\",\"name\":\"Salon For All B.V. Espa\u00f1a\",\"alternateName\":\"Salon For All B.V. Espa\u00f1a - Mayorista de equipamiento para consultas, salones y suministros\",\"url\":\"https:\/\/salonforall.es\/\",\"logo\":{\"@type\":\"ImageObject\",\"inLanguage\":\"en-GB\",\"@id\":\"https:\/\/salonforall.es\/#\/schema\/logo\/image\/\",\"url\":\"https:\/\/salonforall.es\/wp-content\/uploads\/2025\/11\/logo-salon-for-all-e1764543185849.png\",\"contentUrl\":\"https:\/\/salonforall.es\/wp-content\/uploads\/2025\/11\/logo-salon-for-all-e1764543185849.png\",\"width\":500,\"height\":150,\"caption\":\"Salon For All B.V. Espa\u00f1a\"},\"image\":{\"@id\":\"https:\/\/salonforall.es\/#\/schema\/logo\/image\/\"}}]}<\/script>\n<!-- \/ Yoast SEO plugin. -->","yoast_head_json":{"title":"13\" Bsc 13\" Rgb Glow Ring Lamp With 10W Tripod Buy","description":"Buy Glow Rgb Ring Lamp 13\" Bsc With Tripod 10W online or in the showroom at Salon For ALL Spain. The wholesaler for salons, practices and spas in Spain and Portugal.","robots":{"index":"index","follow":"follow","max-snippet":"max-snippet:-1","max-image-preview":"max-image-preview:large","max-video-preview":"max-video-preview:-1"},"canonical":"https:\/\/salonforall.es\/en\/13-bsc-rgb-glow-ring-lamp-with-10-watt-tripod\/","og_locale":"en_GB","og_type":"article","og_title":"L\u00e1mpara De Anillo Glow Rgb De 13\" Bsc Con Tr\u00edpode De 10 W","og_description":"Compra L\u00e1mpara De Anillo Glow Rgb De 13\" Bsc Con Tr\u00edpode De 10 W online o en el showroom en Salon For ALL Espa\u00f1a. El mayorista para salones, consultas y spas en Espa\u00f1a y Portugal.","og_url":"https:\/\/salonforall.es\/en\/13-bsc-rgb-glow-ring-lamp-with-10-watt-tripod\/","og_site_name":"Salon For ALL Espa\u00f1a","article_modified_time":"2026-03-24T16:29:43+00:00","og_image":[{"width":1200,"height":1200,"url":"https:\/\/salonforall.es\/wp-content\/uploads\/2025\/12\/Lampara-De-Anillo-Glow-Rgb-De-13-Bsc-Con-Tripode-De-10-W.jpg","type":"image\/jpeg"}],"twitter_card":"summary_large_image","twitter_title":"L\u00e1mpara De Anillo Glow Rgb De 13\" Bsc Con Tr\u00edpode De 10 W","twitter_misc":{"Estimated reading time":"9 minutes"},"schema":{"@context":"https:\/\/schema.org","@graph":[{"@type":"WebPage","@id":"https:\/\/salonforall.es\/lampara-de-anillo-glow-rgb-de-13-bsc-con-tripode-de-10-w\/","url":"https:\/\/salonforall.es\/lampara-de-anillo-glow-rgb-de-13-bsc-con-tripode-de-10-w\/","name":"13\" Bsc 13\" Rgb Glow Ring Lamp With 10W Tripod Buy","isPartOf":{"@id":"https:\/\/salonforall.es\/#website"},"primaryImageOfPage":{"@id":"https:\/\/salonforall.es\/lampara-de-anillo-glow-rgb-de-13-bsc-con-tripode-de-10-w\/#primaryimage"},"image":{"@id":"https:\/\/salonforall.es\/lampara-de-anillo-glow-rgb-de-13-bsc-con-tripode-de-10-w\/#primaryimage"},"thumbnailUrl":"https:\/\/salonforall.es\/wp-content\/uploads\/2025\/12\/Lampara-De-Anillo-Glow-Rgb-De-13-Bsc-Con-Tripode-De-10-W.jpg","datePublished":"2025-12-02T13:39:22+00:00","dateModified":"2026-03-24T16:29:43+00:00","description":"Buy Glow Rgb Ring Lamp 13\" Bsc With Tripod 10W online or in the showroom at Salon For ALL Spain. The wholesaler for salons, practices and spas in Spain and Portugal.","breadcrumb":{"@id":"https:\/\/salonforall.es\/lampara-de-anillo-glow-rgb-de-13-bsc-con-tripode-de-10-w\/#breadcrumb"},"inLanguage":"en-GB","potentialAction":[{"@type":"ReadAction","target":["https:\/\/salonforall.es\/lampara-de-anillo-glow-rgb-de-13-bsc-con-tripode-de-10-w\/"]}]},{"@type":"ImageObject","inLanguage":"en-GB","@id":"https:\/\/salonforall.es\/lampara-de-anillo-glow-rgb-de-13-bsc-con-tripode-de-10-w\/#primaryimage","url":"https:\/\/salonforall.es\/wp-content\/uploads\/2025\/12\/Lampara-De-Anillo-Glow-Rgb-De-13-Bsc-Con-Tripode-De-10-W.jpg","contentUrl":"https:\/\/salonforall.es\/wp-content\/uploads\/2025\/12\/Lampara-De-Anillo-Glow-Rgb-De-13-Bsc-Con-Tripode-De-10-W.jpg","width":1200,"height":1200,"caption":"L\u00e1mpara De Anillo Glow Rgb De 13\" Bsc Con Tr\u00edpode De 10 W"},{"@type":"BreadcrumbList","@id":"https:\/\/salonforall.es\/lampara-de-anillo-glow-rgb-de-13-bsc-con-tripode-de-10-w\/#breadcrumb","itemListElement":[{"@type":"ListItem","position":1,"name":"Home","item":"https:\/\/salonforall.es\/"},{"@type":"ListItem","position":2,"name":"Winkel","item":"https:\/\/salonforall.es\/winkel\/"},{"@type":"ListItem","position":3,"name":"L\u00e1mpara De Anillo Glow Rgb De 13&#8243; Bsc Con Tr\u00edpode De 10 W"}]},{"@type":"WebSite","@id":"https:\/\/salonforall.es\/#website","url":"https:\/\/salonforall.es\/","name":"Salon For ALL Spain","description":"Wholesaler of salon and practice furniture and supplies","publisher":{"@id":"https:\/\/salonforall.es\/#organization"},"potentialAction":[{"@type":"SearchAction","target":{"@type":"EntryPoint","urlTemplate":"https:\/\/salonforall.es\/?s={search_term_string}"},"query-input":{"@type":"PropertyValueSpecification","valueRequired":true,"valueName":"search_term_string"}}],"inLanguage":"en-GB"},{"@type":"Organization","@id":"https:\/\/salonforall.es\/#organization","name":"Salon For All B.V. Spain","alternateName":"Salon For All B.V. Espa\u00f1a - Mayorista de equipamiento para consultas, salones y suministros","url":"https:\/\/salonforall.es\/","logo":{"@type":"ImageObject","inLanguage":"en-GB","@id":"https:\/\/salonforall.es\/#\/schema\/logo\/image\/","url":"https:\/\/salonforall.es\/wp-content\/uploads\/2025\/11\/logo-salon-for-all-e1764543185849.png","contentUrl":"https:\/\/salonforall.es\/wp-content\/uploads\/2025\/11\/logo-salon-for-all-e1764543185849.png","width":500,"height":150,"caption":"Salon For All B.V. Espa\u00f1a"},"image":{"@id":"https:\/\/salonforall.es\/#\/schema\/logo\/image\/"}}]}},"_links":{"self":[{"href":"https:\/\/salonforall.es\/en\/wp-json\/wp\/v2\/product\/16432","targetHints":{"allow":["GET"]}}],"collection":[{"href":"https:\/\/salonforall.es\/en\/wp-json\/wp\/v2\/product"}],"about":[{"href":"https:\/\/salonforall.es\/en\/wp-json\/wp\/v2\/types\/product"}],"replies":[{"embeddable":true,"href":"https:\/\/salonforall.es\/en\/wp-json\/wp\/v2\/comments?post=16432"}],"wp:featuredmedia":[{"embeddable":true,"href":"https:\/\/salonforall.es\/en\/wp-json\/wp\/v2\/media\/16433"}],"wp:attachment":[{"href":"https:\/\/salonforall.es\/en\/wp-json\/wp\/v2\/media?parent=16432"}],"wp:term":[{"taxonomy":"product_brand","embeddable":true,"href":"https:\/\/salonforall.es\/en\/wp-json\/wp\/v2\/product_brand?post=16432"},{"taxonomy":"product_cat","embeddable":true,"href":"https:\/\/salonforall.es\/en\/wp-json\/wp\/v2\/product_cat?post=16432"},{"taxonomy":"product_tag","embeddable":true,"href":"https:\/\/salonforall.es\/en\/wp-json\/wp\/v2\/product_tag?post=16432"}],"curies":[{"name":"wp","href":"https:\/\/api.w.org\/{rel}","templated":true}]}}