{"id":16402,"date":"2025-12-02T14:39:22","date_gmt":"2025-12-02T13:39:22","guid":{"rendered":"https:\/\/salonforall.es\/product\/lampara-de-anillo-rgb-glow-10-bsc-con-tripode-de-10-w\/"},"modified":"2026-03-24T17:29:41","modified_gmt":"2026-03-24T16:29:41","slug":"lampara-de-anillo-rgb-glow-10-bsc-con-tripode-de-10-w","status":"publish","type":"product","link":"https:\/\/salonforall.es\/en\/lampara-de-anillo-rgb-glow-10-bsc-con-tripode-de-10-w\/","title":{"rendered":"10\u2033 Bsc Glow 10W Rgb Glow Ring Lamp With 10W Tripod"},"content":{"rendered":"<h2>Informaci\u00f3n sobre L\u00e1mpara De Anillo Rgb Glow 10&#8243; Bsc Con Tr\u00edpode De 10 W con n\u00famero de art\u00edculo 148019<\/h2>\n<p><img decoding=\"async\" src=\"https:\/\/activeshop.com.pl\/media\/wysiwyg\/product\/148019\/ES_148019_1.jpg\"><\/p>\n<p>The brand's products <strong>GLOW<\/strong> are professional lighting that enhance the performance of services in both beauty salons and medical practices. It offers a wide selection of specialised lamps, including UV\/LED and treatment lamps, necessary for precise work.<\/p>\n<p><img decoding=\"async\" src=\"https:\/\/activeshop.com.pl\/media\/wysiwyg\/product\/148019\/EN_148019_2.jpg\"><\/p>\n<h2><strong>Shadow-free lighting<\/strong><\/h2>\n<p>La compacta l\u00e1mpara de anillo Glow con un di\u00e1metro exterior de 26 cent\u00edmetros es un dispositivo pr\u00e1ctico que proporcionar\u00e1 una excelente iluminaci\u00f3n para el espacio de trabajo en un sal\u00f3n de belleza, peluquer\u00eda o estudio de tatuajes, y tambi\u00e9n ser\u00e1 \u00fatil para fotograf\u00eda, grabaci\u00f3n de videos y materiales para redes sociales. La iluminaci\u00f3n sin sombras facilitar\u00e1 la realizaci\u00f3n de diversos tratamientos, y la intensidad y el color de la luz ajustables garantizan una mayor comodidad de trabajo. La posibilidad de elegir el color de la iluminaci\u00f3n influye en la variedad de materiales preparados y crea una atm\u00f3sfera \u00fanica en la habitaci\u00f3n.<\/p>\n<p><img decoding=\"async\" src=\"https:\/\/activeshop.com.pl\/media\/wysiwyg\/product\/148019\/EN_148019_3.jpg\"><\/p>\n<h2><strong>Extensive adjustment possibilities<\/strong><\/h2>\n<p><strong>The remote control on the cable<\/strong> allows the light temperature to be gradually adjusted over a wide range of <strong>cool-intermediate-warm (from 3000 to 6000 K) and control the light intensity in 12 steps<\/strong>. This function provides more flexibility when using the lamp. Its mounting on a sturdy tripod ensures comfortable working in a beauty salon, tattoo studio or at home. In addition, inside the ring of the lamp there is a threaded adapter that allows the installation of a flexible phone holder, which is included in the set and, by allowing the clamp to be extended up to a maximum of 15 cm, fits most smartphones available on the market.<\/p>\n<h2><strong>RGB module<\/strong><\/h2>\n<p>The RGB module offers a wide range of possibilities, which allows you to <strong>create a variety of lighting effects<\/strong>. The user has full control over the lighting, which makes the ring lamp not only a functional element of the interior, but also a distinctive decorative element that creates a pleasant and inspiring atmosphere in any room.<\/p>\n<p><img decoding=\"async\" src=\"https:\/\/activeshop.com.pl\/media\/wysiwyg\/product\/148019\/EN_148019_4.jpg\"><\/p>\n<h2><strong>Functional design<\/strong><\/h2>\n<p>La construcci\u00f3n ligera y duradera del tr\u00edpode con patas antideslizantes garantiza una comodidad y estabilidad significativas durante su uso. El marco telesc\u00f3pico permite bloquear la altura entre 40 y 160 cm, lo que facilita el ajuste de la iluminaci\u00f3n a sus necesidades. El peque\u00f1o cabezal de bola incluido en el conjunto permite una f\u00e1cil instalaci\u00f3n de la l\u00e1mpara y un <strong>free adjustment of its angle<\/strong>.<\/p>\n<p><img decoding=\"async\" src=\"https:\/\/activeshop.com.pl\/media\/wysiwyg\/product\/148019\/EN_148019_5.jpg\"><\/p>\n<p><strong>Attention.<\/strong> Before use, read the instructions carefully and install the product correctly.<br \/><strong>The set includes:<\/strong> ring light, USB power cable, charger, tripod elements, instructions, phone holder.<\/p>\n<p><strong>Data:<\/strong><br \/>Tripod colour: shades of black<br \/>Light colour: 3000-6000 K<br \/>CRI: RA &gt; 83<br \/>Di\u00e1metro del anillo: 26 cm<br \/>Tripod height: 40-160 cm<br \/>Cable length: 190 cm<br \/>Power: 10 W<br \/>Input voltage: 220-240 V<br \/>Warranty: 12 months<\/p>\n<p>Los productos Activeshop son proporcionalmente m\u00e1s econ\u00f3micos que muchas otras marcas\/proveedores. El precio est\u00e1 en relaci\u00f3n con la calidad. L\u00e1mpara De Anillo Rgb Glow 10&#8243; Bsc Con Tr\u00edpode De 10 W es por lo tanto una soluci\u00f3n accesible para su sal\u00f3n.<\/p>\n<h2>\u00bfC\u00f3mo se entrega L\u00e1mpara De Anillo Rgb Glow 10&#8243; Bsc Con Tr\u00edpode De 10 W?<\/h2>\n<p>L\u00e1mpara De Anillo Rgb Glow 10&#8243; Bsc Con Tr\u00edpode De 10 W se entrega en embalaje(s) original(es). Dentro de Espa\u00f1a el env\u00edo de L\u00e1mpara De Anillo Rgb Glow 10&#8243; Bsc Con Tr\u00edpode De 10 W es completamente gratuito para pedidos a partir de 100,- euros. Para env\u00edos a otros pa\u00edses se aplican tarifas de env\u00edo separadas. Puede consultar estas tarifas con nosotros o verlas en el carrito de compra. L\u00e1mpara De Anillo Rgb Glow 10&#8243; Bsc Con Tr\u00edpode De 10 W se env\u00eda a trav\u00e9s de un servicio de mensajer\u00eda externo.<\/p>\n<p>Packages or pallets are delivered as standard up to the front door threshold, even if you are located in a collective building, apartment building or apartment complex with a lift (provided the item fits in the lift). No lift available or item does not fit in the lift? Then we deliver up to the threshold of the ground floor.<\/p>\n<p>Do you still have questions about delivery or a special situation? Contact us and we will be happy to help you!<\/p>\n<p>*Items are not unpacked or assembled as standard. In special situations you can contact us to make arrangements.<\/p>\n<h2>Secure online shopping at Salon For All with the Webwinkelkeur seal of quality and SSL encryption.<\/h2>\n<p>Es importante para nosotros que nuestros clientes puedan comprar de forma segura en nuestra tienda online. Estamos afiliados al sello de calidad nacional Webwinkelkeur desde 2019. Nuestra identidad ha sido verificada y comprobada por ellos, y la tienda online ha sido revisada y aprobada legalmente. Adem\u00e1s, nuestra tienda online est\u00e1 afiliada a ellos para la mediaci\u00f3n de conflictos. Puede ver la insignia con toda la informaci\u00f3n de este sello de calidad de tienda online en el lado izquierdo o derecho de la tienda online (bot\u00f3n rosa con blanco). Adem\u00e1s, nuestro sitio est\u00e1 protegido con un certificado SSL para que pueda navegar de forma segura con nosotros. En la barra de su navegador de Internet, donde aparece nuestro sitio web, ver\u00e1 un icono de candado. Si hace clic en el candado, obtendr\u00e1 toda la informaci\u00f3n sobre nuestra seguridad. De esta manera sabe que su pedido de L\u00e1mpara De Anillo Rgb Glow 10&#8243; Bsc Con Tr\u00edpode De 10 W y sus datos personales se procesan de forma segura.<\/p>\n<h2>\u00bfC\u00f3mo puedo pagar L\u00e1mpara De Anillo Rgb Glow 10&#8243; Bsc Con Tr\u00edpode De 10 W?<\/h2>\n<p>We want to make it as easy as possible for you. That's why at Salon For All you can pay with all popular payment methods. Pay in advance, on delivery or afterwards - everything is possible. See here for all the payment methods we offer:<\/p>\n<ul>\n<li>iDEAL<\/li>\n<li>Credit card (Visa, Mastercard, American Express)<\/li>\n<li>Klarna - Payment on delivery with invoice<\/li>\n<li>PayPal<\/li>\n<li>Apple Pay<\/li>\n<li>Google Pay<\/li>\n<li>Bizum (for Spanish customers)<\/li>\n<li>SEPA bank transfer<\/li>\n<li>Bancontact<\/li>\n<li>Commercial invoice for companies<\/li>\n<li>Payment in the showroom - Both card and cash (Only available on collection)<\/li>\n<\/ul>\n<h2>See also reviews of Salon For All<\/h2>\n<p>Consulte tambi\u00e9n nuestras rese\u00f1as para tener en cuenta las experiencias de nuestros clientes actuales en su decisi\u00f3n de pedir L\u00e1mpara De Anillo Rgb Glow 10&#8243; Bsc Con Tr\u00edpode De 10 W con nosotros. A trav\u00e9s de nuestro sello de calidad independiente de tienda online Webwinkelkeur, se recopilan autom\u00e1ticamente rese\u00f1as verificadas de clientes que han completado un pedido con nosotros. Puede encontrarlas detr\u00e1s del bot\u00f3n rosa en nuestra tienda online o aparecen listadas debajo de los productos.<\/p>\n<p>\u00a1Comparta tambi\u00e9n su experiencia despu\u00e9s de su compra con su L\u00e1mpara De Anillo Rgb Glow 10&#8243; Bsc Con Tr\u00edpode De 10 W pedido y su experiencia con el proceso de compra o el contacto con Salon For All para inspirar a otros!<\/p>\n<h2>Contact Salon For All<\/h2>\n<p>Cont\u00e1ctenos entonces. Estaremos encantados de ayudarle con la adquisici\u00f3n de L\u00e1mpara De Anillo Rgb Glow 10&#8243; Bsc Con Tr\u00edpode De 10 W. En d\u00edas laborables estamos mejor disponibles entre las 8.30 y las 17.00 horas a trav\u00e9s del n\u00famero de tel\u00e9fono y direcci\u00f3n de correo electr\u00f3nico en la parte superior de la tienda online o a trav\u00e9s de la funci\u00f3n de chat. Las consultas fuera del horario de oficina suelen responderse en un plazo de 24 horas. Tambi\u00e9n es posible visitarnos fuera de los d\u00edas laborables u horario de oficina. Pero para ello es necesario concertar una cita previa.<\/p>\n<h2>Would you like to visit our showroom?<\/h2>\n<p>\u00bfPrefiere ver L\u00e1mpara De Anillo Rgb Glow 10&#8243; Bsc Con Tr\u00edpode De 10 W o recorrer nuestra oferta de la tienda (online) junto con nuestro colega? Entonces visite nuestro showroom con m\u00e1s de 1000m\u00b2 de equipamiento para salones y d\u00e9jese inspirar por nuestros empleados. Tambi\u00e9n si le gusta conocernos de manera agradable disfrutando de una buena taza de caf\u00e9 o t\u00e9, es muy bienvenido. No tenemos todos los productos en stock, as\u00ed que h\u00e1ganos saber de antemano que desea venir. Concierte siempre una cita previa.<\/p>\n<h2>14 days of reflection and our return policy<\/h2>\n<p>Por supuesto puede ocurrir que L\u00e1mpara De Anillo Rgb Glow 10&#8243; Bsc Con Tr\u00edpode De 10 W entregado no sea completamente de su agrado y desee devolverlo. Eso no es ning\u00fan problema en Salon For All. Debe notificar su devoluci\u00f3n dentro de 14 d\u00edas laborables a trav\u00e9s de info@salonforall.es. Entonces recibir\u00e1 primero todas las instrucciones y condiciones de devoluci\u00f3n. Tenga en cuenta que L\u00e1mpara De Anillo Rgb Glow 10&#8243; Bsc Con Tr\u00edpode De 10 W no debe haber sido usado, debe contener todas las partes suministradas y debe devolverse empaquetado en el embalaje original. Los costos de env\u00edo de una devoluci\u00f3n son siempre a cargo del comprador en compras a trav\u00e9s de www.salonforall.es. Debe organizar usted mismo un transporte con una empresa de transporte de su elecci\u00f3n para una devoluci\u00f3n. Una vez que L\u00e1mpara De Anillo Rgb Glow 10&#8243; Bsc Con Tr\u00edpode De 10 W haya sido devuelto, se verificar\u00e1 su integridad y posibles da\u00f1os. Una vez que la devoluci\u00f3n haya sido aprobada, el importe de la compra se reembolsar\u00e1 dentro de 5 d\u00edas laborables a la cuenta bancaria que tenemos registrada.<\/p>\n<h2>Who is Salon For All?<\/h2>\n<p>Salon For All is THE wholesaler for all salon equipment in Europe. Salon For All started in 2003 under the name Salonvoordeel and grew out of practice. The owners of Salon For All were experienced hairdressers and beauty specialists and have together more than 30 years of practical experience. In 2003 we launched Salonvoordeel.nl (Netherlands) and subsequently Salon For All was founded for the European market. Some of our employees started their own business and so the idea to launch a functional online shop for hairdressers and to help them with the equipment of their salon was born.<\/p>\n<p>Nuestro showroom se encuentra en Dinxperlo, directamente en la frontera entre los Pa\u00edses Bajos y Alemania. Con nuestra amplia experiencia en el sector podemos servirle de espejo y proporcionarle el asesoramiento adecuado. \u00a1Hablamos el mismo idioma! Le asesoramos, inspiramos, motivamos y ayudamos en la adquisici\u00f3n de L\u00e1mpara De Anillo Rgb Glow 10&#8243; Bsc Con Tr\u00edpode De 10 W. Nuestros proveedores se encuentran en toda Europa, desde Alemania, Inglaterra, Italia hasta Polonia.<\/p>","protected":false},"excerpt":{"rendered":"<p>The product Rgb Ring Lamp Glow 10\u2033 Bsc With 10W Tripod is a high quality solution for any living room. The estimated delivery time is approximately 6 working days.<\/p>","protected":false},"featured_media":16403,"comment_status":"open","ping_status":"open","template":"","meta":[],"product_brand":[640],"product_cat":[855,873,874],"product_tag":[858,141,875],"class_list":{"0":"post-16402","1":"product","2":"type-product","3":"status-publish","4":"has-post-thumbnail","6":"product_brand-glow","7":"product_cat-aparatos-cosmeticos","8":"product_cat-lamparas-cosmeticas-aparatos-cosmeticos","9":"product_cat-lamparas-de-anillo-y-otras-lamparas-de-maquillaje","10":"product_tag-aparatos-cosmeticos","11":"product_tag-lamparas-cosmeticas","12":"product_tag-lamparas-de-anillo-y-otras-lamparas-de-maquillaje","13":"pa_codigo-ean-7759","14":"pa_garantia-12-meses","15":"pa_marca-glow","16":"pa_numero-de-articulo-6168","17":"pa_tiempo-estimado-de-entrega-4-5-dias-laborables","19":"first","20":"instock","21":"sale","22":"taxable","23":"shipping-taxable","24":"purchasable","25":"product-type-simple"},"yoast_head":"<!-- This site is optimized with the Yoast SEO plugin v27.2 - https:\/\/yoast.com\/product\/yoast-seo-wordpress\/ -->\n<title>L\u00e1mpara De Anillo Rgb Glow 10&quot; Bsc Con Tr\u00edpode De 10 W comprar<\/title>\n<meta name=\"description\" content=\"Compra L\u00e1mpara De Anillo Rgb Glow 10&quot; Bsc Con Tr\u00edpode De 10 W online o en el showroom en Salon For ALL Espa\u00f1a. El mayorista para salones, consultas y spas en Espa\u00f1a y Portugal.\" \/>\n<meta name=\"robots\" content=\"index, follow, max-snippet:-1, max-image-preview:large, max-video-preview:-1\" \/>\n<link rel=\"canonical\" href=\"https:\/\/salonforall.es\/en\/lampara-de-anillo-rgb-glow-10-bsc-con-tripode-de-10-w\/\" \/>\n<meta property=\"og:locale\" content=\"en_GB\" \/>\n<meta property=\"og:type\" content=\"article\" \/>\n<meta property=\"og:title\" content=\"L\u00e1mpara De Anillo Rgb Glow 10&quot; Bsc Con Tr\u00edpode De 10 W\" \/>\n<meta property=\"og:description\" content=\"Compra L\u00e1mpara De Anillo Rgb Glow 10&quot; Bsc Con Tr\u00edpode De 10 W online o en el showroom en Salon For ALL Espa\u00f1a. El mayorista para salones, consultas y spas en Espa\u00f1a y Portugal.\" \/>\n<meta property=\"og:url\" content=\"https:\/\/salonforall.es\/en\/lampara-de-anillo-rgb-glow-10-bsc-con-tripode-de-10-w\/\" \/>\n<meta property=\"og:site_name\" content=\"Salon For ALL Espa\u00f1a\" \/>\n<meta property=\"article:modified_time\" content=\"2026-03-24T16:29:41+00:00\" \/>\n<meta property=\"og:image\" content=\"https:\/\/salonforall.es\/wp-content\/uploads\/2025\/12\/Lampara-De-Anillo-Rgb-Glow-10-Bsc-Con-Tripode-De-10-W.jpg\" \/>\n\t<meta property=\"og:image:width\" content=\"1200\" \/>\n\t<meta property=\"og:image:height\" content=\"1200\" \/>\n\t<meta property=\"og:image:type\" content=\"image\/jpeg\" \/>\n<meta name=\"twitter:card\" content=\"summary_large_image\" \/>\n<meta name=\"twitter:title\" content=\"L\u00e1mpara De Anillo Rgb Glow 10&quot; Bsc Con Tr\u00edpode De 10 W\" \/>\n<meta name=\"twitter:label1\" content=\"Estimated reading time\" \/>\n\t<meta name=\"twitter:data1\" content=\"9 minutes\" \/>\n<script type=\"application\/ld+json\" class=\"yoast-schema-graph\">{\"@context\":\"https:\/\/schema.org\",\"@graph\":[{\"@type\":\"WebPage\",\"@id\":\"https:\/\/salonforall.es\/lampara-de-anillo-rgb-glow-10-bsc-con-tripode-de-10-w\/\",\"url\":\"https:\/\/salonforall.es\/lampara-de-anillo-rgb-glow-10-bsc-con-tripode-de-10-w\/\",\"name\":\"L\u00e1mpara De Anillo Rgb Glow 10\\\" Bsc Con Tr\u00edpode De 10 W comprar\",\"isPartOf\":{\"@id\":\"https:\/\/salonforall.es\/#website\"},\"primaryImageOfPage\":{\"@id\":\"https:\/\/salonforall.es\/lampara-de-anillo-rgb-glow-10-bsc-con-tripode-de-10-w\/#primaryimage\"},\"image\":{\"@id\":\"https:\/\/salonforall.es\/lampara-de-anillo-rgb-glow-10-bsc-con-tripode-de-10-w\/#primaryimage\"},\"thumbnailUrl\":\"https:\/\/salonforall.es\/wp-content\/uploads\/2025\/12\/Lampara-De-Anillo-Rgb-Glow-10-Bsc-Con-Tripode-De-10-W.jpg\",\"datePublished\":\"2025-12-02T13:39:22+00:00\",\"dateModified\":\"2026-03-24T16:29:41+00:00\",\"description\":\"Compra L\u00e1mpara De Anillo Rgb Glow 10\\\" Bsc Con Tr\u00edpode De 10 W online o en el showroom en Salon For ALL Espa\u00f1a. El mayorista para salones, consultas y spas en Espa\u00f1a y Portugal.\",\"breadcrumb\":{\"@id\":\"https:\/\/salonforall.es\/lampara-de-anillo-rgb-glow-10-bsc-con-tripode-de-10-w\/#breadcrumb\"},\"inLanguage\":\"en-GB\",\"potentialAction\":[{\"@type\":\"ReadAction\",\"target\":[\"https:\/\/salonforall.es\/lampara-de-anillo-rgb-glow-10-bsc-con-tripode-de-10-w\/\"]}]},{\"@type\":\"ImageObject\",\"inLanguage\":\"en-GB\",\"@id\":\"https:\/\/salonforall.es\/lampara-de-anillo-rgb-glow-10-bsc-con-tripode-de-10-w\/#primaryimage\",\"url\":\"https:\/\/salonforall.es\/wp-content\/uploads\/2025\/12\/Lampara-De-Anillo-Rgb-Glow-10-Bsc-Con-Tripode-De-10-W.jpg\",\"contentUrl\":\"https:\/\/salonforall.es\/wp-content\/uploads\/2025\/12\/Lampara-De-Anillo-Rgb-Glow-10-Bsc-Con-Tripode-De-10-W.jpg\",\"width\":1200,\"height\":1200,\"caption\":\"L\u00e1mpara De Anillo Rgb Glow 10\\\" Bsc Con Tr\u00edpode De 10 W\"},{\"@type\":\"BreadcrumbList\",\"@id\":\"https:\/\/salonforall.es\/lampara-de-anillo-rgb-glow-10-bsc-con-tripode-de-10-w\/#breadcrumb\",\"itemListElement\":[{\"@type\":\"ListItem\",\"position\":1,\"name\":\"Home\",\"item\":\"https:\/\/salonforall.es\/\"},{\"@type\":\"ListItem\",\"position\":2,\"name\":\"Winkel\",\"item\":\"https:\/\/salonforall.es\/winkel\/\"},{\"@type\":\"ListItem\",\"position\":3,\"name\":\"L\u00e1mpara De Anillo Rgb Glow 10&#8243; Bsc Con Tr\u00edpode De 10 W\"}]},{\"@type\":\"WebSite\",\"@id\":\"https:\/\/salonforall.es\/#website\",\"url\":\"https:\/\/salonforall.es\/\",\"name\":\"Salon For ALL Espa\u00f1a\",\"description\":\"Mayorista de mobiliario y suministros para consultorios y salones\",\"publisher\":{\"@id\":\"https:\/\/salonforall.es\/#organization\"},\"potentialAction\":[{\"@type\":\"SearchAction\",\"target\":{\"@type\":\"EntryPoint\",\"urlTemplate\":\"https:\/\/salonforall.es\/?s={search_term_string}\"},\"query-input\":{\"@type\":\"PropertyValueSpecification\",\"valueRequired\":true,\"valueName\":\"search_term_string\"}}],\"inLanguage\":\"en-GB\"},{\"@type\":\"Organization\",\"@id\":\"https:\/\/salonforall.es\/#organization\",\"name\":\"Salon For All B.V. Espa\u00f1a\",\"alternateName\":\"Salon For All B.V. Espa\u00f1a - Mayorista de equipamiento para consultas, salones y suministros\",\"url\":\"https:\/\/salonforall.es\/\",\"logo\":{\"@type\":\"ImageObject\",\"inLanguage\":\"en-GB\",\"@id\":\"https:\/\/salonforall.es\/#\/schema\/logo\/image\/\",\"url\":\"https:\/\/salonforall.es\/wp-content\/uploads\/2025\/11\/logo-salon-for-all-e1764543185849.png\",\"contentUrl\":\"https:\/\/salonforall.es\/wp-content\/uploads\/2025\/11\/logo-salon-for-all-e1764543185849.png\",\"width\":500,\"height\":150,\"caption\":\"Salon For All B.V. Espa\u00f1a\"},\"image\":{\"@id\":\"https:\/\/salonforall.es\/#\/schema\/logo\/image\/\"}}]}<\/script>\n<!-- \/ Yoast SEO plugin. -->","yoast_head_json":{"title":"L\u00e1mpara De Anillo Rgb Glow 10\" Bsc Con Tr\u00edpode De 10 W comprar","description":"Compra L\u00e1mpara De Anillo Rgb Glow 10\" Bsc Con Tr\u00edpode De 10 W online o en el showroom en Salon For ALL Espa\u00f1a. El mayorista para salones, consultas y spas en Espa\u00f1a y Portugal.","robots":{"index":"index","follow":"follow","max-snippet":"max-snippet:-1","max-image-preview":"max-image-preview:large","max-video-preview":"max-video-preview:-1"},"canonical":"https:\/\/salonforall.es\/en\/lampara-de-anillo-rgb-glow-10-bsc-con-tripode-de-10-w\/","og_locale":"en_GB","og_type":"article","og_title":"L\u00e1mpara De Anillo Rgb Glow 10\" Bsc Con Tr\u00edpode De 10 W","og_description":"Compra L\u00e1mpara De Anillo Rgb Glow 10\" Bsc Con Tr\u00edpode De 10 W online o en el showroom en Salon For ALL Espa\u00f1a. El mayorista para salones, consultas y spas en Espa\u00f1a y Portugal.","og_url":"https:\/\/salonforall.es\/en\/lampara-de-anillo-rgb-glow-10-bsc-con-tripode-de-10-w\/","og_site_name":"Salon For ALL Espa\u00f1a","article_modified_time":"2026-03-24T16:29:41+00:00","og_image":[{"width":1200,"height":1200,"url":"https:\/\/salonforall.es\/wp-content\/uploads\/2025\/12\/Lampara-De-Anillo-Rgb-Glow-10-Bsc-Con-Tripode-De-10-W.jpg","type":"image\/jpeg"}],"twitter_card":"summary_large_image","twitter_title":"L\u00e1mpara De Anillo Rgb Glow 10\" Bsc Con Tr\u00edpode De 10 W","twitter_misc":{"Estimated reading time":"9 minutes"},"schema":{"@context":"https:\/\/schema.org","@graph":[{"@type":"WebPage","@id":"https:\/\/salonforall.es\/lampara-de-anillo-rgb-glow-10-bsc-con-tripode-de-10-w\/","url":"https:\/\/salonforall.es\/lampara-de-anillo-rgb-glow-10-bsc-con-tripode-de-10-w\/","name":"L\u00e1mpara De Anillo Rgb Glow 10\" Bsc Con Tr\u00edpode De 10 W comprar","isPartOf":{"@id":"https:\/\/salonforall.es\/#website"},"primaryImageOfPage":{"@id":"https:\/\/salonforall.es\/lampara-de-anillo-rgb-glow-10-bsc-con-tripode-de-10-w\/#primaryimage"},"image":{"@id":"https:\/\/salonforall.es\/lampara-de-anillo-rgb-glow-10-bsc-con-tripode-de-10-w\/#primaryimage"},"thumbnailUrl":"https:\/\/salonforall.es\/wp-content\/uploads\/2025\/12\/Lampara-De-Anillo-Rgb-Glow-10-Bsc-Con-Tripode-De-10-W.jpg","datePublished":"2025-12-02T13:39:22+00:00","dateModified":"2026-03-24T16:29:41+00:00","description":"Compra L\u00e1mpara De Anillo Rgb Glow 10\" Bsc Con Tr\u00edpode De 10 W online o en el showroom en Salon For ALL Espa\u00f1a. El mayorista para salones, consultas y spas en Espa\u00f1a y Portugal.","breadcrumb":{"@id":"https:\/\/salonforall.es\/lampara-de-anillo-rgb-glow-10-bsc-con-tripode-de-10-w\/#breadcrumb"},"inLanguage":"en-GB","potentialAction":[{"@type":"ReadAction","target":["https:\/\/salonforall.es\/lampara-de-anillo-rgb-glow-10-bsc-con-tripode-de-10-w\/"]}]},{"@type":"ImageObject","inLanguage":"en-GB","@id":"https:\/\/salonforall.es\/lampara-de-anillo-rgb-glow-10-bsc-con-tripode-de-10-w\/#primaryimage","url":"https:\/\/salonforall.es\/wp-content\/uploads\/2025\/12\/Lampara-De-Anillo-Rgb-Glow-10-Bsc-Con-Tripode-De-10-W.jpg","contentUrl":"https:\/\/salonforall.es\/wp-content\/uploads\/2025\/12\/Lampara-De-Anillo-Rgb-Glow-10-Bsc-Con-Tripode-De-10-W.jpg","width":1200,"height":1200,"caption":"L\u00e1mpara De Anillo Rgb Glow 10\" Bsc Con Tr\u00edpode De 10 W"},{"@type":"BreadcrumbList","@id":"https:\/\/salonforall.es\/lampara-de-anillo-rgb-glow-10-bsc-con-tripode-de-10-w\/#breadcrumb","itemListElement":[{"@type":"ListItem","position":1,"name":"Home","item":"https:\/\/salonforall.es\/"},{"@type":"ListItem","position":2,"name":"Winkel","item":"https:\/\/salonforall.es\/winkel\/"},{"@type":"ListItem","position":3,"name":"L\u00e1mpara De Anillo Rgb Glow 10&#8243; Bsc Con Tr\u00edpode De 10 W"}]},{"@type":"WebSite","@id":"https:\/\/salonforall.es\/#website","url":"https:\/\/salonforall.es\/","name":"Salon For ALL Spain","description":"Wholesaler of salon and practice furniture and supplies","publisher":{"@id":"https:\/\/salonforall.es\/#organization"},"potentialAction":[{"@type":"SearchAction","target":{"@type":"EntryPoint","urlTemplate":"https:\/\/salonforall.es\/?s={search_term_string}"},"query-input":{"@type":"PropertyValueSpecification","valueRequired":true,"valueName":"search_term_string"}}],"inLanguage":"en-GB"},{"@type":"Organization","@id":"https:\/\/salonforall.es\/#organization","name":"Salon For All B.V. Spain","alternateName":"Salon For All B.V. Espa\u00f1a - Mayorista de equipamiento para consultas, salones y suministros","url":"https:\/\/salonforall.es\/","logo":{"@type":"ImageObject","inLanguage":"en-GB","@id":"https:\/\/salonforall.es\/#\/schema\/logo\/image\/","url":"https:\/\/salonforall.es\/wp-content\/uploads\/2025\/11\/logo-salon-for-all-e1764543185849.png","contentUrl":"https:\/\/salonforall.es\/wp-content\/uploads\/2025\/11\/logo-salon-for-all-e1764543185849.png","width":500,"height":150,"caption":"Salon For All B.V. Espa\u00f1a"},"image":{"@id":"https:\/\/salonforall.es\/#\/schema\/logo\/image\/"}}]}},"_links":{"self":[{"href":"https:\/\/salonforall.es\/en\/wp-json\/wp\/v2\/product\/16402","targetHints":{"allow":["GET"]}}],"collection":[{"href":"https:\/\/salonforall.es\/en\/wp-json\/wp\/v2\/product"}],"about":[{"href":"https:\/\/salonforall.es\/en\/wp-json\/wp\/v2\/types\/product"}],"replies":[{"embeddable":true,"href":"https:\/\/salonforall.es\/en\/wp-json\/wp\/v2\/comments?post=16402"}],"wp:featuredmedia":[{"embeddable":true,"href":"https:\/\/salonforall.es\/en\/wp-json\/wp\/v2\/media\/16403"}],"wp:attachment":[{"href":"https:\/\/salonforall.es\/en\/wp-json\/wp\/v2\/media?parent=16402"}],"wp:term":[{"taxonomy":"product_brand","embeddable":true,"href":"https:\/\/salonforall.es\/en\/wp-json\/wp\/v2\/product_brand?post=16402"},{"taxonomy":"product_cat","embeddable":true,"href":"https:\/\/salonforall.es\/en\/wp-json\/wp\/v2\/product_cat?post=16402"},{"taxonomy":"product_tag","embeddable":true,"href":"https:\/\/salonforall.es\/en\/wp-json\/wp\/v2\/product_tag?post=16402"}],"curies":[{"name":"wp","href":"https:\/\/api.w.org\/{rel}","templated":true}]}}