{"id":16328,"date":"2025-12-02T14:36:50","date_gmt":"2025-12-02T13:36:50","guid":{"rendered":"https:\/\/salonforall.es\/product\/aspiradora-de-peluqueria-automatica-de-1400-w\/"},"modified":"2026-03-24T17:29:37","modified_gmt":"2026-03-24T16:29:37","slug":"aspiradora-de-peluqueria-automatica-de-1400-w","status":"publish","type":"product","link":"https:\/\/salonforall.es\/en\/aspiradora-de-peluqueria-automatica-de-1400-w\/","title":{"rendered":"1400 W Automatic Hairdressing Vacuum Cleaner"},"content":{"rendered":"<h2>Informaci\u00f3n sobre Aspiradora De Peluquer\u00eda Autom\u00e1tica De 1400 W con n\u00famero de art\u00edculo 148199<\/h2>\n<p><img decoding=\"async\" src=\"https:\/\/activeshop.com.pl\/media\/wysiwyg\/product\/148199\/EN_148199_1.jpg\"><\/p>\n<p><strong>Gabbiano<\/strong> es una marca de lujo de equipos y muebles de peluquer\u00eda que se distingue por su fiabilidad, calidad y est\u00e9tica, as\u00ed como por su gran comodidad de uso. Su oferta incluye una amplia selecci\u00f3n de equipos funcionales para peluquer\u00eda, como sillones, lavadoras y calentadores de infrazonas.<\/p>\n<p><img decoding=\"async\" src=\"https:\/\/activeshop.com.pl\/media\/wysiwyg\/product\/148199\/EN_148199_2.jpg\"><\/p>\n<h2><strong>Pr\u00e1ctico aspirador de pelo<\/strong><\/h2>\n<p><strong>El aspirador de peluquer\u00eda de pie Automatic<\/strong> es un pr\u00e1ctico dispositivo que facilita eficazmente la limpieza en el sal\u00f3n de peluquer\u00eda. Gracias a \u00e9l, podr\u00e1 limpiar r\u00e1pidamente el pelo del suelo y mantener su lugar de trabajo ordenado, sin necesidad de usar un cepillo tradicional. Su funcionamiento es intuitivo: simplemente coloque la suciedad en la base de la aspiradora y los sensores infrarrojos integrados la detectar\u00e1n y comenzar\u00e1n a aspirar autom\u00e1ticamente. La aspiradora est\u00e1 equipada con un dep\u00f3sito de gran capacidad sin bolsa, que se puede vaciar y lavar f\u00e1cilmente con agua corriente.<\/p>\n<p><img decoding=\"async\" src=\"https:\/\/activeshop.com.pl\/media\/wysiwyg\/product\/148199\/EN_148199_3.jpg\"><\/p>\n<h2><strong>F\u00e1cil manejo gracias a la selecci\u00f3n de modo<\/strong><\/h2>\n<p>Girando el mando en la parte superior de la carcasa, puede cambiar libremente el modo de funcionamiento: manual (MAN) o autom\u00e1tico (AUTO).<\/strong> En el modo manual, simplemente barra los residuos hacia la entrada, luego presione el bot\u00f3n de aspiraci\u00f3n y deje que el dispositivo los aspire en el recipiente colector. Tras cambiar al modo autom\u00e1tico, los sensores detectar\u00e1n la suciedad e iniciar\u00e1n autom\u00e1ticamente el ciclo de aspiraci\u00f3n. Su sencillo manejo, gracias al inicio r\u00e1pido de la aspiraci\u00f3n y a un indicador luminoso del recipiente que indica la necesidad de vaciarlo, hace que mantener la peluquer\u00eda limpia sea excepcionalmente f\u00e1cil y c\u00f3modo.<\/p>\n<p><img decoding=\"async\" src=\"https:\/\/activeshop.com.pl\/media\/wysiwyg\/product\/148199\/EN_148199_4.jpg\"><\/p>\n<h2><strong>Dos filtros para una mejor higiene<\/strong><\/h2>\n<p>El dispositivo est\u00e1 equipado con dos filtros, lo que proporciona a los usuarios una mayor eficiencia y seguridad en el trabajo diario. El primero, un filtro circular para la contaminaci\u00f3n, est\u00e1 dise\u00f1ado para capturar contaminantes m\u00e1s grandes como cabello, polvo y otras part\u00edculas. Su funci\u00f3n es mantener la limpieza y un flujo de aire eficiente en el dispositivo, lo que garantiza la m\u00e1xima eficiencia en el trabajo. El microfiltro con cartucho HEPA HF4 es un filtro extremadamente eficaz que retiene incluso las part\u00edculas m\u00e1s finas, incluyendo al\u00e9rgenos, bacterias y otros contaminantes del aire. Permite que la aspiradora elimine incluso las part\u00edculas m\u00e1s peque\u00f1as del aire, garantizando la frescura y limpieza del entorno de trabajo. Es importante revisar y reemplazar los filtros regularmente para mantenerlos limpios y eficientes. Esto <strong>ayudar\u00e1 a prolongar la vida \u00fatil del dispositivo<\/strong> y a mantener un alto nivel de higiene en el lugar de trabajo.<\/p>\n<p><img decoding=\"async\" src=\"https:\/\/activeshop.com.pl\/media\/wysiwyg\/product\/148199\/EN_148199_5.jpg\"><\/p>\n<h2><strong>Futuristic design<\/strong><\/h2>\n<p>La sencilla carcasa de la aspiradora en tonos negros cl\u00e1sicos <strong>a\u00f1ade un toque moderno a cualquier interior<\/strong>. El dep\u00f3sito de suciedad f\u00e1cil de limpiar garantiza un mantenimiento sin complicaciones, aumentando la durabilidad del dispositivo. <strong>Sus dimensiones adecuadas y su dise\u00f1o est\u00e9tico<\/strong> hacen que la aspiradora se integre perfectamente en el interior de cualquier peluquer\u00eda, aportando un car\u00e1cter moderno y un estilo \u00fanico.<\/p>\n<p><img decoding=\"async\" src=\"https:\/\/activeshop.com.pl\/media\/wysiwyg\/product\/148199\/EN_148199_6.jpg\"><\/p>\n<p>Las dimensiones del dispositivo se muestran en la foto.<br \/>Read the instructions carefully before use.<\/p>\n<p><strong>Data:<\/strong><br \/>Dos modos de funcionamiento: autom\u00e1tico y manual<br \/>Potencia: 1400 W<br \/>Rated voltage: 220-240 V<br \/>Capacidad del dep\u00f3sito: 2,7 l<br \/>Sonido: \u2264 83 dB<br \/>Longitud del cable de alimentaci\u00f3n: 2 m<br \/>Peso neto: aprox. 5 kg<br \/>Warranty: 12 months<\/p>\n<p>Los productos Activeshop son proporcionalmente m\u00e1s econ\u00f3micos que muchas otras marcas\/proveedores. El precio est\u00e1 en relaci\u00f3n con la calidad. Aspiradora De Peluquer\u00eda Autom\u00e1tica De 1400 W es por lo tanto una soluci\u00f3n accesible para su sal\u00f3n.<\/p>\n<h2>\u00bfC\u00f3mo se entrega Aspiradora De Peluquer\u00eda Autom\u00e1tica De 1400 W?<\/h2>\n<p>Aspiradora De Peluquer\u00eda Autom\u00e1tica De 1400 W se entrega en embalaje(s) original(es). Dentro de Espa\u00f1a el env\u00edo de Aspiradora De Peluquer\u00eda Autom\u00e1tica De 1400 W es completamente gratuito para pedidos a partir de 100,- euros. Para env\u00edos a otros pa\u00edses se aplican tarifas de env\u00edo separadas. Puede consultar estas tarifas con nosotros o verlas en el carrito de compra. Aspiradora De Peluquer\u00eda Autom\u00e1tica De 1400 W se env\u00eda a trav\u00e9s de un servicio de mensajer\u00eda externo.<\/p>\n<p>Packages or pallets are delivered as standard up to the front door threshold, even if you are located in a collective building, apartment building or apartment complex with a lift (provided the item fits in the lift). No lift available or item does not fit in the lift? Then we deliver up to the threshold of the ground floor.<\/p>\n<p>Do you still have questions about delivery or a special situation? Contact us and we will be happy to help you!<\/p>\n<p>*Items are not unpacked or assembled as standard. In special situations you can contact us to make arrangements.<\/p>\n<h2>Secure online shopping at Salon For All with the Webwinkelkeur seal of quality and SSL encryption.<\/h2>\n<p>Es importante para nosotros que nuestros clientes puedan comprar de forma segura en nuestra tienda online. Estamos afiliados al sello de calidad nacional Webwinkelkeur desde 2019. Nuestra identidad ha sido verificada y comprobada por ellos, y la tienda online ha sido revisada y aprobada legalmente. Adem\u00e1s, nuestra tienda online est\u00e1 afiliada a ellos para la mediaci\u00f3n de conflictos. Puede ver la insignia con toda la informaci\u00f3n de este sello de calidad de tienda online en el lado izquierdo o derecho de la tienda online (bot\u00f3n rosa con blanco). Adem\u00e1s, nuestro sitio est\u00e1 protegido con un certificado SSL para que pueda navegar de forma segura con nosotros. En la barra de su navegador de Internet, donde aparece nuestro sitio web, ver\u00e1 un icono de candado. Si hace clic en el candado, obtendr\u00e1 toda la informaci\u00f3n sobre nuestra seguridad. De esta manera sabe que su pedido de Aspiradora De Peluquer\u00eda Autom\u00e1tica De 1400 W y sus datos personales se procesan de forma segura.<\/p>\n<h2>\u00bfC\u00f3mo puedo pagar Aspiradora De Peluquer\u00eda Autom\u00e1tica De 1400 W?<\/h2>\n<p>We want to make it as easy as possible for you. That's why at Salon For All you can pay with all popular payment methods. Pay in advance, on delivery or afterwards - everything is possible. See here for all the payment methods we offer:<\/p>\n<ul>\n<li>iDEAL<\/li>\n<li>Credit card (Visa, Mastercard, American Express)<\/li>\n<li>Klarna - Payment on delivery with invoice<\/li>\n<li>PayPal<\/li>\n<li>Apple Pay<\/li>\n<li>Google Pay<\/li>\n<li>Bizum (for Spanish customers)<\/li>\n<li>SEPA bank transfer<\/li>\n<li>Bancontact<\/li>\n<li>Commercial invoice for companies<\/li>\n<li>Payment in the showroom - Both card and cash (Only available on collection)<\/li>\n<\/ul>\n<h2>See also reviews of Salon For All<\/h2>\n<p>Consulte tambi\u00e9n nuestras rese\u00f1as para tener en cuenta las experiencias de nuestros clientes actuales en su decisi\u00f3n de pedir Aspiradora De Peluquer\u00eda Autom\u00e1tica De 1400 W con nosotros. A trav\u00e9s de nuestro sello de calidad independiente de tienda online Webwinkelkeur, se recopilan autom\u00e1ticamente rese\u00f1as verificadas de clientes que han completado un pedido con nosotros. Puede encontrarlas detr\u00e1s del bot\u00f3n rosa en nuestra tienda online o aparecen listadas debajo de los productos.<\/p>\n<p>\u00a1Comparta tambi\u00e9n su experiencia despu\u00e9s de su compra con su Aspiradora De Peluquer\u00eda Autom\u00e1tica De 1400 W pedido y su experiencia con el proceso de compra o el contacto con Salon For All para inspirar a otros!<\/p>\n<h2>Contact Salon For All<\/h2>\n<p>Cont\u00e1ctenos entonces. Estaremos encantados de ayudarle con la adquisici\u00f3n de Aspiradora De Peluquer\u00eda Autom\u00e1tica De 1400 W. En d\u00edas laborables estamos mejor disponibles entre las 8.30 y las 17.00 horas a trav\u00e9s del n\u00famero de tel\u00e9fono y direcci\u00f3n de correo electr\u00f3nico en la parte superior de la tienda online o a trav\u00e9s de la funci\u00f3n de chat. Las consultas fuera del horario de oficina suelen responderse en un plazo de 24 horas. Tambi\u00e9n es posible visitarnos fuera de los d\u00edas laborables u horario de oficina. Pero para ello es necesario concertar una cita previa.<\/p>\n<h2>Would you like to visit our showroom?<\/h2>\n<p>\u00bfPrefiere ver Aspiradora De Peluquer\u00eda Autom\u00e1tica De 1400 W o recorrer nuestra oferta de la tienda (online) junto con nuestro colega? Entonces visite nuestro showroom con m\u00e1s de 1000m\u00b2 de equipamiento para salones y d\u00e9jese inspirar por nuestros empleados. Tambi\u00e9n si le gusta conocernos de manera agradable disfrutando de una buena taza de caf\u00e9 o t\u00e9, es muy bienvenido. No tenemos todos los productos en stock, as\u00ed que h\u00e1ganos saber de antemano que desea venir. Concierte siempre una cita previa.<\/p>\n<h2>14 days of reflection and our return policy<\/h2>\n<p>Por supuesto puede ocurrir que Aspiradora De Peluquer\u00eda Autom\u00e1tica De 1400 W entregado no sea completamente de su agrado y desee devolverlo. Eso no es ning\u00fan problema en Salon For All. Debe notificar su devoluci\u00f3n dentro de 14 d\u00edas laborables a trav\u00e9s de info@salonforall.es. Entonces recibir\u00e1 primero todas las instrucciones y condiciones de devoluci\u00f3n. Tenga en cuenta que Aspiradora De Peluquer\u00eda Autom\u00e1tica De 1400 W no debe haber sido usado, debe contener todas las partes suministradas y debe devolverse empaquetado en el embalaje original. Los costos de env\u00edo de una devoluci\u00f3n son siempre a cargo del comprador en compras a trav\u00e9s de www.salonforall.es. Debe organizar usted mismo un transporte con una empresa de transporte de su elecci\u00f3n para una devoluci\u00f3n. Una vez que Aspiradora De Peluquer\u00eda Autom\u00e1tica De 1400 W haya sido devuelto, se verificar\u00e1 su integridad y posibles da\u00f1os. Una vez que la devoluci\u00f3n haya sido aprobada, el importe de la compra se reembolsar\u00e1 dentro de 5 d\u00edas laborables a la cuenta bancaria que tenemos registrada.<\/p>\n<h2>Who is Salon For All?<\/h2>\n<p>Salon For All is THE wholesaler for all salon equipment in Europe. Salon For All started in 2003 under the name Salonvoordeel and grew out of practice. The owners of Salon For All were experienced hairdressers and beauty specialists and have together more than 30 years of practical experience. In 2003 we launched Salonvoordeel.nl (Netherlands) and subsequently Salon For All was founded for the European market. Some of our employees started their own business and so the idea to launch a functional online shop for hairdressers and to help them with the equipment of their salon was born.<\/p>\n<p>Nuestro showroom se encuentra en Dinxperlo, directamente en la frontera entre los Pa\u00edses Bajos y Alemania. Con nuestra amplia experiencia en el sector podemos servirle de espejo y proporcionarle el asesoramiento adecuado. \u00a1Hablamos el mismo idioma! Le asesoramos, inspiramos, motivamos y ayudamos en la adquisici\u00f3n de Aspiradora De Peluquer\u00eda Autom\u00e1tica De 1400 W. Nuestros proveedores se encuentran en toda Europa, desde Alemania, Inglaterra, Italia hasta Polonia.<\/p>","protected":false},"excerpt":{"rendered":"<p>The 1400 W Automatic Hairdressing Vacuum Cleaner is a high quality solution for any salon. The estimated delivery time is approximately 6 working days.<\/p>","protected":false},"featured_media":16329,"comment_status":"open","ping_status":"open","template":"","meta":[],"product_brand":[95],"product_cat":[96,114,115],"product_tag":[100,116],"class_list":{"0":"post-16328","1":"product","2":"type-product","3":"status-publish","4":"has-post-thumbnail","6":"product_brand-gabbiano","7":"product_cat-equipamiento-de-peluqueria","8":"product_cat-equipamiento-de-peluqueria-equipamiento-de-peluqueria","9":"product_cat-saunas-e-infrasonadores-gabbiano","10":"product_tag-equipamiento-de-peluqueria","11":"product_tag-saunas-e-infrasonadores-gabbiano","12":"pa_codigo-ean-7759","13":"pa_garantia-12-meses","14":"pa_marca-gabbiano","15":"pa_numero-de-articulo-6156","16":"pa_tiempo-estimado-de-entrega-4-5-dias-laborables","18":"first","19":"instock","20":"sale","21":"taxable","22":"shipping-taxable","23":"purchasable","24":"product-type-simple"},"yoast_head":"<!-- This site is optimized with the Yoast SEO plugin v27.6 - https:\/\/yoast.com\/product\/yoast-seo-wordpress\/ -->\n<title>Aspiradora De Peluquer\u00eda Autom\u00e1tica De 1400 W comprar<\/title>\n<meta name=\"description\" content=\"Compra Aspiradora De Peluquer\u00eda Autom\u00e1tica De 1400 W online o en el showroom en Salon For ALL Espa\u00f1a. El mayorista para salones, consultas y spas en Espa\u00f1a y Portugal.\" \/>\n<meta name=\"robots\" content=\"index, follow, max-snippet:-1, max-image-preview:large, max-video-preview:-1\" \/>\n<link rel=\"canonical\" href=\"https:\/\/salonforall.es\/en\/aspiradora-de-peluqueria-automatica-de-1400-w\/\" \/>\n<meta property=\"og:locale\" content=\"en_GB\" \/>\n<meta property=\"og:type\" content=\"article\" \/>\n<meta property=\"og:title\" content=\"Aspiradora De Peluquer\u00eda Autom\u00e1tica De 1400 W\" \/>\n<meta property=\"og:description\" content=\"Compra Aspiradora De Peluquer\u00eda Autom\u00e1tica De 1400 W online o en el showroom en Salon For ALL Espa\u00f1a. El mayorista para salones, consultas y spas en Espa\u00f1a y Portugal.\" \/>\n<meta property=\"og:url\" content=\"https:\/\/salonforall.es\/en\/aspiradora-de-peluqueria-automatica-de-1400-w\/\" \/>\n<meta property=\"og:site_name\" content=\"Salon For ALL Espa\u00f1a\" \/>\n<meta property=\"article:modified_time\" content=\"2026-03-24T16:29:37+00:00\" \/>\n<meta property=\"og:image\" content=\"https:\/\/salonforall.es\/wp-content\/uploads\/2025\/12\/Aspiradora-De-Peluqueria-Automatica-De-1400-W.jpg\" \/>\n\t<meta property=\"og:image:width\" content=\"1200\" \/>\n\t<meta property=\"og:image:height\" content=\"1200\" \/>\n\t<meta property=\"og:image:type\" content=\"image\/jpeg\" \/>\n<meta name=\"twitter:card\" content=\"summary_large_image\" \/>\n<meta name=\"twitter:title\" content=\"Aspiradora De Peluquer\u00eda Autom\u00e1tica De 1400 W\" \/>\n<meta name=\"twitter:label1\" content=\"Estimated reading time\" \/>\n\t<meta name=\"twitter:data1\" content=\"9 minutes\" \/>\n<script type=\"application\/ld+json\" class=\"yoast-schema-graph\">{\"@context\":\"https:\\\/\\\/schema.org\",\"@graph\":[{\"@type\":\"WebPage\",\"@id\":\"https:\\\/\\\/salonforall.es\\\/aspiradora-de-peluqueria-automatica-de-1400-w\\\/\",\"url\":\"https:\\\/\\\/salonforall.es\\\/aspiradora-de-peluqueria-automatica-de-1400-w\\\/\",\"name\":\"Aspiradora De Peluquer\u00eda Autom\u00e1tica De 1400 W comprar\",\"isPartOf\":{\"@id\":\"https:\\\/\\\/salonforall.es\\\/#website\"},\"primaryImageOfPage\":{\"@id\":\"https:\\\/\\\/salonforall.es\\\/aspiradora-de-peluqueria-automatica-de-1400-w\\\/#primaryimage\"},\"image\":{\"@id\":\"https:\\\/\\\/salonforall.es\\\/aspiradora-de-peluqueria-automatica-de-1400-w\\\/#primaryimage\"},\"thumbnailUrl\":\"https:\\\/\\\/salonforall.es\\\/wp-content\\\/uploads\\\/2025\\\/12\\\/Aspiradora-De-Peluqueria-Automatica-De-1400-W.jpg\",\"datePublished\":\"2025-12-02T13:36:50+00:00\",\"dateModified\":\"2026-03-24T16:29:37+00:00\",\"description\":\"Compra Aspiradora De Peluquer\u00eda Autom\u00e1tica De 1400 W online o en el showroom en Salon For ALL Espa\u00f1a. El mayorista para salones, consultas y spas en Espa\u00f1a y Portugal.\",\"breadcrumb\":{\"@id\":\"https:\\\/\\\/salonforall.es\\\/aspiradora-de-peluqueria-automatica-de-1400-w\\\/#breadcrumb\"},\"inLanguage\":\"en-GB\",\"potentialAction\":[{\"@type\":\"ReadAction\",\"target\":[\"https:\\\/\\\/salonforall.es\\\/aspiradora-de-peluqueria-automatica-de-1400-w\\\/\"]}]},{\"@type\":\"ImageObject\",\"inLanguage\":\"en-GB\",\"@id\":\"https:\\\/\\\/salonforall.es\\\/aspiradora-de-peluqueria-automatica-de-1400-w\\\/#primaryimage\",\"url\":\"https:\\\/\\\/salonforall.es\\\/wp-content\\\/uploads\\\/2025\\\/12\\\/Aspiradora-De-Peluqueria-Automatica-De-1400-W.jpg\",\"contentUrl\":\"https:\\\/\\\/salonforall.es\\\/wp-content\\\/uploads\\\/2025\\\/12\\\/Aspiradora-De-Peluqueria-Automatica-De-1400-W.jpg\",\"width\":1200,\"height\":1200,\"caption\":\"Aspiradora De Peluquer\u00eda Autom\u00e1tica De 1400 W\"},{\"@type\":\"BreadcrumbList\",\"@id\":\"https:\\\/\\\/salonforall.es\\\/aspiradora-de-peluqueria-automatica-de-1400-w\\\/#breadcrumb\",\"itemListElement\":[{\"@type\":\"ListItem\",\"position\":1,\"name\":\"Home\",\"item\":\"https:\\\/\\\/salonforall.es\\\/\"},{\"@type\":\"ListItem\",\"position\":2,\"name\":\"Winkel\",\"item\":\"https:\\\/\\\/salonforall.es\\\/winkel\\\/\"},{\"@type\":\"ListItem\",\"position\":3,\"name\":\"Aspiradora De Peluquer\u00eda Autom\u00e1tica De 1400 W\"}]},{\"@type\":\"WebSite\",\"@id\":\"https:\\\/\\\/salonforall.es\\\/#website\",\"url\":\"https:\\\/\\\/salonforall.es\\\/\",\"name\":\"Salon For ALL Espa\u00f1a\",\"description\":\"Mayorista de mobiliario y suministros para consultorios y salones\",\"publisher\":{\"@id\":\"https:\\\/\\\/salonforall.es\\\/#organization\"},\"potentialAction\":[{\"@type\":\"SearchAction\",\"target\":{\"@type\":\"EntryPoint\",\"urlTemplate\":\"https:\\\/\\\/salonforall.es\\\/?s={search_term_string}\"},\"query-input\":{\"@type\":\"PropertyValueSpecification\",\"valueRequired\":true,\"valueName\":\"search_term_string\"}}],\"inLanguage\":\"en-GB\"},{\"@type\":\"Organization\",\"@id\":\"https:\\\/\\\/salonforall.es\\\/#organization\",\"name\":\"Salon For All B.V. Espa\u00f1a\",\"alternateName\":\"Salon For All B.V. Espa\u00f1a - Mayorista de equipamiento para consultas, salones y suministros\",\"url\":\"https:\\\/\\\/salonforall.es\\\/\",\"logo\":{\"@type\":\"ImageObject\",\"inLanguage\":\"en-GB\",\"@id\":\"https:\\\/\\\/salonforall.es\\\/#\\\/schema\\\/logo\\\/image\\\/\",\"url\":\"https:\\\/\\\/salonforall.es\\\/wp-content\\\/uploads\\\/2025\\\/11\\\/logo-salon-for-all-e1764543185849.png\",\"contentUrl\":\"https:\\\/\\\/salonforall.es\\\/wp-content\\\/uploads\\\/2025\\\/11\\\/logo-salon-for-all-e1764543185849.png\",\"width\":500,\"height\":150,\"caption\":\"Salon For All B.V. Espa\u00f1a\"},\"image\":{\"@id\":\"https:\\\/\\\/salonforall.es\\\/#\\\/schema\\\/logo\\\/image\\\/\"}}]}<\/script>\n<!-- \/ Yoast SEO plugin. -->","yoast_head_json":{"title":"Aspiradora De Peluquer\u00eda Autom\u00e1tica De 1400 W comprar","description":"Compra Aspiradora De Peluquer\u00eda Autom\u00e1tica De 1400 W online o en el showroom en Salon For ALL Espa\u00f1a. El mayorista para salones, consultas y spas en Espa\u00f1a y Portugal.","robots":{"index":"index","follow":"follow","max-snippet":"max-snippet:-1","max-image-preview":"max-image-preview:large","max-video-preview":"max-video-preview:-1"},"canonical":"https:\/\/salonforall.es\/en\/aspiradora-de-peluqueria-automatica-de-1400-w\/","og_locale":"en_GB","og_type":"article","og_title":"Aspiradora De Peluquer\u00eda Autom\u00e1tica De 1400 W","og_description":"Compra Aspiradora De Peluquer\u00eda Autom\u00e1tica De 1400 W online o en el showroom en Salon For ALL Espa\u00f1a. El mayorista para salones, consultas y spas en Espa\u00f1a y Portugal.","og_url":"https:\/\/salonforall.es\/en\/aspiradora-de-peluqueria-automatica-de-1400-w\/","og_site_name":"Salon For ALL Espa\u00f1a","article_modified_time":"2026-03-24T16:29:37+00:00","og_image":[{"width":1200,"height":1200,"url":"https:\/\/salonforall.es\/wp-content\/uploads\/2025\/12\/Aspiradora-De-Peluqueria-Automatica-De-1400-W.jpg","type":"image\/jpeg"}],"twitter_card":"summary_large_image","twitter_title":"Aspiradora De Peluquer\u00eda Autom\u00e1tica De 1400 W","twitter_misc":{"Estimated reading time":"9 minutes"},"schema":{"@context":"https:\/\/schema.org","@graph":[{"@type":"WebPage","@id":"https:\/\/salonforall.es\/aspiradora-de-peluqueria-automatica-de-1400-w\/","url":"https:\/\/salonforall.es\/aspiradora-de-peluqueria-automatica-de-1400-w\/","name":"Aspiradora De Peluquer\u00eda Autom\u00e1tica De 1400 W comprar","isPartOf":{"@id":"https:\/\/salonforall.es\/#website"},"primaryImageOfPage":{"@id":"https:\/\/salonforall.es\/aspiradora-de-peluqueria-automatica-de-1400-w\/#primaryimage"},"image":{"@id":"https:\/\/salonforall.es\/aspiradora-de-peluqueria-automatica-de-1400-w\/#primaryimage"},"thumbnailUrl":"https:\/\/salonforall.es\/wp-content\/uploads\/2025\/12\/Aspiradora-De-Peluqueria-Automatica-De-1400-W.jpg","datePublished":"2025-12-02T13:36:50+00:00","dateModified":"2026-03-24T16:29:37+00:00","description":"Compra Aspiradora De Peluquer\u00eda Autom\u00e1tica De 1400 W online o en el showroom en Salon For ALL Espa\u00f1a. El mayorista para salones, consultas y spas en Espa\u00f1a y Portugal.","breadcrumb":{"@id":"https:\/\/salonforall.es\/aspiradora-de-peluqueria-automatica-de-1400-w\/#breadcrumb"},"inLanguage":"en-GB","potentialAction":[{"@type":"ReadAction","target":["https:\/\/salonforall.es\/aspiradora-de-peluqueria-automatica-de-1400-w\/"]}]},{"@type":"ImageObject","inLanguage":"en-GB","@id":"https:\/\/salonforall.es\/aspiradora-de-peluqueria-automatica-de-1400-w\/#primaryimage","url":"https:\/\/salonforall.es\/wp-content\/uploads\/2025\/12\/Aspiradora-De-Peluqueria-Automatica-De-1400-W.jpg","contentUrl":"https:\/\/salonforall.es\/wp-content\/uploads\/2025\/12\/Aspiradora-De-Peluqueria-Automatica-De-1400-W.jpg","width":1200,"height":1200,"caption":"Aspiradora De Peluquer\u00eda Autom\u00e1tica De 1400 W"},{"@type":"BreadcrumbList","@id":"https:\/\/salonforall.es\/aspiradora-de-peluqueria-automatica-de-1400-w\/#breadcrumb","itemListElement":[{"@type":"ListItem","position":1,"name":"Home","item":"https:\/\/salonforall.es\/"},{"@type":"ListItem","position":2,"name":"Winkel","item":"https:\/\/salonforall.es\/winkel\/"},{"@type":"ListItem","position":3,"name":"Aspiradora De Peluquer\u00eda Autom\u00e1tica De 1400 W"}]},{"@type":"WebSite","@id":"https:\/\/salonforall.es\/#website","url":"https:\/\/salonforall.es\/","name":"Salon For ALL Spain","description":"Wholesaler of salon and practice furniture and supplies","publisher":{"@id":"https:\/\/salonforall.es\/#organization"},"potentialAction":[{"@type":"SearchAction","target":{"@type":"EntryPoint","urlTemplate":"https:\/\/salonforall.es\/?s={search_term_string}"},"query-input":{"@type":"PropertyValueSpecification","valueRequired":true,"valueName":"search_term_string"}}],"inLanguage":"en-GB"},{"@type":"Organization","@id":"https:\/\/salonforall.es\/#organization","name":"Salon For All B.V. Spain","alternateName":"Salon For All B.V. Espa\u00f1a - Mayorista de equipamiento para consultas, salones y suministros","url":"https:\/\/salonforall.es\/","logo":{"@type":"ImageObject","inLanguage":"en-GB","@id":"https:\/\/salonforall.es\/#\/schema\/logo\/image\/","url":"https:\/\/salonforall.es\/wp-content\/uploads\/2025\/11\/logo-salon-for-all-e1764543185849.png","contentUrl":"https:\/\/salonforall.es\/wp-content\/uploads\/2025\/11\/logo-salon-for-all-e1764543185849.png","width":500,"height":150,"caption":"Salon For All B.V. Espa\u00f1a"},"image":{"@id":"https:\/\/salonforall.es\/#\/schema\/logo\/image\/"}}]}},"_links":{"self":[{"href":"https:\/\/salonforall.es\/en\/wp-json\/wp\/v2\/product\/16328","targetHints":{"allow":["GET"]}}],"collection":[{"href":"https:\/\/salonforall.es\/en\/wp-json\/wp\/v2\/product"}],"about":[{"href":"https:\/\/salonforall.es\/en\/wp-json\/wp\/v2\/types\/product"}],"replies":[{"embeddable":true,"href":"https:\/\/salonforall.es\/en\/wp-json\/wp\/v2\/comments?post=16328"}],"wp:featuredmedia":[{"embeddable":true,"href":"https:\/\/salonforall.es\/en\/wp-json\/wp\/v2\/media\/16329"}],"wp:attachment":[{"href":"https:\/\/salonforall.es\/en\/wp-json\/wp\/v2\/media?parent=16328"}],"wp:term":[{"taxonomy":"product_brand","embeddable":true,"href":"https:\/\/salonforall.es\/en\/wp-json\/wp\/v2\/product_brand?post=16328"},{"taxonomy":"product_cat","embeddable":true,"href":"https:\/\/salonforall.es\/en\/wp-json\/wp\/v2\/product_cat?post=16328"},{"taxonomy":"product_tag","embeddable":true,"href":"https:\/\/salonforall.es\/en\/wp-json\/wp\/v2\/product_tag?post=16328"}],"curies":[{"name":"wp","href":"https:\/\/api.w.org\/{rel}","templated":true}]}}