{"id":16122,"date":"2025-12-02T14:34:58","date_gmt":"2025-12-02T13:34:58","guid":{"rendered":"https:\/\/salonforall.es\/product\/alicates-para-cuticulas-de-exportacion-nghia-cl-206-12-5-mm\/"},"modified":"2026-03-24T17:29:24","modified_gmt":"2026-03-24T16:29:24","slug":"alicates-para-cuticulas-de-exportacion-nghia-cl-206-12-5-mm","status":"publish","type":"product","link":"https:\/\/salonforall.es\/en\/alicates-para-cuticulas-de-exportacion-nghia-cl-206-12-5-mm\/","title":{"rendered":"Nghia Export Cuticle Nippers Cl.206 12 (5 Mm)"},"content":{"rendered":"<h2>Informaci\u00f3n sobre Alicates Para Cut\u00edculas De Exportaci\u00f3n Nghia Cl.206 12 (5 Mm) con n\u00famero de art\u00edculo 148427<\/h2>\n<p><img decoding=\"async\" src=\"https:\/\/activeshop.com.pl\/media\/wysiwyg\/product\/148427\/EN_148427_1.jpg\"><\/p>\n<p><strong>NGHIA<\/strong> offers stainless steel products, including professional manicure tools, which significantly improve the quality of life of customers in the beauty industry. The brand's goal is to effectively meet the needs of consumers by offering products of the highest quality.<\/p>\n<h2><strong>Herramienta precisa para cut\u00edculas perfectas<\/strong><\/h2>\n<p>Los alicates para cut\u00edculas profesionales <strong>NGHIA Export CL.206<\/strong> est\u00e1n fabricados en acero inoxidable de alta calidad, lo que los hace muy resistentes a los da\u00f1os y al desgaste. Son perfectos especialmente para manicuras y pedicuras, y para cortar cut\u00edculas. Las tenazas son aptas para esterilizaci\u00f3n en autoclave y no requieren afilarse despu\u00e9s de la compra.<\/p>\n<p><img decoding=\"async\" src=\"https:\/\/activeshop.com.pl\/media\/wysiwyg\/product\/148427\/EN_148427_2.jpg\"><\/p>\n<h2><strong>Solutions for greater working comfort<\/strong><\/h2>\n<p>The practical <strong>doble resorte<\/strong> que conecta los brazos garantiza una excelente sensaci\u00f3n, estabilidad y precisi\u00f3n de corte. Su cuidadosa fabricaci\u00f3n permite un funcionamiento c\u00f3modo, silencioso y suave. La forma y el tama\u00f1o de los brazos hacen que las tenazas se adapten perfectamente a la mano, garantizando as\u00ed una gran comodidad de uso. El acabado mate les confiere un aspecto elegante, y la superficie pasivada aumenta su resistencia y facilita su limpieza. Esto las convierte en una herramienta ideal tanto para profesionales como para quienes disfrutan del cuidado de sus u\u00f1as en casa.<\/p>\n<h2><strong>Hojas con un perfil perfecto<\/strong><\/h2>\n<p><strong>Hojas precisas de 5 mm de longitud<\/strong>, perfectas para tratamientos de manicura complejos. El perfil caracter\u00edstico de la hoja y el tama\u00f1o adecuado facilitan la realizaci\u00f3n de los tratamientos. Las mordazas de las pinzas se conectan mediante el m\u00e9todo Lap Joint, que permite un ajuste perfecto durante el uso, garantizando un corte preciso. Las tenazas tienen una cubierta de cuchilla a juego hecha de pl\u00e1stico duradero.<\/p>\n<p><img decoding=\"async\" src=\"https:\/\/activeshop.com.pl\/media\/wysiwyg\/product\/148427\/EN_148427_3.jpg\"><\/p>\n<h2><strong>M\u00e9todo de mantenimiento:<\/strong><\/h2>\n<p>\u2022 Despu\u00e9s de usar, elimine la suciedad, el polvo y los restos de u\u00f1as con acetona;<br \/>\u2022 Sumerja la herramienta en l\u00edquido desinfectante;<br \/>\u2022 Lubrique el interior de la cuchilla con aceite de m\u00e1quina;<br \/>\u2022 Coloque una cubierta para proteger la herramienta de astillado;<br \/>\u2022 Nunca coloque las tenazas con la cuchilla apuntando hacia abajo;<br \/>\u2022 Almacene siempre en posici\u00f3n horizontal.<br \/><strong>Attention.<\/strong> Almacenar en un lugar seco y seguro. Mantener fuera del alcance de los ni\u00f1os.<\/p>\n<div class=\"video-container\"> <iframe height=\"315\" src=\"https:\/\/www.youtube.com\/embed\/pQXDZfePGtM\" frameborder=\"0\" width=\"560\" allowfullscreen allow=\"accelerometer; autoplay; encrypted-media; gyroscope; picture-in-picture\"> <\/iframe> <\/div>\n<p><strong>Data:<\/strong><br \/>Longitud de la cuchilla: 5 mm<br \/>Longitud total de las abrazaderas: 10,5 cm<br \/>Material: stainless steel<\/p>\n<p>Los productos Activeshop son proporcionalmente m\u00e1s econ\u00f3micos que muchas otras marcas\/proveedores. El precio est\u00e1 en relaci\u00f3n con la calidad. Alicates Para Cut\u00edculas De Exportaci\u00f3n Nghia Cl.206 12 (5 Mm) es por lo tanto una soluci\u00f3n accesible para su sal\u00f3n.<\/p>\n<h2>\u00bfC\u00f3mo se entrega Alicates Para Cut\u00edculas De Exportaci\u00f3n Nghia Cl.206 12 (5 Mm)?<\/h2>\n<p>Alicates Para Cut\u00edculas De Exportaci\u00f3n Nghia Cl.206 12 (5 Mm) se entrega en embalaje(s) original(es). Dentro de Espa\u00f1a el env\u00edo de Alicates Para Cut\u00edculas De Exportaci\u00f3n Nghia Cl.206 12 (5 Mm) es completamente gratuito para pedidos a partir de 100,- euros. Para env\u00edos a otros pa\u00edses se aplican tarifas de env\u00edo separadas. Puede consultar estas tarifas con nosotros o verlas en el carrito de compra. Alicates Para Cut\u00edculas De Exportaci\u00f3n Nghia Cl.206 12 (5 Mm) se env\u00eda a trav\u00e9s de un servicio de mensajer\u00eda externo.<\/p>\n<p>Packages or pallets are delivered as standard up to the front door threshold, even if you are located in a collective building, apartment building or apartment complex with a lift (provided the item fits in the lift). No lift available or item does not fit in the lift? Then we deliver up to the threshold of the ground floor.<\/p>\n<p>Do you still have questions about delivery or a special situation? Contact us and we will be happy to help you!<\/p>\n<p>*Items are not unpacked or assembled as standard. In special situations you can contact us to make arrangements.<\/p>\n<h2>Secure online shopping at Salon For All with the Webwinkelkeur seal of quality and SSL encryption.<\/h2>\n<p>Es importante para nosotros que nuestros clientes puedan comprar de forma segura en nuestra tienda online. Estamos afiliados al sello de calidad nacional Webwinkelkeur desde 2019. Nuestra identidad ha sido verificada y comprobada por ellos, y la tienda online ha sido revisada y aprobada legalmente. Adem\u00e1s, nuestra tienda online est\u00e1 afiliada a ellos para la mediaci\u00f3n de conflictos. Puede ver la insignia con toda la informaci\u00f3n de este sello de calidad de tienda online en el lado izquierdo o derecho de la tienda online (bot\u00f3n rosa con blanco). Adem\u00e1s, nuestro sitio est\u00e1 protegido con un certificado SSL para que pueda navegar de forma segura con nosotros. En la barra de su navegador de Internet, donde aparece nuestro sitio web, ver\u00e1 un icono de candado. Si hace clic en el candado, obtendr\u00e1 toda la informaci\u00f3n sobre nuestra seguridad. De esta manera sabe que su pedido de Alicates Para Cut\u00edculas De Exportaci\u00f3n Nghia Cl.206 12 (5 Mm) y sus datos personales se procesan de forma segura.<\/p>\n<h2>\u00bfC\u00f3mo puedo pagar Alicates Para Cut\u00edculas De Exportaci\u00f3n Nghia Cl.206 12 (5 Mm)?<\/h2>\n<p>We want to make it as easy as possible for you. That's why at Salon For All you can pay with all popular payment methods. Pay in advance, on delivery or afterwards - everything is possible. See here for all the payment methods we offer:<\/p>\n<ul>\n<li>iDEAL<\/li>\n<li>Credit card (Visa, Mastercard, American Express)<\/li>\n<li>Klarna - Payment on delivery with invoice<\/li>\n<li>PayPal<\/li>\n<li>Apple Pay<\/li>\n<li>Google Pay<\/li>\n<li>Bizum (for Spanish customers)<\/li>\n<li>SEPA bank transfer<\/li>\n<li>Bancontact<\/li>\n<li>Commercial invoice for companies<\/li>\n<li>Payment in the showroom - Both card and cash (Only available on collection)<\/li>\n<\/ul>\n<h2>See also reviews of Salon For All<\/h2>\n<p>Consulte tambi\u00e9n nuestras rese\u00f1as para tener en cuenta las experiencias de nuestros clientes actuales en su decisi\u00f3n de pedir Alicates Para Cut\u00edculas De Exportaci\u00f3n Nghia Cl.206 12 (5 Mm) con nosotros. A trav\u00e9s de nuestro sello de calidad independiente de tienda online Webwinkelkeur, se recopilan autom\u00e1ticamente rese\u00f1as verificadas de clientes que han completado un pedido con nosotros. Puede encontrarlas detr\u00e1s del bot\u00f3n rosa en nuestra tienda online o aparecen listadas debajo de los productos.<\/p>\n<p>\u00a1Comparta tambi\u00e9n su experiencia despu\u00e9s de su compra con su Alicates Para Cut\u00edculas De Exportaci\u00f3n Nghia Cl.206 12 (5 Mm) pedido y su experiencia con el proceso de compra o el contacto con Salon For All para inspirar a otros!<\/p>\n<h2>Contact Salon For All<\/h2>\n<p>Cont\u00e1ctenos entonces. Estaremos encantados de ayudarle con la adquisici\u00f3n de Alicates Para Cut\u00edculas De Exportaci\u00f3n Nghia Cl.206 12 (5 Mm). En d\u00edas laborables estamos mejor disponibles entre las 8.30 y las 17.00 horas a trav\u00e9s del n\u00famero de tel\u00e9fono y direcci\u00f3n de correo electr\u00f3nico en la parte superior de la tienda online o a trav\u00e9s de la funci\u00f3n de chat. Las consultas fuera del horario de oficina suelen responderse en un plazo de 24 horas. Tambi\u00e9n es posible visitarnos fuera de los d\u00edas laborables u horario de oficina. Pero para ello es necesario concertar una cita previa.<\/p>\n<h2>Would you like to visit our showroom?<\/h2>\n<p>\u00bfPrefiere ver Alicates Para Cut\u00edculas De Exportaci\u00f3n Nghia Cl.206 12 (5 Mm) o recorrer nuestra oferta de la tienda (online) junto con nuestro colega? Entonces visite nuestro showroom con m\u00e1s de 1000m\u00b2 de equipamiento para salones y d\u00e9jese inspirar por nuestros empleados. Tambi\u00e9n si le gusta conocernos de manera agradable disfrutando de una buena taza de caf\u00e9 o t\u00e9, es muy bienvenido. No tenemos todos los productos en stock, as\u00ed que h\u00e1ganos saber de antemano que desea venir. Concierte siempre una cita previa.<\/p>\n<h2>14 days of reflection and our return policy<\/h2>\n<p>Por supuesto puede ocurrir que Alicates Para Cut\u00edculas De Exportaci\u00f3n Nghia Cl.206 12 (5 Mm) entregado no sea completamente de su agrado y desee devolverlo. Eso no es ning\u00fan problema en Salon For All. Debe notificar su devoluci\u00f3n dentro de 14 d\u00edas laborables a trav\u00e9s de info@salonforall.es. Entonces recibir\u00e1 primero todas las instrucciones y condiciones de devoluci\u00f3n. Tenga en cuenta que Alicates Para Cut\u00edculas De Exportaci\u00f3n Nghia Cl.206 12 (5 Mm) no debe haber sido usado, debe contener todas las partes suministradas y debe devolverse empaquetado en el embalaje original. Los costos de env\u00edo de una devoluci\u00f3n son siempre a cargo del comprador en compras a trav\u00e9s de www.salonforall.es. Debe organizar usted mismo un transporte con una empresa de transporte de su elecci\u00f3n para una devoluci\u00f3n. Una vez que Alicates Para Cut\u00edculas De Exportaci\u00f3n Nghia Cl.206 12 (5 Mm) haya sido devuelto, se verificar\u00e1 su integridad y posibles da\u00f1os. Una vez que la devoluci\u00f3n haya sido aprobada, el importe de la compra se reembolsar\u00e1 dentro de 5 d\u00edas laborables a la cuenta bancaria que tenemos registrada.<\/p>\n<h2>Who is Salon For All?<\/h2>\n<p>Salon For All is THE wholesaler for all salon equipment in Europe. Salon For All started in 2003 under the name Salonvoordeel and grew out of practice. The owners of Salon For All were experienced hairdressers and beauty specialists and have together more than 30 years of practical experience. In 2003 we launched Salonvoordeel.nl (Netherlands) and subsequently Salon For All was founded for the European market. Some of our employees started their own business and so the idea to launch a functional online shop for hairdressers and to help them with the equipment of their salon was born.<\/p>\n<p>Nuestro showroom se encuentra en Dinxperlo, directamente en la frontera entre los Pa\u00edses Bajos y Alemania. Con nuestra amplia experiencia en el sector podemos servirle de espejo y proporcionarle el asesoramiento adecuado. \u00a1Hablamos el mismo idioma! Le asesoramos, inspiramos, motivamos y ayudamos en la adquisici\u00f3n de Alicates Para Cut\u00edculas De Exportaci\u00f3n Nghia Cl.206 12 (5 Mm). Nuestros proveedores se encuentran en toda Europa, desde Alemania, Inglaterra, Italia hasta Polonia.<\/p>","protected":false},"excerpt":{"rendered":"<p>The product Nghia Export Cuticle Nippers Cl.206 12 (5 Mm) is a high quality solution for any salon. Estimated delivery time is approximately 6 working days.<\/p>","protected":false},"featured_media":16123,"comment_status":"open","ping_status":"open","template":"","meta":[],"product_brand":[160],"product_cat":[162,163,161],"product_tag":[165,166,164],"class_list":{"0":"post-16122","1":"product","2":"type-product","3":"status-publish","4":"has-post-thumbnail","6":"product_brand-nghia","7":"product_cat-herramientas-y-accesorios","8":"product_cat-nghia","9":"product_cat-podologia","10":"product_tag-herramientas-y-accesorios","11":"product_tag-nghia","12":"product_tag-podologia","13":"pa_codigo-ean-7764","14":"pa_garantia-12-meses","15":"pa_marca-nghia","16":"pa_numero-de-articulo-6108","17":"pa_tiempo-estimado-de-entrega-4-5-dias-laborables","19":"first","20":"instock","21":"sale","22":"taxable","23":"shipping-taxable","24":"purchasable","25":"product-type-simple"},"yoast_head":"<!-- This site is optimized with the Yoast SEO plugin v27.6 - https:\/\/yoast.com\/product\/yoast-seo-wordpress\/ -->\n<title>Alicates Para Cut\u00edculas De Exportaci\u00f3n Nghia Cl.206 12 (5 Mm) comprar<\/title>\n<meta name=\"description\" content=\"Compra Alicates Para Cut\u00edculas De Exportaci\u00f3n Nghia Cl.206 12 (5 Mm) online o en el showroom en Salon For ALL Espa\u00f1a. El mayorista para salones, consultas y spas en Espa\u00f1a y Portugal.\" \/>\n<meta name=\"robots\" content=\"index, follow, max-snippet:-1, max-image-preview:large, max-video-preview:-1\" \/>\n<link rel=\"canonical\" href=\"https:\/\/salonforall.es\/en\/alicates-para-cuticulas-de-exportacion-nghia-cl-206-12-5-mm\/\" \/>\n<meta property=\"og:locale\" content=\"en_GB\" \/>\n<meta property=\"og:type\" content=\"article\" \/>\n<meta property=\"og:title\" content=\"Alicates Para Cut\u00edculas De Exportaci\u00f3n Nghia Cl.206 12 (5 Mm)\" \/>\n<meta property=\"og:description\" content=\"Compra Alicates Para Cut\u00edculas De Exportaci\u00f3n Nghia Cl.206 12 (5 Mm) online o en el showroom en Salon For ALL Espa\u00f1a. El mayorista para salones, consultas y spas en Espa\u00f1a y Portugal.\" \/>\n<meta property=\"og:url\" content=\"https:\/\/salonforall.es\/en\/alicates-para-cuticulas-de-exportacion-nghia-cl-206-12-5-mm\/\" \/>\n<meta property=\"og:site_name\" content=\"Salon For ALL Espa\u00f1a\" \/>\n<meta property=\"article:modified_time\" content=\"2026-03-24T16:29:24+00:00\" \/>\n<meta property=\"og:image\" content=\"https:\/\/salonforall.es\/wp-content\/uploads\/2025\/12\/Alicates-Para-Cuticulas-De-Exportacion-Nghia-Cl.206-12-5-Mm.jpg\" \/>\n\t<meta property=\"og:image:width\" content=\"1200\" \/>\n\t<meta property=\"og:image:height\" content=\"1200\" \/>\n\t<meta property=\"og:image:type\" content=\"image\/jpeg\" \/>\n<meta name=\"twitter:card\" content=\"summary_large_image\" \/>\n<meta name=\"twitter:title\" content=\"Alicates Para Cut\u00edculas De Exportaci\u00f3n Nghia Cl.206 12 (5 Mm)\" \/>\n<meta name=\"twitter:label1\" content=\"Estimated reading time\" \/>\n\t<meta name=\"twitter:data1\" content=\"8 minutes\" \/>\n<script type=\"application\/ld+json\" class=\"yoast-schema-graph\">{\"@context\":\"https:\\\/\\\/schema.org\",\"@graph\":[{\"@type\":\"WebPage\",\"@id\":\"https:\\\/\\\/salonforall.es\\\/alicates-para-cuticulas-de-exportacion-nghia-cl-206-12-5-mm\\\/\",\"url\":\"https:\\\/\\\/salonforall.es\\\/alicates-para-cuticulas-de-exportacion-nghia-cl-206-12-5-mm\\\/\",\"name\":\"Alicates Para Cut\u00edculas De Exportaci\u00f3n Nghia Cl.206 12 (5 Mm) comprar\",\"isPartOf\":{\"@id\":\"https:\\\/\\\/salonforall.es\\\/#website\"},\"primaryImageOfPage\":{\"@id\":\"https:\\\/\\\/salonforall.es\\\/alicates-para-cuticulas-de-exportacion-nghia-cl-206-12-5-mm\\\/#primaryimage\"},\"image\":{\"@id\":\"https:\\\/\\\/salonforall.es\\\/alicates-para-cuticulas-de-exportacion-nghia-cl-206-12-5-mm\\\/#primaryimage\"},\"thumbnailUrl\":\"https:\\\/\\\/salonforall.es\\\/wp-content\\\/uploads\\\/2025\\\/12\\\/Alicates-Para-Cuticulas-De-Exportacion-Nghia-Cl.206-12-5-Mm.jpg\",\"datePublished\":\"2025-12-02T13:34:58+00:00\",\"dateModified\":\"2026-03-24T16:29:24+00:00\",\"description\":\"Compra Alicates Para Cut\u00edculas De Exportaci\u00f3n Nghia Cl.206 12 (5 Mm) online o en el showroom en Salon For ALL Espa\u00f1a. El mayorista para salones, consultas y spas en Espa\u00f1a y Portugal.\",\"breadcrumb\":{\"@id\":\"https:\\\/\\\/salonforall.es\\\/alicates-para-cuticulas-de-exportacion-nghia-cl-206-12-5-mm\\\/#breadcrumb\"},\"inLanguage\":\"en-GB\",\"potentialAction\":[{\"@type\":\"ReadAction\",\"target\":[\"https:\\\/\\\/salonforall.es\\\/alicates-para-cuticulas-de-exportacion-nghia-cl-206-12-5-mm\\\/\"]}]},{\"@type\":\"ImageObject\",\"inLanguage\":\"en-GB\",\"@id\":\"https:\\\/\\\/salonforall.es\\\/alicates-para-cuticulas-de-exportacion-nghia-cl-206-12-5-mm\\\/#primaryimage\",\"url\":\"https:\\\/\\\/salonforall.es\\\/wp-content\\\/uploads\\\/2025\\\/12\\\/Alicates-Para-Cuticulas-De-Exportacion-Nghia-Cl.206-12-5-Mm.jpg\",\"contentUrl\":\"https:\\\/\\\/salonforall.es\\\/wp-content\\\/uploads\\\/2025\\\/12\\\/Alicates-Para-Cuticulas-De-Exportacion-Nghia-Cl.206-12-5-Mm.jpg\",\"width\":1200,\"height\":1200,\"caption\":\"Alicates Para Cut\u00edculas De Exportaci\u00f3n Nghia Cl.206 12 (5 Mm)\"},{\"@type\":\"BreadcrumbList\",\"@id\":\"https:\\\/\\\/salonforall.es\\\/alicates-para-cuticulas-de-exportacion-nghia-cl-206-12-5-mm\\\/#breadcrumb\",\"itemListElement\":[{\"@type\":\"ListItem\",\"position\":1,\"name\":\"Home\",\"item\":\"https:\\\/\\\/salonforall.es\\\/\"},{\"@type\":\"ListItem\",\"position\":2,\"name\":\"Winkel\",\"item\":\"https:\\\/\\\/salonforall.es\\\/winkel\\\/\"},{\"@type\":\"ListItem\",\"position\":3,\"name\":\"Alicates Para Cut\u00edculas De Exportaci\u00f3n Nghia Cl.206 12 (5 Mm)\"}]},{\"@type\":\"WebSite\",\"@id\":\"https:\\\/\\\/salonforall.es\\\/#website\",\"url\":\"https:\\\/\\\/salonforall.es\\\/\",\"name\":\"Salon For ALL Espa\u00f1a\",\"description\":\"Mayorista de mobiliario y suministros para consultorios y salones\",\"publisher\":{\"@id\":\"https:\\\/\\\/salonforall.es\\\/#organization\"},\"potentialAction\":[{\"@type\":\"SearchAction\",\"target\":{\"@type\":\"EntryPoint\",\"urlTemplate\":\"https:\\\/\\\/salonforall.es\\\/?s={search_term_string}\"},\"query-input\":{\"@type\":\"PropertyValueSpecification\",\"valueRequired\":true,\"valueName\":\"search_term_string\"}}],\"inLanguage\":\"en-GB\"},{\"@type\":\"Organization\",\"@id\":\"https:\\\/\\\/salonforall.es\\\/#organization\",\"name\":\"Salon For All B.V. Espa\u00f1a\",\"alternateName\":\"Salon For All B.V. Espa\u00f1a - Mayorista de equipamiento para consultas, salones y suministros\",\"url\":\"https:\\\/\\\/salonforall.es\\\/\",\"logo\":{\"@type\":\"ImageObject\",\"inLanguage\":\"en-GB\",\"@id\":\"https:\\\/\\\/salonforall.es\\\/#\\\/schema\\\/logo\\\/image\\\/\",\"url\":\"https:\\\/\\\/salonforall.es\\\/wp-content\\\/uploads\\\/2025\\\/11\\\/logo-salon-for-all-e1764543185849.png\",\"contentUrl\":\"https:\\\/\\\/salonforall.es\\\/wp-content\\\/uploads\\\/2025\\\/11\\\/logo-salon-for-all-e1764543185849.png\",\"width\":500,\"height\":150,\"caption\":\"Salon For All B.V. Espa\u00f1a\"},\"image\":{\"@id\":\"https:\\\/\\\/salonforall.es\\\/#\\\/schema\\\/logo\\\/image\\\/\"}}]}<\/script>\n<!-- \/ Yoast SEO plugin. -->","yoast_head_json":{"title":"Alicates Para Cut\u00edculas De Exportaci\u00f3n Nghia Cl.206 12 (5 Mm) comprar","description":"Compra Alicates Para Cut\u00edculas De Exportaci\u00f3n Nghia Cl.206 12 (5 Mm) online o en el showroom en Salon For ALL Espa\u00f1a. El mayorista para salones, consultas y spas en Espa\u00f1a y Portugal.","robots":{"index":"index","follow":"follow","max-snippet":"max-snippet:-1","max-image-preview":"max-image-preview:large","max-video-preview":"max-video-preview:-1"},"canonical":"https:\/\/salonforall.es\/en\/alicates-para-cuticulas-de-exportacion-nghia-cl-206-12-5-mm\/","og_locale":"en_GB","og_type":"article","og_title":"Alicates Para Cut\u00edculas De Exportaci\u00f3n Nghia Cl.206 12 (5 Mm)","og_description":"Compra Alicates Para Cut\u00edculas De Exportaci\u00f3n Nghia Cl.206 12 (5 Mm) online o en el showroom en Salon For ALL Espa\u00f1a. El mayorista para salones, consultas y spas en Espa\u00f1a y Portugal.","og_url":"https:\/\/salonforall.es\/en\/alicates-para-cuticulas-de-exportacion-nghia-cl-206-12-5-mm\/","og_site_name":"Salon For ALL Espa\u00f1a","article_modified_time":"2026-03-24T16:29:24+00:00","og_image":[{"width":1200,"height":1200,"url":"https:\/\/salonforall.es\/wp-content\/uploads\/2025\/12\/Alicates-Para-Cuticulas-De-Exportacion-Nghia-Cl.206-12-5-Mm.jpg","type":"image\/jpeg"}],"twitter_card":"summary_large_image","twitter_title":"Alicates Para Cut\u00edculas De Exportaci\u00f3n Nghia Cl.206 12 (5 Mm)","twitter_misc":{"Estimated reading time":"8 minutes"},"schema":{"@context":"https:\/\/schema.org","@graph":[{"@type":"WebPage","@id":"https:\/\/salonforall.es\/alicates-para-cuticulas-de-exportacion-nghia-cl-206-12-5-mm\/","url":"https:\/\/salonforall.es\/alicates-para-cuticulas-de-exportacion-nghia-cl-206-12-5-mm\/","name":"Alicates Para Cut\u00edculas De Exportaci\u00f3n Nghia Cl.206 12 (5 Mm) comprar","isPartOf":{"@id":"https:\/\/salonforall.es\/#website"},"primaryImageOfPage":{"@id":"https:\/\/salonforall.es\/alicates-para-cuticulas-de-exportacion-nghia-cl-206-12-5-mm\/#primaryimage"},"image":{"@id":"https:\/\/salonforall.es\/alicates-para-cuticulas-de-exportacion-nghia-cl-206-12-5-mm\/#primaryimage"},"thumbnailUrl":"https:\/\/salonforall.es\/wp-content\/uploads\/2025\/12\/Alicates-Para-Cuticulas-De-Exportacion-Nghia-Cl.206-12-5-Mm.jpg","datePublished":"2025-12-02T13:34:58+00:00","dateModified":"2026-03-24T16:29:24+00:00","description":"Compra Alicates Para Cut\u00edculas De Exportaci\u00f3n Nghia Cl.206 12 (5 Mm) online o en el showroom en Salon For ALL Espa\u00f1a. El mayorista para salones, consultas y spas en Espa\u00f1a y Portugal.","breadcrumb":{"@id":"https:\/\/salonforall.es\/alicates-para-cuticulas-de-exportacion-nghia-cl-206-12-5-mm\/#breadcrumb"},"inLanguage":"en-GB","potentialAction":[{"@type":"ReadAction","target":["https:\/\/salonforall.es\/alicates-para-cuticulas-de-exportacion-nghia-cl-206-12-5-mm\/"]}]},{"@type":"ImageObject","inLanguage":"en-GB","@id":"https:\/\/salonforall.es\/alicates-para-cuticulas-de-exportacion-nghia-cl-206-12-5-mm\/#primaryimage","url":"https:\/\/salonforall.es\/wp-content\/uploads\/2025\/12\/Alicates-Para-Cuticulas-De-Exportacion-Nghia-Cl.206-12-5-Mm.jpg","contentUrl":"https:\/\/salonforall.es\/wp-content\/uploads\/2025\/12\/Alicates-Para-Cuticulas-De-Exportacion-Nghia-Cl.206-12-5-Mm.jpg","width":1200,"height":1200,"caption":"Alicates Para Cut\u00edculas De Exportaci\u00f3n Nghia Cl.206 12 (5 Mm)"},{"@type":"BreadcrumbList","@id":"https:\/\/salonforall.es\/alicates-para-cuticulas-de-exportacion-nghia-cl-206-12-5-mm\/#breadcrumb","itemListElement":[{"@type":"ListItem","position":1,"name":"Home","item":"https:\/\/salonforall.es\/"},{"@type":"ListItem","position":2,"name":"Winkel","item":"https:\/\/salonforall.es\/winkel\/"},{"@type":"ListItem","position":3,"name":"Alicates Para Cut\u00edculas De Exportaci\u00f3n Nghia Cl.206 12 (5 Mm)"}]},{"@type":"WebSite","@id":"https:\/\/salonforall.es\/#website","url":"https:\/\/salonforall.es\/","name":"Salon For ALL Spain","description":"Wholesaler of salon and practice furniture and supplies","publisher":{"@id":"https:\/\/salonforall.es\/#organization"},"potentialAction":[{"@type":"SearchAction","target":{"@type":"EntryPoint","urlTemplate":"https:\/\/salonforall.es\/?s={search_term_string}"},"query-input":{"@type":"PropertyValueSpecification","valueRequired":true,"valueName":"search_term_string"}}],"inLanguage":"en-GB"},{"@type":"Organization","@id":"https:\/\/salonforall.es\/#organization","name":"Salon For All B.V. Spain","alternateName":"Salon For All B.V. Espa\u00f1a - Mayorista de equipamiento para consultas, salones y suministros","url":"https:\/\/salonforall.es\/","logo":{"@type":"ImageObject","inLanguage":"en-GB","@id":"https:\/\/salonforall.es\/#\/schema\/logo\/image\/","url":"https:\/\/salonforall.es\/wp-content\/uploads\/2025\/11\/logo-salon-for-all-e1764543185849.png","contentUrl":"https:\/\/salonforall.es\/wp-content\/uploads\/2025\/11\/logo-salon-for-all-e1764543185849.png","width":500,"height":150,"caption":"Salon For All B.V. Espa\u00f1a"},"image":{"@id":"https:\/\/salonforall.es\/#\/schema\/logo\/image\/"}}]}},"_links":{"self":[{"href":"https:\/\/salonforall.es\/en\/wp-json\/wp\/v2\/product\/16122","targetHints":{"allow":["GET"]}}],"collection":[{"href":"https:\/\/salonforall.es\/en\/wp-json\/wp\/v2\/product"}],"about":[{"href":"https:\/\/salonforall.es\/en\/wp-json\/wp\/v2\/types\/product"}],"replies":[{"embeddable":true,"href":"https:\/\/salonforall.es\/en\/wp-json\/wp\/v2\/comments?post=16122"}],"wp:featuredmedia":[{"embeddable":true,"href":"https:\/\/salonforall.es\/en\/wp-json\/wp\/v2\/media\/16123"}],"wp:attachment":[{"href":"https:\/\/salonforall.es\/en\/wp-json\/wp\/v2\/media?parent=16122"}],"wp:term":[{"taxonomy":"product_brand","embeddable":true,"href":"https:\/\/salonforall.es\/en\/wp-json\/wp\/v2\/product_brand?post=16122"},{"taxonomy":"product_cat","embeddable":true,"href":"https:\/\/salonforall.es\/en\/wp-json\/wp\/v2\/product_cat?post=16122"},{"taxonomy":"product_tag","embeddable":true,"href":"https:\/\/salonforall.es\/en\/wp-json\/wp\/v2\/product_tag?post=16122"}],"curies":[{"name":"wp","href":"https:\/\/api.w.org\/{rel}","templated":true}]}}