{"id":15145,"date":"2025-12-02T14:23:01","date_gmt":"2025-12-02T13:23:01","guid":{"rendered":"https:\/\/salonforall.es\/product\/mueble-de-lavado-de-peluqueria-gabbiano-berlin-dorado-blanco\/"},"modified":"2026-03-24T17:26:35","modified_gmt":"2026-03-24T16:26:35","slug":"mueble-de-lavado-de-peluqueria-gabbiano-berlin-dorado-blanco","status":"publish","type":"product","link":"https:\/\/salonforall.es\/en\/mueble-de-lavado-de-peluqueria-gabbiano-berlin-dorado-blanco\/","title":{"rendered":"Gabbiano Berlin Hairdresser's Washing Cabinet Gold White"},"content":{"rendered":"<h2>Informaci\u00f3n sobre Mueble De Lavado De Peluquer\u00eda Gabbiano Berl\u00edn Dorado Blanco con n\u00famero de art\u00edculo 112855<\/h2>\n<p><img decoding=\"async\" src=\"https:\/\/activeshop.com.pl\/media\/wysiwyg\/product\/112855\/EN_112855_1.jpg\"><\/p>\n<p><strong>Gabbiano<\/strong> is a luxury brand of hairdressing equipment and furniture, distinguished by reliability, quality and aesthetics, as well as a high level of user comfort. The offer includes a wide selection of functional elements for the salon, such as chairs, wash units and underarms.<\/p>\n<p><img decoding=\"async\" src=\"https:\/\/activeshop.com.pl\/media\/wysiwyg\/product\/112855\/EN_112855_2.jpg\"><\/p>\n<h2><strong>Elemento esencial de un sal\u00f3n de peluquer\u00eda<\/strong><\/h2>\n<p>The elegant <strong>lavacabezas Gabbiano Berlin<\/strong> fue dise\u00f1ado para proporcionar un equipamiento pr\u00e1ctico para un sal\u00f3n de peluquer\u00eda profesional. Permite realizar c\u00f3modamente tratamientos b\u00e1sicos de peluquer\u00eda, como lavado, coloraci\u00f3n o regeneraci\u00f3n capilar. Su dise\u00f1o integrado garantiza la comodidad tanto para peluqueros como para clientes.<\/p>\n<p><img decoding=\"async\" src=\"https:\/\/activeshop.com.pl\/media\/wysiwyg\/product\/112855\/EN_112855_3.jpg\"><\/p>\n<h2><strong>Lavabo pr\u00e1ctico para mayor comodidad<\/strong><\/h2>\n<p><strong>El lavabo de cer\u00e1mica blanca<\/strong>, con la profundidad adecuada, evita salpicaduras excesivas de agua o productos especiales durante el tratamiento. Esto permite una ejecuci\u00f3n altamente eficiente de una amplia gama de servicios. El \u00e1ngulo del lavabo se puede ajustar, lo que facilita su adaptaci\u00f3n a las necesidades individuales y al tratamiento realizado. El material de alta calidad utilizado hace que el lavabo sea duradero, resistente a la decoloraci\u00f3n y a los ara\u00f1azos, y f\u00e1cil de limpiar. El cuello contorneado y el respaldo inclinado brindan soporte y comodidad al lavar el cabello, y gracias a la c\u00f3moda cubierta de pl\u00e1stico negro, el cliente no sentir\u00e1 la incomodidad de la fr\u00eda superficie de cer\u00e1mica.<\/p>\n<p><img decoding=\"async\" src=\"https:\/\/activeshop.com.pl\/media\/wysiwyg\/product\/112855\/EN_112855_4.jpg\"><\/p>\n<h2><strong>Accesorios y comodidades pensados \u200b\u200bpara el cliente<\/strong><\/h2>\n<p>El funcional lavacabezas est\u00e1 equipado con un grifo mezclador que proporciona f\u00e1cil acceso a agua caliente y fr\u00eda. Esto permite ajustar la temperatura seg\u00fan las preferencias del cliente. Un espacio espec\u00edfico para colgar el cabezal facilita el trabajo, y el tap\u00f3n con filtro especial permite controlar el flujo de agua y mantener altos est\u00e1ndares de higiene en el sal\u00f3n. La conexi\u00f3n de agua est\u00e1 ubicada dentro de la base, lo que permite ocultar f\u00e1cilmente las tuber\u00edas. El lavabo ha sido dise\u00f1ado para garantizar la comodidad durante los distintos tratamientos. La perfecta combinaci\u00f3n de funcionalidad y comodidad har\u00e1 que trabajar en la peluquer\u00eda sea a\u00fan m\u00e1s c\u00f3modo y eficaz.<\/p>\n<p><img decoding=\"async\" src=\"https:\/\/activeshop.com.pl\/media\/wysiwyg\/product\/112855\/EN_112855_5.jpg\"><\/p>\n<h2><strong>Muebles funcionales con un acabado elegante<\/strong><\/h2>\n<p><strong>Un sill\u00f3n con un perfil adecuado<\/strong>, relleno de espuma resistente, proporciona un soporte adecuado y, por lo tanto, una gran comodidad de uso. Los reposabrazos permiten una correcta posici\u00f3n de los hombros del cliente. El agradable tapizado de piel sint\u00e9tica en tonos blancos garantiza una larga durabilidad y una f\u00e1cil limpieza.<\/strong> El dise\u00f1o original y elegante del lavabo de peluquer\u00eda, con acolchado decorativo y elementos dorados, le da al interior una expresi\u00f3n \u00fanica. El conjunto incluye grifer\u00eda completa en tonos dorados, incluyendo grifo, ducha de mano y mangueras espec\u00edficas para un completo conjunto de herramientas de trabajo. Las dimensiones detalladas se muestran en la foto. Material del lavabo: cer\u00e1mica. Color del lavabo: tonos blancos. Color de la tapicer\u00eda: tonos blancos. Color de la base: tonos blancos. Color de los accesorios: tonos dorados. Material de la tapicer\u00eda: piel sint\u00e9tica.<\/p>\n<p>Los productos Activeshop son proporcionalmente m\u00e1s econ\u00f3micos que muchas otras marcas\/proveedores. El precio est\u00e1 en relaci\u00f3n con la calidad. Mueble De Lavado De Peluquer\u00eda Gabbiano Berl\u00edn Dorado Blanco es por lo tanto una soluci\u00f3n accesible para su sal\u00f3n.<\/p>\n<h2>\u00bfC\u00f3mo se entrega Mueble De Lavado De Peluquer\u00eda Gabbiano Berl\u00edn Dorado Blanco?<\/h2>\n<p>Mueble De Lavado De Peluquer\u00eda Gabbiano Berl\u00edn Dorado Blanco se entrega en embalaje(s) original(es). Dentro de Espa\u00f1a el env\u00edo de Mueble De Lavado De Peluquer\u00eda Gabbiano Berl\u00edn Dorado Blanco es completamente gratuito para pedidos a partir de 100,- euros. Para env\u00edos a otros pa\u00edses se aplican tarifas de env\u00edo separadas. Puede consultar estas tarifas con nosotros o verlas en el carrito de compra. Mueble De Lavado De Peluquer\u00eda Gabbiano Berl\u00edn Dorado Blanco se env\u00eda a trav\u00e9s de un servicio de mensajer\u00eda externo.<\/p>\n<p>Packages or pallets are delivered as standard up to the front door threshold, even if you are located in a collective building, apartment building or apartment complex with a lift (provided the item fits in the lift). No lift available or item does not fit in the lift? Then we deliver up to the threshold of the ground floor.<\/p>\n<p>Do you still have questions about delivery or a special situation? Contact us and we will be happy to help you!<\/p>\n<p>*Items are not unpacked or assembled as standard. In special situations you can contact us to make arrangements.<\/p>\n<h2>Secure online shopping at Salon For All with the Webwinkelkeur seal of quality and SSL encryption.<\/h2>\n<p>Es importante para nosotros que nuestros clientes puedan comprar de forma segura en nuestra tienda online. Estamos afiliados al sello de calidad nacional Webwinkelkeur desde 2019. Nuestra identidad ha sido verificada y comprobada por ellos, y la tienda online ha sido revisada y aprobada legalmente. Adem\u00e1s, nuestra tienda online est\u00e1 afiliada a ellos para la mediaci\u00f3n de conflictos. Puede ver la insignia con toda la informaci\u00f3n de este sello de calidad de tienda online en el lado izquierdo o derecho de la tienda online (bot\u00f3n rosa con blanco). Adem\u00e1s, nuestro sitio est\u00e1 protegido con un certificado SSL para que pueda navegar de forma segura con nosotros. En la barra de su navegador de Internet, donde aparece nuestro sitio web, ver\u00e1 un icono de candado. Si hace clic en el candado, obtendr\u00e1 toda la informaci\u00f3n sobre nuestra seguridad. De esta manera sabe que su pedido de Mueble De Lavado De Peluquer\u00eda Gabbiano Berl\u00edn Dorado Blanco y sus datos personales se procesan de forma segura.<\/p>\n<h2>\u00bfC\u00f3mo puedo pagar Mueble De Lavado De Peluquer\u00eda Gabbiano Berl\u00edn Dorado Blanco?<\/h2>\n<p>We want to make it as easy as possible for you. That's why at Salon For All you can pay with all popular payment methods. Pay in advance, on delivery or afterwards - everything is possible. See here for all the payment methods we offer:<\/p>\n<ul>\n<li>iDEAL<\/li>\n<li>Credit card (Visa, Mastercard, American Express)<\/li>\n<li>Klarna - Payment on delivery with invoice<\/li>\n<li>PayPal<\/li>\n<li>Apple Pay<\/li>\n<li>Google Pay<\/li>\n<li>Bizum (for Spanish customers)<\/li>\n<li>SEPA bank transfer<\/li>\n<li>Bancontact<\/li>\n<li>Commercial invoice for companies<\/li>\n<li>Payment in the showroom - Both card and cash (Only available on collection)<\/li>\n<\/ul>\n<h2>See also reviews of Salon For All<\/h2>\n<p>Consulte tambi\u00e9n nuestras rese\u00f1as para tener en cuenta las experiencias de nuestros clientes actuales en su decisi\u00f3n de pedir Mueble De Lavado De Peluquer\u00eda Gabbiano Berl\u00edn Dorado Blanco con nosotros. A trav\u00e9s de nuestro sello de calidad independiente de tienda online Webwinkelkeur, se recopilan autom\u00e1ticamente rese\u00f1as verificadas de clientes que han completado un pedido con nosotros. Puede encontrarlas detr\u00e1s del bot\u00f3n rosa en nuestra tienda online o aparecen listadas debajo de los productos.<\/p>\n<p>\u00a1Comparta tambi\u00e9n su experiencia despu\u00e9s de su compra con su Mueble De Lavado De Peluquer\u00eda Gabbiano Berl\u00edn Dorado Blanco pedido y su experiencia con el proceso de compra o el contacto con Salon For All para inspirar a otros!<\/p>\n<h2>Contact Salon For All<\/h2>\n<p>Cont\u00e1ctenos entonces. Estaremos encantados de ayudarle con la adquisici\u00f3n de Mueble De Lavado De Peluquer\u00eda Gabbiano Berl\u00edn Dorado Blanco. En d\u00edas laborables estamos mejor disponibles entre las 8.30 y las 17.00 horas a trav\u00e9s del n\u00famero de tel\u00e9fono y direcci\u00f3n de correo electr\u00f3nico en la parte superior de la tienda online o a trav\u00e9s de la funci\u00f3n de chat. Las consultas fuera del horario de oficina suelen responderse en un plazo de 24 horas. Tambi\u00e9n es posible visitarnos fuera de los d\u00edas laborables u horario de oficina. Pero para ello es necesario concertar una cita previa.<\/p>\n<h2>Would you like to visit our showroom?<\/h2>\n<p>\u00bfPrefiere ver Mueble De Lavado De Peluquer\u00eda Gabbiano Berl\u00edn Dorado Blanco o recorrer nuestra oferta de la tienda (online) junto con nuestro colega? Entonces visite nuestro showroom con m\u00e1s de 1000m\u00b2 de equipamiento para salones y d\u00e9jese inspirar por nuestros empleados. Tambi\u00e9n si le gusta conocernos de manera agradable disfrutando de una buena taza de caf\u00e9 o t\u00e9, es muy bienvenido. No tenemos todos los productos en stock, as\u00ed que h\u00e1ganos saber de antemano que desea venir. Concierte siempre una cita previa.<\/p>\n<h2>14 days of reflection and our return policy<\/h2>\n<p>Por supuesto puede ocurrir que Mueble De Lavado De Peluquer\u00eda Gabbiano Berl\u00edn Dorado Blanco entregado no sea completamente de su agrado y desee devolverlo. Eso no es ning\u00fan problema en Salon For All. Debe notificar su devoluci\u00f3n dentro de 14 d\u00edas laborables a trav\u00e9s de info@salonforall.es. Entonces recibir\u00e1 primero todas las instrucciones y condiciones de devoluci\u00f3n. Tenga en cuenta que Mueble De Lavado De Peluquer\u00eda Gabbiano Berl\u00edn Dorado Blanco no debe haber sido usado, debe contener todas las partes suministradas y debe devolverse empaquetado en el embalaje original. Los costos de env\u00edo de una devoluci\u00f3n son siempre a cargo del comprador en compras a trav\u00e9s de www.salonforall.es. Debe organizar usted mismo un transporte con una empresa de transporte de su elecci\u00f3n para una devoluci\u00f3n. Una vez que Mueble De Lavado De Peluquer\u00eda Gabbiano Berl\u00edn Dorado Blanco haya sido devuelto, se verificar\u00e1 su integridad y posibles da\u00f1os. Una vez que la devoluci\u00f3n haya sido aprobada, el importe de la compra se reembolsar\u00e1 dentro de 5 d\u00edas laborables a la cuenta bancaria que tenemos registrada.<\/p>\n<h2>Who is Salon For All?<\/h2>\n<p>Salon For All is THE wholesaler for all salon equipment in Europe. Salon For All started in 2003 under the name Salonvoordeel and grew out of practice. The owners of Salon For All were experienced hairdressers and beauty specialists and have together more than 30 years of practical experience. In 2003 we launched Salonvoordeel.nl (Netherlands) and subsequently Salon For All was founded for the European market. Some of our employees started their own business and so the idea to launch a functional online shop for hairdressers and to help them with the equipment of their salon was born.<\/p>\n<p>Nuestro showroom se encuentra en Dinxperlo, directamente en la frontera entre los Pa\u00edses Bajos y Alemania. Con nuestra amplia experiencia en el sector podemos servirle de espejo y proporcionarle el asesoramiento adecuado. \u00a1Hablamos el mismo idioma! Le asesoramos, inspiramos, motivamos y ayudamos en la adquisici\u00f3n de Mueble De Lavado De Peluquer\u00eda Gabbiano Berl\u00edn Dorado Blanco. Nuestros proveedores se encuentran en toda Europa, desde Alemania, Inglaterra, Italia hasta Polonia.<\/p>","protected":false},"excerpt":{"rendered":"<p>The product Gabbiano Berlin Gold White Hairdressing Wash Cabinet is a high quality solution for any salon. The estimated delivery time is approximately 6 working days.<\/p>","protected":false},"featured_media":15146,"comment_status":"open","ping_status":"open","template":"","meta":[],"product_brand":[95],"product_cat":[423,96,97,98],"product_tag":[424,100,101,102],"class_list":{"0":"post-15145","1":"product","2":"type-product","3":"status-publish","4":"has-post-thumbnail","6":"product_brand-gabbiano","7":"product_cat-berlin","8":"product_cat-equipamiento-de-peluqueria","9":"product_cat-mobiliario-de-peluqueria","10":"product_cat-sillones-y-lavabos-de-peluqueria","11":"product_tag-berlin","12":"product_tag-equipamiento-de-peluqueria","13":"product_tag-mobiliario-de-peluqueria","14":"product_tag-sillones-y-lavabos-de-peluqueria","15":"pa_codigo-ean-7759","16":"pa_garantia-12-meses","17":"pa_marca-gabbiano","18":"pa_numero-de-articulo-5842","19":"pa_tiempo-estimado-de-entrega-4-5-dias-laborables","21":"first","22":"instock","23":"sale","24":"taxable","25":"shipping-taxable","26":"purchasable","27":"product-type-simple"},"yoast_head":"<!-- This site is optimized with the Yoast SEO plugin v27.6 - https:\/\/yoast.com\/product\/yoast-seo-wordpress\/ -->\n<title>Mueble De Lavado De Peluquer\u00eda Gabbiano Berl\u00edn Dorado Blanco comprar<\/title>\n<meta name=\"description\" content=\"Compra Mueble De Lavado De Peluquer\u00eda Gabbiano Berl\u00edn Dorado Blanco online o en el showroom en Salon For ALL Espa\u00f1a. El mayorista para salones, consultas y spas en Espa\u00f1a y Portugal.\" \/>\n<meta name=\"robots\" content=\"index, follow, max-snippet:-1, max-image-preview:large, max-video-preview:-1\" \/>\n<link rel=\"canonical\" href=\"https:\/\/salonforall.es\/en\/mueble-de-lavado-de-peluqueria-gabbiano-berlin-dorado-blanco\/\" \/>\n<meta property=\"og:locale\" content=\"en_GB\" \/>\n<meta property=\"og:type\" content=\"article\" \/>\n<meta property=\"og:title\" content=\"Mueble De Lavado De Peluquer\u00eda Gabbiano Berl\u00edn Dorado Blanco\" \/>\n<meta property=\"og:description\" content=\"Compra Mueble De Lavado De Peluquer\u00eda Gabbiano Berl\u00edn Dorado Blanco online o en el showroom en Salon For ALL Espa\u00f1a. El mayorista para salones, consultas y spas en Espa\u00f1a y Portugal.\" \/>\n<meta property=\"og:url\" content=\"https:\/\/salonforall.es\/en\/mueble-de-lavado-de-peluqueria-gabbiano-berlin-dorado-blanco\/\" \/>\n<meta property=\"og:site_name\" content=\"Salon For ALL Espa\u00f1a\" \/>\n<meta property=\"article:modified_time\" content=\"2026-03-24T16:26:35+00:00\" \/>\n<meta property=\"og:image\" content=\"https:\/\/salonforall.es\/wp-content\/uploads\/2025\/12\/Mueble-De-Lavado-De-Peluqueria-Gabbiano-Berlin-Dorado-Blanco.jpg\" \/>\n\t<meta property=\"og:image:width\" content=\"1200\" \/>\n\t<meta property=\"og:image:height\" content=\"1200\" \/>\n\t<meta property=\"og:image:type\" content=\"image\/jpeg\" \/>\n<meta name=\"twitter:card\" content=\"summary_large_image\" \/>\n<meta name=\"twitter:title\" content=\"Mueble De Lavado De Peluquer\u00eda Gabbiano Berl\u00edn Dorado Blanco\" \/>\n<meta name=\"twitter:label1\" content=\"Estimated reading time\" \/>\n\t<meta name=\"twitter:data1\" content=\"9 minutes\" \/>\n<script type=\"application\/ld+json\" class=\"yoast-schema-graph\">{\"@context\":\"https:\\\/\\\/schema.org\",\"@graph\":[{\"@type\":\"WebPage\",\"@id\":\"https:\\\/\\\/salonforall.es\\\/mueble-de-lavado-de-peluqueria-gabbiano-berlin-dorado-blanco\\\/\",\"url\":\"https:\\\/\\\/salonforall.es\\\/mueble-de-lavado-de-peluqueria-gabbiano-berlin-dorado-blanco\\\/\",\"name\":\"Mueble De Lavado De Peluquer\u00eda Gabbiano Berl\u00edn Dorado Blanco comprar\",\"isPartOf\":{\"@id\":\"https:\\\/\\\/salonforall.es\\\/#website\"},\"primaryImageOfPage\":{\"@id\":\"https:\\\/\\\/salonforall.es\\\/mueble-de-lavado-de-peluqueria-gabbiano-berlin-dorado-blanco\\\/#primaryimage\"},\"image\":{\"@id\":\"https:\\\/\\\/salonforall.es\\\/mueble-de-lavado-de-peluqueria-gabbiano-berlin-dorado-blanco\\\/#primaryimage\"},\"thumbnailUrl\":\"https:\\\/\\\/salonforall.es\\\/wp-content\\\/uploads\\\/2025\\\/12\\\/Mueble-De-Lavado-De-Peluqueria-Gabbiano-Berlin-Dorado-Blanco.jpg\",\"datePublished\":\"2025-12-02T13:23:01+00:00\",\"dateModified\":\"2026-03-24T16:26:35+00:00\",\"description\":\"Compra Mueble De Lavado De Peluquer\u00eda Gabbiano Berl\u00edn Dorado Blanco online o en el showroom en Salon For ALL Espa\u00f1a. El mayorista para salones, consultas y spas en Espa\u00f1a y Portugal.\",\"breadcrumb\":{\"@id\":\"https:\\\/\\\/salonforall.es\\\/mueble-de-lavado-de-peluqueria-gabbiano-berlin-dorado-blanco\\\/#breadcrumb\"},\"inLanguage\":\"en-GB\",\"potentialAction\":[{\"@type\":\"ReadAction\",\"target\":[\"https:\\\/\\\/salonforall.es\\\/mueble-de-lavado-de-peluqueria-gabbiano-berlin-dorado-blanco\\\/\"]}]},{\"@type\":\"ImageObject\",\"inLanguage\":\"en-GB\",\"@id\":\"https:\\\/\\\/salonforall.es\\\/mueble-de-lavado-de-peluqueria-gabbiano-berlin-dorado-blanco\\\/#primaryimage\",\"url\":\"https:\\\/\\\/salonforall.es\\\/wp-content\\\/uploads\\\/2025\\\/12\\\/Mueble-De-Lavado-De-Peluqueria-Gabbiano-Berlin-Dorado-Blanco.jpg\",\"contentUrl\":\"https:\\\/\\\/salonforall.es\\\/wp-content\\\/uploads\\\/2025\\\/12\\\/Mueble-De-Lavado-De-Peluqueria-Gabbiano-Berlin-Dorado-Blanco.jpg\",\"width\":1200,\"height\":1200,\"caption\":\"Mueble De Lavado De Peluquer\u00eda Gabbiano Berl\u00edn Dorado Blanco\"},{\"@type\":\"BreadcrumbList\",\"@id\":\"https:\\\/\\\/salonforall.es\\\/mueble-de-lavado-de-peluqueria-gabbiano-berlin-dorado-blanco\\\/#breadcrumb\",\"itemListElement\":[{\"@type\":\"ListItem\",\"position\":1,\"name\":\"Home\",\"item\":\"https:\\\/\\\/salonforall.es\\\/\"},{\"@type\":\"ListItem\",\"position\":2,\"name\":\"Winkel\",\"item\":\"https:\\\/\\\/salonforall.es\\\/winkel\\\/\"},{\"@type\":\"ListItem\",\"position\":3,\"name\":\"Mueble De Lavado De Peluquer\u00eda Gabbiano Berl\u00edn Dorado Blanco\"}]},{\"@type\":\"WebSite\",\"@id\":\"https:\\\/\\\/salonforall.es\\\/#website\",\"url\":\"https:\\\/\\\/salonforall.es\\\/\",\"name\":\"Salon For ALL Espa\u00f1a\",\"description\":\"Mayorista de mobiliario y suministros para consultorios y salones\",\"publisher\":{\"@id\":\"https:\\\/\\\/salonforall.es\\\/#organization\"},\"potentialAction\":[{\"@type\":\"SearchAction\",\"target\":{\"@type\":\"EntryPoint\",\"urlTemplate\":\"https:\\\/\\\/salonforall.es\\\/?s={search_term_string}\"},\"query-input\":{\"@type\":\"PropertyValueSpecification\",\"valueRequired\":true,\"valueName\":\"search_term_string\"}}],\"inLanguage\":\"en-GB\"},{\"@type\":\"Organization\",\"@id\":\"https:\\\/\\\/salonforall.es\\\/#organization\",\"name\":\"Salon For All B.V. Espa\u00f1a\",\"alternateName\":\"Salon For All B.V. Espa\u00f1a - Mayorista de equipamiento para consultas, salones y suministros\",\"url\":\"https:\\\/\\\/salonforall.es\\\/\",\"logo\":{\"@type\":\"ImageObject\",\"inLanguage\":\"en-GB\",\"@id\":\"https:\\\/\\\/salonforall.es\\\/#\\\/schema\\\/logo\\\/image\\\/\",\"url\":\"https:\\\/\\\/salonforall.es\\\/wp-content\\\/uploads\\\/2025\\\/11\\\/logo-salon-for-all-e1764543185849.png\",\"contentUrl\":\"https:\\\/\\\/salonforall.es\\\/wp-content\\\/uploads\\\/2025\\\/11\\\/logo-salon-for-all-e1764543185849.png\",\"width\":500,\"height\":150,\"caption\":\"Salon For All B.V. Espa\u00f1a\"},\"image\":{\"@id\":\"https:\\\/\\\/salonforall.es\\\/#\\\/schema\\\/logo\\\/image\\\/\"}}]}<\/script>\n<!-- \/ Yoast SEO plugin. -->","yoast_head_json":{"title":"Mueble De Lavado De Peluquer\u00eda Gabbiano Berl\u00edn Dorado Blanco comprar","description":"Compra Mueble De Lavado De Peluquer\u00eda Gabbiano Berl\u00edn Dorado Blanco online o en el showroom en Salon For ALL Espa\u00f1a. El mayorista para salones, consultas y spas en Espa\u00f1a y Portugal.","robots":{"index":"index","follow":"follow","max-snippet":"max-snippet:-1","max-image-preview":"max-image-preview:large","max-video-preview":"max-video-preview:-1"},"canonical":"https:\/\/salonforall.es\/en\/mueble-de-lavado-de-peluqueria-gabbiano-berlin-dorado-blanco\/","og_locale":"en_GB","og_type":"article","og_title":"Mueble De Lavado De Peluquer\u00eda Gabbiano Berl\u00edn Dorado Blanco","og_description":"Compra Mueble De Lavado De Peluquer\u00eda Gabbiano Berl\u00edn Dorado Blanco online o en el showroom en Salon For ALL Espa\u00f1a. El mayorista para salones, consultas y spas en Espa\u00f1a y Portugal.","og_url":"https:\/\/salonforall.es\/en\/mueble-de-lavado-de-peluqueria-gabbiano-berlin-dorado-blanco\/","og_site_name":"Salon For ALL Espa\u00f1a","article_modified_time":"2026-03-24T16:26:35+00:00","og_image":[{"width":1200,"height":1200,"url":"https:\/\/salonforall.es\/wp-content\/uploads\/2025\/12\/Mueble-De-Lavado-De-Peluqueria-Gabbiano-Berlin-Dorado-Blanco.jpg","type":"image\/jpeg"}],"twitter_card":"summary_large_image","twitter_title":"Mueble De Lavado De Peluquer\u00eda Gabbiano Berl\u00edn Dorado Blanco","twitter_misc":{"Estimated reading time":"9 minutes"},"schema":{"@context":"https:\/\/schema.org","@graph":[{"@type":"WebPage","@id":"https:\/\/salonforall.es\/mueble-de-lavado-de-peluqueria-gabbiano-berlin-dorado-blanco\/","url":"https:\/\/salonforall.es\/mueble-de-lavado-de-peluqueria-gabbiano-berlin-dorado-blanco\/","name":"Mueble De Lavado De Peluquer\u00eda Gabbiano Berl\u00edn Dorado Blanco comprar","isPartOf":{"@id":"https:\/\/salonforall.es\/#website"},"primaryImageOfPage":{"@id":"https:\/\/salonforall.es\/mueble-de-lavado-de-peluqueria-gabbiano-berlin-dorado-blanco\/#primaryimage"},"image":{"@id":"https:\/\/salonforall.es\/mueble-de-lavado-de-peluqueria-gabbiano-berlin-dorado-blanco\/#primaryimage"},"thumbnailUrl":"https:\/\/salonforall.es\/wp-content\/uploads\/2025\/12\/Mueble-De-Lavado-De-Peluqueria-Gabbiano-Berlin-Dorado-Blanco.jpg","datePublished":"2025-12-02T13:23:01+00:00","dateModified":"2026-03-24T16:26:35+00:00","description":"Compra Mueble De Lavado De Peluquer\u00eda Gabbiano Berl\u00edn Dorado Blanco online o en el showroom en Salon For ALL Espa\u00f1a. El mayorista para salones, consultas y spas en Espa\u00f1a y Portugal.","breadcrumb":{"@id":"https:\/\/salonforall.es\/mueble-de-lavado-de-peluqueria-gabbiano-berlin-dorado-blanco\/#breadcrumb"},"inLanguage":"en-GB","potentialAction":[{"@type":"ReadAction","target":["https:\/\/salonforall.es\/mueble-de-lavado-de-peluqueria-gabbiano-berlin-dorado-blanco\/"]}]},{"@type":"ImageObject","inLanguage":"en-GB","@id":"https:\/\/salonforall.es\/mueble-de-lavado-de-peluqueria-gabbiano-berlin-dorado-blanco\/#primaryimage","url":"https:\/\/salonforall.es\/wp-content\/uploads\/2025\/12\/Mueble-De-Lavado-De-Peluqueria-Gabbiano-Berlin-Dorado-Blanco.jpg","contentUrl":"https:\/\/salonforall.es\/wp-content\/uploads\/2025\/12\/Mueble-De-Lavado-De-Peluqueria-Gabbiano-Berlin-Dorado-Blanco.jpg","width":1200,"height":1200,"caption":"Mueble De Lavado De Peluquer\u00eda Gabbiano Berl\u00edn Dorado Blanco"},{"@type":"BreadcrumbList","@id":"https:\/\/salonforall.es\/mueble-de-lavado-de-peluqueria-gabbiano-berlin-dorado-blanco\/#breadcrumb","itemListElement":[{"@type":"ListItem","position":1,"name":"Home","item":"https:\/\/salonforall.es\/"},{"@type":"ListItem","position":2,"name":"Winkel","item":"https:\/\/salonforall.es\/winkel\/"},{"@type":"ListItem","position":3,"name":"Mueble De Lavado De Peluquer\u00eda Gabbiano Berl\u00edn Dorado Blanco"}]},{"@type":"WebSite","@id":"https:\/\/salonforall.es\/#website","url":"https:\/\/salonforall.es\/","name":"Salon For ALL Spain","description":"Wholesaler of salon and practice furniture and supplies","publisher":{"@id":"https:\/\/salonforall.es\/#organization"},"potentialAction":[{"@type":"SearchAction","target":{"@type":"EntryPoint","urlTemplate":"https:\/\/salonforall.es\/?s={search_term_string}"},"query-input":{"@type":"PropertyValueSpecification","valueRequired":true,"valueName":"search_term_string"}}],"inLanguage":"en-GB"},{"@type":"Organization","@id":"https:\/\/salonforall.es\/#organization","name":"Salon For All B.V. Spain","alternateName":"Salon For All B.V. Espa\u00f1a - Mayorista de equipamiento para consultas, salones y suministros","url":"https:\/\/salonforall.es\/","logo":{"@type":"ImageObject","inLanguage":"en-GB","@id":"https:\/\/salonforall.es\/#\/schema\/logo\/image\/","url":"https:\/\/salonforall.es\/wp-content\/uploads\/2025\/11\/logo-salon-for-all-e1764543185849.png","contentUrl":"https:\/\/salonforall.es\/wp-content\/uploads\/2025\/11\/logo-salon-for-all-e1764543185849.png","width":500,"height":150,"caption":"Salon For All B.V. Espa\u00f1a"},"image":{"@id":"https:\/\/salonforall.es\/#\/schema\/logo\/image\/"}}]}},"_links":{"self":[{"href":"https:\/\/salonforall.es\/en\/wp-json\/wp\/v2\/product\/15145","targetHints":{"allow":["GET"]}}],"collection":[{"href":"https:\/\/salonforall.es\/en\/wp-json\/wp\/v2\/product"}],"about":[{"href":"https:\/\/salonforall.es\/en\/wp-json\/wp\/v2\/types\/product"}],"replies":[{"embeddable":true,"href":"https:\/\/salonforall.es\/en\/wp-json\/wp\/v2\/comments?post=15145"}],"wp:featuredmedia":[{"embeddable":true,"href":"https:\/\/salonforall.es\/en\/wp-json\/wp\/v2\/media\/15146"}],"wp:attachment":[{"href":"https:\/\/salonforall.es\/en\/wp-json\/wp\/v2\/media?parent=15145"}],"wp:term":[{"taxonomy":"product_brand","embeddable":true,"href":"https:\/\/salonforall.es\/en\/wp-json\/wp\/v2\/product_brand?post=15145"},{"taxonomy":"product_cat","embeddable":true,"href":"https:\/\/salonforall.es\/en\/wp-json\/wp\/v2\/product_cat?post=15145"},{"taxonomy":"product_tag","embeddable":true,"href":"https:\/\/salonforall.es\/en\/wp-json\/wp\/v2\/product_tag?post=15145"}],"curies":[{"name":"wp","href":"https:\/\/api.w.org\/{rel}","templated":true}]}}