{"id":13594,"date":"2025-12-02T14:03:40","date_gmt":"2025-12-02T13:03:40","guid":{"rendered":"https:\/\/salonforall.es\/product\/lampara-uv-led-glow-f2-rp-220w\/"},"modified":"2026-03-24T17:12:12","modified_gmt":"2026-03-24T16:12:12","slug":"uv-led-glow-f2-rp-220w-uv-led-glow-lamp","status":"publish","type":"product","link":"https:\/\/salonforall.es\/en\/lampara-uv-led-glow-f2-rp-220w\/","title":{"rendered":"Uv Led Glow F2 Rp 220W Uv Lamp Led Glow F2 Rp 220W"},"content":{"rendered":"<h2>Information about Uv Led Glow F2 Rp 220W with article number 147271<\/h2>\n<p>The brand's products <strong>GLOW<\/strong> are professional lighting that improve the quality of services in both beauty salons and medical practices. It offers a wide selection of specialised lamps, including UV\/LED and treatment lamps, necessary for precise work.<\/p>\n<p><img decoding=\"async\" src=\"https:\/\/activeshop.com.pl\/media\/wysiwyg\/product\/147271\/EN_147271_1.jpg\"><\/p>\n<h2><strong>A practical way to beautiful nails<\/strong><\/h2>\n<p><strong>The Glow F2 nail lamp<\/strong> is a device with practical functions that enables effective manicure and pedicure treatments with hybrid polishes, gels or other light-curing preparations. The evenly spaced LEDs and the innovative Dual LED technology guarantee a perfect hold of the hairstyle. Its unique design, ease of use and well thought-out functionalities make this lamp perfect for both professional and home use.<\/p>\n<p><img decoding=\"async\" src=\"https:\/\/activeshop.com.pl\/media\/wysiwyg\/product\/147271\/EN_147271_2.jpg\"><\/p>\n<h2><strong>Shadow-free device with Dual LED technology<\/strong><\/h2>\n<p>It is equipped with up to <strong>57 LEDS<\/strong> correctly laid out (without the so-called \u00abdead zone\u00bb) with a <strong>total power 220 W<\/strong>, This guarantees perfect drying of gels and hybrid polishes. The Glow F2 model has a closed shape, the so called <strong>booth<\/strong>, The nail polish is a very easy to use and precise drying of the nail styling. The <strong>Dual Led technology<\/strong> used in this device causes the diodes to emit light of two wavelengths, <strong>without tiring the eyes and providing a wide range of operation.<\/strong>. Thanks to the solutions used, the lamp cures even the most demanding products quickly and efficiently, reaching even the most inaccessible points of the nail plate.<\/p>\n<p><img decoding=\"async\" src=\"https:\/\/activeshop.com.pl\/media\/wysiwyg\/product\/147271\/EN_147271_3.jpg\"><\/p>\n<h2><strong>Curing time adjustable to individual needs<\/strong><\/h2>\n<p>The lamp is equipped with a timer with four programmed curing times: 10 s, 30 s, 60 s and 99 s (so-called \u00abLow Heat Mode\u00bb), which are shown on the digital display. In addition, if no mode is selected, the integrated motion sensor will automatically switch on the lamp when placing the fingers or foot underneath, with a maximum exposure time of 120 s. The display will show the curing time. This allows you to easily select the exposure time according to the hairstyle and products used.<\/p>\n<p><img decoding=\"async\" src=\"https:\/\/activeshop.com.pl\/media\/wysiwyg\/product\/147271\/EN_147271_4.jpg\"><\/p>\n<h2><strong>Optimal low temperature mode<\/strong><\/h2>\n<p>No more annoying burns when drying your nails! The aforementioned low temperature system allows the device to gradually increase its power during nail drying, heating up more slowly. This prevents the sensation of heat during exposure. This is an indispensable feature, especially when curing gels, which often causes discomfort when using other lamps available on the market.<\/p>\n<p><img decoding=\"async\" src=\"https:\/\/activeshop.com.pl\/media\/wysiwyg\/product\/147271\/EN_147271_5.jpg\"><\/p>\n<h2><strong>Possibility to remove the bottom panel<\/strong><\/h2>\n<p>The device has a removable and easily detachable bottom panel, which, in the case of chiropody or podiatry treatments, makes it much easier to place the foot under the lamp. This option is also ideal for cleaning or disinfecting the device. A silver handle with a polished finish is an attractive addition that makes the device easy to move and is ideal for mobile stylists. The case also includes a slot that can be used as a phone holder. This allows you to enjoy your treatment more while watching your favourite movie.<\/p>\n<h2><strong>Unique and functional device<\/strong><\/h2>\n<p>Its practical functions, ergonomic shape and unique design with mirror and metallic finish in shades of pink make this lamp a practical yet elegant addition to your salon equipment.<\/strong> Adequate dimensions allow for a <strong>comfortable positioning of the whole hand or foot under the lamp<\/strong>, This ensures an even drying of the hairstyle.<\/p>\n<div class=\"video-container\"> <iframe height=\"315\" src=\"https:\/\/www.youtube.com\/embed\/5nQPZHlbAXQ\" frameborder=\"0\" width=\"560\" allowfullscreen allow=\"accelerometer; autoplay; encrypted-media; gyroscope; picture-in-picture\"> <\/iframe> <\/div>\n<p>Read the instructions carefully before use.<br \/><strong>It includes:<\/strong> lamp, power supply, instructions.<\/p>\n<p><strong>Data:<\/strong><br \/>Housing colour: shades of pink<br \/>Timer: 10 s, 30 s, 60 s, 99 s<br \/>Maximum working time: 120 s<br \/>Motion sensor: yes<br \/>Display: digital LCD screen<br \/>Number of LEDs: 57<br \/>Power: 220 W<br \/>Input voltage: 100-240 V<br \/>Wavelength: 365 nm, 405 nm<br \/>Dimensions: 22.5 cm x 20 cm x 11 cm<br \/>Warranty: 12 months<\/p>\n<p>Activeshop products are proportionally cheaper than many other brands\/suppliers. The price is in relation to the quality. Uv Led Glow F2 Rp 220W is therefore an affordable solution for your salon.<\/p>\n<h2>How is it delivered Uv Led Glow F2 Rp 220W?<\/h2>\n<p>Uv Led Glow F2 Rp 220W is delivered in original packaging(s). Within Spain the shipping of L\u00e1mpara Uv Led Glow F2 Rp 220W is completely free of charge for orders over 100,- euros. For shipments to other countries separate shipping rates apply. You can check these rates with us or view them in the shopping cart. Uv Led Glow F2 Rp 220W is shipped via an external courier service.<\/p>\n<p>Packages or pallets are delivered as standard up to the front door threshold, even if you are located in a collective building, apartment building or apartment complex with a lift (provided the item fits in the lift). No lift available or item does not fit in the lift? Then we deliver up to the threshold of the ground floor.<\/p>\n<p>Do you still have questions about delivery or a special situation? Contact us and we will be happy to help you!<\/p>\n<p>*Items are not unpacked or assembled as standard. In special situations you can contact us to make arrangements.<\/p>\n<h2>Secure online shopping at Salon For All with the Webwinkelkeur seal of quality and SSL encryption.<\/h2>\n<p>It is important to us that our customers can shop safely in our online shop. We have been affiliated with the national quality seal Webwinkelkeur since 2019. Our identity has been verified and checked by them, and the online shop has been checked and legally approved. Furthermore, our online shop is affiliated with them for conflict mediation. You can see the logo with all the information of this online shop quality seal on the left or right side of the online shop (pink button with white). In addition, our site is protected with an SSL certificate so that you can surf securely with us. In the bar of your Internet browser, where our website appears, you will see a padlock icon. If you click on the padlock, you will get all the information about our security. This way you know that your order of Led Glow F2 Rp 220W Uv Lamp and your personal data are processed securely.<\/p>\n<h2>How can I pay for Uv Led Glow F2 Rp 220W?<\/h2>\n<p>We want to make it as easy as possible for you. That's why at Salon For All you can pay with all popular payment methods. Pay in advance, on delivery or afterwards - everything is possible. See here for all the payment methods we offer:<\/p>\n<ul>\n<li>iDEAL<\/li>\n<li>Credit card (Visa, Mastercard, American Express)<\/li>\n<li>Klarna - Payment on delivery with invoice<\/li>\n<li>PayPal<\/li>\n<li>Apple Pay<\/li>\n<li>Google Pay<\/li>\n<li>Bizum (for Spanish customers)<\/li>\n<li>SEPA bank transfer<\/li>\n<li>Bancontact<\/li>\n<li>Commercial invoice for companies<\/li>\n<li>Payment in the showroom - Both card and cash (Only available on collection)<\/li>\n<\/ul>\n<h2>See also reviews of Salon For All<\/h2>\n<p>Please also check our reviews to take into account the experiences of our current customers in your decision to order Led Glow F2 Rp 220W Uv Lamp with us. Through our independent online shop quality seal Webwinkelkeur, verified reviews are automatically collected from customers who have completed an order with us. You can find them behind the pink button in our online shop or they are listed below the products.<\/p>\n<p>Please also share your experience after your purchase with your ordered Uv Led Glow F2 Rp 220W Led Glow Lamp and your experience with the purchase process or contact with Salon For All to inspire others!<\/p>\n<h2>Contact Salon For All<\/h2>\n<p>Then please contact us. We will be happy to help you with your purchase of Led Glow F2 Rp 220W Uv Lamp. On weekdays we are best available between 8.30am and 5.00pm via the phone number and email address at the top of the online shop or via the chat function. Out-of-hours enquiries are usually answered within 24 hours. It is also possible to visit us outside working days or office hours. However, an appointment must be made in advance.<\/p>\n<h2>Would you like to visit our showroom?<\/h2>\n<p>Would you prefer to look at Uv Led Glow F2 Rp 220W or browse through our (online) shop offer together with our colleague? Then visit our showroom with more than 1000m\u00b2 of salon equipment and let yourself be inspired by our employees. Also if you like to get to know us pleasantly over a cup of coffee or tea, you are very welcome. We do not have all products in stock, so please let us know in advance that you would like to come. Always make an appointment in advance.<\/p>\n<h2>14 days of reflection and our return policy<\/h2>\n<p>Of course it can happen that the delivered Uv Led Glow F2 Rp 220W is not completely to your liking and you want to return it. That is no problem at Salon For All. You must notify your return within 14 working days via info@salonforall.es. You will then first receive all instructions and conditions of return. Please note that Uv Led Glow F2 Rp 220W must not have been used, must contain all supplied parts and must be returned in the original packaging. Shipping costs for a return are always at the expense of the buyer on purchases through www.salonforall.es. You must arrange transport yourself with a carrier of your choice for a return. Once the Uv Led Glow F2 Rp 220W has been returned, it will be checked for completeness and possible damage. Once the return has been approved, the purchase amount will be refunded within 5 working days to the bank account we have on record.<\/p>\n<h2>Who is Salon For All?<\/h2>\n<p>Salon For All is THE wholesaler for all salon equipment in Europe. Salon For All started in 2003 under the name Salonvoordeel and grew out of practice. The owners of Salon For All were experienced hairdressers and beauty specialists and have together more than 30 years of practical experience. In 2003 we launched Salonvoordeel.nl (Netherlands) and subsequently Salon For All was founded for the European market. Some of our employees started their own business and so the idea to launch a functional online shop for hairdressers and to help them with the equipment of their salon was born.<\/p>\n<p>Our showroom is located in Dinxperlo, directly on the border between the Netherlands and Germany. With our extensive experience in the sector we can serve as a mirror and provide you with the right advice - we speak the same language! We advise, inspire, motivate and support you in the purchase of Led Glow F2 Rp 220W. Our suppliers are located all over Europe, from Germany, England, Italy to Poland.<\/p>","protected":false},"excerpt":{"rendered":"<p>The product Uv Led Glow F2 Rp 220W is a high quality solution for any living room. The estimated delivery time is approximately 6 working days.<\/p>","protected":false},"featured_media":13595,"comment_status":"open","ping_status":"open","template":"","meta":[],"product_brand":[640],"product_cat":[2240,621],"product_tag":[2241,623],"class_list":{"0":"post-13594","1":"product","2":"type-product","3":"status-publish","4":"has-post-thumbnail","6":"product_brand-glow","7":"product_cat-lamparas-led-y-uv-para-unas","8":"product_cat-unas","9":"product_tag-lamparas-led-y-uv-para-unas","10":"product_tag-unas","11":"pa_codigo-ean-7759","12":"pa_garantia-12-meses","13":"pa_marca-glow","14":"pa_numero-de-articulo-5382","15":"pa_tiempo-estimado-de-entrega-4-5-dias-laborables","17":"first","18":"instock","19":"sale","20":"taxable","21":"shipping-taxable","22":"purchasable","23":"product-type-simple"},"yoast_head":"<!-- This site is optimized with the Yoast SEO plugin v27.6 - https:\/\/yoast.com\/product\/yoast-seo-wordpress\/ -->\n<title>L\u00e1mpara Uv Led Glow F2 Rp 220W comprar<\/title>\n<meta name=\"description\" content=\"Compra L\u00e1mpara Uv Led Glow F2 Rp 220W online o en el showroom en Salon For ALL Espa\u00f1a. El mayorista para salones, consultas y spas en Espa\u00f1a y Portugal.\" \/>\n<meta name=\"robots\" content=\"index, follow, max-snippet:-1, max-image-preview:large, max-video-preview:-1\" \/>\n<link rel=\"canonical\" href=\"https:\/\/salonforall.es\/en\/uv-led-glow-f2-rp-220w-uv-led-glow-lamp\/\" \/>\n<meta property=\"og:locale\" content=\"en_GB\" \/>\n<meta property=\"og:type\" content=\"article\" \/>\n<meta property=\"og:title\" content=\"L\u00e1mpara Uv Led Glow F2 Rp 220W\" \/>\n<meta property=\"og:description\" content=\"Compra L\u00e1mpara Uv Led Glow F2 Rp 220W online o en el showroom en Salon For ALL Espa\u00f1a. El mayorista para salones, consultas y spas en Espa\u00f1a y Portugal.\" \/>\n<meta property=\"og:url\" content=\"https:\/\/salonforall.es\/en\/uv-led-glow-f2-rp-220w-uv-led-glow-lamp\/\" \/>\n<meta property=\"og:site_name\" content=\"Salon For ALL Espa\u00f1a\" \/>\n<meta property=\"article:modified_time\" content=\"2026-03-24T16:12:12+00:00\" \/>\n<meta property=\"og:image\" content=\"https:\/\/salonforall.es\/wp-content\/uploads\/2025\/12\/Lampara-Uv-Led-Glow-F2-Rp-220W-scaled.jpg\" \/>\n\t<meta property=\"og:image:width\" content=\"2560\" \/>\n\t<meta property=\"og:image:height\" content=\"2560\" \/>\n\t<meta property=\"og:image:type\" content=\"image\/jpeg\" \/>\n<meta name=\"twitter:card\" content=\"summary_large_image\" \/>\n<meta name=\"twitter:title\" content=\"L\u00e1mpara Uv Led Glow F2 Rp 220W\" \/>\n<meta name=\"twitter:label1\" content=\"Estimated reading time\" \/>\n\t<meta name=\"twitter:data1\" content=\"10 minutes\" \/>\n<script type=\"application\/ld+json\" class=\"yoast-schema-graph\">{\"@context\":\"https:\\\/\\\/schema.org\",\"@graph\":[{\"@type\":\"WebPage\",\"@id\":\"https:\\\/\\\/salonforall.es\\\/lampara-uv-led-glow-f2-rp-220w\\\/\",\"url\":\"https:\\\/\\\/salonforall.es\\\/lampara-uv-led-glow-f2-rp-220w\\\/\",\"name\":\"L\u00e1mpara Uv Led Glow F2 Rp 220W comprar\",\"isPartOf\":{\"@id\":\"https:\\\/\\\/salonforall.es\\\/#website\"},\"primaryImageOfPage\":{\"@id\":\"https:\\\/\\\/salonforall.es\\\/lampara-uv-led-glow-f2-rp-220w\\\/#primaryimage\"},\"image\":{\"@id\":\"https:\\\/\\\/salonforall.es\\\/lampara-uv-led-glow-f2-rp-220w\\\/#primaryimage\"},\"thumbnailUrl\":\"https:\\\/\\\/salonforall.es\\\/wp-content\\\/uploads\\\/2025\\\/12\\\/Lampara-Uv-Led-Glow-F2-Rp-220W-scaled.jpg\",\"datePublished\":\"2025-12-02T13:03:40+00:00\",\"dateModified\":\"2026-03-24T16:12:12+00:00\",\"description\":\"Compra L\u00e1mpara Uv Led Glow F2 Rp 220W online o en el showroom en Salon For ALL Espa\u00f1a. El mayorista para salones, consultas y spas en Espa\u00f1a y Portugal.\",\"breadcrumb\":{\"@id\":\"https:\\\/\\\/salonforall.es\\\/lampara-uv-led-glow-f2-rp-220w\\\/#breadcrumb\"},\"inLanguage\":\"en-GB\",\"potentialAction\":[{\"@type\":\"ReadAction\",\"target\":[\"https:\\\/\\\/salonforall.es\\\/lampara-uv-led-glow-f2-rp-220w\\\/\"]}]},{\"@type\":\"ImageObject\",\"inLanguage\":\"en-GB\",\"@id\":\"https:\\\/\\\/salonforall.es\\\/lampara-uv-led-glow-f2-rp-220w\\\/#primaryimage\",\"url\":\"https:\\\/\\\/salonforall.es\\\/wp-content\\\/uploads\\\/2025\\\/12\\\/Lampara-Uv-Led-Glow-F2-Rp-220W-scaled.jpg\",\"contentUrl\":\"https:\\\/\\\/salonforall.es\\\/wp-content\\\/uploads\\\/2025\\\/12\\\/Lampara-Uv-Led-Glow-F2-Rp-220W-scaled.jpg\",\"width\":2560,\"height\":2560,\"caption\":\"L\u00e1mpara Uv Led Glow F2 Rp 220W\"},{\"@type\":\"BreadcrumbList\",\"@id\":\"https:\\\/\\\/salonforall.es\\\/lampara-uv-led-glow-f2-rp-220w\\\/#breadcrumb\",\"itemListElement\":[{\"@type\":\"ListItem\",\"position\":1,\"name\":\"Home\",\"item\":\"https:\\\/\\\/salonforall.es\\\/\"},{\"@type\":\"ListItem\",\"position\":2,\"name\":\"Winkel\",\"item\":\"https:\\\/\\\/salonforall.es\\\/winkel\\\/\"},{\"@type\":\"ListItem\",\"position\":3,\"name\":\"L\u00e1mpara Uv Led Glow F2 Rp 220W\"}]},{\"@type\":\"WebSite\",\"@id\":\"https:\\\/\\\/salonforall.es\\\/#website\",\"url\":\"https:\\\/\\\/salonforall.es\\\/\",\"name\":\"Salon For ALL Espa\u00f1a\",\"description\":\"Mayorista de mobiliario y suministros para consultorios y salones\",\"publisher\":{\"@id\":\"https:\\\/\\\/salonforall.es\\\/#organization\"},\"potentialAction\":[{\"@type\":\"SearchAction\",\"target\":{\"@type\":\"EntryPoint\",\"urlTemplate\":\"https:\\\/\\\/salonforall.es\\\/?s={search_term_string}\"},\"query-input\":{\"@type\":\"PropertyValueSpecification\",\"valueRequired\":true,\"valueName\":\"search_term_string\"}}],\"inLanguage\":\"en-GB\"},{\"@type\":\"Organization\",\"@id\":\"https:\\\/\\\/salonforall.es\\\/#organization\",\"name\":\"Salon For All B.V. Espa\u00f1a\",\"alternateName\":\"Salon For All B.V. Espa\u00f1a - Mayorista de equipamiento para consultas, salones y suministros\",\"url\":\"https:\\\/\\\/salonforall.es\\\/\",\"logo\":{\"@type\":\"ImageObject\",\"inLanguage\":\"en-GB\",\"@id\":\"https:\\\/\\\/salonforall.es\\\/#\\\/schema\\\/logo\\\/image\\\/\",\"url\":\"https:\\\/\\\/salonforall.es\\\/wp-content\\\/uploads\\\/2025\\\/11\\\/logo-salon-for-all-e1764543185849.png\",\"contentUrl\":\"https:\\\/\\\/salonforall.es\\\/wp-content\\\/uploads\\\/2025\\\/11\\\/logo-salon-for-all-e1764543185849.png\",\"width\":500,\"height\":150,\"caption\":\"Salon For All B.V. Espa\u00f1a\"},\"image\":{\"@id\":\"https:\\\/\\\/salonforall.es\\\/#\\\/schema\\\/logo\\\/image\\\/\"}}]}<\/script>\n<!-- \/ Yoast SEO plugin. -->","yoast_head_json":{"title":"Uv Led Glow F2 Rp 220W buy","description":"Buy Uv Led Glow F2 Rp 220W online or in the showroom at Salon For ALL Spain. The wholesaler for salons, practices and spas in Spain and Portugal.","robots":{"index":"index","follow":"follow","max-snippet":"max-snippet:-1","max-image-preview":"max-image-preview:large","max-video-preview":"max-video-preview:-1"},"canonical":"https:\/\/salonforall.es\/en\/uv-led-glow-f2-rp-220w-uv-led-glow-lamp\/","og_locale":"en_GB","og_type":"article","og_title":"L\u00e1mpara Uv Led Glow F2 Rp 220W","og_description":"Compra L\u00e1mpara Uv Led Glow F2 Rp 220W online o en el showroom en Salon For ALL Espa\u00f1a. El mayorista para salones, consultas y spas en Espa\u00f1a y Portugal.","og_url":"https:\/\/salonforall.es\/en\/uv-led-glow-f2-rp-220w-uv-led-glow-lamp\/","og_site_name":"Salon For ALL Espa\u00f1a","article_modified_time":"2026-03-24T16:12:12+00:00","og_image":[{"width":2560,"height":2560,"url":"https:\/\/salonforall.es\/wp-content\/uploads\/2025\/12\/Lampara-Uv-Led-Glow-F2-Rp-220W-scaled.jpg","type":"image\/jpeg"}],"twitter_card":"summary_large_image","twitter_title":"L\u00e1mpara Uv Led Glow F2 Rp 220W","twitter_misc":{"Estimated reading time":"10 minutes"},"schema":{"@context":"https:\/\/schema.org","@graph":[{"@type":"WebPage","@id":"https:\/\/salonforall.es\/lampara-uv-led-glow-f2-rp-220w\/","url":"https:\/\/salonforall.es\/lampara-uv-led-glow-f2-rp-220w\/","name":"Uv Led Glow F2 Rp 220W buy","isPartOf":{"@id":"https:\/\/salonforall.es\/#website"},"primaryImageOfPage":{"@id":"https:\/\/salonforall.es\/lampara-uv-led-glow-f2-rp-220w\/#primaryimage"},"image":{"@id":"https:\/\/salonforall.es\/lampara-uv-led-glow-f2-rp-220w\/#primaryimage"},"thumbnailUrl":"https:\/\/salonforall.es\/wp-content\/uploads\/2025\/12\/Lampara-Uv-Led-Glow-F2-Rp-220W-scaled.jpg","datePublished":"2025-12-02T13:03:40+00:00","dateModified":"2026-03-24T16:12:12+00:00","description":"Buy Uv Led Glow F2 Rp 220W online or in the showroom at Salon For ALL Spain. The wholesaler for salons, practices and spas in Spain and Portugal.","breadcrumb":{"@id":"https:\/\/salonforall.es\/lampara-uv-led-glow-f2-rp-220w\/#breadcrumb"},"inLanguage":"en-GB","potentialAction":[{"@type":"ReadAction","target":["https:\/\/salonforall.es\/lampara-uv-led-glow-f2-rp-220w\/"]}]},{"@type":"ImageObject","inLanguage":"en-GB","@id":"https:\/\/salonforall.es\/lampara-uv-led-glow-f2-rp-220w\/#primaryimage","url":"https:\/\/salonforall.es\/wp-content\/uploads\/2025\/12\/Lampara-Uv-Led-Glow-F2-Rp-220W-scaled.jpg","contentUrl":"https:\/\/salonforall.es\/wp-content\/uploads\/2025\/12\/Lampara-Uv-Led-Glow-F2-Rp-220W-scaled.jpg","width":2560,"height":2560,"caption":"L\u00e1mpara Uv Led Glow F2 Rp 220W"},{"@type":"BreadcrumbList","@id":"https:\/\/salonforall.es\/lampara-uv-led-glow-f2-rp-220w\/#breadcrumb","itemListElement":[{"@type":"ListItem","position":1,"name":"Home","item":"https:\/\/salonforall.es\/"},{"@type":"ListItem","position":2,"name":"Winkel","item":"https:\/\/salonforall.es\/winkel\/"},{"@type":"ListItem","position":3,"name":"L\u00e1mpara Uv Led Glow F2 Rp 220W"}]},{"@type":"WebSite","@id":"https:\/\/salonforall.es\/#website","url":"https:\/\/salonforall.es\/","name":"Salon For ALL Spain","description":"Wholesaler of salon and practice furniture and supplies","publisher":{"@id":"https:\/\/salonforall.es\/#organization"},"potentialAction":[{"@type":"SearchAction","target":{"@type":"EntryPoint","urlTemplate":"https:\/\/salonforall.es\/?s={search_term_string}"},"query-input":{"@type":"PropertyValueSpecification","valueRequired":true,"valueName":"search_term_string"}}],"inLanguage":"en-GB"},{"@type":"Organization","@id":"https:\/\/salonforall.es\/#organization","name":"Salon For All B.V. Spain","alternateName":"Salon For All B.V. Espa\u00f1a - Mayorista de equipamiento para consultas, salones y suministros","url":"https:\/\/salonforall.es\/","logo":{"@type":"ImageObject","inLanguage":"en-GB","@id":"https:\/\/salonforall.es\/#\/schema\/logo\/image\/","url":"https:\/\/salonforall.es\/wp-content\/uploads\/2025\/11\/logo-salon-for-all-e1764543185849.png","contentUrl":"https:\/\/salonforall.es\/wp-content\/uploads\/2025\/11\/logo-salon-for-all-e1764543185849.png","width":500,"height":150,"caption":"Salon For All B.V. Espa\u00f1a"},"image":{"@id":"https:\/\/salonforall.es\/#\/schema\/logo\/image\/"}}]}},"_links":{"self":[{"href":"https:\/\/salonforall.es\/en\/wp-json\/wp\/v2\/product\/13594","targetHints":{"allow":["GET"]}}],"collection":[{"href":"https:\/\/salonforall.es\/en\/wp-json\/wp\/v2\/product"}],"about":[{"href":"https:\/\/salonforall.es\/en\/wp-json\/wp\/v2\/types\/product"}],"replies":[{"embeddable":true,"href":"https:\/\/salonforall.es\/en\/wp-json\/wp\/v2\/comments?post=13594"}],"wp:featuredmedia":[{"embeddable":true,"href":"https:\/\/salonforall.es\/en\/wp-json\/wp\/v2\/media\/13595"}],"wp:attachment":[{"href":"https:\/\/salonforall.es\/en\/wp-json\/wp\/v2\/media?parent=13594"}],"wp:term":[{"taxonomy":"product_brand","embeddable":true,"href":"https:\/\/salonforall.es\/en\/wp-json\/wp\/v2\/product_brand?post=13594"},{"taxonomy":"product_cat","embeddable":true,"href":"https:\/\/salonforall.es\/en\/wp-json\/wp\/v2\/product_cat?post=13594"},{"taxonomy":"product_tag","embeddable":true,"href":"https:\/\/salonforall.es\/en\/wp-json\/wp\/v2\/product_tag?post=13594"}],"curies":[{"name":"wp","href":"https:\/\/api.w.org\/{rel}","templated":true}]}}