{"id":13536,"date":"2025-12-02T14:02:09","date_gmt":"2025-12-02T13:02:09","guid":{"rendered":"https:\/\/salonforall.es\/product\/lampara-uv-led-glow-v1-azul-168w\/"},"modified":"2026-03-24T17:11:58","modified_gmt":"2026-03-24T16:11:58","slug":"uv-led-glow-v1-blue-uv-lamp-168w","status":"publish","type":"product","link":"https:\/\/salonforall.es\/en\/lampara-uv-led-glow-v1-azul-168w\/","title":{"rendered":"Uv Led Glow Lamp V1 Blue 168W"},"content":{"rendered":"<h2>Information about Uv Led Glow V1 Blue 168W with article number 147267<\/h2>\n<p>The brand's products <strong>GLOW<\/strong> are professional lighting that improve the quality of services in both beauty salons and medical practices. It offers a wide selection of specialised lamps, including UV\/LED and treatment lamps, necessary for precise work.<\/p>\n<p><img decoding=\"async\" src=\"https:\/\/activeshop.com.pl\/media\/wysiwyg\/product\/147267\/EN_147267_1.jpg\"><\/p>\n<h2><strong>A practical manicure lamp<\/strong><\/h2>\n<p><strong>The GLOW V1 nail lamp<\/strong>, equipped with practical functions, facilitates manicure and pedicure treatments, during which hybrid polishes, gels or other light-curing preparations are used. Correctly positioned diodes and Dual LED technology ensure perfect fixation of the nail design. The easy handling makes it perfect for both professional and home use.<\/p>\n<p><img decoding=\"async\" src=\"https:\/\/activeshop.com.pl\/media\/wysiwyg\/product\/147267\/EN_147267_2.jpg\"><\/p>\n<h2><strong>Shadow-free device with Dual LED technology<\/strong><\/h2>\n<p>The lamp is characterised by an output of 168 W, consisting of up to 42 correctly arranged LEDs (without the so-called \u00abdead zone\u00bb), which ensure perfect drying of gels and hybrid polishes. The V1 model has a closed shape, the so-called booth, which allows for more precise and uniform drying of the styling. Dual LED technology allows the diodes to emit light of two wavelengths without tiring the eyes, providing a broad spectrum of action and fast styling fixation. The solutions used allow the lamp to properly cure even the most demanding polishes, reaching the most inaccessible areas of the nail plate.<\/p>\n<p><img decoding=\"async\" src=\"https:\/\/activeshop.com.pl\/media\/wysiwyg\/product\/147267\/EN_147267_3.jpg\"><\/p>\n<h2><strong>Adjusting working time to individual needs<\/strong><\/h2>\n<p>The lamp timer has four preset operating times: 10 s, 30 s, 60 s and 99 s (so-called \u00abLow Heat Mode\u00bb). In addition, if no mode is selected, the built-in motion sensor automatically switches on the lamp when placing fingers or foot underneath, with a maximum exposure time of 120 s. The display shows the curing time, regardless of the selected mode. This allows you to easily select the exposure time to suit the hairstyle you are styling.<\/p>\n<p><img decoding=\"async\" src=\"https:\/\/activeshop.com.pl\/media\/wysiwyg\/product\/147267\/EN_147267_4.jpg\"><\/p>\n<h2><strong>Comfortable low-temperature mode<\/strong><\/h2>\n<p>The aforementioned low temperature system causes the lamp to gradually increase its power during curing, heating up more slowly. This avoids burning or heat sensation during exposure. This is a <strong>irreplaceable function, particularly when curing gels<\/strong>, which often causes discomfort when using other commercially available lamps.<\/p>\n<p><img decoding=\"async\" src=\"https:\/\/activeshop.com.pl\/media\/wysiwyg\/product\/147267\/EN_147267_5.jpg\"><\/p>\n<h2><strong>Removable bottom panel for a comfortable pedicure<\/strong><\/h2>\n<p>In addition, the lamp has a <strong>easy to remove removable bottom panel<\/strong>, which greatly improves the performance of chiropody or podiatry treatments, making it <strong>easier to place the foot<\/strong> underneath the device. This option is also perfect for cleaning or disinfecting the device.<\/p>\n<h2><strong>Elegant and functional design<\/strong><\/h2>\n<p><strong>Practical functions, ergonomic shape and a classic colour palette<\/strong> make the lamp both a practical and aesthetic element in a beauty salon's equipment. The dark interior and a colourful circle-shaped insert with a polished finish in shades of blue give the device an elegant style. The right size allows the whole hand or foot to be placed under the lamp, which ensures even drying of the hairstyle.<\/p>\n<div class=\"video-container\"><iframe loading=\"lazy\" src=\"https:\/\/www.youtube.com\/embed\/M1G3V9IH3i0\" allowfullscreen=\"allowfullscreen\" width=\"560\" height=\"315\" frameborder=\"0\"><\/iframe><\/div>\n<p>Read the instructions carefully before use.<br \/><strong>It includes:<\/strong> lamp, power adapter, instructions.<\/p>\n<p><strong>Data:<\/strong><br \/>Housing colour: shades of white and blue<br \/>Timer: 10 s, 30 s, 60 s, 99 s<br \/>Maximum operating time: 120 s<br \/>Motion sensor: yes<br \/>Display: Digital LCD<br \/>Number of LEDs: 42<br \/>Power: 168 W<br \/>Input voltage: 100-240 V<br \/>Wavelength of light: 365 nm, 405 nm<br \/>Dimensions: 23,5 \u00d7 22,3 \u00d7 10,2 cm<br \/>Warranty: 12 months<\/p>\n<p>Activeshop products are proportionally cheaper than many other brands\/suppliers. The price is in relation to the quality. Uv Led Glow V1 Blue 168W is therefore an affordable solution for your salon.<\/p>\n<h2>How is it delivered Uv Led Glow V1 Blue 168W?<\/h2>\n<p>Uv Led Glow V1 Blue 168W is delivered in the original packaging(s). Within Spain the shipping of L\u00e1mpara Uv Led Glow V1 Azul 168W is completely free of charge for orders over 100,- Euro. For deliveries to other countries separate shipping rates apply. You can check these rates with us or view them in the shopping cart. Uv Led Glow V1 Blue 168W is shipped via an external courier service.<\/p>\n<p>Packages or pallets are delivered as standard up to the front door threshold, even if you are located in a collective building, apartment building or apartment complex with a lift (provided the item fits in the lift). No lift available or item does not fit in the lift? Then we deliver up to the threshold of the ground floor.<\/p>\n<p>Do you still have questions about delivery or a special situation? Contact us and we will be happy to help you!<\/p>\n<p>*Items are not unpacked or assembled as standard. In special situations you can contact us to make arrangements.<\/p>\n<h2>Secure online shopping at Salon For All with the Webwinkelkeur seal of quality and SSL encryption.<\/h2>\n<p>It is important to us that our customers can shop safely in our online shop. We have been affiliated with the national quality seal Webwinkelkeur since 2019. Our identity has been verified and checked by them, and the online shop has been checked and legally approved. Furthermore, our online shop is affiliated with them for conflict mediation. You can see the logo with all the information of this online shop quality seal on the left or right side of the online shop (pink button with white). In addition, our site is protected with an SSL certificate so that you can surf securely with us. In the bar of your Internet browser, where our website appears, you will see a padlock icon. If you click on the padlock, you will get all the information about our security. This way you know that your order for Uv Led Glow Lamp V1 Blue 168W and your personal data are processed securely.<\/p>\n<h2>How can I pay for Uv Led Glow V1 Blue 168W?<\/h2>\n<p>We want to make it as easy as possible for you. That's why at Salon For All you can pay with all popular payment methods. Pay in advance, on delivery or afterwards - everything is possible. See here for all the payment methods we offer:<\/p>\n<ul>\n<li>iDEAL<\/li>\n<li>Credit card (Visa, Mastercard, American Express)<\/li>\n<li>Klarna - Payment on delivery with invoice<\/li>\n<li>PayPal<\/li>\n<li>Apple Pay<\/li>\n<li>Google Pay<\/li>\n<li>Bizum (for Spanish customers)<\/li>\n<li>SEPA bank transfer<\/li>\n<li>Bancontact<\/li>\n<li>Commercial invoice for companies<\/li>\n<li>Payment in the showroom - Both card and cash (Only available on collection)<\/li>\n<\/ul>\n<h2>See also reviews of Salon For All<\/h2>\n<p>Please also check our reviews to take into account the experiences of our current customers in your decision to order Led Glow V1 Blue 168W Uv Lamp with us. Through our independent online shop quality seal Webwinkelkeur, verified reviews are automatically collected from customers who have completed an order with us. You can find them behind the pink button in our online shop or they are listed below the products.<\/p>\n<p>Please also share your experience after your purchase of your ordered Uv Led Glow Lamp V1 Blue 168W and your experience with the ordering process or contacting Salon For All to inspire others!<\/p>\n<h2>Contact Salon For All<\/h2>\n<p>Contact us then. We will be happy to help you with your purchase of Led Glow V1 Blue 168W Uv Lamp. On weekdays we are best available between 8.30am and 5.00pm via the phone number and email address at the top of the online shop or via the chat function. Out-of-hours enquiries are usually answered within 24 hours. It is also possible to visit us outside working days or office hours. However, an appointment must be made in advance.<\/p>\n<h2>Would you like to visit our showroom?<\/h2>\n<p>Would you like to see our Uv Led Glow V1 Blue 168W or would you like to browse our (online) shop offer together with our colleague? Then visit our showroom with more than 1000m\u00b2 of salon equipment and let yourself be inspired by our employees. Also if you like to get to know us pleasantly over a cup of coffee or tea, you are very welcome. We do not have all products in stock, so please let us know in advance that you would like to come. Always make an appointment in advance.<\/p>\n<h2>14 days of reflection and our return policy<\/h2>\n<p>It may of course happen that the delivered Uv Led Glow V1 Blue 168W is not completely to your liking and you want to return it. That is no problem at Salon For All. You must notify your return within 14 working days via info@salonforall.es. You will then first receive all instructions and conditions of return. Please note that Uv Led Glow Lamp V1 Blue 168W must not have been used, must contain all supplied parts and must be returned in the original packaging. Shipping costs for a return are always at the expense of the buyer on purchases via www.salonforall.es. You must arrange transport yourself with a carrier of your choice for a return. Once the Uv Led Glow Lamp V1 Blue 168W has been returned, it will be checked for completeness and possible damage. Once the return has been approved, the purchase amount will be refunded within 5 working days to the bank account we have on record.<\/p>\n<h2>Who is Salon For All?<\/h2>\n<p>Salon For All is THE wholesaler for all salon equipment in Europe. Salon For All started in 2003 under the name Salonvoordeel and grew out of practice. The owners of Salon For All were experienced hairdressers and beauty specialists and have together more than 30 years of practical experience. In 2003 we launched Salonvoordeel.nl (Netherlands) and subsequently Salon For All was founded for the European market. Some of our employees started their own business and so the idea to launch a functional online shop for hairdressers and to help them with the equipment of their salon was born.<\/p>\n<p>Our showroom is located in Dinxperlo, directly on the border between the Netherlands and Germany. With our extensive experience in the sector we can serve you as a mirror and provide you with the right advice - we speak the same language! We advise, inspire, motivate and support you in the purchase of Uv Led Glow V1 Blue 168W. Our suppliers are located all over Europe, from Germany, England, Italy to Poland.<\/p>","protected":false},"excerpt":{"rendered":"<p>The product Uv Led Glow V1 Blue 168W is a high quality solution for any living room. The estimated delivery time is approximately 6 working days.<\/p>","protected":false},"featured_media":13537,"comment_status":"open","ping_status":"open","template":"","meta":[],"product_brand":[640],"product_cat":[2240,621],"product_tag":[2241,623],"class_list":{"0":"post-13536","1":"product","2":"type-product","3":"status-publish","4":"has-post-thumbnail","6":"product_brand-glow","7":"product_cat-lamparas-led-y-uv-para-unas","8":"product_cat-unas","9":"product_tag-lamparas-led-y-uv-para-unas","10":"product_tag-unas","11":"pa_codigo-ean-7759","12":"pa_garantia-12-meses","13":"pa_marca-glow","14":"pa_numero-de-articulo-5358","15":"pa_tiempo-estimado-de-entrega-4-5-dias-laborables","17":"first","18":"instock","19":"sale","20":"taxable","21":"shipping-taxable","22":"purchasable","23":"product-type-simple"},"yoast_head":"<!-- This site is optimized with the Yoast SEO plugin v27.6 - https:\/\/yoast.com\/product\/yoast-seo-wordpress\/ -->\n<title>L\u00e1mpara Uv Led Glow V1 Azul 168W comprar<\/title>\n<meta name=\"description\" content=\"Compra L\u00e1mpara Uv Led Glow V1 Azul 168W online o en el showroom en Salon For ALL Espa\u00f1a. El mayorista para salones, consultas y spas en Espa\u00f1a y Portugal.\" \/>\n<meta name=\"robots\" content=\"index, follow, max-snippet:-1, max-image-preview:large, max-video-preview:-1\" \/>\n<link rel=\"canonical\" href=\"https:\/\/salonforall.es\/en\/uv-led-glow-v1-blue-uv-lamp-168w\/\" \/>\n<meta property=\"og:locale\" content=\"en_GB\" \/>\n<meta property=\"og:type\" content=\"article\" \/>\n<meta property=\"og:title\" content=\"L\u00e1mpara Uv Led Glow V1 Azul 168W\" \/>\n<meta property=\"og:description\" content=\"Compra L\u00e1mpara Uv Led Glow V1 Azul 168W online o en el showroom en Salon For ALL Espa\u00f1a. El mayorista para salones, consultas y spas en Espa\u00f1a y Portugal.\" \/>\n<meta property=\"og:url\" content=\"https:\/\/salonforall.es\/en\/uv-led-glow-v1-blue-uv-lamp-168w\/\" \/>\n<meta property=\"og:site_name\" content=\"Salon For ALL Espa\u00f1a\" \/>\n<meta property=\"article:modified_time\" content=\"2026-03-24T16:11:58+00:00\" \/>\n<meta property=\"og:image\" content=\"https:\/\/salonforall.es\/wp-content\/uploads\/2025\/12\/Lampara-Uv-Led-Glow-V1-Azul-168W.jpg\" \/>\n\t<meta property=\"og:image:width\" content=\"1200\" \/>\n\t<meta property=\"og:image:height\" content=\"1200\" \/>\n\t<meta property=\"og:image:type\" content=\"image\/jpeg\" \/>\n<meta name=\"twitter:card\" content=\"summary_large_image\" \/>\n<meta name=\"twitter:title\" content=\"L\u00e1mpara Uv Led Glow V1 Azul 168W\" \/>\n<meta name=\"twitter:label1\" content=\"Estimated reading time\" \/>\n\t<meta name=\"twitter:data1\" content=\"9 minutes\" \/>\n<script type=\"application\/ld+json\" class=\"yoast-schema-graph\">{\"@context\":\"https:\\\/\\\/schema.org\",\"@graph\":[{\"@type\":\"WebPage\",\"@id\":\"https:\\\/\\\/salonforall.es\\\/lampara-uv-led-glow-v1-azul-168w\\\/\",\"url\":\"https:\\\/\\\/salonforall.es\\\/lampara-uv-led-glow-v1-azul-168w\\\/\",\"name\":\"L\u00e1mpara Uv Led Glow V1 Azul 168W comprar\",\"isPartOf\":{\"@id\":\"https:\\\/\\\/salonforall.es\\\/#website\"},\"primaryImageOfPage\":{\"@id\":\"https:\\\/\\\/salonforall.es\\\/lampara-uv-led-glow-v1-azul-168w\\\/#primaryimage\"},\"image\":{\"@id\":\"https:\\\/\\\/salonforall.es\\\/lampara-uv-led-glow-v1-azul-168w\\\/#primaryimage\"},\"thumbnailUrl\":\"https:\\\/\\\/salonforall.es\\\/wp-content\\\/uploads\\\/2025\\\/12\\\/Lampara-Uv-Led-Glow-V1-Azul-168W.jpg\",\"datePublished\":\"2025-12-02T13:02:09+00:00\",\"dateModified\":\"2026-03-24T16:11:58+00:00\",\"description\":\"Compra L\u00e1mpara Uv Led Glow V1 Azul 168W online o en el showroom en Salon For ALL Espa\u00f1a. El mayorista para salones, consultas y spas en Espa\u00f1a y Portugal.\",\"breadcrumb\":{\"@id\":\"https:\\\/\\\/salonforall.es\\\/lampara-uv-led-glow-v1-azul-168w\\\/#breadcrumb\"},\"inLanguage\":\"en-GB\",\"potentialAction\":[{\"@type\":\"ReadAction\",\"target\":[\"https:\\\/\\\/salonforall.es\\\/lampara-uv-led-glow-v1-azul-168w\\\/\"]}]},{\"@type\":\"ImageObject\",\"inLanguage\":\"en-GB\",\"@id\":\"https:\\\/\\\/salonforall.es\\\/lampara-uv-led-glow-v1-azul-168w\\\/#primaryimage\",\"url\":\"https:\\\/\\\/salonforall.es\\\/wp-content\\\/uploads\\\/2025\\\/12\\\/Lampara-Uv-Led-Glow-V1-Azul-168W.jpg\",\"contentUrl\":\"https:\\\/\\\/salonforall.es\\\/wp-content\\\/uploads\\\/2025\\\/12\\\/Lampara-Uv-Led-Glow-V1-Azul-168W.jpg\",\"width\":1200,\"height\":1200,\"caption\":\"L\u00e1mpara Uv Led Glow V1 Azul 168W\"},{\"@type\":\"BreadcrumbList\",\"@id\":\"https:\\\/\\\/salonforall.es\\\/lampara-uv-led-glow-v1-azul-168w\\\/#breadcrumb\",\"itemListElement\":[{\"@type\":\"ListItem\",\"position\":1,\"name\":\"Home\",\"item\":\"https:\\\/\\\/salonforall.es\\\/\"},{\"@type\":\"ListItem\",\"position\":2,\"name\":\"Winkel\",\"item\":\"https:\\\/\\\/salonforall.es\\\/winkel\\\/\"},{\"@type\":\"ListItem\",\"position\":3,\"name\":\"L\u00e1mpara Uv Led Glow V1 Azul 168W\"}]},{\"@type\":\"WebSite\",\"@id\":\"https:\\\/\\\/salonforall.es\\\/#website\",\"url\":\"https:\\\/\\\/salonforall.es\\\/\",\"name\":\"Salon For ALL Espa\u00f1a\",\"description\":\"Mayorista de mobiliario y suministros para consultorios y salones\",\"publisher\":{\"@id\":\"https:\\\/\\\/salonforall.es\\\/#organization\"},\"potentialAction\":[{\"@type\":\"SearchAction\",\"target\":{\"@type\":\"EntryPoint\",\"urlTemplate\":\"https:\\\/\\\/salonforall.es\\\/?s={search_term_string}\"},\"query-input\":{\"@type\":\"PropertyValueSpecification\",\"valueRequired\":true,\"valueName\":\"search_term_string\"}}],\"inLanguage\":\"en-GB\"},{\"@type\":\"Organization\",\"@id\":\"https:\\\/\\\/salonforall.es\\\/#organization\",\"name\":\"Salon For All B.V. Espa\u00f1a\",\"alternateName\":\"Salon For All B.V. Espa\u00f1a - Mayorista de equipamiento para consultas, salones y suministros\",\"url\":\"https:\\\/\\\/salonforall.es\\\/\",\"logo\":{\"@type\":\"ImageObject\",\"inLanguage\":\"en-GB\",\"@id\":\"https:\\\/\\\/salonforall.es\\\/#\\\/schema\\\/logo\\\/image\\\/\",\"url\":\"https:\\\/\\\/salonforall.es\\\/wp-content\\\/uploads\\\/2025\\\/11\\\/logo-salon-for-all-e1764543185849.png\",\"contentUrl\":\"https:\\\/\\\/salonforall.es\\\/wp-content\\\/uploads\\\/2025\\\/11\\\/logo-salon-for-all-e1764543185849.png\",\"width\":500,\"height\":150,\"caption\":\"Salon For All B.V. Espa\u00f1a\"},\"image\":{\"@id\":\"https:\\\/\\\/salonforall.es\\\/#\\\/schema\\\/logo\\\/image\\\/\"}}]}<\/script>\n<!-- \/ Yoast SEO plugin. -->","yoast_head_json":{"title":"Uv Led Glow Lamp V1 Blue 168W buy","description":"Buy Uv Led Glow Lamp V1 Blue 168W online or in the showroom at Salon For ALL Spain. The wholesaler for salons, practices and spas in Spain and Portugal.","robots":{"index":"index","follow":"follow","max-snippet":"max-snippet:-1","max-image-preview":"max-image-preview:large","max-video-preview":"max-video-preview:-1"},"canonical":"https:\/\/salonforall.es\/en\/uv-led-glow-v1-blue-uv-lamp-168w\/","og_locale":"en_GB","og_type":"article","og_title":"L\u00e1mpara Uv Led Glow V1 Azul 168W","og_description":"Compra L\u00e1mpara Uv Led Glow V1 Azul 168W online o en el showroom en Salon For ALL Espa\u00f1a. El mayorista para salones, consultas y spas en Espa\u00f1a y Portugal.","og_url":"https:\/\/salonforall.es\/en\/uv-led-glow-v1-blue-uv-lamp-168w\/","og_site_name":"Salon For ALL Espa\u00f1a","article_modified_time":"2026-03-24T16:11:58+00:00","og_image":[{"width":1200,"height":1200,"url":"https:\/\/salonforall.es\/wp-content\/uploads\/2025\/12\/Lampara-Uv-Led-Glow-V1-Azul-168W.jpg","type":"image\/jpeg"}],"twitter_card":"summary_large_image","twitter_title":"L\u00e1mpara Uv Led Glow V1 Azul 168W","twitter_misc":{"Estimated reading time":"9 minutes"},"schema":{"@context":"https:\/\/schema.org","@graph":[{"@type":"WebPage","@id":"https:\/\/salonforall.es\/lampara-uv-led-glow-v1-azul-168w\/","url":"https:\/\/salonforall.es\/lampara-uv-led-glow-v1-azul-168w\/","name":"Uv Led Glow Lamp V1 Blue 168W buy","isPartOf":{"@id":"https:\/\/salonforall.es\/#website"},"primaryImageOfPage":{"@id":"https:\/\/salonforall.es\/lampara-uv-led-glow-v1-azul-168w\/#primaryimage"},"image":{"@id":"https:\/\/salonforall.es\/lampara-uv-led-glow-v1-azul-168w\/#primaryimage"},"thumbnailUrl":"https:\/\/salonforall.es\/wp-content\/uploads\/2025\/12\/Lampara-Uv-Led-Glow-V1-Azul-168W.jpg","datePublished":"2025-12-02T13:02:09+00:00","dateModified":"2026-03-24T16:11:58+00:00","description":"Buy Uv Led Glow Lamp V1 Blue 168W online or in the showroom at Salon For ALL Spain. The wholesaler for salons, practices and spas in Spain and Portugal.","breadcrumb":{"@id":"https:\/\/salonforall.es\/lampara-uv-led-glow-v1-azul-168w\/#breadcrumb"},"inLanguage":"en-GB","potentialAction":[{"@type":"ReadAction","target":["https:\/\/salonforall.es\/lampara-uv-led-glow-v1-azul-168w\/"]}]},{"@type":"ImageObject","inLanguage":"en-GB","@id":"https:\/\/salonforall.es\/lampara-uv-led-glow-v1-azul-168w\/#primaryimage","url":"https:\/\/salonforall.es\/wp-content\/uploads\/2025\/12\/Lampara-Uv-Led-Glow-V1-Azul-168W.jpg","contentUrl":"https:\/\/salonforall.es\/wp-content\/uploads\/2025\/12\/Lampara-Uv-Led-Glow-V1-Azul-168W.jpg","width":1200,"height":1200,"caption":"L\u00e1mpara Uv Led Glow V1 Azul 168W"},{"@type":"BreadcrumbList","@id":"https:\/\/salonforall.es\/lampara-uv-led-glow-v1-azul-168w\/#breadcrumb","itemListElement":[{"@type":"ListItem","position":1,"name":"Home","item":"https:\/\/salonforall.es\/"},{"@type":"ListItem","position":2,"name":"Winkel","item":"https:\/\/salonforall.es\/winkel\/"},{"@type":"ListItem","position":3,"name":"L\u00e1mpara Uv Led Glow V1 Azul 168W"}]},{"@type":"WebSite","@id":"https:\/\/salonforall.es\/#website","url":"https:\/\/salonforall.es\/","name":"Salon For ALL Spain","description":"Wholesaler of salon and practice furniture and supplies","publisher":{"@id":"https:\/\/salonforall.es\/#organization"},"potentialAction":[{"@type":"SearchAction","target":{"@type":"EntryPoint","urlTemplate":"https:\/\/salonforall.es\/?s={search_term_string}"},"query-input":{"@type":"PropertyValueSpecification","valueRequired":true,"valueName":"search_term_string"}}],"inLanguage":"en-GB"},{"@type":"Organization","@id":"https:\/\/salonforall.es\/#organization","name":"Salon For All B.V. Spain","alternateName":"Salon For All B.V. Espa\u00f1a - Mayorista de equipamiento para consultas, salones y suministros","url":"https:\/\/salonforall.es\/","logo":{"@type":"ImageObject","inLanguage":"en-GB","@id":"https:\/\/salonforall.es\/#\/schema\/logo\/image\/","url":"https:\/\/salonforall.es\/wp-content\/uploads\/2025\/11\/logo-salon-for-all-e1764543185849.png","contentUrl":"https:\/\/salonforall.es\/wp-content\/uploads\/2025\/11\/logo-salon-for-all-e1764543185849.png","width":500,"height":150,"caption":"Salon For All B.V. Espa\u00f1a"},"image":{"@id":"https:\/\/salonforall.es\/#\/schema\/logo\/image\/"}}]}},"_links":{"self":[{"href":"https:\/\/salonforall.es\/en\/wp-json\/wp\/v2\/product\/13536","targetHints":{"allow":["GET"]}}],"collection":[{"href":"https:\/\/salonforall.es\/en\/wp-json\/wp\/v2\/product"}],"about":[{"href":"https:\/\/salonforall.es\/en\/wp-json\/wp\/v2\/types\/product"}],"replies":[{"embeddable":true,"href":"https:\/\/salonforall.es\/en\/wp-json\/wp\/v2\/comments?post=13536"}],"wp:featuredmedia":[{"embeddable":true,"href":"https:\/\/salonforall.es\/en\/wp-json\/wp\/v2\/media\/13537"}],"wp:attachment":[{"href":"https:\/\/salonforall.es\/en\/wp-json\/wp\/v2\/media?parent=13536"}],"wp:term":[{"taxonomy":"product_brand","embeddable":true,"href":"https:\/\/salonforall.es\/en\/wp-json\/wp\/v2\/product_brand?post=13536"},{"taxonomy":"product_cat","embeddable":true,"href":"https:\/\/salonforall.es\/en\/wp-json\/wp\/v2\/product_cat?post=13536"},{"taxonomy":"product_tag","embeddable":true,"href":"https:\/\/salonforall.es\/en\/wp-json\/wp\/v2\/product_tag?post=13536"}],"curies":[{"name":"wp","href":"https:\/\/api.w.org\/{rel}","templated":true}]}}