{"id":12758,"date":"2025-12-02T13:53:20","date_gmt":"2025-12-02T12:53:20","guid":{"rendered":"https:\/\/salonforall.es\/product\/giovanni-vapozon-con-lampara-lupa-d-21-negro\/"},"modified":"2026-03-24T17:09:44","modified_gmt":"2026-03-24T16:09:44","slug":"giovanni-vapozon-with-magnifying-lamp-d-21-black","status":"publish","type":"product","link":"https:\/\/salonforall.es\/en\/giovanni-vapozon-con-lampara-lupa-d-21-negro\/","title":{"rendered":"Giovanni Vapozon With Magnifying Lamp D-21 Black"},"content":{"rendered":"<h2>Information about Giovanni Vapozon With Magnifying Lamp D-21 Black with article number 147020<\/h2>\n<p><img decoding=\"async\" src=\"https:\/\/activeshop.com.pl\/media\/wysiwyg\/product\/147020\/EN_147020_1.jpg\"><\/p>\n<p><strong>Giovanni<\/strong> is a brand specialising in practical equipment for beauty and cosmetic salons, offering, among others, cosmetic furniture and steamers. The high durability, ergonomics and functionality of the products provide users with comfort and practicality at work.<\/p>\n<p><img decoding=\"async\" src=\"https:\/\/activeshop.com.pl\/media\/wysiwyg\/product\/147020\/EN_147020_3.jpg\"><\/p>\n<h2><strong>A perfect device to enhance cosmetic procedures<\/strong><\/h2>\n<p>The Giovanni D-21 multifunctional steamer with magnifying lamp is a highly effective device, perfect for any beauty salon. It produces steam, which stimulates self-cleansing of the skin and prepares it for subsequent cosmetic treatments. The magnifying lamp allows the skin to be viewed at high magnification, while providing excellent illumination of the working area.<\/p>\n<p><img decoding=\"async\" src=\"https:\/\/activeshop.com.pl\/media\/wysiwyg\/product\/147020\/EN_147020_2.jpg\"><\/p>\n<h2><strong>Easy to use and very convenient<\/strong><\/h2>\n<p>The wapozon is very intuitive. With the rotary knob, you can set the duration of the treatment and switch on the UV lamp, which ensures the disinfection of the water. The device also has an aromatherapy function thanks to a special element in the nozzle. The flexible arm of the magnifying lamp allows it to be placed in the correct position according to the procedure being performed. Its considerable magnification facilitates precise treatments and allows a closer view of the skin. Its simple operation and functionality make it an excellent choice for any salon. Above all, the use of the steamer softens the stratum corneum of the skin, which is especially important for the effectiveness of cleansing treatments, as it facilitates the removal of blackheads and dead skin. It unblocks the sebaceous glands (the so-called pores of the skin), which significantly facilitates the release of sebum layers. Skin respiration and circulation are stimulated, improving the removal of impurities and unnecessary metabolic products. It also improves the oxygen supply to the skin and the penetration of nutrients during subsequent treatments. The treatment can also be used on other parts of the body that require deep cleansing, such as the neck, d\u00e9collet\u00e9 or back. The treatment is also suitable for scalp therapy as well as during hair care treatments.<\/p>\n<p><img decoding=\"async\" src=\"https:\/\/activeshop.com.pl\/media\/wysiwyg\/product\/147020\/EN_147020_4.jpg\"><\/p>\n<h2><strong>Minimalism and functionality<\/strong><\/h2>\n<p>The steamer is made of black plastic, which makes it easy to clean. The stand has an easy height adjustment from 78 to 95 cm, which allows the equipment to be placed at the right height to ensure the user's working comfort. Both the magnifying lamp and the vaporiser nozzle rotate independently, which expands the adjustment possibilities. The four-arm base with rubber wheels improves mobility, making it easy to move the device.<\/p>\n<div class=\"video-container\"> <iframe height=\"315\" src=\"https:\/\/www.youtube.com\/embed\/aN7cfNe3bHg\" frameborder=\"0\" width=\"560\" allowfullscreen allow=\"accelerometer; autoplay; encrypted-media; gyroscope; picture-in-picture\"> <\/iframe> <\/div>\n<p>The exact dimensions are shown in the picture.<br \/><strong>The set includes:<\/strong> Vapozon, magnifying lamp, stand with four-arm base on rubber wheels, instructions.<\/p>\n<p><strong>Data:<\/strong><br \/>Colour: black<br \/>Lens diameter: 8,5 cm<br \/>Magnification of the magnifying glass: 5x<br \/>Vapozone power: 750 W<br \/>Magnifying lamp power: 9,5 W<br \/>Vapozone voltage: 220 V<br \/>Magnifier lamp voltage: 100-240 V<\/p>\n<p>Activeshop products are proportionally cheaper than many other brands\/suppliers. The price is in relation to the quality. Giovanni Vapozon With Magnifying Lamp D-21 Black is therefore an affordable solution for your salon.<\/p>\n<h2>How is Giovanni Vapozon With Magnifying Lamp D-21 Black delivered?<\/h2>\n<p>Giovanni Vapozon With Magnifying Lamp D-21 Black is delivered in the original packaging(s). Within Spain the shipping of Giovanni Vapozon With Magnifying Lamp D-21 Black is completely free of charge for orders over 100,- Euro. For shipments to other countries separate shipping rates apply. You can check these rates with us or view them in the shopping cart. Giovanni Vapozon With Magnifying Lamp D-21 Black is shipped via an external courier service.<\/p>\n<p>Packages or pallets are delivered as standard up to the front door threshold, even if you are located in a collective building, apartment building or apartment complex with a lift (provided the item fits in the lift). No lift available or item does not fit in the lift? Then we deliver up to the threshold of the ground floor.<\/p>\n<p>Do you still have questions about delivery or a special situation? Contact us and we will be happy to help you!<\/p>\n<p>*Items are not unpacked or assembled as standard. In special situations you can contact us to make arrangements.<\/p>\n<h2>Secure online shopping at Salon For All with the Webwinkelkeur seal of quality and SSL encryption.<\/h2>\n<p>It is important to us that our customers can shop safely in our online shop. We have been affiliated with the national quality seal Webwinkelkeur since 2019. Our identity has been verified and checked by them, and the online shop has been checked and legally approved. Furthermore, our online shop is affiliated with them for conflict mediation. You can see the badge with all the information of this online shop quality seal on the left or right side of the online shop (pink button with white). In addition, our site is protected with an SSL certificate so that you can surf securely with us. In the bar of your Internet browser, where our website appears, you will see a padlock icon. If you click on the padlock, you will get all the information about our security. This way you know that your Giovanni Vapozon With Magnifying Lamp D-21 Black order and your personal data are processed securely.<\/p>\n<h2>How can I pay for Giovanni Vapozon With Magnifying Lamp D-21 Black?<\/h2>\n<p>We want to make it as easy as possible for you. That's why at Salon For All you can pay with all popular payment methods. Pay in advance, on delivery or afterwards - everything is possible. See here for all the payment methods we offer:<\/p>\n<ul>\n<li>iDEAL<\/li>\n<li>Credit card (Visa, Mastercard, American Express)<\/li>\n<li>Klarna - Payment on delivery with invoice<\/li>\n<li>PayPal<\/li>\n<li>Apple Pay<\/li>\n<li>Google Pay<\/li>\n<li>Bizum (for Spanish customers)<\/li>\n<li>SEPA bank transfer<\/li>\n<li>Bancontact<\/li>\n<li>Commercial invoice for companies<\/li>\n<li>Payment in the showroom - Both card and cash (Only available on collection)<\/li>\n<\/ul>\n<h2>See also reviews of Salon For All<\/h2>\n<p>Please also check our reviews to take into account the experiences of our existing customers in your decision to order Giovanni Vapozon With Magnifying Lamp D-21 Black with us. Through our independent online shop quality seal Webwinkelkeur, verified reviews are automatically collected from customers who have completed an order with us. You can find them behind the pink button in our online shop or they are listed below the products.<\/p>\n<p>Please also share your experience after shopping with your Giovanni Vapozon With Magnifying Lamp D-21 Black order and your experience with the purchase process or contacting Salon For All to inspire others!<\/p>\n<h2>Contact Salon For All<\/h2>\n<p>Contact us then. We will be happy to help you with your purchase of Giovanni Vapozon With Magnifying Lamp D-21 Black. On weekdays we are best available between 8.30am and 5.00pm via the telephone number and email address at the top of the online shop or via the chat function. Out-of-hours enquiries are usually answered within 24 hours. It is also possible to visit us outside working days or office hours. However, an appointment must be made in advance.<\/p>\n<h2>Would you like to visit our showroom?<\/h2>\n<p>Would you prefer to see Giovanni Vapozon With Magnifying Lamp D-21 Black or browse through our (online) shop offer together with our colleague? Then visit our showroom with more than 1000m\u00b2 of lounge equipment and let yourself be inspired by our employees. Also if you like to get to know us pleasantly over a cup of coffee or tea, you are very welcome. We do not have all products in stock, so please let us know in advance that you would like to come. Always make an appointment in advance.<\/p>\n<h2>14 days of reflection and our return policy<\/h2>\n<p>It may of course happen that Giovanni Vapozon With Magnifying Lamp D-21 Black delivered is not completely to your liking and you wish to return it. That is no problem at Salon For All. You must notify your return within 14 working days via info@salonforall.es. You will then first receive full instructions and return conditions. Please note that Giovanni Vapozon With Magnifying Lamp D-21 Black must not have been used, must contain all supplied parts and must be returned in the original packaging. Shipping costs for a return are always at the buyer's expense for purchases through www.salonforall.es. You must arrange transport yourself with a carrier of your choice for a return. Once Giovanni Vapozon With Magnifying Lamp D-21 Black has been returned, it will be checked for completeness and possible damage. Once the return has been approved, the purchase amount will be refunded within 5 working days to the bank account we have on record.<\/p>\n<h2>Who is Salon For All?<\/h2>\n<p>Salon For All is THE wholesaler for all salon equipment in Europe. Salon For All started in 2003 under the name Salonvoordeel and grew out of practice. The owners of Salon For All were experienced hairdressers and beauty specialists and have together more than 30 years of practical experience. In 2003 we launched Salonvoordeel.nl (Netherlands) and subsequently Salon For All was founded for the European market. Some of our employees started their own business and so the idea to launch a functional online shop for hairdressers and to help them with the equipment of their salon was born.<\/p>\n<p>Our showroom is located in Dinxperlo, directly on the border between the Netherlands and Germany. With our many years of experience in the industry, we can be your mirror and provide you with the right advice - we speak the same language! We advise, inspire, motivate and support you in the purchase of Giovanni Vapozon With Magnifying Lamp D-21 Black. Our suppliers are located all over Europe, from Germany, England, Italy to Poland.<\/p>","protected":false},"excerpt":{"rendered":"<p>The Giovanni Vapozon With Magnifying Lamp D-21 Black is a high quality solution for any salon. The estimated delivery time is approximately 6 working days.<\/p>","protected":false},"featured_media":12759,"comment_status":"open","ping_status":"open","template":"","meta":[],"product_brand":[146],"product_cat":[137,147],"product_tag":[140,148],"class_list":{"0":"post-12758","1":"product","2":"type-product","3":"status-publish","4":"has-post-thumbnail","6":"product_brand-giovanni","7":"product_cat-dispositivos-cosmeticos","8":"product_cat-vaporizador","9":"product_tag-dispositivos-cosmeticos","10":"product_tag-vaporizador","11":"pa_codigo-ean-7759","12":"pa_garantia-12-meses","13":"pa_marca-giovanni","14":"pa_numero-de-articulo-5127","15":"pa_tiempo-estimado-de-entrega-4-5-dias-laborables","17":"first","18":"instock","19":"sale","20":"taxable","21":"shipping-taxable","22":"purchasable","23":"product-type-simple"},"yoast_head":"<!-- This site is optimized with the Yoast SEO plugin v27.6 - https:\/\/yoast.com\/product\/yoast-seo-wordpress\/ -->\n<title>Giovanni Vapozon Con L\u00e1mpara Lupa D-21 Negro comprar<\/title>\n<meta name=\"description\" content=\"Compra Giovanni Vapozon Con L\u00e1mpara Lupa D-21 Negro online o en el showroom en Salon For ALL Espa\u00f1a. El mayorista para salones, consultas y spas en Espa\u00f1a y Portugal.\" \/>\n<meta name=\"robots\" content=\"index, follow, max-snippet:-1, max-image-preview:large, max-video-preview:-1\" \/>\n<link rel=\"canonical\" href=\"https:\/\/salonforall.es\/en\/giovanni-vapozon-with-magnifying-lamp-d-21-black\/\" \/>\n<meta property=\"og:locale\" content=\"en_GB\" \/>\n<meta property=\"og:type\" content=\"article\" \/>\n<meta property=\"og:title\" content=\"Giovanni Vapozon Con L\u00e1mpara Lupa D-21 Negro\" \/>\n<meta property=\"og:description\" content=\"Compra Giovanni Vapozon Con L\u00e1mpara Lupa D-21 Negro online o en el showroom en Salon For ALL Espa\u00f1a. El mayorista para salones, consultas y spas en Espa\u00f1a y Portugal.\" \/>\n<meta property=\"og:url\" content=\"https:\/\/salonforall.es\/en\/giovanni-vapozon-with-magnifying-lamp-d-21-black\/\" \/>\n<meta property=\"og:site_name\" content=\"Salon For ALL Espa\u00f1a\" \/>\n<meta property=\"article:modified_time\" content=\"2026-03-24T16:09:44+00:00\" \/>\n<meta property=\"og:image\" content=\"https:\/\/salonforall.es\/wp-content\/uploads\/2025\/12\/Giovanni-Vapozon-Con-Lampara-Lupa-D-21-Negro.jpg\" \/>\n\t<meta property=\"og:image:width\" content=\"1200\" \/>\n\t<meta property=\"og:image:height\" content=\"1200\" \/>\n\t<meta property=\"og:image:type\" content=\"image\/jpeg\" \/>\n<meta name=\"twitter:card\" content=\"summary_large_image\" \/>\n<meta name=\"twitter:title\" content=\"Giovanni Vapozon Con L\u00e1mpara Lupa D-21 Negro\" \/>\n<meta name=\"twitter:label1\" content=\"Estimated reading time\" \/>\n\t<meta name=\"twitter:data1\" content=\"9 minutes\" \/>\n<script type=\"application\/ld+json\" class=\"yoast-schema-graph\">{\"@context\":\"https:\\\/\\\/schema.org\",\"@graph\":[{\"@type\":\"WebPage\",\"@id\":\"https:\\\/\\\/salonforall.es\\\/giovanni-vapozon-con-lampara-lupa-d-21-negro\\\/\",\"url\":\"https:\\\/\\\/salonforall.es\\\/giovanni-vapozon-con-lampara-lupa-d-21-negro\\\/\",\"name\":\"Giovanni Vapozon Con L\u00e1mpara Lupa D-21 Negro comprar\",\"isPartOf\":{\"@id\":\"https:\\\/\\\/salonforall.es\\\/#website\"},\"primaryImageOfPage\":{\"@id\":\"https:\\\/\\\/salonforall.es\\\/giovanni-vapozon-con-lampara-lupa-d-21-negro\\\/#primaryimage\"},\"image\":{\"@id\":\"https:\\\/\\\/salonforall.es\\\/giovanni-vapozon-con-lampara-lupa-d-21-negro\\\/#primaryimage\"},\"thumbnailUrl\":\"https:\\\/\\\/salonforall.es\\\/wp-content\\\/uploads\\\/2025\\\/12\\\/Giovanni-Vapozon-Con-Lampara-Lupa-D-21-Negro.jpg\",\"datePublished\":\"2025-12-02T12:53:20+00:00\",\"dateModified\":\"2026-03-24T16:09:44+00:00\",\"description\":\"Compra Giovanni Vapozon Con L\u00e1mpara Lupa D-21 Negro online o en el showroom en Salon For ALL Espa\u00f1a. El mayorista para salones, consultas y spas en Espa\u00f1a y Portugal.\",\"breadcrumb\":{\"@id\":\"https:\\\/\\\/salonforall.es\\\/giovanni-vapozon-con-lampara-lupa-d-21-negro\\\/#breadcrumb\"},\"inLanguage\":\"en-GB\",\"potentialAction\":[{\"@type\":\"ReadAction\",\"target\":[\"https:\\\/\\\/salonforall.es\\\/giovanni-vapozon-con-lampara-lupa-d-21-negro\\\/\"]}]},{\"@type\":\"ImageObject\",\"inLanguage\":\"en-GB\",\"@id\":\"https:\\\/\\\/salonforall.es\\\/giovanni-vapozon-con-lampara-lupa-d-21-negro\\\/#primaryimage\",\"url\":\"https:\\\/\\\/salonforall.es\\\/wp-content\\\/uploads\\\/2025\\\/12\\\/Giovanni-Vapozon-Con-Lampara-Lupa-D-21-Negro.jpg\",\"contentUrl\":\"https:\\\/\\\/salonforall.es\\\/wp-content\\\/uploads\\\/2025\\\/12\\\/Giovanni-Vapozon-Con-Lampara-Lupa-D-21-Negro.jpg\",\"width\":1200,\"height\":1200,\"caption\":\"Giovanni Vapozon Con L\u00e1mpara Lupa D-21 Negro\"},{\"@type\":\"BreadcrumbList\",\"@id\":\"https:\\\/\\\/salonforall.es\\\/giovanni-vapozon-con-lampara-lupa-d-21-negro\\\/#breadcrumb\",\"itemListElement\":[{\"@type\":\"ListItem\",\"position\":1,\"name\":\"Home\",\"item\":\"https:\\\/\\\/salonforall.es\\\/\"},{\"@type\":\"ListItem\",\"position\":2,\"name\":\"Winkel\",\"item\":\"https:\\\/\\\/salonforall.es\\\/winkel\\\/\"},{\"@type\":\"ListItem\",\"position\":3,\"name\":\"Giovanni Vapozon Con L\u00e1mpara Lupa D-21 Negro\"}]},{\"@type\":\"WebSite\",\"@id\":\"https:\\\/\\\/salonforall.es\\\/#website\",\"url\":\"https:\\\/\\\/salonforall.es\\\/\",\"name\":\"Salon For ALL Espa\u00f1a\",\"description\":\"Mayorista de mobiliario y suministros para consultorios y salones\",\"publisher\":{\"@id\":\"https:\\\/\\\/salonforall.es\\\/#organization\"},\"potentialAction\":[{\"@type\":\"SearchAction\",\"target\":{\"@type\":\"EntryPoint\",\"urlTemplate\":\"https:\\\/\\\/salonforall.es\\\/?s={search_term_string}\"},\"query-input\":{\"@type\":\"PropertyValueSpecification\",\"valueRequired\":true,\"valueName\":\"search_term_string\"}}],\"inLanguage\":\"en-GB\"},{\"@type\":\"Organization\",\"@id\":\"https:\\\/\\\/salonforall.es\\\/#organization\",\"name\":\"Salon For All B.V. Espa\u00f1a\",\"alternateName\":\"Salon For All B.V. Espa\u00f1a - Mayorista de equipamiento para consultas, salones y suministros\",\"url\":\"https:\\\/\\\/salonforall.es\\\/\",\"logo\":{\"@type\":\"ImageObject\",\"inLanguage\":\"en-GB\",\"@id\":\"https:\\\/\\\/salonforall.es\\\/#\\\/schema\\\/logo\\\/image\\\/\",\"url\":\"https:\\\/\\\/salonforall.es\\\/wp-content\\\/uploads\\\/2025\\\/11\\\/logo-salon-for-all-e1764543185849.png\",\"contentUrl\":\"https:\\\/\\\/salonforall.es\\\/wp-content\\\/uploads\\\/2025\\\/11\\\/logo-salon-for-all-e1764543185849.png\",\"width\":500,\"height\":150,\"caption\":\"Salon For All B.V. Espa\u00f1a\"},\"image\":{\"@id\":\"https:\\\/\\\/salonforall.es\\\/#\\\/schema\\\/logo\\\/image\\\/\"}}]}<\/script>\n<!-- \/ Yoast SEO plugin. -->","yoast_head_json":{"title":"Giovanni Vapozon With Magnifying Lamp D-21 Black buy","description":"Buy Giovanni Vapozon With Magnifying Lamp D-21 Black online or in the showroom at Salon For ALL Spain. The wholesaler for salons, practices and spas in Spain and Portugal.","robots":{"index":"index","follow":"follow","max-snippet":"max-snippet:-1","max-image-preview":"max-image-preview:large","max-video-preview":"max-video-preview:-1"},"canonical":"https:\/\/salonforall.es\/en\/giovanni-vapozon-with-magnifying-lamp-d-21-black\/","og_locale":"en_GB","og_type":"article","og_title":"Giovanni Vapozon Con L\u00e1mpara Lupa D-21 Negro","og_description":"Compra Giovanni Vapozon Con L\u00e1mpara Lupa D-21 Negro online o en el showroom en Salon For ALL Espa\u00f1a. El mayorista para salones, consultas y spas en Espa\u00f1a y Portugal.","og_url":"https:\/\/salonforall.es\/en\/giovanni-vapozon-with-magnifying-lamp-d-21-black\/","og_site_name":"Salon For ALL Espa\u00f1a","article_modified_time":"2026-03-24T16:09:44+00:00","og_image":[{"width":1200,"height":1200,"url":"https:\/\/salonforall.es\/wp-content\/uploads\/2025\/12\/Giovanni-Vapozon-Con-Lampara-Lupa-D-21-Negro.jpg","type":"image\/jpeg"}],"twitter_card":"summary_large_image","twitter_title":"Giovanni Vapozon Con L\u00e1mpara Lupa D-21 Negro","twitter_misc":{"Estimated reading time":"9 minutes"},"schema":{"@context":"https:\/\/schema.org","@graph":[{"@type":"WebPage","@id":"https:\/\/salonforall.es\/giovanni-vapozon-con-lampara-lupa-d-21-negro\/","url":"https:\/\/salonforall.es\/giovanni-vapozon-con-lampara-lupa-d-21-negro\/","name":"Giovanni Vapozon With Magnifying Lamp D-21 Black buy","isPartOf":{"@id":"https:\/\/salonforall.es\/#website"},"primaryImageOfPage":{"@id":"https:\/\/salonforall.es\/giovanni-vapozon-con-lampara-lupa-d-21-negro\/#primaryimage"},"image":{"@id":"https:\/\/salonforall.es\/giovanni-vapozon-con-lampara-lupa-d-21-negro\/#primaryimage"},"thumbnailUrl":"https:\/\/salonforall.es\/wp-content\/uploads\/2025\/12\/Giovanni-Vapozon-Con-Lampara-Lupa-D-21-Negro.jpg","datePublished":"2025-12-02T12:53:20+00:00","dateModified":"2026-03-24T16:09:44+00:00","description":"Buy Giovanni Vapozon With Magnifying Lamp D-21 Black online or in the showroom at Salon For ALL Spain. The wholesaler for salons, practices and spas in Spain and Portugal.","breadcrumb":{"@id":"https:\/\/salonforall.es\/giovanni-vapozon-con-lampara-lupa-d-21-negro\/#breadcrumb"},"inLanguage":"en-GB","potentialAction":[{"@type":"ReadAction","target":["https:\/\/salonforall.es\/giovanni-vapozon-con-lampara-lupa-d-21-negro\/"]}]},{"@type":"ImageObject","inLanguage":"en-GB","@id":"https:\/\/salonforall.es\/giovanni-vapozon-con-lampara-lupa-d-21-negro\/#primaryimage","url":"https:\/\/salonforall.es\/wp-content\/uploads\/2025\/12\/Giovanni-Vapozon-Con-Lampara-Lupa-D-21-Negro.jpg","contentUrl":"https:\/\/salonforall.es\/wp-content\/uploads\/2025\/12\/Giovanni-Vapozon-Con-Lampara-Lupa-D-21-Negro.jpg","width":1200,"height":1200,"caption":"Giovanni Vapozon Con L\u00e1mpara Lupa D-21 Negro"},{"@type":"BreadcrumbList","@id":"https:\/\/salonforall.es\/giovanni-vapozon-con-lampara-lupa-d-21-negro\/#breadcrumb","itemListElement":[{"@type":"ListItem","position":1,"name":"Home","item":"https:\/\/salonforall.es\/"},{"@type":"ListItem","position":2,"name":"Winkel","item":"https:\/\/salonforall.es\/winkel\/"},{"@type":"ListItem","position":3,"name":"Giovanni Vapozon Con L\u00e1mpara Lupa D-21 Negro"}]},{"@type":"WebSite","@id":"https:\/\/salonforall.es\/#website","url":"https:\/\/salonforall.es\/","name":"Salon For ALL Spain","description":"Wholesaler of salon and practice furniture and supplies","publisher":{"@id":"https:\/\/salonforall.es\/#organization"},"potentialAction":[{"@type":"SearchAction","target":{"@type":"EntryPoint","urlTemplate":"https:\/\/salonforall.es\/?s={search_term_string}"},"query-input":{"@type":"PropertyValueSpecification","valueRequired":true,"valueName":"search_term_string"}}],"inLanguage":"en-GB"},{"@type":"Organization","@id":"https:\/\/salonforall.es\/#organization","name":"Salon For All B.V. Spain","alternateName":"Salon For All B.V. Espa\u00f1a - Mayorista de equipamiento para consultas, salones y suministros","url":"https:\/\/salonforall.es\/","logo":{"@type":"ImageObject","inLanguage":"en-GB","@id":"https:\/\/salonforall.es\/#\/schema\/logo\/image\/","url":"https:\/\/salonforall.es\/wp-content\/uploads\/2025\/11\/logo-salon-for-all-e1764543185849.png","contentUrl":"https:\/\/salonforall.es\/wp-content\/uploads\/2025\/11\/logo-salon-for-all-e1764543185849.png","width":500,"height":150,"caption":"Salon For All B.V. Espa\u00f1a"},"image":{"@id":"https:\/\/salonforall.es\/#\/schema\/logo\/image\/"}}]}},"_links":{"self":[{"href":"https:\/\/salonforall.es\/en\/wp-json\/wp\/v2\/product\/12758","targetHints":{"allow":["GET"]}}],"collection":[{"href":"https:\/\/salonforall.es\/en\/wp-json\/wp\/v2\/product"}],"about":[{"href":"https:\/\/salonforall.es\/en\/wp-json\/wp\/v2\/types\/product"}],"replies":[{"embeddable":true,"href":"https:\/\/salonforall.es\/en\/wp-json\/wp\/v2\/comments?post=12758"}],"wp:featuredmedia":[{"embeddable":true,"href":"https:\/\/salonforall.es\/en\/wp-json\/wp\/v2\/media\/12759"}],"wp:attachment":[{"href":"https:\/\/salonforall.es\/en\/wp-json\/wp\/v2\/media?parent=12758"}],"wp:term":[{"taxonomy":"product_brand","embeddable":true,"href":"https:\/\/salonforall.es\/en\/wp-json\/wp\/v2\/product_brand?post=12758"},{"taxonomy":"product_cat","embeddable":true,"href":"https:\/\/salonforall.es\/en\/wp-json\/wp\/v2\/product_cat?post=12758"},{"taxonomy":"product_tag","embeddable":true,"href":"https:\/\/salonforall.es\/en\/wp-json\/wp\/v2\/product_tag?post=12758"}],"curies":[{"name":"wp","href":"https:\/\/api.w.org\/{rel}","templated":true}]}}