{"id":11717,"date":"2025-12-02T13:36:40","date_gmt":"2025-12-02T12:36:40","guid":{"rendered":"https:\/\/salonforall.es\/product\/lampara-uv-doble-led-glow-s1-168w-oro-rosa\/"},"modified":"2026-03-24T17:06:01","modified_gmt":"2026-03-24T16:06:01","slug":"lampara-uv-doble-led-glow-s1-168w-oro-rosa","status":"publish","type":"product","link":"https:\/\/salonforall.es\/en\/lampara-uv-doble-led-glow-s1-168w-oro-rosa\/","title":{"rendered":"Led Glow S1 Double Uv Lamp S1 168W Rose Gold"},"content":{"rendered":"<h2>Informaci\u00f3n sobre L\u00e1mpara Uv Doble Led Glow S1 168W Oro Rosa con n\u00famero de art\u00edculo 144780<\/h2>\n<p><strong>La marca GLOW<\/strong> ofrece iluminaci\u00f3n profesional que mejora la calidad de los servicios tanto en salones de belleza como en consultorios m\u00e9dicos. Ofrece una amplia gama de l\u00e1mparas especializadas, incluyendo l\u00e1mparas UV y de tratamiento, necesarias para un trabajo preciso.<\/p>\n<p><img decoding=\"async\" src=\"https:\/\/activeshop.com.pl\/media\/wysiwyg\/product\/144780\/EN_144780_1.jpg\"><\/p>\n<h2><strong>L\u00e1mpara pr\u00e1ctica de fijaci\u00f3n para manicura<\/strong><\/h2>\n<p><strong>La l\u00e1mpara de u\u00f1as GLOW<\/strong> es un dispositivo equipado con diversas funciones \u00fatiles para <strong>facilitar la realizaci\u00f3n de tratamientos de manicura y pedicura<\/strong>, en los que se utilizan esmaltes h\u00edbridos, geles u otras preparaciones fotopolimerizables. Gracias a los LED estrat\u00e9gicamente ubicados y a la tecnolog\u00eda Dual Led, la l\u00e1mpara garantiza una <strong>excelente fijaci\u00f3n del dise\u00f1o de u\u00f1as<\/strong>. Su facilidad de uso y su dise\u00f1o inteligente lo hacen perfecto tanto para uso profesional como dom\u00e9stico.<\/p>\n<p><img decoding=\"async\" src=\"https:\/\/activeshop.com.pl\/media\/wysiwyg\/product\/144780\/EN_144780_2.jpg\"><\/p>\n<h2><strong>Dispositivo sin sombras con tecnolog\u00eda Dual Led<\/strong><\/h2>\n<p>Equipado con <strong>36 LEDs ubicados estrat\u00e9gicamente<\/strong> (sin la llamada \u00abzona muerta\u00bb), proporciona un curado perfecto de geles y esmaltes h\u00edbridos. Este modelo cuenta con una <strong>forma cerrada<\/strong>, llamada cabina, que permite un curado m\u00e1s preciso y r\u00e1pido de los dise\u00f1os de u\u00f1as. La <strong>Dual Led technology<\/strong> permite que los diodos emitan luz de dos longitudes de onda, sin cansar la vista y con un amplio espectro de funcionamiento. Gracias a las soluciones utilizadas, la l\u00e1mpara cura correctamente incluso los esmaltes m\u00e1s exigentes, llegando incluso a los puntos m\u00e1s inaccesibles de la placa ungueal.<\/p>\n<p><img decoding=\"async\" src=\"https:\/\/activeshop.com.pl\/media\/wysiwyg\/product\/144780\/EN_144780_3.jpg\"><\/p>\n<h2><strong>Working time adjustable to individual needs<\/strong><\/h2>\n<p>La l\u00e1mpara est\u00e1 equipada con un temporizador con cuatro tiempos de trabajo programados: 10 s, 30 s, 60 s y 99 s (el llamado \u00abModo de Calor Bajo\u00bb), que se muestran en la pantalla digital. Adem\u00e1s, si no se selecciona ning\u00fan modo, el sensor de movimiento integrado enciende autom\u00e1ticamente la l\u00e1mpara al colocar los dedos de las manos o de los pies debajo, con un tiempo de exposici\u00f3n m\u00e1ximo de 120 s. La pantalla mostrar\u00e1 el tiempo de secado. Esto te permite seleccionar f\u00e1cilmente la duraci\u00f3n de la exposici\u00f3n seg\u00fan el peinado que est\u00e9s realizando.<\/p>\n<h2><strong>Modo de Calor Bajo<\/strong><\/h2>\n<p>El sistema de \u00abModo de Calor Bajo\u00bb ya mencionado hace que la l\u00e1mpara aumente gradualmente su potencia durante el secado, calentando as\u00ed m\u00e1s lentamente. Esto evita la sensaci\u00f3n de ardor o calor durante la exposici\u00f3n. Esta funci\u00f3n es indispensable, especialmente al curar geles, lo que suele causar molestias al usar otras l\u00e1mparas disponibles en el mercado.<\/p>\n<p><img decoding=\"async\" src=\"https:\/\/activeshop.com.pl\/media\/wysiwyg\/product\/144780\/EN_144780_4.jpg\"><\/p>\n<h2><strong>Panel inferior desmontable y asa decorativa<\/strong><\/h2>\n<p>Cuenta con un <strong>panel inferior f\u00e1cilmente desmontable<\/strong>, lo que facilita enormemente colocar el pie debajo para tratamientos de pedicura o podolog\u00eda. Esta opci\u00f3n tambi\u00e9n es ideal para limpiar o desinfectar el dispositivo. El <strong>asiento rosa<\/strong> con acabado pulido es un <strong>atractivo a\u00f1adido<\/strong> que facilita el desplazamiento del dispositivo y es perfecto para estilistas m\u00f3viles. Tambi\u00e9n hay un hueco en la carcasa que puede usarse como <strong>soporte para tel\u00e9fono<\/strong>. Le permite hacer que el tiempo de tratamiento sea m\u00e1s agradable con su pel\u00edcula favorita.<\/p>\n<h2><strong>Dise\u00f1o elegante y funcionalidad<\/strong><\/h2>\n<p>Las funciones \u00fatiles, la forma ergon\u00f3mica y una combinaci\u00f3n de colores cl\u00e1sica con un inserto colorido en forma de mango en tonos rosa hacen de la l\u00e1mpara un equipo de sal\u00f3n <strong>pr\u00e1ctico y al mismo tiempo de buen gusto<\/strong>. El tama\u00f1o adecuado permite colocar toda la mano o el pie bajo la l\u00e1mpara, lo que garantiza un secado uniforme del peinado y reduce el riesgo de alergias. Lea atentamente las instrucciones antes de usar. Incluye: l\u00e1mpara, adaptador de corriente e instrucciones en polaco. Datos: Temporizador: 10 s, 30 s, 60 s, 99 s. Tiempo m\u00e1ximo de funcionamiento: 120 s. Sensor de movimiento: s\u00ed. Voltaje de entrada: 100-240 V. Potencia: 168 W. N\u00famero de LED: 36. Longitud de onda de la luz: 365 nm, 405 nm. Vida \u00fatil: 50 000 horas. Dimensiones: 23,2 \u00d7 20,5 \u00d7 11,1 cm. Color de la carcasa: rosa. Mango<br \/>Warranty: 12 months<\/p>\n<p>Los productos Activeshop son proporcionalmente m\u00e1s econ\u00f3micos que muchas otras marcas\/proveedores. El precio est\u00e1 en relaci\u00f3n con la calidad. L\u00e1mpara Uv Doble Led Glow S1 168W Oro Rosa es por lo tanto una soluci\u00f3n accesible para su sal\u00f3n.<\/p>\n<h2>\u00bfC\u00f3mo se entrega L\u00e1mpara Uv Doble Led Glow S1 168W Oro Rosa?<\/h2>\n<p>L\u00e1mpara Uv Doble Led Glow S1 168W Oro Rosa se entrega en embalaje(s) original(es). Dentro de Espa\u00f1a el env\u00edo de L\u00e1mpara Uv Doble Led Glow S1 168W Oro Rosa es completamente gratuito para pedidos a partir de 100,- euros. Para env\u00edos a otros pa\u00edses se aplican tarifas de env\u00edo separadas. Puede consultar estas tarifas con nosotros o verlas en el carrito de compra. L\u00e1mpara Uv Doble Led Glow S1 168W Oro Rosa se env\u00eda a trav\u00e9s de un servicio de mensajer\u00eda externo.<\/p>\n<p>Packages or pallets are delivered as standard up to the front door threshold, even if you are located in a collective building, apartment building or apartment complex with a lift (provided the item fits in the lift). No lift available or item does not fit in the lift? Then we deliver up to the threshold of the ground floor.<\/p>\n<p>Do you still have questions about delivery or a special situation? Contact us and we will be happy to help you!<\/p>\n<p>*Items are not unpacked or assembled as standard. In special situations you can contact us to make arrangements.<\/p>\n<h2>Secure online shopping at Salon For All with the Webwinkelkeur seal of quality and SSL encryption.<\/h2>\n<p>Es importante para nosotros que nuestros clientes puedan comprar de forma segura en nuestra tienda online. Estamos afiliados al sello de calidad nacional Webwinkelkeur desde 2019. Nuestra identidad ha sido verificada y comprobada por ellos, y la tienda online ha sido revisada y aprobada legalmente. Adem\u00e1s, nuestra tienda online est\u00e1 afiliada a ellos para la mediaci\u00f3n de conflictos. Puede ver la insignia con toda la informaci\u00f3n de este sello de calidad de tienda online en el lado izquierdo o derecho de la tienda online (bot\u00f3n rosa con blanco). Adem\u00e1s, nuestro sitio est\u00e1 protegido con un certificado SSL para que pueda navegar de forma segura con nosotros. En la barra de su navegador de Internet, donde aparece nuestro sitio web, ver\u00e1 un icono de candado. Si hace clic en el candado, obtendr\u00e1 toda la informaci\u00f3n sobre nuestra seguridad. De esta manera sabe que su pedido de L\u00e1mpara Uv Doble Led Glow S1 168W Oro Rosa y sus datos personales se procesan de forma segura.<\/p>\n<h2>\u00bfC\u00f3mo puedo pagar L\u00e1mpara Uv Doble Led Glow S1 168W Oro Rosa?<\/h2>\n<p>We want to make it as easy as possible for you. That's why at Salon For All you can pay with all popular payment methods. Pay in advance, on delivery or afterwards - everything is possible. See here for all the payment methods we offer:<\/p>\n<ul>\n<li>iDEAL<\/li>\n<li>Credit card (Visa, Mastercard, American Express)<\/li>\n<li>Klarna - Payment on delivery with invoice<\/li>\n<li>PayPal<\/li>\n<li>Apple Pay<\/li>\n<li>Google Pay<\/li>\n<li>Bizum (for Spanish customers)<\/li>\n<li>SEPA bank transfer<\/li>\n<li>Bancontact<\/li>\n<li>Commercial invoice for companies<\/li>\n<li>Payment in the showroom - Both card and cash (Only available on collection)<\/li>\n<\/ul>\n<h2>See also reviews of Salon For All<\/h2>\n<p>Consulte tambi\u00e9n nuestras rese\u00f1as para tener en cuenta las experiencias de nuestros clientes actuales en su decisi\u00f3n de pedir L\u00e1mpara Uv Doble Led Glow S1 168W Oro Rosa con nosotros. A trav\u00e9s de nuestro sello de calidad independiente de tienda online Webwinkelkeur, se recopilan autom\u00e1ticamente rese\u00f1as verificadas de clientes que han completado un pedido con nosotros. Puede encontrarlas detr\u00e1s del bot\u00f3n rosa en nuestra tienda online o aparecen listadas debajo de los productos.<\/p>\n<p>\u00a1Comparta tambi\u00e9n su experiencia despu\u00e9s de su compra con su L\u00e1mpara Uv Doble Led Glow S1 168W Oro Rosa pedido y su experiencia con el proceso de compra o el contacto con Salon For All para inspirar a otros!<\/p>\n<h2>Contact Salon For All<\/h2>\n<p>Cont\u00e1ctenos entonces. Estaremos encantados de ayudarle con la adquisici\u00f3n de L\u00e1mpara Uv Doble Led Glow S1 168W Oro Rosa. En d\u00edas laborables estamos mejor disponibles entre las 8.30 y las 17.00 horas a trav\u00e9s del n\u00famero de tel\u00e9fono y direcci\u00f3n de correo electr\u00f3nico en la parte superior de la tienda online o a trav\u00e9s de la funci\u00f3n de chat. Las consultas fuera del horario de oficina suelen responderse en un plazo de 24 horas. Tambi\u00e9n es posible visitarnos fuera de los d\u00edas laborables u horario de oficina. Pero para ello es necesario concertar una cita previa.<\/p>\n<h2>Would you like to visit our showroom?<\/h2>\n<p>\u00bfPrefiere ver L\u00e1mpara Uv Doble Led Glow S1 168W Oro Rosa o recorrer nuestra oferta de la tienda (online) junto con nuestro colega? Entonces visite nuestro showroom con m\u00e1s de 1000m\u00b2 de equipamiento para salones y d\u00e9jese inspirar por nuestros empleados. Tambi\u00e9n si le gusta conocernos de manera agradable disfrutando de una buena taza de caf\u00e9 o t\u00e9, es muy bienvenido. No tenemos todos los productos en stock, as\u00ed que h\u00e1ganos saber de antemano que desea venir. Concierte siempre una cita previa.<\/p>\n<h2>14 days of reflection and our return policy<\/h2>\n<p>Por supuesto puede ocurrir que L\u00e1mpara Uv Doble Led Glow S1 168W Oro Rosa entregado no sea completamente de su agrado y desee devolverlo. Eso no es ning\u00fan problema en Salon For All. Debe notificar su devoluci\u00f3n dentro de 14 d\u00edas laborables a trav\u00e9s de info@salonforall.es. Entonces recibir\u00e1 primero todas las instrucciones y condiciones de devoluci\u00f3n. Tenga en cuenta que L\u00e1mpara Uv Doble Led Glow S1 168W Oro Rosa no debe haber sido usado, debe contener todas las partes suministradas y debe devolverse empaquetado en el embalaje original. Los costos de env\u00edo de una devoluci\u00f3n son siempre a cargo del comprador en compras a trav\u00e9s de www.salonforall.es. Debe organizar usted mismo un transporte con una empresa de transporte de su elecci\u00f3n para una devoluci\u00f3n. Una vez que L\u00e1mpara Uv Doble Led Glow S1 168W Oro Rosa haya sido devuelto, se verificar\u00e1 su integridad y posibles da\u00f1os. Una vez que la devoluci\u00f3n haya sido aprobada, el importe de la compra se reembolsar\u00e1 dentro de 5 d\u00edas laborables a la cuenta bancaria que tenemos registrada.<\/p>\n<h2>Who is Salon For All?<\/h2>\n<p>Salon For All is THE wholesaler for all salon equipment in Europe. Salon For All started in 2003 under the name Salonvoordeel and grew out of practice. The owners of Salon For All were experienced hairdressers and beauty specialists and have together more than 30 years of practical experience. In 2003 we launched Salonvoordeel.nl (Netherlands) and subsequently Salon For All was founded for the European market. Some of our employees started their own business and so the idea to launch a functional online shop for hairdressers and to help them with the equipment of their salon was born.<\/p>\n<p>Nuestro showroom se encuentra en Dinxperlo, directamente en la frontera entre los Pa\u00edses Bajos y Alemania. Con nuestra amplia experiencia en el sector podemos servirle de espejo y proporcionarle el asesoramiento adecuado. \u00a1Hablamos el mismo idioma! Le asesoramos, inspiramos, motivamos y ayudamos en la adquisici\u00f3n de L\u00e1mpara Uv Doble Led Glow S1 168W Oro Rosa. Nuestros proveedores se encuentran en toda Europa, desde Alemania, Inglaterra, Italia hasta Polonia.<\/p>","protected":false},"excerpt":{"rendered":"<p>The product Led Glow S1 Double Uv Lamp 168W Rose Gold is a high quality solution for any living room. The estimated delivery time is approximately 6 working days.<\/p>","protected":false},"featured_media":11718,"comment_status":"open","ping_status":"open","template":"","meta":[],"product_brand":[640],"product_cat":[2240,621],"product_tag":[2241,623],"class_list":{"0":"post-11717","1":"product","2":"type-product","3":"status-publish","4":"has-post-thumbnail","6":"product_brand-glow","7":"product_cat-lamparas-led-y-uv-para-unas","8":"product_cat-unas","9":"product_tag-lamparas-led-y-uv-para-unas","10":"product_tag-unas","11":"pa_codigo-ean-7759","12":"pa_garantia-12-meses","13":"pa_marca-glow","14":"pa_numero-de-articulo-4765","15":"pa_tiempo-estimado-de-entrega-4-5-dias-laborables","17":"first","18":"instock","19":"sale","20":"taxable","21":"shipping-taxable","22":"purchasable","23":"product-type-simple"},"yoast_head":"<!-- This site is optimized with the Yoast SEO plugin v27.6 - https:\/\/yoast.com\/product\/yoast-seo-wordpress\/ -->\n<title>L\u00e1mpara Uv Doble Led Glow S1 168W Oro Rosa comprar<\/title>\n<meta name=\"description\" content=\"Compra L\u00e1mpara Uv Doble Led Glow S1 168W Oro Rosa online o en el showroom en Salon For ALL Espa\u00f1a. El mayorista para salones, consultas y spas en Espa\u00f1a y Portugal.\" \/>\n<meta name=\"robots\" content=\"index, follow, max-snippet:-1, max-image-preview:large, max-video-preview:-1\" \/>\n<link rel=\"canonical\" href=\"https:\/\/salonforall.es\/en\/lampara-uv-doble-led-glow-s1-168w-oro-rosa\/\" \/>\n<meta property=\"og:locale\" content=\"en_GB\" \/>\n<meta property=\"og:type\" content=\"article\" \/>\n<meta property=\"og:title\" content=\"L\u00e1mpara Uv Doble Led Glow S1 168W Oro Rosa\" \/>\n<meta property=\"og:description\" content=\"Compra L\u00e1mpara Uv Doble Led Glow S1 168W Oro Rosa online o en el showroom en Salon For ALL Espa\u00f1a. El mayorista para salones, consultas y spas en Espa\u00f1a y Portugal.\" \/>\n<meta property=\"og:url\" content=\"https:\/\/salonforall.es\/en\/lampara-uv-doble-led-glow-s1-168w-oro-rosa\/\" \/>\n<meta property=\"og:site_name\" content=\"Salon For ALL Espa\u00f1a\" \/>\n<meta property=\"article:modified_time\" content=\"2026-03-24T16:06:01+00:00\" \/>\n<meta property=\"og:image\" content=\"https:\/\/salonforall.es\/wp-content\/uploads\/2025\/12\/Lampara-Uv-Doble-Led-Glow-S1-168W-Oro-Rosa.jpg\" \/>\n\t<meta property=\"og:image:width\" content=\"1200\" \/>\n\t<meta property=\"og:image:height\" content=\"1200\" \/>\n\t<meta property=\"og:image:type\" content=\"image\/jpeg\" \/>\n<meta name=\"twitter:card\" content=\"summary_large_image\" \/>\n<meta name=\"twitter:title\" content=\"L\u00e1mpara Uv Doble Led Glow S1 168W Oro Rosa\" \/>\n<meta name=\"twitter:label1\" content=\"Estimated reading time\" \/>\n\t<meta name=\"twitter:data1\" content=\"10 minutes\" \/>\n<script type=\"application\/ld+json\" class=\"yoast-schema-graph\">{\"@context\":\"https:\\\/\\\/schema.org\",\"@graph\":[{\"@type\":\"WebPage\",\"@id\":\"https:\\\/\\\/salonforall.es\\\/lampara-uv-doble-led-glow-s1-168w-oro-rosa\\\/\",\"url\":\"https:\\\/\\\/salonforall.es\\\/lampara-uv-doble-led-glow-s1-168w-oro-rosa\\\/\",\"name\":\"L\u00e1mpara Uv Doble Led Glow S1 168W Oro Rosa comprar\",\"isPartOf\":{\"@id\":\"https:\\\/\\\/salonforall.es\\\/#website\"},\"primaryImageOfPage\":{\"@id\":\"https:\\\/\\\/salonforall.es\\\/lampara-uv-doble-led-glow-s1-168w-oro-rosa\\\/#primaryimage\"},\"image\":{\"@id\":\"https:\\\/\\\/salonforall.es\\\/lampara-uv-doble-led-glow-s1-168w-oro-rosa\\\/#primaryimage\"},\"thumbnailUrl\":\"https:\\\/\\\/salonforall.es\\\/wp-content\\\/uploads\\\/2025\\\/12\\\/Lampara-Uv-Doble-Led-Glow-S1-168W-Oro-Rosa.jpg\",\"datePublished\":\"2025-12-02T12:36:40+00:00\",\"dateModified\":\"2026-03-24T16:06:01+00:00\",\"description\":\"Compra L\u00e1mpara Uv Doble Led Glow S1 168W Oro Rosa online o en el showroom en Salon For ALL Espa\u00f1a. El mayorista para salones, consultas y spas en Espa\u00f1a y Portugal.\",\"breadcrumb\":{\"@id\":\"https:\\\/\\\/salonforall.es\\\/lampara-uv-doble-led-glow-s1-168w-oro-rosa\\\/#breadcrumb\"},\"inLanguage\":\"en-GB\",\"potentialAction\":[{\"@type\":\"ReadAction\",\"target\":[\"https:\\\/\\\/salonforall.es\\\/lampara-uv-doble-led-glow-s1-168w-oro-rosa\\\/\"]}]},{\"@type\":\"ImageObject\",\"inLanguage\":\"en-GB\",\"@id\":\"https:\\\/\\\/salonforall.es\\\/lampara-uv-doble-led-glow-s1-168w-oro-rosa\\\/#primaryimage\",\"url\":\"https:\\\/\\\/salonforall.es\\\/wp-content\\\/uploads\\\/2025\\\/12\\\/Lampara-Uv-Doble-Led-Glow-S1-168W-Oro-Rosa.jpg\",\"contentUrl\":\"https:\\\/\\\/salonforall.es\\\/wp-content\\\/uploads\\\/2025\\\/12\\\/Lampara-Uv-Doble-Led-Glow-S1-168W-Oro-Rosa.jpg\",\"width\":1200,\"height\":1200,\"caption\":\"L\u00e1mpara Uv Doble Led Glow S1 168W Oro Rosa\"},{\"@type\":\"BreadcrumbList\",\"@id\":\"https:\\\/\\\/salonforall.es\\\/lampara-uv-doble-led-glow-s1-168w-oro-rosa\\\/#breadcrumb\",\"itemListElement\":[{\"@type\":\"ListItem\",\"position\":1,\"name\":\"Home\",\"item\":\"https:\\\/\\\/salonforall.es\\\/\"},{\"@type\":\"ListItem\",\"position\":2,\"name\":\"Winkel\",\"item\":\"https:\\\/\\\/salonforall.es\\\/winkel\\\/\"},{\"@type\":\"ListItem\",\"position\":3,\"name\":\"L\u00e1mpara Uv Doble Led Glow S1 168W Oro Rosa\"}]},{\"@type\":\"WebSite\",\"@id\":\"https:\\\/\\\/salonforall.es\\\/#website\",\"url\":\"https:\\\/\\\/salonforall.es\\\/\",\"name\":\"Salon For ALL Espa\u00f1a\",\"description\":\"Mayorista de mobiliario y suministros para consultorios y salones\",\"publisher\":{\"@id\":\"https:\\\/\\\/salonforall.es\\\/#organization\"},\"potentialAction\":[{\"@type\":\"SearchAction\",\"target\":{\"@type\":\"EntryPoint\",\"urlTemplate\":\"https:\\\/\\\/salonforall.es\\\/?s={search_term_string}\"},\"query-input\":{\"@type\":\"PropertyValueSpecification\",\"valueRequired\":true,\"valueName\":\"search_term_string\"}}],\"inLanguage\":\"en-GB\"},{\"@type\":\"Organization\",\"@id\":\"https:\\\/\\\/salonforall.es\\\/#organization\",\"name\":\"Salon For All B.V. Espa\u00f1a\",\"alternateName\":\"Salon For All B.V. Espa\u00f1a - Mayorista de equipamiento para consultas, salones y suministros\",\"url\":\"https:\\\/\\\/salonforall.es\\\/\",\"logo\":{\"@type\":\"ImageObject\",\"inLanguage\":\"en-GB\",\"@id\":\"https:\\\/\\\/salonforall.es\\\/#\\\/schema\\\/logo\\\/image\\\/\",\"url\":\"https:\\\/\\\/salonforall.es\\\/wp-content\\\/uploads\\\/2025\\\/11\\\/logo-salon-for-all-e1764543185849.png\",\"contentUrl\":\"https:\\\/\\\/salonforall.es\\\/wp-content\\\/uploads\\\/2025\\\/11\\\/logo-salon-for-all-e1764543185849.png\",\"width\":500,\"height\":150,\"caption\":\"Salon For All B.V. Espa\u00f1a\"},\"image\":{\"@id\":\"https:\\\/\\\/salonforall.es\\\/#\\\/schema\\\/logo\\\/image\\\/\"}}]}<\/script>\n<!-- \/ Yoast SEO plugin. -->","yoast_head_json":{"title":"L\u00e1mpara Uv Doble Led Glow S1 168W Oro Rosa comprar","description":"Compra L\u00e1mpara Uv Doble Led Glow S1 168W Oro Rosa online o en el showroom en Salon For ALL Espa\u00f1a. El mayorista para salones, consultas y spas en Espa\u00f1a y Portugal.","robots":{"index":"index","follow":"follow","max-snippet":"max-snippet:-1","max-image-preview":"max-image-preview:large","max-video-preview":"max-video-preview:-1"},"canonical":"https:\/\/salonforall.es\/en\/lampara-uv-doble-led-glow-s1-168w-oro-rosa\/","og_locale":"en_GB","og_type":"article","og_title":"L\u00e1mpara Uv Doble Led Glow S1 168W Oro Rosa","og_description":"Compra L\u00e1mpara Uv Doble Led Glow S1 168W Oro Rosa online o en el showroom en Salon For ALL Espa\u00f1a. El mayorista para salones, consultas y spas en Espa\u00f1a y Portugal.","og_url":"https:\/\/salonforall.es\/en\/lampara-uv-doble-led-glow-s1-168w-oro-rosa\/","og_site_name":"Salon For ALL Espa\u00f1a","article_modified_time":"2026-03-24T16:06:01+00:00","og_image":[{"width":1200,"height":1200,"url":"https:\/\/salonforall.es\/wp-content\/uploads\/2025\/12\/Lampara-Uv-Doble-Led-Glow-S1-168W-Oro-Rosa.jpg","type":"image\/jpeg"}],"twitter_card":"summary_large_image","twitter_title":"L\u00e1mpara Uv Doble Led Glow S1 168W Oro Rosa","twitter_misc":{"Estimated reading time":"10 minutes"},"schema":{"@context":"https:\/\/schema.org","@graph":[{"@type":"WebPage","@id":"https:\/\/salonforall.es\/lampara-uv-doble-led-glow-s1-168w-oro-rosa\/","url":"https:\/\/salonforall.es\/lampara-uv-doble-led-glow-s1-168w-oro-rosa\/","name":"L\u00e1mpara Uv Doble Led Glow S1 168W Oro Rosa comprar","isPartOf":{"@id":"https:\/\/salonforall.es\/#website"},"primaryImageOfPage":{"@id":"https:\/\/salonforall.es\/lampara-uv-doble-led-glow-s1-168w-oro-rosa\/#primaryimage"},"image":{"@id":"https:\/\/salonforall.es\/lampara-uv-doble-led-glow-s1-168w-oro-rosa\/#primaryimage"},"thumbnailUrl":"https:\/\/salonforall.es\/wp-content\/uploads\/2025\/12\/Lampara-Uv-Doble-Led-Glow-S1-168W-Oro-Rosa.jpg","datePublished":"2025-12-02T12:36:40+00:00","dateModified":"2026-03-24T16:06:01+00:00","description":"Compra L\u00e1mpara Uv Doble Led Glow S1 168W Oro Rosa online o en el showroom en Salon For ALL Espa\u00f1a. El mayorista para salones, consultas y spas en Espa\u00f1a y Portugal.","breadcrumb":{"@id":"https:\/\/salonforall.es\/lampara-uv-doble-led-glow-s1-168w-oro-rosa\/#breadcrumb"},"inLanguage":"en-GB","potentialAction":[{"@type":"ReadAction","target":["https:\/\/salonforall.es\/lampara-uv-doble-led-glow-s1-168w-oro-rosa\/"]}]},{"@type":"ImageObject","inLanguage":"en-GB","@id":"https:\/\/salonforall.es\/lampara-uv-doble-led-glow-s1-168w-oro-rosa\/#primaryimage","url":"https:\/\/salonforall.es\/wp-content\/uploads\/2025\/12\/Lampara-Uv-Doble-Led-Glow-S1-168W-Oro-Rosa.jpg","contentUrl":"https:\/\/salonforall.es\/wp-content\/uploads\/2025\/12\/Lampara-Uv-Doble-Led-Glow-S1-168W-Oro-Rosa.jpg","width":1200,"height":1200,"caption":"L\u00e1mpara Uv Doble Led Glow S1 168W Oro Rosa"},{"@type":"BreadcrumbList","@id":"https:\/\/salonforall.es\/lampara-uv-doble-led-glow-s1-168w-oro-rosa\/#breadcrumb","itemListElement":[{"@type":"ListItem","position":1,"name":"Home","item":"https:\/\/salonforall.es\/"},{"@type":"ListItem","position":2,"name":"Winkel","item":"https:\/\/salonforall.es\/winkel\/"},{"@type":"ListItem","position":3,"name":"L\u00e1mpara Uv Doble Led Glow S1 168W Oro Rosa"}]},{"@type":"WebSite","@id":"https:\/\/salonforall.es\/#website","url":"https:\/\/salonforall.es\/","name":"Salon For ALL Spain","description":"Wholesaler of salon and practice furniture and supplies","publisher":{"@id":"https:\/\/salonforall.es\/#organization"},"potentialAction":[{"@type":"SearchAction","target":{"@type":"EntryPoint","urlTemplate":"https:\/\/salonforall.es\/?s={search_term_string}"},"query-input":{"@type":"PropertyValueSpecification","valueRequired":true,"valueName":"search_term_string"}}],"inLanguage":"en-GB"},{"@type":"Organization","@id":"https:\/\/salonforall.es\/#organization","name":"Salon For All B.V. Spain","alternateName":"Salon For All B.V. Espa\u00f1a - Mayorista de equipamiento para consultas, salones y suministros","url":"https:\/\/salonforall.es\/","logo":{"@type":"ImageObject","inLanguage":"en-GB","@id":"https:\/\/salonforall.es\/#\/schema\/logo\/image\/","url":"https:\/\/salonforall.es\/wp-content\/uploads\/2025\/11\/logo-salon-for-all-e1764543185849.png","contentUrl":"https:\/\/salonforall.es\/wp-content\/uploads\/2025\/11\/logo-salon-for-all-e1764543185849.png","width":500,"height":150,"caption":"Salon For All B.V. Espa\u00f1a"},"image":{"@id":"https:\/\/salonforall.es\/#\/schema\/logo\/image\/"}}]}},"_links":{"self":[{"href":"https:\/\/salonforall.es\/en\/wp-json\/wp\/v2\/product\/11717","targetHints":{"allow":["GET"]}}],"collection":[{"href":"https:\/\/salonforall.es\/en\/wp-json\/wp\/v2\/product"}],"about":[{"href":"https:\/\/salonforall.es\/en\/wp-json\/wp\/v2\/types\/product"}],"replies":[{"embeddable":true,"href":"https:\/\/salonforall.es\/en\/wp-json\/wp\/v2\/comments?post=11717"}],"wp:featuredmedia":[{"embeddable":true,"href":"https:\/\/salonforall.es\/en\/wp-json\/wp\/v2\/media\/11718"}],"wp:attachment":[{"href":"https:\/\/salonforall.es\/en\/wp-json\/wp\/v2\/media?parent=11717"}],"wp:term":[{"taxonomy":"product_brand","embeddable":true,"href":"https:\/\/salonforall.es\/en\/wp-json\/wp\/v2\/product_brand?post=11717"},{"taxonomy":"product_cat","embeddable":true,"href":"https:\/\/salonforall.es\/en\/wp-json\/wp\/v2\/product_cat?post=11717"},{"taxonomy":"product_tag","embeddable":true,"href":"https:\/\/salonforall.es\/en\/wp-json\/wp\/v2\/product_tag?post=11717"}],"curies":[{"name":"wp","href":"https:\/\/api.w.org\/{rel}","templated":true}]}}