{"id":6152,"date":"2025-12-02T12:25:57","date_gmt":"2025-12-02T11:25:57","guid":{"rendered":"https:\/\/salonforall.es\/product\/silla-de-barbero-negra-antigua-ernesto-gabbiano\/"},"modified":"2026-03-24T16:39:25","modified_gmt":"2026-03-24T15:39:25","slug":"cadira-de-barber-negra-antiga-ernesto-gabbiano","status":"publish","type":"product","link":"https:\/\/salonforall.es\/ca\/silla-de-barbero-negra-antigua-ernesto-gabbiano\/","title":{"rendered":"Cadira de Barber Negra Antiga Ernesto Gabbiano"},"content":{"rendered":"<h2>Informaci\u00f3 sobre Silla De Barbero Negra Antiga Ernesto Gabbiano amb n\u00famero d&#039;article 125379<\/h2>\n<p><img decoding=\"async\" src=\"https:\/\/activeshop.com.pl\/media\/wysiwyg\/product\/125379\/EN_125379_1.jpg\"><\/p>\n<p><strong>Gabbi\u00e0<\/strong> \u00e9s una marca de luxe d&#039;equips i mobles de perruqueria que es distingeix per la fiabilitat, la qualitat, l&#039;est\u00e8tica i la gran comoditat d&#039;\u00fas. Ofereix una \u00e0mplia selecci\u00f3 d&#039;equips funcionals per a sal\u00f3, com butaques, rentadores de perruqueria i infrasons.<\/p>\n<p><img decoding=\"async\" src=\"https:\/\/activeshop.com.pl\/media\/wysiwyg\/product\/125379\/EN_125379_2.jpg\"><\/p>\n<h2>Elegant butaca de barber<\/h2>\n<p>L&#039;elegant butaca de barber Gabbiano Ernesto B combina eleg\u00e0ncia i funcionalitat. Equipat amb un eficient elevador hidr\u00e0ulic, reposapeus i respatller ajustables, proporciona la m\u00e0xima comoditat tant al client com al barber. La possibilitat dajustar la posici\u00f3 amb precisi\u00f3 facilita la realitzaci\u00f3 de tractaments, elevant la qualitat dels serveis. Els detalls cuidats i l&#039;acabat est\u00e8tic converteixen la butaca en un element decoratiu de qualsevol sal\u00f3, i el seu disseny ergon\u00f2mic garanteix comoditat i efici\u00e8ncia a la feina.<\/p>\n<p><img decoding=\"async\" src=\"https:\/\/activeshop.com.pl\/media\/wysiwyg\/product\/125379\/EN_125379_3.jpg\"><\/p>\n<h2>\u00c0mplies possibilitats d&#039;ajust<\/h2>\n<p>El robust elevador hidr\u00e0ulic permet un ajustament suau de l&#039;al\u00e7ada del seient entre 58 i 75 cm, fins i tot amb el client a la butaca. Aix\u00f2 facilita l&#039;ajust de la butaca tant a l&#039;al\u00e7ada del client com a les prefer\u00e8ncies del professional, garantint un maneig ergon\u00f2mic i c\u00f2mode. El respatller reclinable i el reposapeus ajustable permeten al client col\u00b7locar-se en una c\u00f2moda posici\u00f3 semireclinada, cosa que facilita l&#039;acc\u00e9s durant certs serveis. A m\u00e9s, el reposacaps, extensible 20 cm, proporciona un suport estable per al cap i permet un ajustament prec\u00eds a les necessitats individuals.<\/p>\n<p><img decoding=\"async\" src=\"https:\/\/activeshop.com.pl\/media\/wysiwyg\/product\/125379\/EN_125379_4.jpg\"><\/p>\n<h2>Comoditat i funcionalitat a la feina di\u00e0ria<\/h2>\n<p>El seient tou proporciona comoditat al client durant cada servei, i el respatller perfilat proporciona un suport perfecte per a l&#039;esquena, cosa que \u00e9s especialment important per a tractaments m\u00e9s llargs. El mecanisme de rotaci\u00f3 completa facilita la feina, augmentant la llibertat de moviment i l&#039;ergonomia d&#039;\u00fas. Els reposabra\u00e7os entapissats, ubicats a una al\u00e7ada \u00f2ptima, permeten al client col\u00b7locar les espatlles de forma natural, eliminant la tensi\u00f3 i millorant la comoditat del tractament. El tovalloler sota el reposabra\u00e7os ofereix una comoditat addicional, cosa que augmenta l&#039;efici\u00e8ncia del treball. El disseny intel\u00b7ligent de la butaca tamb\u00e9 inclou una obertura entre el seient i el respatller, cosa que facilita la neteja del sal\u00f3, permetent una depilaci\u00f3 r\u00e0pida i una preparaci\u00f3 eficient de l&#039;estaci\u00f3 per al seg\u00fcent client.<\/p>\n<p><img decoding=\"async\" src=\"https:\/\/activeshop.com.pl\/media\/wysiwyg\/product\/125379\/EN_125379_6.jpg\"><\/p>\n<h2>Disseny sofisticat amb alta funcionalitat<\/h2>\n<p>La s\u00f2lida construcci\u00f3 de la base garanteix estabilitat i gran comoditat d\u00b4\u00fas<\/strong>. El seient, farcit d&#039;escuma duradora i resistent a la deformaci\u00f3, i entapissat amb cuir sint\u00e8tic agradable al tacte, resistent a l&#039;abrasi\u00f3 i de cura, garanteix una llarga durabilitat i un confort excepcional. Els materials utilitzats fan que la cadira sigui resistent a la humitat, duradora i f\u00e0cil de netejar. L&#039;elegant tapisseria en tons negres, l&#039;encoixinat decoratiu amb botons al respatller i un elegant reposapeus li confereixen un car\u00e0cter \u00fanic. El seu disseny, inspirat en l&#039;estil vintage, s&#039;integra a la perfecci\u00f3 a l&#039;ambient de les barberies cl\u00e0ssiques, real\u00e7ant-ne el car\u00e0cter \u00fanic. Els detalls refinats, la textura original de la tapisseria i una base massissa garanteixen no nom\u00e9s est\u00e8tica, sin\u00f3 tamb\u00e9 m\u00e0xima estabilitat. \u00c9s una combinaci\u00f3 deleg\u00e0ncia i funcionalitat que <strong>satisfar\u00e0 les expectatives fins i tot dels professionals m\u00e9s exigents<\/strong>.<\/p>\n<p><img decoding=\"async\" src=\"https:\/\/activeshop.com.pl\/media\/wysiwyg\/product\/125379\/EN_125379_8.jpg\"><\/p>\n<p>Les dimensions detallades es donen a la foto.<br \/><strong>El conjunt inclou:<\/strong> seient, actuador amb base, reposacaps.<\/p>\n<p><strong>Dades:<\/strong><br \/>Elevador: hidr\u00e0ulic<br \/>Base: rodona<br \/>Material de tapisseria: cuir sint\u00e8tic<br \/>Color de tapisseria: tons de negre<br \/>Color d&#039;elements met\u00e0l\u00b7lics: tons d&#039;or envellit<\/p>\n<div class=\"video-container\"> <iframe height=\"315\" src=\"https:\/\/www.youtube.com\/embed\/1nk-OoBqFMk\" frameborder=\"0\" width=\"560\" allowfullscreen allow=\"accelerometer; autoplay; medios cifrados; giroscopio; imagen en imagen\"> <\/iframe> <\/div>\n<p>Els productes Activeshop s\u00f3n proporcionalment m\u00e9s econ\u00f2mics que moltes altres marques\/prove\u00efdors. El preu est\u00e0 en relaci\u00f3 amb la qualitat. Cadira de Barber Negra Antiga Ernesto Gabbiano \u00e9s per tant una soluci\u00f3 accessible per al seu sal\u00f3.<\/p>\n<h2>Com es lliura Cadira de Barber Negra Antiga Ernesto Gabbiano?<\/h2>\n<p>Cadira De Barbero Negra Antiga Ernesto Gabbiano es lliura en embalatge(s) original(s). Dins d&#039;Espanya l&#039;enviament de Cadira de Barber Negra Antiga Ernesto Gabbiano \u00e9s completament gratu\u00eft per a comandes a partir de 100,- euros. Per a enviaments a altres pa\u00efsos, s&#039;apliquen tarifes d&#039;enviament separades. Podeu consultar aquestes tarifes amb nosaltres o veure-les al carret de compra. Cadira de Barber Negra Antiga Ernesto Gabbiano s&#039;envia a trav\u00e9s d&#039;un servei de missatgeria extern.<\/p>\n<p>Els paquets o palets es lliuren de forma est\u00e0ndard fins al llindar de la porta principal, fins i tot si est\u00e0 ubicat en un edifici col\u00b7lectiu, edifici d&#039;apartaments o complex d&#039;apartaments amb ascensor (sempre que l&#039;article c\u00e0piga a l&#039;ascensor). No hi ha ascensor disponible o l&#039;article no hi cap a l&#039;ascensor? Aleshores lliurem fins al llindar de la planta baixa.<\/p>\n<p>Encara teniu preguntes sobre el lliurament o una situaci\u00f3 especial? Contacti&#039;ns i estarem encantats d&#039;ajudar-lo!<\/p>\n<p>*Els articles no es desembalen ni munten de forma est\u00e0ndard. En situacions especials ens pot contactar per fer acords sobre aix\u00f2.<\/p>\n<h2>Compra en l\u00ednia segura a Salon For All amb el segell de qualitat Webwinkelkeur i xifrat SSL<\/h2>\n<p>\u00c9s important per a nosaltres que els nostres clients puguin comprar de forma segura a la nostra botiga online. Estem afiliats al segell de qualitat nacional Webwinkelkeur des de 2019. La nostra identitat ha estat verificada i comprovada per ells, i la botiga en l\u00ednia ha estat revisada i aprovada legalment. A m\u00e9s, la nostra botiga en l\u00ednia est\u00e0 afiliada a ells per a la mediaci\u00f3 de conflictes. Podeu veure la ins\u00edgnia amb tota la informaci\u00f3 d&#039;aquest segell de qualitat de botiga en l\u00ednia al costat esquerre o dret de la botiga en l\u00ednia (bot\u00f3 rosa amb blanc). A m\u00e9s, el nostre lloc est\u00e0 protegit amb un certificat SSL perqu\u00e8 pugui navegar de manera segura amb nosaltres. A la barra del vostre navegador d&#039;Internet, on apareix el nostre lloc web, veureu una icona de cadenat. Si feu clic al cadenat, obtindreu tota la informaci\u00f3 sobre la nostra seguretat. D&#039;aquesta manera sap que la seva comanda de Cadira de Barber Negra Antiga Ernesto Gabbiano i les seves dades personals es processen de forma segura.<\/p>\n<h2>Com puc pagar Cadira de Barber Negra Antiga Ernesto Gabbiano?<\/h2>\n<p>Volem fer-ho el m\u00e9s f\u00e0cil possible. Per aix\u00f2 a Salon For All podeu pagar amb tots els m\u00e8todes de pagament coneguts i habituals. Pagar per avan\u00e7at, al lliurament oa posteriori; tot \u00e9s possible. Vegeu aqu\u00ed tots els m\u00e8todes de pagament que oferim:<\/p>\n<ul>\n<li>iDEAL<\/li>\n<li>Targeta de cr\u00e8dit (Visa, Mastercard, American Express)<\/li>\n<li>Klarna \u2013 Pagament a posteriori amb factura<\/li>\n<li>PayPal<\/li>\n<li>Apple Pay<\/li>\n<li>Google Pay<\/li>\n<li>Bizum (per a clients espanyols)<\/li>\n<li>Transfer\u00e8ncia banc\u00e0ria SEPA<\/li>\n<li>Bancontact<\/li>\n<li>Factura comercial per a empreses<\/li>\n<li>Pagament al showroom \u2013 Tant targeta com efectiu (Nom\u00e9s disponible en recollida)<\/li>\n<\/ul>\n<h2>Consulteu tamb\u00e9 les ressenyes de Salon For All<\/h2>\n<p>Consulteu tamb\u00e9 les nostres ressenyes per tenir en compte les experi\u00e8ncies dels nostres clients actuals en la vostra decisi\u00f3 de demanar Silla De Barbero Negra Antiga Ernesto Gabbiano amb nosaltres. A trav\u00e9s del nostre segell de qualitat independent de botiga en l\u00ednia Webwinkelkeur, es recopilen autom\u00e0ticament ressenyes verificades de clients que han completat una comanda amb nosaltres. Podeu trobar-les darrere del bot\u00f3 rosa a la nostra botiga online o apareixen llistades sota els productes.<\/p>\n<p>Comparteixi tamb\u00e9 la seva experi\u00e8ncia despr\u00e9s de la seva compra amb la seva Cadira de Barber Negra Antiga Ernesto Gabbiano comanda i la seva experi\u00e8ncia amb el proc\u00e9s de compra o el contacte amb Salon For All per inspirar a altres!<\/p>\n<h2>Contacte amb Salon For All<\/h2>\n<p>Contacteu-nos llavors. Estarem encantats d&#039;ajudar-vos amb l&#039;adquisici\u00f3 de Cadira de Barber Negra Antiga Ernesto Gabbiano. En dies feiners estem millor disponibles entre les 8.30 i les 17.00 hores a trav\u00e9s del n\u00famero de tel\u00e8fon i adre\u00e7a de correu electr\u00f2nic a la part superior de la botiga en l\u00ednia oa trav\u00e9s de la funci\u00f3 de xat. Les consultes fora de l&#039;horari d&#039;oficina se solen respondre en un termini de 24 hores. Tamb\u00e9 podeu visitar-nos fora dels dies laborables o horari d&#039;oficina. Per\u00f2 per aix\u00f2 cal concertar una cita pr\u00e8via.<\/p>\n<h2>Voleu visitar el nostre showroom?<\/h2>\n<p>Prefereix veure Cadira de Barber Negra Antiga Ernesto Gabbiano o rec\u00f3rrer la nostra oferta de la botiga (online) juntament amb el nostre col\u00b7lega? Aleshores visiteu el nostre showroom amb m\u00e9s de 1000m\u00b2 d&#039;equipament per a salons i deixeu-vos inspirar pels nostres empleats. Tamb\u00e9 si us agrada con\u00e8ixer-nos de manera agradable gaudint d&#039;una bona tassa de caf\u00e8 o te, \u00e9s molt benvingut. No tenim tots els productes en estoc, aix\u00ed que faci&#039;ns saber per endavant que voleu venir. Concerteu sempre una cita pr\u00e8via.<\/p>\n<h2>14 dies de reflexi\u00f3 i la nostra pol\u00edtica de devolucions<\/h2>\n<p>Per descomptat pot passar que Cadira De Barber Negra Antiga Ernesto Gabbiano entregat no sigui completament del seu gust i vulgui tornar-lo. Aix\u00f2 no \u00e9s cap problema a Salon For All. Heu de notificar la vostra devoluci\u00f3 dins de 14 dies laborables a trav\u00e9s d&#039;info@salonforall.es. Aleshores rebr\u00e0 primer totes les instruccions i condicions de devoluci\u00f3. Tingueu en compte que Silla De Barbero Negra Antiga Ernesto Gabbiano no ha d&#039;haver estat usat, ha de contenir totes les parts subministrades i s&#039;ha de tornar empaquetat a l&#039;embalatge original. Els costos d&#039;enviament d&#039;una devoluci\u00f3 sempre s\u00f3n a c\u00e0rrec del comprador en compres a trav\u00e9s de www.salonforall.es. Heu d&#039;organitzar vost\u00e8 mateix un transport amb una empresa de transport de la seva elecci\u00f3 per a una devoluci\u00f3. Quan Silla De Barbero Negra Antiga Ernesto Gabbiano hagi estat retornat, es verificar\u00e0 la seva integritat i possibles danys. Quan la devoluci\u00f3 hagi estat aprovada, l&#039;import de la compra es reemborsar\u00e0 dins de 5 dies laborables al compte bancari que tenim registrat.<\/p>\n<h2>Qui \u00e9s Salon For All?<\/h2>\n<p>Salon For All \u00e9s EL majorista per a tot equipament de salons a Europa. Salon For All va comen\u00e7ar el 2003 sota el nom Salonvoordeel i va sorgir de la pr\u00e0ctica. Els propietaris de Salon For All eren perruquers i especialistes en bellesa experimentats i tenen plegats m\u00e9s de 30 anys d&#039;experi\u00e8ncia pr\u00e0ctica. El 2003 vam llan\u00e7ar Salonvoordeel.nl (Pa\u00efsos Baixos) i posteriorment es va fundar Salon For All per al mercat europeu. Alguns dels nostres empleats van iniciar el seu propi negoci i aix\u00ed va sorgir la idea de llan\u00e7ar una botiga online funcional per a perruquers i ajudar-los amb l&#039;equipament del sal\u00f3.<\/p>\n<p>El nostre showroom es troba a Dinxperlo, directament a la frontera entre els Pa\u00efsos Baixos i Alemanya. Amb la nostra \u00e0mplia experi\u00e8ncia en el sector us podem servir de mirall i proporcionar-vos l&#039;assessorament adequat. Parlem el mateix idioma! Us assessorem, inspirem, motivem i ajudem en l&#039;adquisici\u00f3 de Silla De Barbero Negra Antigua Ernesto Gabbiano. Els nostres prove\u00efdors s\u00f3n a tot Europa, des d&#039;Alemanya, Anglaterra, It\u00e0lia fins a Pol\u00f2nia.<\/p>","protected":false},"excerpt":{"rendered":"<p>El producte Cadira de Barber Negra Antiga Ernesto Gabbiano \u00e9s una soluci\u00f3 d&#039;alta qualitat per a qualsevol sal\u00f3. El termini de lliurament estimat \u00e9s de 6 dies feiners.<\/p>","protected":false},"featured_media":6153,"comment_status":"open","ping_status":"open","template":"","meta":[],"product_brand":[95],"product_cat":[96,97,199],"product_tag":[100,101,200],"class_list":{"0":"post-6152","1":"product","2":"type-product","3":"status-publish","4":"has-post-thumbnail","6":"product_brand-gabbiano","7":"product_cat-equipamiento-de-peluqueria","8":"product_cat-mobiliario-de-peluqueria","9":"product_cat-sillones-de-barbero","10":"product_tag-equipamiento-de-peluqueria","11":"product_tag-mobiliario-de-peluqueria","12":"product_tag-sillones-de-barbero","13":"pa_codigo-ean-7759","14":"pa_garantia-12-meses","15":"pa_marca-gabbiano","16":"pa_numero-de-articulo-2114","17":"pa_tiempo-estimado-de-entrega-4-5-dias-laborables","19":"first","20":"instock","21":"sale","22":"taxable","23":"shipping-taxable","24":"purchasable","25":"product-type-simple"},"yoast_head":"<!-- This site is optimized with the Yoast SEO plugin v27.6 - https:\/\/yoast.com\/product\/yoast-seo-wordpress\/ -->\n<title>Silla De Barbero Negra Antigua Ernesto Gabbiano comprar<\/title>\n<meta name=\"description\" content=\"Compra Silla De Barbero Negra Antigua Ernesto Gabbiano online o en el showroom en Salon For ALL Espa\u00f1a. El mayorista para salones, consultas y spas en Espa\u00f1a y Portugal.\" \/>\n<meta name=\"robots\" content=\"index, follow, max-snippet:-1, max-image-preview:large, max-video-preview:-1\" \/>\n<link rel=\"canonical\" href=\"https:\/\/salonforall.es\/ca\/cadira-de-barber-negra-antiga-ernesto-gabbiano\/\" \/>\n<meta property=\"og:locale\" content=\"ca_ES\" \/>\n<meta property=\"og:type\" content=\"article\" \/>\n<meta property=\"og:title\" content=\"Silla De Barbero Negra Antigua Ernesto Gabbiano\" \/>\n<meta property=\"og:description\" content=\"Compra Silla De Barbero Negra Antigua Ernesto Gabbiano online o en el showroom en Salon For ALL Espa\u00f1a. El mayorista para salones, consultas y spas en Espa\u00f1a y Portugal.\" \/>\n<meta property=\"og:url\" content=\"https:\/\/salonforall.es\/ca\/cadira-de-barber-negra-antiga-ernesto-gabbiano\/\" \/>\n<meta property=\"og:site_name\" content=\"Salon For ALL Espa\u00f1a\" \/>\n<meta property=\"article:modified_time\" content=\"2026-03-24T15:39:25+00:00\" \/>\n<meta property=\"og:image\" content=\"https:\/\/salonforall.es\/wp-content\/uploads\/2025\/12\/Silla-De-Barbero-Negra-Antigua-Ernesto-Gabbiano.jpg\" \/>\n\t<meta property=\"og:image:width\" content=\"800\" \/>\n\t<meta property=\"og:image:height\" content=\"800\" \/>\n\t<meta property=\"og:image:type\" content=\"image\/jpeg\" \/>\n<meta name=\"twitter:card\" content=\"summary_large_image\" \/>\n<meta name=\"twitter:title\" content=\"Silla De Barbero Negra Antigua Ernesto Gabbiano\" \/>\n<meta name=\"twitter:label1\" content=\"Temps estimat de lectura\" \/>\n\t<meta name=\"twitter:data1\" content=\"9 minuts\" \/>\n<script type=\"application\/ld+json\" class=\"yoast-schema-graph\">{\"@context\":\"https:\\\/\\\/schema.org\",\"@graph\":[{\"@type\":\"WebPage\",\"@id\":\"https:\\\/\\\/salonforall.es\\\/silla-de-barbero-negra-antigua-ernesto-gabbiano\\\/\",\"url\":\"https:\\\/\\\/salonforall.es\\\/silla-de-barbero-negra-antigua-ernesto-gabbiano\\\/\",\"name\":\"Silla De Barbero Negra Antigua Ernesto Gabbiano comprar\",\"isPartOf\":{\"@id\":\"https:\\\/\\\/salonforall.es\\\/#website\"},\"primaryImageOfPage\":{\"@id\":\"https:\\\/\\\/salonforall.es\\\/silla-de-barbero-negra-antigua-ernesto-gabbiano\\\/#primaryimage\"},\"image\":{\"@id\":\"https:\\\/\\\/salonforall.es\\\/silla-de-barbero-negra-antigua-ernesto-gabbiano\\\/#primaryimage\"},\"thumbnailUrl\":\"https:\\\/\\\/salonforall.es\\\/wp-content\\\/uploads\\\/2025\\\/12\\\/Silla-De-Barbero-Negra-Antigua-Ernesto-Gabbiano.jpg\",\"datePublished\":\"2025-12-02T11:25:57+00:00\",\"dateModified\":\"2026-03-24T15:39:25+00:00\",\"description\":\"Compra Silla De Barbero Negra Antigua Ernesto Gabbiano online o en el showroom en Salon For ALL Espa\u00f1a. El mayorista para salones, consultas y spas en Espa\u00f1a y Portugal.\",\"breadcrumb\":{\"@id\":\"https:\\\/\\\/salonforall.es\\\/silla-de-barbero-negra-antigua-ernesto-gabbiano\\\/#breadcrumb\"},\"inLanguage\":\"ca\",\"potentialAction\":[{\"@type\":\"ReadAction\",\"target\":[\"https:\\\/\\\/salonforall.es\\\/silla-de-barbero-negra-antigua-ernesto-gabbiano\\\/\"]}]},{\"@type\":\"ImageObject\",\"inLanguage\":\"ca\",\"@id\":\"https:\\\/\\\/salonforall.es\\\/silla-de-barbero-negra-antigua-ernesto-gabbiano\\\/#primaryimage\",\"url\":\"https:\\\/\\\/salonforall.es\\\/wp-content\\\/uploads\\\/2025\\\/12\\\/Silla-De-Barbero-Negra-Antigua-Ernesto-Gabbiano.jpg\",\"contentUrl\":\"https:\\\/\\\/salonforall.es\\\/wp-content\\\/uploads\\\/2025\\\/12\\\/Silla-De-Barbero-Negra-Antigua-Ernesto-Gabbiano.jpg\",\"width\":800,\"height\":800,\"caption\":\"Silla De Barbero Negra Antigua Ernesto Gabbiano\"},{\"@type\":\"BreadcrumbList\",\"@id\":\"https:\\\/\\\/salonforall.es\\\/silla-de-barbero-negra-antigua-ernesto-gabbiano\\\/#breadcrumb\",\"itemListElement\":[{\"@type\":\"ListItem\",\"position\":1,\"name\":\"Home\",\"item\":\"https:\\\/\\\/salonforall.es\\\/\"},{\"@type\":\"ListItem\",\"position\":2,\"name\":\"Winkel\",\"item\":\"https:\\\/\\\/salonforall.es\\\/winkel\\\/\"},{\"@type\":\"ListItem\",\"position\":3,\"name\":\"Silla De Barbero Negra Antigua Ernesto Gabbiano\"}]},{\"@type\":\"WebSite\",\"@id\":\"https:\\\/\\\/salonforall.es\\\/#website\",\"url\":\"https:\\\/\\\/salonforall.es\\\/\",\"name\":\"Salon For ALL Espa\u00f1a\",\"description\":\"Mayorista de mobiliario y suministros para consultorios y salones\",\"publisher\":{\"@id\":\"https:\\\/\\\/salonforall.es\\\/#organization\"},\"potentialAction\":[{\"@type\":\"SearchAction\",\"target\":{\"@type\":\"EntryPoint\",\"urlTemplate\":\"https:\\\/\\\/salonforall.es\\\/?s={search_term_string}\"},\"query-input\":{\"@type\":\"PropertyValueSpecification\",\"valueRequired\":true,\"valueName\":\"search_term_string\"}}],\"inLanguage\":\"ca\"},{\"@type\":\"Organization\",\"@id\":\"https:\\\/\\\/salonforall.es\\\/#organization\",\"name\":\"Salon For All B.V. Espa\u00f1a\",\"alternateName\":\"Salon For All B.V. Espa\u00f1a - Mayorista de equipamiento para consultas, salones y suministros\",\"url\":\"https:\\\/\\\/salonforall.es\\\/\",\"logo\":{\"@type\":\"ImageObject\",\"inLanguage\":\"ca\",\"@id\":\"https:\\\/\\\/salonforall.es\\\/#\\\/schema\\\/logo\\\/image\\\/\",\"url\":\"https:\\\/\\\/salonforall.es\\\/wp-content\\\/uploads\\\/2025\\\/11\\\/logo-salon-for-all-e1764543185849.png\",\"contentUrl\":\"https:\\\/\\\/salonforall.es\\\/wp-content\\\/uploads\\\/2025\\\/11\\\/logo-salon-for-all-e1764543185849.png\",\"width\":500,\"height\":150,\"caption\":\"Salon For All B.V. Espa\u00f1a\"},\"image\":{\"@id\":\"https:\\\/\\\/salonforall.es\\\/#\\\/schema\\\/logo\\\/image\\\/\"}}]}<\/script>\n<!-- \/ Yoast SEO plugin. -->","yoast_head_json":{"title":"Cadira De Barber Negra Antiga Ernesto Gabbiano comprar","description":"Compra Cadira de Barber Negra Antiga Ernesto Gabbiano online o al showroom a Salon For ALL Espanya. El majorista per a salons, consultes i spas a Espanya i Portugal.","robots":{"index":"index","follow":"follow","max-snippet":"max-snippet:-1","max-image-preview":"max-image-preview:large","max-video-preview":"max-video-preview:-1"},"canonical":"https:\/\/salonforall.es\/ca\/cadira-de-barber-negra-antiga-ernesto-gabbiano\/","og_locale":"ca_ES","og_type":"article","og_title":"Silla De Barbero Negra Antigua Ernesto Gabbiano","og_description":"Compra Silla De Barbero Negra Antigua Ernesto Gabbiano online o en el showroom en Salon For ALL Espa\u00f1a. El mayorista para salones, consultas y spas en Espa\u00f1a y Portugal.","og_url":"https:\/\/salonforall.es\/ca\/cadira-de-barber-negra-antiga-ernesto-gabbiano\/","og_site_name":"Salon For ALL Espa\u00f1a","article_modified_time":"2026-03-24T15:39:25+00:00","og_image":[{"width":800,"height":800,"url":"https:\/\/salonforall.es\/wp-content\/uploads\/2025\/12\/Silla-De-Barbero-Negra-Antigua-Ernesto-Gabbiano.jpg","type":"image\/jpeg"}],"twitter_card":"summary_large_image","twitter_title":"Silla De Barbero Negra Antigua Ernesto Gabbiano","twitter_misc":{"Temps estimat de lectura":"9 minuts"},"schema":{"@context":"https:\/\/schema.org","@graph":[{"@type":"WebPage","@id":"https:\/\/salonforall.es\/silla-de-barbero-negra-antigua-ernesto-gabbiano\/","url":"https:\/\/salonforall.es\/silla-de-barbero-negra-antigua-ernesto-gabbiano\/","name":"Cadira De Barber Negra Antiga Ernesto Gabbiano comprar","isPartOf":{"@id":"https:\/\/salonforall.es\/#website"},"primaryImageOfPage":{"@id":"https:\/\/salonforall.es\/silla-de-barbero-negra-antigua-ernesto-gabbiano\/#primaryimage"},"image":{"@id":"https:\/\/salonforall.es\/silla-de-barbero-negra-antigua-ernesto-gabbiano\/#primaryimage"},"thumbnailUrl":"https:\/\/salonforall.es\/wp-content\/uploads\/2025\/12\/Silla-De-Barbero-Negra-Antigua-Ernesto-Gabbiano.jpg","datePublished":"2025-12-02T11:25:57+00:00","dateModified":"2026-03-24T15:39:25+00:00","description":"Compra Cadira de Barber Negra Antiga Ernesto Gabbiano online o al showroom a Salon For ALL Espanya. El majorista per a salons, consultes i spas a Espanya i Portugal.","breadcrumb":{"@id":"https:\/\/salonforall.es\/silla-de-barbero-negra-antigua-ernesto-gabbiano\/#breadcrumb"},"inLanguage":"ca","potentialAction":[{"@type":"ReadAction","target":["https:\/\/salonforall.es\/silla-de-barbero-negra-antigua-ernesto-gabbiano\/"]}]},{"@type":"ImageObject","inLanguage":"ca","@id":"https:\/\/salonforall.es\/silla-de-barbero-negra-antigua-ernesto-gabbiano\/#primaryimage","url":"https:\/\/salonforall.es\/wp-content\/uploads\/2025\/12\/Silla-De-Barbero-Negra-Antigua-Ernesto-Gabbiano.jpg","contentUrl":"https:\/\/salonforall.es\/wp-content\/uploads\/2025\/12\/Silla-De-Barbero-Negra-Antigua-Ernesto-Gabbiano.jpg","width":800,"height":800,"caption":"Silla De Barbero Negra Antigua Ernesto Gabbiano"},{"@type":"BreadcrumbList","@id":"https:\/\/salonforall.es\/silla-de-barbero-negra-antigua-ernesto-gabbiano\/#breadcrumb","itemListElement":[{"@type":"ListItem","position":1,"name":"Home","item":"https:\/\/salonforall.es\/"},{"@type":"ListItem","position":2,"name":"Winkel","item":"https:\/\/salonforall.es\/winkel\/"},{"@type":"ListItem","position":3,"name":"Silla De Barbero Negra Antigua Ernesto Gabbiano"}]},{"@type":"WebSite","@id":"https:\/\/salonforall.es\/#website","url":"https:\/\/salonforall.es\/","name":"Salon For ALL Espanya","description":"Majorista de mobiliari i subministraments per a consultoris i salons","publisher":{"@id":"https:\/\/salonforall.es\/#organization"},"potentialAction":[{"@type":"SearchAction","target":{"@type":"EntryPoint","urlTemplate":"https:\/\/salonforall.es\/?s={search_term_string}"},"query-input":{"@type":"PropertyValueSpecification","valueRequired":true,"valueName":"search_term_string"}}],"inLanguage":"ca"},{"@type":"Organization","@id":"https:\/\/salonforall.es\/#organization","name":"Salon For All BV Espanya","alternateName":"Salon For All B.V. Espa\u00f1a - Mayorista de equipamiento para consultas, salones y suministros","url":"https:\/\/salonforall.es\/","logo":{"@type":"ImageObject","inLanguage":"ca","@id":"https:\/\/salonforall.es\/#\/schema\/logo\/image\/","url":"https:\/\/salonforall.es\/wp-content\/uploads\/2025\/11\/logo-salon-for-all-e1764543185849.png","contentUrl":"https:\/\/salonforall.es\/wp-content\/uploads\/2025\/11\/logo-salon-for-all-e1764543185849.png","width":500,"height":150,"caption":"Salon For All B.V. Espa\u00f1a"},"image":{"@id":"https:\/\/salonforall.es\/#\/schema\/logo\/image\/"}}]}},"_links":{"self":[{"href":"https:\/\/salonforall.es\/ca\/wp-json\/wp\/v2\/product\/6152","targetHints":{"allow":["GET"]}}],"collection":[{"href":"https:\/\/salonforall.es\/ca\/wp-json\/wp\/v2\/product"}],"about":[{"href":"https:\/\/salonforall.es\/ca\/wp-json\/wp\/v2\/types\/product"}],"replies":[{"embeddable":true,"href":"https:\/\/salonforall.es\/ca\/wp-json\/wp\/v2\/comments?post=6152"}],"wp:featuredmedia":[{"embeddable":true,"href":"https:\/\/salonforall.es\/ca\/wp-json\/wp\/v2\/media\/6153"}],"wp:attachment":[{"href":"https:\/\/salonforall.es\/ca\/wp-json\/wp\/v2\/media?parent=6152"}],"wp:term":[{"taxonomy":"product_brand","embeddable":true,"href":"https:\/\/salonforall.es\/ca\/wp-json\/wp\/v2\/product_brand?post=6152"},{"taxonomy":"product_cat","embeddable":true,"href":"https:\/\/salonforall.es\/ca\/wp-json\/wp\/v2\/product_cat?post=6152"},{"taxonomy":"product_tag","embeddable":true,"href":"https:\/\/salonforall.es\/ca\/wp-json\/wp\/v2\/product_tag?post=6152"}],"curies":[{"name":"wp","href":"https:\/\/api.w.org\/{rel}","templated":true}]}}