{"id":4335,"date":"2025-12-02T12:06:29","date_gmt":"2025-12-02T11:06:29","guid":{"rendered":"https:\/\/salonforall.es\/product\/syis-boligrafo-de-microagujas-05-plata-cosmeticos-syis\/"},"modified":"2026-03-24T16:11:23","modified_gmt":"2026-03-24T15:11:23","slug":"syis-boligrafo-de-microagujas-05-plata-cosmeticos-syis","status":"publish","type":"product","link":"https:\/\/salonforall.es\/ca\/syis-boligrafo-de-microagujas-05-plata-cosmeticos-syis\/","title":{"rendered":"Syis \u2013 Bol\u00edgraf De Microagulles 05 Plata + Cosm\u00e8tics Syis"},"content":{"rendered":"<h2>Informaci\u00f3n sobre Syis &#8211; Bol\u00edgrafo De Microagujas 05 Plata + Cosm\u00e9ticos Syis con n\u00famero de art\u00edculo 123900<\/h2>\n<div>\n<div> set de microagujas + 10 ampollas hidratantes y nutritivas de 3 ml <\/div>\n<div> <\/div>\n<div> microneedle pen <\/div>\n<div> <\/div>\n<div> es un dispositivo moderno para la mesoterapia con microagujas, utilizado para regenerar la piel, eliminar arrugas, tratar cicatrices y reducir las estr\u00edas. El \u00abbol\u00edgrafo\u00bb regenera, cura y reduce las imperfecciones de la piel de forma m\u00e1s r\u00e1pida, eficaz y, al mismo tiempo, menos dolorosa. permite la introducci\u00f3n de sustancias activas en la piel punz\u00e1ndola con agujas pulsantes. <\/div>\n<div> <\/div>\n<div> <u> \u00bfCu\u00e1l es el procedimiento? <\/u> <\/div>\n<div> <u > <\/u> <br \/> El microneedle pen estimula la capacidad regenerativa natural del cuerpo humano. El \u00abbol\u00edgrafo\u00bb punza la piel de forma regulada, lo que activa sus procesos de autorrenovaci\u00f3n, es decir, la multiplicaci\u00f3n del col\u00e1geno y la elastina. Sus microagujas penetran hasta una profundidad de 2,5 mm, lo que permite adem\u00e1s la absorci\u00f3n de sustancias activas en la piel. Gracias a esto, la piel recupera una apariencia saludable y juvenil a un ritmo sin precedentes. <\/div>\n<div> acci\u00f3n probada <\/div>\n<div> <\/div>\n<div> el bol\u00edgrafo de microagujas es: <br \/> &#8211; suavizado de arrugas <br \/> &#8211; regeneraci\u00f3n de la piel <br \/> &#8211; reducci\u00f3n de cicatrices de acn\u00e9 <br \/> &#8211; eliminaci\u00f3n de estr\u00edas <br \/> &#8211; reducci\u00f3n de cicatrices (reducci\u00f3n de imperfecciones de la piel) <br \/> &#8211; reducci\u00f3n de poros <br \/> &#8211; prevenci\u00f3n de la alopecia <\/div>\n<div> <\/div>\n<div> el dispositivo funciona de forma inal\u00e1mbrica y con cable, el conjunto incluye un cargador, dos bater\u00edas de litio y un estuche s\u00f3lido visible en las im\u00e1genes. tiene 5 modos de funcionamiento con diferente frecuencia de punciones. <\/div>\n<div> <\/div>\n<div> <u> especificaci\u00f3n t\u00e9cnica: <\/u> <br \/> &#8211; agujas: 12 <br \/> &#8211; el dispositivo est\u00e1 hecho de acero <br \/> &#8211; intervalo de ajuste de la longitud de la aguja: 0,25 mm &#8211; 2,5 mm <br \/> &#8211; peso 56 \u200b\u200bg <br \/> &#8211; frecuencia de punci\u00f3n 6500-10000 rpm <\/div>\n<div> <\/div>\n<div>\n<div> 1. 6500r \/ m <br \/> 2. 7500r \/ m <br \/> 3. 8500r \/ m <br \/> 4. 9500r \/ m <br \/> 5. 10000r \/ m <\/div>\n<div> <\/div>\n<div> -5 modos de frecuencia <br \/> &#8211; tiempo de trabajo despu\u00e9s de la carga: hasta 3 horas <br \/> &#8211; Motor alem\u00e1n <br \/> &#8211; tama\u00f1o del bol\u00edgrafo: 12x18x155mm <br \/> -2 bater\u00edas de litio <br \/> &#8211; tiempo necesario para cargar la bater\u00eda: 75 min <br \/> &#8211; dispositivo certificado CE <br \/> &#8211; per\u00edodo de garant\u00eda 12 meses. <\/div>\n<div> <\/div>\n<div> <\/div>\n<div>\n<div>\n<div> 10 ampollas hidratantes y nutritivas de 3 ml <\/div>\n<div> para pieles secas y tirantes que requieren hidrataci\u00f3n, nutrici\u00f3n y suavizado. Gracias al contenido de pantenol, las ampollas alivian eficazmente cualquier cambio y aceleran la regeneraci\u00f3n de la epidermis da\u00f1ada. El col\u00e1geno junto con el \u00e1cido hialur\u00f3nico y las prote\u00ednas de la leche son responsables de la hidrataci\u00f3n adecuada de la piel, fortalecen la capa hidrolip\u00eddica y apoyan el nmf, un factor hidratante natural. La piel se vuelve el\u00e1stica y radiante. Una piel adecuadamente hidratada y nutrida absorbe mucho mejor los nutrientes. <\/div>\n<div> <\/div>\n<div> el kit incluye un dispositivo de 1 pieza. + un paquete de 10 ampollas de 3 ml<\/p>\n<p>Los productos Activeshop son proporcionalmente m\u00e1s econ\u00f3micos que muchas otras marcas\/proveedores. El precio est\u00e1 en relaci\u00f3n con la calidad. Syis &#8211; Bol\u00edgrafo De Microagujas 05 Plata + Cosm\u00e9ticos Syis es por lo tanto una soluci\u00f3n accesible para su sal\u00f3n.<\/p>\n<h2>\u00bfC\u00f3mo se entrega Syis &#8211; Bol\u00edgrafo De Microagujas 05 Plata + Cosm\u00e9ticos Syis?<\/h2>\n<p>Syis &#8211; Bol\u00edgrafo De Microagujas 05 Plata + Cosm\u00e9ticos Syis se entrega en embalaje(s) original(es). Dentro de Espa\u00f1a el env\u00edo de Syis &#8211; Bol\u00edgrafo De Microagujas 05 Plata + Cosm\u00e9ticos Syis es completamente gratuito para pedidos a partir de 100,- euros. Para env\u00edos a otros pa\u00edses se aplican tarifas de env\u00edo separadas. Puede consultar estas tarifas con nosotros o verlas en el carrito de compra. Syis &#8211; Bol\u00edgrafo De Microagujas 05 Plata + Cosm\u00e9ticos Syis se env\u00eda a trav\u00e9s de un servicio de mensajer\u00eda externo.<\/p>\n<p>Els paquets o palets es lliuren de forma est\u00e0ndard fins al llindar de la porta principal, fins i tot si est\u00e0 ubicat en un edifici col\u00b7lectiu, edifici d&#039;apartaments o complex d&#039;apartaments amb ascensor (sempre que l&#039;article c\u00e0piga a l&#039;ascensor). No hi ha ascensor disponible o l&#039;article no hi cap a l&#039;ascensor? Aleshores lliurem fins al llindar de la planta baixa.<\/p>\n<p>Encara teniu preguntes sobre el lliurament o una situaci\u00f3 especial? Contacti&#039;ns i estarem encantats d&#039;ajudar-lo!<\/p>\n<p>*Els articles no es desembalen ni munten de forma est\u00e0ndard. En situacions especials ens pot contactar per fer acords sobre aix\u00f2.<\/p>\n<h2>Compra en l\u00ednia segura a Salon For All amb el segell de qualitat Webwinkelkeur i xifrat SSL<\/h2>\n<p>Es importante para nosotros que nuestros clientes puedan comprar de forma segura en nuestra tienda online. Estamos afiliados al sello de calidad nacional Webwinkelkeur desde 2019. Nuestra identidad ha sido verificada y comprobada por ellos, y la tienda online ha sido revisada y aprobada legalmente. Adem\u00e1s, nuestra tienda online est\u00e1 afiliada a ellos para la mediaci\u00f3n de conflictos. Puede ver la insignia con toda la informaci\u00f3n de este sello de calidad de tienda online en el lado izquierdo o derecho de la tienda online (bot\u00f3n rosa con blanco). Adem\u00e1s, nuestro sitio est\u00e1 protegido con un certificado SSL para que pueda navegar de forma segura con nosotros. En la barra de su navegador de Internet, donde aparece nuestro sitio web, ver\u00e1 un icono de candado. Si hace clic en el candado, obtendr\u00e1 toda la informaci\u00f3n sobre nuestra seguridad. De esta manera sabe que su pedido de Syis &#8211; Bol\u00edgrafo De Microagujas 05 Plata + Cosm\u00e9ticos Syis y sus datos personales se procesan de forma segura.<\/p>\n<h2>\u00bfC\u00f3mo puedo pagar Syis &#8211; Bol\u00edgrafo De Microagujas 05 Plata + Cosm\u00e9ticos Syis?<\/h2>\n<p>Volem fer-ho el m\u00e9s f\u00e0cil possible. Per aix\u00f2 a Salon For All podeu pagar amb tots els m\u00e8todes de pagament coneguts i habituals. Pagar per avan\u00e7at, al lliurament oa posteriori; tot \u00e9s possible. Vegeu aqu\u00ed tots els m\u00e8todes de pagament que oferim:<\/p>\n<ul>\n<li>iDEAL<\/li>\n<li>Targeta de cr\u00e8dit (Visa, Mastercard, American Express)<\/li>\n<li>Klarna \u2013 Pagament a posteriori amb factura<\/li>\n<li>PayPal<\/li>\n<li>Apple Pay<\/li>\n<li>Google Pay<\/li>\n<li>Bizum (per a clients espanyols)<\/li>\n<li>Transfer\u00e8ncia banc\u00e0ria SEPA<\/li>\n<li>Bancontact<\/li>\n<li>Factura comercial per a empreses<\/li>\n<li>Pagament al showroom \u2013 Tant targeta com efectiu (Nom\u00e9s disponible en recollida)<\/li>\n<\/ul>\n<h2>Consulteu tamb\u00e9 les ressenyes de Salon For All<\/h2>\n<p>Consulte tambi\u00e9n nuestras rese\u00f1as para tener en cuenta las experiencias de nuestros clientes actuales en su decisi\u00f3n de pedir Syis &#8211; Bol\u00edgrafo De Microagujas 05 Plata + Cosm\u00e9ticos Syis con nosotros. A trav\u00e9s de nuestro sello de calidad independiente de tienda online Webwinkelkeur, se recopilan autom\u00e1ticamente rese\u00f1as verificadas de clientes que han completado un pedido con nosotros. Puede encontrarlas detr\u00e1s del bot\u00f3n rosa en nuestra tienda online o aparecen listadas debajo de los productos.<\/p>\n<p>\u00a1Comparta tambi\u00e9n su experiencia despu\u00e9s de su compra con su Syis &#8211; Bol\u00edgrafo De Microagujas 05 Plata + Cosm\u00e9ticos Syis pedido y su experiencia con el proceso de compra o el contacto con Salon For All para inspirar a otros!<\/p>\n<h2>Contacte amb Salon For All<\/h2>\n<p>Cont\u00e1ctenos entonces. Estaremos encantados de ayudarle con la adquisici\u00f3n de Syis &#8211; Bol\u00edgrafo De Microagujas 05 Plata + Cosm\u00e9ticos Syis. En d\u00edas laborables estamos mejor disponibles entre las 8.30 y las 17.00 horas a trav\u00e9s del n\u00famero de tel\u00e9fono y direcci\u00f3n de correo electr\u00f3nico en la parte superior de la tienda online o a trav\u00e9s de la funci\u00f3n de chat. Las consultas fuera del horario de oficina suelen responderse en un plazo de 24 horas. Tambi\u00e9n es posible visitarnos fuera de los d\u00edas laborables u horario de oficina. Pero para ello es necesario concertar una cita previa.<\/p>\n<h2>Voleu visitar el nostre showroom?<\/h2>\n<p>\u00bfPrefiere ver Syis &#8211; Bol\u00edgrafo De Microagujas 05 Plata + Cosm\u00e9ticos Syis o recorrer nuestra oferta de la tienda (online) junto con nuestro colega? Entonces visite nuestro showroom con m\u00e1s de 1000m\u00b2 de equipamiento para salones y d\u00e9jese inspirar por nuestros empleados. Tambi\u00e9n si le gusta conocernos de manera agradable disfrutando de una buena taza de caf\u00e9 o t\u00e9, es muy bienvenido. No tenemos todos los productos en stock, as\u00ed que h\u00e1ganos saber de antemano que desea venir. Concierte siempre una cita previa.<\/p>\n<h2>14 dies de reflexi\u00f3 i la nostra pol\u00edtica de devolucions<\/h2>\n<p>Por supuesto puede ocurrir que Syis &#8211; Bol\u00edgrafo De Microagujas 05 Plata + Cosm\u00e9ticos Syis entregado no sea completamente de su agrado y desee devolverlo. Eso no es ning\u00fan problema en Salon For All. Debe notificar su devoluci\u00f3n dentro de 14 d\u00edas laborables a trav\u00e9s de info@salonforall.es. Entonces recibir\u00e1 primero todas las instrucciones y condiciones de devoluci\u00f3n. Tenga en cuenta que Syis &#8211; Bol\u00edgrafo De Microagujas 05 Plata + Cosm\u00e9ticos Syis no debe haber sido usado, debe contener todas las partes suministradas y debe devolverse empaquetado en el embalaje original. Los costos de env\u00edo de una devoluci\u00f3n son siempre a cargo del comprador en compras a trav\u00e9s de www.salonforall.es. Debe organizar usted mismo un transporte con una empresa de transporte de su elecci\u00f3n para una devoluci\u00f3n. Una vez que Syis &#8211; Bol\u00edgrafo De Microagujas 05 Plata + Cosm\u00e9ticos Syis haya sido devuelto, se verificar\u00e1 su integridad y posibles da\u00f1os. Una vez que la devoluci\u00f3n haya sido aprobada, el importe de la compra se reembolsar\u00e1 dentro de 5 d\u00edas laborables a la cuenta bancaria que tenemos registrada.<\/p>\n<h2>Qui \u00e9s Salon For All?<\/h2>\n<p>Salon For All \u00e9s EL majorista per a tot equipament de salons a Europa. Salon For All va comen\u00e7ar el 2003 sota el nom Salonvoordeel i va sorgir de la pr\u00e0ctica. Els propietaris de Salon For All eren perruquers i especialistes en bellesa experimentats i tenen plegats m\u00e9s de 30 anys d&#039;experi\u00e8ncia pr\u00e0ctica. El 2003 vam llan\u00e7ar Salonvoordeel.nl (Pa\u00efsos Baixos) i posteriorment es va fundar Salon For All per al mercat europeu. Alguns dels nostres empleats van iniciar el seu propi negoci i aix\u00ed va sorgir la idea de llan\u00e7ar una botiga online funcional per a perruquers i ajudar-los amb l&#039;equipament del sal\u00f3.<\/p>\n<p>Nuestro showroom se encuentra en Dinxperlo, directamente en la frontera entre los Pa\u00edses Bajos y Alemania. Con nuestra amplia experiencia en el sector podemos servirle de espejo y proporcionarle el asesoramiento adecuado. \u00a1Hablamos el mismo idioma! Le asesoramos, inspiramos, motivamos y ayudamos en la adquisici\u00f3n de Syis &#8211; Bol\u00edgrafo De Microagujas 05 Plata + Cosm\u00e9ticos Syis. Nuestros proveedores se encuentran en toda Europa, desde Alemania, Inglaterra, Italia hasta Polonia.<\/p>","protected":false},"excerpt":{"rendered":"<p>El producte Syis \u2013 Bol\u00edgraf De Microagulles 05 Plata + Cosm\u00e8tics Syis \u00e9s una soluci\u00f3 d&#039;alta qualitat per a qualsevol sal\u00f3. El termini de lliurament estimat \u00e9s de 6 dies laborables aproximadament.<\/p>","protected":false},"featured_media":4336,"comment_status":"open","ping_status":"open","template":"","meta":[],"product_brand":[362],"product_cat":[76,601],"product_tag":[79,602],"class_list":{"0":"post-4335","1":"product","2":"type-product","3":"status-publish","4":"has-post-thumbnail","6":"product_brand-syis","7":"product_cat-cosmetica-profesional","8":"product_cat-derma-roller","9":"product_tag-cosmetica-profesional","10":"product_tag-derma-roller","11":"pa_codigo-ean-7759","12":"pa_garantia-12-meses","13":"pa_marca-syis","14":"pa_numero-de-articulo-1209","15":"pa_tiempo-estimado-de-entrega-4-5-dias-laborables","17":"first","18":"instock","19":"sale","20":"taxable","21":"shipping-taxable","22":"purchasable","23":"product-type-simple"},"yoast_head":"<!-- This site is optimized with the Yoast SEO plugin v27.6 - https:\/\/yoast.com\/product\/yoast-seo-wordpress\/ -->\n<title>Syis - Bol\u00edgrafo De Microagujas 05 Plata + Cosm\u00e9ticos Syis comprar<\/title>\n<meta name=\"description\" content=\"Compra Syis - Bol\u00edgrafo De Microagujas 05 Plata + Cosm\u00e9ticos Syis online o en el showroom en Salon For ALL Espa\u00f1a. El mayorista para salones, consultas y spas en Espa\u00f1a y Portugal.\" \/>\n<meta name=\"robots\" content=\"index, follow, max-snippet:-1, max-image-preview:large, max-video-preview:-1\" \/>\n<link rel=\"canonical\" href=\"https:\/\/salonforall.es\/ca\/syis-boligrafo-de-microagujas-05-plata-cosmeticos-syis\/\" \/>\n<meta property=\"og:locale\" content=\"ca_ES\" \/>\n<meta property=\"og:type\" content=\"article\" \/>\n<meta property=\"og:title\" content=\"Syis - Bol\u00edgrafo De Microagujas 05 Plata + Cosm\u00e9ticos Syis\" \/>\n<meta property=\"og:description\" content=\"Compra Syis - Bol\u00edgrafo De Microagujas 05 Plata + Cosm\u00e9ticos Syis online o en el showroom en Salon For ALL Espa\u00f1a. El mayorista para salones, consultas y spas en Espa\u00f1a y Portugal.\" \/>\n<meta property=\"og:url\" content=\"https:\/\/salonforall.es\/ca\/syis-boligrafo-de-microagujas-05-plata-cosmeticos-syis\/\" \/>\n<meta property=\"og:site_name\" content=\"Salon For ALL Espa\u00f1a\" \/>\n<meta property=\"article:modified_time\" content=\"2026-03-24T15:11:23+00:00\" \/>\n<meta property=\"og:image\" content=\"https:\/\/salonforall.es\/wp-content\/uploads\/2025\/12\/Syis-Boligrafo-De-Microagujas-05-Plata-Cosmeticos-Syis.jpg\" \/>\n\t<meta property=\"og:image:width\" content=\"800\" \/>\n\t<meta property=\"og:image:height\" content=\"800\" \/>\n\t<meta property=\"og:image:type\" content=\"image\/jpeg\" \/>\n<meta name=\"twitter:card\" content=\"summary_large_image\" \/>\n<meta name=\"twitter:title\" content=\"Syis - Bol\u00edgrafo De Microagujas 05 Plata + Cosm\u00e9ticos Syis\" \/>\n<meta name=\"twitter:label1\" content=\"Temps estimat de lectura\" \/>\n\t<meta name=\"twitter:data1\" content=\"9 minuts\" \/>\n<script type=\"application\/ld+json\" class=\"yoast-schema-graph\">{\"@context\":\"https:\\\/\\\/schema.org\",\"@graph\":[{\"@type\":\"WebPage\",\"@id\":\"https:\\\/\\\/salonforall.es\\\/syis-boligrafo-de-microagujas-05-plata-cosmeticos-syis\\\/\",\"url\":\"https:\\\/\\\/salonforall.es\\\/syis-boligrafo-de-microagujas-05-plata-cosmeticos-syis\\\/\",\"name\":\"Syis - Bol\u00edgrafo De Microagujas 05 Plata + Cosm\u00e9ticos Syis comprar\",\"isPartOf\":{\"@id\":\"https:\\\/\\\/salonforall.es\\\/#website\"},\"primaryImageOfPage\":{\"@id\":\"https:\\\/\\\/salonforall.es\\\/syis-boligrafo-de-microagujas-05-plata-cosmeticos-syis\\\/#primaryimage\"},\"image\":{\"@id\":\"https:\\\/\\\/salonforall.es\\\/syis-boligrafo-de-microagujas-05-plata-cosmeticos-syis\\\/#primaryimage\"},\"thumbnailUrl\":\"https:\\\/\\\/salonforall.es\\\/wp-content\\\/uploads\\\/2025\\\/12\\\/Syis-Boligrafo-De-Microagujas-05-Plata-Cosmeticos-Syis.jpg\",\"datePublished\":\"2025-12-02T11:06:29+00:00\",\"dateModified\":\"2026-03-24T15:11:23+00:00\",\"description\":\"Compra Syis - Bol\u00edgrafo De Microagujas 05 Plata + Cosm\u00e9ticos Syis online o en el showroom en Salon For ALL Espa\u00f1a. El mayorista para salones, consultas y spas en Espa\u00f1a y Portugal.\",\"breadcrumb\":{\"@id\":\"https:\\\/\\\/salonforall.es\\\/syis-boligrafo-de-microagujas-05-plata-cosmeticos-syis\\\/#breadcrumb\"},\"inLanguage\":\"ca\",\"potentialAction\":[{\"@type\":\"ReadAction\",\"target\":[\"https:\\\/\\\/salonforall.es\\\/syis-boligrafo-de-microagujas-05-plata-cosmeticos-syis\\\/\"]}]},{\"@type\":\"ImageObject\",\"inLanguage\":\"ca\",\"@id\":\"https:\\\/\\\/salonforall.es\\\/syis-boligrafo-de-microagujas-05-plata-cosmeticos-syis\\\/#primaryimage\",\"url\":\"https:\\\/\\\/salonforall.es\\\/wp-content\\\/uploads\\\/2025\\\/12\\\/Syis-Boligrafo-De-Microagujas-05-Plata-Cosmeticos-Syis.jpg\",\"contentUrl\":\"https:\\\/\\\/salonforall.es\\\/wp-content\\\/uploads\\\/2025\\\/12\\\/Syis-Boligrafo-De-Microagujas-05-Plata-Cosmeticos-Syis.jpg\",\"width\":800,\"height\":800,\"caption\":\"Syis - Bol\u00edgrafo De Microagujas 05 Plata + Cosm\u00e9ticos Syis\"},{\"@type\":\"BreadcrumbList\",\"@id\":\"https:\\\/\\\/salonforall.es\\\/syis-boligrafo-de-microagujas-05-plata-cosmeticos-syis\\\/#breadcrumb\",\"itemListElement\":[{\"@type\":\"ListItem\",\"position\":1,\"name\":\"Home\",\"item\":\"https:\\\/\\\/salonforall.es\\\/\"},{\"@type\":\"ListItem\",\"position\":2,\"name\":\"Winkel\",\"item\":\"https:\\\/\\\/salonforall.es\\\/winkel\\\/\"},{\"@type\":\"ListItem\",\"position\":3,\"name\":\"Syis &#8211; Bol\u00edgrafo De Microagujas 05 Plata + Cosm\u00e9ticos Syis\"}]},{\"@type\":\"WebSite\",\"@id\":\"https:\\\/\\\/salonforall.es\\\/#website\",\"url\":\"https:\\\/\\\/salonforall.es\\\/\",\"name\":\"Salon For ALL Espa\u00f1a\",\"description\":\"Mayorista de mobiliario y suministros para consultorios y salones\",\"publisher\":{\"@id\":\"https:\\\/\\\/salonforall.es\\\/#organization\"},\"potentialAction\":[{\"@type\":\"SearchAction\",\"target\":{\"@type\":\"EntryPoint\",\"urlTemplate\":\"https:\\\/\\\/salonforall.es\\\/?s={search_term_string}\"},\"query-input\":{\"@type\":\"PropertyValueSpecification\",\"valueRequired\":true,\"valueName\":\"search_term_string\"}}],\"inLanguage\":\"ca\"},{\"@type\":\"Organization\",\"@id\":\"https:\\\/\\\/salonforall.es\\\/#organization\",\"name\":\"Salon For All B.V. Espa\u00f1a\",\"alternateName\":\"Salon For All B.V. Espa\u00f1a - Mayorista de equipamiento para consultas, salones y suministros\",\"url\":\"https:\\\/\\\/salonforall.es\\\/\",\"logo\":{\"@type\":\"ImageObject\",\"inLanguage\":\"ca\",\"@id\":\"https:\\\/\\\/salonforall.es\\\/#\\\/schema\\\/logo\\\/image\\\/\",\"url\":\"https:\\\/\\\/salonforall.es\\\/wp-content\\\/uploads\\\/2025\\\/11\\\/logo-salon-for-all-e1764543185849.png\",\"contentUrl\":\"https:\\\/\\\/salonforall.es\\\/wp-content\\\/uploads\\\/2025\\\/11\\\/logo-salon-for-all-e1764543185849.png\",\"width\":500,\"height\":150,\"caption\":\"Salon For All B.V. Espa\u00f1a\"},\"image\":{\"@id\":\"https:\\\/\\\/salonforall.es\\\/#\\\/schema\\\/logo\\\/image\\\/\"}}]}<\/script>\n<!-- \/ Yoast SEO plugin. -->","yoast_head_json":{"title":"Syis - Bol\u00edgrafo De Microagujas 05 Plata + Cosm\u00e9ticos Syis comprar","description":"Compra Syis - Bol\u00edgrafo De Microagujas 05 Plata + Cosm\u00e9ticos Syis online o en el showroom en Salon For ALL Espa\u00f1a. El mayorista para salones, consultas y spas en Espa\u00f1a y Portugal.","robots":{"index":"index","follow":"follow","max-snippet":"max-snippet:-1","max-image-preview":"max-image-preview:large","max-video-preview":"max-video-preview:-1"},"canonical":"https:\/\/salonforall.es\/ca\/syis-boligrafo-de-microagujas-05-plata-cosmeticos-syis\/","og_locale":"ca_ES","og_type":"article","og_title":"Syis - Bol\u00edgrafo De Microagujas 05 Plata + Cosm\u00e9ticos Syis","og_description":"Compra Syis - Bol\u00edgrafo De Microagujas 05 Plata + Cosm\u00e9ticos Syis online o en el showroom en Salon For ALL Espa\u00f1a. El mayorista para salones, consultas y spas en Espa\u00f1a y Portugal.","og_url":"https:\/\/salonforall.es\/ca\/syis-boligrafo-de-microagujas-05-plata-cosmeticos-syis\/","og_site_name":"Salon For ALL Espa\u00f1a","article_modified_time":"2026-03-24T15:11:23+00:00","og_image":[{"width":800,"height":800,"url":"https:\/\/salonforall.es\/wp-content\/uploads\/2025\/12\/Syis-Boligrafo-De-Microagujas-05-Plata-Cosmeticos-Syis.jpg","type":"image\/jpeg"}],"twitter_card":"summary_large_image","twitter_title":"Syis - Bol\u00edgrafo De Microagujas 05 Plata + Cosm\u00e9ticos Syis","twitter_misc":{"Temps estimat de lectura":"9 minuts"},"schema":{"@context":"https:\/\/schema.org","@graph":[{"@type":"WebPage","@id":"https:\/\/salonforall.es\/syis-boligrafo-de-microagujas-05-plata-cosmeticos-syis\/","url":"https:\/\/salonforall.es\/syis-boligrafo-de-microagujas-05-plata-cosmeticos-syis\/","name":"Syis - Bol\u00edgrafo De Microagujas 05 Plata + Cosm\u00e9ticos Syis comprar","isPartOf":{"@id":"https:\/\/salonforall.es\/#website"},"primaryImageOfPage":{"@id":"https:\/\/salonforall.es\/syis-boligrafo-de-microagujas-05-plata-cosmeticos-syis\/#primaryimage"},"image":{"@id":"https:\/\/salonforall.es\/syis-boligrafo-de-microagujas-05-plata-cosmeticos-syis\/#primaryimage"},"thumbnailUrl":"https:\/\/salonforall.es\/wp-content\/uploads\/2025\/12\/Syis-Boligrafo-De-Microagujas-05-Plata-Cosmeticos-Syis.jpg","datePublished":"2025-12-02T11:06:29+00:00","dateModified":"2026-03-24T15:11:23+00:00","description":"Compra Syis - Bol\u00edgrafo De Microagujas 05 Plata + Cosm\u00e9ticos Syis online o en el showroom en Salon For ALL Espa\u00f1a. El mayorista para salones, consultas y spas en Espa\u00f1a y Portugal.","breadcrumb":{"@id":"https:\/\/salonforall.es\/syis-boligrafo-de-microagujas-05-plata-cosmeticos-syis\/#breadcrumb"},"inLanguage":"ca","potentialAction":[{"@type":"ReadAction","target":["https:\/\/salonforall.es\/syis-boligrafo-de-microagujas-05-plata-cosmeticos-syis\/"]}]},{"@type":"ImageObject","inLanguage":"ca","@id":"https:\/\/salonforall.es\/syis-boligrafo-de-microagujas-05-plata-cosmeticos-syis\/#primaryimage","url":"https:\/\/salonforall.es\/wp-content\/uploads\/2025\/12\/Syis-Boligrafo-De-Microagujas-05-Plata-Cosmeticos-Syis.jpg","contentUrl":"https:\/\/salonforall.es\/wp-content\/uploads\/2025\/12\/Syis-Boligrafo-De-Microagujas-05-Plata-Cosmeticos-Syis.jpg","width":800,"height":800,"caption":"Syis - Bol\u00edgrafo De Microagujas 05 Plata + Cosm\u00e9ticos Syis"},{"@type":"BreadcrumbList","@id":"https:\/\/salonforall.es\/syis-boligrafo-de-microagujas-05-plata-cosmeticos-syis\/#breadcrumb","itemListElement":[{"@type":"ListItem","position":1,"name":"Home","item":"https:\/\/salonforall.es\/"},{"@type":"ListItem","position":2,"name":"Winkel","item":"https:\/\/salonforall.es\/winkel\/"},{"@type":"ListItem","position":3,"name":"Syis &#8211; Bol\u00edgrafo De Microagujas 05 Plata + Cosm\u00e9ticos Syis"}]},{"@type":"WebSite","@id":"https:\/\/salonforall.es\/#website","url":"https:\/\/salonforall.es\/","name":"Salon For ALL Espanya","description":"Majorista de mobiliari i subministraments per a consultoris i salons","publisher":{"@id":"https:\/\/salonforall.es\/#organization"},"potentialAction":[{"@type":"SearchAction","target":{"@type":"EntryPoint","urlTemplate":"https:\/\/salonforall.es\/?s={search_term_string}"},"query-input":{"@type":"PropertyValueSpecification","valueRequired":true,"valueName":"search_term_string"}}],"inLanguage":"ca"},{"@type":"Organization","@id":"https:\/\/salonforall.es\/#organization","name":"Salon For All BV Espanya","alternateName":"Salon For All B.V. Espa\u00f1a - Mayorista de equipamiento para consultas, salones y suministros","url":"https:\/\/salonforall.es\/","logo":{"@type":"ImageObject","inLanguage":"ca","@id":"https:\/\/salonforall.es\/#\/schema\/logo\/image\/","url":"https:\/\/salonforall.es\/wp-content\/uploads\/2025\/11\/logo-salon-for-all-e1764543185849.png","contentUrl":"https:\/\/salonforall.es\/wp-content\/uploads\/2025\/11\/logo-salon-for-all-e1764543185849.png","width":500,"height":150,"caption":"Salon For All B.V. Espa\u00f1a"},"image":{"@id":"https:\/\/salonforall.es\/#\/schema\/logo\/image\/"}}]}},"_links":{"self":[{"href":"https:\/\/salonforall.es\/ca\/wp-json\/wp\/v2\/product\/4335","targetHints":{"allow":["GET"]}}],"collection":[{"href":"https:\/\/salonforall.es\/ca\/wp-json\/wp\/v2\/product"}],"about":[{"href":"https:\/\/salonforall.es\/ca\/wp-json\/wp\/v2\/types\/product"}],"replies":[{"embeddable":true,"href":"https:\/\/salonforall.es\/ca\/wp-json\/wp\/v2\/comments?post=4335"}],"wp:featuredmedia":[{"embeddable":true,"href":"https:\/\/salonforall.es\/ca\/wp-json\/wp\/v2\/media\/4336"}],"wp:attachment":[{"href":"https:\/\/salonforall.es\/ca\/wp-json\/wp\/v2\/media?parent=4335"}],"wp:term":[{"taxonomy":"product_brand","embeddable":true,"href":"https:\/\/salonforall.es\/ca\/wp-json\/wp\/v2\/product_brand?post=4335"},{"taxonomy":"product_cat","embeddable":true,"href":"https:\/\/salonforall.es\/ca\/wp-json\/wp\/v2\/product_cat?post=4335"},{"taxonomy":"product_tag","embeddable":true,"href":"https:\/\/salonforall.es\/ca\/wp-json\/wp\/v2\/product_tag?post=4335"}],"curies":[{"name":"wp","href":"https:\/\/api.w.org\/{rel}","templated":true}]}}