{"id":3858,"date":"2025-12-02T11:59:49","date_gmt":"2025-12-02T10:59:49","guid":{"rendered":"https:\/\/salonforall.es\/product\/guantes-de-nitrilo-desechables-para-diagnostico-all4med-color-negro-talla-l\/"},"modified":"2026-03-24T16:04:57","modified_gmt":"2026-03-24T15:04:57","slug":"guants-de-nitril-un-sol-us-per-diagnostic-all4med-color-negre-talla-l","status":"publish","type":"product","link":"https:\/\/salonforall.es\/ca\/guantes-de-nitrilo-desechables-para-diagnostico-all4med-color-negro-talla-l\/","title":{"rendered":"Guants De Nitril Un sol \u00fas Per a Diagn\u00f2stic All4Med, Color Negre, Talla L"},"content":{"rendered":"<h2>Informaci\u00f3 sobre Guants De Nitril Un sol \u00fas Per a Diagn\u00f2stic All4Med, Color Negre, Talla L amb n\u00famero d&#039;article 122624<\/h2>\n<div>Els guants de nitril all4med s\u00f3n un producte de la m\u00e9s alta qualitat. Gr\u00e0cies al seu alt gramatge, s\u00f3n molt duradors i resistents a l&#039;esquerdament. Han estat aprovats per a la ind\u00fastria aliment\u00e0ria i el contacte amb aliments. Els guants de nitril all4med s\u00f3n resistents al greix, l&#039;oli i el greix. Tamb\u00e9 mostren resist\u00e8ncia qu\u00edmica a productes qu\u00edmics delicats. <\/div>\n<div> <\/div>\n<div> informaci\u00f3 general <\/div>\n<div> \u2013 pes 4,3 +\/- 0,2 fort <br \/> \u2013 tipus \u2013 diagn\u00f2stic, no est\u00e8ril <br \/> \u2013 material \u2013 nitril <br \/> \u2013 superf\u00edcie \u2013 llisa, textura de la punta del dit <br \/> \u2013 forma \u2013 universal, puny enrotllat <br \/> \u2013 agent d&#039;empolvorament \u2013 cap <br \/> \u2013 nivell aql \u2013 1,5 <\/div>\n<div> <\/div>\n<div> propietats <br \/> \u2013 suau, flexible, resistent a l&#039;estirament <br \/> \u2013 l&#039;acabat de la vora ho fa f\u00e0cil de treure, no s&#039;enrotlla <br \/> \u2013 protegeix contra subst\u00e0ncies no desitjades o perilloses <br \/> - proporciona la m\u00e0xima comoditat i un ajustament natural a la m\u00e0 de l&#039;usuari <\/div>\n<div> normes <br \/> \u2013 directiva 93\/42 \/ ece modificada per la directiva 2007\/47 \/ ce <br \/> \u2013 declaraci\u00f3 CE de conformitat <br \/> \u2013 iso 9001: 2008 <br \/> \u2013 iso 13485: 2003 <br \/> \u2013 ISO 13485: cmdcas <br \/> \u2013 <\/div>\n<div> Informaci\u00f3 addicional <br \/> \u2013 Producte d&#039;un sol \u00fas <br \/> \u2013 Embalatge: 100 peces, <br \/> \u2013 Data de caducitat: 5 anys <\/div>\n<p>Els productes Activeshop s\u00f3n proporcionalment m\u00e9s econ\u00f2mics que moltes altres marques\/prove\u00efdors. El preu est\u00e0 en relaci\u00f3 amb la qualitat. Guants De Nitril Un sol \u00fas Per Diagn\u00f2stic All4Med, Color Negre, Talla L \u00e9s per tant una soluci\u00f3 accessible per al seu sal\u00f3.<\/p>\n<h2>Com s&#039;entrega Guants De Nitril Un sol \u00fas Per Diagn\u00f2stic All4Med, Color Negre, Talla L?<\/h2>\n<p>Guants de Nitril Un sol \u00fas Per a Diagn\u00f2stic All4Med, Color Negre, Talla L s&#039;entrega en embalatge(s) original(s). Dins d&#039;Espanya l&#039;enviament de Guants De Nitril Sol \u00fas Per a Diagn\u00f2stic All4Med, Color Negre, Talla L \u00e9s completament gratu\u00eft per a comandes a partir de 100,- euros. Per a enviaments a altres pa\u00efsos, s&#039;apliquen tarifes d&#039;enviament separades. Podeu consultar aquestes tarifes amb nosaltres o veure-les al carret de compra. Guants de Nitril Un sol \u00fas Per a Diagn\u00f2stic All4Med, Color Negre, Talla L s&#039;envia a trav\u00e9s d&#039;un servei de missatgeria extern.<\/p>\n<p>Els paquets o palets es lliuren de forma est\u00e0ndard fins al llindar de la porta principal, fins i tot si est\u00e0 ubicat en un edifici col\u00b7lectiu, edifici d&#039;apartaments o complex d&#039;apartaments amb ascensor (sempre que l&#039;article c\u00e0piga a l&#039;ascensor). No hi ha ascensor disponible o l&#039;article no hi cap a l&#039;ascensor? Aleshores lliurem fins al llindar de la planta baixa.<\/p>\n<p>Encara teniu preguntes sobre el lliurament o una situaci\u00f3 especial? Contacti&#039;ns i estarem encantats d&#039;ajudar-lo!<\/p>\n<p>*Els articles no es desembalen ni munten de forma est\u00e0ndard. En situacions especials ens pot contactar per fer acords sobre aix\u00f2.<\/p>\n<h2>Compra en l\u00ednia segura a Salon For All amb el segell de qualitat Webwinkelkeur i xifrat SSL<\/h2>\n<p>\u00c9s important per a nosaltres que els nostres clients puguin comprar de forma segura a la nostra botiga online. Estem afiliats al segell de qualitat nacional Webwinkelkeur des de 2019. La nostra identitat ha estat verificada i comprovada per ells, i la botiga en l\u00ednia ha estat revisada i aprovada legalment. A m\u00e9s, la nostra botiga en l\u00ednia est\u00e0 afiliada a ells per a la mediaci\u00f3 de conflictes. Podeu veure la ins\u00edgnia amb tota la informaci\u00f3 d&#039;aquest segell de qualitat de botiga en l\u00ednia al costat esquerre o dret de la botiga en l\u00ednia (bot\u00f3 rosa amb blanc). A m\u00e9s, el nostre lloc est\u00e0 protegit amb un certificat SSL perqu\u00e8 pugui navegar de manera segura amb nosaltres. A la barra del vostre navegador d&#039;Internet, on apareix el nostre lloc web, veureu una icona de cadenat. Si feu clic al cadenat, obtindreu tota la informaci\u00f3 sobre la nostra seguretat. D&#039;aquesta manera sap que la seva comanda de Guants De Nitril Un sol \u00fas Per a Diagn\u00f2stic All4Med, Color Negre, Talla L i les seves dades personals es processen de forma segura.<\/p>\n<h2>Com puc pagar Guants De Nitril Un sol \u00fas Per Diagn\u00f2stic All4Med, Color Negre, Talla L?<\/h2>\n<p>Volem fer-ho el m\u00e9s f\u00e0cil possible. Per aix\u00f2 a Salon For All podeu pagar amb tots els m\u00e8todes de pagament coneguts i habituals. Pagar per avan\u00e7at, al lliurament oa posteriori; tot \u00e9s possible. Vegeu aqu\u00ed tots els m\u00e8todes de pagament que oferim:<\/p>\n<ul>\n<li>iDEAL<\/li>\n<li>Targeta de cr\u00e8dit (Visa, Mastercard, American Express)<\/li>\n<li>Klarna \u2013 Pagament a posteriori amb factura<\/li>\n<li>PayPal<\/li>\n<li>Apple Pay<\/li>\n<li>Google Pay<\/li>\n<li>Bizum (per a clients espanyols)<\/li>\n<li>Transfer\u00e8ncia banc\u00e0ria SEPA<\/li>\n<li>Bancontact<\/li>\n<li>Factura comercial per a empreses<\/li>\n<li>Pagament al showroom \u2013 Tant targeta com efectiu (Nom\u00e9s disponible en recollida)<\/li>\n<\/ul>\n<h2>Consulteu tamb\u00e9 les ressenyes de Salon For All<\/h2>\n<p>Consulteu tamb\u00e9 les nostres ressenyes per tenir en compte les experi\u00e8ncies dels nostres clients actuals en la seva decisi\u00f3 de demanar Guants De Nitril Un sol \u00fas Per Diagn\u00f2stic All4Med, Color Negre, Talla L amb nosaltres. A trav\u00e9s del nostre segell de qualitat independent de botiga en l\u00ednia Webwinkelkeur, es recopilen autom\u00e0ticament ressenyes verificades de clients que han completat una comanda amb nosaltres. Podeu trobar-les darrere del bot\u00f3 rosa a la nostra botiga online o apareixen llistades sota els productes.<\/p>\n<p>Compartiu tamb\u00e9 la seva experi\u00e8ncia despr\u00e9s de la seva compra amb la seva Guants De Nitril Un sol \u00fas Per Diagn\u00f2stic All4Med, Color Negre, Talla L comanda i la seva experi\u00e8ncia amb el proc\u00e9s de compra o el contacte amb Salon For All per inspirar a altres!<\/p>\n<h2>Contacte amb Salon For All<\/h2>\n<p>Contacteu-nos llavors. Estarem encantats d&#039;ajudar-vos amb l&#039;adquisici\u00f3 de Guants De Nitril Un sol \u00fas Per a Diagn\u00f2stic All4Med, Color Negre, Talla L. En dies laborables estem millor disponibles entre les 8.30 i les 17.00 hores a trav\u00e9s del n\u00famero de tel\u00e8fon i adre\u00e7a de correu electr\u00f2nic a la part superior de la botiga en l\u00ednia oa trav\u00e9s de la funci\u00f3 de xat. Les consultes fora de l&#039;horari d&#039;oficina se solen respondre en un termini de 24 hores. Tamb\u00e9 podeu visitar-nos fora dels dies laborables o horari d&#039;oficina. Per\u00f2 per aix\u00f2 cal concertar una cita pr\u00e8via.<\/p>\n<h2>Voleu visitar el nostre showroom?<\/h2>\n<p>Prefereix veure Guants De Nitril Un sol \u00fas Per Diagn\u00f2stic All4Med, Color Negre, Talla L o rec\u00f3rrer la nostra oferta de la botiga (online) juntament amb el nostre col \u00b7 lega? Aleshores visiteu el nostre showroom amb m\u00e9s de 1000m\u00b2 d&#039;equipament per a salons i deixeu-vos inspirar pels nostres empleats. Tamb\u00e9 si us agrada con\u00e8ixer-nos de manera agradable gaudint d&#039;una bona tassa de caf\u00e8 o te, \u00e9s molt benvingut. No tenim tots els productes en estoc, aix\u00ed que faci&#039;ns saber per endavant que voleu venir. Concerteu sempre una cita pr\u00e8via.<\/p>\n<h2>14 dies de reflexi\u00f3 i la nostra pol\u00edtica de devolucions<\/h2>\n<p>Per descomptat pot passar que Guants De Nitril Un sol \u00fas Per Diagn\u00f2stic All4Med, Color Negre, Talla L lliurat no sigui completament del seu gust i vulgui tornar-lo. Aix\u00f2 no \u00e9s cap problema a Salon For All. Heu de notificar la vostra devoluci\u00f3 dins de 14 dies laborables a trav\u00e9s d&#039;info@salonforall.es. Aleshores rebr\u00e0 primer totes les instruccions i condicions de devoluci\u00f3. Tingueu en compte que Guants De Nitril Un sol \u00fas Per a Diagn\u00f2stic All4Med, Color Negre, Talla L no ha d&#039;haver estat usat, ha de contenir totes les parts subministrades i ha de tornar empaquetat en l&#039;embalatge original. Els costos d&#039;enviament d&#039;una devoluci\u00f3 sempre s\u00f3n a c\u00e0rrec del comprador en compres a trav\u00e9s de www.salonforall.es. Heu d&#039;organitzar vost\u00e8 mateix un transport amb una empresa de transport de la seva elecci\u00f3 per a una devoluci\u00f3. Quan Guants De Nitril Un sol \u00fas Per Diagn\u00f2stic All4Med, Color Negre, Talla L hagi estat tornat, es verificar\u00e0 la seva integritat i possibles danys. Quan la devoluci\u00f3 hagi estat aprovada, l&#039;import de la compra es reemborsar\u00e0 dins de 5 dies laborables al compte bancari que tenim registrat.<\/p>\n<h2>Qui \u00e9s Salon For All?<\/h2>\n<p>Salon For All \u00e9s EL majorista per a tot equipament de salons a Europa. Salon For All va comen\u00e7ar el 2003 sota el nom Salonvoordeel i va sorgir de la pr\u00e0ctica. Els propietaris de Salon For All eren perruquers i especialistes en bellesa experimentats i tenen plegats m\u00e9s de 30 anys d&#039;experi\u00e8ncia pr\u00e0ctica. El 2003 vam llan\u00e7ar Salonvoordeel.nl (Pa\u00efsos Baixos) i posteriorment es va fundar Salon For All per al mercat europeu. Alguns dels nostres empleats van iniciar el seu propi negoci i aix\u00ed va sorgir la idea de llan\u00e7ar una botiga online funcional per a perruquers i ajudar-los amb l&#039;equipament del sal\u00f3.<\/p>\n<p>El nostre showroom es troba a Dinxperlo, directament a la frontera entre els Pa\u00efsos Baixos i Alemanya. Amb la nostra \u00e0mplia experi\u00e8ncia en el sector us podem servir de mirall i proporcionar-vos l&#039;assessorament adequat. Parlem el mateix idioma! Us assessorem, inspirem, motivem i ajudem en l&#039;adquisici\u00f3 de Guants De Nitril Un sol \u00fas Per a Diagn\u00f2stic All4Med, Color Negre, Talla L. Els nostres prove\u00efdors es troben a tot Europa, des d&#039;Alemanya, Anglaterra, It\u00e0lia fins a Pol\u00f2nia.<\/p>","protected":false},"excerpt":{"rendered":"<p>El producte Guants De Nitril Un sol \u00fas Per Diagn\u00f2stic All4Med, Color Negre, Talla L \u00e9s una soluci\u00f3 d&#039;alta qualitat per a qualsevol sal\u00f3. El termini de lliurament estimat \u00e9s de 6 dies laborables aproximadament.<\/p>","protected":false},"featured_media":3859,"comment_status":"open","ping_status":"open","template":"","meta":[],"product_brand":[925],"product_cat":[76,459],"product_tag":[79,460],"class_list":{"0":"post-3858","1":"product","2":"type-product","3":"status-publish","4":"has-post-thumbnail","6":"product_brand-all4med","7":"product_cat-cosmetica-profesional","8":"product_cat-productos-desechables","9":"product_tag-cosmetica-profesional","10":"product_tag-productos-desechables","11":"pa_codigo-ean-7759","12":"pa_garantia-12-meses","13":"pa_marca-all4med","14":"pa_numero-de-articulo-930","15":"pa_tiempo-estimado-de-entrega-4-5-dias-laborables","17":"first","18":"instock","19":"sale","20":"taxable","21":"shipping-taxable","22":"purchasable","23":"product-type-simple"},"yoast_head":"<!-- This site is optimized with the Yoast SEO plugin v27.4 - https:\/\/yoast.com\/product\/yoast-seo-wordpress\/ -->\n<title>Guantes De Nitrilo Desechables Para Diagn\u00f3stico All4Med, Color Negro, Talla L comprar<\/title>\n<meta name=\"description\" content=\"Compra Guantes De Nitrilo Desechables Para Diagn\u00f3stico All4Med, Color Negro, Talla L online o en el showroom en Salon For ALL Espa\u00f1a. El mayorista para salones, consultas y spas en Espa\u00f1a y Portugal.\" \/>\n<meta name=\"robots\" content=\"index, follow, max-snippet:-1, max-image-preview:large, max-video-preview:-1\" \/>\n<link rel=\"canonical\" href=\"https:\/\/salonforall.es\/ca\/guants-de-nitril-un-sol-us-per-diagnostic-all4med-color-negre-talla-l\/\" \/>\n<meta property=\"og:locale\" content=\"ca_ES\" \/>\n<meta property=\"og:type\" content=\"article\" \/>\n<meta property=\"og:title\" content=\"Guantes De Nitrilo Desechables Para Diagn\u00f3stico All4Med, Color Negro, Talla L\" \/>\n<meta property=\"og:description\" content=\"Compra Guantes De Nitrilo Desechables Para Diagn\u00f3stico All4Med, Color Negro, Talla L online o en el showroom en Salon For ALL Espa\u00f1a. El mayorista para salones, consultas y spas en Espa\u00f1a y Portugal.\" \/>\n<meta property=\"og:url\" content=\"https:\/\/salonforall.es\/ca\/guants-de-nitril-un-sol-us-per-diagnostic-all4med-color-negre-talla-l\/\" \/>\n<meta property=\"og:site_name\" content=\"Salon For ALL Espa\u00f1a\" \/>\n<meta property=\"article:modified_time\" content=\"2026-03-24T15:04:57+00:00\" \/>\n<meta property=\"og:image\" content=\"https:\/\/salonforall.es\/wp-content\/uploads\/2025\/12\/Guantes-De-Nitrilo-Desechables-Para-Diagnostico-All4Med-Color-Negro-Talla-L.jpg\" \/>\n\t<meta property=\"og:image:width\" content=\"1200\" \/>\n\t<meta property=\"og:image:height\" content=\"1200\" \/>\n\t<meta property=\"og:image:type\" content=\"image\/jpeg\" \/>\n<meta name=\"twitter:card\" content=\"summary_large_image\" \/>\n<meta name=\"twitter:title\" content=\"Guantes De Nitrilo Desechables Para Diagn\u00f3stico All4Med, Color Negro, Talla L\" \/>\n<meta name=\"twitter:label1\" content=\"Temps estimat de lectura\" \/>\n\t<meta name=\"twitter:data1\" content=\"8 minuts\" \/>\n<script type=\"application\/ld+json\" class=\"yoast-schema-graph\">{\"@context\":\"https:\\\/\\\/schema.org\",\"@graph\":[{\"@type\":\"WebPage\",\"@id\":\"https:\\\/\\\/salonforall.es\\\/guantes-de-nitrilo-desechables-para-diagnostico-all4med-color-negro-talla-l\\\/\",\"url\":\"https:\\\/\\\/salonforall.es\\\/guantes-de-nitrilo-desechables-para-diagnostico-all4med-color-negro-talla-l\\\/\",\"name\":\"Guantes De Nitrilo Desechables Para Diagn\u00f3stico All4Med, Color Negro, Talla L comprar\",\"isPartOf\":{\"@id\":\"https:\\\/\\\/salonforall.es\\\/#website\"},\"primaryImageOfPage\":{\"@id\":\"https:\\\/\\\/salonforall.es\\\/guantes-de-nitrilo-desechables-para-diagnostico-all4med-color-negro-talla-l\\\/#primaryimage\"},\"image\":{\"@id\":\"https:\\\/\\\/salonforall.es\\\/guantes-de-nitrilo-desechables-para-diagnostico-all4med-color-negro-talla-l\\\/#primaryimage\"},\"thumbnailUrl\":\"https:\\\/\\\/salonforall.es\\\/wp-content\\\/uploads\\\/2025\\\/12\\\/Guantes-De-Nitrilo-Desechables-Para-Diagnostico-All4Med-Color-Negro-Talla-L.jpg\",\"datePublished\":\"2025-12-02T10:59:49+00:00\",\"dateModified\":\"2026-03-24T15:04:57+00:00\",\"description\":\"Compra Guantes De Nitrilo Desechables Para Diagn\u00f3stico All4Med, Color Negro, Talla L online o en el showroom en Salon For ALL Espa\u00f1a. El mayorista para salones, consultas y spas en Espa\u00f1a y Portugal.\",\"breadcrumb\":{\"@id\":\"https:\\\/\\\/salonforall.es\\\/guantes-de-nitrilo-desechables-para-diagnostico-all4med-color-negro-talla-l\\\/#breadcrumb\"},\"inLanguage\":\"ca\",\"potentialAction\":[{\"@type\":\"ReadAction\",\"target\":[\"https:\\\/\\\/salonforall.es\\\/guantes-de-nitrilo-desechables-para-diagnostico-all4med-color-negro-talla-l\\\/\"]}]},{\"@type\":\"ImageObject\",\"inLanguage\":\"ca\",\"@id\":\"https:\\\/\\\/salonforall.es\\\/guantes-de-nitrilo-desechables-para-diagnostico-all4med-color-negro-talla-l\\\/#primaryimage\",\"url\":\"https:\\\/\\\/salonforall.es\\\/wp-content\\\/uploads\\\/2025\\\/12\\\/Guantes-De-Nitrilo-Desechables-Para-Diagnostico-All4Med-Color-Negro-Talla-L.jpg\",\"contentUrl\":\"https:\\\/\\\/salonforall.es\\\/wp-content\\\/uploads\\\/2025\\\/12\\\/Guantes-De-Nitrilo-Desechables-Para-Diagnostico-All4Med-Color-Negro-Talla-L.jpg\",\"width\":1200,\"height\":1200,\"caption\":\"Guantes De Nitrilo Desechables Para Diagn\u00f3stico All4Med\"},{\"@type\":\"BreadcrumbList\",\"@id\":\"https:\\\/\\\/salonforall.es\\\/guantes-de-nitrilo-desechables-para-diagnostico-all4med-color-negro-talla-l\\\/#breadcrumb\",\"itemListElement\":[{\"@type\":\"ListItem\",\"position\":1,\"name\":\"Home\",\"item\":\"https:\\\/\\\/salonforall.es\\\/\"},{\"@type\":\"ListItem\",\"position\":2,\"name\":\"Winkel\",\"item\":\"https:\\\/\\\/salonforall.es\\\/winkel\\\/\"},{\"@type\":\"ListItem\",\"position\":3,\"name\":\"Guantes De Nitrilo Desechables Para Diagn\u00f3stico All4Med, Color Negro, Talla L\"}]},{\"@type\":\"WebSite\",\"@id\":\"https:\\\/\\\/salonforall.es\\\/#website\",\"url\":\"https:\\\/\\\/salonforall.es\\\/\",\"name\":\"Salon For ALL Espa\u00f1a\",\"description\":\"Mayorista de mobiliario y suministros para consultorios y salones\",\"publisher\":{\"@id\":\"https:\\\/\\\/salonforall.es\\\/#organization\"},\"potentialAction\":[{\"@type\":\"SearchAction\",\"target\":{\"@type\":\"EntryPoint\",\"urlTemplate\":\"https:\\\/\\\/salonforall.es\\\/?s={search_term_string}\"},\"query-input\":{\"@type\":\"PropertyValueSpecification\",\"valueRequired\":true,\"valueName\":\"search_term_string\"}}],\"inLanguage\":\"ca\"},{\"@type\":\"Organization\",\"@id\":\"https:\\\/\\\/salonforall.es\\\/#organization\",\"name\":\"Salon For All B.V. Espa\u00f1a\",\"alternateName\":\"Salon For All B.V. Espa\u00f1a - Mayorista de equipamiento para consultas, salones y suministros\",\"url\":\"https:\\\/\\\/salonforall.es\\\/\",\"logo\":{\"@type\":\"ImageObject\",\"inLanguage\":\"ca\",\"@id\":\"https:\\\/\\\/salonforall.es\\\/#\\\/schema\\\/logo\\\/image\\\/\",\"url\":\"https:\\\/\\\/salonforall.es\\\/wp-content\\\/uploads\\\/2025\\\/11\\\/logo-salon-for-all-e1764543185849.png\",\"contentUrl\":\"https:\\\/\\\/salonforall.es\\\/wp-content\\\/uploads\\\/2025\\\/11\\\/logo-salon-for-all-e1764543185849.png\",\"width\":500,\"height\":150,\"caption\":\"Salon For All B.V. Espa\u00f1a\"},\"image\":{\"@id\":\"https:\\\/\\\/salonforall.es\\\/#\\\/schema\\\/logo\\\/image\\\/\"}}]}<\/script>\n<!-- \/ Yoast SEO plugin. -->","yoast_head_json":{"title":"Guants De Nitril Un sol \u00fas Per Diagn\u00f2stic All4Med, Color Negre, Talla L comprar","description":"Compra Guants De Nitril Sol \u00fas Per a Diagn\u00f2stic All4Med, Color Negre, Talla L online o al showroom a Salon For ALL Espanya. El majorista per a salons, consultes i spas a Espanya i Portugal.","robots":{"index":"index","follow":"follow","max-snippet":"max-snippet:-1","max-image-preview":"max-image-preview:large","max-video-preview":"max-video-preview:-1"},"canonical":"https:\/\/salonforall.es\/ca\/guants-de-nitril-un-sol-us-per-diagnostic-all4med-color-negre-talla-l\/","og_locale":"ca_ES","og_type":"article","og_title":"Guantes De Nitrilo Desechables Para Diagn\u00f3stico All4Med, Color Negro, Talla L","og_description":"Compra Guantes De Nitrilo Desechables Para Diagn\u00f3stico All4Med, Color Negro, Talla L online o en el showroom en Salon For ALL Espa\u00f1a. El mayorista para salones, consultas y spas en Espa\u00f1a y Portugal.","og_url":"https:\/\/salonforall.es\/ca\/guants-de-nitril-un-sol-us-per-diagnostic-all4med-color-negre-talla-l\/","og_site_name":"Salon For ALL Espa\u00f1a","article_modified_time":"2026-03-24T15:04:57+00:00","og_image":[{"width":1200,"height":1200,"url":"https:\/\/salonforall.es\/wp-content\/uploads\/2025\/12\/Guantes-De-Nitrilo-Desechables-Para-Diagnostico-All4Med-Color-Negro-Talla-L.jpg","type":"image\/jpeg"}],"twitter_card":"summary_large_image","twitter_title":"Guantes De Nitrilo Desechables Para Diagn\u00f3stico All4Med, Color Negro, Talla L","twitter_misc":{"Temps estimat de lectura":"8 minuts"},"schema":{"@context":"https:\/\/schema.org","@graph":[{"@type":"WebPage","@id":"https:\/\/salonforall.es\/guantes-de-nitrilo-desechables-para-diagnostico-all4med-color-negro-talla-l\/","url":"https:\/\/salonforall.es\/guantes-de-nitrilo-desechables-para-diagnostico-all4med-color-negro-talla-l\/","name":"Guants De Nitril Un sol \u00fas Per Diagn\u00f2stic All4Med, Color Negre, Talla L comprar","isPartOf":{"@id":"https:\/\/salonforall.es\/#website"},"primaryImageOfPage":{"@id":"https:\/\/salonforall.es\/guantes-de-nitrilo-desechables-para-diagnostico-all4med-color-negro-talla-l\/#primaryimage"},"image":{"@id":"https:\/\/salonforall.es\/guantes-de-nitrilo-desechables-para-diagnostico-all4med-color-negro-talla-l\/#primaryimage"},"thumbnailUrl":"https:\/\/salonforall.es\/wp-content\/uploads\/2025\/12\/Guantes-De-Nitrilo-Desechables-Para-Diagnostico-All4Med-Color-Negro-Talla-L.jpg","datePublished":"2025-12-02T10:59:49+00:00","dateModified":"2026-03-24T15:04:57+00:00","description":"Compra Guants De Nitril Sol \u00fas Per a Diagn\u00f2stic All4Med, Color Negre, Talla L online o al showroom a Salon For ALL Espanya. El majorista per a salons, consultes i spas a Espanya i Portugal.","breadcrumb":{"@id":"https:\/\/salonforall.es\/guantes-de-nitrilo-desechables-para-diagnostico-all4med-color-negro-talla-l\/#breadcrumb"},"inLanguage":"ca","potentialAction":[{"@type":"ReadAction","target":["https:\/\/salonforall.es\/guantes-de-nitrilo-desechables-para-diagnostico-all4med-color-negro-talla-l\/"]}]},{"@type":"ImageObject","inLanguage":"ca","@id":"https:\/\/salonforall.es\/guantes-de-nitrilo-desechables-para-diagnostico-all4med-color-negro-talla-l\/#primaryimage","url":"https:\/\/salonforall.es\/wp-content\/uploads\/2025\/12\/Guantes-De-Nitrilo-Desechables-Para-Diagnostico-All4Med-Color-Negro-Talla-L.jpg","contentUrl":"https:\/\/salonforall.es\/wp-content\/uploads\/2025\/12\/Guantes-De-Nitrilo-Desechables-Para-Diagnostico-All4Med-Color-Negro-Talla-L.jpg","width":1200,"height":1200,"caption":"Guantes De Nitrilo Desechables Para Diagn\u00f3stico All4Med"},{"@type":"BreadcrumbList","@id":"https:\/\/salonforall.es\/guantes-de-nitrilo-desechables-para-diagnostico-all4med-color-negro-talla-l\/#breadcrumb","itemListElement":[{"@type":"ListItem","position":1,"name":"Home","item":"https:\/\/salonforall.es\/"},{"@type":"ListItem","position":2,"name":"Winkel","item":"https:\/\/salonforall.es\/winkel\/"},{"@type":"ListItem","position":3,"name":"Guantes De Nitrilo Desechables Para Diagn\u00f3stico All4Med, Color Negro, Talla L"}]},{"@type":"WebSite","@id":"https:\/\/salonforall.es\/#website","url":"https:\/\/salonforall.es\/","name":"Salon For ALL Espanya","description":"Majorista de mobiliari i subministraments per a consultoris i salons","publisher":{"@id":"https:\/\/salonforall.es\/#organization"},"potentialAction":[{"@type":"SearchAction","target":{"@type":"EntryPoint","urlTemplate":"https:\/\/salonforall.es\/?s={search_term_string}"},"query-input":{"@type":"PropertyValueSpecification","valueRequired":true,"valueName":"search_term_string"}}],"inLanguage":"ca"},{"@type":"Organization","@id":"https:\/\/salonforall.es\/#organization","name":"Salon For All BV Espanya","alternateName":"Salon For All B.V. Espa\u00f1a - Mayorista de equipamiento para consultas, salones y suministros","url":"https:\/\/salonforall.es\/","logo":{"@type":"ImageObject","inLanguage":"ca","@id":"https:\/\/salonforall.es\/#\/schema\/logo\/image\/","url":"https:\/\/salonforall.es\/wp-content\/uploads\/2025\/11\/logo-salon-for-all-e1764543185849.png","contentUrl":"https:\/\/salonforall.es\/wp-content\/uploads\/2025\/11\/logo-salon-for-all-e1764543185849.png","width":500,"height":150,"caption":"Salon For All B.V. Espa\u00f1a"},"image":{"@id":"https:\/\/salonforall.es\/#\/schema\/logo\/image\/"}}]}},"_links":{"self":[{"href":"https:\/\/salonforall.es\/ca\/wp-json\/wp\/v2\/product\/3858","targetHints":{"allow":["GET"]}}],"collection":[{"href":"https:\/\/salonforall.es\/ca\/wp-json\/wp\/v2\/product"}],"about":[{"href":"https:\/\/salonforall.es\/ca\/wp-json\/wp\/v2\/types\/product"}],"replies":[{"embeddable":true,"href":"https:\/\/salonforall.es\/ca\/wp-json\/wp\/v2\/comments?post=3858"}],"wp:featuredmedia":[{"embeddable":true,"href":"https:\/\/salonforall.es\/ca\/wp-json\/wp\/v2\/media\/3859"}],"wp:attachment":[{"href":"https:\/\/salonforall.es\/ca\/wp-json\/wp\/v2\/media?parent=3858"}],"wp:term":[{"taxonomy":"product_brand","embeddable":true,"href":"https:\/\/salonforall.es\/ca\/wp-json\/wp\/v2\/product_brand?post=3858"},{"taxonomy":"product_cat","embeddable":true,"href":"https:\/\/salonforall.es\/ca\/wp-json\/wp\/v2\/product_cat?post=3858"},{"taxonomy":"product_tag","embeddable":true,"href":"https:\/\/salonforall.es\/ca\/wp-json\/wp\/v2\/product_tag?post=3858"}],"curies":[{"name":"wp","href":"https:\/\/api.w.org\/{rel}","templated":true}]}}