{"id":2995,"date":"2025-12-02T11:53:37","date_gmt":"2025-12-02T10:53:37","guid":{"rendered":"https:\/\/salonforall.es\/product\/alicates-para-unas-encarnadas-omi-pro-line-podo-nl-102-para-juntas-de-solapa\/"},"modified":"2026-03-24T16:02:57","modified_gmt":"2026-03-24T15:02:57","slug":"alicates-para-unas-encarnadas-omi-pro-line-podo-nl-102-para-juntas-de-solapa","status":"publish","type":"product","link":"https:\/\/salonforall.es\/ca\/alicates-para-unas-encarnadas-omi-pro-line-podo-nl-102-para-juntas-de-solapa\/","title":{"rendered":"Alicates Per Ungles Encarnades Omi Pro-Line Podo Nl-102 Per Juntes De Solapa"},"content":{"rendered":"<h2>Informaci\u00f3n sobre Alicates Para U\u00f1as Encarnadas Omi Pro-Line Podo Nl-102 Para Juntas De Solapa con n\u00famero de art\u00edculo 112998<\/h2>\n<div>\n<div>El corta\u00fa\u00f1as omi nl-102 tiene una mand\u00edbula plana especialmente construida que permite un acceso c\u00f3modo a las u\u00f1as encarnadas. Equipado con un resorte, acabado satinado con elementos pulidos. <\/div>\n<div> <\/div>\n<div> Omi ofrece la mejor calidad de sus productos a trav\u00e9s de la introducci\u00f3n de la \u00faltima tecnolog\u00eda, materiales (acero de cobalto japon\u00e9s) y mano de obra experta por artesanos altamente experimentados. <br \/>La singularidad de Omi radica en su durabilidad y nitidez que asegura un corte en cualquier parte de la hoja sin rasgar ni da\u00f1ar la piel o la u\u00f1a. Esta ventaja proporciona mayor eficiencia y comodidad en el trabajo. <\/div>\n<div>\n<div>\n<div> omi by nghia hecho en vietnam <\/div>\n<div> <\/div>\n<div>\n<div>\n<div> herramienta personalizada para esterilizaci\u00f3n en autoclave y desinfecci\u00f3n en descomposici\u00f3n qu\u00edmica * <\/div>\n<div> * autoclave: esterilizaci\u00f3n b\u00e1sica a 121 \u00b0 C durante 15 minutos, desactivaci\u00f3n a 132-134 \u00b0 C, presi\u00f3n 3 bar <br \/> \u00a1Atenci\u00f3n! !! <br \/> L&#039;acer, fins i tot l&#039;acer inoxidable, independentment del fabricant, es pot malmetre, destruir-se en condicions especials, cosa que pot provocar decoloraci\u00f3, picades i fins i tot corrosi\u00f3. <\/div>\n<div> * desinfecci\u00f3 qu\u00edmica: amb un l\u00edquid destinat a aquest fi, utilitzat dacord amb les recomanacions del fabricant. <br \/> Atenci\u00f3! <br \/> No seguir las recomendaciones del fabricante (soluci\u00f3n demasiado fuerte, tiempo de desinfecci\u00f3n demasiado largo) puede provocar que el metal reaccione, causando decoloraci\u00f3n y da\u00f1os a la herramienta. <\/div><\/div><\/div><\/div><\/div><\/div><\/div>\n<p>Los productos Activeshop son proporcionalmente m\u00e1s econ\u00f3micos que muchas otras marcas\/proveedores. El precio est\u00e1 en relaci\u00f3n con la calidad. Alicates Para U\u00f1as Encarnadas Omi Pro-Line Podo Nl-102 Para Juntas De Solapa es por lo tanto una soluci\u00f3n accesible para su sal\u00f3n.<\/p>\n<h2>\u00bfC\u00f3mo se entrega Alicates Para U\u00f1as Encarnadas Omi Pro-Line Podo Nl-102 Para Juntas De Solapa?<\/h2>\n<p>Alicates Para U\u00f1as Encarnadas Omi Pro-Line Podo Nl-102 Para Juntas De Solapa se entrega en embalaje(s) original(es). Dentro de Espa\u00f1a el env\u00edo de Alicates Para U\u00f1as Encarnadas Omi Pro-Line Podo Nl-102 Para Juntas De Solapa es completamente gratuito para pedidos a partir de 100,- euros. Para env\u00edos a otros pa\u00edses se aplican tarifas de env\u00edo separadas. Puede consultar estas tarifas con nosotros o verlas en el carrito de compra. Alicates Para U\u00f1as Encarnadas Omi Pro-Line Podo Nl-102 Para Juntas De Solapa se env\u00eda a trav\u00e9s de un servicio de mensajer\u00eda externo.<\/p>\n<p>Els paquets o palets es lliuren de forma est\u00e0ndard fins al llindar de la porta principal, fins i tot si est\u00e0 ubicat en un edifici col\u00b7lectiu, edifici d&#039;apartaments o complex d&#039;apartaments amb ascensor (sempre que l&#039;article c\u00e0piga a l&#039;ascensor). No hi ha ascensor disponible o l&#039;article no hi cap a l&#039;ascensor? Aleshores lliurem fins al llindar de la planta baixa.<\/p>\n<p>Encara teniu preguntes sobre el lliurament o una situaci\u00f3 especial? Contacti&#039;ns i estarem encantats d&#039;ajudar-lo!<\/p>\n<p>*Els articles no es desembalen ni munten de forma est\u00e0ndard. En situacions especials ens pot contactar per fer acords sobre aix\u00f2.<\/p>\n<h2>Compra en l\u00ednia segura a Salon For All amb el segell de qualitat Webwinkelkeur i xifrat SSL<\/h2>\n<p>Es importante para nosotros que nuestros clientes puedan comprar de forma segura en nuestra tienda online. Estamos afiliados al sello de calidad nacional Webwinkelkeur desde 2019. Nuestra identidad ha sido verificada y comprobada por ellos, y la tienda online ha sido revisada y aprobada legalmente. Adem\u00e1s, nuestra tienda online est\u00e1 afiliada a ellos para la mediaci\u00f3n de conflictos. Puede ver la insignia con toda la informaci\u00f3n de este sello de calidad de tienda online en el lado izquierdo o derecho de la tienda online (bot\u00f3n rosa con blanco). Adem\u00e1s, nuestro sitio est\u00e1 protegido con un certificado SSL para que pueda navegar de forma segura con nosotros. En la barra de su navegador de Internet, donde aparece nuestro sitio web, ver\u00e1 un icono de candado. Si hace clic en el candado, obtendr\u00e1 toda la informaci\u00f3n sobre nuestra seguridad. De esta manera sabe que su pedido de Alicates Para U\u00f1as Encarnadas Omi Pro-Line Podo Nl-102 Para Juntas De Solapa y sus datos personales se procesan de forma segura.<\/p>\n<h2>\u00bfC\u00f3mo puedo pagar Alicates Para U\u00f1as Encarnadas Omi Pro-Line Podo Nl-102 Para Juntas De Solapa?<\/h2>\n<p>Volem fer-ho el m\u00e9s f\u00e0cil possible. Per aix\u00f2 a Salon For All podeu pagar amb tots els m\u00e8todes de pagament coneguts i habituals. Pagar per avan\u00e7at, al lliurament oa posteriori; tot \u00e9s possible. Vegeu aqu\u00ed tots els m\u00e8todes de pagament que oferim:<\/p>\n<ul>\n<li>iDEAL<\/li>\n<li>Targeta de cr\u00e8dit (Visa, Mastercard, American Express)<\/li>\n<li>Klarna \u2013 Pagament a posteriori amb factura<\/li>\n<li>PayPal<\/li>\n<li>Apple Pay<\/li>\n<li>Google Pay<\/li>\n<li>Bizum (per a clients espanyols)<\/li>\n<li>Transfer\u00e8ncia banc\u00e0ria SEPA<\/li>\n<li>Bancontact<\/li>\n<li>Factura comercial per a empreses<\/li>\n<li>Pagament al showroom \u2013 Tant targeta com efectiu (Nom\u00e9s disponible en recollida)<\/li>\n<\/ul>\n<h2>Consulteu tamb\u00e9 les ressenyes de Salon For All<\/h2>\n<p>Consulte tambi\u00e9n nuestras rese\u00f1as para tener en cuenta las experiencias de nuestros clientes actuales en su decisi\u00f3n de pedir Alicates Para U\u00f1as Encarnadas Omi Pro-Line Podo Nl-102 Para Juntas De Solapa con nosotros. A trav\u00e9s de nuestro sello de calidad independiente de tienda online Webwinkelkeur, se recopilan autom\u00e1ticamente rese\u00f1as verificadas de clientes que han completado un pedido con nosotros. Puede encontrarlas detr\u00e1s del bot\u00f3n rosa en nuestra tienda online o aparecen listadas debajo de los productos.<\/p>\n<p>\u00a1Comparta tambi\u00e9n su experiencia despu\u00e9s de su compra con su Alicates Para U\u00f1as Encarnadas Omi Pro-Line Podo Nl-102 Para Juntas De Solapa pedido y su experiencia con el proceso de compra o el contacto con Salon For All para inspirar a otros!<\/p>\n<h2>Contacte amb Salon For All<\/h2>\n<p>Cont\u00e1ctenos entonces. Estaremos encantados de ayudarle con la adquisici\u00f3n de Alicates Para U\u00f1as Encarnadas Omi Pro-Line Podo Nl-102 Para Juntas De Solapa. En d\u00edas laborables estamos mejor disponibles entre las 8.30 y las 17.00 horas a trav\u00e9s del n\u00famero de tel\u00e9fono y direcci\u00f3n de correo electr\u00f3nico en la parte superior de la tienda online o a trav\u00e9s de la funci\u00f3n de chat. Las consultas fuera del horario de oficina suelen responderse en un plazo de 24 horas. Tambi\u00e9n es posible visitarnos fuera de los d\u00edas laborables u horario de oficina. Pero para ello es necesario concertar una cita previa.<\/p>\n<h2>Voleu visitar el nostre showroom?<\/h2>\n<p>\u00bfPrefiere ver Alicates Para U\u00f1as Encarnadas Omi Pro-Line Podo Nl-102 Para Juntas De Solapa o recorrer nuestra oferta de la tienda (online) junto con nuestro colega? Entonces visite nuestro showroom con m\u00e1s de 1000m\u00b2 de equipamiento para salones y d\u00e9jese inspirar por nuestros empleados. Tambi\u00e9n si le gusta conocernos de manera agradable disfrutando de una buena taza de caf\u00e9 o t\u00e9, es muy bienvenido. No tenemos todos los productos en stock, as\u00ed que h\u00e1ganos saber de antemano que desea venir. Concierte siempre una cita previa.<\/p>\n<h2>14 dies de reflexi\u00f3 i la nostra pol\u00edtica de devolucions<\/h2>\n<p>Por supuesto puede ocurrir que Alicates Para U\u00f1as Encarnadas Omi Pro-Line Podo Nl-102 Para Juntas De Solapa entregado no sea completamente de su agrado y desee devolverlo. Eso no es ning\u00fan problema en Salon For All. Debe notificar su devoluci\u00f3n dentro de 14 d\u00edas laborables a trav\u00e9s de info@salonforall.es. Entonces recibir\u00e1 primero todas las instrucciones y condiciones de devoluci\u00f3n. Tenga en cuenta que Alicates Para U\u00f1as Encarnadas Omi Pro-Line Podo Nl-102 Para Juntas De Solapa no debe haber sido usado, debe contener todas las partes suministradas y debe devolverse empaquetado en el embalaje original. Los costos de env\u00edo de una devoluci\u00f3n son siempre a cargo del comprador en compras a trav\u00e9s de www.salonforall.es. Debe organizar usted mismo un transporte con una empresa de transporte de su elecci\u00f3n para una devoluci\u00f3n. Una vez que Alicates Para U\u00f1as Encarnadas Omi Pro-Line Podo Nl-102 Para Juntas De Solapa haya sido devuelto, se verificar\u00e1 su integridad y posibles da\u00f1os. Una vez que la devoluci\u00f3n haya sido aprobada, el importe de la compra se reembolsar\u00e1 dentro de 5 d\u00edas laborables a la cuenta bancaria que tenemos registrada.<\/p>\n<h2>Qui \u00e9s Salon For All?<\/h2>\n<p>Salon For All \u00e9s EL majorista per a tot equipament de salons a Europa. Salon For All va comen\u00e7ar el 2003 sota el nom Salonvoordeel i va sorgir de la pr\u00e0ctica. Els propietaris de Salon For All eren perruquers i especialistes en bellesa experimentats i tenen plegats m\u00e9s de 30 anys d&#039;experi\u00e8ncia pr\u00e0ctica. El 2003 vam llan\u00e7ar Salonvoordeel.nl (Pa\u00efsos Baixos) i posteriorment es va fundar Salon For All per al mercat europeu. Alguns dels nostres empleats van iniciar el seu propi negoci i aix\u00ed va sorgir la idea de llan\u00e7ar una botiga online funcional per a perruquers i ajudar-los amb l&#039;equipament del sal\u00f3.<\/p>\n<p>Nuestro showroom se encuentra en Dinxperlo, directamente en la frontera entre los Pa\u00edses Bajos y Alemania. Con nuestra amplia experiencia en el sector podemos servirle de espejo y proporcionarle el asesoramiento adecuado. \u00a1Hablamos el mismo idioma! Le asesoramos, inspiramos, motivamos y ayudamos en la adquisici\u00f3n de Alicates Para U\u00f1as Encarnadas Omi Pro-Line Podo Nl-102 Para Juntas De Solapa. Nuestros proveedores se encuentran en toda Europa, desde Alemania, Inglaterra, Italia hasta Polonia.<\/p>","protected":false},"excerpt":{"rendered":"<p>El producte Alicates Per a Ungles Encarnades Omi Pro-Line Podo Nl-102 Per a Juntes De Solapa \u00e9s una soluci\u00f3 d&#039;alta qualitat per a qualsevol sal\u00f3. El termini de lliurament estimat \u00e9s de 6 dies laborables aproximadament.<\/p>","protected":false},"featured_media":2996,"comment_status":"open","ping_status":"open","template":"","meta":[],"product_brand":[546],"product_cat":[471,161],"product_tag":[472,164],"class_list":{"0":"post-2995","1":"product","2":"type-product","3":"status-publish","4":"has-post-thumbnail","6":"product_brand-omi","7":"product_cat-cortaunas","8":"product_cat-podologia","9":"product_tag-cortaunas","10":"product_tag-podologia","11":"pa_codigo-ean-7764","12":"pa_garantia-12-meses","13":"pa_marca-omi","14":"pa_numero-de-articulo-559","15":"pa_tiempo-estimado-de-entrega-4-5-dias-laborables","17":"first","18":"instock","19":"sale","20":"taxable","21":"shipping-taxable","22":"purchasable","23":"product-type-simple"},"yoast_head":"<!-- This site is optimized with the Yoast SEO plugin v27.4 - https:\/\/yoast.com\/product\/yoast-seo-wordpress\/ -->\n<title>Alicates Para U\u00f1as Encarnadas Omi Pro-Line Podo Nl-102 Para Juntas De Solapa comprar<\/title>\n<meta name=\"description\" content=\"Compra Alicates Para U\u00f1as Encarnadas Omi Pro-Line Podo Nl-102 Para Juntas De Solapa online o en el showroom en Salon For ALL Espa\u00f1a. El mayorista para salones, consultas y spas en Espa\u00f1a y Portugal.\" \/>\n<meta name=\"robots\" content=\"index, follow, max-snippet:-1, max-image-preview:large, max-video-preview:-1\" \/>\n<link rel=\"canonical\" href=\"https:\/\/salonforall.es\/ca\/alicates-para-unas-encarnadas-omi-pro-line-podo-nl-102-para-juntas-de-solapa\/\" \/>\n<meta property=\"og:locale\" content=\"ca_ES\" \/>\n<meta property=\"og:type\" content=\"article\" \/>\n<meta property=\"og:title\" content=\"Alicates Para U\u00f1as Encarnadas Omi Pro-Line Podo Nl-102 Para Juntas De Solapa\" \/>\n<meta property=\"og:description\" content=\"Compra Alicates Para U\u00f1as Encarnadas Omi Pro-Line Podo Nl-102 Para Juntas De Solapa online o en el showroom en Salon For ALL Espa\u00f1a. El mayorista para salones, consultas y spas en Espa\u00f1a y Portugal.\" \/>\n<meta property=\"og:url\" content=\"https:\/\/salonforall.es\/ca\/alicates-para-unas-encarnadas-omi-pro-line-podo-nl-102-para-juntas-de-solapa\/\" \/>\n<meta property=\"og:site_name\" content=\"Salon For ALL Espa\u00f1a\" \/>\n<meta property=\"article:modified_time\" content=\"2026-03-24T15:02:57+00:00\" \/>\n<meta property=\"og:image\" content=\"https:\/\/salonforall.es\/wp-content\/uploads\/2025\/12\/Alicates-Para-Unas-Encarnadas-Omi-Pro-Line-Podo-Nl-102-Para-Juntas-De-Solapa.jpg\" \/>\n\t<meta property=\"og:image:width\" content=\"800\" \/>\n\t<meta property=\"og:image:height\" content=\"800\" \/>\n\t<meta property=\"og:image:type\" content=\"image\/jpeg\" \/>\n<meta name=\"twitter:card\" content=\"summary_large_image\" \/>\n<meta name=\"twitter:title\" content=\"Alicates Para U\u00f1as Encarnadas Omi Pro-Line Podo Nl-102 Para Juntas De Solapa\" \/>\n<meta name=\"twitter:label1\" content=\"Temps estimat de lectura\" \/>\n\t<meta name=\"twitter:data1\" content=\"8 minuts\" \/>\n<script type=\"application\/ld+json\" class=\"yoast-schema-graph\">{\"@context\":\"https:\\\/\\\/schema.org\",\"@graph\":[{\"@type\":\"WebPage\",\"@id\":\"https:\\\/\\\/salonforall.es\\\/alicates-para-unas-encarnadas-omi-pro-line-podo-nl-102-para-juntas-de-solapa\\\/\",\"url\":\"https:\\\/\\\/salonforall.es\\\/alicates-para-unas-encarnadas-omi-pro-line-podo-nl-102-para-juntas-de-solapa\\\/\",\"name\":\"Alicates Para U\u00f1as Encarnadas Omi Pro-Line Podo Nl-102 Para Juntas De Solapa comprar\",\"isPartOf\":{\"@id\":\"https:\\\/\\\/salonforall.es\\\/#website\"},\"primaryImageOfPage\":{\"@id\":\"https:\\\/\\\/salonforall.es\\\/alicates-para-unas-encarnadas-omi-pro-line-podo-nl-102-para-juntas-de-solapa\\\/#primaryimage\"},\"image\":{\"@id\":\"https:\\\/\\\/salonforall.es\\\/alicates-para-unas-encarnadas-omi-pro-line-podo-nl-102-para-juntas-de-solapa\\\/#primaryimage\"},\"thumbnailUrl\":\"https:\\\/\\\/salonforall.es\\\/wp-content\\\/uploads\\\/2025\\\/12\\\/Alicates-Para-Unas-Encarnadas-Omi-Pro-Line-Podo-Nl-102-Para-Juntas-De-Solapa.jpg\",\"datePublished\":\"2025-12-02T10:53:37+00:00\",\"dateModified\":\"2026-03-24T15:02:57+00:00\",\"description\":\"Compra Alicates Para U\u00f1as Encarnadas Omi Pro-Line Podo Nl-102 Para Juntas De Solapa online o en el showroom en Salon For ALL Espa\u00f1a. El mayorista para salones, consultas y spas en Espa\u00f1a y Portugal.\",\"breadcrumb\":{\"@id\":\"https:\\\/\\\/salonforall.es\\\/alicates-para-unas-encarnadas-omi-pro-line-podo-nl-102-para-juntas-de-solapa\\\/#breadcrumb\"},\"inLanguage\":\"ca\",\"potentialAction\":[{\"@type\":\"ReadAction\",\"target\":[\"https:\\\/\\\/salonforall.es\\\/alicates-para-unas-encarnadas-omi-pro-line-podo-nl-102-para-juntas-de-solapa\\\/\"]}]},{\"@type\":\"ImageObject\",\"inLanguage\":\"ca\",\"@id\":\"https:\\\/\\\/salonforall.es\\\/alicates-para-unas-encarnadas-omi-pro-line-podo-nl-102-para-juntas-de-solapa\\\/#primaryimage\",\"url\":\"https:\\\/\\\/salonforall.es\\\/wp-content\\\/uploads\\\/2025\\\/12\\\/Alicates-Para-Unas-Encarnadas-Omi-Pro-Line-Podo-Nl-102-Para-Juntas-De-Solapa.jpg\",\"contentUrl\":\"https:\\\/\\\/salonforall.es\\\/wp-content\\\/uploads\\\/2025\\\/12\\\/Alicates-Para-Unas-Encarnadas-Omi-Pro-Line-Podo-Nl-102-Para-Juntas-De-Solapa.jpg\",\"width\":800,\"height\":800,\"caption\":\"Alicates Para U\u00f1as Encarnadas Omi Pro-Line Podo Nl-102 Para Juntas De Solapa\"},{\"@type\":\"BreadcrumbList\",\"@id\":\"https:\\\/\\\/salonforall.es\\\/alicates-para-unas-encarnadas-omi-pro-line-podo-nl-102-para-juntas-de-solapa\\\/#breadcrumb\",\"itemListElement\":[{\"@type\":\"ListItem\",\"position\":1,\"name\":\"Home\",\"item\":\"https:\\\/\\\/salonforall.es\\\/\"},{\"@type\":\"ListItem\",\"position\":2,\"name\":\"Winkel\",\"item\":\"https:\\\/\\\/salonforall.es\\\/winkel\\\/\"},{\"@type\":\"ListItem\",\"position\":3,\"name\":\"Alicates Para U\u00f1as Encarnadas Omi Pro-Line Podo Nl-102 Para Juntas De Solapa\"}]},{\"@type\":\"WebSite\",\"@id\":\"https:\\\/\\\/salonforall.es\\\/#website\",\"url\":\"https:\\\/\\\/salonforall.es\\\/\",\"name\":\"Salon For ALL Espa\u00f1a\",\"description\":\"Mayorista de mobiliario y suministros para consultorios y salones\",\"publisher\":{\"@id\":\"https:\\\/\\\/salonforall.es\\\/#organization\"},\"potentialAction\":[{\"@type\":\"SearchAction\",\"target\":{\"@type\":\"EntryPoint\",\"urlTemplate\":\"https:\\\/\\\/salonforall.es\\\/?s={search_term_string}\"},\"query-input\":{\"@type\":\"PropertyValueSpecification\",\"valueRequired\":true,\"valueName\":\"search_term_string\"}}],\"inLanguage\":\"ca\"},{\"@type\":\"Organization\",\"@id\":\"https:\\\/\\\/salonforall.es\\\/#organization\",\"name\":\"Salon For All B.V. Espa\u00f1a\",\"alternateName\":\"Salon For All B.V. Espa\u00f1a - Mayorista de equipamiento para consultas, salones y suministros\",\"url\":\"https:\\\/\\\/salonforall.es\\\/\",\"logo\":{\"@type\":\"ImageObject\",\"inLanguage\":\"ca\",\"@id\":\"https:\\\/\\\/salonforall.es\\\/#\\\/schema\\\/logo\\\/image\\\/\",\"url\":\"https:\\\/\\\/salonforall.es\\\/wp-content\\\/uploads\\\/2025\\\/11\\\/logo-salon-for-all-e1764543185849.png\",\"contentUrl\":\"https:\\\/\\\/salonforall.es\\\/wp-content\\\/uploads\\\/2025\\\/11\\\/logo-salon-for-all-e1764543185849.png\",\"width\":500,\"height\":150,\"caption\":\"Salon For All B.V. Espa\u00f1a\"},\"image\":{\"@id\":\"https:\\\/\\\/salonforall.es\\\/#\\\/schema\\\/logo\\\/image\\\/\"}}]}<\/script>\n<!-- \/ Yoast SEO plugin. -->","yoast_head_json":{"title":"Alicates Para U\u00f1as Encarnadas Omi Pro-Line Podo Nl-102 Para Juntas De Solapa comprar","description":"Compra Alicates Para U\u00f1as Encarnadas Omi Pro-Line Podo Nl-102 Para Juntas De Solapa online o en el showroom en Salon For ALL Espa\u00f1a. El mayorista para salones, consultas y spas en Espa\u00f1a y Portugal.","robots":{"index":"index","follow":"follow","max-snippet":"max-snippet:-1","max-image-preview":"max-image-preview:large","max-video-preview":"max-video-preview:-1"},"canonical":"https:\/\/salonforall.es\/ca\/alicates-para-unas-encarnadas-omi-pro-line-podo-nl-102-para-juntas-de-solapa\/","og_locale":"ca_ES","og_type":"article","og_title":"Alicates Para U\u00f1as Encarnadas Omi Pro-Line Podo Nl-102 Para Juntas De Solapa","og_description":"Compra Alicates Para U\u00f1as Encarnadas Omi Pro-Line Podo Nl-102 Para Juntas De Solapa online o en el showroom en Salon For ALL Espa\u00f1a. El mayorista para salones, consultas y spas en Espa\u00f1a y Portugal.","og_url":"https:\/\/salonforall.es\/ca\/alicates-para-unas-encarnadas-omi-pro-line-podo-nl-102-para-juntas-de-solapa\/","og_site_name":"Salon For ALL Espa\u00f1a","article_modified_time":"2026-03-24T15:02:57+00:00","og_image":[{"width":800,"height":800,"url":"https:\/\/salonforall.es\/wp-content\/uploads\/2025\/12\/Alicates-Para-Unas-Encarnadas-Omi-Pro-Line-Podo-Nl-102-Para-Juntas-De-Solapa.jpg","type":"image\/jpeg"}],"twitter_card":"summary_large_image","twitter_title":"Alicates Para U\u00f1as Encarnadas Omi Pro-Line Podo Nl-102 Para Juntas De Solapa","twitter_misc":{"Temps estimat de lectura":"8 minuts"},"schema":{"@context":"https:\/\/schema.org","@graph":[{"@type":"WebPage","@id":"https:\/\/salonforall.es\/alicates-para-unas-encarnadas-omi-pro-line-podo-nl-102-para-juntas-de-solapa\/","url":"https:\/\/salonforall.es\/alicates-para-unas-encarnadas-omi-pro-line-podo-nl-102-para-juntas-de-solapa\/","name":"Alicates Para U\u00f1as Encarnadas Omi Pro-Line Podo Nl-102 Para Juntas De Solapa comprar","isPartOf":{"@id":"https:\/\/salonforall.es\/#website"},"primaryImageOfPage":{"@id":"https:\/\/salonforall.es\/alicates-para-unas-encarnadas-omi-pro-line-podo-nl-102-para-juntas-de-solapa\/#primaryimage"},"image":{"@id":"https:\/\/salonforall.es\/alicates-para-unas-encarnadas-omi-pro-line-podo-nl-102-para-juntas-de-solapa\/#primaryimage"},"thumbnailUrl":"https:\/\/salonforall.es\/wp-content\/uploads\/2025\/12\/Alicates-Para-Unas-Encarnadas-Omi-Pro-Line-Podo-Nl-102-Para-Juntas-De-Solapa.jpg","datePublished":"2025-12-02T10:53:37+00:00","dateModified":"2026-03-24T15:02:57+00:00","description":"Compra Alicates Para U\u00f1as Encarnadas Omi Pro-Line Podo Nl-102 Para Juntas De Solapa online o en el showroom en Salon For ALL Espa\u00f1a. El mayorista para salones, consultas y spas en Espa\u00f1a y Portugal.","breadcrumb":{"@id":"https:\/\/salonforall.es\/alicates-para-unas-encarnadas-omi-pro-line-podo-nl-102-para-juntas-de-solapa\/#breadcrumb"},"inLanguage":"ca","potentialAction":[{"@type":"ReadAction","target":["https:\/\/salonforall.es\/alicates-para-unas-encarnadas-omi-pro-line-podo-nl-102-para-juntas-de-solapa\/"]}]},{"@type":"ImageObject","inLanguage":"ca","@id":"https:\/\/salonforall.es\/alicates-para-unas-encarnadas-omi-pro-line-podo-nl-102-para-juntas-de-solapa\/#primaryimage","url":"https:\/\/salonforall.es\/wp-content\/uploads\/2025\/12\/Alicates-Para-Unas-Encarnadas-Omi-Pro-Line-Podo-Nl-102-Para-Juntas-De-Solapa.jpg","contentUrl":"https:\/\/salonforall.es\/wp-content\/uploads\/2025\/12\/Alicates-Para-Unas-Encarnadas-Omi-Pro-Line-Podo-Nl-102-Para-Juntas-De-Solapa.jpg","width":800,"height":800,"caption":"Alicates Para U\u00f1as Encarnadas Omi Pro-Line Podo Nl-102 Para Juntas De Solapa"},{"@type":"BreadcrumbList","@id":"https:\/\/salonforall.es\/alicates-para-unas-encarnadas-omi-pro-line-podo-nl-102-para-juntas-de-solapa\/#breadcrumb","itemListElement":[{"@type":"ListItem","position":1,"name":"Home","item":"https:\/\/salonforall.es\/"},{"@type":"ListItem","position":2,"name":"Winkel","item":"https:\/\/salonforall.es\/winkel\/"},{"@type":"ListItem","position":3,"name":"Alicates Para U\u00f1as Encarnadas Omi Pro-Line Podo Nl-102 Para Juntas De Solapa"}]},{"@type":"WebSite","@id":"https:\/\/salonforall.es\/#website","url":"https:\/\/salonforall.es\/","name":"Salon For ALL Espanya","description":"Majorista de mobiliari i subministraments per a consultoris i salons","publisher":{"@id":"https:\/\/salonforall.es\/#organization"},"potentialAction":[{"@type":"SearchAction","target":{"@type":"EntryPoint","urlTemplate":"https:\/\/salonforall.es\/?s={search_term_string}"},"query-input":{"@type":"PropertyValueSpecification","valueRequired":true,"valueName":"search_term_string"}}],"inLanguage":"ca"},{"@type":"Organization","@id":"https:\/\/salonforall.es\/#organization","name":"Salon For All BV Espanya","alternateName":"Salon For All B.V. Espa\u00f1a - Mayorista de equipamiento para consultas, salones y suministros","url":"https:\/\/salonforall.es\/","logo":{"@type":"ImageObject","inLanguage":"ca","@id":"https:\/\/salonforall.es\/#\/schema\/logo\/image\/","url":"https:\/\/salonforall.es\/wp-content\/uploads\/2025\/11\/logo-salon-for-all-e1764543185849.png","contentUrl":"https:\/\/salonforall.es\/wp-content\/uploads\/2025\/11\/logo-salon-for-all-e1764543185849.png","width":500,"height":150,"caption":"Salon For All B.V. Espa\u00f1a"},"image":{"@id":"https:\/\/salonforall.es\/#\/schema\/logo\/image\/"}}]}},"_links":{"self":[{"href":"https:\/\/salonforall.es\/ca\/wp-json\/wp\/v2\/product\/2995","targetHints":{"allow":["GET"]}}],"collection":[{"href":"https:\/\/salonforall.es\/ca\/wp-json\/wp\/v2\/product"}],"about":[{"href":"https:\/\/salonforall.es\/ca\/wp-json\/wp\/v2\/types\/product"}],"replies":[{"embeddable":true,"href":"https:\/\/salonforall.es\/ca\/wp-json\/wp\/v2\/comments?post=2995"}],"wp:featuredmedia":[{"embeddable":true,"href":"https:\/\/salonforall.es\/ca\/wp-json\/wp\/v2\/media\/2996"}],"wp:attachment":[{"href":"https:\/\/salonforall.es\/ca\/wp-json\/wp\/v2\/media?parent=2995"}],"wp:term":[{"taxonomy":"product_brand","embeddable":true,"href":"https:\/\/salonforall.es\/ca\/wp-json\/wp\/v2\/product_brand?post=2995"},{"taxonomy":"product_cat","embeddable":true,"href":"https:\/\/salonforall.es\/ca\/wp-json\/wp\/v2\/product_cat?post=2995"},{"taxonomy":"product_tag","embeddable":true,"href":"https:\/\/salonforall.es\/ca\/wp-json\/wp\/v2\/product_tag?post=2995"}],"curies":[{"name":"wp","href":"https:\/\/api.w.org\/{rel}","templated":true}]}}