{"id":2680,"date":"2025-12-02T11:50:13","date_gmt":"2025-12-02T10:50:13","guid":{"rendered":"https:\/\/salonforall.es\/product\/ampollas-de-vitaminas-syis-coctel-10-x-3-ml\/"},"modified":"2026-03-24T18:02:06","modified_gmt":"2026-03-24T17:02:06","slug":"ampollas-de-vitaminas-syis-coctel-10-x-3-ml","status":"publish","type":"product","link":"https:\/\/salonforall.es\/ca\/ampollas-de-vitaminas-syis-coctel-10-x-3-ml\/","title":{"rendered":"Ampolles De Vitamines Syis C\u00f2ctel 10 X 3 Ml"},"content":{"rendered":"<h2>Informaci\u00f3n sobre Ampollas De Vitaminas Syis C\u00f3ctel 10 X 3 Ml con n\u00famero de art\u00edculo 110965<\/h2>\n<div>\n<div>\n<div> Ampollas de c\u00f3ctel de vitaminas dise\u00f1adas para todo tipo de piel. recomendadas especialmente para pieles que requieren nutrici\u00f3n y regeneraci\u00f3n. Gracias al contenido de pantenol, vitaminas a, e, pp y \u00e1cido linoleico, regulan la exfoliaci\u00f3n de la epidermis, hacen que la piel brille, fortalecen la piel, mejoran su elasticidad y protegen la piel contra factores externos adversos. <\/div>\n<div> <\/div>\n<div> Subst\u00e0ncies actives: <\/div>\n<div> <\/div>\n<div> pantenol y pantenol, provitamina b5. La vitamina b se encuentra en cada c\u00e9lula viva de la piel y el cabello. Tiene propiedades antiinflamatorias y antibacterianas, acelera los procesos de regeneraci\u00f3n de la epidermis. Hace que la piel se sienta suave. Es un ingrediente con efecto curativo, calmante e hidratante. Penetra f\u00e1cilmente en la piel, reduce la p\u00e9rdida de agua a trav\u00e9s de la epidermis e hidrata eficazmente la piel, dej\u00e1ndola suave y el\u00e1stica. \u00fatil en la curaci\u00f3n de heridas y lesiones menores de la piel y el tratamiento de cicatrices. <\/div>\n<div> <\/div>\n<div> niacinamida <br \/> vitamina pp \/ b3 mejora el suministro de sangre a la piel, estimula la s\u00edntesis de col\u00e1geno en fibroblastos maduros, reduce las arrugas finas, tonifica la piel da\u00f1ada por la radiaci\u00f3n uv. es un fuerte antioxidante, previene el proceso de fotoenvejecimiento. la niacinamida reconstruye la barrera protectora natural al aumentar la s\u00edntesis de ceramidas, \u00e1cidos grasos y colesterol en el espacio intercelular, aumenta la hidrataci\u00f3n y nutre la piel. reduce la decoloraci\u00f3n, tiene propiedades antiacn\u00e9. <\/div>\n<div> <\/div>\n<div> tocoferol y vitamina E con propiedades antioxidantes, inhibe los procesos de envejecimiento de la piel y la oxidaci\u00f3n lip\u00eddica radical en la epidermis y la dermis. reconstruye la barrera epid\u00e9rmica natural y previene eficazmente la irritaci\u00f3n. previene la inflamaci\u00f3n, fortalece las paredes de los vasos sangu\u00edneos y mejora la circulaci\u00f3n sangu\u00ednea en la piel. <\/div>\n<div> <\/div>\n<div> \u00e1cido linoleico y \u00e1cido linoleico, omega-6 es uno de los \u00e1cidos grasos insaturados esenciales. normaliza los procesos de queratinizaci\u00f3n, reduce la decoloraci\u00f3n. es responsable de la correcta hidrataci\u00f3n de la piel y sus procesos regenerativos, es un componente del cemento intercelular del estrato c\u00f3rneo. <\/div>\n<div> <\/div>\n<div> extracto de fruto de magnifera indica (mango) <br \/> <span> <span> extracto de la epidermis. fruto del mango, tiene propiedades suavizantes y protectoras. hidrata y acondiciona. es un gran antioxidante. <\/span><\/span> <\/div>\n<div><span><span><\/span> <\/span> <\/div>\n<div> palmitato de retinilo <br \/> retinol &#8211; la forma b\u00e1sica de la vitamina a. rejuvenece la piel, reafirma, ilumina y regenera la epidermis. Mejora el tono de la piel, la ilumina, elimina la decoloraci\u00f3n y la suaviza. Reafirma la capa viva de la piel, fortalece las fibras de col\u00e1geno, gracias a lo cual se restaura su elasticidad. <\/div>\n<div> <\/div>\n<p><span style=\"text-decoration: underline;\">Utilitzaci\u00f3:<\/span><br \/>Les butllofes estan dissenyades per a tractaments amb sonoforesi, ultras\u00f2, infusi\u00f3, mesoter\u00e0pia sense agulles i per a \u00fas extern a la cura domicili\u00e0ria. Aplicar sobre la pell neta de la cara, el coll i l&#039;escot.<br \/><span style=\"text-decoration: underline;\">Capacitat:<\/span> 10 x 3 ml<\/p>\n<h2>BOTELLES SYIS: PER QU\u00c8 VIDRE?<\/h2>\n<p>El vial de vidre de 3 ml cont\u00e9 la concentraci\u00f3 m\u00e9s gran d&#039;ingredients actius.<br \/>Durant el proc\u00e9s d&#039;envasament en butllofes est\u00e8rils d&#039;un sol \u00fas, es mantenen la puresa microbiol\u00f2gica i l&#039;estabilitat de les subst\u00e0ncies actives. L&#039;envasament as\u00e8ptic garanteix la m\u00e0xima seguretat i unes condicions d&#039;emmagatzematge ideals per a l&#039;ampolla.<br \/>Les butllofes de vidre no reaccionen amb els ingredients del s\u00e8rum.<br \/>Una f\u00f3rmula avan\u00e7ada ideal per a tasques especials: regeneraci\u00f3, augment de la tensi\u00f3 cut\u00e0nia, normalitzaci\u00f3 de la pell greixosa o lluita contra la decoloraci\u00f3.<br \/>La consist\u00e8ncia a base d&#039;aigua promou una millor absorci\u00f3 del producte i en permet l&#039;\u00fas durant tractaments amb equips com ultrasons, mesoter\u00e0pia sense agulles, infusi\u00f3 d&#039;oxigen, microdermoabrasi\u00f3, radiofreq\u00fc\u00e8ncia o massatges.<br \/>Les composicions de les butllofes es basen en extractes naturals, vitamines i minerals, adaptats adequadament al tipus de pell, cosa que facilita la selecci\u00f3 adequada del producte.<br \/>Una ampolla \u00e9s suficient per a un tractament complet de rostre, coll i escot.<br \/>Durant l&#039;\u00fas de les butllofes, conv\u00e9 complementar-les amb cosm\u00e8tics de la mateixa s\u00e8rie per potenciar-ne l&#039;efecte.<br \/>Despr\u00e9s d&#039;usar les nostres butllofes, la pell es torna suau i vellutada, a m\u00e9s de\u2026 Intensament hidratada i nodrida. \u00c9s una veritable injecci\u00f3 d&#039;energia per a la pell!<\/p>\n<p>Los productos Activeshop son proporcionalmente m\u00e1s econ\u00f3micos que muchas otras marcas\/proveedores. El precio est\u00e1 en relaci\u00f3n con la calidad. Ampollas De Vitaminas Syis C\u00f3ctel 10 X 3 Ml es por lo tanto una soluci\u00f3n accesible para su sal\u00f3n.<\/p>\n<h2>\u00bfC\u00f3mo se entrega Ampollas De Vitaminas Syis C\u00f3ctel 10 X 3 Ml?<\/h2>\n<p>Ampollas De Vitaminas Syis C\u00f3ctel 10 X 3 Ml se entrega en embalaje(s) original(es). Dentro de Espa\u00f1a el env\u00edo de Ampollas De Vitaminas Syis C\u00f3ctel 10 X 3 Ml es completamente gratuito para pedidos a partir de 100,- euros. Para env\u00edos a otros pa\u00edses se aplican tarifas de env\u00edo separadas. Puede consultar estas tarifas con nosotros o verlas en el carrito de compra. Ampollas De Vitaminas Syis C\u00f3ctel 10 X 3 Ml se env\u00eda a trav\u00e9s de un servicio de mensajer\u00eda externo.<\/p>\n<p>Els paquets o palets es lliuren de forma est\u00e0ndard fins al llindar de la porta principal, fins i tot si est\u00e0 ubicat en un edifici col\u00b7lectiu, edifici d&#039;apartaments o complex d&#039;apartaments amb ascensor (sempre que l&#039;article c\u00e0piga a l&#039;ascensor). No hi ha ascensor disponible o l&#039;article no hi cap a l&#039;ascensor? Aleshores lliurem fins al llindar de la planta baixa.<\/p>\n<p>Encara teniu preguntes sobre el lliurament o una situaci\u00f3 especial? Contacti&#039;ns i estarem encantats d&#039;ajudar-lo!<\/p>\n<p>*Els articles no es desembalen ni munten de forma est\u00e0ndard. En situacions especials ens pot contactar per fer acords sobre aix\u00f2.<\/p>\n<h2>Compra en l\u00ednia segura a Salon For All amb el segell de qualitat Webwinkelkeur i xifrat SSL<\/h2>\n<p>Es importante para nosotros que nuestros clientes puedan comprar de forma segura en nuestra tienda online. Estamos afiliados al sello de calidad nacional Webwinkelkeur desde 2019. Nuestra identidad ha sido verificada y comprobada por ellos, y la tienda online ha sido revisada y aprobada legalmente. Adem\u00e1s, nuestra tienda online est\u00e1 afiliada a ellos para la mediaci\u00f3n de conflictos. Puede ver la insignia con toda la informaci\u00f3n de este sello de calidad de tienda online en el lado izquierdo o derecho de la tienda online (bot\u00f3n rosa con blanco). Adem\u00e1s, nuestro sitio est\u00e1 protegido con un certificado SSL para que pueda navegar de forma segura con nosotros. En la barra de su navegador de Internet, donde aparece nuestro sitio web, ver\u00e1 un icono de candado. Si hace clic en el candado, obtendr\u00e1 toda la informaci\u00f3n sobre nuestra seguridad. De esta manera sabe que su pedido de Ampollas De Vitaminas Syis C\u00f3ctel 10 X 3 Ml y sus datos personales se procesan de forma segura.<\/p>\n<h2>\u00bfC\u00f3mo puedo pagar Ampollas De Vitaminas Syis C\u00f3ctel 10 X 3 Ml?<\/h2>\n<p>Volem fer-ho el m\u00e9s f\u00e0cil possible. Per aix\u00f2 a Salon For All podeu pagar amb tots els m\u00e8todes de pagament coneguts i habituals. Pagar per avan\u00e7at, al lliurament oa posteriori; tot \u00e9s possible. Vegeu aqu\u00ed tots els m\u00e8todes de pagament que oferim:<\/p>\n<ul>\n<li>iDEAL<\/li>\n<li>Targeta de cr\u00e8dit (Visa, Mastercard, American Express)<\/li>\n<li>Klarna \u2013 Pagament a posteriori amb factura<\/li>\n<li>PayPal<\/li>\n<li>Apple Pay<\/li>\n<li>Google Pay<\/li>\n<li>Bizum (per a clients espanyols)<\/li>\n<li>Transfer\u00e8ncia banc\u00e0ria SEPA<\/li>\n<li>Bancontact<\/li>\n<li>Factura comercial per a empreses<\/li>\n<li>Pagament al showroom \u2013 Tant targeta com efectiu (Nom\u00e9s disponible en recollida)<\/li>\n<\/ul>\n<h2>Consulteu tamb\u00e9 les ressenyes de Salon For All<\/h2>\n<p>Consulte tambi\u00e9n nuestras rese\u00f1as para tener en cuenta las experiencias de nuestros clientes actuales en su decisi\u00f3n de pedir Ampollas De Vitaminas Syis C\u00f3ctel 10 X 3 Ml con nosotros. A trav\u00e9s de nuestro sello de calidad independiente de tienda online Webwinkelkeur, se recopilan autom\u00e1ticamente rese\u00f1as verificadas de clientes que han completado un pedido con nosotros. Puede encontrarlas detr\u00e1s del bot\u00f3n rosa en nuestra tienda online o aparecen listadas debajo de los productos.<\/p>\n<p>\u00a1Comparta tambi\u00e9n su experiencia despu\u00e9s de su compra con su Ampollas De Vitaminas Syis C\u00f3ctel 10 X 3 Ml pedido y su experiencia con el proceso de compra o el contacto con Salon For All para inspirar a otros!<\/p>\n<h2>Contacte amb Salon For All<\/h2>\n<p>Cont\u00e1ctenos entonces. Estaremos encantados de ayudarle con la adquisici\u00f3n de Ampollas De Vitaminas Syis C\u00f3ctel 10 X 3 Ml. En d\u00edas laborables estamos mejor disponibles entre las 8.30 y las 17.00 horas a trav\u00e9s del n\u00famero de tel\u00e9fono y direcci\u00f3n de correo electr\u00f3nico en la parte superior de la tienda online o a trav\u00e9s de la funci\u00f3n de chat. Las consultas fuera del horario de oficina suelen responderse en un plazo de 24 horas. Tambi\u00e9n es posible visitarnos fuera de los d\u00edas laborables u horario de oficina. Pero para ello es necesario concertar una cita previa.<\/p>\n<h2>Voleu visitar el nostre showroom?<\/h2>\n<p>\u00bfPrefiere ver Ampollas De Vitaminas Syis C\u00f3ctel 10 X 3 Ml o recorrer nuestra oferta de la tienda (online) junto con nuestro colega? Entonces visite nuestro showroom con m\u00e1s de 1000m\u00b2 de equipamiento para salones y d\u00e9jese inspirar por nuestros empleados. Tambi\u00e9n si le gusta conocernos de manera agradable disfrutando de una buena taza de caf\u00e9 o t\u00e9, es muy bienvenido. No tenemos todos los productos en stock, as\u00ed que h\u00e1ganos saber de antemano que desea venir. Concierte siempre una cita previa.<\/p>\n<h2>14 dies de reflexi\u00f3 i la nostra pol\u00edtica de devolucions<\/h2>\n<p>Por supuesto puede ocurrir que Ampollas De Vitaminas Syis C\u00f3ctel 10 X 3 Ml entregado no sea completamente de su agrado y desee devolverlo. Eso no es ning\u00fan problema en Salon For All. Debe notificar su devoluci\u00f3n dentro de 14 d\u00edas laborables a trav\u00e9s de info@salonforall.es. Entonces recibir\u00e1 primero todas las instrucciones y condiciones de devoluci\u00f3n. Tenga en cuenta que Ampollas De Vitaminas Syis C\u00f3ctel 10 X 3 Ml no debe haber sido usado, debe contener todas las partes suministradas y debe devolverse empaquetado en el embalaje original. Los costos de env\u00edo de una devoluci\u00f3n son siempre a cargo del comprador en compras a trav\u00e9s de www.salonforall.es. Debe organizar usted mismo un transporte con una empresa de transporte de su elecci\u00f3n para una devoluci\u00f3n. Una vez que Ampollas De Vitaminas Syis C\u00f3ctel 10 X 3 Ml haya sido devuelto, se verificar\u00e1 su integridad y posibles da\u00f1os. Una vez que la devoluci\u00f3n haya sido aprobada, el importe de la compra se reembolsar\u00e1 dentro de 5 d\u00edas laborables a la cuenta bancaria que tenemos registrada.<\/p>\n<h2>Qui \u00e9s Salon For All?<\/h2>\n<p>Salon For All \u00e9s EL majorista per a tot equipament de salons a Europa. Salon For All va comen\u00e7ar el 2003 sota el nom Salonvoordeel i va sorgir de la pr\u00e0ctica. Els propietaris de Salon For All eren perruquers i especialistes en bellesa experimentats i tenen plegats m\u00e9s de 30 anys d&#039;experi\u00e8ncia pr\u00e0ctica. El 2003 vam llan\u00e7ar Salonvoordeel.nl (Pa\u00efsos Baixos) i posteriorment es va fundar Salon For All per al mercat europeu. Alguns dels nostres empleats van iniciar el seu propi negoci i aix\u00ed va sorgir la idea de llan\u00e7ar una botiga online funcional per a perruquers i ajudar-los amb l&#039;equipament del sal\u00f3.<\/p>\n<p>Nuestro showroom se encuentra en Dinxperlo, directamente en la frontera entre los Pa\u00edses Bajos y Alemania. Con nuestra amplia experiencia en el sector podemos servirle de espejo y proporcionarle el asesoramiento adecuado. \u00a1Hablamos el mismo idioma! Le asesoramos, inspiramos, motivamos y ayudamos en la adquisici\u00f3n de Ampollas De Vitaminas Syis C\u00f3ctel 10 X 3 Ml. Nuestros proveedores se encuentran en toda Europa, desde Alemania, Inglaterra, Italia hasta Polonia.<\/p>","protected":false},"excerpt":{"rendered":"<p>El producte Ampolles De Vitamines Syis C\u00f2ctel 10 X 3 Ml \u00e9s una soluci\u00f3 d&#039;alta qualitat per a qualsevol sal\u00f3. El termini de lliurament estimat \u00e9s de 6 dies laborables aproximadament.<\/p>","protected":false},"featured_media":2681,"comment_status":"open","ping_status":"open","template":"","meta":[],"product_brand":[362],"product_cat":[364,76,363],"product_tag":[366,79,365],"class_list":{"0":"post-2680","1":"product","2":"type-product","3":"status-publish","4":"has-post-thumbnail","6":"product_brand-syis","7":"product_cat-ampollas","8":"product_cat-cosmetica-profesional","9":"product_cat-cosmetica-syis-pro","10":"product_tag-ampollas","11":"product_tag-cosmetica-profesional","12":"product_tag-cosmetica-syis-pro","13":"pa_codigo-ean-7759","14":"pa_garantia-12-meses","15":"pa_marca-syis","16":"pa_numero-de-articulo-401","17":"pa_tiempo-estimado-de-entrega-4-5-dias-laborables","19":"first","20":"instock","21":"sale","22":"taxable","23":"shipping-taxable","24":"purchasable","25":"product-type-simple"},"yoast_head":"<!-- This site is optimized with the Yoast SEO plugin v27.6 - https:\/\/yoast.com\/product\/yoast-seo-wordpress\/ -->\n<title>Ampollas De Vitaminas Syis C\u00f3ctel 10 X 3 Ml comprar<\/title>\n<meta name=\"description\" content=\"Compra Ampollas De Vitaminas Syis C\u00f3ctel 10 X 3 Ml online o en el showroom en Salon For ALL Espa\u00f1a. El mayorista para salones, consultas y spas en Espa\u00f1a y Portugal.\" \/>\n<meta name=\"robots\" content=\"index, follow, max-snippet:-1, max-image-preview:large, max-video-preview:-1\" \/>\n<link rel=\"canonical\" href=\"https:\/\/salonforall.es\/ca\/ampollas-de-vitaminas-syis-coctel-10-x-3-ml\/\" \/>\n<meta property=\"og:locale\" content=\"ca_ES\" \/>\n<meta property=\"og:type\" content=\"article\" \/>\n<meta property=\"og:title\" content=\"Ampollas De Vitaminas Syis C\u00f3ctel 10 X 3 Ml\" \/>\n<meta property=\"og:description\" content=\"Compra Ampollas De Vitaminas Syis C\u00f3ctel 10 X 3 Ml online o en el showroom en Salon For ALL Espa\u00f1a. El mayorista para salones, consultas y spas en Espa\u00f1a y Portugal.\" \/>\n<meta property=\"og:url\" content=\"https:\/\/salonforall.es\/ca\/ampollas-de-vitaminas-syis-coctel-10-x-3-ml\/\" \/>\n<meta property=\"og:site_name\" content=\"Salon For ALL Espa\u00f1a\" \/>\n<meta property=\"article:modified_time\" content=\"2026-03-24T17:02:06+00:00\" \/>\n<meta property=\"og:image\" content=\"https:\/\/salonforall.es\/wp-content\/uploads\/2025\/12\/Ampollas-De-Vitaminas-Syis-Coctel-10-X-3-Ml.jpg\" \/>\n\t<meta property=\"og:image:width\" content=\"1200\" \/>\n\t<meta property=\"og:image:height\" content=\"1200\" \/>\n\t<meta property=\"og:image:type\" content=\"image\/jpeg\" \/>\n<meta name=\"twitter:card\" content=\"summary_large_image\" \/>\n<meta name=\"twitter:title\" content=\"Ampollas De Vitaminas Syis C\u00f3ctel 10 X 3 Ml\" \/>\n<meta name=\"twitter:label1\" content=\"Temps estimat de lectura\" \/>\n\t<meta name=\"twitter:data1\" content=\"10 minuts\" \/>\n<script type=\"application\/ld+json\" class=\"yoast-schema-graph\">{\"@context\":\"https:\\\/\\\/schema.org\",\"@graph\":[{\"@type\":\"WebPage\",\"@id\":\"https:\\\/\\\/salonforall.es\\\/ampollas-de-vitaminas-syis-coctel-10-x-3-ml\\\/\",\"url\":\"https:\\\/\\\/salonforall.es\\\/ampollas-de-vitaminas-syis-coctel-10-x-3-ml\\\/\",\"name\":\"Ampollas De Vitaminas Syis C\u00f3ctel 10 X 3 Ml comprar\",\"isPartOf\":{\"@id\":\"https:\\\/\\\/salonforall.es\\\/#website\"},\"primaryImageOfPage\":{\"@id\":\"https:\\\/\\\/salonforall.es\\\/ampollas-de-vitaminas-syis-coctel-10-x-3-ml\\\/#primaryimage\"},\"image\":{\"@id\":\"https:\\\/\\\/salonforall.es\\\/ampollas-de-vitaminas-syis-coctel-10-x-3-ml\\\/#primaryimage\"},\"thumbnailUrl\":\"https:\\\/\\\/salonforall.es\\\/wp-content\\\/uploads\\\/2025\\\/12\\\/Ampollas-De-Vitaminas-Syis-Coctel-10-X-3-Ml.jpg\",\"datePublished\":\"2025-12-02T10:50:13+00:00\",\"dateModified\":\"2026-03-24T17:02:06+00:00\",\"description\":\"Compra Ampollas De Vitaminas Syis C\u00f3ctel 10 X 3 Ml online o en el showroom en Salon For ALL Espa\u00f1a. El mayorista para salones, consultas y spas en Espa\u00f1a y Portugal.\",\"breadcrumb\":{\"@id\":\"https:\\\/\\\/salonforall.es\\\/ampollas-de-vitaminas-syis-coctel-10-x-3-ml\\\/#breadcrumb\"},\"inLanguage\":\"ca\",\"potentialAction\":[{\"@type\":\"ReadAction\",\"target\":[\"https:\\\/\\\/salonforall.es\\\/ampollas-de-vitaminas-syis-coctel-10-x-3-ml\\\/\"]}]},{\"@type\":\"ImageObject\",\"inLanguage\":\"ca\",\"@id\":\"https:\\\/\\\/salonforall.es\\\/ampollas-de-vitaminas-syis-coctel-10-x-3-ml\\\/#primaryimage\",\"url\":\"https:\\\/\\\/salonforall.es\\\/wp-content\\\/uploads\\\/2025\\\/12\\\/Ampollas-De-Vitaminas-Syis-Coctel-10-X-3-Ml.jpg\",\"contentUrl\":\"https:\\\/\\\/salonforall.es\\\/wp-content\\\/uploads\\\/2025\\\/12\\\/Ampollas-De-Vitaminas-Syis-Coctel-10-X-3-Ml.jpg\",\"width\":1200,\"height\":1200,\"caption\":\"Ampollas De Vitaminas Syis C\u00f3ctel 10 X 3 Ml\"},{\"@type\":\"BreadcrumbList\",\"@id\":\"https:\\\/\\\/salonforall.es\\\/ampollas-de-vitaminas-syis-coctel-10-x-3-ml\\\/#breadcrumb\",\"itemListElement\":[{\"@type\":\"ListItem\",\"position\":1,\"name\":\"Home\",\"item\":\"https:\\\/\\\/salonforall.es\\\/\"},{\"@type\":\"ListItem\",\"position\":2,\"name\":\"Winkel\",\"item\":\"https:\\\/\\\/salonforall.es\\\/winkel\\\/\"},{\"@type\":\"ListItem\",\"position\":3,\"name\":\"Ampollas De Vitaminas Syis C\u00f3ctel 10 X 3 Ml\"}]},{\"@type\":\"WebSite\",\"@id\":\"https:\\\/\\\/salonforall.es\\\/#website\",\"url\":\"https:\\\/\\\/salonforall.es\\\/\",\"name\":\"Salon For ALL Espa\u00f1a\",\"description\":\"Mayorista de mobiliario y suministros para consultorios y salones\",\"publisher\":{\"@id\":\"https:\\\/\\\/salonforall.es\\\/#organization\"},\"potentialAction\":[{\"@type\":\"SearchAction\",\"target\":{\"@type\":\"EntryPoint\",\"urlTemplate\":\"https:\\\/\\\/salonforall.es\\\/?s={search_term_string}\"},\"query-input\":{\"@type\":\"PropertyValueSpecification\",\"valueRequired\":true,\"valueName\":\"search_term_string\"}}],\"inLanguage\":\"ca\"},{\"@type\":\"Organization\",\"@id\":\"https:\\\/\\\/salonforall.es\\\/#organization\",\"name\":\"Salon For All B.V. Espa\u00f1a\",\"alternateName\":\"Salon For All B.V. Espa\u00f1a - Mayorista de equipamiento para consultas, salones y suministros\",\"url\":\"https:\\\/\\\/salonforall.es\\\/\",\"logo\":{\"@type\":\"ImageObject\",\"inLanguage\":\"ca\",\"@id\":\"https:\\\/\\\/salonforall.es\\\/#\\\/schema\\\/logo\\\/image\\\/\",\"url\":\"https:\\\/\\\/salonforall.es\\\/wp-content\\\/uploads\\\/2025\\\/11\\\/logo-salon-for-all-e1764543185849.png\",\"contentUrl\":\"https:\\\/\\\/salonforall.es\\\/wp-content\\\/uploads\\\/2025\\\/11\\\/logo-salon-for-all-e1764543185849.png\",\"width\":500,\"height\":150,\"caption\":\"Salon For All B.V. Espa\u00f1a\"},\"image\":{\"@id\":\"https:\\\/\\\/salonforall.es\\\/#\\\/schema\\\/logo\\\/image\\\/\"}}]}<\/script>\n<!-- \/ Yoast SEO plugin. -->","yoast_head_json":{"title":"Ampollas De Vitaminas Syis C\u00f3ctel 10 X 3 Ml comprar","description":"Compra Ampollas De Vitaminas Syis C\u00f3ctel 10 X 3 Ml online o en el showroom en Salon For ALL Espa\u00f1a. El mayorista para salones, consultas y spas en Espa\u00f1a y Portugal.","robots":{"index":"index","follow":"follow","max-snippet":"max-snippet:-1","max-image-preview":"max-image-preview:large","max-video-preview":"max-video-preview:-1"},"canonical":"https:\/\/salonforall.es\/ca\/ampollas-de-vitaminas-syis-coctel-10-x-3-ml\/","og_locale":"ca_ES","og_type":"article","og_title":"Ampollas De Vitaminas Syis C\u00f3ctel 10 X 3 Ml","og_description":"Compra Ampollas De Vitaminas Syis C\u00f3ctel 10 X 3 Ml online o en el showroom en Salon For ALL Espa\u00f1a. El mayorista para salones, consultas y spas en Espa\u00f1a y Portugal.","og_url":"https:\/\/salonforall.es\/ca\/ampollas-de-vitaminas-syis-coctel-10-x-3-ml\/","og_site_name":"Salon For ALL Espa\u00f1a","article_modified_time":"2026-03-24T17:02:06+00:00","og_image":[{"width":1200,"height":1200,"url":"https:\/\/salonforall.es\/wp-content\/uploads\/2025\/12\/Ampollas-De-Vitaminas-Syis-Coctel-10-X-3-Ml.jpg","type":"image\/jpeg"}],"twitter_card":"summary_large_image","twitter_title":"Ampollas De Vitaminas Syis C\u00f3ctel 10 X 3 Ml","twitter_misc":{"Temps estimat de lectura":"10 minuts"},"schema":{"@context":"https:\/\/schema.org","@graph":[{"@type":"WebPage","@id":"https:\/\/salonforall.es\/ampollas-de-vitaminas-syis-coctel-10-x-3-ml\/","url":"https:\/\/salonforall.es\/ampollas-de-vitaminas-syis-coctel-10-x-3-ml\/","name":"Ampollas De Vitaminas Syis C\u00f3ctel 10 X 3 Ml comprar","isPartOf":{"@id":"https:\/\/salonforall.es\/#website"},"primaryImageOfPage":{"@id":"https:\/\/salonforall.es\/ampollas-de-vitaminas-syis-coctel-10-x-3-ml\/#primaryimage"},"image":{"@id":"https:\/\/salonforall.es\/ampollas-de-vitaminas-syis-coctel-10-x-3-ml\/#primaryimage"},"thumbnailUrl":"https:\/\/salonforall.es\/wp-content\/uploads\/2025\/12\/Ampollas-De-Vitaminas-Syis-Coctel-10-X-3-Ml.jpg","datePublished":"2025-12-02T10:50:13+00:00","dateModified":"2026-03-24T17:02:06+00:00","description":"Compra Ampollas De Vitaminas Syis C\u00f3ctel 10 X 3 Ml online o en el showroom en Salon For ALL Espa\u00f1a. El mayorista para salones, consultas y spas en Espa\u00f1a y Portugal.","breadcrumb":{"@id":"https:\/\/salonforall.es\/ampollas-de-vitaminas-syis-coctel-10-x-3-ml\/#breadcrumb"},"inLanguage":"ca","potentialAction":[{"@type":"ReadAction","target":["https:\/\/salonforall.es\/ampollas-de-vitaminas-syis-coctel-10-x-3-ml\/"]}]},{"@type":"ImageObject","inLanguage":"ca","@id":"https:\/\/salonforall.es\/ampollas-de-vitaminas-syis-coctel-10-x-3-ml\/#primaryimage","url":"https:\/\/salonforall.es\/wp-content\/uploads\/2025\/12\/Ampollas-De-Vitaminas-Syis-Coctel-10-X-3-Ml.jpg","contentUrl":"https:\/\/salonforall.es\/wp-content\/uploads\/2025\/12\/Ampollas-De-Vitaminas-Syis-Coctel-10-X-3-Ml.jpg","width":1200,"height":1200,"caption":"Ampollas De Vitaminas Syis C\u00f3ctel 10 X 3 Ml"},{"@type":"BreadcrumbList","@id":"https:\/\/salonforall.es\/ampollas-de-vitaminas-syis-coctel-10-x-3-ml\/#breadcrumb","itemListElement":[{"@type":"ListItem","position":1,"name":"Home","item":"https:\/\/salonforall.es\/"},{"@type":"ListItem","position":2,"name":"Winkel","item":"https:\/\/salonforall.es\/winkel\/"},{"@type":"ListItem","position":3,"name":"Ampollas De Vitaminas Syis C\u00f3ctel 10 X 3 Ml"}]},{"@type":"WebSite","@id":"https:\/\/salonforall.es\/#website","url":"https:\/\/salonforall.es\/","name":"Salon For ALL Espanya","description":"Majorista de mobiliari i subministraments per a consultoris i salons","publisher":{"@id":"https:\/\/salonforall.es\/#organization"},"potentialAction":[{"@type":"SearchAction","target":{"@type":"EntryPoint","urlTemplate":"https:\/\/salonforall.es\/?s={search_term_string}"},"query-input":{"@type":"PropertyValueSpecification","valueRequired":true,"valueName":"search_term_string"}}],"inLanguage":"ca"},{"@type":"Organization","@id":"https:\/\/salonforall.es\/#organization","name":"Salon For All BV Espanya","alternateName":"Salon For All B.V. Espa\u00f1a - Mayorista de equipamiento para consultas, salones y suministros","url":"https:\/\/salonforall.es\/","logo":{"@type":"ImageObject","inLanguage":"ca","@id":"https:\/\/salonforall.es\/#\/schema\/logo\/image\/","url":"https:\/\/salonforall.es\/wp-content\/uploads\/2025\/11\/logo-salon-for-all-e1764543185849.png","contentUrl":"https:\/\/salonforall.es\/wp-content\/uploads\/2025\/11\/logo-salon-for-all-e1764543185849.png","width":500,"height":150,"caption":"Salon For All B.V. Espa\u00f1a"},"image":{"@id":"https:\/\/salonforall.es\/#\/schema\/logo\/image\/"}}]}},"_links":{"self":[{"href":"https:\/\/salonforall.es\/ca\/wp-json\/wp\/v2\/product\/2680","targetHints":{"allow":["GET"]}}],"collection":[{"href":"https:\/\/salonforall.es\/ca\/wp-json\/wp\/v2\/product"}],"about":[{"href":"https:\/\/salonforall.es\/ca\/wp-json\/wp\/v2\/types\/product"}],"replies":[{"embeddable":true,"href":"https:\/\/salonforall.es\/ca\/wp-json\/wp\/v2\/comments?post=2680"}],"wp:featuredmedia":[{"embeddable":true,"href":"https:\/\/salonforall.es\/ca\/wp-json\/wp\/v2\/media\/2681"}],"wp:attachment":[{"href":"https:\/\/salonforall.es\/ca\/wp-json\/wp\/v2\/media?parent=2680"}],"wp:term":[{"taxonomy":"product_brand","embeddable":true,"href":"https:\/\/salonforall.es\/ca\/wp-json\/wp\/v2\/product_brand?post=2680"},{"taxonomy":"product_cat","embeddable":true,"href":"https:\/\/salonforall.es\/ca\/wp-json\/wp\/v2\/product_cat?post=2680"},{"taxonomy":"product_tag","embeddable":true,"href":"https:\/\/salonforall.es\/ca\/wp-json\/wp\/v2\/product_tag?post=2680"}],"curies":[{"name":"wp","href":"https:\/\/api.w.org\/{rel}","templated":true}]}}