{"id":19210,"date":"2025-12-02T15:14:34","date_gmt":"2025-12-02T14:14:34","guid":{"rendered":"https:\/\/salonforall.es\/product\/cortapelos-inalambrico-codos-chc-318-barber-master\/"},"modified":"2026-03-24T17:37:34","modified_gmt":"2026-03-24T16:37:34","slug":"cortapelos-inalambrico-codos-chc-318-barber-master","status":"publish","type":"product","link":"https:\/\/salonforall.es\/ca\/cortapelos-inalambrico-codos-chc-318-barber-master\/","title":{"rendered":"Talla p\u00e8ls Sense fil Colzes Chc-318 Barber Master"},"content":{"rendered":"<h2>Informaci\u00f3n sobre Cortapelos Inal\u00e1mbrico Codos Chc-318 Barber Master con n\u00famero de art\u00edculo 148135<\/h2>\n<p><img decoding=\"async\" src=\"https:\/\/activeshop.com.pl\/media\/wysiwyg\/product\/148135\/EN_148135_1.jpg\"><\/p>\n<p>La marca <strong>Codos<\/strong> ofrece pr\u00e1cticos cortapelos, cuchillas y accesorios. Se centra en modelos inal\u00e1mbricos, elegantes y pr\u00e1cticos, que garantizan una gran libertad y facilidad de uso.<\/p>\n<p><img decoding=\"async\" src=\"https:\/\/activeshop.com.pl\/media\/wysiwyg\/product\/148135\/EN_148135_2.jpg\"><\/p>\n<h2>Cortapelos pr\u00e1ctico<\/h2>\n<p><strong>El cortapelos inal\u00e1mbrico Codos CHC-318 BARBER MASTER<\/strong> garantiza comodidad de trabajo y facilita la consecuci\u00f3n de un peinado perfecto. Gracias a su <strong>f\u00e1cil manejo y dise\u00f1o ergon\u00f3mico<\/strong>, el dispositivo es adecuado tanto para peluquer\u00edas profesionales como para uso dom\u00e9stico. <strong>Garantiza la comodidad de trabajo<\/strong> y facilita la creaci\u00f3n de peinados perfectos.<\/p>\n<p><img decoding=\"async\" src=\"https:\/\/activeshop.com.pl\/media\/wysiwyg\/product\/148135\/EN_148135_3.jpg\"><\/p>\n<h2>Funcionalidades para un uso sencillo<\/h2>\n<p>El cortapelos ha sido dise\u00f1ado para la m\u00e1xima comodidad del usuario. La cuchilla fija met\u00e1lica recubierta de titanio se distingue por su excepcional durabilidad y precisi\u00f3n, a la vez que minimiza el riesgo de irritaci\u00f3n de la piel. El dispositivo permite un ajuste suave de la velocidad de la cuchilla en dos niveles: 6000 rpm y 7000 rpm, mediante un control deslizante ergon\u00f3mico al alcance del pulgar, que permite cambiar el modo de funcionamiento de forma intuitiva. La pantalla integrada informa sobre el nivel de carga de la bater\u00eda y la velocidad seleccionada, lo que proporciona un control total del dispositivo y te recuerda que debes cargarlo en el momento adecuado. Comodidad de trabajo sin cables limitados. La eficiente bater\u00eda de iones de litio de 1600 mAh ofrece hasta 3 horas de uso ininterrumpido, lo que garantiza libertad de movimiento y comodidad de trabajo. El dise\u00f1o inal\u00e1mbrico elimina los enredos de cables, lo que facilita enormemente el peinado. Adem\u00e1s, el dispositivo est\u00e1 equipado con una funci\u00f3n de protecci\u00f3n contra sobrecargas, lo que aumenta la seguridad y la durabilidad de la bater\u00eda.<\/p>\n<p><img decoding=\"async\" src=\"https:\/\/activeshop.com.pl\/media\/wysiwyg\/product\/148135\/EN_148135_5.jpg\"><\/p>\n<h2>Dise\u00f1o elegante de la cortadora de pelo<\/h2>\n<p><strong>La cortadora, con su forma moderna y ergon\u00f3mica<\/strong>, est\u00e1 hecha de pl\u00e1stico mate en tonos titanio. Esto <strong>garantiza la durabilidad del equipo y facilita su limpieza<\/strong>. El panel elegante y pulido aporta elegancia al dispositivo, y la pr\u00e1ctica ubicaci\u00f3n del control deslizante debajo del pulgar <strong>hace que su manejo sea excepcionalmente c\u00f3modo<\/strong>. Adem\u00e1s, la carcasa perfilada no solo realza la est\u00e9tica, sino que tambi\u00e9n evita que el dispositivo se resbale en la mano, lo que permite una <strong>mayor precisi\u00f3n de corte<\/strong>.<\/p>\n<p><img decoding=\"async\" src=\"https:\/\/activeshop.com.pl\/media\/wysiwyg\/product\/148135\/EN_148135_6.jpg\"><\/p>\n<p><strong>Inclou:<\/strong> recortadora, cargador, cepillo de limpieza, botella de aceite de mantenimiento.<\/p>\n<p><strong>Dades:<\/strong><br \/>Color: tonos de titanio<br \/>Ancho de la cuchilla: 4 cm<br \/>Tiempo de carga completa: 2 h<br \/>Tiempo de funcionamiento despu\u00e9s de la carga completa: 3 h<br \/>Potencia: 7 W<br \/>Voltaje: 100-240 V<br \/>Bater\u00eda: iones de litio<br \/>Capacidad de la bater\u00eda: 1600 mAh<\/p>\n<div class=\"video-container\"> <iframe height=\"315\" src=\"https:\/\/www.youtube.com\/embed\/eiQ9g0dsCQo\" frameborder=\"0\" width=\"560\" allowfullscreen allow=\"aceler\u00f3metro; reproducci\u00f3n autom\u00e1tica; multimedia encriptada; giroscopio; imagen en imagen\"> <\/iframe> <\/div>\n<p>Los productos Activeshop son proporcionalmente m\u00e1s econ\u00f3micos que muchas otras marcas\/proveedores. El precio est\u00e1 en relaci\u00f3n con la calidad. Cortapelos Inal\u00e1mbrico Codos Chc-318 Barber Master es por lo tanto una soluci\u00f3n accesible para su sal\u00f3n.<\/p>\n<h2>\u00bfC\u00f3mo se entrega Cortapelos Inal\u00e1mbrico Codos Chc-318 Barber Master?<\/h2>\n<p>Cortapelos Inal\u00e1mbrico Codos Chc-318 Barber Master se entrega en embalaje(s) original(es). Dentro de Espa\u00f1a el env\u00edo de Cortapelos Inal\u00e1mbrico Codos Chc-318 Barber Master es completamente gratuito para pedidos a partir de 100,- euros. Para env\u00edos a otros pa\u00edses se aplican tarifas de env\u00edo separadas. Puede consultar estas tarifas con nosotros o verlas en el carrito de compra. Cortapelos Inal\u00e1mbrico Codos Chc-318 Barber Master se env\u00eda a trav\u00e9s de un servicio de mensajer\u00eda externo.<\/p>\n<p>Els paquets o palets es lliuren de forma est\u00e0ndard fins al llindar de la porta principal, fins i tot si est\u00e0 ubicat en un edifici col\u00b7lectiu, edifici d&#039;apartaments o complex d&#039;apartaments amb ascensor (sempre que l&#039;article c\u00e0piga a l&#039;ascensor). No hi ha ascensor disponible o l&#039;article no hi cap a l&#039;ascensor? Aleshores lliurem fins al llindar de la planta baixa.<\/p>\n<p>Encara teniu preguntes sobre el lliurament o una situaci\u00f3 especial? Contacti&#039;ns i estarem encantats d&#039;ajudar-lo!<\/p>\n<p>*Els articles no es desembalen ni munten de forma est\u00e0ndard. En situacions especials ens pot contactar per fer acords sobre aix\u00f2.<\/p>\n<h2>Compra en l\u00ednia segura a Salon For All amb el segell de qualitat Webwinkelkeur i xifrat SSL<\/h2>\n<p>Es importante para nosotros que nuestros clientes puedan comprar de forma segura en nuestra tienda online. Estamos afiliados al sello de calidad nacional Webwinkelkeur desde 2019. Nuestra identidad ha sido verificada y comprobada por ellos, y la tienda online ha sido revisada y aprobada legalmente. Adem\u00e1s, nuestra tienda online est\u00e1 afiliada a ellos para la mediaci\u00f3n de conflictos. Puede ver la insignia con toda la informaci\u00f3n de este sello de calidad de tienda online en el lado izquierdo o derecho de la tienda online (bot\u00f3n rosa con blanco). Adem\u00e1s, nuestro sitio est\u00e1 protegido con un certificado SSL para que pueda navegar de forma segura con nosotros. En la barra de su navegador de Internet, donde aparece nuestro sitio web, ver\u00e1 un icono de candado. Si hace clic en el candado, obtendr\u00e1 toda la informaci\u00f3n sobre nuestra seguridad. De esta manera sabe que su pedido de Cortapelos Inal\u00e1mbrico Codos Chc-318 Barber Master y sus datos personales se procesan de forma segura.<\/p>\n<h2>\u00bfC\u00f3mo puedo pagar Cortapelos Inal\u00e1mbrico Codos Chc-318 Barber Master?<\/h2>\n<p>Volem fer-ho el m\u00e9s f\u00e0cil possible. Per aix\u00f2 a Salon For All podeu pagar amb tots els m\u00e8todes de pagament coneguts i habituals. Pagar per avan\u00e7at, al lliurament oa posteriori; tot \u00e9s possible. Vegeu aqu\u00ed tots els m\u00e8todes de pagament que oferim:<\/p>\n<ul>\n<li>iDEAL<\/li>\n<li>Targeta de cr\u00e8dit (Visa, Mastercard, American Express)<\/li>\n<li>Klarna \u2013 Pagament a posteriori amb factura<\/li>\n<li>PayPal<\/li>\n<li>Apple Pay<\/li>\n<li>Google Pay<\/li>\n<li>Bizum (per a clients espanyols)<\/li>\n<li>Transfer\u00e8ncia banc\u00e0ria SEPA<\/li>\n<li>Bancontact<\/li>\n<li>Factura comercial per a empreses<\/li>\n<li>Pagament al showroom \u2013 Tant targeta com efectiu (Nom\u00e9s disponible en recollida)<\/li>\n<\/ul>\n<h2>Consulteu tamb\u00e9 les ressenyes de Salon For All<\/h2>\n<p>Consulte tambi\u00e9n nuestras rese\u00f1as para tener en cuenta las experiencias de nuestros clientes actuales en su decisi\u00f3n de pedir Cortapelos Inal\u00e1mbrico Codos Chc-318 Barber Master con nosotros. A trav\u00e9s de nuestro sello de calidad independiente de tienda online Webwinkelkeur, se recopilan autom\u00e1ticamente rese\u00f1as verificadas de clientes que han completado un pedido con nosotros. Puede encontrarlas detr\u00e1s del bot\u00f3n rosa en nuestra tienda online o aparecen listadas debajo de los productos.<\/p>\n<p>\u00a1Comparta tambi\u00e9n su experiencia despu\u00e9s de su compra con su Cortapelos Inal\u00e1mbrico Codos Chc-318 Barber Master pedido y su experiencia con el proceso de compra o el contacto con Salon For All para inspirar a otros!<\/p>\n<h2>Contacte amb Salon For All<\/h2>\n<p>Cont\u00e1ctenos entonces. Estaremos encantados de ayudarle con la adquisici\u00f3n de Cortapelos Inal\u00e1mbrico Codos Chc-318 Barber Master. En d\u00edas laborables estamos mejor disponibles entre las 8.30 y las 17.00 horas a trav\u00e9s del n\u00famero de tel\u00e9fono y direcci\u00f3n de correo electr\u00f3nico en la parte superior de la tienda online o a trav\u00e9s de la funci\u00f3n de chat. Las consultas fuera del horario de oficina suelen responderse en un plazo de 24 horas. Tambi\u00e9n es posible visitarnos fuera de los d\u00edas laborables u horario de oficina. Pero para ello es necesario concertar una cita previa.<\/p>\n<h2>Voleu visitar el nostre showroom?<\/h2>\n<p>\u00bfPrefiere ver Cortapelos Inal\u00e1mbrico Codos Chc-318 Barber Master o recorrer nuestra oferta de la tienda (online) junto con nuestro colega? Entonces visite nuestro showroom con m\u00e1s de 1000m\u00b2 de equipamiento para salones y d\u00e9jese inspirar por nuestros empleados. Tambi\u00e9n si le gusta conocernos de manera agradable disfrutando de una buena taza de caf\u00e9 o t\u00e9, es muy bienvenido. No tenemos todos los productos en stock, as\u00ed que h\u00e1ganos saber de antemano que desea venir. Concierte siempre una cita previa.<\/p>\n<h2>14 dies de reflexi\u00f3 i la nostra pol\u00edtica de devolucions<\/h2>\n<p>Por supuesto puede ocurrir que Cortapelos Inal\u00e1mbrico Codos Chc-318 Barber Master entregado no sea completamente de su agrado y desee devolverlo. Eso no es ning\u00fan problema en Salon For All. Debe notificar su devoluci\u00f3n dentro de 14 d\u00edas laborables a trav\u00e9s de info@salonforall.es. Entonces recibir\u00e1 primero todas las instrucciones y condiciones de devoluci\u00f3n. Tenga en cuenta que Cortapelos Inal\u00e1mbrico Codos Chc-318 Barber Master no debe haber sido usado, debe contener todas las partes suministradas y debe devolverse empaquetado en el embalaje original. Los costos de env\u00edo de una devoluci\u00f3n son siempre a cargo del comprador en compras a trav\u00e9s de www.salonforall.es. Debe organizar usted mismo un transporte con una empresa de transporte de su elecci\u00f3n para una devoluci\u00f3n. Una vez que Cortapelos Inal\u00e1mbrico Codos Chc-318 Barber Master haya sido devuelto, se verificar\u00e1 su integridad y posibles da\u00f1os. Una vez que la devoluci\u00f3n haya sido aprobada, el importe de la compra se reembolsar\u00e1 dentro de 5 d\u00edas laborables a la cuenta bancaria que tenemos registrada.<\/p>\n<h2>Qui \u00e9s Salon For All?<\/h2>\n<p>Salon For All \u00e9s EL majorista per a tot equipament de salons a Europa. Salon For All va comen\u00e7ar el 2003 sota el nom Salonvoordeel i va sorgir de la pr\u00e0ctica. Els propietaris de Salon For All eren perruquers i especialistes en bellesa experimentats i tenen plegats m\u00e9s de 30 anys d&#039;experi\u00e8ncia pr\u00e0ctica. El 2003 vam llan\u00e7ar Salonvoordeel.nl (Pa\u00efsos Baixos) i posteriorment es va fundar Salon For All per al mercat europeu. Alguns dels nostres empleats van iniciar el seu propi negoci i aix\u00ed va sorgir la idea de llan\u00e7ar una botiga online funcional per a perruquers i ajudar-los amb l&#039;equipament del sal\u00f3.<\/p>\n<p>Nuestro showroom se encuentra en Dinxperlo, directamente en la frontera entre los Pa\u00edses Bajos y Alemania. Con nuestra amplia experiencia en el sector podemos servirle de espejo y proporcionarle el asesoramiento adecuado. \u00a1Hablamos el mismo idioma! Le asesoramos, inspiramos, motivamos y ayudamos en la adquisici\u00f3n de Cortapelos Inal\u00e1mbrico Codos Chc-318 Barber Master. Nuestros proveedores se encuentran en toda Europa, desde Alemania, Inglaterra, Italia hasta Polonia.<\/p>","protected":false},"excerpt":{"rendered":"<p>El producte Tallacabells Sense fil Colzes Chc-318 Barber Master \u00e9s una soluci\u00f3 d&#039;alta qualitat per a qualsevol sal\u00f3. El termini de lliurament estimat \u00e9s de 6 dies laborables aproximadament.<\/p>","protected":false},"featured_media":19211,"comment_status":"open","ping_status":"open","template":"","meta":[],"product_brand":[1595],"product_cat":[96,1596],"product_tag":[100,1597],"class_list":{"0":"post-19210","1":"product","2":"type-product","3":"status-publish","4":"has-post-thumbnail","6":"product_brand-codos","7":"product_cat-equipamiento-de-peluqueria","8":"product_cat-maquinillas-cortapelos","9":"product_tag-equipamiento-de-peluqueria","10":"product_tag-maquinillas-cortapelos","11":"pa_codigo-ean-7774","12":"pa_garantia-12-meses","13":"pa_marca-codos","14":"pa_numero-de-articulo-7015","15":"pa_tiempo-estimado-de-entrega-4-5-dias-laborables","17":"first","18":"instock","19":"sale","20":"taxable","21":"shipping-taxable","22":"purchasable","23":"product-type-simple"},"yoast_head":"<!-- This site is optimized with the Yoast SEO plugin v27.6 - https:\/\/yoast.com\/product\/yoast-seo-wordpress\/ -->\n<title>Cortapelos Inal\u00e1mbrico Codos Chc-318 Barber Master comprar<\/title>\n<meta name=\"description\" content=\"Compra Cortapelos Inal\u00e1mbrico Codos Chc-318 Barber Master online o en el showroom en Salon For ALL Espa\u00f1a. El mayorista para salones, consultas y spas en Espa\u00f1a y Portugal.\" \/>\n<meta name=\"robots\" content=\"index, follow, max-snippet:-1, max-image-preview:large, max-video-preview:-1\" \/>\n<link rel=\"canonical\" href=\"https:\/\/salonforall.es\/ca\/cortapelos-inalambrico-codos-chc-318-barber-master\/\" \/>\n<meta property=\"og:locale\" content=\"ca_ES\" \/>\n<meta property=\"og:type\" content=\"article\" \/>\n<meta property=\"og:title\" content=\"Cortapelos Inal\u00e1mbrico Codos Chc-318 Barber Master\" \/>\n<meta property=\"og:description\" content=\"Compra Cortapelos Inal\u00e1mbrico Codos Chc-318 Barber Master online o en el showroom en Salon For ALL Espa\u00f1a. El mayorista para salones, consultas y spas en Espa\u00f1a y Portugal.\" \/>\n<meta property=\"og:url\" content=\"https:\/\/salonforall.es\/ca\/cortapelos-inalambrico-codos-chc-318-barber-master\/\" \/>\n<meta property=\"og:site_name\" content=\"Salon For ALL Espa\u00f1a\" \/>\n<meta property=\"article:modified_time\" content=\"2026-03-24T16:37:34+00:00\" \/>\n<meta property=\"og:image\" content=\"https:\/\/salonforall.es\/wp-content\/uploads\/2025\/12\/Cortapelos-Inalambrico-Codos-Chc-318-Barber-Master.jpg\" \/>\n\t<meta property=\"og:image:width\" content=\"1200\" \/>\n\t<meta property=\"og:image:height\" content=\"1200\" \/>\n\t<meta property=\"og:image:type\" content=\"image\/jpeg\" \/>\n<meta name=\"twitter:card\" content=\"summary_large_image\" \/>\n<meta name=\"twitter:title\" content=\"Cortapelos Inal\u00e1mbrico Codos Chc-318 Barber Master\" \/>\n<meta name=\"twitter:label1\" content=\"Temps estimat de lectura\" \/>\n\t<meta name=\"twitter:data1\" content=\"8 minuts\" \/>\n<script type=\"application\/ld+json\" class=\"yoast-schema-graph\">{\"@context\":\"https:\\\/\\\/schema.org\",\"@graph\":[{\"@type\":\"WebPage\",\"@id\":\"https:\\\/\\\/salonforall.es\\\/cortapelos-inalambrico-codos-chc-318-barber-master\\\/\",\"url\":\"https:\\\/\\\/salonforall.es\\\/cortapelos-inalambrico-codos-chc-318-barber-master\\\/\",\"name\":\"Cortapelos Inal\u00e1mbrico Codos Chc-318 Barber Master comprar\",\"isPartOf\":{\"@id\":\"https:\\\/\\\/salonforall.es\\\/#website\"},\"primaryImageOfPage\":{\"@id\":\"https:\\\/\\\/salonforall.es\\\/cortapelos-inalambrico-codos-chc-318-barber-master\\\/#primaryimage\"},\"image\":{\"@id\":\"https:\\\/\\\/salonforall.es\\\/cortapelos-inalambrico-codos-chc-318-barber-master\\\/#primaryimage\"},\"thumbnailUrl\":\"https:\\\/\\\/salonforall.es\\\/wp-content\\\/uploads\\\/2025\\\/12\\\/Cortapelos-Inalambrico-Codos-Chc-318-Barber-Master.jpg\",\"datePublished\":\"2025-12-02T14:14:34+00:00\",\"dateModified\":\"2026-03-24T16:37:34+00:00\",\"description\":\"Compra Cortapelos Inal\u00e1mbrico Codos Chc-318 Barber Master online o en el showroom en Salon For ALL Espa\u00f1a. El mayorista para salones, consultas y spas en Espa\u00f1a y Portugal.\",\"breadcrumb\":{\"@id\":\"https:\\\/\\\/salonforall.es\\\/cortapelos-inalambrico-codos-chc-318-barber-master\\\/#breadcrumb\"},\"inLanguage\":\"ca\",\"potentialAction\":[{\"@type\":\"ReadAction\",\"target\":[\"https:\\\/\\\/salonforall.es\\\/cortapelos-inalambrico-codos-chc-318-barber-master\\\/\"]}]},{\"@type\":\"ImageObject\",\"inLanguage\":\"ca\",\"@id\":\"https:\\\/\\\/salonforall.es\\\/cortapelos-inalambrico-codos-chc-318-barber-master\\\/#primaryimage\",\"url\":\"https:\\\/\\\/salonforall.es\\\/wp-content\\\/uploads\\\/2025\\\/12\\\/Cortapelos-Inalambrico-Codos-Chc-318-Barber-Master.jpg\",\"contentUrl\":\"https:\\\/\\\/salonforall.es\\\/wp-content\\\/uploads\\\/2025\\\/12\\\/Cortapelos-Inalambrico-Codos-Chc-318-Barber-Master.jpg\",\"width\":1200,\"height\":1200,\"caption\":\"Cortapelos Inal\u00e1mbrico Codos Chc-318 Barber Master\"},{\"@type\":\"BreadcrumbList\",\"@id\":\"https:\\\/\\\/salonforall.es\\\/cortapelos-inalambrico-codos-chc-318-barber-master\\\/#breadcrumb\",\"itemListElement\":[{\"@type\":\"ListItem\",\"position\":1,\"name\":\"Home\",\"item\":\"https:\\\/\\\/salonforall.es\\\/\"},{\"@type\":\"ListItem\",\"position\":2,\"name\":\"Winkel\",\"item\":\"https:\\\/\\\/salonforall.es\\\/winkel\\\/\"},{\"@type\":\"ListItem\",\"position\":3,\"name\":\"Cortapelos Inal\u00e1mbrico Codos Chc-318 Barber Master\"}]},{\"@type\":\"WebSite\",\"@id\":\"https:\\\/\\\/salonforall.es\\\/#website\",\"url\":\"https:\\\/\\\/salonforall.es\\\/\",\"name\":\"Salon For ALL Espa\u00f1a\",\"description\":\"Mayorista de mobiliario y suministros para consultorios y salones\",\"publisher\":{\"@id\":\"https:\\\/\\\/salonforall.es\\\/#organization\"},\"potentialAction\":[{\"@type\":\"SearchAction\",\"target\":{\"@type\":\"EntryPoint\",\"urlTemplate\":\"https:\\\/\\\/salonforall.es\\\/?s={search_term_string}\"},\"query-input\":{\"@type\":\"PropertyValueSpecification\",\"valueRequired\":true,\"valueName\":\"search_term_string\"}}],\"inLanguage\":\"ca\"},{\"@type\":\"Organization\",\"@id\":\"https:\\\/\\\/salonforall.es\\\/#organization\",\"name\":\"Salon For All B.V. Espa\u00f1a\",\"alternateName\":\"Salon For All B.V. Espa\u00f1a - Mayorista de equipamiento para consultas, salones y suministros\",\"url\":\"https:\\\/\\\/salonforall.es\\\/\",\"logo\":{\"@type\":\"ImageObject\",\"inLanguage\":\"ca\",\"@id\":\"https:\\\/\\\/salonforall.es\\\/#\\\/schema\\\/logo\\\/image\\\/\",\"url\":\"https:\\\/\\\/salonforall.es\\\/wp-content\\\/uploads\\\/2025\\\/11\\\/logo-salon-for-all-e1764543185849.png\",\"contentUrl\":\"https:\\\/\\\/salonforall.es\\\/wp-content\\\/uploads\\\/2025\\\/11\\\/logo-salon-for-all-e1764543185849.png\",\"width\":500,\"height\":150,\"caption\":\"Salon For All B.V. Espa\u00f1a\"},\"image\":{\"@id\":\"https:\\\/\\\/salonforall.es\\\/#\\\/schema\\\/logo\\\/image\\\/\"}}]}<\/script>\n<!-- \/ Yoast SEO plugin. -->","yoast_head_json":{"title":"Cortapelos Inal\u00e1mbrico Codos Chc-318 Barber Master comprar","description":"Compra Cortapelos Inal\u00e1mbrico Codos Chc-318 Barber Master online o en el showroom en Salon For ALL Espa\u00f1a. El mayorista para salones, consultas y spas en Espa\u00f1a y Portugal.","robots":{"index":"index","follow":"follow","max-snippet":"max-snippet:-1","max-image-preview":"max-image-preview:large","max-video-preview":"max-video-preview:-1"},"canonical":"https:\/\/salonforall.es\/ca\/cortapelos-inalambrico-codos-chc-318-barber-master\/","og_locale":"ca_ES","og_type":"article","og_title":"Cortapelos Inal\u00e1mbrico Codos Chc-318 Barber Master","og_description":"Compra Cortapelos Inal\u00e1mbrico Codos Chc-318 Barber Master online o en el showroom en Salon For ALL Espa\u00f1a. El mayorista para salones, consultas y spas en Espa\u00f1a y Portugal.","og_url":"https:\/\/salonforall.es\/ca\/cortapelos-inalambrico-codos-chc-318-barber-master\/","og_site_name":"Salon For ALL Espa\u00f1a","article_modified_time":"2026-03-24T16:37:34+00:00","og_image":[{"width":1200,"height":1200,"url":"https:\/\/salonforall.es\/wp-content\/uploads\/2025\/12\/Cortapelos-Inalambrico-Codos-Chc-318-Barber-Master.jpg","type":"image\/jpeg"}],"twitter_card":"summary_large_image","twitter_title":"Cortapelos Inal\u00e1mbrico Codos Chc-318 Barber Master","twitter_misc":{"Temps estimat de lectura":"8 minuts"},"schema":{"@context":"https:\/\/schema.org","@graph":[{"@type":"WebPage","@id":"https:\/\/salonforall.es\/cortapelos-inalambrico-codos-chc-318-barber-master\/","url":"https:\/\/salonforall.es\/cortapelos-inalambrico-codos-chc-318-barber-master\/","name":"Cortapelos Inal\u00e1mbrico Codos Chc-318 Barber Master comprar","isPartOf":{"@id":"https:\/\/salonforall.es\/#website"},"primaryImageOfPage":{"@id":"https:\/\/salonforall.es\/cortapelos-inalambrico-codos-chc-318-barber-master\/#primaryimage"},"image":{"@id":"https:\/\/salonforall.es\/cortapelos-inalambrico-codos-chc-318-barber-master\/#primaryimage"},"thumbnailUrl":"https:\/\/salonforall.es\/wp-content\/uploads\/2025\/12\/Cortapelos-Inalambrico-Codos-Chc-318-Barber-Master.jpg","datePublished":"2025-12-02T14:14:34+00:00","dateModified":"2026-03-24T16:37:34+00:00","description":"Compra Cortapelos Inal\u00e1mbrico Codos Chc-318 Barber Master online o en el showroom en Salon For ALL Espa\u00f1a. El mayorista para salones, consultas y spas en Espa\u00f1a y Portugal.","breadcrumb":{"@id":"https:\/\/salonforall.es\/cortapelos-inalambrico-codos-chc-318-barber-master\/#breadcrumb"},"inLanguage":"ca","potentialAction":[{"@type":"ReadAction","target":["https:\/\/salonforall.es\/cortapelos-inalambrico-codos-chc-318-barber-master\/"]}]},{"@type":"ImageObject","inLanguage":"ca","@id":"https:\/\/salonforall.es\/cortapelos-inalambrico-codos-chc-318-barber-master\/#primaryimage","url":"https:\/\/salonforall.es\/wp-content\/uploads\/2025\/12\/Cortapelos-Inalambrico-Codos-Chc-318-Barber-Master.jpg","contentUrl":"https:\/\/salonforall.es\/wp-content\/uploads\/2025\/12\/Cortapelos-Inalambrico-Codos-Chc-318-Barber-Master.jpg","width":1200,"height":1200,"caption":"Cortapelos Inal\u00e1mbrico Codos Chc-318 Barber Master"},{"@type":"BreadcrumbList","@id":"https:\/\/salonforall.es\/cortapelos-inalambrico-codos-chc-318-barber-master\/#breadcrumb","itemListElement":[{"@type":"ListItem","position":1,"name":"Home","item":"https:\/\/salonforall.es\/"},{"@type":"ListItem","position":2,"name":"Winkel","item":"https:\/\/salonforall.es\/winkel\/"},{"@type":"ListItem","position":3,"name":"Cortapelos Inal\u00e1mbrico Codos Chc-318 Barber Master"}]},{"@type":"WebSite","@id":"https:\/\/salonforall.es\/#website","url":"https:\/\/salonforall.es\/","name":"Salon For ALL Espanya","description":"Majorista de mobiliari i subministraments per a consultoris i salons","publisher":{"@id":"https:\/\/salonforall.es\/#organization"},"potentialAction":[{"@type":"SearchAction","target":{"@type":"EntryPoint","urlTemplate":"https:\/\/salonforall.es\/?s={search_term_string}"},"query-input":{"@type":"PropertyValueSpecification","valueRequired":true,"valueName":"search_term_string"}}],"inLanguage":"ca"},{"@type":"Organization","@id":"https:\/\/salonforall.es\/#organization","name":"Salon For All BV Espanya","alternateName":"Salon For All B.V. Espa\u00f1a - Mayorista de equipamiento para consultas, salones y suministros","url":"https:\/\/salonforall.es\/","logo":{"@type":"ImageObject","inLanguage":"ca","@id":"https:\/\/salonforall.es\/#\/schema\/logo\/image\/","url":"https:\/\/salonforall.es\/wp-content\/uploads\/2025\/11\/logo-salon-for-all-e1764543185849.png","contentUrl":"https:\/\/salonforall.es\/wp-content\/uploads\/2025\/11\/logo-salon-for-all-e1764543185849.png","width":500,"height":150,"caption":"Salon For All B.V. Espa\u00f1a"},"image":{"@id":"https:\/\/salonforall.es\/#\/schema\/logo\/image\/"}}]}},"_links":{"self":[{"href":"https:\/\/salonforall.es\/ca\/wp-json\/wp\/v2\/product\/19210","targetHints":{"allow":["GET"]}}],"collection":[{"href":"https:\/\/salonforall.es\/ca\/wp-json\/wp\/v2\/product"}],"about":[{"href":"https:\/\/salonforall.es\/ca\/wp-json\/wp\/v2\/types\/product"}],"replies":[{"embeddable":true,"href":"https:\/\/salonforall.es\/ca\/wp-json\/wp\/v2\/comments?post=19210"}],"wp:featuredmedia":[{"embeddable":true,"href":"https:\/\/salonforall.es\/ca\/wp-json\/wp\/v2\/media\/19211"}],"wp:attachment":[{"href":"https:\/\/salonforall.es\/ca\/wp-json\/wp\/v2\/media?parent=19210"}],"wp:term":[{"taxonomy":"product_brand","embeddable":true,"href":"https:\/\/salonforall.es\/ca\/wp-json\/wp\/v2\/product_brand?post=19210"},{"taxonomy":"product_cat","embeddable":true,"href":"https:\/\/salonforall.es\/ca\/wp-json\/wp\/v2\/product_cat?post=19210"},{"taxonomy":"product_tag","embeddable":true,"href":"https:\/\/salonforall.es\/ca\/wp-json\/wp\/v2\/product_tag?post=19210"}],"curies":[{"name":"wp","href":"https:\/\/api.w.org\/{rel}","templated":true}]}}