{"id":19011,"date":"2025-12-02T15:12:37","date_gmt":"2025-12-02T14:12:37","guid":{"rendered":"https:\/\/salonforall.es\/product\/pezuna-metalica-de-exportacion-nghia-p-13\/"},"modified":"2026-03-24T17:36:57","modified_gmt":"2026-03-24T16:36:57","slug":"pezuna-metalica-de-exportacion-nghia-p-13","status":"publish","type":"product","link":"https:\/\/salonforall.es\/ca\/pezuna-metalica-de-exportacion-nghia-p-13\/","title":{"rendered":"Pezu\u00f1a Met\u00e1lica De Exportaci\u00f3n Nghia P-13"},"content":{"rendered":"<h2>Informaci\u00f3n sobre Pezu\u00f1a Met\u00e1lica De Exportaci\u00f3n Nghia P-13 con n\u00famero de art\u00edculo 150242<\/h2>\n<p><strong>NGHIA<\/strong> ofereix productes d&#039;acer inoxidable, incloent-hi eines professionals de manicura, que milloren significativament la vida di\u00e0ria dels clients del sector de la bellesa. L&#039;objectiu de la marca \u00e9s satisfer efica\u00e7ment les necessitats dels consumidors i oferir productes de la m\u00e9s alta qualitat.<\/p>\n<p><img decoding=\"async\" src=\"https:\/\/activeshop.com.pl\/media\/wysiwyg\/product\/150242\/EN_150242_1.jpg\"><\/p>\n<h2>Eina pr\u00e0ctica per a ungles<\/h2>\n<p><strong>El casco multifuncional de doble cara NGHIA P-13<\/strong> es una herramienta excelente que demostrar\u00e1 su eficacia durante los tratamientos de manicura y pedicura. Entre las funciones m\u00e1s importantes de esta herramienta universal se encuentra <strong>retirar cut\u00edculas o eliminar residuos de u\u00f1as pintadas previamente<\/strong>.<\/p>\n<h2>\u00bfC\u00f3mo usar el ayudante para cut\u00edculas?<\/h2>\n<p>El pezu\u00f1a para cut\u00edculas tiene <strong>dues puntes funcionals<\/strong> con diferentes formas, que se pueden usar seg\u00fan sea necesario.<br \/>\u2013 <strong>La esp\u00e1tula redondeada<\/strong> es perfecta para retirar cut\u00edculas. Sus dimensiones tambi\u00e9n permiten llegar a las zonas m\u00e1s dif\u00edciles de alcanzar. La punta perfilada est\u00e1 pulida para retirar la cut\u00edcula eficazmente sin da\u00f1ar la placa ungueal.<br \/>\u2013 <strong>El palillo para pezu\u00f1a<\/strong>, por otro lado, retira perfectamente las cut\u00edculas de los laterales de la u\u00f1a. El buen perfil facilita un trabajo eficiente y preciso.<\/p>\n<p><img decoding=\"async\" src=\"https:\/\/activeshop.com.pl\/media\/wysiwyg\/product\/150242\/EN_150242_2.jpg\"><\/p>\n<h2>Funcionalitat i est\u00e8tica<\/h2>\n<p><strong>El ranurat a la superf\u00edcie del m\u00e0nec<\/strong> proporciona un agarre seguro y estable, evitando que la herramienta se resbale durante el trabajo de precisi\u00f3n. El dise\u00f1o est\u00e9tico de la pezu\u00f1a, con atenci\u00f3n al detalle, le da a la herramienta una apariencia profesional que se adapta perfectamente a los est\u00e1ndares de las cirug\u00edas modernas. La herramienta est\u00e1 fabricada en acero inoxidable de alta calidad, lo que la hace duradera, resistente a los da\u00f1os y f\u00e1cil de limpiar. <strong>Se puede esterilizar en autoclave<\/strong>, lo que lo convierte en una opci\u00f3n ideal para uso repetido en entornos profesionales.<\/p>\n<div class=\"video-container\"> <iframe height=\"315\" src=\"https:\/\/www.youtube.com\/embed\/19PYJQuh9M4\" frameborder=\"0\" width=\"560\" allowfullscreen allow=\"accelerometer; autoplay; encrypted-media; gyroscope; picture-in-picture\"> <\/iframe> <\/div>\n<p>Ancho de la cuchilla: 9 mm<br \/>Ancho del casco: 4 mm<br \/>Longitud total: 14,5 cm<\/p>\n<p>Los productos Activeshop son proporcionalmente m\u00e1s econ\u00f3micos que muchas otras marcas\/proveedores. El precio est\u00e1 en relaci\u00f3n con la calidad. Pezu\u00f1a Met\u00e1lica De Exportaci\u00f3n Nghia P-13 es por lo tanto una soluci\u00f3n accesible para su sal\u00f3n.<\/p>\n<h2>\u00bfC\u00f3mo se entrega Pezu\u00f1a Met\u00e1lica De Exportaci\u00f3n Nghia P-13?<\/h2>\n<p>Pezu\u00f1a Met\u00e1lica De Exportaci\u00f3n Nghia P-13 se entrega en embalaje(s) original(es). Dentro de Espa\u00f1a el env\u00edo de Pezu\u00f1a Met\u00e1lica De Exportaci\u00f3n Nghia P-13 es completamente gratuito para pedidos a partir de 100,- euros. Para env\u00edos a otros pa\u00edses se aplican tarifas de env\u00edo separadas. Puede consultar estas tarifas con nosotros o verlas en el carrito de compra. Pezu\u00f1a Met\u00e1lica De Exportaci\u00f3n Nghia P-13 se env\u00eda a trav\u00e9s de un servicio de mensajer\u00eda externo.<\/p>\n<p>Els paquets o palets es lliuren de forma est\u00e0ndard fins al llindar de la porta principal, fins i tot si est\u00e0 ubicat en un edifici col\u00b7lectiu, edifici d&#039;apartaments o complex d&#039;apartaments amb ascensor (sempre que l&#039;article c\u00e0piga a l&#039;ascensor). No hi ha ascensor disponible o l&#039;article no hi cap a l&#039;ascensor? Aleshores lliurem fins al llindar de la planta baixa.<\/p>\n<p>Encara teniu preguntes sobre el lliurament o una situaci\u00f3 especial? Contacti&#039;ns i estarem encantats d&#039;ajudar-lo!<\/p>\n<p>*Els articles no es desembalen ni munten de forma est\u00e0ndard. En situacions especials ens pot contactar per fer acords sobre aix\u00f2.<\/p>\n<h2>Compra en l\u00ednia segura a Salon For All amb el segell de qualitat Webwinkelkeur i xifrat SSL<\/h2>\n<p>Es importante para nosotros que nuestros clientes puedan comprar de forma segura en nuestra tienda online. Estamos afiliados al sello de calidad nacional Webwinkelkeur desde 2019. Nuestra identidad ha sido verificada y comprobada por ellos, y la tienda online ha sido revisada y aprobada legalmente. Adem\u00e1s, nuestra tienda online est\u00e1 afiliada a ellos para la mediaci\u00f3n de conflictos. Puede ver la insignia con toda la informaci\u00f3n de este sello de calidad de tienda online en el lado izquierdo o derecho de la tienda online (bot\u00f3n rosa con blanco). Adem\u00e1s, nuestro sitio est\u00e1 protegido con un certificado SSL para que pueda navegar de forma segura con nosotros. En la barra de su navegador de Internet, donde aparece nuestro sitio web, ver\u00e1 un icono de candado. Si hace clic en el candado, obtendr\u00e1 toda la informaci\u00f3n sobre nuestra seguridad. De esta manera sabe que su pedido de Pezu\u00f1a Met\u00e1lica De Exportaci\u00f3n Nghia P-13 y sus datos personales se procesan de forma segura.<\/p>\n<h2>\u00bfC\u00f3mo puedo pagar Pezu\u00f1a Met\u00e1lica De Exportaci\u00f3n Nghia P-13?<\/h2>\n<p>Volem fer-ho el m\u00e9s f\u00e0cil possible. Per aix\u00f2 a Salon For All podeu pagar amb tots els m\u00e8todes de pagament coneguts i habituals. Pagar per avan\u00e7at, al lliurament oa posteriori; tot \u00e9s possible. Vegeu aqu\u00ed tots els m\u00e8todes de pagament que oferim:<\/p>\n<ul>\n<li>iDEAL<\/li>\n<li>Targeta de cr\u00e8dit (Visa, Mastercard, American Express)<\/li>\n<li>Klarna \u2013 Pagament a posteriori amb factura<\/li>\n<li>PayPal<\/li>\n<li>Apple Pay<\/li>\n<li>Google Pay<\/li>\n<li>Bizum (per a clients espanyols)<\/li>\n<li>Transfer\u00e8ncia banc\u00e0ria SEPA<\/li>\n<li>Bancontact<\/li>\n<li>Factura comercial per a empreses<\/li>\n<li>Pagament al showroom \u2013 Tant targeta com efectiu (Nom\u00e9s disponible en recollida)<\/li>\n<\/ul>\n<h2>Consulteu tamb\u00e9 les ressenyes de Salon For All<\/h2>\n<p>Consulte tambi\u00e9n nuestras rese\u00f1as para tener en cuenta las experiencias de nuestros clientes actuales en su decisi\u00f3n de pedir Pezu\u00f1a Met\u00e1lica De Exportaci\u00f3n Nghia P-13 con nosotros. A trav\u00e9s de nuestro sello de calidad independiente de tienda online Webwinkelkeur, se recopilan autom\u00e1ticamente rese\u00f1as verificadas de clientes que han completado un pedido con nosotros. Puede encontrarlas detr\u00e1s del bot\u00f3n rosa en nuestra tienda online o aparecen listadas debajo de los productos.<\/p>\n<p>\u00a1Comparta tambi\u00e9n su experiencia despu\u00e9s de su compra con su Pezu\u00f1a Met\u00e1lica De Exportaci\u00f3n Nghia P-13 pedido y su experiencia con el proceso de compra o el contacto con Salon For All para inspirar a otros!<\/p>\n<h2>Contacte amb Salon For All<\/h2>\n<p>Cont\u00e1ctenos entonces. Estaremos encantados de ayudarle con la adquisici\u00f3n de Pezu\u00f1a Met\u00e1lica De Exportaci\u00f3n Nghia P-13. En d\u00edas laborables estamos mejor disponibles entre las 8.30 y las 17.00 horas a trav\u00e9s del n\u00famero de tel\u00e9fono y direcci\u00f3n de correo electr\u00f3nico en la parte superior de la tienda online o a trav\u00e9s de la funci\u00f3n de chat. Las consultas fuera del horario de oficina suelen responderse en un plazo de 24 horas. Tambi\u00e9n es posible visitarnos fuera de los d\u00edas laborables u horario de oficina. Pero para ello es necesario concertar una cita previa.<\/p>\n<h2>Voleu visitar el nostre showroom?<\/h2>\n<p>\u00bfPrefiere ver Pezu\u00f1a Met\u00e1lica De Exportaci\u00f3n Nghia P-13 o recorrer nuestra oferta de la tienda (online) junto con nuestro colega? Entonces visite nuestro showroom con m\u00e1s de 1000m\u00b2 de equipamiento para salones y d\u00e9jese inspirar por nuestros empleados. Tambi\u00e9n si le gusta conocernos de manera agradable disfrutando de una buena taza de caf\u00e9 o t\u00e9, es muy bienvenido. No tenemos todos los productos en stock, as\u00ed que h\u00e1ganos saber de antemano que desea venir. Concierte siempre una cita previa.<\/p>\n<h2>14 dies de reflexi\u00f3 i la nostra pol\u00edtica de devolucions<\/h2>\n<p>Por supuesto puede ocurrir que Pezu\u00f1a Met\u00e1lica De Exportaci\u00f3n Nghia P-13 entregado no sea completamente de su agrado y desee devolverlo. Eso no es ning\u00fan problema en Salon For All. Debe notificar su devoluci\u00f3n dentro de 14 d\u00edas laborables a trav\u00e9s de info@salonforall.es. Entonces recibir\u00e1 primero todas las instrucciones y condiciones de devoluci\u00f3n. Tenga en cuenta que Pezu\u00f1a Met\u00e1lica De Exportaci\u00f3n Nghia P-13 no debe haber sido usado, debe contener todas las partes suministradas y debe devolverse empaquetado en el embalaje original. Los costos de env\u00edo de una devoluci\u00f3n son siempre a cargo del comprador en compras a trav\u00e9s de www.salonforall.es. Debe organizar usted mismo un transporte con una empresa de transporte de su elecci\u00f3n para una devoluci\u00f3n. Una vez que Pezu\u00f1a Met\u00e1lica De Exportaci\u00f3n Nghia P-13 haya sido devuelto, se verificar\u00e1 su integridad y posibles da\u00f1os. Una vez que la devoluci\u00f3n haya sido aprobada, el importe de la compra se reembolsar\u00e1 dentro de 5 d\u00edas laborables a la cuenta bancaria que tenemos registrada.<\/p>\n<h2>Qui \u00e9s Salon For All?<\/h2>\n<p>Salon For All \u00e9s EL majorista per a tot equipament de salons a Europa. Salon For All va comen\u00e7ar el 2003 sota el nom Salonvoordeel i va sorgir de la pr\u00e0ctica. Els propietaris de Salon For All eren perruquers i especialistes en bellesa experimentats i tenen plegats m\u00e9s de 30 anys d&#039;experi\u00e8ncia pr\u00e0ctica. El 2003 vam llan\u00e7ar Salonvoordeel.nl (Pa\u00efsos Baixos) i posteriorment es va fundar Salon For All per al mercat europeu. Alguns dels nostres empleats van iniciar el seu propi negoci i aix\u00ed va sorgir la idea de llan\u00e7ar una botiga online funcional per a perruquers i ajudar-los amb l&#039;equipament del sal\u00f3.<\/p>\n<p>Nuestro showroom se encuentra en Dinxperlo, directamente en la frontera entre los Pa\u00edses Bajos y Alemania. Con nuestra amplia experiencia en el sector podemos servirle de espejo y proporcionarle el asesoramiento adecuado. \u00a1Hablamos el mismo idioma! Le asesoramos, inspiramos, motivamos y ayudamos en la adquisici\u00f3n de Pezu\u00f1a Met\u00e1lica De Exportaci\u00f3n Nghia P-13. Nuestros proveedores se encuentran en toda Europa, desde Alemania, Inglaterra, Italia hasta Polonia.<\/p>","protected":false},"excerpt":{"rendered":"<p>El producto Pezu\u00f1a Met\u00e1lica De Exportaci\u00f3n Nghia P-13 es una soluci\u00f3n de alta calidad para cualquier sal\u00f3n. El plazo de entrega estimado es de aproximadamente 6 d\u00edas laborables.<\/p>","protected":false},"featured_media":19012,"comment_status":"open","ping_status":"open","template":"","meta":[],"product_brand":[160],"product_cat":[162,163,161],"product_tag":[165,166,164],"class_list":{"0":"post-19011","1":"product","2":"type-product","3":"status-publish","4":"has-post-thumbnail","6":"product_brand-nghia","7":"product_cat-herramientas-y-accesorios","8":"product_cat-nghia","9":"product_cat-podologia","10":"product_tag-herramientas-y-accesorios","11":"product_tag-nghia","12":"product_tag-podologia","13":"pa_codigo-ean-7764","14":"pa_garantia-12-meses","15":"pa_marca-nghia","16":"pa_numero-de-articulo-6946","17":"pa_tiempo-estimado-de-entrega-4-5-dias-laborables","19":"first","20":"instock","21":"sale","22":"taxable","23":"shipping-taxable","24":"purchasable","25":"product-type-simple"},"yoast_head":"<!-- This site is optimized with the Yoast SEO plugin v27.6 - https:\/\/yoast.com\/product\/yoast-seo-wordpress\/ -->\n<title>Pezu\u00f1a Met\u00e1lica De Exportaci\u00f3n Nghia P-13 comprar<\/title>\n<meta name=\"description\" content=\"Compra Pezu\u00f1a Met\u00e1lica De Exportaci\u00f3n Nghia P-13 online o en el showroom en Salon For ALL Espa\u00f1a. El mayorista para salones, consultas y spas en Espa\u00f1a y Portugal.\" \/>\n<meta name=\"robots\" content=\"index, follow, max-snippet:-1, max-image-preview:large, max-video-preview:-1\" \/>\n<link rel=\"canonical\" href=\"https:\/\/salonforall.es\/ca\/pezuna-metalica-de-exportacion-nghia-p-13\/\" \/>\n<meta property=\"og:locale\" content=\"ca_ES\" \/>\n<meta property=\"og:type\" content=\"article\" \/>\n<meta property=\"og:title\" content=\"Pezu\u00f1a Met\u00e1lica De Exportaci\u00f3n Nghia P-13\" \/>\n<meta property=\"og:description\" content=\"Compra Pezu\u00f1a Met\u00e1lica De Exportaci\u00f3n Nghia P-13 online o en el showroom en Salon For ALL Espa\u00f1a. El mayorista para salones, consultas y spas en Espa\u00f1a y Portugal.\" \/>\n<meta property=\"og:url\" content=\"https:\/\/salonforall.es\/ca\/pezuna-metalica-de-exportacion-nghia-p-13\/\" \/>\n<meta property=\"og:site_name\" content=\"Salon For ALL Espa\u00f1a\" \/>\n<meta property=\"article:modified_time\" content=\"2026-03-24T16:36:57+00:00\" \/>\n<meta property=\"og:image\" content=\"https:\/\/salonforall.es\/wp-content\/uploads\/2025\/12\/Pezuna-Metalica-De-Exportacion-Nghia-P-13.jpg\" \/>\n\t<meta property=\"og:image:width\" content=\"1200\" \/>\n\t<meta property=\"og:image:height\" content=\"1200\" \/>\n\t<meta property=\"og:image:type\" content=\"image\/jpeg\" \/>\n<meta name=\"twitter:card\" content=\"summary_large_image\" \/>\n<meta name=\"twitter:title\" content=\"Pezu\u00f1a Met\u00e1lica De Exportaci\u00f3n Nghia P-13\" \/>\n<meta name=\"twitter:label1\" content=\"Temps estimat de lectura\" \/>\n\t<meta name=\"twitter:data1\" content=\"8 minuts\" \/>\n<script type=\"application\/ld+json\" class=\"yoast-schema-graph\">{\"@context\":\"https:\\\/\\\/schema.org\",\"@graph\":[{\"@type\":\"WebPage\",\"@id\":\"https:\\\/\\\/salonforall.es\\\/pezuna-metalica-de-exportacion-nghia-p-13\\\/\",\"url\":\"https:\\\/\\\/salonforall.es\\\/pezuna-metalica-de-exportacion-nghia-p-13\\\/\",\"name\":\"Pezu\u00f1a Met\u00e1lica De Exportaci\u00f3n Nghia P-13 comprar\",\"isPartOf\":{\"@id\":\"https:\\\/\\\/salonforall.es\\\/#website\"},\"primaryImageOfPage\":{\"@id\":\"https:\\\/\\\/salonforall.es\\\/pezuna-metalica-de-exportacion-nghia-p-13\\\/#primaryimage\"},\"image\":{\"@id\":\"https:\\\/\\\/salonforall.es\\\/pezuna-metalica-de-exportacion-nghia-p-13\\\/#primaryimage\"},\"thumbnailUrl\":\"https:\\\/\\\/salonforall.es\\\/wp-content\\\/uploads\\\/2025\\\/12\\\/Pezuna-Metalica-De-Exportacion-Nghia-P-13.jpg\",\"datePublished\":\"2025-12-02T14:12:37+00:00\",\"dateModified\":\"2026-03-24T16:36:57+00:00\",\"description\":\"Compra Pezu\u00f1a Met\u00e1lica De Exportaci\u00f3n Nghia P-13 online o en el showroom en Salon For ALL Espa\u00f1a. El mayorista para salones, consultas y spas en Espa\u00f1a y Portugal.\",\"breadcrumb\":{\"@id\":\"https:\\\/\\\/salonforall.es\\\/pezuna-metalica-de-exportacion-nghia-p-13\\\/#breadcrumb\"},\"inLanguage\":\"ca\",\"potentialAction\":[{\"@type\":\"ReadAction\",\"target\":[\"https:\\\/\\\/salonforall.es\\\/pezuna-metalica-de-exportacion-nghia-p-13\\\/\"]}]},{\"@type\":\"ImageObject\",\"inLanguage\":\"ca\",\"@id\":\"https:\\\/\\\/salonforall.es\\\/pezuna-metalica-de-exportacion-nghia-p-13\\\/#primaryimage\",\"url\":\"https:\\\/\\\/salonforall.es\\\/wp-content\\\/uploads\\\/2025\\\/12\\\/Pezuna-Metalica-De-Exportacion-Nghia-P-13.jpg\",\"contentUrl\":\"https:\\\/\\\/salonforall.es\\\/wp-content\\\/uploads\\\/2025\\\/12\\\/Pezuna-Metalica-De-Exportacion-Nghia-P-13.jpg\",\"width\":1200,\"height\":1200,\"caption\":\"Pezu\u00f1a Met\u00e1lica De Exportaci\u00f3n Nghia P-13\"},{\"@type\":\"BreadcrumbList\",\"@id\":\"https:\\\/\\\/salonforall.es\\\/pezuna-metalica-de-exportacion-nghia-p-13\\\/#breadcrumb\",\"itemListElement\":[{\"@type\":\"ListItem\",\"position\":1,\"name\":\"Home\",\"item\":\"https:\\\/\\\/salonforall.es\\\/\"},{\"@type\":\"ListItem\",\"position\":2,\"name\":\"Winkel\",\"item\":\"https:\\\/\\\/salonforall.es\\\/winkel\\\/\"},{\"@type\":\"ListItem\",\"position\":3,\"name\":\"Pezu\u00f1a Met\u00e1lica De Exportaci\u00f3n Nghia P-13\"}]},{\"@type\":\"WebSite\",\"@id\":\"https:\\\/\\\/salonforall.es\\\/#website\",\"url\":\"https:\\\/\\\/salonforall.es\\\/\",\"name\":\"Salon For ALL Espa\u00f1a\",\"description\":\"Mayorista de mobiliario y suministros para consultorios y salones\",\"publisher\":{\"@id\":\"https:\\\/\\\/salonforall.es\\\/#organization\"},\"potentialAction\":[{\"@type\":\"SearchAction\",\"target\":{\"@type\":\"EntryPoint\",\"urlTemplate\":\"https:\\\/\\\/salonforall.es\\\/?s={search_term_string}\"},\"query-input\":{\"@type\":\"PropertyValueSpecification\",\"valueRequired\":true,\"valueName\":\"search_term_string\"}}],\"inLanguage\":\"ca\"},{\"@type\":\"Organization\",\"@id\":\"https:\\\/\\\/salonforall.es\\\/#organization\",\"name\":\"Salon For All B.V. Espa\u00f1a\",\"alternateName\":\"Salon For All B.V. Espa\u00f1a - Mayorista de equipamiento para consultas, salones y suministros\",\"url\":\"https:\\\/\\\/salonforall.es\\\/\",\"logo\":{\"@type\":\"ImageObject\",\"inLanguage\":\"ca\",\"@id\":\"https:\\\/\\\/salonforall.es\\\/#\\\/schema\\\/logo\\\/image\\\/\",\"url\":\"https:\\\/\\\/salonforall.es\\\/wp-content\\\/uploads\\\/2025\\\/11\\\/logo-salon-for-all-e1764543185849.png\",\"contentUrl\":\"https:\\\/\\\/salonforall.es\\\/wp-content\\\/uploads\\\/2025\\\/11\\\/logo-salon-for-all-e1764543185849.png\",\"width\":500,\"height\":150,\"caption\":\"Salon For All B.V. Espa\u00f1a\"},\"image\":{\"@id\":\"https:\\\/\\\/salonforall.es\\\/#\\\/schema\\\/logo\\\/image\\\/\"}}]}<\/script>\n<!-- \/ Yoast SEO plugin. -->","yoast_head_json":{"title":"Pezu\u00f1a Met\u00e1lica De Exportaci\u00f3n Nghia P-13 comprar","description":"Compra Pezu\u00f1a Met\u00e1lica De Exportaci\u00f3n Nghia P-13 online o en el showroom en Salon For ALL Espa\u00f1a. El mayorista para salones, consultas y spas en Espa\u00f1a y Portugal.","robots":{"index":"index","follow":"follow","max-snippet":"max-snippet:-1","max-image-preview":"max-image-preview:large","max-video-preview":"max-video-preview:-1"},"canonical":"https:\/\/salonforall.es\/ca\/pezuna-metalica-de-exportacion-nghia-p-13\/","og_locale":"ca_ES","og_type":"article","og_title":"Pezu\u00f1a Met\u00e1lica De Exportaci\u00f3n Nghia P-13","og_description":"Compra Pezu\u00f1a Met\u00e1lica De Exportaci\u00f3n Nghia P-13 online o en el showroom en Salon For ALL Espa\u00f1a. El mayorista para salones, consultas y spas en Espa\u00f1a y Portugal.","og_url":"https:\/\/salonforall.es\/ca\/pezuna-metalica-de-exportacion-nghia-p-13\/","og_site_name":"Salon For ALL Espa\u00f1a","article_modified_time":"2026-03-24T16:36:57+00:00","og_image":[{"width":1200,"height":1200,"url":"https:\/\/salonforall.es\/wp-content\/uploads\/2025\/12\/Pezuna-Metalica-De-Exportacion-Nghia-P-13.jpg","type":"image\/jpeg"}],"twitter_card":"summary_large_image","twitter_title":"Pezu\u00f1a Met\u00e1lica De Exportaci\u00f3n Nghia P-13","twitter_misc":{"Temps estimat de lectura":"8 minuts"},"schema":{"@context":"https:\/\/schema.org","@graph":[{"@type":"WebPage","@id":"https:\/\/salonforall.es\/pezuna-metalica-de-exportacion-nghia-p-13\/","url":"https:\/\/salonforall.es\/pezuna-metalica-de-exportacion-nghia-p-13\/","name":"Pezu\u00f1a Met\u00e1lica De Exportaci\u00f3n Nghia P-13 comprar","isPartOf":{"@id":"https:\/\/salonforall.es\/#website"},"primaryImageOfPage":{"@id":"https:\/\/salonforall.es\/pezuna-metalica-de-exportacion-nghia-p-13\/#primaryimage"},"image":{"@id":"https:\/\/salonforall.es\/pezuna-metalica-de-exportacion-nghia-p-13\/#primaryimage"},"thumbnailUrl":"https:\/\/salonforall.es\/wp-content\/uploads\/2025\/12\/Pezuna-Metalica-De-Exportacion-Nghia-P-13.jpg","datePublished":"2025-12-02T14:12:37+00:00","dateModified":"2026-03-24T16:36:57+00:00","description":"Compra Pezu\u00f1a Met\u00e1lica De Exportaci\u00f3n Nghia P-13 online o en el showroom en Salon For ALL Espa\u00f1a. El mayorista para salones, consultas y spas en Espa\u00f1a y Portugal.","breadcrumb":{"@id":"https:\/\/salonforall.es\/pezuna-metalica-de-exportacion-nghia-p-13\/#breadcrumb"},"inLanguage":"ca","potentialAction":[{"@type":"ReadAction","target":["https:\/\/salonforall.es\/pezuna-metalica-de-exportacion-nghia-p-13\/"]}]},{"@type":"ImageObject","inLanguage":"ca","@id":"https:\/\/salonforall.es\/pezuna-metalica-de-exportacion-nghia-p-13\/#primaryimage","url":"https:\/\/salonforall.es\/wp-content\/uploads\/2025\/12\/Pezuna-Metalica-De-Exportacion-Nghia-P-13.jpg","contentUrl":"https:\/\/salonforall.es\/wp-content\/uploads\/2025\/12\/Pezuna-Metalica-De-Exportacion-Nghia-P-13.jpg","width":1200,"height":1200,"caption":"Pezu\u00f1a Met\u00e1lica De Exportaci\u00f3n Nghia P-13"},{"@type":"BreadcrumbList","@id":"https:\/\/salonforall.es\/pezuna-metalica-de-exportacion-nghia-p-13\/#breadcrumb","itemListElement":[{"@type":"ListItem","position":1,"name":"Home","item":"https:\/\/salonforall.es\/"},{"@type":"ListItem","position":2,"name":"Winkel","item":"https:\/\/salonforall.es\/winkel\/"},{"@type":"ListItem","position":3,"name":"Pezu\u00f1a Met\u00e1lica De Exportaci\u00f3n Nghia P-13"}]},{"@type":"WebSite","@id":"https:\/\/salonforall.es\/#website","url":"https:\/\/salonforall.es\/","name":"Salon For ALL Espanya","description":"Majorista de mobiliari i subministraments per a consultoris i salons","publisher":{"@id":"https:\/\/salonforall.es\/#organization"},"potentialAction":[{"@type":"SearchAction","target":{"@type":"EntryPoint","urlTemplate":"https:\/\/salonforall.es\/?s={search_term_string}"},"query-input":{"@type":"PropertyValueSpecification","valueRequired":true,"valueName":"search_term_string"}}],"inLanguage":"ca"},{"@type":"Organization","@id":"https:\/\/salonforall.es\/#organization","name":"Salon For All BV Espanya","alternateName":"Salon For All B.V. Espa\u00f1a - Mayorista de equipamiento para consultas, salones y suministros","url":"https:\/\/salonforall.es\/","logo":{"@type":"ImageObject","inLanguage":"ca","@id":"https:\/\/salonforall.es\/#\/schema\/logo\/image\/","url":"https:\/\/salonforall.es\/wp-content\/uploads\/2025\/11\/logo-salon-for-all-e1764543185849.png","contentUrl":"https:\/\/salonforall.es\/wp-content\/uploads\/2025\/11\/logo-salon-for-all-e1764543185849.png","width":500,"height":150,"caption":"Salon For All B.V. Espa\u00f1a"},"image":{"@id":"https:\/\/salonforall.es\/#\/schema\/logo\/image\/"}}]}},"_links":{"self":[{"href":"https:\/\/salonforall.es\/ca\/wp-json\/wp\/v2\/product\/19011","targetHints":{"allow":["GET"]}}],"collection":[{"href":"https:\/\/salonforall.es\/ca\/wp-json\/wp\/v2\/product"}],"about":[{"href":"https:\/\/salonforall.es\/ca\/wp-json\/wp\/v2\/types\/product"}],"replies":[{"embeddable":true,"href":"https:\/\/salonforall.es\/ca\/wp-json\/wp\/v2\/comments?post=19011"}],"wp:featuredmedia":[{"embeddable":true,"href":"https:\/\/salonforall.es\/ca\/wp-json\/wp\/v2\/media\/19012"}],"wp:attachment":[{"href":"https:\/\/salonforall.es\/ca\/wp-json\/wp\/v2\/media?parent=19011"}],"wp:term":[{"taxonomy":"product_brand","embeddable":true,"href":"https:\/\/salonforall.es\/ca\/wp-json\/wp\/v2\/product_brand?post=19011"},{"taxonomy":"product_cat","embeddable":true,"href":"https:\/\/salonforall.es\/ca\/wp-json\/wp\/v2\/product_cat?post=19011"},{"taxonomy":"product_tag","embeddable":true,"href":"https:\/\/salonforall.es\/ca\/wp-json\/wp\/v2\/product_tag?post=19011"}],"curies":[{"name":"wp","href":"https:\/\/api.w.org\/{rel}","templated":true}]}}