{"id":18491,"date":"2025-12-02T15:03:59","date_gmt":"2025-12-02T14:03:59","guid":{"rendered":"https:\/\/salonforall.es\/product\/gel-constructor-claresa-softeasy-destellos-danzantes-45-g\/"},"modified":"2026-03-24T17:35:22","modified_gmt":"2026-03-24T16:35:22","slug":"gel-constructor-claresa-softeasy-destellos-danzantes-45-g","status":"publish","type":"product","link":"https:\/\/salonforall.es\/ca\/gel-constructor-claresa-softeasy-destellos-danzantes-45-g\/","title":{"rendered":"Gel Constructor Claresa Soft&amp;Easy Llampades Dansants 45 G"},"content":{"rendered":"<h2>Informaci\u00f3n sobre Gel Constructor Claresa Soft&#038;Easy Destellos Danzantes 45 G con n\u00famero de art\u00edculo 152265<\/h2>\n<p>CLARES BUILDING GEL<\/p>\n<p>\u00bfNo te basta con un esmalte h\u00edbrido? \u00bfNecesitas un peinado s\u00faper duradero y efectivo que puedas hacer r\u00e1pidamente en casa? \u00bfBuscas una manera de endurecer f\u00e1cilmente la placa ungueal natural o extender tus u\u00f1as? \u00a1Nuestro nuevo SOFT&#038;EASY BUILDER GEL es el producto perfecto para ti!<\/p>\n<p>Su innovadora f\u00f3rmula en gel, con una estructura y densidad \u00fanicas, lo nivela perfectamente, evitando errores incluso en usuarios con poca experiencia. Adem\u00e1s, su tixotrop\u00eda (memoria l\u00edquida) facilita un trabajo r\u00e1pido que evita que gotee sobre las cut\u00edculas. El peinado con SOFT&#038;EASY no requiere limado ni Top; simplemente limpia la capa de dispersi\u00f3n con Cleaner y \u00a1tus u\u00f1as estar\u00e1n listas con un brillo intenso!<\/p>\n<p>La moderna f\u00f3rmula del gel, con excelente adhesi\u00f3n*, permite alinear, endurecer y extender la placa incluso con una capa fina, garantizando un peinado con un aspecto similar al de la placa ungueal natural y una durabilidad de al menos 4 semanas. Tambi\u00e9n evita que las u\u00f1as se quiebren y se desmoronen, lo que permite que crezcan mucho m\u00e1s. Su f\u00f3rmula especial sin calor, gracias a su baja temperatura de polimerizaci\u00f3n, minimiza las quemaduras en la l\u00e1mpara. Pru\u00e9balo y descubrir\u00e1s que, a partir de hoy, \u00a1SOFT&#038;EASY BUILDER GEL es tu imprescindible! Disponible en 8 colores: CLEAR: transparente, funciona de maravilla como base de construcci\u00f3n y nivelaci\u00f3n para todos los colores de esmaltes h\u00edbridos. NATURAL: un color nude natural y delicado, seleccionado para combinar con el color natural de la piel; funciona de maravilla por s\u00ed solo, sin necesidad de usar esmalte adicional, \u00a1cubre hasta el 90%! ROSA LECHE: un delicado rosa blanqueado, perfecto para una manicura completa o como base para una manicura francesa o baby boomer. \u00a1Cubre hasta el 90%!<br \/>&nbsp; &nbsp; &nbsp; ROSA BABY: un dulce tono rosa, perfecto para una manicura completa o como base para una manicura francesa o baby boomer. \u00a1Cubre hasta el 90%! \u00a1El favorito de nuestros probadores!<br \/>&nbsp; &nbsp; &nbsp; CHAMP\u00c1N: un tono nude natural y delicado con una part\u00edcula dorada brillante que proporciona un acabado excepcionalmente efectivo. Perfecto para usar por separado como manicura completa o como base para estilizaciones m\u00e1s sofisticadas. \u00a1Cubre hasta el 90%!<br \/>&nbsp; &nbsp; GLAM PINK: un delicado tono rosa pastel con un toque plateado brillante, perfecto por s\u00ed solo como manicura completa o como base para un peinado m\u00e1s completo. \u00a1Cubre hasta el 90%!<br \/>&nbsp; &nbsp; &nbsp; BLINKING PINK: delicado rosa caramelo con un toque rosa \u00fanico. Funciona muy bien como un peinado independiente, sin necesidad de esmalte adicional. \u00a1Cubre hasta el 90%!<br \/>&nbsp; &nbsp; &nbsp; DANCING SPARKLES: beige claro con un sutil toque dorado. Funciona perfectamente como un estilo independiente y sutil, \u00a1crea un hermoso efecto concha marina en las u\u00f1as! \u00a1Cubre hasta el 90%!<\/p>\n<p>Pru\u00e9balo y descubrir\u00e1s que, a partir de hoy, SOFT&amp;EASY BUILDER GEL es tu #musthave.<\/p>\n<p>Caracter\u00edstiques principals:<\/p>\n<p>&nbsp; &nbsp; &nbsp;Autonivelante, con tixotrop\u00eda (memoria l\u00edquida) &#8211; \u00a1F\u00c1CIL!<br \/>&nbsp; &nbsp; &nbsp;Multifuncional &#8211; \u00a1R\u00c1PIDO!*<br \/>&nbsp; &nbsp; &nbsp;Con excelente agarre* y alta durabilidad \u2013 \u00a1DURANTE MUCHO TIEMPO!<br \/>&nbsp; &nbsp; &nbsp;Amb una brillantor intensa \u2013 BOL\u00d3S!<br \/>&nbsp; &nbsp; &nbsp;Con la f\u00f3rmula Heatless &#8211; \u00a1UFF, NO SE QUEMA EN LA L\u00c1MPARA!<br \/>&nbsp; &nbsp; Aplicaci\u00f3n: complementar y endurecer la placa ungueal natural y extender las u\u00f1as &#8211; \u00a1BINGO!<\/p>\n<p>Productos CLARESA &#8211; creados para uso dom\u00e9stico, elegidos por profesionales!<\/p>\n<p>&nbsp;<\/p>\n<p>*Recuerde que cada placa es diferente y requiere un enfoque individual, por lo que en el caso de u\u00f1as particularmente exigentes, puede usar un esmalte de su Base Clares favorita para fortalecer la adhesi\u00f3n del gel.<\/p>\n<p>Los productos Activeshop son proporcionalmente m\u00e1s econ\u00f3micos que muchas otras marcas\/proveedores. El precio est\u00e1 en relaci\u00f3n con la calidad. Gel Constructor Claresa Soft&#038;Easy Destellos Danzantes 45 G es por lo tanto una soluci\u00f3n accesible para su sal\u00f3n.<\/p>\n<h2>\u00bfC\u00f3mo se entrega Gel Constructor Claresa Soft&#038;Easy Destellos Danzantes 45 G?<\/h2>\n<p>Gel Constructor Claresa Soft&#038;Easy Destellos Danzantes 45 G se entrega en embalaje(s) original(es). Dentro de Espa\u00f1a el env\u00edo de Gel Constructor Claresa Soft&#038;Easy Destellos Danzantes 45 G es completamente gratuito para pedidos a partir de 100,- euros. Para env\u00edos a otros pa\u00edses se aplican tarifas de env\u00edo separadas. Puede consultar estas tarifas con nosotros o verlas en el carrito de compra. Gel Constructor Claresa Soft&#038;Easy Destellos Danzantes 45 G se env\u00eda a trav\u00e9s de un servicio de mensajer\u00eda externo.<\/p>\n<p>Els paquets o palets es lliuren de forma est\u00e0ndard fins al llindar de la porta principal, fins i tot si est\u00e0 ubicat en un edifici col\u00b7lectiu, edifici d&#039;apartaments o complex d&#039;apartaments amb ascensor (sempre que l&#039;article c\u00e0piga a l&#039;ascensor). No hi ha ascensor disponible o l&#039;article no hi cap a l&#039;ascensor? Aleshores lliurem fins al llindar de la planta baixa.<\/p>\n<p>Encara teniu preguntes sobre el lliurament o una situaci\u00f3 especial? Contacti&#039;ns i estarem encantats d&#039;ajudar-lo!<\/p>\n<p>*Els articles no es desembalen ni munten de forma est\u00e0ndard. En situacions especials ens pot contactar per fer acords sobre aix\u00f2.<\/p>\n<h2>Compra en l\u00ednia segura a Salon For All amb el segell de qualitat Webwinkelkeur i xifrat SSL<\/h2>\n<p>Es importante para nosotros que nuestros clientes puedan comprar de forma segura en nuestra tienda online. Estamos afiliados al sello de calidad nacional Webwinkelkeur desde 2019. Nuestra identidad ha sido verificada y comprobada por ellos, y la tienda online ha sido revisada y aprobada legalmente. Adem\u00e1s, nuestra tienda online est\u00e1 afiliada a ellos para la mediaci\u00f3n de conflictos. Puede ver la insignia con toda la informaci\u00f3n de este sello de calidad de tienda online en el lado izquierdo o derecho de la tienda online (bot\u00f3n rosa con blanco). Adem\u00e1s, nuestro sitio est\u00e1 protegido con un certificado SSL para que pueda navegar de forma segura con nosotros. En la barra de su navegador de Internet, donde aparece nuestro sitio web, ver\u00e1 un icono de candado. Si hace clic en el candado, obtendr\u00e1 toda la informaci\u00f3n sobre nuestra seguridad. De esta manera sabe que su pedido de Gel Constructor Claresa Soft&#038;Easy Destellos Danzantes 45 G y sus datos personales se procesan de forma segura.<\/p>\n<h2>\u00bfC\u00f3mo puedo pagar Gel Constructor Claresa Soft&#038;Easy Destellos Danzantes 45 G?<\/h2>\n<p>Volem fer-ho el m\u00e9s f\u00e0cil possible. Per aix\u00f2 a Salon For All podeu pagar amb tots els m\u00e8todes de pagament coneguts i habituals. Pagar per avan\u00e7at, al lliurament oa posteriori; tot \u00e9s possible. Vegeu aqu\u00ed tots els m\u00e8todes de pagament que oferim:<\/p>\n<ul>\n<li>iDEAL<\/li>\n<li>Targeta de cr\u00e8dit (Visa, Mastercard, American Express)<\/li>\n<li>Klarna \u2013 Pagament a posteriori amb factura<\/li>\n<li>PayPal<\/li>\n<li>Apple Pay<\/li>\n<li>Google Pay<\/li>\n<li>Bizum (per a clients espanyols)<\/li>\n<li>Transfer\u00e8ncia banc\u00e0ria SEPA<\/li>\n<li>Bancontact<\/li>\n<li>Factura comercial per a empreses<\/li>\n<li>Pagament al showroom \u2013 Tant targeta com efectiu (Nom\u00e9s disponible en recollida)<\/li>\n<\/ul>\n<h2>Consulteu tamb\u00e9 les ressenyes de Salon For All<\/h2>\n<p>Consulte tambi\u00e9n nuestras rese\u00f1as para tener en cuenta las experiencias de nuestros clientes actuales en su decisi\u00f3n de pedir Gel Constructor Claresa Soft&#038;Easy Destellos Danzantes 45 G con nosotros. A trav\u00e9s de nuestro sello de calidad independiente de tienda online Webwinkelkeur, se recopilan autom\u00e1ticamente rese\u00f1as verificadas de clientes que han completado un pedido con nosotros. Puede encontrarlas detr\u00e1s del bot\u00f3n rosa en nuestra tienda online o aparecen listadas debajo de los productos.<\/p>\n<p>\u00a1Comparta tambi\u00e9n su experiencia despu\u00e9s de su compra con su Gel Constructor Claresa Soft&#038;Easy Destellos Danzantes 45 G pedido y su experiencia con el proceso de compra o el contacto con Salon For All para inspirar a otros!<\/p>\n<h2>Contacte amb Salon For All<\/h2>\n<p>Cont\u00e1ctenos entonces. Estaremos encantados de ayudarle con la adquisici\u00f3n de Gel Constructor Claresa Soft&#038;Easy Destellos Danzantes 45 G. En d\u00edas laborables estamos mejor disponibles entre las 8.30 y las 17.00 horas a trav\u00e9s del n\u00famero de tel\u00e9fono y direcci\u00f3n de correo electr\u00f3nico en la parte superior de la tienda online o a trav\u00e9s de la funci\u00f3n de chat. Las consultas fuera del horario de oficina suelen responderse en un plazo de 24 horas. Tambi\u00e9n es posible visitarnos fuera de los d\u00edas laborables u horario de oficina. Pero para ello es necesario concertar una cita previa.<\/p>\n<h2>Voleu visitar el nostre showroom?<\/h2>\n<p>\u00bfPrefiere ver Gel Constructor Claresa Soft&#038;Easy Destellos Danzantes 45 G o recorrer nuestra oferta de la tienda (online) junto con nuestro colega? Entonces visite nuestro showroom con m\u00e1s de 1000m\u00b2 de equipamiento para salones y d\u00e9jese inspirar por nuestros empleados. Tambi\u00e9n si le gusta conocernos de manera agradable disfrutando de una buena taza de caf\u00e9 o t\u00e9, es muy bienvenido. No tenemos todos los productos en stock, as\u00ed que h\u00e1ganos saber de antemano que desea venir. Concierte siempre una cita previa.<\/p>\n<h2>14 dies de reflexi\u00f3 i la nostra pol\u00edtica de devolucions<\/h2>\n<p>Por supuesto puede ocurrir que Gel Constructor Claresa Soft&#038;Easy Destellos Danzantes 45 G entregado no sea completamente de su agrado y desee devolverlo. Eso no es ning\u00fan problema en Salon For All. Debe notificar su devoluci\u00f3n dentro de 14 d\u00edas laborables a trav\u00e9s de info@salonforall.es. Entonces recibir\u00e1 primero todas las instrucciones y condiciones de devoluci\u00f3n. Tenga en cuenta que Gel Constructor Claresa Soft&#038;Easy Destellos Danzantes 45 G no debe haber sido usado, debe contener todas las partes suministradas y debe devolverse empaquetado en el embalaje original. Los costos de env\u00edo de una devoluci\u00f3n son siempre a cargo del comprador en compras a trav\u00e9s de www.salonforall.es. Debe organizar usted mismo un transporte con una empresa de transporte de su elecci\u00f3n para una devoluci\u00f3n. Una vez que Gel Constructor Claresa Soft&#038;Easy Destellos Danzantes 45 G haya sido devuelto, se verificar\u00e1 su integridad y posibles da\u00f1os. Una vez que la devoluci\u00f3n haya sido aprobada, el importe de la compra se reembolsar\u00e1 dentro de 5 d\u00edas laborables a la cuenta bancaria que tenemos registrada.<\/p>\n<h2>Qui \u00e9s Salon For All?<\/h2>\n<p>Salon For All \u00e9s EL majorista per a tot equipament de salons a Europa. Salon For All va comen\u00e7ar el 2003 sota el nom Salonvoordeel i va sorgir de la pr\u00e0ctica. Els propietaris de Salon For All eren perruquers i especialistes en bellesa experimentats i tenen plegats m\u00e9s de 30 anys d&#039;experi\u00e8ncia pr\u00e0ctica. El 2003 vam llan\u00e7ar Salonvoordeel.nl (Pa\u00efsos Baixos) i posteriorment es va fundar Salon For All per al mercat europeu. Alguns dels nostres empleats van iniciar el seu propi negoci i aix\u00ed va sorgir la idea de llan\u00e7ar una botiga online funcional per a perruquers i ajudar-los amb l&#039;equipament del sal\u00f3.<\/p>\n<p>Nuestro showroom se encuentra en Dinxperlo, directamente en la frontera entre los Pa\u00edses Bajos y Alemania. Con nuestra amplia experiencia en el sector podemos servirle de espejo y proporcionarle el asesoramiento adecuado. \u00a1Hablamos el mismo idioma! Le asesoramos, inspiramos, motivamos y ayudamos en la adquisici\u00f3n de Gel Constructor Claresa Soft&#038;Easy Destellos Danzantes 45 G. Nuestros proveedores se encuentran en toda Europa, desde Alemania, Inglaterra, Italia hasta Polonia.<\/p>","protected":false},"excerpt":{"rendered":"<p>El producto Gel Constructor Claresa Soft&#038;Easy Destellos Danzantes 45 G es una soluci\u00f3n de alta calidad para cualquier sal\u00f3n. El plazo de entrega estimado es de aproximadamente 6 d\u00edas laborables.<\/p>","protected":false},"featured_media":18492,"comment_status":"open","ping_status":"open","template":"","meta":[],"product_brand":[3645],"product_cat":[3676,3646],"product_tag":[3677,3648],"class_list":{"0":"post-18491","1":"product","2":"type-product","3":"status-publish","4":"has-post-thumbnail","6":"product_brand-claresa","7":"product_cat-geles-de-unas","8":"product_cat-manicura-hibrida-claresa","9":"product_tag-geles-de-unas","10":"product_tag-manicura-hibrida-claresa","11":"pa_codigo-ean-7762","12":"pa_garantia-12-meses","13":"pa_marca-claresa","14":"pa_numero-de-articulo-6766","15":"pa_tiempo-estimado-de-entrega-4-5-dias-laborables","17":"first","18":"instock","19":"sale","20":"taxable","21":"shipping-taxable","22":"purchasable","23":"product-type-simple"},"yoast_head":"<!-- This site is optimized with the Yoast SEO plugin v27.6 - https:\/\/yoast.com\/product\/yoast-seo-wordpress\/ -->\n<title>Gel Constructor Claresa Soft&amp;Easy Destellos Danzantes 45 G comprar<\/title>\n<meta name=\"description\" content=\"Compra Gel Constructor Claresa Soft&amp;Easy Destellos Danzantes 45 G online o en el showroom en Salon For ALL Espa\u00f1a. El mayorista para salones, consultas y spas en Espa\u00f1a y Portugal.\" \/>\n<meta name=\"robots\" content=\"index, follow, max-snippet:-1, max-image-preview:large, max-video-preview:-1\" \/>\n<link rel=\"canonical\" href=\"https:\/\/salonforall.es\/ca\/gel-constructor-claresa-softeasy-destellos-danzantes-45-g\/\" \/>\n<meta property=\"og:locale\" content=\"ca_ES\" \/>\n<meta property=\"og:type\" content=\"article\" \/>\n<meta property=\"og:title\" content=\"Gel Constructor Claresa Soft&amp;Easy Destellos Danzantes 45 G\" \/>\n<meta property=\"og:description\" content=\"Compra Gel Constructor Claresa Soft&amp;Easy Destellos Danzantes 45 G online o en el showroom en Salon For ALL Espa\u00f1a. El mayorista para salones, consultas y spas en Espa\u00f1a y Portugal.\" \/>\n<meta property=\"og:url\" content=\"https:\/\/salonforall.es\/ca\/gel-constructor-claresa-softeasy-destellos-danzantes-45-g\/\" \/>\n<meta property=\"og:site_name\" content=\"Salon For ALL Espa\u00f1a\" \/>\n<meta property=\"article:modified_time\" content=\"2026-03-24T16:35:22+00:00\" \/>\n<meta property=\"og:image\" content=\"https:\/\/salonforall.es\/wp-content\/uploads\/2025\/12\/Gel-Constructor-Claresa-SoftEasy-Destellos-Danzantes-45-G.jpg\" \/>\n\t<meta property=\"og:image:width\" content=\"1200\" \/>\n\t<meta property=\"og:image:height\" content=\"1200\" \/>\n\t<meta property=\"og:image:type\" content=\"image\/jpeg\" \/>\n<meta name=\"twitter:card\" content=\"summary_large_image\" \/>\n<meta name=\"twitter:title\" content=\"Gel Constructor Claresa Soft&amp;Easy Destellos Danzantes 45 G\" \/>\n<meta name=\"twitter:label1\" content=\"Temps estimat de lectura\" \/>\n\t<meta name=\"twitter:data1\" content=\"9 minuts\" \/>\n<script type=\"application\/ld+json\" class=\"yoast-schema-graph\">{\"@context\":\"https:\\\/\\\/schema.org\",\"@graph\":[{\"@type\":\"WebPage\",\"@id\":\"https:\\\/\\\/salonforall.es\\\/gel-constructor-claresa-softeasy-destellos-danzantes-45-g\\\/\",\"url\":\"https:\\\/\\\/salonforall.es\\\/gel-constructor-claresa-softeasy-destellos-danzantes-45-g\\\/\",\"name\":\"Gel Constructor Claresa Soft&Easy Destellos Danzantes 45 G comprar\",\"isPartOf\":{\"@id\":\"https:\\\/\\\/salonforall.es\\\/#website\"},\"primaryImageOfPage\":{\"@id\":\"https:\\\/\\\/salonforall.es\\\/gel-constructor-claresa-softeasy-destellos-danzantes-45-g\\\/#primaryimage\"},\"image\":{\"@id\":\"https:\\\/\\\/salonforall.es\\\/gel-constructor-claresa-softeasy-destellos-danzantes-45-g\\\/#primaryimage\"},\"thumbnailUrl\":\"https:\\\/\\\/salonforall.es\\\/wp-content\\\/uploads\\\/2025\\\/12\\\/Gel-Constructor-Claresa-SoftEasy-Destellos-Danzantes-45-G.jpg\",\"datePublished\":\"2025-12-02T14:03:59+00:00\",\"dateModified\":\"2026-03-24T16:35:22+00:00\",\"description\":\"Compra Gel Constructor Claresa Soft&Easy Destellos Danzantes 45 G online o en el showroom en Salon For ALL Espa\u00f1a. El mayorista para salones, consultas y spas en Espa\u00f1a y Portugal.\",\"breadcrumb\":{\"@id\":\"https:\\\/\\\/salonforall.es\\\/gel-constructor-claresa-softeasy-destellos-danzantes-45-g\\\/#breadcrumb\"},\"inLanguage\":\"ca\",\"potentialAction\":[{\"@type\":\"ReadAction\",\"target\":[\"https:\\\/\\\/salonforall.es\\\/gel-constructor-claresa-softeasy-destellos-danzantes-45-g\\\/\"]}]},{\"@type\":\"ImageObject\",\"inLanguage\":\"ca\",\"@id\":\"https:\\\/\\\/salonforall.es\\\/gel-constructor-claresa-softeasy-destellos-danzantes-45-g\\\/#primaryimage\",\"url\":\"https:\\\/\\\/salonforall.es\\\/wp-content\\\/uploads\\\/2025\\\/12\\\/Gel-Constructor-Claresa-SoftEasy-Destellos-Danzantes-45-G.jpg\",\"contentUrl\":\"https:\\\/\\\/salonforall.es\\\/wp-content\\\/uploads\\\/2025\\\/12\\\/Gel-Constructor-Claresa-SoftEasy-Destellos-Danzantes-45-G.jpg\",\"width\":1200,\"height\":1200,\"caption\":\"Gel Constructor Claresa Soft&Easy Destellos Danzantes 45 G\"},{\"@type\":\"BreadcrumbList\",\"@id\":\"https:\\\/\\\/salonforall.es\\\/gel-constructor-claresa-softeasy-destellos-danzantes-45-g\\\/#breadcrumb\",\"itemListElement\":[{\"@type\":\"ListItem\",\"position\":1,\"name\":\"Home\",\"item\":\"https:\\\/\\\/salonforall.es\\\/\"},{\"@type\":\"ListItem\",\"position\":2,\"name\":\"Winkel\",\"item\":\"https:\\\/\\\/salonforall.es\\\/winkel\\\/\"},{\"@type\":\"ListItem\",\"position\":3,\"name\":\"Gel Constructor Claresa Soft&#038;Easy Destellos Danzantes 45 G\"}]},{\"@type\":\"WebSite\",\"@id\":\"https:\\\/\\\/salonforall.es\\\/#website\",\"url\":\"https:\\\/\\\/salonforall.es\\\/\",\"name\":\"Salon For ALL Espa\u00f1a\",\"description\":\"Mayorista de mobiliario y suministros para consultorios y salones\",\"publisher\":{\"@id\":\"https:\\\/\\\/salonforall.es\\\/#organization\"},\"potentialAction\":[{\"@type\":\"SearchAction\",\"target\":{\"@type\":\"EntryPoint\",\"urlTemplate\":\"https:\\\/\\\/salonforall.es\\\/?s={search_term_string}\"},\"query-input\":{\"@type\":\"PropertyValueSpecification\",\"valueRequired\":true,\"valueName\":\"search_term_string\"}}],\"inLanguage\":\"ca\"},{\"@type\":\"Organization\",\"@id\":\"https:\\\/\\\/salonforall.es\\\/#organization\",\"name\":\"Salon For All B.V. Espa\u00f1a\",\"alternateName\":\"Salon For All B.V. Espa\u00f1a - Mayorista de equipamiento para consultas, salones y suministros\",\"url\":\"https:\\\/\\\/salonforall.es\\\/\",\"logo\":{\"@type\":\"ImageObject\",\"inLanguage\":\"ca\",\"@id\":\"https:\\\/\\\/salonforall.es\\\/#\\\/schema\\\/logo\\\/image\\\/\",\"url\":\"https:\\\/\\\/salonforall.es\\\/wp-content\\\/uploads\\\/2025\\\/11\\\/logo-salon-for-all-e1764543185849.png\",\"contentUrl\":\"https:\\\/\\\/salonforall.es\\\/wp-content\\\/uploads\\\/2025\\\/11\\\/logo-salon-for-all-e1764543185849.png\",\"width\":500,\"height\":150,\"caption\":\"Salon For All B.V. Espa\u00f1a\"},\"image\":{\"@id\":\"https:\\\/\\\/salonforall.es\\\/#\\\/schema\\\/logo\\\/image\\\/\"}}]}<\/script>\n<!-- \/ Yoast SEO plugin. -->","yoast_head_json":{"title":"Gel Constructor Claresa Soft&Easy Destellos Danzantes 45 G comprar","description":"Compra Gel Constructor Claresa Soft&Easy Destellos Danzantes 45 G online o en el showroom en Salon For ALL Espa\u00f1a. El mayorista para salones, consultas y spas en Espa\u00f1a y Portugal.","robots":{"index":"index","follow":"follow","max-snippet":"max-snippet:-1","max-image-preview":"max-image-preview:large","max-video-preview":"max-video-preview:-1"},"canonical":"https:\/\/salonforall.es\/ca\/gel-constructor-claresa-softeasy-destellos-danzantes-45-g\/","og_locale":"ca_ES","og_type":"article","og_title":"Gel Constructor Claresa Soft&Easy Destellos Danzantes 45 G","og_description":"Compra Gel Constructor Claresa Soft&Easy Destellos Danzantes 45 G online o en el showroom en Salon For ALL Espa\u00f1a. El mayorista para salones, consultas y spas en Espa\u00f1a y Portugal.","og_url":"https:\/\/salonforall.es\/ca\/gel-constructor-claresa-softeasy-destellos-danzantes-45-g\/","og_site_name":"Salon For ALL Espa\u00f1a","article_modified_time":"2026-03-24T16:35:22+00:00","og_image":[{"width":1200,"height":1200,"url":"https:\/\/salonforall.es\/wp-content\/uploads\/2025\/12\/Gel-Constructor-Claresa-SoftEasy-Destellos-Danzantes-45-G.jpg","type":"image\/jpeg"}],"twitter_card":"summary_large_image","twitter_title":"Gel Constructor Claresa Soft&Easy Destellos Danzantes 45 G","twitter_misc":{"Temps estimat de lectura":"9 minuts"},"schema":{"@context":"https:\/\/schema.org","@graph":[{"@type":"WebPage","@id":"https:\/\/salonforall.es\/gel-constructor-claresa-softeasy-destellos-danzantes-45-g\/","url":"https:\/\/salonforall.es\/gel-constructor-claresa-softeasy-destellos-danzantes-45-g\/","name":"Gel Constructor Claresa Soft&Easy Destellos Danzantes 45 G comprar","isPartOf":{"@id":"https:\/\/salonforall.es\/#website"},"primaryImageOfPage":{"@id":"https:\/\/salonforall.es\/gel-constructor-claresa-softeasy-destellos-danzantes-45-g\/#primaryimage"},"image":{"@id":"https:\/\/salonforall.es\/gel-constructor-claresa-softeasy-destellos-danzantes-45-g\/#primaryimage"},"thumbnailUrl":"https:\/\/salonforall.es\/wp-content\/uploads\/2025\/12\/Gel-Constructor-Claresa-SoftEasy-Destellos-Danzantes-45-G.jpg","datePublished":"2025-12-02T14:03:59+00:00","dateModified":"2026-03-24T16:35:22+00:00","description":"Compra Gel Constructor Claresa Soft&Easy Destellos Danzantes 45 G online o en el showroom en Salon For ALL Espa\u00f1a. El mayorista para salones, consultas y spas en Espa\u00f1a y Portugal.","breadcrumb":{"@id":"https:\/\/salonforall.es\/gel-constructor-claresa-softeasy-destellos-danzantes-45-g\/#breadcrumb"},"inLanguage":"ca","potentialAction":[{"@type":"ReadAction","target":["https:\/\/salonforall.es\/gel-constructor-claresa-softeasy-destellos-danzantes-45-g\/"]}]},{"@type":"ImageObject","inLanguage":"ca","@id":"https:\/\/salonforall.es\/gel-constructor-claresa-softeasy-destellos-danzantes-45-g\/#primaryimage","url":"https:\/\/salonforall.es\/wp-content\/uploads\/2025\/12\/Gel-Constructor-Claresa-SoftEasy-Destellos-Danzantes-45-G.jpg","contentUrl":"https:\/\/salonforall.es\/wp-content\/uploads\/2025\/12\/Gel-Constructor-Claresa-SoftEasy-Destellos-Danzantes-45-G.jpg","width":1200,"height":1200,"caption":"Gel Constructor Claresa Soft&Easy Destellos Danzantes 45 G"},{"@type":"BreadcrumbList","@id":"https:\/\/salonforall.es\/gel-constructor-claresa-softeasy-destellos-danzantes-45-g\/#breadcrumb","itemListElement":[{"@type":"ListItem","position":1,"name":"Home","item":"https:\/\/salonforall.es\/"},{"@type":"ListItem","position":2,"name":"Winkel","item":"https:\/\/salonforall.es\/winkel\/"},{"@type":"ListItem","position":3,"name":"Gel Constructor Claresa Soft&#038;Easy Destellos Danzantes 45 G"}]},{"@type":"WebSite","@id":"https:\/\/salonforall.es\/#website","url":"https:\/\/salonforall.es\/","name":"Salon For ALL Espanya","description":"Majorista de mobiliari i subministraments per a consultoris i salons","publisher":{"@id":"https:\/\/salonforall.es\/#organization"},"potentialAction":[{"@type":"SearchAction","target":{"@type":"EntryPoint","urlTemplate":"https:\/\/salonforall.es\/?s={search_term_string}"},"query-input":{"@type":"PropertyValueSpecification","valueRequired":true,"valueName":"search_term_string"}}],"inLanguage":"ca"},{"@type":"Organization","@id":"https:\/\/salonforall.es\/#organization","name":"Salon For All BV Espanya","alternateName":"Salon For All B.V. Espa\u00f1a - Mayorista de equipamiento para consultas, salones y suministros","url":"https:\/\/salonforall.es\/","logo":{"@type":"ImageObject","inLanguage":"ca","@id":"https:\/\/salonforall.es\/#\/schema\/logo\/image\/","url":"https:\/\/salonforall.es\/wp-content\/uploads\/2025\/11\/logo-salon-for-all-e1764543185849.png","contentUrl":"https:\/\/salonforall.es\/wp-content\/uploads\/2025\/11\/logo-salon-for-all-e1764543185849.png","width":500,"height":150,"caption":"Salon For All B.V. Espa\u00f1a"},"image":{"@id":"https:\/\/salonforall.es\/#\/schema\/logo\/image\/"}}]}},"_links":{"self":[{"href":"https:\/\/salonforall.es\/ca\/wp-json\/wp\/v2\/product\/18491","targetHints":{"allow":["GET"]}}],"collection":[{"href":"https:\/\/salonforall.es\/ca\/wp-json\/wp\/v2\/product"}],"about":[{"href":"https:\/\/salonforall.es\/ca\/wp-json\/wp\/v2\/types\/product"}],"replies":[{"embeddable":true,"href":"https:\/\/salonforall.es\/ca\/wp-json\/wp\/v2\/comments?post=18491"}],"wp:featuredmedia":[{"embeddable":true,"href":"https:\/\/salonforall.es\/ca\/wp-json\/wp\/v2\/media\/18492"}],"wp:attachment":[{"href":"https:\/\/salonforall.es\/ca\/wp-json\/wp\/v2\/media?parent=18491"}],"wp:term":[{"taxonomy":"product_brand","embeddable":true,"href":"https:\/\/salonforall.es\/ca\/wp-json\/wp\/v2\/product_brand?post=18491"},{"taxonomy":"product_cat","embeddable":true,"href":"https:\/\/salonforall.es\/ca\/wp-json\/wp\/v2\/product_cat?post=18491"},{"taxonomy":"product_tag","embeddable":true,"href":"https:\/\/salonforall.es\/ca\/wp-json\/wp\/v2\/product_tag?post=18491"}],"curies":[{"name":"wp","href":"https:\/\/api.w.org\/{rel}","templated":true}]}}