{"id":17490,"date":"2025-12-02T14:52:51","date_gmt":"2025-12-02T13:52:51","guid":{"rendered":"https:\/\/salonforall.es\/product\/maquina-de-tatuaje-el-cartel-vispa-rojo-negro\/"},"modified":"2026-03-24T17:32:51","modified_gmt":"2026-03-24T16:32:51","slug":"maquina-de-tatuatge-el-cartell-vespa-vermell-negre","status":"publish","type":"product","link":"https:\/\/salonforall.es\/ca\/maquina-de-tatuaje-el-cartel-vispa-rojo-negro\/","title":{"rendered":"M\u00e0quina de Tatuatge El Cartell Vispa Vermell\/Negre"},"content":{"rendered":"<h2>Informaci\u00f3 sobre M\u00e0quina de Tatuatge El Cartell Vispa Rojo\/Negro amb n\u00famero d&#039;article 150975<\/h2>\n<p><p><img src=\"https:\/\/activeshop.com.pl\/media\/wysiwyg\/product\/150974\/EN_150974_01.jpg\"><\/p> <\/p>\n<p><strong>El cartell<\/strong> \u00e9s una marca de productes professionals per a tatuatges que ofereix cartutxos, m\u00e0quines i altres accessoris essencials per a tatuatges. Es caracteritza per la seva alta qualitat, precisi\u00f3 i disseny \u00fanic. Garanteix comoditat i compleix amb els est\u00e0ndards m\u00e9s alts de la ind\u00fastria del tatuatge. Gaudeix de gran inter\u00e8s i est\u00e0 guanyant cada cop m\u00e9s popularitat, com ho confirmen les opinions positives dels usuaris.<\/p>\n<p> <p><img src=\"https:\/\/activeshop.com.pl\/media\/wysiwyg\/product\/150974\/EN_150974_02.jpg\"><\/p> <\/p>\n<h2>EL CARTELL VISPA<\/h2>\n<p>La m\u00e0quina rotativa sense fils El Cartell amb recorregut ajustable \u00e9s l&#039;opci\u00f3 perfecta tant per a principiants com per a tatuadors professionals. Es caracteritza per la lleugeresa, flu\u00efdesa i funcionament estable. A m\u00e9s, compta amb bateries reempla\u00e7ables i un adaptador per treballar amb un cable, cosa que el fa extremadament vers\u00e0til i c\u00f2mode dutilitzar.<\/p>\n<p> <p><img src=\"https:\/\/activeshop.com.pl\/media\/wysiwyg\/product\/150974\/EN_150974_03.jpg\"><\/p> <\/p>\n<h2>Lleuger i ergon\u00f2mic<\/h2>\n<p>El Cartell VISPA \u00e9s un disseny amb la comoditat al cap. La carcassa lleugera d&#039;alumini (pes del dispositiu + bateria: 225 g) i empunyadures reempla\u00e7ables (perfilades i rectes) fan que s&#039;ajusti perfectament a la m\u00e0, cosa que minimitza la fatiga fins i tot durant treballs llargs.<\/p>\n<p> <p><img src=\"https:\/\/activeshop.com.pl\/media\/wysiwyg\/product\/150974\/EN_150974_04.jpg\"><\/p> <\/p>\n<h2>Converteix-te en un artista encara millor<\/h2>\n<p>El seu gran avantatge \u00e9s el recorregut ajustable de 2,4 a 4,2 mm, ajustable mitjan\u00e7ant un anell (fins a 7 ajustaments) per adaptar-se a una varietat d&#039;estils i t\u00e8cniques de tatuatge. Est\u00e0 equipada amb un potent motor sense nucli, el voltatge del qual tamb\u00e9 \u00e9s ajustable i segur. Ofereix un funcionament suau i estable de 4 a 12 volts, cosa que li brinda el m\u00e0xim control sobre el proc\u00e9s de tatuatge.<\/p>\n<p> <p><img src=\"https:\/\/activeshop.com.pl\/media\/wysiwyg\/product\/150974\/EN_150974_05.jpg\"><\/p> <\/p>\n<h2>Gaudiu de la comoditat<\/h2>\n<p>L&#039;afaitadora compta amb una bateria reempla\u00e7able de pol\u00edmer de liti de 1800 mAh que proporciona fins a 7 hores de funcionament (segons l&#039;ajust de pot\u00e8ncia) i un port USB-C integrat per a una c\u00e0rrega r\u00e0pida i senzilla. El kit inclou una bateria addicional i un adaptador RCA que permet fer servir l&#039;afaitadora amb cable.<\/p>\n<p> <p><img src=\"https:\/\/activeshop.com.pl\/media\/wysiwyg\/product\/150974\/EN_150974_06.jpg\"><\/p> <\/p>\n<h2>Comoditat abans que res<\/h2>\n<p>El dispositiu est\u00e0 equipat amb una pantalla LED digital a color amb la possibilitat de canviar de color (blau, verd, rosa, vermell, verd blav\u00f3s, blanc, groc) i rotar la disposici\u00f3 de vertical a horitzontal. Aquesta soluci\u00f3 sens dubte facilitar\u00e0 la feina i millorar\u00e0 la comoditat d\u201f\u00fas segons les prefer\u00e8ncies personals. El seu maneig \u00e9s extremadament senzill gr\u00e0cies als seus tres botons. La interf\u00edcie \u00e9s senzilla i intu\u00eftiva. Mostra informaci\u00f3 com el nivell de bateria, el voltatge i la freq\u00fc\u00e8ncia actuals, el temps de funcionament i un dels tres modes seleccionats (M1, M2, M3), que podeu desar gr\u00e0cies a la mem\u00f2ria integrada.<\/p>\n<p> <p><img src=\"https:\/\/activeshop.com.pl\/media\/wysiwyg\/product\/150974\/EN_150974_07.jpg\"><\/p> <\/p>\n<h2>Aposta pel disseny i la funcionalitat<\/h2>\n<p>Les nostres afaitadores rotatives VISPA funcionen amb un motor el\u00e8ctric que acciona l&#039;agulla. Aquest sistema permet un treball silenci\u00f3s i, sobretot, suau, permetent contornejar amb precisi\u00f3, ombrejar a la perfecci\u00f3 i omplir \u00e0rees m\u00e9s extenses del tatuatge. La seva versatilitat no ho \u00e9s tot: estan fets de materials d&#039;alta qualitat, s\u00f3n c\u00f2modes d&#039;usar, lleugers i eficients, cosa que els converteix en un producte d&#039;aquest tipus sense concessions al mercat.<\/p>\n<p><strong>El joc inclou:<\/strong><\/p>\n<p>1x DISPOSITIU<br \/>2x AGARRE<br \/>2x BATERIES<br \/>1x ADAPTADOR RCA<br \/>1x CABLE USB-C\/USB-A<br \/>1x CABLE RCA-CINCH\/JACK 6.35 mm<br \/>2x CLAUS IMBUS<br \/>1x INSTRUCCIONS<br \/>1x CAIXA<\/p>\n<p><strong>Especificacions:<\/strong><\/p>\n<p>FABRICANT: EL CARTELL<br \/>TIPUS: rotatori<br \/>APLICACI\u00d3: universal \/ en cartutx<br \/>MATERIAL: alumini<br \/>COLOR: tons de negre i vermell<br \/>PES DEL DISPOSITIU: 165 g<br \/>PES DE LA BATERIA: 60 g<br \/>AMPLE D&#039;EMPANYADURA: 60 g<br \/>TIPUS DE MOTOR: sense nucli<br \/>VOLTATGE DE FUNCIONAMENT: 4-12 V CC<br \/>VOLTATGE D&#039;ARRENCADA: 0,3 segons a 9 V<br \/>RETALLADA: ajustable<br \/>VALOR DE RETALLADA: 2,4\/2,7\/3,0\/3,3\/3,6\/3,9\/4,2 mm<br \/>TIPUS DE BATERIA: pol\u00edmer de liti.<br \/>C\u00c0RREGA: connector USB-C integrat<br \/>TEMPS DE C\u00c0RREGA: fins a 60 minuts<br \/>DURADA DE LA BATERIA: fins a 7 hores<br \/>MEM\u00d2RIA INTEGRADA: capacitat per emmagatzemar 3 MODES D&#039;ALIMENTACI\u00d3 (M1\/M2\/M3)<br \/>PANTALLA LED INTEGRADA en angl\u00e8s<br \/>GARANTIA: 12 mesos<\/p>\n<p>Els productes Activeshop s\u00f3n proporcionalment m\u00e9s econ\u00f2mics que moltes altres marques\/prove\u00efdors. El preu est\u00e0 en relaci\u00f3 amb la qualitat. M\u00e0quina de Tatuatge El Cartell Vispa Rojo\/Negro \u00e9s per tant una soluci\u00f3 accessible per al seu sal\u00f3.<\/p>\n<h2>Com es lliura M\u00e0quina de Tatuatge El Cartel Vispa Rojo\/Negro?<\/h2>\n<p>M\u00e0quina de Tatuatge El Cartell Vispa Rojo\/Negro es lliura en embalatge(s) original(s). Dins Espanya l&#039;enviament de M\u00e0quina de Tatuatge El Cartell Vispa Rojo\/Negro \u00e9s completament gratu\u00eft per a comandes a partir de 100,- euros. Per a enviaments a altres pa\u00efsos, s&#039;apliquen tarifes d&#039;enviament separades. Podeu consultar aquestes tarifes amb nosaltres o veure-les al carret de compra. M\u00e0quina de Tatuatge El Cartell Vispa Rojo\/Negro s&#039;envia a trav\u00e9s d&#039;un servei de missatgeria extern.<\/p>\n<p>Els paquets o palets es lliuren de forma est\u00e0ndard fins al llindar de la porta principal, fins i tot si est\u00e0 ubicat en un edifici col\u00b7lectiu, edifici d&#039;apartaments o complex d&#039;apartaments amb ascensor (sempre que l&#039;article c\u00e0piga a l&#039;ascensor). No hi ha ascensor disponible o l&#039;article no hi cap a l&#039;ascensor? Aleshores lliurem fins al llindar de la planta baixa.<\/p>\n<p>Encara teniu preguntes sobre el lliurament o una situaci\u00f3 especial? Contacti&#039;ns i estarem encantats d&#039;ajudar-lo!<\/p>\n<p>*Els articles no es desembalen ni munten de forma est\u00e0ndard. En situacions especials ens pot contactar per fer acords sobre aix\u00f2.<\/p>\n<h2>Compra en l\u00ednia segura a Salon For All amb el segell de qualitat Webwinkelkeur i xifrat SSL<\/h2>\n<p>\u00c9s important per a nosaltres que els nostres clients puguin comprar de forma segura a la nostra botiga online. Estem afiliats al segell de qualitat nacional Webwinkelkeur des de 2019. La nostra identitat ha estat verificada i comprovada per ells, i la botiga en l\u00ednia ha estat revisada i aprovada legalment. A m\u00e9s, la nostra botiga en l\u00ednia est\u00e0 afiliada a ells per a la mediaci\u00f3 de conflictes. Podeu veure la ins\u00edgnia amb tota la informaci\u00f3 d&#039;aquest segell de qualitat de botiga en l\u00ednia al costat esquerre o dret de la botiga en l\u00ednia (bot\u00f3 rosa amb blanc). A m\u00e9s, el nostre lloc est\u00e0 protegit amb un certificat SSL perqu\u00e8 pugui navegar de manera segura amb nosaltres. A la barra del vostre navegador d&#039;Internet, on apareix el nostre lloc web, veureu una icona de cadenat. Si feu clic al cadenat, obtindreu tota la informaci\u00f3 sobre la nostra seguretat. D&#039;aquesta manera sap que la seva comanda de M\u00e0quina de Tatuatge El Cartel Vispa Rojo\/Negro i les seves dades personals es processen de manera segura.<\/p>\n<h2>Com puc pagar M\u00e0quina de Tatuatge El Cartel Vispa Rojo\/Negro?<\/h2>\n<p>Volem fer-ho el m\u00e9s f\u00e0cil possible. Per aix\u00f2 a Salon For All podeu pagar amb tots els m\u00e8todes de pagament coneguts i habituals. Pagar per avan\u00e7at, al lliurament oa posteriori; tot \u00e9s possible. Vegeu aqu\u00ed tots els m\u00e8todes de pagament que oferim:<\/p>\n<ul>\n<li>iDEAL<\/li>\n<li>Targeta de cr\u00e8dit (Visa, Mastercard, American Express)<\/li>\n<li>Klarna \u2013 Pagament a posteriori amb factura<\/li>\n<li>PayPal<\/li>\n<li>Apple Pay<\/li>\n<li>Google Pay<\/li>\n<li>Bizum (per a clients espanyols)<\/li>\n<li>Transfer\u00e8ncia banc\u00e0ria SEPA<\/li>\n<li>Bancontact<\/li>\n<li>Factura comercial per a empreses<\/li>\n<li>Pagament al showroom \u2013 Tant targeta com efectiu (Nom\u00e9s disponible en recollida)<\/li>\n<\/ul>\n<h2>Consulteu tamb\u00e9 les ressenyes de Salon For All<\/h2>\n<p>Consulteu tamb\u00e9 les nostres ressenyes per tenir en compte les experi\u00e8ncies dels nostres clients actuals en la vostra decisi\u00f3 de demanar M\u00e0quina De Tatuatge El Cartell Vispa Rojo\/Negro amb nosaltres. A trav\u00e9s del nostre segell de qualitat independent de botiga en l\u00ednia Webwinkelkeur, es recopilen autom\u00e0ticament ressenyes verificades de clients que han completat una comanda amb nosaltres. Podeu trobar-les darrere del bot\u00f3 rosa a la nostra botiga online o apareixen llistades sota els productes.<\/p>\n<p>Compartiu tamb\u00e9 la vostra experi\u00e8ncia despr\u00e9s de la vostra compra amb la vostra M\u00e0quina de Tatuatge El Cartell Vispa Rojo\/Negro comanda i la vostra experi\u00e8ncia amb el proc\u00e9s de compra o el contacte amb Salon For All per inspirar-ne d&#039;altres!<\/p>\n<h2>Contacte amb Salon For All<\/h2>\n<p>Contacteu-nos llavors. Estarem encantats d&#039;ajudar-vos amb l&#039;adquisici\u00f3 de M\u00e0quina de Tatuatge El Cartel Vispa Rojo\/Negro. En dies feiners estem millor disponibles entre les 8.30 i les 17.00 hores a trav\u00e9s del n\u00famero de tel\u00e8fon i adre\u00e7a de correu electr\u00f2nic a la part superior de la botiga en l\u00ednia oa trav\u00e9s de la funci\u00f3 de xat. Les consultes fora de l&#039;horari d&#039;oficina se solen respondre en un termini de 24 hores. Tamb\u00e9 podeu visitar-nos fora dels dies laborables o horari d&#039;oficina. Per\u00f2 per aix\u00f2 cal concertar una cita pr\u00e8via.<\/p>\n<h2>Voleu visitar el nostre showroom?<\/h2>\n<p>Prefereix veure M\u00e0quina de Tatuatge El Cartell Vispa Rojo\/Negro o rec\u00f3rrer la nostra oferta de la botiga (online) juntament amb el nostre col\u00b7lega? Aleshores visiteu el nostre showroom amb m\u00e9s de 1000m\u00b2 d&#039;equipament per a salons i deixeu-vos inspirar pels nostres empleats. Tamb\u00e9 si us agrada con\u00e8ixer-nos de manera agradable gaudint d&#039;una bona tassa de caf\u00e8 o te, \u00e9s molt benvingut. No tenim tots els productes en estoc, aix\u00ed que faci&#039;ns saber per endavant que voleu venir. Concerteu sempre una cita pr\u00e8via.<\/p>\n<h2>14 dies de reflexi\u00f3 i la nostra pol\u00edtica de devolucions<\/h2>\n<p>Per descomptat pot passar que M\u00e0quina De Tatuatge El Cartell Vispa Rojo\/Negro entregat no sigui completament del seu gust i vulgui tornar-lo. Aix\u00f2 no \u00e9s cap problema a Salon For All. Heu de notificar la vostra devoluci\u00f3 dins de 14 dies laborables a trav\u00e9s d&#039;info@salonforall.es. Aleshores rebr\u00e0 primer totes les instruccions i condicions de devoluci\u00f3. Tingueu en compte que M\u00e0quina de Tatuatge El Cartell Vispa Rojo\/Negro no ha d&#039;haver estat usat, ha de contenir totes les parts subministrades i s&#039;ha de tornar empaquetat a l&#039;embalatge original. Els costos d&#039;enviament d&#039;una devoluci\u00f3 sempre s\u00f3n a c\u00e0rrec del comprador en compres a trav\u00e9s de www.salonforall.es. Heu d&#039;organitzar vost\u00e8 mateix un transport amb una empresa de transport de la seva elecci\u00f3 per a una devoluci\u00f3. Quan M\u00e0quina de Tatuatge El Cartell Vispa Rojo\/Negro hagi estat retornat, es verificar\u00e0 la seva integritat i possibles danys. Quan la devoluci\u00f3 hagi estat aprovada, l&#039;import de la compra es reemborsar\u00e0 dins de 5 dies laborables al compte bancari que tenim registrat.<\/p>\n<h2>Qui \u00e9s Salon For All?<\/h2>\n<p>Salon For All \u00e9s EL majorista per a tot equipament de salons a Europa. Salon For All va comen\u00e7ar el 2003 sota el nom Salonvoordeel i va sorgir de la pr\u00e0ctica. Els propietaris de Salon For All eren perruquers i especialistes en bellesa experimentats i tenen plegats m\u00e9s de 30 anys d&#039;experi\u00e8ncia pr\u00e0ctica. El 2003 vam llan\u00e7ar Salonvoordeel.nl (Pa\u00efsos Baixos) i posteriorment es va fundar Salon For All per al mercat europeu. Alguns dels nostres empleats van iniciar el seu propi negoci i aix\u00ed va sorgir la idea de llan\u00e7ar una botiga online funcional per a perruquers i ajudar-los amb l&#039;equipament del sal\u00f3.<\/p>\n<p>El nostre showroom es troba a Dinxperlo, directament a la frontera entre els Pa\u00efsos Baixos i Alemanya. Amb la nostra \u00e0mplia experi\u00e8ncia en el sector us podem servir de mirall i proporcionar-vos l&#039;assessorament adequat. Parlem el mateix idioma! Us assessorem, inspirem, motivem i ajudem en l&#039;adquisici\u00f3 de M\u00e0quina de Tatuatge El Cartel Vispa Rojo\/Negro. Els nostres prove\u00efdors s\u00f3n a tot Europa, des d&#039;Alemanya, Anglaterra, It\u00e0lia fins a Pol\u00f2nia.<\/p>","protected":false},"excerpt":{"rendered":"<p>El producte M\u00e0quina de Tatuatge El Cartell Vispa Rojo\/Negro \u00e9s una soluci\u00f3 d&#039;alta qualitat per a qualsevol sal\u00f3. El termini de lliurament estimat \u00e9s de 6 dies feiners.<\/p>","protected":false},"featured_media":17491,"comment_status":"open","ping_status":"open","template":"","meta":[],"product_brand":[3025],"product_cat":[886,4690],"product_tag":[888,4691],"class_list":{"0":"post-17490","1":"product","2":"type-product","3":"status-publish","4":"has-post-thumbnail","6":"product_brand-el-cartel","7":"product_cat-equipos-para-estudios-de-tatuajes","8":"product_cat-maquina-de-tatuajes","9":"product_tag-equipos-para-estudios-de-tatuajes","10":"product_tag-maquina-de-tatuajes","11":"pa_codigo-ean-7759","12":"pa_garantia-12-meses","13":"pa_marca-el-cartel","14":"pa_numero-de-articulo-6486","15":"pa_tiempo-estimado-de-entrega-4-5-dias-laborables","17":"first","18":"instock","19":"sale","20":"taxable","21":"shipping-taxable","22":"purchasable","23":"product-type-simple"},"yoast_head":"<!-- This site is optimized with the Yoast SEO plugin v27.6 - https:\/\/yoast.com\/product\/yoast-seo-wordpress\/ -->\n<title>M\u00e1quina De Tatuaje El Cartel Vispa Rojo\/Negro comprar<\/title>\n<meta name=\"description\" content=\"Compra M\u00e1quina De Tatuaje El Cartel Vispa Rojo\/Negro online o en el showroom en Salon For ALL Espa\u00f1a. El mayorista para salones, consultas y spas en Espa\u00f1a y Portugal.\" \/>\n<meta name=\"robots\" content=\"index, follow, max-snippet:-1, max-image-preview:large, max-video-preview:-1\" \/>\n<link rel=\"canonical\" href=\"https:\/\/salonforall.es\/ca\/maquina-de-tatuatge-el-cartell-vespa-vermell-negre\/\" \/>\n<meta property=\"og:locale\" content=\"ca_ES\" \/>\n<meta property=\"og:type\" content=\"article\" \/>\n<meta property=\"og:title\" content=\"M\u00e1quina De Tatuaje El Cartel Vispa Rojo\/Negro\" \/>\n<meta property=\"og:description\" content=\"Compra M\u00e1quina De Tatuaje El Cartel Vispa Rojo\/Negro online o en el showroom en Salon For ALL Espa\u00f1a. El mayorista para salones, consultas y spas en Espa\u00f1a y Portugal.\" \/>\n<meta property=\"og:url\" content=\"https:\/\/salonforall.es\/ca\/maquina-de-tatuatge-el-cartell-vespa-vermell-negre\/\" \/>\n<meta property=\"og:site_name\" content=\"Salon For ALL Espa\u00f1a\" \/>\n<meta property=\"article:modified_time\" content=\"2026-03-24T16:32:51+00:00\" \/>\n<meta property=\"og:image\" content=\"https:\/\/salonforall.es\/wp-content\/uploads\/2025\/12\/Maquina-De-Tatuaje-El-Cartel-Vispa-RojoNegro.jpg\" \/>\n\t<meta property=\"og:image:width\" content=\"1200\" \/>\n\t<meta property=\"og:image:height\" content=\"1200\" \/>\n\t<meta property=\"og:image:type\" content=\"image\/jpeg\" \/>\n<meta name=\"twitter:card\" content=\"summary_large_image\" \/>\n<meta name=\"twitter:title\" content=\"M\u00e1quina De Tatuaje El Cartel Vispa Rojo\/Negro\" \/>\n<meta name=\"twitter:label1\" content=\"Temps estimat de lectura\" \/>\n\t<meta name=\"twitter:data1\" content=\"10 minuts\" \/>\n<script type=\"application\/ld+json\" class=\"yoast-schema-graph\">{\"@context\":\"https:\\\/\\\/schema.org\",\"@graph\":[{\"@type\":\"WebPage\",\"@id\":\"https:\\\/\\\/salonforall.es\\\/maquina-de-tatuaje-el-cartel-vispa-rojo-negro\\\/\",\"url\":\"https:\\\/\\\/salonforall.es\\\/maquina-de-tatuaje-el-cartel-vispa-rojo-negro\\\/\",\"name\":\"M\u00e1quina De Tatuaje El Cartel Vispa Rojo\\\/Negro comprar\",\"isPartOf\":{\"@id\":\"https:\\\/\\\/salonforall.es\\\/#website\"},\"primaryImageOfPage\":{\"@id\":\"https:\\\/\\\/salonforall.es\\\/maquina-de-tatuaje-el-cartel-vispa-rojo-negro\\\/#primaryimage\"},\"image\":{\"@id\":\"https:\\\/\\\/salonforall.es\\\/maquina-de-tatuaje-el-cartel-vispa-rojo-negro\\\/#primaryimage\"},\"thumbnailUrl\":\"https:\\\/\\\/salonforall.es\\\/wp-content\\\/uploads\\\/2025\\\/12\\\/Maquina-De-Tatuaje-El-Cartel-Vispa-RojoNegro.jpg\",\"datePublished\":\"2025-12-02T13:52:51+00:00\",\"dateModified\":\"2026-03-24T16:32:51+00:00\",\"description\":\"Compra M\u00e1quina De Tatuaje El Cartel Vispa Rojo\\\/Negro online o en el showroom en Salon For ALL Espa\u00f1a. El mayorista para salones, consultas y spas en Espa\u00f1a y Portugal.\",\"breadcrumb\":{\"@id\":\"https:\\\/\\\/salonforall.es\\\/maquina-de-tatuaje-el-cartel-vispa-rojo-negro\\\/#breadcrumb\"},\"inLanguage\":\"ca\",\"potentialAction\":[{\"@type\":\"ReadAction\",\"target\":[\"https:\\\/\\\/salonforall.es\\\/maquina-de-tatuaje-el-cartel-vispa-rojo-negro\\\/\"]}]},{\"@type\":\"ImageObject\",\"inLanguage\":\"ca\",\"@id\":\"https:\\\/\\\/salonforall.es\\\/maquina-de-tatuaje-el-cartel-vispa-rojo-negro\\\/#primaryimage\",\"url\":\"https:\\\/\\\/salonforall.es\\\/wp-content\\\/uploads\\\/2025\\\/12\\\/Maquina-De-Tatuaje-El-Cartel-Vispa-RojoNegro.jpg\",\"contentUrl\":\"https:\\\/\\\/salonforall.es\\\/wp-content\\\/uploads\\\/2025\\\/12\\\/Maquina-De-Tatuaje-El-Cartel-Vispa-RojoNegro.jpg\",\"width\":1200,\"height\":1200,\"caption\":\"M\u00e1quina De Tatuaje El Cartel Vispa Rojo\\\/Negro\"},{\"@type\":\"BreadcrumbList\",\"@id\":\"https:\\\/\\\/salonforall.es\\\/maquina-de-tatuaje-el-cartel-vispa-rojo-negro\\\/#breadcrumb\",\"itemListElement\":[{\"@type\":\"ListItem\",\"position\":1,\"name\":\"Home\",\"item\":\"https:\\\/\\\/salonforall.es\\\/\"},{\"@type\":\"ListItem\",\"position\":2,\"name\":\"Winkel\",\"item\":\"https:\\\/\\\/salonforall.es\\\/winkel\\\/\"},{\"@type\":\"ListItem\",\"position\":3,\"name\":\"M\u00e1quina De Tatuaje El Cartel Vispa Rojo\\\/Negro\"}]},{\"@type\":\"WebSite\",\"@id\":\"https:\\\/\\\/salonforall.es\\\/#website\",\"url\":\"https:\\\/\\\/salonforall.es\\\/\",\"name\":\"Salon For ALL Espa\u00f1a\",\"description\":\"Mayorista de mobiliario y suministros para consultorios y salones\",\"publisher\":{\"@id\":\"https:\\\/\\\/salonforall.es\\\/#organization\"},\"potentialAction\":[{\"@type\":\"SearchAction\",\"target\":{\"@type\":\"EntryPoint\",\"urlTemplate\":\"https:\\\/\\\/salonforall.es\\\/?s={search_term_string}\"},\"query-input\":{\"@type\":\"PropertyValueSpecification\",\"valueRequired\":true,\"valueName\":\"search_term_string\"}}],\"inLanguage\":\"ca\"},{\"@type\":\"Organization\",\"@id\":\"https:\\\/\\\/salonforall.es\\\/#organization\",\"name\":\"Salon For All B.V. Espa\u00f1a\",\"alternateName\":\"Salon For All B.V. Espa\u00f1a - Mayorista de equipamiento para consultas, salones y suministros\",\"url\":\"https:\\\/\\\/salonforall.es\\\/\",\"logo\":{\"@type\":\"ImageObject\",\"inLanguage\":\"ca\",\"@id\":\"https:\\\/\\\/salonforall.es\\\/#\\\/schema\\\/logo\\\/image\\\/\",\"url\":\"https:\\\/\\\/salonforall.es\\\/wp-content\\\/uploads\\\/2025\\\/11\\\/logo-salon-for-all-e1764543185849.png\",\"contentUrl\":\"https:\\\/\\\/salonforall.es\\\/wp-content\\\/uploads\\\/2025\\\/11\\\/logo-salon-for-all-e1764543185849.png\",\"width\":500,\"height\":150,\"caption\":\"Salon For All B.V. Espa\u00f1a\"},\"image\":{\"@id\":\"https:\\\/\\\/salonforall.es\\\/#\\\/schema\\\/logo\\\/image\\\/\"}}]}<\/script>\n<!-- \/ Yoast SEO plugin. -->","yoast_head_json":{"title":"M\u00e0quina de Tatuatge El Cartell Vispa Vermell\/Negre comprar","description":"Compra M\u00e0quina de Tatuatge El Cartell Vispa Vermell\/Negre online o al showroom a Salon For ALL Espanya. El majorista per a salons, consultes i spas a Espanya i Portugal.","robots":{"index":"index","follow":"follow","max-snippet":"max-snippet:-1","max-image-preview":"max-image-preview:large","max-video-preview":"max-video-preview:-1"},"canonical":"https:\/\/salonforall.es\/ca\/maquina-de-tatuatge-el-cartell-vespa-vermell-negre\/","og_locale":"ca_ES","og_type":"article","og_title":"M\u00e1quina De Tatuaje El Cartel Vispa Rojo\/Negro","og_description":"Compra M\u00e1quina De Tatuaje El Cartel Vispa Rojo\/Negro online o en el showroom en Salon For ALL Espa\u00f1a. El mayorista para salones, consultas y spas en Espa\u00f1a y Portugal.","og_url":"https:\/\/salonforall.es\/ca\/maquina-de-tatuatge-el-cartell-vespa-vermell-negre\/","og_site_name":"Salon For ALL Espa\u00f1a","article_modified_time":"2026-03-24T16:32:51+00:00","og_image":[{"width":1200,"height":1200,"url":"https:\/\/salonforall.es\/wp-content\/uploads\/2025\/12\/Maquina-De-Tatuaje-El-Cartel-Vispa-RojoNegro.jpg","type":"image\/jpeg"}],"twitter_card":"summary_large_image","twitter_title":"M\u00e1quina De Tatuaje El Cartel Vispa Rojo\/Negro","twitter_misc":{"Temps estimat de lectura":"10 minuts"},"schema":{"@context":"https:\/\/schema.org","@graph":[{"@type":"WebPage","@id":"https:\/\/salonforall.es\/maquina-de-tatuaje-el-cartel-vispa-rojo-negro\/","url":"https:\/\/salonforall.es\/maquina-de-tatuaje-el-cartel-vispa-rojo-negro\/","name":"M\u00e0quina de Tatuatge El Cartell Vispa Vermell\/Negre comprar","isPartOf":{"@id":"https:\/\/salonforall.es\/#website"},"primaryImageOfPage":{"@id":"https:\/\/salonforall.es\/maquina-de-tatuaje-el-cartel-vispa-rojo-negro\/#primaryimage"},"image":{"@id":"https:\/\/salonforall.es\/maquina-de-tatuaje-el-cartel-vispa-rojo-negro\/#primaryimage"},"thumbnailUrl":"https:\/\/salonforall.es\/wp-content\/uploads\/2025\/12\/Maquina-De-Tatuaje-El-Cartel-Vispa-RojoNegro.jpg","datePublished":"2025-12-02T13:52:51+00:00","dateModified":"2026-03-24T16:32:51+00:00","description":"Compra M\u00e0quina de Tatuatge El Cartell Vispa Vermell\/Negre online o al showroom a Salon For ALL Espanya. El majorista per a salons, consultes i spas a Espanya i Portugal.","breadcrumb":{"@id":"https:\/\/salonforall.es\/maquina-de-tatuaje-el-cartel-vispa-rojo-negro\/#breadcrumb"},"inLanguage":"ca","potentialAction":[{"@type":"ReadAction","target":["https:\/\/salonforall.es\/maquina-de-tatuaje-el-cartel-vispa-rojo-negro\/"]}]},{"@type":"ImageObject","inLanguage":"ca","@id":"https:\/\/salonforall.es\/maquina-de-tatuaje-el-cartel-vispa-rojo-negro\/#primaryimage","url":"https:\/\/salonforall.es\/wp-content\/uploads\/2025\/12\/Maquina-De-Tatuaje-El-Cartel-Vispa-RojoNegro.jpg","contentUrl":"https:\/\/salonforall.es\/wp-content\/uploads\/2025\/12\/Maquina-De-Tatuaje-El-Cartel-Vispa-RojoNegro.jpg","width":1200,"height":1200,"caption":"M\u00e1quina De Tatuaje El Cartel Vispa Rojo\/Negro"},{"@type":"BreadcrumbList","@id":"https:\/\/salonforall.es\/maquina-de-tatuaje-el-cartel-vispa-rojo-negro\/#breadcrumb","itemListElement":[{"@type":"ListItem","position":1,"name":"Home","item":"https:\/\/salonforall.es\/"},{"@type":"ListItem","position":2,"name":"Winkel","item":"https:\/\/salonforall.es\/winkel\/"},{"@type":"ListItem","position":3,"name":"M\u00e1quina De Tatuaje El Cartel Vispa Rojo\/Negro"}]},{"@type":"WebSite","@id":"https:\/\/salonforall.es\/#website","url":"https:\/\/salonforall.es\/","name":"Salon For ALL Espanya","description":"Majorista de mobiliari i subministraments per a consultoris i salons","publisher":{"@id":"https:\/\/salonforall.es\/#organization"},"potentialAction":[{"@type":"SearchAction","target":{"@type":"EntryPoint","urlTemplate":"https:\/\/salonforall.es\/?s={search_term_string}"},"query-input":{"@type":"PropertyValueSpecification","valueRequired":true,"valueName":"search_term_string"}}],"inLanguage":"ca"},{"@type":"Organization","@id":"https:\/\/salonforall.es\/#organization","name":"Salon For All BV Espanya","alternateName":"Salon For All B.V. Espa\u00f1a - Mayorista de equipamiento para consultas, salones y suministros","url":"https:\/\/salonforall.es\/","logo":{"@type":"ImageObject","inLanguage":"ca","@id":"https:\/\/salonforall.es\/#\/schema\/logo\/image\/","url":"https:\/\/salonforall.es\/wp-content\/uploads\/2025\/11\/logo-salon-for-all-e1764543185849.png","contentUrl":"https:\/\/salonforall.es\/wp-content\/uploads\/2025\/11\/logo-salon-for-all-e1764543185849.png","width":500,"height":150,"caption":"Salon For All B.V. Espa\u00f1a"},"image":{"@id":"https:\/\/salonforall.es\/#\/schema\/logo\/image\/"}}]}},"_links":{"self":[{"href":"https:\/\/salonforall.es\/ca\/wp-json\/wp\/v2\/product\/17490","targetHints":{"allow":["GET"]}}],"collection":[{"href":"https:\/\/salonforall.es\/ca\/wp-json\/wp\/v2\/product"}],"about":[{"href":"https:\/\/salonforall.es\/ca\/wp-json\/wp\/v2\/types\/product"}],"replies":[{"embeddable":true,"href":"https:\/\/salonforall.es\/ca\/wp-json\/wp\/v2\/comments?post=17490"}],"wp:featuredmedia":[{"embeddable":true,"href":"https:\/\/salonforall.es\/ca\/wp-json\/wp\/v2\/media\/17491"}],"wp:attachment":[{"href":"https:\/\/salonforall.es\/ca\/wp-json\/wp\/v2\/media?parent=17490"}],"wp:term":[{"taxonomy":"product_brand","embeddable":true,"href":"https:\/\/salonforall.es\/ca\/wp-json\/wp\/v2\/product_brand?post=17490"},{"taxonomy":"product_cat","embeddable":true,"href":"https:\/\/salonforall.es\/ca\/wp-json\/wp\/v2\/product_cat?post=17490"},{"taxonomy":"product_tag","embeddable":true,"href":"https:\/\/salonforall.es\/ca\/wp-json\/wp\/v2\/product_tag?post=17490"}],"curies":[{"name":"wp","href":"https:\/\/api.w.org\/{rel}","templated":true}]}}