{"id":17421,"date":"2025-12-02T14:50:46","date_gmt":"2025-12-02T13:50:46","guid":{"rendered":"https:\/\/salonforall.es\/product\/taladro-de-unas-viva-pro-602-sin-escobillas\/"},"modified":"2026-03-24T17:32:20","modified_gmt":"2026-03-24T16:32:20","slug":"taladro-de-unas-viva-pro-602-sin-escobillas","status":"publish","type":"product","link":"https:\/\/salonforall.es\/ca\/taladro-de-unas-viva-pro-602-sin-escobillas\/","title":{"rendered":"Trepant D&#039;ungles Viva Pro 602 Sense Escombretes"},"content":{"rendered":"<h2>Informaci\u00f3n sobre Taladro De U\u00f1as Viva Pro 602 Sin Escobillas con n\u00famero de art\u00edculo 149674<\/h2>\n<p><img decoding=\"async\" src=\"https:\/\/activeshop.com.pl\/media\/wysiwyg\/product\/149674\/EN_149674_01.jpg\"><\/p>\n<p><strong>VISCA<\/strong> es una marca que ofrece tornos modernos para manicura que combinan un dise\u00f1o futurista con facilidad de uso. Ligeros y compactos, fueron creados pensando en profesionales y entusiastas del estilismo de u\u00f1as.<\/p>\n<p><img decoding=\"async\" src=\"https:\/\/activeshop.com.pl\/media\/wysiwyg\/product\/149674\/EN_149674_02.jpg\"><\/p>\n<h2><strong>Preparaci\u00f3n precisa de u\u00f1as y cut\u00edculas<\/strong><\/h2>\n<p>El moderno torno de u\u00f1as VIVA PRO 602 es un dispositivo profesional perfecto para realizar manicuras y pedicuras. Permite una preparaci\u00f3n eficiente de las cut\u00edculas, la eliminaci\u00f3n de restos de estilismos anteriores y la preparaci\u00f3n de las u\u00f1as para tratamientos posteriores. Su dise\u00f1o moderno y elegante hace que el dispositivo se integre perfectamente en cualquier interior y, gracias a su manejo intuitivo, es perfecto tanto para profesionales como para principiantes.<\/p>\n<p><img decoding=\"async\" src=\"https:\/\/activeshop.com.pl\/media\/wysiwyg\/product\/149674\/EN_149674_03.jpg\"><\/p>\n<h2><strong>Cabezal sin escobillas con sistema Twist-Lock<\/strong><\/h2>\n<p>El cabezal delgado con elementos antideslizantes se adapta perfectamente a la mano y proporciona comodidad y precisi\u00f3n de trabajo. La forma ergon\u00f3mica y el equilibrio adecuado del cabezal garantizan un uso c\u00f3modo, mientras que la s\u00f3lida construcci\u00f3n y la reducci\u00f3n significativa de las vibraciones garantizan un trabajo preciso y seguro. Las soluciones empleadas evitan la fatiga excesiva de la mano. El sistema Twist-Lock facilita la sustituci\u00f3n r\u00e1pida y sencilla de las brocas, lo que hace que el uso del dispositivo sea extremadamente sencillo e intuitivo, satisfaciendo incluso a los usuarios m\u00e1s exigentes.<\/p>\n<p><img decoding=\"async\" src=\"https:\/\/activeshop.com.pl\/media\/wysiwyg\/product\/149674\/EN_149674_04.jpg\"><\/p>\n<h2><strong>Funcionamiento intuitivo y ajuste suave<\/strong><\/h2>\n<p>La perilla permite un ajuste suave de la velocidad del cabezal hasta 35 000 revoluciones por minuto, lo que permite una personalizaci\u00f3n precisa y una realizaci\u00f3n c\u00f3moda de diversos tratamientos. El panel t\u00e1ctil permite cambiar f\u00e1cilmente la direcci\u00f3n de rotaci\u00f3n, as\u00ed como detener el dispositivo (funci\u00f3n de pausa), lo que proporciona un control total sobre el taladro de u\u00f1as y facilita la adaptaci\u00f3n de su funcionamiento a servicios espec\u00edficos. La pantalla clara muestra el estado del dispositivo: informa sobre la velocidad y la direcci\u00f3n de rotaci\u00f3n, as\u00ed como si la pausa est\u00e1 activada. Adem\u00e1s, el cable trenzado garantiza una mayor durabilidad y flexibilidad, adem\u00e1s de una gran comodidad de trabajo.<\/p>\n<p><img decoding=\"async\" src=\"https:\/\/activeshop.com.pl\/media\/wysiwyg\/product\/149674\/EN_149674_05.jpg\"><\/p>\n<h2><strong>Funcionalidades precisas para un uso c\u00f3modo<\/strong><\/h2>\n<p>El taladro de u\u00f1as proporciona una gran comodidad de trabajo gracias a su funcionamiento silencioso, sin distraer al profesional ni perturbar la tranquilidad de los clientes. Durante el trabajo, el cabezal se puede colocar de forma segura en el soporte espec\u00edfico incluido en el set, lo que aumenta la comodidad y la seguridad. Adem\u00e1s, el set incluye una pr\u00e1ctica broca c\u00f3nica de cer\u00e1mica para u\u00f1as, que ofrece versatilidad y facilita la realizaci\u00f3n de diversos tratamientos.<\/p>\n<p><img decoding=\"async\" src=\"https:\/\/activeshop.com.pl\/media\/wysiwyg\/product\/149674\/EN_149674_06.jpg\"><\/p>\n<h2><strong>Dispositivo innovador y funcional<\/strong><\/h2>\n<p>La futurista carcasa met\u00e1lica en tonos grises no solo garantiza durabilidad y facilidad de limpieza. Sus dimensiones compactas permiten su uso tanto en salones de belleza, servicios m\u00f3viles como en casa. Los elementos antideslizantes en la base estabilizan el equipo durante el trabajo y protegen la superficie sobre la que se apoya. Gracias a estas caracter\u00edsticas, el taladro de u\u00f1as combina a la perfecci\u00f3n funcionalidad y est\u00e9tica, convirti\u00e9ndose en un elemento elegante del dise\u00f1o interior y realzando el car\u00e1cter moderno de la estancia.<\/p>\n<div class=\"video-container\"><iframe loading=\"lazy\" src=\"https:\/\/www.youtube.com\/embed\/DC7zsjGXjH8\" width=\"560\" height=\"315\" frameborder=\"0\" allowfullscreen=\"allowfullscreen\"><\/iframe><\/div>\n<p><strong>Inclou:<\/strong> base para taladro de u\u00f1as, cabezal sin escobillas, soporte para cabezal, cable trenzado para el cabezal, fuente de alimentaci\u00f3n, broca c\u00f3nica para u\u00f1as, instrucciones.<\/p>\n<p><strong>Dades:<\/strong><br \/>Color: tons de gris<br \/>Velocidad de rotaci\u00f3n: 35 000 RPM<br \/>Cabezal con mecanismo Twist-Lock<br \/>Peso del cabezal: 153 g<br \/>Potencia: 48 W<br \/>Garant\u00eda: 12 meses meses<\/p>\n<p>Los productos Activeshop son proporcionalmente m\u00e1s econ\u00f3micos que muchas otras marcas\/proveedores. El precio est\u00e1 en relaci\u00f3n con la calidad. Taladro De U\u00f1as Viva Pro 602 Sin Escobillas es por lo tanto una soluci\u00f3n accesible para su sal\u00f3n.<\/p>\n<h2>\u00bfC\u00f3mo se entrega Taladro De U\u00f1as Viva Pro 602 Sin Escobillas?<\/h2>\n<p>Taladro De U\u00f1as Viva Pro 602 Sin Escobillas se entrega en embalaje(s) original(es). Dentro de Espa\u00f1a el env\u00edo de Taladro De U\u00f1as Viva Pro 602 Sin Escobillas es completamente gratuito para pedidos a partir de 100,- euros. Para env\u00edos a otros pa\u00edses se aplican tarifas de env\u00edo separadas. Puede consultar estas tarifas con nosotros o verlas en el carrito de compra. Taladro De U\u00f1as Viva Pro 602 Sin Escobillas se env\u00eda a trav\u00e9s de un servicio de mensajer\u00eda externo.<\/p>\n<p>Els paquets o palets es lliuren de forma est\u00e0ndard fins al llindar de la porta principal, fins i tot si est\u00e0 ubicat en un edifici col\u00b7lectiu, edifici d&#039;apartaments o complex d&#039;apartaments amb ascensor (sempre que l&#039;article c\u00e0piga a l&#039;ascensor). No hi ha ascensor disponible o l&#039;article no hi cap a l&#039;ascensor? Aleshores lliurem fins al llindar de la planta baixa.<\/p>\n<p>Encara teniu preguntes sobre el lliurament o una situaci\u00f3 especial? Contacti&#039;ns i estarem encantats d&#039;ajudar-lo!<\/p>\n<p>*Els articles no es desembalen ni munten de forma est\u00e0ndard. En situacions especials ens pot contactar per fer acords sobre aix\u00f2.<\/p>\n<h2>Compra en l\u00ednia segura a Salon For All amb el segell de qualitat Webwinkelkeur i xifrat SSL<\/h2>\n<p>Es importante para nosotros que nuestros clientes puedan comprar de forma segura en nuestra tienda online. Estamos afiliados al sello de calidad nacional Webwinkelkeur desde 2019. Nuestra identidad ha sido verificada y comprobada por ellos, y la tienda online ha sido revisada y aprobada legalmente. Adem\u00e1s, nuestra tienda online est\u00e1 afiliada a ellos para la mediaci\u00f3n de conflictos. Puede ver la insignia con toda la informaci\u00f3n de este sello de calidad de tienda online en el lado izquierdo o derecho de la tienda online (bot\u00f3n rosa con blanco). Adem\u00e1s, nuestro sitio est\u00e1 protegido con un certificado SSL para que pueda navegar de forma segura con nosotros. En la barra de su navegador de Internet, donde aparece nuestro sitio web, ver\u00e1 un icono de candado. Si hace clic en el candado, obtendr\u00e1 toda la informaci\u00f3n sobre nuestra seguridad. De esta manera sabe que su pedido de Taladro De U\u00f1as Viva Pro 602 Sin Escobillas y sus datos personales se procesan de forma segura.<\/p>\n<h2>\u00bfC\u00f3mo puedo pagar Taladro De U\u00f1as Viva Pro 602 Sin Escobillas?<\/h2>\n<p>Volem fer-ho el m\u00e9s f\u00e0cil possible. Per aix\u00f2 a Salon For All podeu pagar amb tots els m\u00e8todes de pagament coneguts i habituals. Pagar per avan\u00e7at, al lliurament oa posteriori; tot \u00e9s possible. Vegeu aqu\u00ed tots els m\u00e8todes de pagament que oferim:<\/p>\n<ul>\n<li>iDEAL<\/li>\n<li>Targeta de cr\u00e8dit (Visa, Mastercard, American Express)<\/li>\n<li>Klarna \u2013 Pagament a posteriori amb factura<\/li>\n<li>PayPal<\/li>\n<li>Apple Pay<\/li>\n<li>Google Pay<\/li>\n<li>Bizum (per a clients espanyols)<\/li>\n<li>Transfer\u00e8ncia banc\u00e0ria SEPA<\/li>\n<li>Bancontact<\/li>\n<li>Factura comercial per a empreses<\/li>\n<li>Pagament al showroom \u2013 Tant targeta com efectiu (Nom\u00e9s disponible en recollida)<\/li>\n<\/ul>\n<h2>Consulteu tamb\u00e9 les ressenyes de Salon For All<\/h2>\n<p>Consulte tambi\u00e9n nuestras rese\u00f1as para tener en cuenta las experiencias de nuestros clientes actuales en su decisi\u00f3n de pedir Taladro De U\u00f1as Viva Pro 602 Sin Escobillas con nosotros. A trav\u00e9s de nuestro sello de calidad independiente de tienda online Webwinkelkeur, se recopilan autom\u00e1ticamente rese\u00f1as verificadas de clientes que han completado un pedido con nosotros. Puede encontrarlas detr\u00e1s del bot\u00f3n rosa en nuestra tienda online o aparecen listadas debajo de los productos.<\/p>\n<p>\u00a1Comparta tambi\u00e9n su experiencia despu\u00e9s de su compra con su Taladro De U\u00f1as Viva Pro 602 Sin Escobillas pedido y su experiencia con el proceso de compra o el contacto con Salon For All para inspirar a otros!<\/p>\n<h2>Contacte amb Salon For All<\/h2>\n<p>Cont\u00e1ctenos entonces. Estaremos encantados de ayudarle con la adquisici\u00f3n de Taladro De U\u00f1as Viva Pro 602 Sin Escobillas. En d\u00edas laborables estamos mejor disponibles entre las 8.30 y las 17.00 horas a trav\u00e9s del n\u00famero de tel\u00e9fono y direcci\u00f3n de correo electr\u00f3nico en la parte superior de la tienda online o a trav\u00e9s de la funci\u00f3n de chat. Las consultas fuera del horario de oficina suelen responderse en un plazo de 24 horas. Tambi\u00e9n es posible visitarnos fuera de los d\u00edas laborables u horario de oficina. Pero para ello es necesario concertar una cita previa.<\/p>\n<h2>Voleu visitar el nostre showroom?<\/h2>\n<p>\u00bfPrefiere ver Taladro De U\u00f1as Viva Pro 602 Sin Escobillas o recorrer nuestra oferta de la tienda (online) junto con nuestro colega? Entonces visite nuestro showroom con m\u00e1s de 1000m\u00b2 de equipamiento para salones y d\u00e9jese inspirar por nuestros empleados. Tambi\u00e9n si le gusta conocernos de manera agradable disfrutando de una buena taza de caf\u00e9 o t\u00e9, es muy bienvenido. No tenemos todos los productos en stock, as\u00ed que h\u00e1ganos saber de antemano que desea venir. Concierte siempre una cita previa.<\/p>\n<h2>14 dies de reflexi\u00f3 i la nostra pol\u00edtica de devolucions<\/h2>\n<p>Por supuesto puede ocurrir que Taladro De U\u00f1as Viva Pro 602 Sin Escobillas entregado no sea completamente de su agrado y desee devolverlo. Eso no es ning\u00fan problema en Salon For All. Debe notificar su devoluci\u00f3n dentro de 14 d\u00edas laborables a trav\u00e9s de info@salonforall.es. Entonces recibir\u00e1 primero todas las instrucciones y condiciones de devoluci\u00f3n. Tenga en cuenta que Taladro De U\u00f1as Viva Pro 602 Sin Escobillas no debe haber sido usado, debe contener todas las partes suministradas y debe devolverse empaquetado en el embalaje original. Los costos de env\u00edo de una devoluci\u00f3n son siempre a cargo del comprador en compras a trav\u00e9s de www.salonforall.es. Debe organizar usted mismo un transporte con una empresa de transporte de su elecci\u00f3n para una devoluci\u00f3n. Una vez que Taladro De U\u00f1as Viva Pro 602 Sin Escobillas haya sido devuelto, se verificar\u00e1 su integridad y posibles da\u00f1os. Una vez que la devoluci\u00f3n haya sido aprobada, el importe de la compra se reembolsar\u00e1 dentro de 5 d\u00edas laborables a la cuenta bancaria que tenemos registrada.<\/p>\n<h2>Qui \u00e9s Salon For All?<\/h2>\n<p>Salon For All \u00e9s EL majorista per a tot equipament de salons a Europa. Salon For All va comen\u00e7ar el 2003 sota el nom Salonvoordeel i va sorgir de la pr\u00e0ctica. Els propietaris de Salon For All eren perruquers i especialistes en bellesa experimentats i tenen plegats m\u00e9s de 30 anys d&#039;experi\u00e8ncia pr\u00e0ctica. El 2003 vam llan\u00e7ar Salonvoordeel.nl (Pa\u00efsos Baixos) i posteriorment es va fundar Salon For All per al mercat europeu. Alguns dels nostres empleats van iniciar el seu propi negoci i aix\u00ed va sorgir la idea de llan\u00e7ar una botiga online funcional per a perruquers i ajudar-los amb l&#039;equipament del sal\u00f3.<\/p>\n<p>Nuestro showroom se encuentra en Dinxperlo, directamente en la frontera entre los Pa\u00edses Bajos y Alemania. Con nuestra amplia experiencia en el sector podemos servirle de espejo y proporcionarle el asesoramiento adecuado. \u00a1Hablamos el mismo idioma! Le asesoramos, inspiramos, motivamos y ayudamos en la adquisici\u00f3n de Taladro De U\u00f1as Viva Pro 602 Sin Escobillas. Nuestros proveedores se encuentran en toda Europa, desde Alemania, Inglaterra, Italia hasta Polonia.<\/p>","protected":false},"excerpt":{"rendered":"<p>El producte Trepant D&#039;ungles Viva Pro 602 Sense Escobillas \u00e9s una soluci\u00f3 d&#039;alta qualitat per a qualsevol sal\u00f3. El termini de lliurament estimat \u00e9s de 6 dies laborables aproximadament.<\/p>","protected":false},"featured_media":17422,"comment_status":"open","ping_status":"open","template":"","meta":[],"product_brand":[6467],"product_cat":[534,533],"product_tag":[536,535],"class_list":{"0":"post-17421","1":"product","2":"type-product","3":"status-publish","4":"has-post-thumbnail","6":"product_brand-viva","7":"product_cat-taladros-para-unas","8":"product_cat-taladros-y-brocas-para-unas","9":"product_tag-taladros-para-unas","10":"product_tag-taladros-y-brocas-para-unas","11":"pa_codigo-ean-7759","12":"pa_garantia-12-meses","13":"pa_marca-viva","14":"pa_numero-de-articulo-6468","15":"pa_tiempo-estimado-de-entrega-4-5-dias-laborables","17":"first","18":"outofstock","19":"sale","20":"taxable","21":"shipping-taxable","22":"purchasable","23":"product-type-simple"},"yoast_head":"<!-- This site is optimized with the Yoast SEO plugin v27.4 - https:\/\/yoast.com\/product\/yoast-seo-wordpress\/ -->\n<title>Taladro De U\u00f1as Viva Pro 602 Sin Escobillas comprar<\/title>\n<meta name=\"description\" content=\"Compra Taladro De U\u00f1as Viva Pro 602 Sin Escobillas online o en el showroom en Salon For ALL Espa\u00f1a. El mayorista para salones, consultas y spas en Espa\u00f1a y Portugal.\" \/>\n<meta name=\"robots\" content=\"index, follow, max-snippet:-1, max-image-preview:large, max-video-preview:-1\" \/>\n<link rel=\"canonical\" href=\"https:\/\/salonforall.es\/ca\/taladro-de-unas-viva-pro-602-sin-escobillas\/\" \/>\n<meta property=\"og:locale\" content=\"ca_ES\" \/>\n<meta property=\"og:type\" content=\"article\" \/>\n<meta property=\"og:title\" content=\"Taladro De U\u00f1as Viva Pro 602 Sin Escobillas\" \/>\n<meta property=\"og:description\" content=\"Compra Taladro De U\u00f1as Viva Pro 602 Sin Escobillas online o en el showroom en Salon For ALL Espa\u00f1a. El mayorista para salones, consultas y spas en Espa\u00f1a y Portugal.\" \/>\n<meta property=\"og:url\" content=\"https:\/\/salonforall.es\/ca\/taladro-de-unas-viva-pro-602-sin-escobillas\/\" \/>\n<meta property=\"og:site_name\" content=\"Salon For ALL Espa\u00f1a\" \/>\n<meta property=\"article:modified_time\" content=\"2026-03-24T16:32:20+00:00\" \/>\n<meta property=\"og:image\" content=\"https:\/\/salonforall.es\/wp-content\/uploads\/2025\/12\/Taladro-De-Unas-Viva-Pro-602-Sin-Escobillas.jpg\" \/>\n\t<meta property=\"og:image:width\" content=\"1200\" \/>\n\t<meta property=\"og:image:height\" content=\"1200\" \/>\n\t<meta property=\"og:image:type\" content=\"image\/jpeg\" \/>\n<meta name=\"twitter:card\" content=\"summary_large_image\" \/>\n<meta name=\"twitter:title\" content=\"Taladro De U\u00f1as Viva Pro 602 Sin Escobillas\" \/>\n<meta name=\"twitter:label1\" content=\"Temps estimat de lectura\" \/>\n\t<meta name=\"twitter:data1\" content=\"9 minuts\" \/>\n<script type=\"application\/ld+json\" class=\"yoast-schema-graph\">{\"@context\":\"https:\\\/\\\/schema.org\",\"@graph\":[{\"@type\":\"WebPage\",\"@id\":\"https:\\\/\\\/salonforall.es\\\/taladro-de-unas-viva-pro-602-sin-escobillas\\\/\",\"url\":\"https:\\\/\\\/salonforall.es\\\/taladro-de-unas-viva-pro-602-sin-escobillas\\\/\",\"name\":\"Taladro De U\u00f1as Viva Pro 602 Sin Escobillas comprar\",\"isPartOf\":{\"@id\":\"https:\\\/\\\/salonforall.es\\\/#website\"},\"primaryImageOfPage\":{\"@id\":\"https:\\\/\\\/salonforall.es\\\/taladro-de-unas-viva-pro-602-sin-escobillas\\\/#primaryimage\"},\"image\":{\"@id\":\"https:\\\/\\\/salonforall.es\\\/taladro-de-unas-viva-pro-602-sin-escobillas\\\/#primaryimage\"},\"thumbnailUrl\":\"https:\\\/\\\/salonforall.es\\\/wp-content\\\/uploads\\\/2025\\\/12\\\/Taladro-De-Unas-Viva-Pro-602-Sin-Escobillas.jpg\",\"datePublished\":\"2025-12-02T13:50:46+00:00\",\"dateModified\":\"2026-03-24T16:32:20+00:00\",\"description\":\"Compra Taladro De U\u00f1as Viva Pro 602 Sin Escobillas online o en el showroom en Salon For ALL Espa\u00f1a. El mayorista para salones, consultas y spas en Espa\u00f1a y Portugal.\",\"breadcrumb\":{\"@id\":\"https:\\\/\\\/salonforall.es\\\/taladro-de-unas-viva-pro-602-sin-escobillas\\\/#breadcrumb\"},\"inLanguage\":\"ca\",\"potentialAction\":[{\"@type\":\"ReadAction\",\"target\":[\"https:\\\/\\\/salonforall.es\\\/taladro-de-unas-viva-pro-602-sin-escobillas\\\/\"]}]},{\"@type\":\"ImageObject\",\"inLanguage\":\"ca\",\"@id\":\"https:\\\/\\\/salonforall.es\\\/taladro-de-unas-viva-pro-602-sin-escobillas\\\/#primaryimage\",\"url\":\"https:\\\/\\\/salonforall.es\\\/wp-content\\\/uploads\\\/2025\\\/12\\\/Taladro-De-Unas-Viva-Pro-602-Sin-Escobillas.jpg\",\"contentUrl\":\"https:\\\/\\\/salonforall.es\\\/wp-content\\\/uploads\\\/2025\\\/12\\\/Taladro-De-Unas-Viva-Pro-602-Sin-Escobillas.jpg\",\"width\":1200,\"height\":1200,\"caption\":\"Taladro De U\u00f1as Viva Pro 602 Sin Escobillas\"},{\"@type\":\"BreadcrumbList\",\"@id\":\"https:\\\/\\\/salonforall.es\\\/taladro-de-unas-viva-pro-602-sin-escobillas\\\/#breadcrumb\",\"itemListElement\":[{\"@type\":\"ListItem\",\"position\":1,\"name\":\"Home\",\"item\":\"https:\\\/\\\/salonforall.es\\\/\"},{\"@type\":\"ListItem\",\"position\":2,\"name\":\"Winkel\",\"item\":\"https:\\\/\\\/salonforall.es\\\/winkel\\\/\"},{\"@type\":\"ListItem\",\"position\":3,\"name\":\"Taladro De U\u00f1as Viva Pro 602 Sin Escobillas\"}]},{\"@type\":\"WebSite\",\"@id\":\"https:\\\/\\\/salonforall.es\\\/#website\",\"url\":\"https:\\\/\\\/salonforall.es\\\/\",\"name\":\"Salon For ALL Espa\u00f1a\",\"description\":\"Mayorista de mobiliario y suministros para consultorios y salones\",\"publisher\":{\"@id\":\"https:\\\/\\\/salonforall.es\\\/#organization\"},\"potentialAction\":[{\"@type\":\"SearchAction\",\"target\":{\"@type\":\"EntryPoint\",\"urlTemplate\":\"https:\\\/\\\/salonforall.es\\\/?s={search_term_string}\"},\"query-input\":{\"@type\":\"PropertyValueSpecification\",\"valueRequired\":true,\"valueName\":\"search_term_string\"}}],\"inLanguage\":\"ca\"},{\"@type\":\"Organization\",\"@id\":\"https:\\\/\\\/salonforall.es\\\/#organization\",\"name\":\"Salon For All B.V. Espa\u00f1a\",\"alternateName\":\"Salon For All B.V. Espa\u00f1a - Mayorista de equipamiento para consultas, salones y suministros\",\"url\":\"https:\\\/\\\/salonforall.es\\\/\",\"logo\":{\"@type\":\"ImageObject\",\"inLanguage\":\"ca\",\"@id\":\"https:\\\/\\\/salonforall.es\\\/#\\\/schema\\\/logo\\\/image\\\/\",\"url\":\"https:\\\/\\\/salonforall.es\\\/wp-content\\\/uploads\\\/2025\\\/11\\\/logo-salon-for-all-e1764543185849.png\",\"contentUrl\":\"https:\\\/\\\/salonforall.es\\\/wp-content\\\/uploads\\\/2025\\\/11\\\/logo-salon-for-all-e1764543185849.png\",\"width\":500,\"height\":150,\"caption\":\"Salon For All B.V. Espa\u00f1a\"},\"image\":{\"@id\":\"https:\\\/\\\/salonforall.es\\\/#\\\/schema\\\/logo\\\/image\\\/\"}}]}<\/script>\n<!-- \/ Yoast SEO plugin. -->","yoast_head_json":{"title":"Taladro De U\u00f1as Viva Pro 602 Sin Escobillas comprar","description":"Compra Taladro De U\u00f1as Viva Pro 602 Sin Escobillas online o en el showroom en Salon For ALL Espa\u00f1a. El mayorista para salones, consultas y spas en Espa\u00f1a y Portugal.","robots":{"index":"index","follow":"follow","max-snippet":"max-snippet:-1","max-image-preview":"max-image-preview:large","max-video-preview":"max-video-preview:-1"},"canonical":"https:\/\/salonforall.es\/ca\/taladro-de-unas-viva-pro-602-sin-escobillas\/","og_locale":"ca_ES","og_type":"article","og_title":"Taladro De U\u00f1as Viva Pro 602 Sin Escobillas","og_description":"Compra Taladro De U\u00f1as Viva Pro 602 Sin Escobillas online o en el showroom en Salon For ALL Espa\u00f1a. El mayorista para salones, consultas y spas en Espa\u00f1a y Portugal.","og_url":"https:\/\/salonforall.es\/ca\/taladro-de-unas-viva-pro-602-sin-escobillas\/","og_site_name":"Salon For ALL Espa\u00f1a","article_modified_time":"2026-03-24T16:32:20+00:00","og_image":[{"width":1200,"height":1200,"url":"https:\/\/salonforall.es\/wp-content\/uploads\/2025\/12\/Taladro-De-Unas-Viva-Pro-602-Sin-Escobillas.jpg","type":"image\/jpeg"}],"twitter_card":"summary_large_image","twitter_title":"Taladro De U\u00f1as Viva Pro 602 Sin Escobillas","twitter_misc":{"Temps estimat de lectura":"9 minuts"},"schema":{"@context":"https:\/\/schema.org","@graph":[{"@type":"WebPage","@id":"https:\/\/salonforall.es\/taladro-de-unas-viva-pro-602-sin-escobillas\/","url":"https:\/\/salonforall.es\/taladro-de-unas-viva-pro-602-sin-escobillas\/","name":"Taladro De U\u00f1as Viva Pro 602 Sin Escobillas comprar","isPartOf":{"@id":"https:\/\/salonforall.es\/#website"},"primaryImageOfPage":{"@id":"https:\/\/salonforall.es\/taladro-de-unas-viva-pro-602-sin-escobillas\/#primaryimage"},"image":{"@id":"https:\/\/salonforall.es\/taladro-de-unas-viva-pro-602-sin-escobillas\/#primaryimage"},"thumbnailUrl":"https:\/\/salonforall.es\/wp-content\/uploads\/2025\/12\/Taladro-De-Unas-Viva-Pro-602-Sin-Escobillas.jpg","datePublished":"2025-12-02T13:50:46+00:00","dateModified":"2026-03-24T16:32:20+00:00","description":"Compra Taladro De U\u00f1as Viva Pro 602 Sin Escobillas online o en el showroom en Salon For ALL Espa\u00f1a. El mayorista para salones, consultas y spas en Espa\u00f1a y Portugal.","breadcrumb":{"@id":"https:\/\/salonforall.es\/taladro-de-unas-viva-pro-602-sin-escobillas\/#breadcrumb"},"inLanguage":"ca","potentialAction":[{"@type":"ReadAction","target":["https:\/\/salonforall.es\/taladro-de-unas-viva-pro-602-sin-escobillas\/"]}]},{"@type":"ImageObject","inLanguage":"ca","@id":"https:\/\/salonforall.es\/taladro-de-unas-viva-pro-602-sin-escobillas\/#primaryimage","url":"https:\/\/salonforall.es\/wp-content\/uploads\/2025\/12\/Taladro-De-Unas-Viva-Pro-602-Sin-Escobillas.jpg","contentUrl":"https:\/\/salonforall.es\/wp-content\/uploads\/2025\/12\/Taladro-De-Unas-Viva-Pro-602-Sin-Escobillas.jpg","width":1200,"height":1200,"caption":"Taladro De U\u00f1as Viva Pro 602 Sin Escobillas"},{"@type":"BreadcrumbList","@id":"https:\/\/salonforall.es\/taladro-de-unas-viva-pro-602-sin-escobillas\/#breadcrumb","itemListElement":[{"@type":"ListItem","position":1,"name":"Home","item":"https:\/\/salonforall.es\/"},{"@type":"ListItem","position":2,"name":"Winkel","item":"https:\/\/salonforall.es\/winkel\/"},{"@type":"ListItem","position":3,"name":"Taladro De U\u00f1as Viva Pro 602 Sin Escobillas"}]},{"@type":"WebSite","@id":"https:\/\/salonforall.es\/#website","url":"https:\/\/salonforall.es\/","name":"Salon For ALL Espanya","description":"Majorista de mobiliari i subministraments per a consultoris i salons","publisher":{"@id":"https:\/\/salonforall.es\/#organization"},"potentialAction":[{"@type":"SearchAction","target":{"@type":"EntryPoint","urlTemplate":"https:\/\/salonforall.es\/?s={search_term_string}"},"query-input":{"@type":"PropertyValueSpecification","valueRequired":true,"valueName":"search_term_string"}}],"inLanguage":"ca"},{"@type":"Organization","@id":"https:\/\/salonforall.es\/#organization","name":"Salon For All BV Espanya","alternateName":"Salon For All B.V. Espa\u00f1a - Mayorista de equipamiento para consultas, salones y suministros","url":"https:\/\/salonforall.es\/","logo":{"@type":"ImageObject","inLanguage":"ca","@id":"https:\/\/salonforall.es\/#\/schema\/logo\/image\/","url":"https:\/\/salonforall.es\/wp-content\/uploads\/2025\/11\/logo-salon-for-all-e1764543185849.png","contentUrl":"https:\/\/salonforall.es\/wp-content\/uploads\/2025\/11\/logo-salon-for-all-e1764543185849.png","width":500,"height":150,"caption":"Salon For All B.V. Espa\u00f1a"},"image":{"@id":"https:\/\/salonforall.es\/#\/schema\/logo\/image\/"}}]}},"_links":{"self":[{"href":"https:\/\/salonforall.es\/ca\/wp-json\/wp\/v2\/product\/17421","targetHints":{"allow":["GET"]}}],"collection":[{"href":"https:\/\/salonforall.es\/ca\/wp-json\/wp\/v2\/product"}],"about":[{"href":"https:\/\/salonforall.es\/ca\/wp-json\/wp\/v2\/types\/product"}],"replies":[{"embeddable":true,"href":"https:\/\/salonforall.es\/ca\/wp-json\/wp\/v2\/comments?post=17421"}],"wp:featuredmedia":[{"embeddable":true,"href":"https:\/\/salonforall.es\/ca\/wp-json\/wp\/v2\/media\/17422"}],"wp:attachment":[{"href":"https:\/\/salonforall.es\/ca\/wp-json\/wp\/v2\/media?parent=17421"}],"wp:term":[{"taxonomy":"product_brand","embeddable":true,"href":"https:\/\/salonforall.es\/ca\/wp-json\/wp\/v2\/product_brand?post=17421"},{"taxonomy":"product_cat","embeddable":true,"href":"https:\/\/salonforall.es\/ca\/wp-json\/wp\/v2\/product_cat?post=17421"},{"taxonomy":"product_tag","embeddable":true,"href":"https:\/\/salonforall.es\/ca\/wp-json\/wp\/v2\/product_tag?post=17421"}],"curies":[{"name":"wp","href":"https:\/\/api.w.org\/{rel}","templated":true}]}}