{"id":16128,"date":"2025-12-02T14:34:58","date_gmt":"2025-12-02T13:34:58","guid":{"rendered":"https:\/\/salonforall.es\/product\/alicates-para-cuticulas-de-exportacion-nghia-cl-201gr-12-5-mm\/"},"modified":"2026-03-24T17:29:26","modified_gmt":"2026-03-24T16:29:26","slug":"alicates-para-cuticulas-de-exportacion-nghia-cl-201gr-12-5-mm","status":"publish","type":"product","link":"https:\/\/salonforall.es\/ca\/alicates-para-cuticulas-de-exportacion-nghia-cl-201gr-12-5-mm\/","title":{"rendered":"Alicates Per a Cut\u00edcules D&#039;Exportaci\u00f3 Nghia Cl.201Gr 12 (5 Mm)"},"content":{"rendered":"<h2>Informaci\u00f3n sobre Alicates Para Cut\u00edculas De Exportaci\u00f3n Nghia Cl.201Gr 12 (5 Mm) con n\u00famero de art\u00edculo 148429<\/h2>\n<p><img decoding=\"async\" src=\"https:\/\/activeshop.com.pl\/media\/wysiwyg\/product\/148429\/EN_148429_1.jpg\"><\/p>\n<p><strong>NGHIA<\/strong> ofereix productes d\u02bbacer inoxidable, incloent eines professionals de manicura, que milloren significativament la qualitat de vida dels clients de la ind\u00fastria de la bellesa. L&#039;objectiu de la marca \u00e9s satisfer efica\u00e7ment les necessitats dels consumidors i oferir productes de la m\u00e9s alta qualitat.<\/p>\n<h2><strong>Eina precisa per a cut\u00edcules perfectes<\/strong><\/h2>\n<p>Les alicates per a cut\u00edcules professionals <strong>NGHIA Export CL.201GR<\/strong> estan fabricats en acer inoxidable d&#039;alta qualitat, cosa que els fa molt resistents als danys i al desgast. S\u00f3n perfectes especialment per a manicures i pedicures, i per tallar cut\u00edcules. Les tenalles s\u00f3n aptes per a esterilitzaci\u00f3 en autoclau i no requereixen esmolar-se despr\u00e9s de la compra.<\/p>\n<p><img decoding=\"async\" src=\"https:\/\/activeshop.com.pl\/media\/wysiwyg\/product\/148429\/EN_148429_2.jpg\"><\/p>\n<h2><strong>Solucions per a m\u00e9s comoditat de treball<\/strong><\/h2>\n<p>La forma y el tama\u00f1o de los brazos hacen que las tenazas se adapten perfectamente a la mano, garantizando un uso c\u00f3modo. El pr\u00e1ctico doble resorte que conecta los brazos garantiza una excelente sensaci\u00f3n, estabilidad y precisi\u00f3n de corte. Su cuidadosa fabricaci\u00f3n permite un funcionamiento c\u00f3modo, silencioso y suave. El acabado pulido en tonos oro rosa les confiere un aspecto elegante y se caracteriza, adem\u00e1s, por su alta resistencia y facilidad de limpieza. Esto las convierte en una herramienta ideal tanto para profesionales como para quienes disfrutan del cuidado de sus u\u00f1as en casa.<\/p>\n<h2><strong>Fulles amb un perfil perfecte<\/strong><\/h2>\n<p><strong>Fulles precises de 5 mm de longitud<\/strong>, perfectas para manicuras complejas. El perfil caracter\u00edstico de la hoja y el tama\u00f1o adecuado facilitan la realizaci\u00f3n de los tratamientos. Las mordazas de las pinzas se conectan mediante el m\u00e9todo Lap Joint, que permite un ajuste perfecto durante el uso, garantizando un corte preciso. Las tenazas tienen una cubierta de cuchilla a juego hecha de pl\u00e1stico duradero.<\/p>\n<p><img decoding=\"async\" src=\"https:\/\/activeshop.com.pl\/media\/wysiwyg\/product\/148429\/EN_148429_3.jpg\"><\/p>\n<h2><strong>M\u00e8tode de manteniment:<\/strong><\/h2>\n<p>\u2022 Despu\u00e9s de usar, elimine la caspa, el polvo y los restos de u\u00f1as con acetona;<br \/>\u2022 Submergiu l&#039;eina en l\u00edquid desinfectant;<br \/>\u2022 Lubriqueu l&#039;interior de la fulla amb oli de m\u00e0quina;<br \/>\u2022 Col\u00b7loqueu una coberta per protegir l&#039;eina d&#039;estellament;<br \/>\u2022 Mai col\u00b7loqueu les tenalles amb la fulla apuntant cap avall;<br \/>\u2022 Emmagatzemeu sempre en posici\u00f3 horitzontal.<br \/><strong>Atenci\u00f3. <\/strong>Emmagatzemar en un lloc sec i segur. Mantenir fora de labast dels nens.<\/p>\n<div class=\"video-container\"> <iframe height=\"315\" src=\"https:\/\/www.youtube.com\/embed\/0BTJ-tKziJ8\" frameborder=\"0\" width=\"560\" allowfullscreen allow=\"accelerometer; autoplay; encrypted-media; gyroscope; picture-in-picture\"> <\/iframe> <\/div>\n<p><strong>Dades:<\/strong><br \/>Longitud de la fulla: 5 mm<br \/>Longitud total de las abrazaderas: 11 cm<br \/>Material: acer inoxidable<\/p>\n<p>Los productos Activeshop son proporcionalmente m\u00e1s econ\u00f3micos que muchas otras marcas\/proveedores. El precio est\u00e1 en relaci\u00f3n con la calidad. Alicates Para Cut\u00edculas De Exportaci\u00f3n Nghia Cl.201Gr 12 (5 Mm) es por lo tanto una soluci\u00f3n accesible para su sal\u00f3n.<\/p>\n<h2>\u00bfC\u00f3mo se entrega Alicates Para Cut\u00edculas De Exportaci\u00f3n Nghia Cl.201Gr 12 (5 Mm)?<\/h2>\n<p>Alicates Para Cut\u00edculas De Exportaci\u00f3n Nghia Cl.201Gr 12 (5 Mm) se entrega en embalaje(s) original(es). Dentro de Espa\u00f1a el env\u00edo de Alicates Para Cut\u00edculas De Exportaci\u00f3n Nghia Cl.201Gr 12 (5 Mm) es completamente gratuito para pedidos a partir de 100,- euros. Para env\u00edos a otros pa\u00edses se aplican tarifas de env\u00edo separadas. Puede consultar estas tarifas con nosotros o verlas en el carrito de compra. Alicates Para Cut\u00edculas De Exportaci\u00f3n Nghia Cl.201Gr 12 (5 Mm) se env\u00eda a trav\u00e9s de un servicio de mensajer\u00eda externo.<\/p>\n<p>Els paquets o palets es lliuren de forma est\u00e0ndard fins al llindar de la porta principal, fins i tot si est\u00e0 ubicat en un edifici col\u00b7lectiu, edifici d&#039;apartaments o complex d&#039;apartaments amb ascensor (sempre que l&#039;article c\u00e0piga a l&#039;ascensor). No hi ha ascensor disponible o l&#039;article no hi cap a l&#039;ascensor? Aleshores lliurem fins al llindar de la planta baixa.<\/p>\n<p>Encara teniu preguntes sobre el lliurament o una situaci\u00f3 especial? Contacti&#039;ns i estarem encantats d&#039;ajudar-lo!<\/p>\n<p>*Els articles no es desembalen ni munten de forma est\u00e0ndard. En situacions especials ens pot contactar per fer acords sobre aix\u00f2.<\/p>\n<h2>Compra en l\u00ednia segura a Salon For All amb el segell de qualitat Webwinkelkeur i xifrat SSL<\/h2>\n<p>Es importante para nosotros que nuestros clientes puedan comprar de forma segura en nuestra tienda online. Estamos afiliados al sello de calidad nacional Webwinkelkeur desde 2019. Nuestra identidad ha sido verificada y comprobada por ellos, y la tienda online ha sido revisada y aprobada legalmente. Adem\u00e1s, nuestra tienda online est\u00e1 afiliada a ellos para la mediaci\u00f3n de conflictos. Puede ver la insignia con toda la informaci\u00f3n de este sello de calidad de tienda online en el lado izquierdo o derecho de la tienda online (bot\u00f3n rosa con blanco). Adem\u00e1s, nuestro sitio est\u00e1 protegido con un certificado SSL para que pueda navegar de forma segura con nosotros. En la barra de su navegador de Internet, donde aparece nuestro sitio web, ver\u00e1 un icono de candado. Si hace clic en el candado, obtendr\u00e1 toda la informaci\u00f3n sobre nuestra seguridad. De esta manera sabe que su pedido de Alicates Para Cut\u00edculas De Exportaci\u00f3n Nghia Cl.201Gr 12 (5 Mm) y sus datos personales se procesan de forma segura.<\/p>\n<h2>\u00bfC\u00f3mo puedo pagar Alicates Para Cut\u00edculas De Exportaci\u00f3n Nghia Cl.201Gr 12 (5 Mm)?<\/h2>\n<p>Volem fer-ho el m\u00e9s f\u00e0cil possible. Per aix\u00f2 a Salon For All podeu pagar amb tots els m\u00e8todes de pagament coneguts i habituals. Pagar per avan\u00e7at, al lliurament oa posteriori; tot \u00e9s possible. Vegeu aqu\u00ed tots els m\u00e8todes de pagament que oferim:<\/p>\n<ul>\n<li>iDEAL<\/li>\n<li>Targeta de cr\u00e8dit (Visa, Mastercard, American Express)<\/li>\n<li>Klarna \u2013 Pagament a posteriori amb factura<\/li>\n<li>PayPal<\/li>\n<li>Apple Pay<\/li>\n<li>Google Pay<\/li>\n<li>Bizum (per a clients espanyols)<\/li>\n<li>Transfer\u00e8ncia banc\u00e0ria SEPA<\/li>\n<li>Bancontact<\/li>\n<li>Factura comercial per a empreses<\/li>\n<li>Pagament al showroom \u2013 Tant targeta com efectiu (Nom\u00e9s disponible en recollida)<\/li>\n<\/ul>\n<h2>Consulteu tamb\u00e9 les ressenyes de Salon For All<\/h2>\n<p>Consulte tambi\u00e9n nuestras rese\u00f1as para tener en cuenta las experiencias de nuestros clientes actuales en su decisi\u00f3n de pedir Alicates Para Cut\u00edculas De Exportaci\u00f3n Nghia Cl.201Gr 12 (5 Mm) con nosotros. A trav\u00e9s de nuestro sello de calidad independiente de tienda online Webwinkelkeur, se recopilan autom\u00e1ticamente rese\u00f1as verificadas de clientes que han completado un pedido con nosotros. Puede encontrarlas detr\u00e1s del bot\u00f3n rosa en nuestra tienda online o aparecen listadas debajo de los productos.<\/p>\n<p>\u00a1Comparta tambi\u00e9n su experiencia despu\u00e9s de su compra con su Alicates Para Cut\u00edculas De Exportaci\u00f3n Nghia Cl.201Gr 12 (5 Mm) pedido y su experiencia con el proceso de compra o el contacto con Salon For All para inspirar a otros!<\/p>\n<h2>Contacte amb Salon For All<\/h2>\n<p>Cont\u00e1ctenos entonces. Estaremos encantados de ayudarle con la adquisici\u00f3n de Alicates Para Cut\u00edculas De Exportaci\u00f3n Nghia Cl.201Gr 12 (5 Mm). En d\u00edas laborables estamos mejor disponibles entre las 8.30 y las 17.00 horas a trav\u00e9s del n\u00famero de tel\u00e9fono y direcci\u00f3n de correo electr\u00f3nico en la parte superior de la tienda online o a trav\u00e9s de la funci\u00f3n de chat. Las consultas fuera del horario de oficina suelen responderse en un plazo de 24 horas. Tambi\u00e9n es posible visitarnos fuera de los d\u00edas laborables u horario de oficina. Pero para ello es necesario concertar una cita previa.<\/p>\n<h2>Voleu visitar el nostre showroom?<\/h2>\n<p>\u00bfPrefiere ver Alicates Para Cut\u00edculas De Exportaci\u00f3n Nghia Cl.201Gr 12 (5 Mm) o recorrer nuestra oferta de la tienda (online) junto con nuestro colega? Entonces visite nuestro showroom con m\u00e1s de 1000m\u00b2 de equipamiento para salones y d\u00e9jese inspirar por nuestros empleados. Tambi\u00e9n si le gusta conocernos de manera agradable disfrutando de una buena taza de caf\u00e9 o t\u00e9, es muy bienvenido. No tenemos todos los productos en stock, as\u00ed que h\u00e1ganos saber de antemano que desea venir. Concierte siempre una cita previa.<\/p>\n<h2>14 dies de reflexi\u00f3 i la nostra pol\u00edtica de devolucions<\/h2>\n<p>Por supuesto puede ocurrir que Alicates Para Cut\u00edculas De Exportaci\u00f3n Nghia Cl.201Gr 12 (5 Mm) entregado no sea completamente de su agrado y desee devolverlo. Eso no es ning\u00fan problema en Salon For All. Debe notificar su devoluci\u00f3n dentro de 14 d\u00edas laborables a trav\u00e9s de info@salonforall.es. Entonces recibir\u00e1 primero todas las instrucciones y condiciones de devoluci\u00f3n. Tenga en cuenta que Alicates Para Cut\u00edculas De Exportaci\u00f3n Nghia Cl.201Gr 12 (5 Mm) no debe haber sido usado, debe contener todas las partes suministradas y debe devolverse empaquetado en el embalaje original. Los costos de env\u00edo de una devoluci\u00f3n son siempre a cargo del comprador en compras a trav\u00e9s de www.salonforall.es. Debe organizar usted mismo un transporte con una empresa de transporte de su elecci\u00f3n para una devoluci\u00f3n. Una vez que Alicates Para Cut\u00edculas De Exportaci\u00f3n Nghia Cl.201Gr 12 (5 Mm) haya sido devuelto, se verificar\u00e1 su integridad y posibles da\u00f1os. Una vez que la devoluci\u00f3n haya sido aprobada, el importe de la compra se reembolsar\u00e1 dentro de 5 d\u00edas laborables a la cuenta bancaria que tenemos registrada.<\/p>\n<h2>Qui \u00e9s Salon For All?<\/h2>\n<p>Salon For All \u00e9s EL majorista per a tot equipament de salons a Europa. Salon For All va comen\u00e7ar el 2003 sota el nom Salonvoordeel i va sorgir de la pr\u00e0ctica. Els propietaris de Salon For All eren perruquers i especialistes en bellesa experimentats i tenen plegats m\u00e9s de 30 anys d&#039;experi\u00e8ncia pr\u00e0ctica. El 2003 vam llan\u00e7ar Salonvoordeel.nl (Pa\u00efsos Baixos) i posteriorment es va fundar Salon For All per al mercat europeu. Alguns dels nostres empleats van iniciar el seu propi negoci i aix\u00ed va sorgir la idea de llan\u00e7ar una botiga online funcional per a perruquers i ajudar-los amb l&#039;equipament del sal\u00f3.<\/p>\n<p>Nuestro showroom se encuentra en Dinxperlo, directamente en la frontera entre los Pa\u00edses Bajos y Alemania. Con nuestra amplia experiencia en el sector podemos servirle de espejo y proporcionarle el asesoramiento adecuado. \u00a1Hablamos el mismo idioma! Le asesoramos, inspiramos, motivamos y ayudamos en la adquisici\u00f3n de Alicates Para Cut\u00edculas De Exportaci\u00f3n Nghia Cl.201Gr 12 (5 Mm). Nuestros proveedores se encuentran en toda Europa, desde Alemania, Inglaterra, Italia hasta Polonia.<\/p>","protected":false},"excerpt":{"rendered":"<p>El producte Alicates Per a Cut\u00edcules D&#039;Exportaci\u00f3 Nghia Cl.201Gr 12 (5 Mm) \u00e9s una soluci\u00f3 d&#039;alta qualitat per a qualsevol sal\u00f3. El termini de lliurament estimat \u00e9s de 6 dies feiners.<\/p>","protected":false},"featured_media":16129,"comment_status":"open","ping_status":"open","template":"","meta":[],"product_brand":[160],"product_cat":[162,163,161],"product_tag":[165,166,164],"class_list":{"0":"post-16128","1":"product","2":"type-product","3":"status-publish","4":"has-post-thumbnail","6":"product_brand-nghia","7":"product_cat-herramientas-y-accesorios","8":"product_cat-nghia","9":"product_cat-podologia","10":"product_tag-herramientas-y-accesorios","11":"product_tag-nghia","12":"product_tag-podologia","13":"pa_codigo-ean-7764","14":"pa_garantia-12-meses","15":"pa_marca-nghia","16":"pa_numero-de-articulo-6112","17":"pa_tiempo-estimado-de-entrega-4-5-dias-laborables","19":"first","20":"instock","21":"sale","22":"taxable","23":"shipping-taxable","24":"purchasable","25":"product-type-simple"},"yoast_head":"<!-- This site is optimized with the Yoast SEO plugin v27.6 - https:\/\/yoast.com\/product\/yoast-seo-wordpress\/ -->\n<title>Alicates Para Cut\u00edculas De Exportaci\u00f3n Nghia Cl.201Gr 12 (5 Mm) comprar<\/title>\n<meta name=\"description\" content=\"Compra Alicates Para Cut\u00edculas De Exportaci\u00f3n Nghia Cl.201Gr 12 (5 Mm) online o en el showroom en Salon For ALL Espa\u00f1a. El mayorista para salones, consultas y spas en Espa\u00f1a y Portugal.\" \/>\n<meta name=\"robots\" content=\"index, follow, max-snippet:-1, max-image-preview:large, max-video-preview:-1\" \/>\n<link rel=\"canonical\" href=\"https:\/\/salonforall.es\/ca\/alicates-para-cuticulas-de-exportacion-nghia-cl-201gr-12-5-mm\/\" \/>\n<meta property=\"og:locale\" content=\"ca_ES\" \/>\n<meta property=\"og:type\" content=\"article\" \/>\n<meta property=\"og:title\" content=\"Alicates Para Cut\u00edculas De Exportaci\u00f3n Nghia Cl.201Gr 12 (5 Mm)\" \/>\n<meta property=\"og:description\" content=\"Compra Alicates Para Cut\u00edculas De Exportaci\u00f3n Nghia Cl.201Gr 12 (5 Mm) online o en el showroom en Salon For ALL Espa\u00f1a. El mayorista para salones, consultas y spas en Espa\u00f1a y Portugal.\" \/>\n<meta property=\"og:url\" content=\"https:\/\/salonforall.es\/ca\/alicates-para-cuticulas-de-exportacion-nghia-cl-201gr-12-5-mm\/\" \/>\n<meta property=\"og:site_name\" content=\"Salon For ALL Espa\u00f1a\" \/>\n<meta property=\"article:modified_time\" content=\"2026-03-24T16:29:26+00:00\" \/>\n<meta property=\"og:image\" content=\"https:\/\/salonforall.es\/wp-content\/uploads\/2025\/12\/Alicates-Para-Cuticulas-De-Exportacion-Nghia-Cl.201Gr-12-5-Mm.jpg\" \/>\n\t<meta property=\"og:image:width\" content=\"1200\" \/>\n\t<meta property=\"og:image:height\" content=\"1200\" \/>\n\t<meta property=\"og:image:type\" content=\"image\/jpeg\" \/>\n<meta name=\"twitter:card\" content=\"summary_large_image\" \/>\n<meta name=\"twitter:title\" content=\"Alicates Para Cut\u00edculas De Exportaci\u00f3n Nghia Cl.201Gr 12 (5 Mm)\" \/>\n<meta name=\"twitter:label1\" content=\"Temps estimat de lectura\" \/>\n\t<meta name=\"twitter:data1\" content=\"9 minuts\" \/>\n<script type=\"application\/ld+json\" class=\"yoast-schema-graph\">{\"@context\":\"https:\\\/\\\/schema.org\",\"@graph\":[{\"@type\":\"WebPage\",\"@id\":\"https:\\\/\\\/salonforall.es\\\/alicates-para-cuticulas-de-exportacion-nghia-cl-201gr-12-5-mm\\\/\",\"url\":\"https:\\\/\\\/salonforall.es\\\/alicates-para-cuticulas-de-exportacion-nghia-cl-201gr-12-5-mm\\\/\",\"name\":\"Alicates Para Cut\u00edculas De Exportaci\u00f3n Nghia Cl.201Gr 12 (5 Mm) comprar\",\"isPartOf\":{\"@id\":\"https:\\\/\\\/salonforall.es\\\/#website\"},\"primaryImageOfPage\":{\"@id\":\"https:\\\/\\\/salonforall.es\\\/alicates-para-cuticulas-de-exportacion-nghia-cl-201gr-12-5-mm\\\/#primaryimage\"},\"image\":{\"@id\":\"https:\\\/\\\/salonforall.es\\\/alicates-para-cuticulas-de-exportacion-nghia-cl-201gr-12-5-mm\\\/#primaryimage\"},\"thumbnailUrl\":\"https:\\\/\\\/salonforall.es\\\/wp-content\\\/uploads\\\/2025\\\/12\\\/Alicates-Para-Cuticulas-De-Exportacion-Nghia-Cl.201Gr-12-5-Mm.jpg\",\"datePublished\":\"2025-12-02T13:34:58+00:00\",\"dateModified\":\"2026-03-24T16:29:26+00:00\",\"description\":\"Compra Alicates Para Cut\u00edculas De Exportaci\u00f3n Nghia Cl.201Gr 12 (5 Mm) online o en el showroom en Salon For ALL Espa\u00f1a. El mayorista para salones, consultas y spas en Espa\u00f1a y Portugal.\",\"breadcrumb\":{\"@id\":\"https:\\\/\\\/salonforall.es\\\/alicates-para-cuticulas-de-exportacion-nghia-cl-201gr-12-5-mm\\\/#breadcrumb\"},\"inLanguage\":\"ca\",\"potentialAction\":[{\"@type\":\"ReadAction\",\"target\":[\"https:\\\/\\\/salonforall.es\\\/alicates-para-cuticulas-de-exportacion-nghia-cl-201gr-12-5-mm\\\/\"]}]},{\"@type\":\"ImageObject\",\"inLanguage\":\"ca\",\"@id\":\"https:\\\/\\\/salonforall.es\\\/alicates-para-cuticulas-de-exportacion-nghia-cl-201gr-12-5-mm\\\/#primaryimage\",\"url\":\"https:\\\/\\\/salonforall.es\\\/wp-content\\\/uploads\\\/2025\\\/12\\\/Alicates-Para-Cuticulas-De-Exportacion-Nghia-Cl.201Gr-12-5-Mm.jpg\",\"contentUrl\":\"https:\\\/\\\/salonforall.es\\\/wp-content\\\/uploads\\\/2025\\\/12\\\/Alicates-Para-Cuticulas-De-Exportacion-Nghia-Cl.201Gr-12-5-Mm.jpg\",\"width\":1200,\"height\":1200,\"caption\":\"Alicates Para Cut\u00edculas De Exportaci\u00f3n Nghia Cl.201Gr 12 (5 Mm)\"},{\"@type\":\"BreadcrumbList\",\"@id\":\"https:\\\/\\\/salonforall.es\\\/alicates-para-cuticulas-de-exportacion-nghia-cl-201gr-12-5-mm\\\/#breadcrumb\",\"itemListElement\":[{\"@type\":\"ListItem\",\"position\":1,\"name\":\"Home\",\"item\":\"https:\\\/\\\/salonforall.es\\\/\"},{\"@type\":\"ListItem\",\"position\":2,\"name\":\"Winkel\",\"item\":\"https:\\\/\\\/salonforall.es\\\/winkel\\\/\"},{\"@type\":\"ListItem\",\"position\":3,\"name\":\"Alicates Para Cut\u00edculas De Exportaci\u00f3n Nghia Cl.201Gr 12 (5 Mm)\"}]},{\"@type\":\"WebSite\",\"@id\":\"https:\\\/\\\/salonforall.es\\\/#website\",\"url\":\"https:\\\/\\\/salonforall.es\\\/\",\"name\":\"Salon For ALL Espa\u00f1a\",\"description\":\"Mayorista de mobiliario y suministros para consultorios y salones\",\"publisher\":{\"@id\":\"https:\\\/\\\/salonforall.es\\\/#organization\"},\"potentialAction\":[{\"@type\":\"SearchAction\",\"target\":{\"@type\":\"EntryPoint\",\"urlTemplate\":\"https:\\\/\\\/salonforall.es\\\/?s={search_term_string}\"},\"query-input\":{\"@type\":\"PropertyValueSpecification\",\"valueRequired\":true,\"valueName\":\"search_term_string\"}}],\"inLanguage\":\"ca\"},{\"@type\":\"Organization\",\"@id\":\"https:\\\/\\\/salonforall.es\\\/#organization\",\"name\":\"Salon For All B.V. Espa\u00f1a\",\"alternateName\":\"Salon For All B.V. Espa\u00f1a - Mayorista de equipamiento para consultas, salones y suministros\",\"url\":\"https:\\\/\\\/salonforall.es\\\/\",\"logo\":{\"@type\":\"ImageObject\",\"inLanguage\":\"ca\",\"@id\":\"https:\\\/\\\/salonforall.es\\\/#\\\/schema\\\/logo\\\/image\\\/\",\"url\":\"https:\\\/\\\/salonforall.es\\\/wp-content\\\/uploads\\\/2025\\\/11\\\/logo-salon-for-all-e1764543185849.png\",\"contentUrl\":\"https:\\\/\\\/salonforall.es\\\/wp-content\\\/uploads\\\/2025\\\/11\\\/logo-salon-for-all-e1764543185849.png\",\"width\":500,\"height\":150,\"caption\":\"Salon For All B.V. Espa\u00f1a\"},\"image\":{\"@id\":\"https:\\\/\\\/salonforall.es\\\/#\\\/schema\\\/logo\\\/image\\\/\"}}]}<\/script>\n<!-- \/ Yoast SEO plugin. -->","yoast_head_json":{"title":"Alicates Para Cut\u00edculas De Exportaci\u00f3n Nghia Cl.201Gr 12 (5 Mm) comprar","description":"Compra Alicates Para Cut\u00edculas De Exportaci\u00f3n Nghia Cl.201Gr 12 (5 Mm) online o en el showroom en Salon For ALL Espa\u00f1a. El mayorista para salones, consultas y spas en Espa\u00f1a y Portugal.","robots":{"index":"index","follow":"follow","max-snippet":"max-snippet:-1","max-image-preview":"max-image-preview:large","max-video-preview":"max-video-preview:-1"},"canonical":"https:\/\/salonforall.es\/ca\/alicates-para-cuticulas-de-exportacion-nghia-cl-201gr-12-5-mm\/","og_locale":"ca_ES","og_type":"article","og_title":"Alicates Para Cut\u00edculas De Exportaci\u00f3n Nghia Cl.201Gr 12 (5 Mm)","og_description":"Compra Alicates Para Cut\u00edculas De Exportaci\u00f3n Nghia Cl.201Gr 12 (5 Mm) online o en el showroom en Salon For ALL Espa\u00f1a. El mayorista para salones, consultas y spas en Espa\u00f1a y Portugal.","og_url":"https:\/\/salonforall.es\/ca\/alicates-para-cuticulas-de-exportacion-nghia-cl-201gr-12-5-mm\/","og_site_name":"Salon For ALL Espa\u00f1a","article_modified_time":"2026-03-24T16:29:26+00:00","og_image":[{"width":1200,"height":1200,"url":"https:\/\/salonforall.es\/wp-content\/uploads\/2025\/12\/Alicates-Para-Cuticulas-De-Exportacion-Nghia-Cl.201Gr-12-5-Mm.jpg","type":"image\/jpeg"}],"twitter_card":"summary_large_image","twitter_title":"Alicates Para Cut\u00edculas De Exportaci\u00f3n Nghia Cl.201Gr 12 (5 Mm)","twitter_misc":{"Temps estimat de lectura":"9 minuts"},"schema":{"@context":"https:\/\/schema.org","@graph":[{"@type":"WebPage","@id":"https:\/\/salonforall.es\/alicates-para-cuticulas-de-exportacion-nghia-cl-201gr-12-5-mm\/","url":"https:\/\/salonforall.es\/alicates-para-cuticulas-de-exportacion-nghia-cl-201gr-12-5-mm\/","name":"Alicates Para Cut\u00edculas De Exportaci\u00f3n Nghia Cl.201Gr 12 (5 Mm) comprar","isPartOf":{"@id":"https:\/\/salonforall.es\/#website"},"primaryImageOfPage":{"@id":"https:\/\/salonforall.es\/alicates-para-cuticulas-de-exportacion-nghia-cl-201gr-12-5-mm\/#primaryimage"},"image":{"@id":"https:\/\/salonforall.es\/alicates-para-cuticulas-de-exportacion-nghia-cl-201gr-12-5-mm\/#primaryimage"},"thumbnailUrl":"https:\/\/salonforall.es\/wp-content\/uploads\/2025\/12\/Alicates-Para-Cuticulas-De-Exportacion-Nghia-Cl.201Gr-12-5-Mm.jpg","datePublished":"2025-12-02T13:34:58+00:00","dateModified":"2026-03-24T16:29:26+00:00","description":"Compra Alicates Para Cut\u00edculas De Exportaci\u00f3n Nghia Cl.201Gr 12 (5 Mm) online o en el showroom en Salon For ALL Espa\u00f1a. El mayorista para salones, consultas y spas en Espa\u00f1a y Portugal.","breadcrumb":{"@id":"https:\/\/salonforall.es\/alicates-para-cuticulas-de-exportacion-nghia-cl-201gr-12-5-mm\/#breadcrumb"},"inLanguage":"ca","potentialAction":[{"@type":"ReadAction","target":["https:\/\/salonforall.es\/alicates-para-cuticulas-de-exportacion-nghia-cl-201gr-12-5-mm\/"]}]},{"@type":"ImageObject","inLanguage":"ca","@id":"https:\/\/salonforall.es\/alicates-para-cuticulas-de-exportacion-nghia-cl-201gr-12-5-mm\/#primaryimage","url":"https:\/\/salonforall.es\/wp-content\/uploads\/2025\/12\/Alicates-Para-Cuticulas-De-Exportacion-Nghia-Cl.201Gr-12-5-Mm.jpg","contentUrl":"https:\/\/salonforall.es\/wp-content\/uploads\/2025\/12\/Alicates-Para-Cuticulas-De-Exportacion-Nghia-Cl.201Gr-12-5-Mm.jpg","width":1200,"height":1200,"caption":"Alicates Para Cut\u00edculas De Exportaci\u00f3n Nghia Cl.201Gr 12 (5 Mm)"},{"@type":"BreadcrumbList","@id":"https:\/\/salonforall.es\/alicates-para-cuticulas-de-exportacion-nghia-cl-201gr-12-5-mm\/#breadcrumb","itemListElement":[{"@type":"ListItem","position":1,"name":"Home","item":"https:\/\/salonforall.es\/"},{"@type":"ListItem","position":2,"name":"Winkel","item":"https:\/\/salonforall.es\/winkel\/"},{"@type":"ListItem","position":3,"name":"Alicates Para Cut\u00edculas De Exportaci\u00f3n Nghia Cl.201Gr 12 (5 Mm)"}]},{"@type":"WebSite","@id":"https:\/\/salonforall.es\/#website","url":"https:\/\/salonforall.es\/","name":"Salon For ALL Espanya","description":"Majorista de mobiliari i subministraments per a consultoris i salons","publisher":{"@id":"https:\/\/salonforall.es\/#organization"},"potentialAction":[{"@type":"SearchAction","target":{"@type":"EntryPoint","urlTemplate":"https:\/\/salonforall.es\/?s={search_term_string}"},"query-input":{"@type":"PropertyValueSpecification","valueRequired":true,"valueName":"search_term_string"}}],"inLanguage":"ca"},{"@type":"Organization","@id":"https:\/\/salonforall.es\/#organization","name":"Salon For All BV Espanya","alternateName":"Salon For All B.V. Espa\u00f1a - Mayorista de equipamiento para consultas, salones y suministros","url":"https:\/\/salonforall.es\/","logo":{"@type":"ImageObject","inLanguage":"ca","@id":"https:\/\/salonforall.es\/#\/schema\/logo\/image\/","url":"https:\/\/salonforall.es\/wp-content\/uploads\/2025\/11\/logo-salon-for-all-e1764543185849.png","contentUrl":"https:\/\/salonforall.es\/wp-content\/uploads\/2025\/11\/logo-salon-for-all-e1764543185849.png","width":500,"height":150,"caption":"Salon For All B.V. Espa\u00f1a"},"image":{"@id":"https:\/\/salonforall.es\/#\/schema\/logo\/image\/"}}]}},"_links":{"self":[{"href":"https:\/\/salonforall.es\/ca\/wp-json\/wp\/v2\/product\/16128","targetHints":{"allow":["GET"]}}],"collection":[{"href":"https:\/\/salonforall.es\/ca\/wp-json\/wp\/v2\/product"}],"about":[{"href":"https:\/\/salonforall.es\/ca\/wp-json\/wp\/v2\/types\/product"}],"replies":[{"embeddable":true,"href":"https:\/\/salonforall.es\/ca\/wp-json\/wp\/v2\/comments?post=16128"}],"wp:featuredmedia":[{"embeddable":true,"href":"https:\/\/salonforall.es\/ca\/wp-json\/wp\/v2\/media\/16129"}],"wp:attachment":[{"href":"https:\/\/salonforall.es\/ca\/wp-json\/wp\/v2\/media?parent=16128"}],"wp:term":[{"taxonomy":"product_brand","embeddable":true,"href":"https:\/\/salonforall.es\/ca\/wp-json\/wp\/v2\/product_brand?post=16128"},{"taxonomy":"product_cat","embeddable":true,"href":"https:\/\/salonforall.es\/ca\/wp-json\/wp\/v2\/product_cat?post=16128"},{"taxonomy":"product_tag","embeddable":true,"href":"https:\/\/salonforall.es\/ca\/wp-json\/wp\/v2\/product_tag?post=16128"}],"curies":[{"name":"wp","href":"https:\/\/api.w.org\/{rel}","templated":true}]}}