{"id":16122,"date":"2025-12-02T14:34:58","date_gmt":"2025-12-02T13:34:58","guid":{"rendered":"https:\/\/salonforall.es\/product\/alicates-para-cuticulas-de-exportacion-nghia-cl-206-12-5-mm\/"},"modified":"2026-03-24T17:29:24","modified_gmt":"2026-03-24T16:29:24","slug":"alicates-per-a-cuticules-dexportacio-nghia-cl-206-12-5-mm","status":"publish","type":"product","link":"https:\/\/salonforall.es\/ca\/alicates-para-cuticulas-de-exportacion-nghia-cl-206-12-5-mm\/","title":{"rendered":"Alicates Per a Cut\u00edcules D&#039;Exportaci\u00f3 Nghia Cl.206 12 (5 Mm)"},"content":{"rendered":"<h2>Informaci\u00f3 sobre Alicates Per a Cut\u00edcules D&#039;Exportaci\u00f3 Nghia Cl.206 12 (5 Mm) amb n\u00famero d&#039;article 148427<\/h2>\n<p><img decoding=\"async\" src=\"https:\/\/activeshop.com.pl\/media\/wysiwyg\/product\/148427\/EN_148427_1.jpg\"><\/p>\n<p><strong>NGHIA<\/strong> ofereix productes d\u02bbacer inoxidable, incloent eines professionals de manicura, que milloren significativament la qualitat de vida dels clients de la ind\u00fastria de la bellesa. L&#039;objectiu de la marca \u00e9s satisfer efica\u00e7ment les necessitats dels consumidors i oferir productes de la m\u00e9s alta qualitat.<\/p>\n<h2><strong>Eina precisa per a cut\u00edcules perfectes<\/strong><\/h2>\n<p>Les alicates per a cut\u00edcules professionals <strong>NGHIA Export CL.206<\/strong> estan fabricats en acer inoxidable d&#039;alta qualitat, cosa que els fa molt resistents als danys i al desgast. S\u00f3n perfectes especialment per a manicures i pedicures, i per tallar cut\u00edcules. Les tenalles s\u00f3n aptes per a esterilitzaci\u00f3 en autoclau i no requereixen esmolar-se despr\u00e9s de la compra.<\/p>\n<p><img decoding=\"async\" src=\"https:\/\/activeshop.com.pl\/media\/wysiwyg\/product\/148427\/EN_148427_2.jpg\"><\/p>\n<h2><strong>Solucions per a m\u00e9s comoditat de treball<\/strong><\/h2>\n<p>El pr\u00e0ctic <strong>doble ressort<\/strong> que connecta els bra\u00e7os garanteix una excel\u00b7lent sensaci\u00f3, estabilitat i precisi\u00f3 de tall. La seva acurada fabricaci\u00f3 permet un funcionament c\u00f2mode, silenci\u00f3s i suau. La forma i la mida dels bra\u00e7os fan que les tenalles s&#039;adaptin perfectament a la m\u00e0, garantint aix\u00ed una gran comoditat d&#039;\u00fas. L&#039;acabat mat els confereix un aspecte elegant, i la superf\u00edcie passivada n&#039;augmenta la resist\u00e8ncia i en facilita la neteja. Aix\u00f2 les converteix en una eina ideal tant per a professionals com per als que gaudeixen de la cura de les ungles a casa.<\/p>\n<h2><strong>Fulles amb un perfil perfecte<\/strong><\/h2>\n<p><strong>Fulles precises de 5 mm de longitud<\/strong>, perfectes per a tractaments de manicura complexos. El perfil caracter\u00edstic del full i la mida adequada faciliten la realitzaci\u00f3 dels tractaments. Les mordasses de les pinces es connecten mitjan\u00e7ant el m\u00e8tode Lap Joint, que permet un ajustament perfecte durant l\u00fas, garantint un tall prec\u00eds. Les tenalles tenen una coberta de fulla a joc feta de pl\u00e0stic durador.<\/p>\n<p><img decoding=\"async\" src=\"https:\/\/activeshop.com.pl\/media\/wysiwyg\/product\/148427\/EN_148427_3.jpg\"><\/p>\n<h2><strong>M\u00e8tode de manteniment:<\/strong><\/h2>\n<p>\u2022 Despr\u00e9s d&#039;usar, elimineu la brut\u00edcia, la pols i les restes d&#039;ungles amb acetona;<br \/>\u2022 Submergiu l&#039;eina en l\u00edquid desinfectant;<br \/>\u2022 Lubriqueu l&#039;interior de la fulla amb oli de m\u00e0quina;<br \/>\u2022 Col\u00b7loqueu una coberta per protegir l&#039;eina d&#039;estellament;<br \/>\u2022 Mai col\u00b7loqueu les tenalles amb la fulla apuntant cap avall;<br \/>\u2022 Emmagatzemeu sempre en posici\u00f3 horitzontal.<br \/><strong>Atenci\u00f3.<\/strong> Emmagatzemar en un lloc sec i segur. Mantenir fora de labast dels nens.<\/p>\n<div class=\"video-container\"> <iframe height=\"315\" src=\"https:\/\/www.youtube.com\/embed\/pQXDZfePGtM\" frameborder=\"0\" width=\"560\" allowfullscreen allow=\"accelerometer; autoplay; encrypted-media; gyroscope; picture-in-picture\"> <\/iframe> <\/div>\n<p><strong>Dades:<\/strong><br \/>Longitud de la fulla: 5 mm<br \/>Longitud total de les abra\u00e7adores: 10,5 cm<br \/>Material: acer inoxidable<\/p>\n<p>Els productes Activeshop s\u00f3n proporcionalment m\u00e9s econ\u00f2mics que moltes altres marques\/prove\u00efdors. El preu est\u00e0 en relaci\u00f3 amb la qualitat. Alicates Per a Cut\u00edcules D&#039;Exportaci\u00f3 Nghia Cl.206 12 (5 Mm) \u00e9s per tant una soluci\u00f3 accessible per al seu sal\u00f3.<\/p>\n<h2>Com es lliura Alicates Per a Cut\u00edcules D&#039;Exportaci\u00f3 Nghia Cl.206 12 (5 Mm)?<\/h2>\n<p>Alicates Per a Cut\u00edcules D&#039;Exportaci\u00f3 Nghia Cl.206 12 (5 Mm) es lliura en embalatge(s) original(s). Dins Espanya l&#039;enviament d&#039;Alicates Per a Cut\u00edcules D&#039;Exportaci\u00f3 Nghia Cl.206 12 (5 Mm) \u00e9s completament gratu\u00eft per a comandes a partir de 100,- euros. Per a enviaments a altres pa\u00efsos, s&#039;apliquen tarifes d&#039;enviament separades. Podeu consultar aquestes tarifes amb nosaltres o veure-les al carret de compra. Alicates Per a Cut\u00edcules d&#039;Exportaci\u00f3 Nghia Cl.206 12 (5 Mm) s&#039;envia a trav\u00e9s d&#039;un servei de missatgeria extern.<\/p>\n<p>Els paquets o palets es lliuren de forma est\u00e0ndard fins al llindar de la porta principal, fins i tot si est\u00e0 ubicat en un edifici col\u00b7lectiu, edifici d&#039;apartaments o complex d&#039;apartaments amb ascensor (sempre que l&#039;article c\u00e0piga a l&#039;ascensor). No hi ha ascensor disponible o l&#039;article no hi cap a l&#039;ascensor? Aleshores lliurem fins al llindar de la planta baixa.<\/p>\n<p>Encara teniu preguntes sobre el lliurament o una situaci\u00f3 especial? Contacti&#039;ns i estarem encantats d&#039;ajudar-lo!<\/p>\n<p>*Els articles no es desembalen ni munten de forma est\u00e0ndard. En situacions especials ens pot contactar per fer acords sobre aix\u00f2.<\/p>\n<h2>Compra en l\u00ednia segura a Salon For All amb el segell de qualitat Webwinkelkeur i xifrat SSL<\/h2>\n<p>\u00c9s important per a nosaltres que els nostres clients puguin comprar de forma segura a la nostra botiga online. Estem afiliats al segell de qualitat nacional Webwinkelkeur des de 2019. La nostra identitat ha estat verificada i comprovada per ells, i la botiga en l\u00ednia ha estat revisada i aprovada legalment. A m\u00e9s, la nostra botiga en l\u00ednia est\u00e0 afiliada a ells per a la mediaci\u00f3 de conflictes. Podeu veure la ins\u00edgnia amb tota la informaci\u00f3 d&#039;aquest segell de qualitat de botiga en l\u00ednia al costat esquerre o dret de la botiga en l\u00ednia (bot\u00f3 rosa amb blanc). A m\u00e9s, el nostre lloc est\u00e0 protegit amb un certificat SSL perqu\u00e8 pugui navegar de manera segura amb nosaltres. A la barra del vostre navegador d&#039;Internet, on apareix el nostre lloc web, veureu una icona de cadenat. Si feu clic al cadenat, obtindreu tota la informaci\u00f3 sobre la nostra seguretat. D&#039;aquesta manera sap que la seva comanda d&#039;Alicates Per a Cut\u00edcules D&#039;Exportaci\u00f3 Nghia Cl.206 12 (5 Mm) i les seves dades personals es processen de manera segura.<\/p>\n<h2>Com puc pagar Alicates Per a Cut\u00edcules D&#039;Exportaci\u00f3 Nghia Cl.206 12 (5 Mm)?<\/h2>\n<p>Volem fer-ho el m\u00e9s f\u00e0cil possible. Per aix\u00f2 a Salon For All podeu pagar amb tots els m\u00e8todes de pagament coneguts i habituals. Pagar per avan\u00e7at, al lliurament oa posteriori; tot \u00e9s possible. Vegeu aqu\u00ed tots els m\u00e8todes de pagament que oferim:<\/p>\n<ul>\n<li>iDEAL<\/li>\n<li>Targeta de cr\u00e8dit (Visa, Mastercard, American Express)<\/li>\n<li>Klarna \u2013 Pagament a posteriori amb factura<\/li>\n<li>PayPal<\/li>\n<li>Apple Pay<\/li>\n<li>Google Pay<\/li>\n<li>Bizum (per a clients espanyols)<\/li>\n<li>Transfer\u00e8ncia banc\u00e0ria SEPA<\/li>\n<li>Bancontact<\/li>\n<li>Factura comercial per a empreses<\/li>\n<li>Pagament al showroom \u2013 Tant targeta com efectiu (Nom\u00e9s disponible en recollida)<\/li>\n<\/ul>\n<h2>Consulteu tamb\u00e9 les ressenyes de Salon For All<\/h2>\n<p>Consulteu tamb\u00e9 les nostres ressenyes per tenir en compte les experi\u00e8ncies dels nostres clients actuals en la seva decisi\u00f3 de demanar Alicates Per Cut\u00edcules D&#039;Exportaci\u00f3 Nghia Cl.206 12 (5 Mm) amb nosaltres. A trav\u00e9s del nostre segell de qualitat independent de botiga en l\u00ednia Webwinkelkeur, es recopilen autom\u00e0ticament ressenyes verificades de clients que han completat una comanda amb nosaltres. Podeu trobar-les darrere del bot\u00f3 rosa a la nostra botiga online o apareixen llistades sota els productes.<\/p>\n<p>Compartiu tamb\u00e9 la seva experi\u00e8ncia despr\u00e9s de la seva compra amb la seva Alicates Per Cut\u00edcules D&#039;Exportaci\u00f3 Nghia Cl.206 12 (5 Mm) comanda i la seva experi\u00e8ncia amb el proc\u00e9s de compra o el contacte amb Salon For All per inspirar a altres!<\/p>\n<h2>Contacte amb Salon For All<\/h2>\n<p>Contacteu-nos llavors. Estarem encantats d&#039;ajudar-vos amb l&#039;adquisici\u00f3 d&#039;Alicates Per a Cut\u00edcules D&#039;Exportaci\u00f3 Nghia Cl.206 12 (5 Mm). En dies feiners estem millor disponibles entre les 8.30 i les 17.00 hores a trav\u00e9s del n\u00famero de tel\u00e8fon i adre\u00e7a de correu electr\u00f2nic a la part superior de la botiga en l\u00ednia oa trav\u00e9s de la funci\u00f3 de xat. Les consultes fora de l&#039;horari d&#039;oficina se solen respondre en un termini de 24 hores. Tamb\u00e9 podeu visitar-nos fora dels dies laborables o horari d&#039;oficina. Per\u00f2 per aix\u00f2 cal concertar una cita pr\u00e8via.<\/p>\n<h2>Voleu visitar el nostre showroom?<\/h2>\n<p>Prefereix veure Alicates Per a Cut\u00edcules D&#039;Exportaci\u00f3 Nghia Cl.206 12 (5 Mm) o rec\u00f3rrer la nostra oferta de la botiga (online) juntament amb el nostre col\u00b7lega? Aleshores visiteu el nostre showroom amb m\u00e9s de 1000m\u00b2 d&#039;equipament per a salons i deixeu-vos inspirar pels nostres empleats. Tamb\u00e9 si us agrada con\u00e8ixer-nos de manera agradable gaudint d&#039;una bona tassa de caf\u00e8 o te, \u00e9s molt benvingut. No tenim tots els productes en estoc, aix\u00ed que faci&#039;ns saber per endavant que voleu venir. Concerteu sempre una cita pr\u00e8via.<\/p>\n<h2>14 dies de reflexi\u00f3 i la nostra pol\u00edtica de devolucions<\/h2>\n<p>Per descomptat pot passar que Alicates Per Cut\u00edcules D&#039;Exportaci\u00f3 Nghia Cl.206 12 (5 Mm) lliurat no sigui completament del seu gust i vulgui tornar-lo. Aix\u00f2 no \u00e9s cap problema a Salon For All. Heu de notificar la vostra devoluci\u00f3 dins de 14 dies laborables a trav\u00e9s d&#039;info@salonforall.es. Aleshores rebr\u00e0 primer totes les instruccions i condicions de devoluci\u00f3. Tingueu en compte que Alicates Per a Cut\u00edcules D&#039;Exportaci\u00f3 Nghia Cl.206 12 (5 Mm) no ha d&#039;haver estat usat, ha de contenir totes les parts subministrades i s&#039;ha de tornar empaquetat a l&#039;embalatge original. Els costos d&#039;enviament d&#039;una devoluci\u00f3 sempre s\u00f3n a c\u00e0rrec del comprador en compres a trav\u00e9s de www.salonforall.es. Heu d&#039;organitzar vost\u00e8 mateix un transport amb una empresa de transport de la seva elecci\u00f3 per a una devoluci\u00f3. Quan Alicates Per a Cut\u00edcules D&#039;Exportaci\u00f3 Nghia Cl.206 12 (5 Mm) hagi estat retornat, es verificar\u00e0 la seva integritat i possibles danys. Quan la devoluci\u00f3 hagi estat aprovada, l&#039;import de la compra es reemborsar\u00e0 dins de 5 dies laborables al compte bancari que tenim registrat.<\/p>\n<h2>Qui \u00e9s Salon For All?<\/h2>\n<p>Salon For All \u00e9s EL majorista per a tot equipament de salons a Europa. Salon For All va comen\u00e7ar el 2003 sota el nom Salonvoordeel i va sorgir de la pr\u00e0ctica. Els propietaris de Salon For All eren perruquers i especialistes en bellesa experimentats i tenen plegats m\u00e9s de 30 anys d&#039;experi\u00e8ncia pr\u00e0ctica. El 2003 vam llan\u00e7ar Salonvoordeel.nl (Pa\u00efsos Baixos) i posteriorment es va fundar Salon For All per al mercat europeu. Alguns dels nostres empleats van iniciar el seu propi negoci i aix\u00ed va sorgir la idea de llan\u00e7ar una botiga online funcional per a perruquers i ajudar-los amb l&#039;equipament del sal\u00f3.<\/p>\n<p>El nostre showroom es troba a Dinxperlo, directament a la frontera entre els Pa\u00efsos Baixos i Alemanya. Amb la nostra \u00e0mplia experi\u00e8ncia en el sector us podem servir de mirall i proporcionar-vos l&#039;assessorament adequat. Parlem el mateix idioma! Us assessorem, inspirem, motivem i ajudem en l&#039;adquisici\u00f3 d&#039;Alicates Per a Cut\u00edcules D&#039;Exportaci\u00f3 Nghia Cl.206 12 (5 Mm). Els nostres prove\u00efdors s\u00f3n a tot Europa, des d&#039;Alemanya, Anglaterra, It\u00e0lia fins a Pol\u00f2nia.<\/p>","protected":false},"excerpt":{"rendered":"<p>El producte Alicates Per a Cut\u00edcules D&#039;Exportaci\u00f3 Nghia Cl.206 12 (5 Mm) \u00e9s una soluci\u00f3 d&#039;alta qualitat per a qualsevol sal\u00f3. El termini de lliurament estimat \u00e9s de 6 dies feiners.<\/p>","protected":false},"featured_media":16123,"comment_status":"open","ping_status":"open","template":"","meta":[],"product_brand":[160],"product_cat":[162,163,161],"product_tag":[165,166,164],"class_list":{"0":"post-16122","1":"product","2":"type-product","3":"status-publish","4":"has-post-thumbnail","6":"product_brand-nghia","7":"product_cat-herramientas-y-accesorios","8":"product_cat-nghia","9":"product_cat-podologia","10":"product_tag-herramientas-y-accesorios","11":"product_tag-nghia","12":"product_tag-podologia","13":"pa_codigo-ean-7764","14":"pa_garantia-12-meses","15":"pa_marca-nghia","16":"pa_numero-de-articulo-6108","17":"pa_tiempo-estimado-de-entrega-4-5-dias-laborables","19":"first","20":"instock","21":"sale","22":"taxable","23":"shipping-taxable","24":"purchasable","25":"product-type-simple"},"yoast_head":"<!-- This site is optimized with the Yoast SEO plugin v27.6 - https:\/\/yoast.com\/product\/yoast-seo-wordpress\/ -->\n<title>Alicates Para Cut\u00edculas De Exportaci\u00f3n Nghia Cl.206 12 (5 Mm) comprar<\/title>\n<meta name=\"description\" content=\"Compra Alicates Para Cut\u00edculas De Exportaci\u00f3n Nghia Cl.206 12 (5 Mm) online o en el showroom en Salon For ALL Espa\u00f1a. El mayorista para salones, consultas y spas en Espa\u00f1a y Portugal.\" \/>\n<meta name=\"robots\" content=\"index, follow, max-snippet:-1, max-image-preview:large, max-video-preview:-1\" \/>\n<link rel=\"canonical\" href=\"https:\/\/salonforall.es\/ca\/alicates-per-a-cuticules-dexportacio-nghia-cl-206-12-5-mm\/\" \/>\n<meta property=\"og:locale\" content=\"ca_ES\" \/>\n<meta property=\"og:type\" content=\"article\" \/>\n<meta property=\"og:title\" content=\"Alicates Para Cut\u00edculas De Exportaci\u00f3n Nghia Cl.206 12 (5 Mm)\" \/>\n<meta property=\"og:description\" content=\"Compra Alicates Para Cut\u00edculas De Exportaci\u00f3n Nghia Cl.206 12 (5 Mm) online o en el showroom en Salon For ALL Espa\u00f1a. El mayorista para salones, consultas y spas en Espa\u00f1a y Portugal.\" \/>\n<meta property=\"og:url\" content=\"https:\/\/salonforall.es\/ca\/alicates-per-a-cuticules-dexportacio-nghia-cl-206-12-5-mm\/\" \/>\n<meta property=\"og:site_name\" content=\"Salon For ALL Espa\u00f1a\" \/>\n<meta property=\"article:modified_time\" content=\"2026-03-24T16:29:24+00:00\" \/>\n<meta property=\"og:image\" content=\"https:\/\/salonforall.es\/wp-content\/uploads\/2025\/12\/Alicates-Para-Cuticulas-De-Exportacion-Nghia-Cl.206-12-5-Mm.jpg\" \/>\n\t<meta property=\"og:image:width\" content=\"1200\" \/>\n\t<meta property=\"og:image:height\" content=\"1200\" \/>\n\t<meta property=\"og:image:type\" content=\"image\/jpeg\" \/>\n<meta name=\"twitter:card\" content=\"summary_large_image\" \/>\n<meta name=\"twitter:title\" content=\"Alicates Para Cut\u00edculas De Exportaci\u00f3n Nghia Cl.206 12 (5 Mm)\" \/>\n<meta name=\"twitter:label1\" content=\"Temps estimat de lectura\" \/>\n\t<meta name=\"twitter:data1\" content=\"8 minuts\" \/>\n<script type=\"application\/ld+json\" class=\"yoast-schema-graph\">{\"@context\":\"https:\\\/\\\/schema.org\",\"@graph\":[{\"@type\":\"WebPage\",\"@id\":\"https:\\\/\\\/salonforall.es\\\/alicates-para-cuticulas-de-exportacion-nghia-cl-206-12-5-mm\\\/\",\"url\":\"https:\\\/\\\/salonforall.es\\\/alicates-para-cuticulas-de-exportacion-nghia-cl-206-12-5-mm\\\/\",\"name\":\"Alicates Para Cut\u00edculas De Exportaci\u00f3n Nghia Cl.206 12 (5 Mm) comprar\",\"isPartOf\":{\"@id\":\"https:\\\/\\\/salonforall.es\\\/#website\"},\"primaryImageOfPage\":{\"@id\":\"https:\\\/\\\/salonforall.es\\\/alicates-para-cuticulas-de-exportacion-nghia-cl-206-12-5-mm\\\/#primaryimage\"},\"image\":{\"@id\":\"https:\\\/\\\/salonforall.es\\\/alicates-para-cuticulas-de-exportacion-nghia-cl-206-12-5-mm\\\/#primaryimage\"},\"thumbnailUrl\":\"https:\\\/\\\/salonforall.es\\\/wp-content\\\/uploads\\\/2025\\\/12\\\/Alicates-Para-Cuticulas-De-Exportacion-Nghia-Cl.206-12-5-Mm.jpg\",\"datePublished\":\"2025-12-02T13:34:58+00:00\",\"dateModified\":\"2026-03-24T16:29:24+00:00\",\"description\":\"Compra Alicates Para Cut\u00edculas De Exportaci\u00f3n Nghia Cl.206 12 (5 Mm) online o en el showroom en Salon For ALL Espa\u00f1a. El mayorista para salones, consultas y spas en Espa\u00f1a y Portugal.\",\"breadcrumb\":{\"@id\":\"https:\\\/\\\/salonforall.es\\\/alicates-para-cuticulas-de-exportacion-nghia-cl-206-12-5-mm\\\/#breadcrumb\"},\"inLanguage\":\"ca\",\"potentialAction\":[{\"@type\":\"ReadAction\",\"target\":[\"https:\\\/\\\/salonforall.es\\\/alicates-para-cuticulas-de-exportacion-nghia-cl-206-12-5-mm\\\/\"]}]},{\"@type\":\"ImageObject\",\"inLanguage\":\"ca\",\"@id\":\"https:\\\/\\\/salonforall.es\\\/alicates-para-cuticulas-de-exportacion-nghia-cl-206-12-5-mm\\\/#primaryimage\",\"url\":\"https:\\\/\\\/salonforall.es\\\/wp-content\\\/uploads\\\/2025\\\/12\\\/Alicates-Para-Cuticulas-De-Exportacion-Nghia-Cl.206-12-5-Mm.jpg\",\"contentUrl\":\"https:\\\/\\\/salonforall.es\\\/wp-content\\\/uploads\\\/2025\\\/12\\\/Alicates-Para-Cuticulas-De-Exportacion-Nghia-Cl.206-12-5-Mm.jpg\",\"width\":1200,\"height\":1200,\"caption\":\"Alicates Para Cut\u00edculas De Exportaci\u00f3n Nghia Cl.206 12 (5 Mm)\"},{\"@type\":\"BreadcrumbList\",\"@id\":\"https:\\\/\\\/salonforall.es\\\/alicates-para-cuticulas-de-exportacion-nghia-cl-206-12-5-mm\\\/#breadcrumb\",\"itemListElement\":[{\"@type\":\"ListItem\",\"position\":1,\"name\":\"Home\",\"item\":\"https:\\\/\\\/salonforall.es\\\/\"},{\"@type\":\"ListItem\",\"position\":2,\"name\":\"Winkel\",\"item\":\"https:\\\/\\\/salonforall.es\\\/winkel\\\/\"},{\"@type\":\"ListItem\",\"position\":3,\"name\":\"Alicates Para Cut\u00edculas De Exportaci\u00f3n Nghia Cl.206 12 (5 Mm)\"}]},{\"@type\":\"WebSite\",\"@id\":\"https:\\\/\\\/salonforall.es\\\/#website\",\"url\":\"https:\\\/\\\/salonforall.es\\\/\",\"name\":\"Salon For ALL Espa\u00f1a\",\"description\":\"Mayorista de mobiliario y suministros para consultorios y salones\",\"publisher\":{\"@id\":\"https:\\\/\\\/salonforall.es\\\/#organization\"},\"potentialAction\":[{\"@type\":\"SearchAction\",\"target\":{\"@type\":\"EntryPoint\",\"urlTemplate\":\"https:\\\/\\\/salonforall.es\\\/?s={search_term_string}\"},\"query-input\":{\"@type\":\"PropertyValueSpecification\",\"valueRequired\":true,\"valueName\":\"search_term_string\"}}],\"inLanguage\":\"ca\"},{\"@type\":\"Organization\",\"@id\":\"https:\\\/\\\/salonforall.es\\\/#organization\",\"name\":\"Salon For All B.V. Espa\u00f1a\",\"alternateName\":\"Salon For All B.V. Espa\u00f1a - Mayorista de equipamiento para consultas, salones y suministros\",\"url\":\"https:\\\/\\\/salonforall.es\\\/\",\"logo\":{\"@type\":\"ImageObject\",\"inLanguage\":\"ca\",\"@id\":\"https:\\\/\\\/salonforall.es\\\/#\\\/schema\\\/logo\\\/image\\\/\",\"url\":\"https:\\\/\\\/salonforall.es\\\/wp-content\\\/uploads\\\/2025\\\/11\\\/logo-salon-for-all-e1764543185849.png\",\"contentUrl\":\"https:\\\/\\\/salonforall.es\\\/wp-content\\\/uploads\\\/2025\\\/11\\\/logo-salon-for-all-e1764543185849.png\",\"width\":500,\"height\":150,\"caption\":\"Salon For All B.V. Espa\u00f1a\"},\"image\":{\"@id\":\"https:\\\/\\\/salonforall.es\\\/#\\\/schema\\\/logo\\\/image\\\/\"}}]}<\/script>\n<!-- \/ Yoast SEO plugin. -->","yoast_head_json":{"title":"Alicates Per a Cut\u00edcules D&#039;Exportaci\u00f3 Nghia Cl.206 12 (5 Mm) comprar","description":"Compra Alicates Per a Cut\u00edcules D&#039;Exportaci\u00f3 Nghia Cl.206 12 (5 Mm) online o al showroom a Salon For ALL Espanya. El majorista per a salons, consultes i spas a Espanya i Portugal.","robots":{"index":"index","follow":"follow","max-snippet":"max-snippet:-1","max-image-preview":"max-image-preview:large","max-video-preview":"max-video-preview:-1"},"canonical":"https:\/\/salonforall.es\/ca\/alicates-per-a-cuticules-dexportacio-nghia-cl-206-12-5-mm\/","og_locale":"ca_ES","og_type":"article","og_title":"Alicates Para Cut\u00edculas De Exportaci\u00f3n Nghia Cl.206 12 (5 Mm)","og_description":"Compra Alicates Para Cut\u00edculas De Exportaci\u00f3n Nghia Cl.206 12 (5 Mm) online o en el showroom en Salon For ALL Espa\u00f1a. El mayorista para salones, consultas y spas en Espa\u00f1a y Portugal.","og_url":"https:\/\/salonforall.es\/ca\/alicates-per-a-cuticules-dexportacio-nghia-cl-206-12-5-mm\/","og_site_name":"Salon For ALL Espa\u00f1a","article_modified_time":"2026-03-24T16:29:24+00:00","og_image":[{"width":1200,"height":1200,"url":"https:\/\/salonforall.es\/wp-content\/uploads\/2025\/12\/Alicates-Para-Cuticulas-De-Exportacion-Nghia-Cl.206-12-5-Mm.jpg","type":"image\/jpeg"}],"twitter_card":"summary_large_image","twitter_title":"Alicates Para Cut\u00edculas De Exportaci\u00f3n Nghia Cl.206 12 (5 Mm)","twitter_misc":{"Temps estimat de lectura":"8 minuts"},"schema":{"@context":"https:\/\/schema.org","@graph":[{"@type":"WebPage","@id":"https:\/\/salonforall.es\/alicates-para-cuticulas-de-exportacion-nghia-cl-206-12-5-mm\/","url":"https:\/\/salonforall.es\/alicates-para-cuticulas-de-exportacion-nghia-cl-206-12-5-mm\/","name":"Alicates Per a Cut\u00edcules D&#039;Exportaci\u00f3 Nghia Cl.206 12 (5 Mm) comprar","isPartOf":{"@id":"https:\/\/salonforall.es\/#website"},"primaryImageOfPage":{"@id":"https:\/\/salonforall.es\/alicates-para-cuticulas-de-exportacion-nghia-cl-206-12-5-mm\/#primaryimage"},"image":{"@id":"https:\/\/salonforall.es\/alicates-para-cuticulas-de-exportacion-nghia-cl-206-12-5-mm\/#primaryimage"},"thumbnailUrl":"https:\/\/salonforall.es\/wp-content\/uploads\/2025\/12\/Alicates-Para-Cuticulas-De-Exportacion-Nghia-Cl.206-12-5-Mm.jpg","datePublished":"2025-12-02T13:34:58+00:00","dateModified":"2026-03-24T16:29:24+00:00","description":"Compra Alicates Per a Cut\u00edcules D&#039;Exportaci\u00f3 Nghia Cl.206 12 (5 Mm) online o al showroom a Salon For ALL Espanya. El majorista per a salons, consultes i spas a Espanya i Portugal.","breadcrumb":{"@id":"https:\/\/salonforall.es\/alicates-para-cuticulas-de-exportacion-nghia-cl-206-12-5-mm\/#breadcrumb"},"inLanguage":"ca","potentialAction":[{"@type":"ReadAction","target":["https:\/\/salonforall.es\/alicates-para-cuticulas-de-exportacion-nghia-cl-206-12-5-mm\/"]}]},{"@type":"ImageObject","inLanguage":"ca","@id":"https:\/\/salonforall.es\/alicates-para-cuticulas-de-exportacion-nghia-cl-206-12-5-mm\/#primaryimage","url":"https:\/\/salonforall.es\/wp-content\/uploads\/2025\/12\/Alicates-Para-Cuticulas-De-Exportacion-Nghia-Cl.206-12-5-Mm.jpg","contentUrl":"https:\/\/salonforall.es\/wp-content\/uploads\/2025\/12\/Alicates-Para-Cuticulas-De-Exportacion-Nghia-Cl.206-12-5-Mm.jpg","width":1200,"height":1200,"caption":"Alicates Para Cut\u00edculas De Exportaci\u00f3n Nghia Cl.206 12 (5 Mm)"},{"@type":"BreadcrumbList","@id":"https:\/\/salonforall.es\/alicates-para-cuticulas-de-exportacion-nghia-cl-206-12-5-mm\/#breadcrumb","itemListElement":[{"@type":"ListItem","position":1,"name":"Home","item":"https:\/\/salonforall.es\/"},{"@type":"ListItem","position":2,"name":"Winkel","item":"https:\/\/salonforall.es\/winkel\/"},{"@type":"ListItem","position":3,"name":"Alicates Para Cut\u00edculas De Exportaci\u00f3n Nghia Cl.206 12 (5 Mm)"}]},{"@type":"WebSite","@id":"https:\/\/salonforall.es\/#website","url":"https:\/\/salonforall.es\/","name":"Salon For ALL Espanya","description":"Majorista de mobiliari i subministraments per a consultoris i salons","publisher":{"@id":"https:\/\/salonforall.es\/#organization"},"potentialAction":[{"@type":"SearchAction","target":{"@type":"EntryPoint","urlTemplate":"https:\/\/salonforall.es\/?s={search_term_string}"},"query-input":{"@type":"PropertyValueSpecification","valueRequired":true,"valueName":"search_term_string"}}],"inLanguage":"ca"},{"@type":"Organization","@id":"https:\/\/salonforall.es\/#organization","name":"Salon For All BV Espanya","alternateName":"Salon For All B.V. Espa\u00f1a - Mayorista de equipamiento para consultas, salones y suministros","url":"https:\/\/salonforall.es\/","logo":{"@type":"ImageObject","inLanguage":"ca","@id":"https:\/\/salonforall.es\/#\/schema\/logo\/image\/","url":"https:\/\/salonforall.es\/wp-content\/uploads\/2025\/11\/logo-salon-for-all-e1764543185849.png","contentUrl":"https:\/\/salonforall.es\/wp-content\/uploads\/2025\/11\/logo-salon-for-all-e1764543185849.png","width":500,"height":150,"caption":"Salon For All B.V. Espa\u00f1a"},"image":{"@id":"https:\/\/salonforall.es\/#\/schema\/logo\/image\/"}}]}},"_links":{"self":[{"href":"https:\/\/salonforall.es\/ca\/wp-json\/wp\/v2\/product\/16122","targetHints":{"allow":["GET"]}}],"collection":[{"href":"https:\/\/salonforall.es\/ca\/wp-json\/wp\/v2\/product"}],"about":[{"href":"https:\/\/salonforall.es\/ca\/wp-json\/wp\/v2\/types\/product"}],"replies":[{"embeddable":true,"href":"https:\/\/salonforall.es\/ca\/wp-json\/wp\/v2\/comments?post=16122"}],"wp:featuredmedia":[{"embeddable":true,"href":"https:\/\/salonforall.es\/ca\/wp-json\/wp\/v2\/media\/16123"}],"wp:attachment":[{"href":"https:\/\/salonforall.es\/ca\/wp-json\/wp\/v2\/media?parent=16122"}],"wp:term":[{"taxonomy":"product_brand","embeddable":true,"href":"https:\/\/salonforall.es\/ca\/wp-json\/wp\/v2\/product_brand?post=16122"},{"taxonomy":"product_cat","embeddable":true,"href":"https:\/\/salonforall.es\/ca\/wp-json\/wp\/v2\/product_cat?post=16122"},{"taxonomy":"product_tag","embeddable":true,"href":"https:\/\/salonforall.es\/ca\/wp-json\/wp\/v2\/product_tag?post=16122"}],"curies":[{"name":"wp","href":"https:\/\/api.w.org\/{rel}","templated":true}]}}