{"id":15581,"date":"2025-12-02T14:28:31","date_gmt":"2025-12-02T13:28:31","guid":{"rendered":"https:\/\/salonforall.es\/product\/lampara-led-uv-brillante-yc57-rn-azul-rosa-268w\/"},"modified":"2026-03-24T17:27:46","modified_gmt":"2026-03-24T16:27:46","slug":"lampara-led-uv-brillante-yc57-rn-azul-rosa-268w","status":"publish","type":"product","link":"https:\/\/salonforall.es\/ca\/lampara-led-uv-brillante-yc57-rn-azul-rosa-268w\/","title":{"rendered":"L\u00e1mpara Led Uv Brillante Yc57 Rn Azul Rosa 268W"},"content":{"rendered":"<h2>Informaci\u00f3n sobre L\u00e1mpara Led Uv Brillante Yc57 Rn Azul Rosa 268W con n\u00famero de art\u00edculo 148107<\/h2>\n<p><img decoding=\"async\" src=\"https:\/\/activeshop.com.pl\/media\/wysiwyg\/product\/148107\/EN_148107_1.jpg\"><\/p>\n<p>La marca <strong>GLOW<\/strong> ofrece iluminaci\u00f3n profesional que mejora la calidad de los servicios tanto en salones de belleza como en consultorios m\u00e9dicos. Ofrece una amplia gama de l\u00e1mparas especializadas, incluyendo l\u00e1mparas UV y de tratamiento, necesarias para un trabajo preciso.<\/p>\n<p><img decoding=\"async\" src=\"https:\/\/activeshop.com.pl\/media\/wysiwyg\/product\/148107\/EN_148107_2.jpg\"><\/p>\n<h2><strong>Una forma c\u00f3moda de lucir unas u\u00f1as bonitas<\/strong><\/h2>\n<p><strong>La l\u00e1mpara de u\u00f1as Glow YC57<\/strong> es un dispositivo pr\u00e1ctico que permite realizar manicuras y pedicuras de forma eficaz con esmaltes h\u00edbridos, geles u otras preparaciones fotopolimerizables. Funciones pr\u00e1cticas, diodos distribuidos uniformemente y la innovadora tecnolog\u00eda Dual Led garantizan una fijaci\u00f3n perfecta del dise\u00f1o de u\u00f1as. Su dise\u00f1o original, facilidad de uso y funcionalidades bien pensadas hacen que la l\u00e1mpara sea perfecta tanto para uso profesional como dom\u00e9stico.<\/p>\n<p><img decoding=\"async\" src=\"https:\/\/activeshop.com.pl\/media\/wysiwyg\/product\/148107\/EN_148107_3.jpg\"><\/p>\n<h2><strong>Dispositivo sin sombras con tecnolog\u00eda Dual LED<\/strong><\/h2>\n<p>Equipado con 57 LED colocados correctamente (sin la llamada \u00abzona muerta\u00bb), garantiza un secado perfecto de geles y esmaltes h\u00edbridos. Su forma cerrada, llamada cabina, permite una fijaci\u00f3n m\u00e1s precisa y r\u00e1pida de los dise\u00f1os de u\u00f1as. La tecnolog\u00eda Dual Led permite que los diodos emitan luz en dos longitudes de onda: 365 nm y 405 nm. Como resultado, no causa fatiga visual excesiva y ofrece un amplio espectro de acci\u00f3n. Estas soluciones garantizan un endurecimiento adecuado incluso de los productos m\u00e1s exigentes, llegando incluso a las zonas m\u00e1s dif\u00edciles de la placa ungueal.<\/p>\n<p><img decoding=\"async\" src=\"https:\/\/activeshop.com.pl\/media\/wysiwyg\/product\/148107\/EN_148107_4.jpg\"><\/p>\n<h2><strong>Ajuste del tiempo de trabajo a las necesidades individuales<\/strong><\/h2>\n<p>La l\u00e1mpara est\u00e1 equipada con un temporizador con cuatro tiempos de funcionamiento programados: 10 s, 30 s, 60 s y 99 s (el llamado \u00abModo de Calor Bajo\u00bb), que se muestran en la pantalla digital. Adem\u00e1s, si no se selecciona ning\u00fan modo, el sensor de movimiento integrado encender\u00e1 autom\u00e1ticamente la l\u00e1mpara al colocar los dedos de las manos o de los pies debajo, con un tiempo de exposici\u00f3n m\u00e1ximo de 120 segundos. La pantalla mostrar\u00e1 el tiempo de secado. Esto permite seleccionar f\u00e1cilmente la duraci\u00f3n del secado seg\u00fan el peinado y las necesidades del usuario.<\/p>\n<p><img decoding=\"async\" src=\"https:\/\/activeshop.com.pl\/media\/wysiwyg\/product\/148107\/EN_148107_5.jpg\"><\/p>\n<h2><strong>Modo de calor bajo<\/strong><\/h2>\n<p>El sistema de \u00abModo de calor bajo\u00bb ya mencionado hace que la l\u00e1mpara aumente gradualmente su potencia durante el secado, calent\u00e1ndose m\u00e1s lentamente. Esto minimiza la sensaci\u00f3n de ardor o calor durante la exposici\u00f3n. Esta funci\u00f3n es indispensable, especialmente al endurecer geles, lo que suele causar molestias al usar otras l\u00e1mparas disponibles en el mercado.<\/p>\n<p><img decoding=\"async\" src=\"https:\/\/activeshop.com.pl\/media\/wysiwyg\/product\/148107\/EN_148107_6.jpg\"><\/p>\n<h2><strong>Panel inferior desmontable y elegante asa<\/strong><\/h2>\n<p>Cuenta con una base f\u00e1cil de desmontar en tonos blancos. Esto facilita enormemente la colocaci\u00f3n del pie bajo la l\u00e1mpara durante tratamientos de pedicura o podolog\u00eda. Esta opci\u00f3n tambi\u00e9n es perfecta para limpiar o desinfectar el dispositivo. El asa en tonos cromados con acabado pulido es un atractivo a\u00f1adido que facilita el transporte del dispositivo y es ideal para estilistas m\u00f3viles. La carcasa tambi\u00e9n cuenta con un hueco especial que sirve como soporte para el tel\u00e9fono. Esto te permite disfrutar de tu pel\u00edcula favorita durante el tratamiento.<\/p>\n<h2><strong>Dise\u00f1o elegante y funcional<\/strong><\/h2>\n<p><strong>Sus funciones bien pensadas, su forma original y su relieve decorativo<\/strong> hacen de la l\u00e1mpara un elemento pr\u00e1ctico y elegante para el equipamiento de un sal\u00f3n de u\u00f1as. Su tama\u00f1o adecuado permite colocar toda la mano o el pie debajo de la l\u00e1mpara, lo que garantiza un secado uniforme del peinado y reduce el riesgo de alergias. Las soluciones tecnol\u00f3gicas utilizadas lo convierten en un producto que vale la pena considerar <strong>tanto para profesionales de la industria de la belleza como para usuarios dom\u00e9sticos<\/strong>.<\/p>\n<div class=\"video-container\"> <iframe height=\"315\" src=\"https:\/\/www.youtube.com\/embed\/n31L77k078k\" frameborder=\"0\" width=\"560\" allowfullscreen allow=\"accelerometer; autoplay; encrypted-media; gyroscope; picture-in-picture\"> <\/iframe> <\/div>\n<p>Llegiu atentament les instruccions abans d&#039;usar.<br \/><strong>El conjunt inclou:<\/strong> l\u00e1mpara, fuente de alimentaci\u00f3n, instrucciones.<\/p>\n<p><strong>Dades:<\/strong><br \/>Color: tonos de rosa y azul<br \/>Temporizador: 10 s, 30 s, 60 s, 99 s<br \/>Tiempo m\u00e1ximo de trabajo: 120 s<br \/>Sensor de movimiento: s\u00ed<br \/>Pantalla: digital<br \/>N\u00famero de LED: 57<br \/>Potencia: 268 W<br \/>Tensi\u00f3n nominal: 100-240 V<br \/>Tensi\u00f3n de entrada: 24 V<br \/>Longitud de onda de la luz: 365 nm, 405 nm<br \/>Dimensiones: 23,5 cm x 19,2 cm x 9,3 cm<br \/>Garantia: 12 mesos<\/p>\n<p>Los productos Activeshop son proporcionalmente m\u00e1s econ\u00f3micos que muchas otras marcas\/proveedores. El precio est\u00e1 en relaci\u00f3n con la calidad. L\u00e1mpara Led Uv Brillante Yc57 Rn Azul Rosa 268W es por lo tanto una soluci\u00f3n accesible para su sal\u00f3n.<\/p>\n<h2>\u00bfC\u00f3mo se entrega L\u00e1mpara Led Uv Brillante Yc57 Rn Azul Rosa 268W?<\/h2>\n<p>L\u00e1mpara Led Uv Brillante Yc57 Rn Azul Rosa 268W se entrega en embalaje(s) original(es). Dentro de Espa\u00f1a el env\u00edo de L\u00e1mpara Led Uv Brillante Yc57 Rn Azul Rosa 268W es completamente gratuito para pedidos a partir de 100,- euros. Para env\u00edos a otros pa\u00edses se aplican tarifas de env\u00edo separadas. Puede consultar estas tarifas con nosotros o verlas en el carrito de compra. L\u00e1mpara Led Uv Brillante Yc57 Rn Azul Rosa 268W se env\u00eda a trav\u00e9s de un servicio de mensajer\u00eda externo.<\/p>\n<p>Els paquets o palets es lliuren de forma est\u00e0ndard fins al llindar de la porta principal, fins i tot si est\u00e0 ubicat en un edifici col\u00b7lectiu, edifici d&#039;apartaments o complex d&#039;apartaments amb ascensor (sempre que l&#039;article c\u00e0piga a l&#039;ascensor). No hi ha ascensor disponible o l&#039;article no hi cap a l&#039;ascensor? Aleshores lliurem fins al llindar de la planta baixa.<\/p>\n<p>Encara teniu preguntes sobre el lliurament o una situaci\u00f3 especial? Contacti&#039;ns i estarem encantats d&#039;ajudar-lo!<\/p>\n<p>*Els articles no es desembalen ni munten de forma est\u00e0ndard. En situacions especials ens pot contactar per fer acords sobre aix\u00f2.<\/p>\n<h2>Compra en l\u00ednia segura a Salon For All amb el segell de qualitat Webwinkelkeur i xifrat SSL<\/h2>\n<p>Es importante para nosotros que nuestros clientes puedan comprar de forma segura en nuestra tienda online. Estamos afiliados al sello de calidad nacional Webwinkelkeur desde 2019. Nuestra identidad ha sido verificada y comprobada por ellos, y la tienda online ha sido revisada y aprobada legalmente. Adem\u00e1s, nuestra tienda online est\u00e1 afiliada a ellos para la mediaci\u00f3n de conflictos. Puede ver la insignia con toda la informaci\u00f3n de este sello de calidad de tienda online en el lado izquierdo o derecho de la tienda online (bot\u00f3n rosa con blanco). Adem\u00e1s, nuestro sitio est\u00e1 protegido con un certificado SSL para que pueda navegar de forma segura con nosotros. En la barra de su navegador de Internet, donde aparece nuestro sitio web, ver\u00e1 un icono de candado. Si hace clic en el candado, obtendr\u00e1 toda la informaci\u00f3n sobre nuestra seguridad. De esta manera sabe que su pedido de L\u00e1mpara Led Uv Brillante Yc57 Rn Azul Rosa 268W y sus datos personales se procesan de forma segura.<\/p>\n<h2>\u00bfC\u00f3mo puedo pagar L\u00e1mpara Led Uv Brillante Yc57 Rn Azul Rosa 268W?<\/h2>\n<p>Volem fer-ho el m\u00e9s f\u00e0cil possible. Per aix\u00f2 a Salon For All podeu pagar amb tots els m\u00e8todes de pagament coneguts i habituals. Pagar per avan\u00e7at, al lliurament oa posteriori; tot \u00e9s possible. Vegeu aqu\u00ed tots els m\u00e8todes de pagament que oferim:<\/p>\n<ul>\n<li>iDEAL<\/li>\n<li>Targeta de cr\u00e8dit (Visa, Mastercard, American Express)<\/li>\n<li>Klarna \u2013 Pagament a posteriori amb factura<\/li>\n<li>PayPal<\/li>\n<li>Apple Pay<\/li>\n<li>Google Pay<\/li>\n<li>Bizum (per a clients espanyols)<\/li>\n<li>Transfer\u00e8ncia banc\u00e0ria SEPA<\/li>\n<li>Bancontact<\/li>\n<li>Factura comercial per a empreses<\/li>\n<li>Pagament al showroom \u2013 Tant targeta com efectiu (Nom\u00e9s disponible en recollida)<\/li>\n<\/ul>\n<h2>Consulteu tamb\u00e9 les ressenyes de Salon For All<\/h2>\n<p>Consulte tambi\u00e9n nuestras rese\u00f1as para tener en cuenta las experiencias de nuestros clientes actuales en su decisi\u00f3n de pedir L\u00e1mpara Led Uv Brillante Yc57 Rn Azul Rosa 268W con nosotros. A trav\u00e9s de nuestro sello de calidad independiente de tienda online Webwinkelkeur, se recopilan autom\u00e1ticamente rese\u00f1as verificadas de clientes que han completado un pedido con nosotros. Puede encontrarlas detr\u00e1s del bot\u00f3n rosa en nuestra tienda online o aparecen listadas debajo de los productos.<\/p>\n<p>\u00a1Comparta tambi\u00e9n su experiencia despu\u00e9s de su compra con su L\u00e1mpara Led Uv Brillante Yc57 Rn Azul Rosa 268W pedido y su experiencia con el proceso de compra o el contacto con Salon For All para inspirar a otros!<\/p>\n<h2>Contacte amb Salon For All<\/h2>\n<p>Cont\u00e1ctenos entonces. Estaremos encantados de ayudarle con la adquisici\u00f3n de L\u00e1mpara Led Uv Brillante Yc57 Rn Azul Rosa 268W. En d\u00edas laborables estamos mejor disponibles entre las 8.30 y las 17.00 horas a trav\u00e9s del n\u00famero de tel\u00e9fono y direcci\u00f3n de correo electr\u00f3nico en la parte superior de la tienda online o a trav\u00e9s de la funci\u00f3n de chat. Las consultas fuera del horario de oficina suelen responderse en un plazo de 24 horas. Tambi\u00e9n es posible visitarnos fuera de los d\u00edas laborables u horario de oficina. Pero para ello es necesario concertar una cita previa.<\/p>\n<h2>Voleu visitar el nostre showroom?<\/h2>\n<p>\u00bfPrefiere ver L\u00e1mpara Led Uv Brillante Yc57 Rn Azul Rosa 268W o recorrer nuestra oferta de la tienda (online) junto con nuestro colega? Entonces visite nuestro showroom con m\u00e1s de 1000m\u00b2 de equipamiento para salones y d\u00e9jese inspirar por nuestros empleados. Tambi\u00e9n si le gusta conocernos de manera agradable disfrutando de una buena taza de caf\u00e9 o t\u00e9, es muy bienvenido. No tenemos todos los productos en stock, as\u00ed que h\u00e1ganos saber de antemano que desea venir. Concierte siempre una cita previa.<\/p>\n<h2>14 dies de reflexi\u00f3 i la nostra pol\u00edtica de devolucions<\/h2>\n<p>Por supuesto puede ocurrir que L\u00e1mpara Led Uv Brillante Yc57 Rn Azul Rosa 268W entregado no sea completamente de su agrado y desee devolverlo. Eso no es ning\u00fan problema en Salon For All. Debe notificar su devoluci\u00f3n dentro de 14 d\u00edas laborables a trav\u00e9s de info@salonforall.es. Entonces recibir\u00e1 primero todas las instrucciones y condiciones de devoluci\u00f3n. Tenga en cuenta que L\u00e1mpara Led Uv Brillante Yc57 Rn Azul Rosa 268W no debe haber sido usado, debe contener todas las partes suministradas y debe devolverse empaquetado en el embalaje original. Los costos de env\u00edo de una devoluci\u00f3n son siempre a cargo del comprador en compras a trav\u00e9s de www.salonforall.es. Debe organizar usted mismo un transporte con una empresa de transporte de su elecci\u00f3n para una devoluci\u00f3n. Una vez que L\u00e1mpara Led Uv Brillante Yc57 Rn Azul Rosa 268W haya sido devuelto, se verificar\u00e1 su integridad y posibles da\u00f1os. Una vez que la devoluci\u00f3n haya sido aprobada, el importe de la compra se reembolsar\u00e1 dentro de 5 d\u00edas laborables a la cuenta bancaria que tenemos registrada.<\/p>\n<h2>Qui \u00e9s Salon For All?<\/h2>\n<p>Salon For All \u00e9s EL majorista per a tot equipament de salons a Europa. Salon For All va comen\u00e7ar el 2003 sota el nom Salonvoordeel i va sorgir de la pr\u00e0ctica. Els propietaris de Salon For All eren perruquers i especialistes en bellesa experimentats i tenen plegats m\u00e9s de 30 anys d&#039;experi\u00e8ncia pr\u00e0ctica. El 2003 vam llan\u00e7ar Salonvoordeel.nl (Pa\u00efsos Baixos) i posteriorment es va fundar Salon For All per al mercat europeu. Alguns dels nostres empleats van iniciar el seu propi negoci i aix\u00ed va sorgir la idea de llan\u00e7ar una botiga online funcional per a perruquers i ajudar-los amb l&#039;equipament del sal\u00f3.<\/p>\n<p>Nuestro showroom se encuentra en Dinxperlo, directamente en la frontera entre los Pa\u00edses Bajos y Alemania. Con nuestra amplia experiencia en el sector podemos servirle de espejo y proporcionarle el asesoramiento adecuado. \u00a1Hablamos el mismo idioma! Le asesoramos, inspiramos, motivamos y ayudamos en la adquisici\u00f3n de L\u00e1mpara Led Uv Brillante Yc57 Rn Azul Rosa 268W. Nuestros proveedores se encuentran en toda Europa, desde Alemania, Inglaterra, Italia hasta Polonia.<\/p>","protected":false},"excerpt":{"rendered":"<p>El producto L\u00e1mpara Led Uv Brillante Yc57 Rn Azul Rosa 268W es una soluci\u00f3n de alta calidad para cualquier sal\u00f3n. El plazo de entrega estimado es de aproximadamente 6 d\u00edas laborables.<\/p>","protected":false},"featured_media":15582,"comment_status":"open","ping_status":"open","template":"","meta":[],"product_brand":[640],"product_cat":[2240,621],"product_tag":[2241,623],"class_list":{"0":"post-15581","1":"product","2":"type-product","3":"status-publish","4":"has-post-thumbnail","6":"product_brand-glow","7":"product_cat-lamparas-led-y-uv-para-unas","8":"product_cat-unas","9":"product_tag-lamparas-led-y-uv-para-unas","10":"product_tag-unas","11":"pa_codigo-ean-7759","12":"pa_garantia-12-meses","13":"pa_marca-glow","14":"pa_numero-de-articulo-5926","15":"pa_tiempo-estimado-de-entrega-4-5-dias-laborables","17":"first","18":"instock","19":"sale","20":"taxable","21":"shipping-taxable","22":"purchasable","23":"product-type-simple"},"yoast_head":"<!-- This site is optimized with the Yoast SEO plugin v27.6 - https:\/\/yoast.com\/product\/yoast-seo-wordpress\/ -->\n<title>L\u00e1mpara Led Uv Brillante Yc57 Rn Azul Rosa 268W comprar<\/title>\n<meta name=\"description\" content=\"Compra L\u00e1mpara Led Uv Brillante Yc57 Rn Azul Rosa 268W online o en el showroom en Salon For ALL Espa\u00f1a. El mayorista para salones, consultas y spas en Espa\u00f1a y Portugal.\" \/>\n<meta name=\"robots\" content=\"index, follow, max-snippet:-1, max-image-preview:large, max-video-preview:-1\" \/>\n<link rel=\"canonical\" href=\"https:\/\/salonforall.es\/ca\/lampara-led-uv-brillante-yc57-rn-azul-rosa-268w\/\" \/>\n<meta property=\"og:locale\" content=\"ca_ES\" \/>\n<meta property=\"og:type\" content=\"article\" \/>\n<meta property=\"og:title\" content=\"L\u00e1mpara Led Uv Brillante Yc57 Rn Azul Rosa 268W\" \/>\n<meta property=\"og:description\" content=\"Compra L\u00e1mpara Led Uv Brillante Yc57 Rn Azul Rosa 268W online o en el showroom en Salon For ALL Espa\u00f1a. El mayorista para salones, consultas y spas en Espa\u00f1a y Portugal.\" \/>\n<meta property=\"og:url\" content=\"https:\/\/salonforall.es\/ca\/lampara-led-uv-brillante-yc57-rn-azul-rosa-268w\/\" \/>\n<meta property=\"og:site_name\" content=\"Salon For ALL Espa\u00f1a\" \/>\n<meta property=\"article:modified_time\" content=\"2026-03-24T16:27:46+00:00\" \/>\n<meta property=\"og:image\" content=\"https:\/\/salonforall.es\/wp-content\/uploads\/2025\/12\/Lampara-Led-Uv-Brillante-Yc57-Rn-Azul-Rosa-268W.jpg\" \/>\n\t<meta property=\"og:image:width\" content=\"1200\" \/>\n\t<meta property=\"og:image:height\" content=\"1200\" \/>\n\t<meta property=\"og:image:type\" content=\"image\/jpeg\" \/>\n<meta name=\"twitter:card\" content=\"summary_large_image\" \/>\n<meta name=\"twitter:title\" content=\"L\u00e1mpara Led Uv Brillante Yc57 Rn Azul Rosa 268W\" \/>\n<meta name=\"twitter:label1\" content=\"Temps estimat de lectura\" \/>\n\t<meta name=\"twitter:data1\" content=\"10 minuts\" \/>\n<script type=\"application\/ld+json\" class=\"yoast-schema-graph\">{\"@context\":\"https:\\\/\\\/schema.org\",\"@graph\":[{\"@type\":\"WebPage\",\"@id\":\"https:\\\/\\\/salonforall.es\\\/lampara-led-uv-brillante-yc57-rn-azul-rosa-268w\\\/\",\"url\":\"https:\\\/\\\/salonforall.es\\\/lampara-led-uv-brillante-yc57-rn-azul-rosa-268w\\\/\",\"name\":\"L\u00e1mpara Led Uv Brillante Yc57 Rn Azul Rosa 268W comprar\",\"isPartOf\":{\"@id\":\"https:\\\/\\\/salonforall.es\\\/#website\"},\"primaryImageOfPage\":{\"@id\":\"https:\\\/\\\/salonforall.es\\\/lampara-led-uv-brillante-yc57-rn-azul-rosa-268w\\\/#primaryimage\"},\"image\":{\"@id\":\"https:\\\/\\\/salonforall.es\\\/lampara-led-uv-brillante-yc57-rn-azul-rosa-268w\\\/#primaryimage\"},\"thumbnailUrl\":\"https:\\\/\\\/salonforall.es\\\/wp-content\\\/uploads\\\/2025\\\/12\\\/Lampara-Led-Uv-Brillante-Yc57-Rn-Azul-Rosa-268W.jpg\",\"datePublished\":\"2025-12-02T13:28:31+00:00\",\"dateModified\":\"2026-03-24T16:27:46+00:00\",\"description\":\"Compra L\u00e1mpara Led Uv Brillante Yc57 Rn Azul Rosa 268W online o en el showroom en Salon For ALL Espa\u00f1a. El mayorista para salones, consultas y spas en Espa\u00f1a y Portugal.\",\"breadcrumb\":{\"@id\":\"https:\\\/\\\/salonforall.es\\\/lampara-led-uv-brillante-yc57-rn-azul-rosa-268w\\\/#breadcrumb\"},\"inLanguage\":\"ca\",\"potentialAction\":[{\"@type\":\"ReadAction\",\"target\":[\"https:\\\/\\\/salonforall.es\\\/lampara-led-uv-brillante-yc57-rn-azul-rosa-268w\\\/\"]}]},{\"@type\":\"ImageObject\",\"inLanguage\":\"ca\",\"@id\":\"https:\\\/\\\/salonforall.es\\\/lampara-led-uv-brillante-yc57-rn-azul-rosa-268w\\\/#primaryimage\",\"url\":\"https:\\\/\\\/salonforall.es\\\/wp-content\\\/uploads\\\/2025\\\/12\\\/Lampara-Led-Uv-Brillante-Yc57-Rn-Azul-Rosa-268W.jpg\",\"contentUrl\":\"https:\\\/\\\/salonforall.es\\\/wp-content\\\/uploads\\\/2025\\\/12\\\/Lampara-Led-Uv-Brillante-Yc57-Rn-Azul-Rosa-268W.jpg\",\"width\":1200,\"height\":1200,\"caption\":\"L\u00e1mpara Led Uv Brillante Yc57 Rn Azul Rosa 268W\"},{\"@type\":\"BreadcrumbList\",\"@id\":\"https:\\\/\\\/salonforall.es\\\/lampara-led-uv-brillante-yc57-rn-azul-rosa-268w\\\/#breadcrumb\",\"itemListElement\":[{\"@type\":\"ListItem\",\"position\":1,\"name\":\"Home\",\"item\":\"https:\\\/\\\/salonforall.es\\\/\"},{\"@type\":\"ListItem\",\"position\":2,\"name\":\"Winkel\",\"item\":\"https:\\\/\\\/salonforall.es\\\/winkel\\\/\"},{\"@type\":\"ListItem\",\"position\":3,\"name\":\"L\u00e1mpara Led Uv Brillante Yc57 Rn Azul Rosa 268W\"}]},{\"@type\":\"WebSite\",\"@id\":\"https:\\\/\\\/salonforall.es\\\/#website\",\"url\":\"https:\\\/\\\/salonforall.es\\\/\",\"name\":\"Salon For ALL Espa\u00f1a\",\"description\":\"Mayorista de mobiliario y suministros para consultorios y salones\",\"publisher\":{\"@id\":\"https:\\\/\\\/salonforall.es\\\/#organization\"},\"potentialAction\":[{\"@type\":\"SearchAction\",\"target\":{\"@type\":\"EntryPoint\",\"urlTemplate\":\"https:\\\/\\\/salonforall.es\\\/?s={search_term_string}\"},\"query-input\":{\"@type\":\"PropertyValueSpecification\",\"valueRequired\":true,\"valueName\":\"search_term_string\"}}],\"inLanguage\":\"ca\"},{\"@type\":\"Organization\",\"@id\":\"https:\\\/\\\/salonforall.es\\\/#organization\",\"name\":\"Salon For All B.V. Espa\u00f1a\",\"alternateName\":\"Salon For All B.V. Espa\u00f1a - Mayorista de equipamiento para consultas, salones y suministros\",\"url\":\"https:\\\/\\\/salonforall.es\\\/\",\"logo\":{\"@type\":\"ImageObject\",\"inLanguage\":\"ca\",\"@id\":\"https:\\\/\\\/salonforall.es\\\/#\\\/schema\\\/logo\\\/image\\\/\",\"url\":\"https:\\\/\\\/salonforall.es\\\/wp-content\\\/uploads\\\/2025\\\/11\\\/logo-salon-for-all-e1764543185849.png\",\"contentUrl\":\"https:\\\/\\\/salonforall.es\\\/wp-content\\\/uploads\\\/2025\\\/11\\\/logo-salon-for-all-e1764543185849.png\",\"width\":500,\"height\":150,\"caption\":\"Salon For All B.V. Espa\u00f1a\"},\"image\":{\"@id\":\"https:\\\/\\\/salonforall.es\\\/#\\\/schema\\\/logo\\\/image\\\/\"}}]}<\/script>\n<!-- \/ Yoast SEO plugin. -->","yoast_head_json":{"title":"L\u00e1mpara Led Uv Brillante Yc57 Rn Azul Rosa 268W comprar","description":"Compra L\u00e1mpara Led Uv Brillante Yc57 Rn Azul Rosa 268W online o en el showroom en Salon For ALL Espa\u00f1a. El mayorista para salones, consultas y spas en Espa\u00f1a y Portugal.","robots":{"index":"index","follow":"follow","max-snippet":"max-snippet:-1","max-image-preview":"max-image-preview:large","max-video-preview":"max-video-preview:-1"},"canonical":"https:\/\/salonforall.es\/ca\/lampara-led-uv-brillante-yc57-rn-azul-rosa-268w\/","og_locale":"ca_ES","og_type":"article","og_title":"L\u00e1mpara Led Uv Brillante Yc57 Rn Azul Rosa 268W","og_description":"Compra L\u00e1mpara Led Uv Brillante Yc57 Rn Azul Rosa 268W online o en el showroom en Salon For ALL Espa\u00f1a. El mayorista para salones, consultas y spas en Espa\u00f1a y Portugal.","og_url":"https:\/\/salonforall.es\/ca\/lampara-led-uv-brillante-yc57-rn-azul-rosa-268w\/","og_site_name":"Salon For ALL Espa\u00f1a","article_modified_time":"2026-03-24T16:27:46+00:00","og_image":[{"width":1200,"height":1200,"url":"https:\/\/salonforall.es\/wp-content\/uploads\/2025\/12\/Lampara-Led-Uv-Brillante-Yc57-Rn-Azul-Rosa-268W.jpg","type":"image\/jpeg"}],"twitter_card":"summary_large_image","twitter_title":"L\u00e1mpara Led Uv Brillante Yc57 Rn Azul Rosa 268W","twitter_misc":{"Temps estimat de lectura":"10 minuts"},"schema":{"@context":"https:\/\/schema.org","@graph":[{"@type":"WebPage","@id":"https:\/\/salonforall.es\/lampara-led-uv-brillante-yc57-rn-azul-rosa-268w\/","url":"https:\/\/salonforall.es\/lampara-led-uv-brillante-yc57-rn-azul-rosa-268w\/","name":"L\u00e1mpara Led Uv Brillante Yc57 Rn Azul Rosa 268W comprar","isPartOf":{"@id":"https:\/\/salonforall.es\/#website"},"primaryImageOfPage":{"@id":"https:\/\/salonforall.es\/lampara-led-uv-brillante-yc57-rn-azul-rosa-268w\/#primaryimage"},"image":{"@id":"https:\/\/salonforall.es\/lampara-led-uv-brillante-yc57-rn-azul-rosa-268w\/#primaryimage"},"thumbnailUrl":"https:\/\/salonforall.es\/wp-content\/uploads\/2025\/12\/Lampara-Led-Uv-Brillante-Yc57-Rn-Azul-Rosa-268W.jpg","datePublished":"2025-12-02T13:28:31+00:00","dateModified":"2026-03-24T16:27:46+00:00","description":"Compra L\u00e1mpara Led Uv Brillante Yc57 Rn Azul Rosa 268W online o en el showroom en Salon For ALL Espa\u00f1a. El mayorista para salones, consultas y spas en Espa\u00f1a y Portugal.","breadcrumb":{"@id":"https:\/\/salonforall.es\/lampara-led-uv-brillante-yc57-rn-azul-rosa-268w\/#breadcrumb"},"inLanguage":"ca","potentialAction":[{"@type":"ReadAction","target":["https:\/\/salonforall.es\/lampara-led-uv-brillante-yc57-rn-azul-rosa-268w\/"]}]},{"@type":"ImageObject","inLanguage":"ca","@id":"https:\/\/salonforall.es\/lampara-led-uv-brillante-yc57-rn-azul-rosa-268w\/#primaryimage","url":"https:\/\/salonforall.es\/wp-content\/uploads\/2025\/12\/Lampara-Led-Uv-Brillante-Yc57-Rn-Azul-Rosa-268W.jpg","contentUrl":"https:\/\/salonforall.es\/wp-content\/uploads\/2025\/12\/Lampara-Led-Uv-Brillante-Yc57-Rn-Azul-Rosa-268W.jpg","width":1200,"height":1200,"caption":"L\u00e1mpara Led Uv Brillante Yc57 Rn Azul Rosa 268W"},{"@type":"BreadcrumbList","@id":"https:\/\/salonforall.es\/lampara-led-uv-brillante-yc57-rn-azul-rosa-268w\/#breadcrumb","itemListElement":[{"@type":"ListItem","position":1,"name":"Home","item":"https:\/\/salonforall.es\/"},{"@type":"ListItem","position":2,"name":"Winkel","item":"https:\/\/salonforall.es\/winkel\/"},{"@type":"ListItem","position":3,"name":"L\u00e1mpara Led Uv Brillante Yc57 Rn Azul Rosa 268W"}]},{"@type":"WebSite","@id":"https:\/\/salonforall.es\/#website","url":"https:\/\/salonforall.es\/","name":"Salon For ALL Espanya","description":"Majorista de mobiliari i subministraments per a consultoris i salons","publisher":{"@id":"https:\/\/salonforall.es\/#organization"},"potentialAction":[{"@type":"SearchAction","target":{"@type":"EntryPoint","urlTemplate":"https:\/\/salonforall.es\/?s={search_term_string}"},"query-input":{"@type":"PropertyValueSpecification","valueRequired":true,"valueName":"search_term_string"}}],"inLanguage":"ca"},{"@type":"Organization","@id":"https:\/\/salonforall.es\/#organization","name":"Salon For All BV Espanya","alternateName":"Salon For All B.V. Espa\u00f1a - Mayorista de equipamiento para consultas, salones y suministros","url":"https:\/\/salonforall.es\/","logo":{"@type":"ImageObject","inLanguage":"ca","@id":"https:\/\/salonforall.es\/#\/schema\/logo\/image\/","url":"https:\/\/salonforall.es\/wp-content\/uploads\/2025\/11\/logo-salon-for-all-e1764543185849.png","contentUrl":"https:\/\/salonforall.es\/wp-content\/uploads\/2025\/11\/logo-salon-for-all-e1764543185849.png","width":500,"height":150,"caption":"Salon For All B.V. Espa\u00f1a"},"image":{"@id":"https:\/\/salonforall.es\/#\/schema\/logo\/image\/"}}]}},"_links":{"self":[{"href":"https:\/\/salonforall.es\/ca\/wp-json\/wp\/v2\/product\/15581","targetHints":{"allow":["GET"]}}],"collection":[{"href":"https:\/\/salonforall.es\/ca\/wp-json\/wp\/v2\/product"}],"about":[{"href":"https:\/\/salonforall.es\/ca\/wp-json\/wp\/v2\/types\/product"}],"replies":[{"embeddable":true,"href":"https:\/\/salonforall.es\/ca\/wp-json\/wp\/v2\/comments?post=15581"}],"wp:featuredmedia":[{"embeddable":true,"href":"https:\/\/salonforall.es\/ca\/wp-json\/wp\/v2\/media\/15582"}],"wp:attachment":[{"href":"https:\/\/salonforall.es\/ca\/wp-json\/wp\/v2\/media?parent=15581"}],"wp:term":[{"taxonomy":"product_brand","embeddable":true,"href":"https:\/\/salonforall.es\/ca\/wp-json\/wp\/v2\/product_brand?post=15581"},{"taxonomy":"product_cat","embeddable":true,"href":"https:\/\/salonforall.es\/ca\/wp-json\/wp\/v2\/product_cat?post=15581"},{"taxonomy":"product_tag","embeddable":true,"href":"https:\/\/salonforall.es\/ca\/wp-json\/wp\/v2\/product_tag?post=15581"}],"curies":[{"name":"wp","href":"https:\/\/api.w.org\/{rel}","templated":true}]}}