{"id":15552,"date":"2025-12-02T14:28:31","date_gmt":"2025-12-02T13:28:31","guid":{"rendered":"https:\/\/salonforall.es\/product\/sillon-de-barbero-president-old-leather-green\/"},"modified":"2026-03-24T17:27:44","modified_gmt":"2026-03-24T16:27:44","slug":"sillon-de-barbero-president-old-leather-green","status":"publish","type":"product","link":"https:\/\/salonforall.es\/ca\/sillon-de-barbero-president-old-leather-green\/","title":{"rendered":"Butaca De Barbero President Old Leather Green"},"content":{"rendered":"<h2>Informaci\u00f3n sobre Sill\u00f3n De Barbero President Old Leather Green con n\u00famero de art\u00edculo 148104<\/h2>\n<p><img decoding=\"async\" src=\"https:\/\/activeshop.com.pl\/media\/wysiwyg\/product\/148104\/EN_148104_1.jpg\"><\/p>\n<p><strong>Gabbi\u00e0<\/strong> \u00e9s una marca de luxe d&#039;equips i mobles de perruqueria que es distingeix per la fiabilitat, la qualitat i l&#039;est\u00e8tica, aix\u00ed com per la gran comoditat d&#039;\u00fas. L&#039;oferta inclou una \u00e0mplia selecci\u00f3 d&#039;equips funcionals per a perruqueria, com butaques, rentadores i infrazones.<\/p>\n<p><img decoding=\"async\" src=\"https:\/\/activeshop.com.pl\/media\/wysiwyg\/product\/148104\/EN_148104_2.jpg\"><\/p>\n<h2><strong>Elegant butaca de barber<\/strong><\/h2>\n<p>El elegante sill\u00f3n de barbero Gabbiano President es un pr\u00e1ctico mueble equipado con un elevador hidr\u00e1ulico de larga duraci\u00f3n y reposapi\u00e9s y respaldo ajustables. Las amplias posibilidades de ajuste de la posici\u00f3n permiten adaptar el sill\u00f3n a los tratamientos realizados, lo que aumenta significativamente la comodidad de los servicios. Su acabado est\u00e9tico lo convierte en un elemento decorativo para cualquier interior, y su alta funcionalidad garantiza comodidad y eficiencia en el trabajo.<\/p>\n<p><img decoding=\"async\" src=\"https:\/\/activeshop.com.pl\/media\/wysiwyg\/product\/148104\/EN_148104_3.jpg\"><\/p>\n<h2><strong>\u00c0mplies possibilitats d&#039;ajust<\/strong><\/h2>\n<p><strong>El eficiente elevador hidr\u00e1ulico<\/strong> permite ajustar libremente la altura del asiento entre 54 y 67 cm, incluso con el cliente sentado. Esto garantiza un manejo m\u00e1s ergon\u00f3mico y permite ajustar el nivel del asiento para adaptarse a la altura tanto del cliente como de la persona que realiza el tratamiento. El sill\u00f3n cuenta con un respaldo reclinable y un reposapi\u00e9s ajustable, lo que permite colocar al cliente en una c\u00f3moda posici\u00f3n semi-reclinada. Esta posici\u00f3n garantiza un mejor acceso durante ciertos servicios. Adem\u00e1s, el reposacabezas, extensible 20 cm, proporciona un excelente soporte para la cabeza, gracias a su posibilidad de ajuste seg\u00fan las necesidades individuales.<\/p>\n<p><img decoding=\"async\" src=\"https:\/\/activeshop.com.pl\/media\/wysiwyg\/product\/148104\/EN_148104_4.jpg\"><\/p>\n<h2><strong>Instal\u00b7lacions per a m\u00e9s comoditat a la feina<\/strong><\/h2>\n<p><strong>Un asiento c\u00f3modo y amplio<\/strong> garantiza la comodidad del cliente durante diversos servicios. El respaldo perfilado permite adoptar una postura c\u00f3moda, proporcionando un excelente soporte para la espalda, especialmente importante durante tratamientos m\u00e1s largos. El sill\u00f3n con un mecanismo de rotaci\u00f3n completa hace que el trabajo sea m\u00e1s efectivo y c\u00f3modo. Los reposabrazos tapizados, colocados a la altura adecuada, permiten una correcta posici\u00f3n de los hombros del cliente, evitando que este se encorve y encorve, lo que facilita enormemente la realizaci\u00f3n de tratamientos precisos. La abertura entre el respaldo y el asiento facilita la limpieza del sal\u00f3n, permitiendo retirar f\u00e1cilmente el pelo de cualquier rinc\u00f3n del sill\u00f3n. Esto facilita la preparaci\u00f3n del puesto de trabajo entre clientes. Un toallero, que se puede colocar debajo del reposabrazos, mejora significativamente la eficiencia del trabajo.<\/p>\n<p><img decoding=\"async\" src=\"https:\/\/activeshop.com.pl\/media\/wysiwyg\/product\/148104\/EN_148104_5.jpg\"><\/p>\n<h2><strong>Disseny sofisticat amb alta funcionalitat<\/strong><\/h2>\n<p><strong>La s\u00f3lida construcci\u00f3n de la base<\/strong> garantiza estabilidad y una gran comodidad de uso. El relleno del asiento es de espuma duradera y resistente a la deformaci\u00f3n, y la tapicer\u00eda es de cuero sint\u00e9tico agradable al tacto con un acabado desgastado, parcialmente mate y con efecto envejecido, lo que garantiza la durabilidad del mueble y su comodidad durante mucho tiempo. Adem\u00e1s, el equipo es resistente a la humedad, duradero y f\u00e1cil de limpiar. La tapicer\u00eda en tonos verdes con acolchado y botones decorativos le confiere un car\u00e1cter \u00fanico. La silla, con un dise\u00f1o caracter\u00edstico de estilo vintage, se integra a la perfecci\u00f3n en el ambiente de las barber\u00edas, realzando su singularidad.<\/p>\n<p><img decoding=\"async\" src=\"https:\/\/activeshop.com.pl\/media\/wysiwyg\/product\/148104\/EN_148104_6.jpg\"><\/p>\n<p>Les dimensions detallades es mostren a la foto.<br \/><strong>El conjunt inclou:<\/strong> seient, actuador amb base, reposapeus i reposacaps.<\/p>\n<p><strong>Dades:<\/strong><br \/>Elevador: hidr\u00e0ulic<br \/>Base: rodona<br \/>Material de la tapisseria: pell sint\u00e8tica<br \/>Color: tonos verdes<\/p>\n<div class=\"video-container\"><iframe loading=\"lazy\" src=\"https:\/\/www.youtube.com\/embed\/KMloQCr5h54\" width=\"560\" height=\"315\" frameborder=\"0\" enablefullscreen=\"allowfullscreen\"><\/iframe><\/div>\n<p>Los productos Activeshop son proporcionalmente m\u00e1s econ\u00f3micos que muchas otras marcas\/proveedores. El precio est\u00e1 en relaci\u00f3n con la calidad. Sill\u00f3n De Barbero President Old Leather Green es por lo tanto una soluci\u00f3n accesible para su sal\u00f3n.<\/p>\n<h2>\u00bfC\u00f3mo se entrega Sill\u00f3n De Barbero President Old Leather Green?<\/h2>\n<p>Sill\u00f3n De Barbero President Old Leather Green se entrega en embalaje(s) original(es). Dentro de Espa\u00f1a el env\u00edo de Sill\u00f3n De Barbero President Old Leather Green es completamente gratuito para pedidos a partir de 100,- euros. Para env\u00edos a otros pa\u00edses se aplican tarifas de env\u00edo separadas. Puede consultar estas tarifas con nosotros o verlas en el carrito de compra. Sill\u00f3n De Barbero President Old Leather Green se env\u00eda a trav\u00e9s de un servicio de mensajer\u00eda externo.<\/p>\n<p>Els paquets o palets es lliuren de forma est\u00e0ndard fins al llindar de la porta principal, fins i tot si est\u00e0 ubicat en un edifici col\u00b7lectiu, edifici d&#039;apartaments o complex d&#039;apartaments amb ascensor (sempre que l&#039;article c\u00e0piga a l&#039;ascensor). No hi ha ascensor disponible o l&#039;article no hi cap a l&#039;ascensor? Aleshores lliurem fins al llindar de la planta baixa.<\/p>\n<p>Encara teniu preguntes sobre el lliurament o una situaci\u00f3 especial? Contacti&#039;ns i estarem encantats d&#039;ajudar-lo!<\/p>\n<p>*Els articles no es desembalen ni munten de forma est\u00e0ndard. En situacions especials ens pot contactar per fer acords sobre aix\u00f2.<\/p>\n<h2>Compra en l\u00ednia segura a Salon For All amb el segell de qualitat Webwinkelkeur i xifrat SSL<\/h2>\n<p>Es importante para nosotros que nuestros clientes puedan comprar de forma segura en nuestra tienda online. Estamos afiliados al sello de calidad nacional Webwinkelkeur desde 2019. Nuestra identidad ha sido verificada y comprobada por ellos, y la tienda online ha sido revisada y aprobada legalmente. Adem\u00e1s, nuestra tienda online est\u00e1 afiliada a ellos para la mediaci\u00f3n de conflictos. Puede ver la insignia con toda la informaci\u00f3n de este sello de calidad de tienda online en el lado izquierdo o derecho de la tienda online (bot\u00f3n rosa con blanco). Adem\u00e1s, nuestro sitio est\u00e1 protegido con un certificado SSL para que pueda navegar de forma segura con nosotros. En la barra de su navegador de Internet, donde aparece nuestro sitio web, ver\u00e1 un icono de candado. Si hace clic en el candado, obtendr\u00e1 toda la informaci\u00f3n sobre nuestra seguridad. De esta manera sabe que su pedido de Sill\u00f3n De Barbero President Old Leather Green y sus datos personales se procesan de forma segura.<\/p>\n<h2>\u00bfC\u00f3mo puedo pagar Sill\u00f3n De Barbero President Old Leather Green?<\/h2>\n<p>Volem fer-ho el m\u00e9s f\u00e0cil possible. Per aix\u00f2 a Salon For All podeu pagar amb tots els m\u00e8todes de pagament coneguts i habituals. Pagar per avan\u00e7at, al lliurament oa posteriori; tot \u00e9s possible. Vegeu aqu\u00ed tots els m\u00e8todes de pagament que oferim:<\/p>\n<ul>\n<li>iDEAL<\/li>\n<li>Targeta de cr\u00e8dit (Visa, Mastercard, American Express)<\/li>\n<li>Klarna \u2013 Pagament a posteriori amb factura<\/li>\n<li>PayPal<\/li>\n<li>Apple Pay<\/li>\n<li>Google Pay<\/li>\n<li>Bizum (per a clients espanyols)<\/li>\n<li>Transfer\u00e8ncia banc\u00e0ria SEPA<\/li>\n<li>Bancontact<\/li>\n<li>Factura comercial per a empreses<\/li>\n<li>Pagament al showroom \u2013 Tant targeta com efectiu (Nom\u00e9s disponible en recollida)<\/li>\n<\/ul>\n<h2>Consulteu tamb\u00e9 les ressenyes de Salon For All<\/h2>\n<p>Consulte tambi\u00e9n nuestras rese\u00f1as para tener en cuenta las experiencias de nuestros clientes actuales en su decisi\u00f3n de pedir Sill\u00f3n De Barbero President Old Leather Green con nosotros. A trav\u00e9s de nuestro sello de calidad independiente de tienda online Webwinkelkeur, se recopilan autom\u00e1ticamente rese\u00f1as verificadas de clientes que han completado un pedido con nosotros. Puede encontrarlas detr\u00e1s del bot\u00f3n rosa en nuestra tienda online o aparecen listadas debajo de los productos.<\/p>\n<p>\u00a1Comparta tambi\u00e9n su experiencia despu\u00e9s de su compra con su Sill\u00f3n De Barbero President Old Leather Green pedido y su experiencia con el proceso de compra o el contacto con Salon For All para inspirar a otros!<\/p>\n<h2>Contacte amb Salon For All<\/h2>\n<p>Cont\u00e1ctenos entonces. Estaremos encantados de ayudarle con la adquisici\u00f3n de Sill\u00f3n De Barbero President Old Leather Green. En d\u00edas laborables estamos mejor disponibles entre las 8.30 y las 17.00 horas a trav\u00e9s del n\u00famero de tel\u00e9fono y direcci\u00f3n de correo electr\u00f3nico en la parte superior de la tienda online o a trav\u00e9s de la funci\u00f3n de chat. Las consultas fuera del horario de oficina suelen responderse en un plazo de 24 horas. Tambi\u00e9n es posible visitarnos fuera de los d\u00edas laborables u horario de oficina. Pero para ello es necesario concertar una cita previa.<\/p>\n<h2>Voleu visitar el nostre showroom?<\/h2>\n<p>\u00bfPrefiere ver Sill\u00f3n De Barbero President Old Leather Green o recorrer nuestra oferta de la tienda (online) junto con nuestro colega? Entonces visite nuestro showroom con m\u00e1s de 1000m\u00b2 de equipamiento para salones y d\u00e9jese inspirar por nuestros empleados. Tambi\u00e9n si le gusta conocernos de manera agradable disfrutando de una buena taza de caf\u00e9 o t\u00e9, es muy bienvenido. No tenemos todos los productos en stock, as\u00ed que h\u00e1ganos saber de antemano que desea venir. Concierte siempre una cita previa.<\/p>\n<h2>14 dies de reflexi\u00f3 i la nostra pol\u00edtica de devolucions<\/h2>\n<p>Por supuesto puede ocurrir que Sill\u00f3n De Barbero President Old Leather Green entregado no sea completamente de su agrado y desee devolverlo. Eso no es ning\u00fan problema en Salon For All. Debe notificar su devoluci\u00f3n dentro de 14 d\u00edas laborables a trav\u00e9s de info@salonforall.es. Entonces recibir\u00e1 primero todas las instrucciones y condiciones de devoluci\u00f3n. Tenga en cuenta que Sill\u00f3n De Barbero President Old Leather Green no debe haber sido usado, debe contener todas las partes suministradas y debe devolverse empaquetado en el embalaje original. Los costos de env\u00edo de una devoluci\u00f3n son siempre a cargo del comprador en compras a trav\u00e9s de www.salonforall.es. Debe organizar usted mismo un transporte con una empresa de transporte de su elecci\u00f3n para una devoluci\u00f3n. Una vez que Sill\u00f3n De Barbero President Old Leather Green haya sido devuelto, se verificar\u00e1 su integridad y posibles da\u00f1os. Una vez que la devoluci\u00f3n haya sido aprobada, el importe de la compra se reembolsar\u00e1 dentro de 5 d\u00edas laborables a la cuenta bancaria que tenemos registrada.<\/p>\n<h2>Qui \u00e9s Salon For All?<\/h2>\n<p>Salon For All \u00e9s EL majorista per a tot equipament de salons a Europa. Salon For All va comen\u00e7ar el 2003 sota el nom Salonvoordeel i va sorgir de la pr\u00e0ctica. Els propietaris de Salon For All eren perruquers i especialistes en bellesa experimentats i tenen plegats m\u00e9s de 30 anys d&#039;experi\u00e8ncia pr\u00e0ctica. El 2003 vam llan\u00e7ar Salonvoordeel.nl (Pa\u00efsos Baixos) i posteriorment es va fundar Salon For All per al mercat europeu. Alguns dels nostres empleats van iniciar el seu propi negoci i aix\u00ed va sorgir la idea de llan\u00e7ar una botiga online funcional per a perruquers i ajudar-los amb l&#039;equipament del sal\u00f3.<\/p>\n<p>Nuestro showroom se encuentra en Dinxperlo, directamente en la frontera entre los Pa\u00edses Bajos y Alemania. Con nuestra amplia experiencia en el sector podemos servirle de espejo y proporcionarle el asesoramiento adecuado. \u00a1Hablamos el mismo idioma! Le asesoramos, inspiramos, motivamos y ayudamos en la adquisici\u00f3n de Sill\u00f3n De Barbero President Old Leather Green. Nuestros proveedores se encuentran en toda Europa, desde Alemania, Inglaterra, Italia hasta Polonia.<\/p>","protected":false},"excerpt":{"rendered":"<p>El producte Butaca De Barbero President Old Leather Green \u00e9s una soluci\u00f3 d&#039;alta qualitat per a qualsevol sal\u00f3. El termini de lliurament estimat \u00e9s de 6 dies laborables aproximadament.<\/p>","protected":false},"featured_media":15553,"comment_status":"open","ping_status":"open","template":"","meta":[],"product_brand":[95],"product_cat":[96,97,199],"product_tag":[100,101,200],"class_list":{"0":"post-15552","1":"product","2":"type-product","3":"status-publish","4":"has-post-thumbnail","6":"product_brand-gabbiano","7":"product_cat-equipamiento-de-peluqueria","8":"product_cat-mobiliario-de-peluqueria","9":"product_cat-sillones-de-barbero","10":"product_tag-equipamiento-de-peluqueria","11":"product_tag-mobiliario-de-peluqueria","12":"product_tag-sillones-de-barbero","13":"pa_codigo-ean-7759","14":"pa_garantia-12-meses","15":"pa_marca-gabbiano","16":"pa_numero-de-articulo-5922","17":"pa_tiempo-estimado-de-entrega-4-5-dias-laborables","19":"first","20":"instock","21":"sale","22":"taxable","23":"shipping-taxable","24":"purchasable","25":"product-type-simple"},"yoast_head":"<!-- This site is optimized with the Yoast SEO plugin v27.6 - https:\/\/yoast.com\/product\/yoast-seo-wordpress\/ -->\n<title>Sill\u00f3n De Barbero President Old Leather Green comprar<\/title>\n<meta name=\"description\" content=\"Compra Sill\u00f3n De Barbero President Old Leather Green online o en el showroom en Salon For ALL Espa\u00f1a. El mayorista para salones, consultas y spas en Espa\u00f1a y Portugal.\" \/>\n<meta name=\"robots\" content=\"index, follow, max-snippet:-1, max-image-preview:large, max-video-preview:-1\" \/>\n<link rel=\"canonical\" href=\"https:\/\/salonforall.es\/ca\/sillon-de-barbero-president-old-leather-green\/\" \/>\n<meta property=\"og:locale\" content=\"ca_ES\" \/>\n<meta property=\"og:type\" content=\"article\" \/>\n<meta property=\"og:title\" content=\"Sill\u00f3n De Barbero President Old Leather Green\" \/>\n<meta property=\"og:description\" content=\"Compra Sill\u00f3n De Barbero President Old Leather Green online o en el showroom en Salon For ALL Espa\u00f1a. El mayorista para salones, consultas y spas en Espa\u00f1a y Portugal.\" \/>\n<meta property=\"og:url\" content=\"https:\/\/salonforall.es\/ca\/sillon-de-barbero-president-old-leather-green\/\" \/>\n<meta property=\"og:site_name\" content=\"Salon For ALL Espa\u00f1a\" \/>\n<meta property=\"article:modified_time\" content=\"2026-03-24T16:27:44+00:00\" \/>\n<meta property=\"og:image\" content=\"https:\/\/salonforall.es\/wp-content\/uploads\/2025\/12\/Sillon-De-Barbero-President-Old-Leather-Green.jpg\" \/>\n\t<meta property=\"og:image:width\" content=\"1200\" \/>\n\t<meta property=\"og:image:height\" content=\"1200\" \/>\n\t<meta property=\"og:image:type\" content=\"image\/jpeg\" \/>\n<meta name=\"twitter:card\" content=\"summary_large_image\" \/>\n<meta name=\"twitter:title\" content=\"Sill\u00f3n De Barbero President Old Leather Green\" \/>\n<meta name=\"twitter:label1\" content=\"Temps estimat de lectura\" \/>\n\t<meta name=\"twitter:data1\" content=\"9 minuts\" \/>\n<script type=\"application\/ld+json\" class=\"yoast-schema-graph\">{\"@context\":\"https:\\\/\\\/schema.org\",\"@graph\":[{\"@type\":\"WebPage\",\"@id\":\"https:\\\/\\\/salonforall.es\\\/sillon-de-barbero-president-old-leather-green\\\/\",\"url\":\"https:\\\/\\\/salonforall.es\\\/sillon-de-barbero-president-old-leather-green\\\/\",\"name\":\"Sill\u00f3n De Barbero President Old Leather Green comprar\",\"isPartOf\":{\"@id\":\"https:\\\/\\\/salonforall.es\\\/#website\"},\"primaryImageOfPage\":{\"@id\":\"https:\\\/\\\/salonforall.es\\\/sillon-de-barbero-president-old-leather-green\\\/#primaryimage\"},\"image\":{\"@id\":\"https:\\\/\\\/salonforall.es\\\/sillon-de-barbero-president-old-leather-green\\\/#primaryimage\"},\"thumbnailUrl\":\"https:\\\/\\\/salonforall.es\\\/wp-content\\\/uploads\\\/2025\\\/12\\\/Sillon-De-Barbero-President-Old-Leather-Green.jpg\",\"datePublished\":\"2025-12-02T13:28:31+00:00\",\"dateModified\":\"2026-03-24T16:27:44+00:00\",\"description\":\"Compra Sill\u00f3n De Barbero President Old Leather Green online o en el showroom en Salon For ALL Espa\u00f1a. El mayorista para salones, consultas y spas en Espa\u00f1a y Portugal.\",\"breadcrumb\":{\"@id\":\"https:\\\/\\\/salonforall.es\\\/sillon-de-barbero-president-old-leather-green\\\/#breadcrumb\"},\"inLanguage\":\"ca\",\"potentialAction\":[{\"@type\":\"ReadAction\",\"target\":[\"https:\\\/\\\/salonforall.es\\\/sillon-de-barbero-president-old-leather-green\\\/\"]}]},{\"@type\":\"ImageObject\",\"inLanguage\":\"ca\",\"@id\":\"https:\\\/\\\/salonforall.es\\\/sillon-de-barbero-president-old-leather-green\\\/#primaryimage\",\"url\":\"https:\\\/\\\/salonforall.es\\\/wp-content\\\/uploads\\\/2025\\\/12\\\/Sillon-De-Barbero-President-Old-Leather-Green.jpg\",\"contentUrl\":\"https:\\\/\\\/salonforall.es\\\/wp-content\\\/uploads\\\/2025\\\/12\\\/Sillon-De-Barbero-President-Old-Leather-Green.jpg\",\"width\":1200,\"height\":1200,\"caption\":\"Sill\u00f3n De Barbero President Old Leather Green\"},{\"@type\":\"BreadcrumbList\",\"@id\":\"https:\\\/\\\/salonforall.es\\\/sillon-de-barbero-president-old-leather-green\\\/#breadcrumb\",\"itemListElement\":[{\"@type\":\"ListItem\",\"position\":1,\"name\":\"Home\",\"item\":\"https:\\\/\\\/salonforall.es\\\/\"},{\"@type\":\"ListItem\",\"position\":2,\"name\":\"Winkel\",\"item\":\"https:\\\/\\\/salonforall.es\\\/winkel\\\/\"},{\"@type\":\"ListItem\",\"position\":3,\"name\":\"Sill\u00f3n De Barbero President Old Leather Green\"}]},{\"@type\":\"WebSite\",\"@id\":\"https:\\\/\\\/salonforall.es\\\/#website\",\"url\":\"https:\\\/\\\/salonforall.es\\\/\",\"name\":\"Salon For ALL Espa\u00f1a\",\"description\":\"Mayorista de mobiliario y suministros para consultorios y salones\",\"publisher\":{\"@id\":\"https:\\\/\\\/salonforall.es\\\/#organization\"},\"potentialAction\":[{\"@type\":\"SearchAction\",\"target\":{\"@type\":\"EntryPoint\",\"urlTemplate\":\"https:\\\/\\\/salonforall.es\\\/?s={search_term_string}\"},\"query-input\":{\"@type\":\"PropertyValueSpecification\",\"valueRequired\":true,\"valueName\":\"search_term_string\"}}],\"inLanguage\":\"ca\"},{\"@type\":\"Organization\",\"@id\":\"https:\\\/\\\/salonforall.es\\\/#organization\",\"name\":\"Salon For All B.V. Espa\u00f1a\",\"alternateName\":\"Salon For All B.V. Espa\u00f1a - Mayorista de equipamiento para consultas, salones y suministros\",\"url\":\"https:\\\/\\\/salonforall.es\\\/\",\"logo\":{\"@type\":\"ImageObject\",\"inLanguage\":\"ca\",\"@id\":\"https:\\\/\\\/salonforall.es\\\/#\\\/schema\\\/logo\\\/image\\\/\",\"url\":\"https:\\\/\\\/salonforall.es\\\/wp-content\\\/uploads\\\/2025\\\/11\\\/logo-salon-for-all-e1764543185849.png\",\"contentUrl\":\"https:\\\/\\\/salonforall.es\\\/wp-content\\\/uploads\\\/2025\\\/11\\\/logo-salon-for-all-e1764543185849.png\",\"width\":500,\"height\":150,\"caption\":\"Salon For All B.V. Espa\u00f1a\"},\"image\":{\"@id\":\"https:\\\/\\\/salonforall.es\\\/#\\\/schema\\\/logo\\\/image\\\/\"}}]}<\/script>\n<!-- \/ Yoast SEO plugin. -->","yoast_head_json":{"title":"Sill\u00f3n De Barbero President Old Leather Green comprar","description":"Compra Sill\u00f3n De Barbero President Old Leather Green online o en el showroom en Salon For ALL Espa\u00f1a. El mayorista para salones, consultas y spas en Espa\u00f1a y Portugal.","robots":{"index":"index","follow":"follow","max-snippet":"max-snippet:-1","max-image-preview":"max-image-preview:large","max-video-preview":"max-video-preview:-1"},"canonical":"https:\/\/salonforall.es\/ca\/sillon-de-barbero-president-old-leather-green\/","og_locale":"ca_ES","og_type":"article","og_title":"Sill\u00f3n De Barbero President Old Leather Green","og_description":"Compra Sill\u00f3n De Barbero President Old Leather Green online o en el showroom en Salon For ALL Espa\u00f1a. El mayorista para salones, consultas y spas en Espa\u00f1a y Portugal.","og_url":"https:\/\/salonforall.es\/ca\/sillon-de-barbero-president-old-leather-green\/","og_site_name":"Salon For ALL Espa\u00f1a","article_modified_time":"2026-03-24T16:27:44+00:00","og_image":[{"width":1200,"height":1200,"url":"https:\/\/salonforall.es\/wp-content\/uploads\/2025\/12\/Sillon-De-Barbero-President-Old-Leather-Green.jpg","type":"image\/jpeg"}],"twitter_card":"summary_large_image","twitter_title":"Sill\u00f3n De Barbero President Old Leather Green","twitter_misc":{"Temps estimat de lectura":"9 minuts"},"schema":{"@context":"https:\/\/schema.org","@graph":[{"@type":"WebPage","@id":"https:\/\/salonforall.es\/sillon-de-barbero-president-old-leather-green\/","url":"https:\/\/salonforall.es\/sillon-de-barbero-president-old-leather-green\/","name":"Sill\u00f3n De Barbero President Old Leather Green comprar","isPartOf":{"@id":"https:\/\/salonforall.es\/#website"},"primaryImageOfPage":{"@id":"https:\/\/salonforall.es\/sillon-de-barbero-president-old-leather-green\/#primaryimage"},"image":{"@id":"https:\/\/salonforall.es\/sillon-de-barbero-president-old-leather-green\/#primaryimage"},"thumbnailUrl":"https:\/\/salonforall.es\/wp-content\/uploads\/2025\/12\/Sillon-De-Barbero-President-Old-Leather-Green.jpg","datePublished":"2025-12-02T13:28:31+00:00","dateModified":"2026-03-24T16:27:44+00:00","description":"Compra Sill\u00f3n De Barbero President Old Leather Green online o en el showroom en Salon For ALL Espa\u00f1a. El mayorista para salones, consultas y spas en Espa\u00f1a y Portugal.","breadcrumb":{"@id":"https:\/\/salonforall.es\/sillon-de-barbero-president-old-leather-green\/#breadcrumb"},"inLanguage":"ca","potentialAction":[{"@type":"ReadAction","target":["https:\/\/salonforall.es\/sillon-de-barbero-president-old-leather-green\/"]}]},{"@type":"ImageObject","inLanguage":"ca","@id":"https:\/\/salonforall.es\/sillon-de-barbero-president-old-leather-green\/#primaryimage","url":"https:\/\/salonforall.es\/wp-content\/uploads\/2025\/12\/Sillon-De-Barbero-President-Old-Leather-Green.jpg","contentUrl":"https:\/\/salonforall.es\/wp-content\/uploads\/2025\/12\/Sillon-De-Barbero-President-Old-Leather-Green.jpg","width":1200,"height":1200,"caption":"Sill\u00f3n De Barbero President Old Leather Green"},{"@type":"BreadcrumbList","@id":"https:\/\/salonforall.es\/sillon-de-barbero-president-old-leather-green\/#breadcrumb","itemListElement":[{"@type":"ListItem","position":1,"name":"Home","item":"https:\/\/salonforall.es\/"},{"@type":"ListItem","position":2,"name":"Winkel","item":"https:\/\/salonforall.es\/winkel\/"},{"@type":"ListItem","position":3,"name":"Sill\u00f3n De Barbero President Old Leather Green"}]},{"@type":"WebSite","@id":"https:\/\/salonforall.es\/#website","url":"https:\/\/salonforall.es\/","name":"Salon For ALL Espanya","description":"Majorista de mobiliari i subministraments per a consultoris i salons","publisher":{"@id":"https:\/\/salonforall.es\/#organization"},"potentialAction":[{"@type":"SearchAction","target":{"@type":"EntryPoint","urlTemplate":"https:\/\/salonforall.es\/?s={search_term_string}"},"query-input":{"@type":"PropertyValueSpecification","valueRequired":true,"valueName":"search_term_string"}}],"inLanguage":"ca"},{"@type":"Organization","@id":"https:\/\/salonforall.es\/#organization","name":"Salon For All BV Espanya","alternateName":"Salon For All B.V. Espa\u00f1a - Mayorista de equipamiento para consultas, salones y suministros","url":"https:\/\/salonforall.es\/","logo":{"@type":"ImageObject","inLanguage":"ca","@id":"https:\/\/salonforall.es\/#\/schema\/logo\/image\/","url":"https:\/\/salonforall.es\/wp-content\/uploads\/2025\/11\/logo-salon-for-all-e1764543185849.png","contentUrl":"https:\/\/salonforall.es\/wp-content\/uploads\/2025\/11\/logo-salon-for-all-e1764543185849.png","width":500,"height":150,"caption":"Salon For All B.V. Espa\u00f1a"},"image":{"@id":"https:\/\/salonforall.es\/#\/schema\/logo\/image\/"}}]}},"_links":{"self":[{"href":"https:\/\/salonforall.es\/ca\/wp-json\/wp\/v2\/product\/15552","targetHints":{"allow":["GET"]}}],"collection":[{"href":"https:\/\/salonforall.es\/ca\/wp-json\/wp\/v2\/product"}],"about":[{"href":"https:\/\/salonforall.es\/ca\/wp-json\/wp\/v2\/types\/product"}],"replies":[{"embeddable":true,"href":"https:\/\/salonforall.es\/ca\/wp-json\/wp\/v2\/comments?post=15552"}],"wp:featuredmedia":[{"embeddable":true,"href":"https:\/\/salonforall.es\/ca\/wp-json\/wp\/v2\/media\/15553"}],"wp:attachment":[{"href":"https:\/\/salonforall.es\/ca\/wp-json\/wp\/v2\/media?parent=15552"}],"wp:term":[{"taxonomy":"product_brand","embeddable":true,"href":"https:\/\/salonforall.es\/ca\/wp-json\/wp\/v2\/product_brand?post=15552"},{"taxonomy":"product_cat","embeddable":true,"href":"https:\/\/salonforall.es\/ca\/wp-json\/wp\/v2\/product_cat?post=15552"},{"taxonomy":"product_tag","embeddable":true,"href":"https:\/\/salonforall.es\/ca\/wp-json\/wp\/v2\/product_tag?post=15552"}],"curies":[{"name":"wp","href":"https:\/\/api.w.org\/{rel}","templated":true}]}}