{"id":14248,"date":"2025-12-02T14:12:54","date_gmt":"2025-12-02T13:12:54","guid":{"rendered":"https:\/\/salonforall.es\/product\/lampara-de-tratamiento-glow-mx3-para-sobremesa-negra\/"},"modified":"2026-03-24T17:14:47","modified_gmt":"2026-03-24T16:14:47","slug":"lampara-de-tratamiento-glow-mx3-para-sobremesa-negra","status":"publish","type":"product","link":"https:\/\/salonforall.es\/ca\/lampara-de-tratamiento-glow-mx3-para-sobremesa-negra\/","title":{"rendered":"L\u00e0mpada De Tractament Glow Mx3 Per a Sobretaula Negra"},"content":{"rendered":"<h2>Informaci\u00f3n sobre L\u00e1mpara De Tratamiento Glow Mx3 Para Sobremesa Negra con n\u00famero de art\u00edculo 147992<\/h2>\n<p><img decoding=\"async\" src=\"https:\/\/activeshop.com.pl\/media\/wysiwyg\/product\/147992\/EN_147992_1.jpg\"><\/p>\n<p>Los productos de la marca <strong>GLOW<\/strong> son iluminaci\u00f3n profesional que mejora el rendimiento de los servicios tanto en salones de belleza como en consultorios m\u00e9dicos. Ofrece una amplia selecci\u00f3n de l\u00e1mparas especializadas, incluyendo l\u00e1mparas UV\/LED y de tratamiento, necesarias para un trabajo preciso.<\/p>\n<p><img decoding=\"async\" src=\"https:\/\/activeshop.com.pl\/media\/wysiwyg\/product\/147992\/EN_147992_2.jpg\"><\/p>\n<h2><strong>Llum cosm\u00e8tic sense ombres<\/strong><\/h2>\n<p><strong>La l\u00e1mpara de tratamiento Glow MX3<\/strong> de sobremesa est\u00e1 equipada con un exclusivo cabezal arqueado que proporciona una excelente iluminaci\u00f3n durante los tratamientos que requieren precisi\u00f3n. Se utiliza en numerosas consultas especializadas, donde la iluminaci\u00f3n adecuada influye significativamente en la calidad de los servicios, como extensiones de pesta\u00f1as, manicura, tatuajes, tratamientos de belleza o maquillaje. Tambi\u00e9n es ideal para tomar fotos o grabar v\u00eddeos.<\/p>\n<p><img decoding=\"async\" src=\"https:\/\/activeshop.com.pl\/media\/wysiwyg\/product\/147992\/EN_147992_3.jpg\"><\/p>\n<h2><strong>Cap\u00e7al giratori i corb<\/strong><\/h2>\n<p>La caracter\u00edstica forma de media luna del cabezal de la l\u00e1mpara combina un dise\u00f1o atractivo con una gran funcionalidad. Un perfil especialmente curvado, lleno de diodos LED, proporciona una iluminaci\u00f3n sin sombras en la zona de tratamiento, garantizando la comodidad durante la realizaci\u00f3n de los servicios. Tambi\u00e9n es ideal para fotografiar los efectos de los tratamientos, exponi\u00e9ndolos con precisi\u00f3n. La superficie semitransparente del panel difunde la luz, evitando el deslumbramiento. Los par\u00e1metros adecuados y la posibilidad de ajustar el color y la intensidad de la luz garantizan una reproducci\u00f3n perfecta de los colores, lo que reduce la fatiga visual durante el trabajo prolongado. Adem\u00e1s, el cabezal giratorio con amplio rango de movimiento permite ajustar la iluminaci\u00f3n de forma \u00f3ptima seg\u00fan las preferencias del usuario y el servicio que se est\u00e9 realizando.<\/p>\n<p><img decoding=\"async\" src=\"https:\/\/activeshop.com.pl\/media\/wysiwyg\/product\/147992\/EN_147992_4.jpg\"><\/p>\n<h2><strong>\u00c0mplia gamma de possibilitats d&#039;ajust<\/strong><\/h2>\n<p>La posici\u00f3n del soporte se ajusta f\u00e1cilmente mediante tres articulaciones en el brazo, cuya rigidez se ajusta con una llave Allen. Esto permite ajustar libremente la posici\u00f3n del cabezal a las necesidades individuales del usuario y al tipo de tratamiento realizado, garantizando una excelente iluminaci\u00f3n del lugar de trabajo. El color y la intensidad de la luz se pueden ajustar gradualmente mediante el control remoto del cable. La temperatura de color se puede ajustar en 3 niveles (fr\u00edo-neutro-c\u00e1lido), mientras que la intensidad de la luz alcanza hasta 11. Esto ofrece amplias posibilidades para adaptar la iluminaci\u00f3n a sus necesidades. Cabe destacar tambi\u00e9n el gran potencial que ofrecen el cabezal m\u00f3vil y el brazo de soporte, que puede girar completamente. Permite grabar videos incluso durante la realizaci\u00f3n de procedimientos, lo que permite diversificar el contenido en redes sociales. Funciona bien con muchos modelos de tel\u00e9fonos gracias a su amplio ajuste de abrazadera.<\/p>\n<p><img decoding=\"async\" src=\"https:\/\/activeshop.com.pl\/media\/wysiwyg\/product\/147992\/EN_147992_6.jpg\"><\/p>\n<h2><strong>Dise\u00f1o moderno y funcionalidad<\/strong><\/h2>\n<p><strong>La forma sencilla del tr\u00edpode<\/strong> en un cl\u00e1sico tono negro hace que la l\u00e1mpara quede perfecta en casi cualquier interior. El acabado mate y los elementos rojos en las juntas le confieren un aspecto elegante. El montaje en la mesa es posible gracias al mango, que funciona como un tornillo de banco, con una apertura m\u00e1xima de 6 cm. Es compatible con la mayor\u00eda de las mesas.<\/p>\n<div class=\"video-container\"> <iframe height=\"315\" src=\"https:\/\/www.youtube.com\/embed\/MEWv2vwQrpg\" frameborder=\"0\" width=\"560\" allowfullscreen allow=\"accelerometer; autoplay; encrypted-media; gyroscope; picture-in-picture\"> <\/iframe> <\/div>\n<p>Les dimensions detallades es mostren a la foto.<br \/><strong>Atenci\u00f3:<\/strong> Antes de usar, lea atentamente las instrucciones e instale el producto correctamente.<br \/><strong>El conjunt inclou:<\/strong> una l\u00e1mpara, una fuente de alimentaci\u00f3n y un cable de alimentaci\u00f3n, elementos del marco, instrucciones, un soporte para tel\u00e9fono y un kit de montaje.<\/p>\n<p><strong>Dades:<\/strong><br \/>Voltaje de entrada: 220-240 V<br \/>Potencia: 20 W<br \/>Color de la luz: 3000\/4500\/6000 K<br \/>CRI: RA > 90<br \/>Flujo luminoso: 1800 LM<br \/>Color del marc: tons negres<br \/>Garantia: 12 mesos<\/p>\n<p>Los productos Activeshop son proporcionalmente m\u00e1s econ\u00f3micos que muchas otras marcas\/proveedores. El precio est\u00e1 en relaci\u00f3n con la calidad. L\u00e1mpara De Tratamiento Glow Mx3 Para Sobremesa Negra es por lo tanto una soluci\u00f3n accesible para su sal\u00f3n.<\/p>\n<h2>\u00bfC\u00f3mo se entrega L\u00e1mpara De Tratamiento Glow Mx3 Para Sobremesa Negra?<\/h2>\n<p>L\u00e1mpara De Tratamiento Glow Mx3 Para Sobremesa Negra se entrega en embalaje(s) original(es). Dentro de Espa\u00f1a el env\u00edo de L\u00e1mpara De Tratamiento Glow Mx3 Para Sobremesa Negra es completamente gratuito para pedidos a partir de 100,- euros. Para env\u00edos a otros pa\u00edses se aplican tarifas de env\u00edo separadas. Puede consultar estas tarifas con nosotros o verlas en el carrito de compra. L\u00e1mpara De Tratamiento Glow Mx3 Para Sobremesa Negra se env\u00eda a trav\u00e9s de un servicio de mensajer\u00eda externo.<\/p>\n<p>Els paquets o palets es lliuren de forma est\u00e0ndard fins al llindar de la porta principal, fins i tot si est\u00e0 ubicat en un edifici col\u00b7lectiu, edifici d&#039;apartaments o complex d&#039;apartaments amb ascensor (sempre que l&#039;article c\u00e0piga a l&#039;ascensor). No hi ha ascensor disponible o l&#039;article no hi cap a l&#039;ascensor? Aleshores lliurem fins al llindar de la planta baixa.<\/p>\n<p>Encara teniu preguntes sobre el lliurament o una situaci\u00f3 especial? Contacti&#039;ns i estarem encantats d&#039;ajudar-lo!<\/p>\n<p>*Els articles no es desembalen ni munten de forma est\u00e0ndard. En situacions especials ens pot contactar per fer acords sobre aix\u00f2.<\/p>\n<h2>Compra en l\u00ednia segura a Salon For All amb el segell de qualitat Webwinkelkeur i xifrat SSL<\/h2>\n<p>Es importante para nosotros que nuestros clientes puedan comprar de forma segura en nuestra tienda online. Estamos afiliados al sello de calidad nacional Webwinkelkeur desde 2019. Nuestra identidad ha sido verificada y comprobada por ellos, y la tienda online ha sido revisada y aprobada legalmente. Adem\u00e1s, nuestra tienda online est\u00e1 afiliada a ellos para la mediaci\u00f3n de conflictos. Puede ver la insignia con toda la informaci\u00f3n de este sello de calidad de tienda online en el lado izquierdo o derecho de la tienda online (bot\u00f3n rosa con blanco). Adem\u00e1s, nuestro sitio est\u00e1 protegido con un certificado SSL para que pueda navegar de forma segura con nosotros. En la barra de su navegador de Internet, donde aparece nuestro sitio web, ver\u00e1 un icono de candado. Si hace clic en el candado, obtendr\u00e1 toda la informaci\u00f3n sobre nuestra seguridad. De esta manera sabe que su pedido de L\u00e1mpara De Tratamiento Glow Mx3 Para Sobremesa Negra y sus datos personales se procesan de forma segura.<\/p>\n<h2>\u00bfC\u00f3mo puedo pagar L\u00e1mpara De Tratamiento Glow Mx3 Para Sobremesa Negra?<\/h2>\n<p>Volem fer-ho el m\u00e9s f\u00e0cil possible. Per aix\u00f2 a Salon For All podeu pagar amb tots els m\u00e8todes de pagament coneguts i habituals. Pagar per avan\u00e7at, al lliurament oa posteriori; tot \u00e9s possible. Vegeu aqu\u00ed tots els m\u00e8todes de pagament que oferim:<\/p>\n<ul>\n<li>iDEAL<\/li>\n<li>Targeta de cr\u00e8dit (Visa, Mastercard, American Express)<\/li>\n<li>Klarna \u2013 Pagament a posteriori amb factura<\/li>\n<li>PayPal<\/li>\n<li>Apple Pay<\/li>\n<li>Google Pay<\/li>\n<li>Bizum (per a clients espanyols)<\/li>\n<li>Transfer\u00e8ncia banc\u00e0ria SEPA<\/li>\n<li>Bancontact<\/li>\n<li>Factura comercial per a empreses<\/li>\n<li>Pagament al showroom \u2013 Tant targeta com efectiu (Nom\u00e9s disponible en recollida)<\/li>\n<\/ul>\n<h2>Consulteu tamb\u00e9 les ressenyes de Salon For All<\/h2>\n<p>Consulte tambi\u00e9n nuestras rese\u00f1as para tener en cuenta las experiencias de nuestros clientes actuales en su decisi\u00f3n de pedir L\u00e1mpara De Tratamiento Glow Mx3 Para Sobremesa Negra con nosotros. A trav\u00e9s de nuestro sello de calidad independiente de tienda online Webwinkelkeur, se recopilan autom\u00e1ticamente rese\u00f1as verificadas de clientes que han completado un pedido con nosotros. Puede encontrarlas detr\u00e1s del bot\u00f3n rosa en nuestra tienda online o aparecen listadas debajo de los productos.<\/p>\n<p>\u00a1Comparta tambi\u00e9n su experiencia despu\u00e9s de su compra con su L\u00e1mpara De Tratamiento Glow Mx3 Para Sobremesa Negra pedido y su experiencia con el proceso de compra o el contacto con Salon For All para inspirar a otros!<\/p>\n<h2>Contacte amb Salon For All<\/h2>\n<p>Cont\u00e1ctenos entonces. Estaremos encantados de ayudarle con la adquisici\u00f3n de L\u00e1mpara De Tratamiento Glow Mx3 Para Sobremesa Negra. En d\u00edas laborables estamos mejor disponibles entre las 8.30 y las 17.00 horas a trav\u00e9s del n\u00famero de tel\u00e9fono y direcci\u00f3n de correo electr\u00f3nico en la parte superior de la tienda online o a trav\u00e9s de la funci\u00f3n de chat. Las consultas fuera del horario de oficina suelen responderse en un plazo de 24 horas. Tambi\u00e9n es posible visitarnos fuera de los d\u00edas laborables u horario de oficina. Pero para ello es necesario concertar una cita previa.<\/p>\n<h2>Voleu visitar el nostre showroom?<\/h2>\n<p>\u00bfPrefiere ver L\u00e1mpara De Tratamiento Glow Mx3 Para Sobremesa Negra o recorrer nuestra oferta de la tienda (online) junto con nuestro colega? Entonces visite nuestro showroom con m\u00e1s de 1000m\u00b2 de equipamiento para salones y d\u00e9jese inspirar por nuestros empleados. Tambi\u00e9n si le gusta conocernos de manera agradable disfrutando de una buena taza de caf\u00e9 o t\u00e9, es muy bienvenido. No tenemos todos los productos en stock, as\u00ed que h\u00e1ganos saber de antemano que desea venir. Concierte siempre una cita previa.<\/p>\n<h2>14 dies de reflexi\u00f3 i la nostra pol\u00edtica de devolucions<\/h2>\n<p>Por supuesto puede ocurrir que L\u00e1mpara De Tratamiento Glow Mx3 Para Sobremesa Negra entregado no sea completamente de su agrado y desee devolverlo. Eso no es ning\u00fan problema en Salon For All. Debe notificar su devoluci\u00f3n dentro de 14 d\u00edas laborables a trav\u00e9s de info@salonforall.es. Entonces recibir\u00e1 primero todas las instrucciones y condiciones de devoluci\u00f3n. Tenga en cuenta que L\u00e1mpara De Tratamiento Glow Mx3 Para Sobremesa Negra no debe haber sido usado, debe contener todas las partes suministradas y debe devolverse empaquetado en el embalaje original. Los costos de env\u00edo de una devoluci\u00f3n son siempre a cargo del comprador en compras a trav\u00e9s de www.salonforall.es. Debe organizar usted mismo un transporte con una empresa de transporte de su elecci\u00f3n para una devoluci\u00f3n. Una vez que L\u00e1mpara De Tratamiento Glow Mx3 Para Sobremesa Negra haya sido devuelto, se verificar\u00e1 su integridad y posibles da\u00f1os. Una vez que la devoluci\u00f3n haya sido aprobada, el importe de la compra se reembolsar\u00e1 dentro de 5 d\u00edas laborables a la cuenta bancaria que tenemos registrada.<\/p>\n<h2>Qui \u00e9s Salon For All?<\/h2>\n<p>Salon For All \u00e9s EL majorista per a tot equipament de salons a Europa. Salon For All va comen\u00e7ar el 2003 sota el nom Salonvoordeel i va sorgir de la pr\u00e0ctica. Els propietaris de Salon For All eren perruquers i especialistes en bellesa experimentats i tenen plegats m\u00e9s de 30 anys d&#039;experi\u00e8ncia pr\u00e0ctica. El 2003 vam llan\u00e7ar Salonvoordeel.nl (Pa\u00efsos Baixos) i posteriorment es va fundar Salon For All per al mercat europeu. Alguns dels nostres empleats van iniciar el seu propi negoci i aix\u00ed va sorgir la idea de llan\u00e7ar una botiga online funcional per a perruquers i ajudar-los amb l&#039;equipament del sal\u00f3.<\/p>\n<p>Nuestro showroom se encuentra en Dinxperlo, directamente en la frontera entre los Pa\u00edses Bajos y Alemania. Con nuestra amplia experiencia en el sector podemos servirle de espejo y proporcionarle el asesoramiento adecuado. \u00a1Hablamos el mismo idioma! Le asesoramos, inspiramos, motivamos y ayudamos en la adquisici\u00f3n de L\u00e1mpara De Tratamiento Glow Mx3 Para Sobremesa Negra. Nuestros proveedores se encuentran en toda Europa, desde Alemania, Inglaterra, Italia hasta Polonia.<\/p>","protected":false},"excerpt":{"rendered":"<p>El producto L\u00e1mpara De Tratamiento Glow Mx3 Para Sobremesa Negra es una soluci\u00f3n de alta calidad para cualquier sal\u00f3n. El plazo de entrega estimado es de aproximadamente 6 d\u00edas laborables.<\/p>","protected":false},"featured_media":14249,"comment_status":"open","ping_status":"open","template":"","meta":[],"product_brand":[640],"product_cat":[741,621],"product_tag":[742,623],"class_list":{"0":"post-14248","1":"product","2":"type-product","3":"status-publish","4":"has-post-thumbnail","6":"product_brand-glow","7":"product_cat-lamparas-de-escritorio","8":"product_cat-unas","9":"product_tag-lamparas-de-escritorio","10":"product_tag-unas","11":"pa_codigo-ean-7759","12":"pa_garantia-12-meses","13":"pa_marca-glow","14":"pa_numero-de-articulo-5616","15":"pa_tiempo-estimado-de-entrega-4-5-dias-laborables","17":"first","18":"instock","19":"sale","20":"taxable","21":"shipping-taxable","22":"purchasable","23":"product-type-simple"},"yoast_head":"<!-- This site is optimized with the Yoast SEO plugin v27.4 - https:\/\/yoast.com\/product\/yoast-seo-wordpress\/ -->\n<title>L\u00e1mpara De Tratamiento Glow Mx3 Para Sobremesa Negra comprar<\/title>\n<meta name=\"description\" content=\"Compra L\u00e1mpara De Tratamiento Glow Mx3 Para Sobremesa Negra online o en el showroom en Salon For ALL Espa\u00f1a. El mayorista para salones, consultas y spas en Espa\u00f1a y Portugal.\" \/>\n<meta name=\"robots\" content=\"index, follow, max-snippet:-1, max-image-preview:large, max-video-preview:-1\" \/>\n<link rel=\"canonical\" href=\"https:\/\/salonforall.es\/ca\/lampara-de-tratamiento-glow-mx3-para-sobremesa-negra\/\" \/>\n<meta property=\"og:locale\" content=\"ca_ES\" \/>\n<meta property=\"og:type\" content=\"article\" \/>\n<meta property=\"og:title\" content=\"L\u00e1mpara De Tratamiento Glow Mx3 Para Sobremesa Negra\" \/>\n<meta property=\"og:description\" content=\"Compra L\u00e1mpara De Tratamiento Glow Mx3 Para Sobremesa Negra online o en el showroom en Salon For ALL Espa\u00f1a. El mayorista para salones, consultas y spas en Espa\u00f1a y Portugal.\" \/>\n<meta property=\"og:url\" content=\"https:\/\/salonforall.es\/ca\/lampara-de-tratamiento-glow-mx3-para-sobremesa-negra\/\" \/>\n<meta property=\"og:site_name\" content=\"Salon For ALL Espa\u00f1a\" \/>\n<meta property=\"article:modified_time\" content=\"2026-03-24T16:14:47+00:00\" \/>\n<meta property=\"og:image\" content=\"https:\/\/salonforall.es\/wp-content\/uploads\/2025\/12\/Lampara-De-Tratamiento-Glow-Mx3-Para-Sobremesa-Negra.jpg\" \/>\n\t<meta property=\"og:image:width\" content=\"1200\" \/>\n\t<meta property=\"og:image:height\" content=\"1200\" \/>\n\t<meta property=\"og:image:type\" content=\"image\/jpeg\" \/>\n<meta name=\"twitter:card\" content=\"summary_large_image\" \/>\n<meta name=\"twitter:title\" content=\"L\u00e1mpara De Tratamiento Glow Mx3 Para Sobremesa Negra\" \/>\n<meta name=\"twitter:label1\" content=\"Temps estimat de lectura\" \/>\n\t<meta name=\"twitter:data1\" content=\"9 minuts\" \/>\n<script type=\"application\/ld+json\" class=\"yoast-schema-graph\">{\"@context\":\"https:\\\/\\\/schema.org\",\"@graph\":[{\"@type\":\"WebPage\",\"@id\":\"https:\\\/\\\/salonforall.es\\\/lampara-de-tratamiento-glow-mx3-para-sobremesa-negra\\\/\",\"url\":\"https:\\\/\\\/salonforall.es\\\/lampara-de-tratamiento-glow-mx3-para-sobremesa-negra\\\/\",\"name\":\"L\u00e1mpara De Tratamiento Glow Mx3 Para Sobremesa Negra comprar\",\"isPartOf\":{\"@id\":\"https:\\\/\\\/salonforall.es\\\/#website\"},\"primaryImageOfPage\":{\"@id\":\"https:\\\/\\\/salonforall.es\\\/lampara-de-tratamiento-glow-mx3-para-sobremesa-negra\\\/#primaryimage\"},\"image\":{\"@id\":\"https:\\\/\\\/salonforall.es\\\/lampara-de-tratamiento-glow-mx3-para-sobremesa-negra\\\/#primaryimage\"},\"thumbnailUrl\":\"https:\\\/\\\/salonforall.es\\\/wp-content\\\/uploads\\\/2025\\\/12\\\/Lampara-De-Tratamiento-Glow-Mx3-Para-Sobremesa-Negra.jpg\",\"datePublished\":\"2025-12-02T13:12:54+00:00\",\"dateModified\":\"2026-03-24T16:14:47+00:00\",\"description\":\"Compra L\u00e1mpara De Tratamiento Glow Mx3 Para Sobremesa Negra online o en el showroom en Salon For ALL Espa\u00f1a. El mayorista para salones, consultas y spas en Espa\u00f1a y Portugal.\",\"breadcrumb\":{\"@id\":\"https:\\\/\\\/salonforall.es\\\/lampara-de-tratamiento-glow-mx3-para-sobremesa-negra\\\/#breadcrumb\"},\"inLanguage\":\"ca\",\"potentialAction\":[{\"@type\":\"ReadAction\",\"target\":[\"https:\\\/\\\/salonforall.es\\\/lampara-de-tratamiento-glow-mx3-para-sobremesa-negra\\\/\"]}]},{\"@type\":\"ImageObject\",\"inLanguage\":\"ca\",\"@id\":\"https:\\\/\\\/salonforall.es\\\/lampara-de-tratamiento-glow-mx3-para-sobremesa-negra\\\/#primaryimage\",\"url\":\"https:\\\/\\\/salonforall.es\\\/wp-content\\\/uploads\\\/2025\\\/12\\\/Lampara-De-Tratamiento-Glow-Mx3-Para-Sobremesa-Negra.jpg\",\"contentUrl\":\"https:\\\/\\\/salonforall.es\\\/wp-content\\\/uploads\\\/2025\\\/12\\\/Lampara-De-Tratamiento-Glow-Mx3-Para-Sobremesa-Negra.jpg\",\"width\":1200,\"height\":1200,\"caption\":\"L\u00e1mpara De Tratamiento Glow Mx3 Para Sobremesa Negra\"},{\"@type\":\"BreadcrumbList\",\"@id\":\"https:\\\/\\\/salonforall.es\\\/lampara-de-tratamiento-glow-mx3-para-sobremesa-negra\\\/#breadcrumb\",\"itemListElement\":[{\"@type\":\"ListItem\",\"position\":1,\"name\":\"Home\",\"item\":\"https:\\\/\\\/salonforall.es\\\/\"},{\"@type\":\"ListItem\",\"position\":2,\"name\":\"Winkel\",\"item\":\"https:\\\/\\\/salonforall.es\\\/winkel\\\/\"},{\"@type\":\"ListItem\",\"position\":3,\"name\":\"L\u00e1mpara De Tratamiento Glow Mx3 Para Sobremesa Negra\"}]},{\"@type\":\"WebSite\",\"@id\":\"https:\\\/\\\/salonforall.es\\\/#website\",\"url\":\"https:\\\/\\\/salonforall.es\\\/\",\"name\":\"Salon For ALL Espa\u00f1a\",\"description\":\"Mayorista de mobiliario y suministros para consultorios y salones\",\"publisher\":{\"@id\":\"https:\\\/\\\/salonforall.es\\\/#organization\"},\"potentialAction\":[{\"@type\":\"SearchAction\",\"target\":{\"@type\":\"EntryPoint\",\"urlTemplate\":\"https:\\\/\\\/salonforall.es\\\/?s={search_term_string}\"},\"query-input\":{\"@type\":\"PropertyValueSpecification\",\"valueRequired\":true,\"valueName\":\"search_term_string\"}}],\"inLanguage\":\"ca\"},{\"@type\":\"Organization\",\"@id\":\"https:\\\/\\\/salonforall.es\\\/#organization\",\"name\":\"Salon For All B.V. Espa\u00f1a\",\"alternateName\":\"Salon For All B.V. Espa\u00f1a - Mayorista de equipamiento para consultas, salones y suministros\",\"url\":\"https:\\\/\\\/salonforall.es\\\/\",\"logo\":{\"@type\":\"ImageObject\",\"inLanguage\":\"ca\",\"@id\":\"https:\\\/\\\/salonforall.es\\\/#\\\/schema\\\/logo\\\/image\\\/\",\"url\":\"https:\\\/\\\/salonforall.es\\\/wp-content\\\/uploads\\\/2025\\\/11\\\/logo-salon-for-all-e1764543185849.png\",\"contentUrl\":\"https:\\\/\\\/salonforall.es\\\/wp-content\\\/uploads\\\/2025\\\/11\\\/logo-salon-for-all-e1764543185849.png\",\"width\":500,\"height\":150,\"caption\":\"Salon For All B.V. Espa\u00f1a\"},\"image\":{\"@id\":\"https:\\\/\\\/salonforall.es\\\/#\\\/schema\\\/logo\\\/image\\\/\"}}]}<\/script>\n<!-- \/ Yoast SEO plugin. -->","yoast_head_json":{"title":"L\u00e1mpara De Tratamiento Glow Mx3 Para Sobremesa Negra comprar","description":"Compra L\u00e1mpara De Tratamiento Glow Mx3 Para Sobremesa Negra online o en el showroom en Salon For ALL Espa\u00f1a. El mayorista para salones, consultas y spas en Espa\u00f1a y Portugal.","robots":{"index":"index","follow":"follow","max-snippet":"max-snippet:-1","max-image-preview":"max-image-preview:large","max-video-preview":"max-video-preview:-1"},"canonical":"https:\/\/salonforall.es\/ca\/lampara-de-tratamiento-glow-mx3-para-sobremesa-negra\/","og_locale":"ca_ES","og_type":"article","og_title":"L\u00e1mpara De Tratamiento Glow Mx3 Para Sobremesa Negra","og_description":"Compra L\u00e1mpara De Tratamiento Glow Mx3 Para Sobremesa Negra online o en el showroom en Salon For ALL Espa\u00f1a. El mayorista para salones, consultas y spas en Espa\u00f1a y Portugal.","og_url":"https:\/\/salonforall.es\/ca\/lampara-de-tratamiento-glow-mx3-para-sobremesa-negra\/","og_site_name":"Salon For ALL Espa\u00f1a","article_modified_time":"2026-03-24T16:14:47+00:00","og_image":[{"width":1200,"height":1200,"url":"https:\/\/salonforall.es\/wp-content\/uploads\/2025\/12\/Lampara-De-Tratamiento-Glow-Mx3-Para-Sobremesa-Negra.jpg","type":"image\/jpeg"}],"twitter_card":"summary_large_image","twitter_title":"L\u00e1mpara De Tratamiento Glow Mx3 Para Sobremesa Negra","twitter_misc":{"Temps estimat de lectura":"9 minuts"},"schema":{"@context":"https:\/\/schema.org","@graph":[{"@type":"WebPage","@id":"https:\/\/salonforall.es\/lampara-de-tratamiento-glow-mx3-para-sobremesa-negra\/","url":"https:\/\/salonforall.es\/lampara-de-tratamiento-glow-mx3-para-sobremesa-negra\/","name":"L\u00e1mpara De Tratamiento Glow Mx3 Para Sobremesa Negra comprar","isPartOf":{"@id":"https:\/\/salonforall.es\/#website"},"primaryImageOfPage":{"@id":"https:\/\/salonforall.es\/lampara-de-tratamiento-glow-mx3-para-sobremesa-negra\/#primaryimage"},"image":{"@id":"https:\/\/salonforall.es\/lampara-de-tratamiento-glow-mx3-para-sobremesa-negra\/#primaryimage"},"thumbnailUrl":"https:\/\/salonforall.es\/wp-content\/uploads\/2025\/12\/Lampara-De-Tratamiento-Glow-Mx3-Para-Sobremesa-Negra.jpg","datePublished":"2025-12-02T13:12:54+00:00","dateModified":"2026-03-24T16:14:47+00:00","description":"Compra L\u00e1mpara De Tratamiento Glow Mx3 Para Sobremesa Negra online o en el showroom en Salon For ALL Espa\u00f1a. El mayorista para salones, consultas y spas en Espa\u00f1a y Portugal.","breadcrumb":{"@id":"https:\/\/salonforall.es\/lampara-de-tratamiento-glow-mx3-para-sobremesa-negra\/#breadcrumb"},"inLanguage":"ca","potentialAction":[{"@type":"ReadAction","target":["https:\/\/salonforall.es\/lampara-de-tratamiento-glow-mx3-para-sobremesa-negra\/"]}]},{"@type":"ImageObject","inLanguage":"ca","@id":"https:\/\/salonforall.es\/lampara-de-tratamiento-glow-mx3-para-sobremesa-negra\/#primaryimage","url":"https:\/\/salonforall.es\/wp-content\/uploads\/2025\/12\/Lampara-De-Tratamiento-Glow-Mx3-Para-Sobremesa-Negra.jpg","contentUrl":"https:\/\/salonforall.es\/wp-content\/uploads\/2025\/12\/Lampara-De-Tratamiento-Glow-Mx3-Para-Sobremesa-Negra.jpg","width":1200,"height":1200,"caption":"L\u00e1mpara De Tratamiento Glow Mx3 Para Sobremesa Negra"},{"@type":"BreadcrumbList","@id":"https:\/\/salonforall.es\/lampara-de-tratamiento-glow-mx3-para-sobremesa-negra\/#breadcrumb","itemListElement":[{"@type":"ListItem","position":1,"name":"Home","item":"https:\/\/salonforall.es\/"},{"@type":"ListItem","position":2,"name":"Winkel","item":"https:\/\/salonforall.es\/winkel\/"},{"@type":"ListItem","position":3,"name":"L\u00e1mpara De Tratamiento Glow Mx3 Para Sobremesa Negra"}]},{"@type":"WebSite","@id":"https:\/\/salonforall.es\/#website","url":"https:\/\/salonforall.es\/","name":"Salon For ALL Espanya","description":"Majorista de mobiliari i subministraments per a consultoris i salons","publisher":{"@id":"https:\/\/salonforall.es\/#organization"},"potentialAction":[{"@type":"SearchAction","target":{"@type":"EntryPoint","urlTemplate":"https:\/\/salonforall.es\/?s={search_term_string}"},"query-input":{"@type":"PropertyValueSpecification","valueRequired":true,"valueName":"search_term_string"}}],"inLanguage":"ca"},{"@type":"Organization","@id":"https:\/\/salonforall.es\/#organization","name":"Salon For All BV Espanya","alternateName":"Salon For All B.V. Espa\u00f1a - Mayorista de equipamiento para consultas, salones y suministros","url":"https:\/\/salonforall.es\/","logo":{"@type":"ImageObject","inLanguage":"ca","@id":"https:\/\/salonforall.es\/#\/schema\/logo\/image\/","url":"https:\/\/salonforall.es\/wp-content\/uploads\/2025\/11\/logo-salon-for-all-e1764543185849.png","contentUrl":"https:\/\/salonforall.es\/wp-content\/uploads\/2025\/11\/logo-salon-for-all-e1764543185849.png","width":500,"height":150,"caption":"Salon For All B.V. Espa\u00f1a"},"image":{"@id":"https:\/\/salonforall.es\/#\/schema\/logo\/image\/"}}]}},"_links":{"self":[{"href":"https:\/\/salonforall.es\/ca\/wp-json\/wp\/v2\/product\/14248","targetHints":{"allow":["GET"]}}],"collection":[{"href":"https:\/\/salonforall.es\/ca\/wp-json\/wp\/v2\/product"}],"about":[{"href":"https:\/\/salonforall.es\/ca\/wp-json\/wp\/v2\/types\/product"}],"replies":[{"embeddable":true,"href":"https:\/\/salonforall.es\/ca\/wp-json\/wp\/v2\/comments?post=14248"}],"wp:featuredmedia":[{"embeddable":true,"href":"https:\/\/salonforall.es\/ca\/wp-json\/wp\/v2\/media\/14249"}],"wp:attachment":[{"href":"https:\/\/salonforall.es\/ca\/wp-json\/wp\/v2\/media?parent=14248"}],"wp:term":[{"taxonomy":"product_brand","embeddable":true,"href":"https:\/\/salonforall.es\/ca\/wp-json\/wp\/v2\/product_brand?post=14248"},{"taxonomy":"product_cat","embeddable":true,"href":"https:\/\/salonforall.es\/ca\/wp-json\/wp\/v2\/product_cat?post=14248"},{"taxonomy":"product_tag","embeddable":true,"href":"https:\/\/salonforall.es\/ca\/wp-json\/wp\/v2\/product_tag?post=14248"}],"curies":[{"name":"wp","href":"https:\/\/api.w.org\/{rel}","templated":true}]}}