{"id":14207,"date":"2025-12-02T14:11:40","date_gmt":"2025-12-02T13:11:40","guid":{"rendered":"https:\/\/salonforall.es\/product\/syis-mascarilla-antioxidante-algas-500-ml\/"},"modified":"2026-03-24T17:14:44","modified_gmt":"2026-03-24T16:14:44","slug":"syis-mascarilla-antioxidante-algas-500-ml","status":"publish","type":"product","link":"https:\/\/salonforall.es\/ca\/syis-mascarilla-antioxidante-algas-500-ml\/","title":{"rendered":"Syis Mascareta Antioxidant Algues 500 Ml"},"content":{"rendered":"<h2>Informaci\u00f3n sobre Syis Mascarilla Antioxidante Algas 500 Ml con n\u00famero de art\u00edculo 148395<\/h2>\n<p><img decoding=\"async\" src=\"https:\/\/activeshop.com.pl\/media\/wysiwyg\/product\/148395\/EN_148395_01.jpg\"><\/p>\n<p><img decoding=\"async\" src=\"https:\/\/activeshop.com.pl\/media\/wysiwyg\/product\/148395\/EN_148395_02.jpg\"><\/p>\n<h2>Mascarilla Antioxidante de Algas con Vitamina C<\/h2>\n<p>Una <strong>mascarilla antioxidante de algas<\/strong> profesional dise\u00f1ada para pieles que <strong>necesitan luminosidad, nutrici\u00f3n y regeneraci\u00f3n<\/strong>. Gracias a las algas y la glucosa, <strong>proporciona el nivel adecuado de hidrataci\u00f3n y elasticidad<\/strong> a la piel. Ideal para usar en salones de belleza y cuidado personal. Especialmente recomendado para pieles con signos de fatiga, despu\u00e9s del verano o en invierno, cuando la tez pierde su luminosidad.<\/p>\n<p><img decoding=\"async\" src=\"https:\/\/activeshop.com.pl\/media\/wysiwyg\/product\/148395\/EN_148395_03.jpg\"><\/p>\n<h2>Para pieles que necesitan luminosidad y un color uniforme<\/h2>\n<p><strong>La forma estable de vitamina C<\/strong> contenida en la f\u00f3rmula ilumina, protege contra el estr\u00e9s oxidativo y favorece la regeneraci\u00f3n. La glucosa <strong>tiene un efecto fortalecedor sobre la barrera cut\u00e1nea natural<\/strong>, mientras que los minerales naturales, como la tierra de diatomeas, limpian y cuidan la piel con suavidad sin causar irritaci\u00f3n. <strong>La mascarilla hidrata intensamente, favorece la regeneraci\u00f3n y proporciona una sensaci\u00f3n calmante<\/strong>.<\/p>\n<p><img decoding=\"async\" src=\"https:\/\/activeshop.com.pl\/media\/wysiwyg\/product\/148395\/EN_148395_05.jpg\"><\/p>\n<h2>Eficacia probada<\/h2>\n<p>La eficacia se confirm\u00f3 <strong>en un estudio de aplicaci\u00f3n<\/strong> realizado en condiciones naturales: hasta el <strong>80%<\/strong> de los participantes confirmaron el efecto refrescante, nutritivo y calmante, mientras que el <strong>67%<\/strong> not\u00f3 un efecto iluminador, reducci\u00f3n de manchas oscuras y unificaci\u00f3n del tono de la piel.<\/p>\n<p><img decoding=\"async\" src=\"https:\/\/activeshop.com.pl\/media\/wysiwyg\/product\/148395\/EN_148395_04.jpg\"><\/p>\n<h2>Ingredients actius:<\/h2>\n<h3>Ascorbilo Gluc\u00f3sido<\/h3>\n<p>Forma estable de vitamina C con un potente efecto antioxidante. Ilumina la tez, unifica el tono y ayuda a reducir las manchas oscuras. Promueve la s\u00edntesis de col\u00e1geno y tiene un efecto antienvejecimiento.<\/p>\n<h3>Glucosa<\/h3>\n<p>Un az\u00facar simple con efecto hidratante que fortalece la barrera natural de la piel, protegi\u00e9ndola de la sequedad y de los efectos nocivos de los factores externos. Favorece los procesos regenerativos y mejora el estado general de la piel.<\/p>\n<h3>Aceite de c\u00e1scara de Citrus Aurantium Dulcis<\/h3>\n<p>El aceite de c\u00e1scara de naranja dulce tiene un efecto refrescante, proporciona a la piel un aspecto radiante y saludable, ayuda a limpiar los poros y reduce la inflamaci\u00f3n.<\/p>\n<h3>Tierra de diatomeas<\/h3>\n<p>La tierra de diatomeas, rica en minerales, ayuda a limpiar la piel y exfolia suavemente. Favorece los procesos regenerativos de la epidermis.<\/p>\n<h3>Alginato de potasio y alginato<\/h3>\n<p>Los alginatos naturales forman una capa oclusiva flexible que favorece la absorci\u00f3n de los ingredientes activos y tiene un efecto beneficioso sobre el estado de la piel.<\/p>\n<p><img decoding=\"async\" src=\"https:\/\/activeshop.com.pl\/media\/wysiwyg\/product\/148395\/EN_148395_06.jpg\"><\/p>\n<h2>Utilitzaci\u00f3:<\/h2>\n<p>Mezclar la mascarilla con agua hasta obtener una consistencia suave y homog\u00e9nea. Aplicar uniformemente sobre el rostro, el cuello y el escote limpios. Dejar actuar durante aprox. 20 minutos, luego ret\u00edrelo.<\/p>\n<p><strong>Capacitat:<\/strong> 500 ml<br \/><strong>Ingredientes (INCI):<\/strong> Tierra de diatomeas, algina, glucosa, alginato de potasio, sulfato de calcio, gluc\u00f3sido de ascorbilo, aceite de c\u00e1scara de Citrus Aurantium Dulcis, pirofosfato tetras\u00f3dico, carbonato de sodio, geraniol, perfume, linalol, limoneno, acetato de linalilo, hexil cinamal, alfa-isometil ionona, terpineol, hexametilindanopirano, cumarina, fluorflogopita sint\u00e9tica, CI 77891, CI 77491, \u00f3xido de esta\u00f1o.<\/p>\n<p><strong>SYIS<\/strong> es una marca polaca de cosm\u00e9ticos profesionales creada con el cuidado eficaz en mente. &nbsp;Se distingue por la alta calidad de sus ingredientes activos que satisfacen las necesidades de los clientes modernos y conscientes.<\/p>\n<p>Los productos Activeshop son proporcionalmente m\u00e1s econ\u00f3micos que muchas otras marcas\/proveedores. El precio est\u00e1 en relaci\u00f3n con la calidad. Syis Mascarilla Antioxidante Algas 500 Ml es por lo tanto una soluci\u00f3n accesible para su sal\u00f3n.<\/p>\n<h2>\u00bfC\u00f3mo se entrega Syis Mascarilla Antioxidante Algas 500 Ml?<\/h2>\n<p>Syis Mascarilla Antioxidante Algas 500 Ml se entrega en embalaje(s) original(es). Dentro de Espa\u00f1a el env\u00edo de Syis Mascarilla Antioxidante Algas 500 Ml es completamente gratuito para pedidos a partir de 100,- euros. Para env\u00edos a otros pa\u00edses se aplican tarifas de env\u00edo separadas. Puede consultar estas tarifas con nosotros o verlas en el carrito de compra. Syis Mascarilla Antioxidante Algas 500 Ml se env\u00eda a trav\u00e9s de un servicio de mensajer\u00eda externo.<\/p>\n<p>Els paquets o palets es lliuren de forma est\u00e0ndard fins al llindar de la porta principal, fins i tot si est\u00e0 ubicat en un edifici col\u00b7lectiu, edifici d&#039;apartaments o complex d&#039;apartaments amb ascensor (sempre que l&#039;article c\u00e0piga a l&#039;ascensor). No hi ha ascensor disponible o l&#039;article no hi cap a l&#039;ascensor? Aleshores lliurem fins al llindar de la planta baixa.<\/p>\n<p>Encara teniu preguntes sobre el lliurament o una situaci\u00f3 especial? Contacti&#039;ns i estarem encantats d&#039;ajudar-lo!<\/p>\n<p>*Els articles no es desembalen ni munten de forma est\u00e0ndard. En situacions especials ens pot contactar per fer acords sobre aix\u00f2.<\/p>\n<h2>Compra en l\u00ednia segura a Salon For All amb el segell de qualitat Webwinkelkeur i xifrat SSL<\/h2>\n<p>Es importante para nosotros que nuestros clientes puedan comprar de forma segura en nuestra tienda online. Estamos afiliados al sello de calidad nacional Webwinkelkeur desde 2019. Nuestra identidad ha sido verificada y comprobada por ellos, y la tienda online ha sido revisada y aprobada legalmente. Adem\u00e1s, nuestra tienda online est\u00e1 afiliada a ellos para la mediaci\u00f3n de conflictos. Puede ver la insignia con toda la informaci\u00f3n de este sello de calidad de tienda online en el lado izquierdo o derecho de la tienda online (bot\u00f3n rosa con blanco). Adem\u00e1s, nuestro sitio est\u00e1 protegido con un certificado SSL para que pueda navegar de forma segura con nosotros. En la barra de su navegador de Internet, donde aparece nuestro sitio web, ver\u00e1 un icono de candado. Si hace clic en el candado, obtendr\u00e1 toda la informaci\u00f3n sobre nuestra seguridad. De esta manera sabe que su pedido de Syis Mascarilla Antioxidante Algas 500 Ml y sus datos personales se procesan de forma segura.<\/p>\n<h2>\u00bfC\u00f3mo puedo pagar Syis Mascarilla Antioxidante Algas 500 Ml?<\/h2>\n<p>Volem fer-ho el m\u00e9s f\u00e0cil possible. Per aix\u00f2 a Salon For All podeu pagar amb tots els m\u00e8todes de pagament coneguts i habituals. Pagar per avan\u00e7at, al lliurament oa posteriori; tot \u00e9s possible. Vegeu aqu\u00ed tots els m\u00e8todes de pagament que oferim:<\/p>\n<ul>\n<li>iDEAL<\/li>\n<li>Targeta de cr\u00e8dit (Visa, Mastercard, American Express)<\/li>\n<li>Klarna \u2013 Pagament a posteriori amb factura<\/li>\n<li>PayPal<\/li>\n<li>Apple Pay<\/li>\n<li>Google Pay<\/li>\n<li>Bizum (per a clients espanyols)<\/li>\n<li>Transfer\u00e8ncia banc\u00e0ria SEPA<\/li>\n<li>Bancontact<\/li>\n<li>Factura comercial per a empreses<\/li>\n<li>Pagament al showroom \u2013 Tant targeta com efectiu (Nom\u00e9s disponible en recollida)<\/li>\n<\/ul>\n<h2>Consulteu tamb\u00e9 les ressenyes de Salon For All<\/h2>\n<p>Consulte tambi\u00e9n nuestras rese\u00f1as para tener en cuenta las experiencias de nuestros clientes actuales en su decisi\u00f3n de pedir Syis Mascarilla Antioxidante Algas 500 Ml con nosotros. A trav\u00e9s de nuestro sello de calidad independiente de tienda online Webwinkelkeur, se recopilan autom\u00e1ticamente rese\u00f1as verificadas de clientes que han completado un pedido con nosotros. Puede encontrarlas detr\u00e1s del bot\u00f3n rosa en nuestra tienda online o aparecen listadas debajo de los productos.<\/p>\n<p>\u00a1Comparta tambi\u00e9n su experiencia despu\u00e9s de su compra con su Syis Mascarilla Antioxidante Algas 500 Ml pedido y su experiencia con el proceso de compra o el contacto con Salon For All para inspirar a otros!<\/p>\n<h2>Contacte amb Salon For All<\/h2>\n<p>Cont\u00e1ctenos entonces. Estaremos encantados de ayudarle con la adquisici\u00f3n de Syis Mascarilla Antioxidante Algas 500 Ml. En d\u00edas laborables estamos mejor disponibles entre las 8.30 y las 17.00 horas a trav\u00e9s del n\u00famero de tel\u00e9fono y direcci\u00f3n de correo electr\u00f3nico en la parte superior de la tienda online o a trav\u00e9s de la funci\u00f3n de chat. Las consultas fuera del horario de oficina suelen responderse en un plazo de 24 horas. Tambi\u00e9n es posible visitarnos fuera de los d\u00edas laborables u horario de oficina. Pero para ello es necesario concertar una cita previa.<\/p>\n<h2>Voleu visitar el nostre showroom?<\/h2>\n<p>\u00bfPrefiere ver Syis Mascarilla Antioxidante Algas 500 Ml o recorrer nuestra oferta de la tienda (online) junto con nuestro colega? Entonces visite nuestro showroom con m\u00e1s de 1000m\u00b2 de equipamiento para salones y d\u00e9jese inspirar por nuestros empleados. Tambi\u00e9n si le gusta conocernos de manera agradable disfrutando de una buena taza de caf\u00e9 o t\u00e9, es muy bienvenido. No tenemos todos los productos en stock, as\u00ed que h\u00e1ganos saber de antemano que desea venir. Concierte siempre una cita previa.<\/p>\n<h2>14 dies de reflexi\u00f3 i la nostra pol\u00edtica de devolucions<\/h2>\n<p>Por supuesto puede ocurrir que Syis Mascarilla Antioxidante Algas 500 Ml entregado no sea completamente de su agrado y desee devolverlo. Eso no es ning\u00fan problema en Salon For All. Debe notificar su devoluci\u00f3n dentro de 14 d\u00edas laborables a trav\u00e9s de info@salonforall.es. Entonces recibir\u00e1 primero todas las instrucciones y condiciones de devoluci\u00f3n. Tenga en cuenta que Syis Mascarilla Antioxidante Algas 500 Ml no debe haber sido usado, debe contener todas las partes suministradas y debe devolverse empaquetado en el embalaje original. Los costos de env\u00edo de una devoluci\u00f3n son siempre a cargo del comprador en compras a trav\u00e9s de www.salonforall.es. Debe organizar usted mismo un transporte con una empresa de transporte de su elecci\u00f3n para una devoluci\u00f3n. Una vez que Syis Mascarilla Antioxidante Algas 500 Ml haya sido devuelto, se verificar\u00e1 su integridad y posibles da\u00f1os. Una vez que la devoluci\u00f3n haya sido aprobada, el importe de la compra se reembolsar\u00e1 dentro de 5 d\u00edas laborables a la cuenta bancaria que tenemos registrada.<\/p>\n<h2>Qui \u00e9s Salon For All?<\/h2>\n<p>Salon For All \u00e9s EL majorista per a tot equipament de salons a Europa. Salon For All va comen\u00e7ar el 2003 sota el nom Salonvoordeel i va sorgir de la pr\u00e0ctica. Els propietaris de Salon For All eren perruquers i especialistes en bellesa experimentats i tenen plegats m\u00e9s de 30 anys d&#039;experi\u00e8ncia pr\u00e0ctica. El 2003 vam llan\u00e7ar Salonvoordeel.nl (Pa\u00efsos Baixos) i posteriorment es va fundar Salon For All per al mercat europeu. Alguns dels nostres empleats van iniciar el seu propi negoci i aix\u00ed va sorgir la idea de llan\u00e7ar una botiga online funcional per a perruquers i ajudar-los amb l&#039;equipament del sal\u00f3.<\/p>\n<p>Nuestro showroom se encuentra en Dinxperlo, directamente en la frontera entre los Pa\u00edses Bajos y Alemania. Con nuestra amplia experiencia en el sector podemos servirle de espejo y proporcionarle el asesoramiento adecuado. \u00a1Hablamos el mismo idioma! Le asesoramos, inspiramos, motivamos y ayudamos en la adquisici\u00f3n de Syis Mascarilla Antioxidante Algas 500 Ml. Nuestros proveedores se encuentran en toda Europa, desde Alemania, Inglaterra, Italia hasta Polonia.<\/p>","protected":false},"excerpt":{"rendered":"<p>El producte Syis Mascareta Antioxidant Algues 500 Ml \u00e9s una soluci\u00f3 d\u00b4alta qualitat per a qualsevol sal\u00f3. El termini de lliurament estimat \u00e9s de 6 dies laborables aproximadament.<\/p>","protected":false},"featured_media":14208,"comment_status":"open","ping_status":"open","template":"","meta":[],"product_brand":[362],"product_cat":[5601,76,363,5600],"product_tag":[5603,79,365,5602],"class_list":{"0":"post-14207","1":"product","2":"type-product","3":"status-publish","4":"has-post-thumbnail","6":"product_brand-syis","7":"product_cat-algas","8":"product_cat-cosmetica-profesional","9":"product_cat-cosmetica-syis-pro","10":"product_cat-mascarillas","11":"product_tag-algas","12":"product_tag-cosmetica-profesional","13":"product_tag-cosmetica-syis-pro","14":"product_tag-mascarillas","15":"pa_codigo-ean-7759","16":"pa_garantia-12-meses","17":"pa_marca-syis","18":"pa_numero-de-articulo-5604","19":"pa_tiempo-estimado-de-entrega-4-5-dias-laborables","21":"first","22":"instock","23":"sale","24":"taxable","25":"shipping-taxable","26":"purchasable","27":"product-type-simple"},"yoast_head":"<!-- This site is optimized with the Yoast SEO plugin v27.6 - https:\/\/yoast.com\/product\/yoast-seo-wordpress\/ -->\n<title>Syis Mascarilla Antioxidante Algas 500 Ml comprar<\/title>\n<meta name=\"description\" content=\"Compra Syis Mascarilla Antioxidante Algas 500 Ml online o en el showroom en Salon For ALL Espa\u00f1a. El mayorista para salones, consultas y spas en Espa\u00f1a y Portugal.\" \/>\n<meta name=\"robots\" content=\"index, follow, max-snippet:-1, max-image-preview:large, max-video-preview:-1\" \/>\n<link rel=\"canonical\" href=\"https:\/\/salonforall.es\/ca\/syis-mascarilla-antioxidante-algas-500-ml\/\" \/>\n<meta property=\"og:locale\" content=\"ca_ES\" \/>\n<meta property=\"og:type\" content=\"article\" \/>\n<meta property=\"og:title\" content=\"Syis Mascarilla Antioxidante Algas 500 Ml\" \/>\n<meta property=\"og:description\" content=\"Compra Syis Mascarilla Antioxidante Algas 500 Ml online o en el showroom en Salon For ALL Espa\u00f1a. El mayorista para salones, consultas y spas en Espa\u00f1a y Portugal.\" \/>\n<meta property=\"og:url\" content=\"https:\/\/salonforall.es\/ca\/syis-mascarilla-antioxidante-algas-500-ml\/\" \/>\n<meta property=\"og:site_name\" content=\"Salon For ALL Espa\u00f1a\" \/>\n<meta property=\"article:modified_time\" content=\"2026-03-24T16:14:44+00:00\" \/>\n<meta property=\"og:image\" content=\"https:\/\/salonforall.es\/wp-content\/uploads\/2025\/12\/Syis-Mascarilla-Antioxidante-Algas-500-Ml.jpg\" \/>\n\t<meta property=\"og:image:width\" content=\"1200\" \/>\n\t<meta property=\"og:image:height\" content=\"1200\" \/>\n\t<meta property=\"og:image:type\" content=\"image\/jpeg\" \/>\n<meta name=\"twitter:card\" content=\"summary_large_image\" \/>\n<meta name=\"twitter:title\" content=\"Syis Mascarilla Antioxidante Algas 500 Ml\" \/>\n<meta name=\"twitter:label1\" content=\"Temps estimat de lectura\" \/>\n\t<meta name=\"twitter:data1\" content=\"9 minuts\" \/>\n<script type=\"application\/ld+json\" class=\"yoast-schema-graph\">{\"@context\":\"https:\\\/\\\/schema.org\",\"@graph\":[{\"@type\":\"WebPage\",\"@id\":\"https:\\\/\\\/salonforall.es\\\/syis-mascarilla-antioxidante-algas-500-ml\\\/\",\"url\":\"https:\\\/\\\/salonforall.es\\\/syis-mascarilla-antioxidante-algas-500-ml\\\/\",\"name\":\"Syis Mascarilla Antioxidante Algas 500 Ml comprar\",\"isPartOf\":{\"@id\":\"https:\\\/\\\/salonforall.es\\\/#website\"},\"primaryImageOfPage\":{\"@id\":\"https:\\\/\\\/salonforall.es\\\/syis-mascarilla-antioxidante-algas-500-ml\\\/#primaryimage\"},\"image\":{\"@id\":\"https:\\\/\\\/salonforall.es\\\/syis-mascarilla-antioxidante-algas-500-ml\\\/#primaryimage\"},\"thumbnailUrl\":\"https:\\\/\\\/salonforall.es\\\/wp-content\\\/uploads\\\/2025\\\/12\\\/Syis-Mascarilla-Antioxidante-Algas-500-Ml.jpg\",\"datePublished\":\"2025-12-02T13:11:40+00:00\",\"dateModified\":\"2026-03-24T16:14:44+00:00\",\"description\":\"Compra Syis Mascarilla Antioxidante Algas 500 Ml online o en el showroom en Salon For ALL Espa\u00f1a. El mayorista para salones, consultas y spas en Espa\u00f1a y Portugal.\",\"breadcrumb\":{\"@id\":\"https:\\\/\\\/salonforall.es\\\/syis-mascarilla-antioxidante-algas-500-ml\\\/#breadcrumb\"},\"inLanguage\":\"ca\",\"potentialAction\":[{\"@type\":\"ReadAction\",\"target\":[\"https:\\\/\\\/salonforall.es\\\/syis-mascarilla-antioxidante-algas-500-ml\\\/\"]}]},{\"@type\":\"ImageObject\",\"inLanguage\":\"ca\",\"@id\":\"https:\\\/\\\/salonforall.es\\\/syis-mascarilla-antioxidante-algas-500-ml\\\/#primaryimage\",\"url\":\"https:\\\/\\\/salonforall.es\\\/wp-content\\\/uploads\\\/2025\\\/12\\\/Syis-Mascarilla-Antioxidante-Algas-500-Ml.jpg\",\"contentUrl\":\"https:\\\/\\\/salonforall.es\\\/wp-content\\\/uploads\\\/2025\\\/12\\\/Syis-Mascarilla-Antioxidante-Algas-500-Ml.jpg\",\"width\":1200,\"height\":1200,\"caption\":\"Syis Mascarilla Antioxidante Algas 500 Ml\"},{\"@type\":\"BreadcrumbList\",\"@id\":\"https:\\\/\\\/salonforall.es\\\/syis-mascarilla-antioxidante-algas-500-ml\\\/#breadcrumb\",\"itemListElement\":[{\"@type\":\"ListItem\",\"position\":1,\"name\":\"Home\",\"item\":\"https:\\\/\\\/salonforall.es\\\/\"},{\"@type\":\"ListItem\",\"position\":2,\"name\":\"Winkel\",\"item\":\"https:\\\/\\\/salonforall.es\\\/winkel\\\/\"},{\"@type\":\"ListItem\",\"position\":3,\"name\":\"Syis Mascarilla Antioxidante Algas 500 Ml\"}]},{\"@type\":\"WebSite\",\"@id\":\"https:\\\/\\\/salonforall.es\\\/#website\",\"url\":\"https:\\\/\\\/salonforall.es\\\/\",\"name\":\"Salon For ALL Espa\u00f1a\",\"description\":\"Mayorista de mobiliario y suministros para consultorios y salones\",\"publisher\":{\"@id\":\"https:\\\/\\\/salonforall.es\\\/#organization\"},\"potentialAction\":[{\"@type\":\"SearchAction\",\"target\":{\"@type\":\"EntryPoint\",\"urlTemplate\":\"https:\\\/\\\/salonforall.es\\\/?s={search_term_string}\"},\"query-input\":{\"@type\":\"PropertyValueSpecification\",\"valueRequired\":true,\"valueName\":\"search_term_string\"}}],\"inLanguage\":\"ca\"},{\"@type\":\"Organization\",\"@id\":\"https:\\\/\\\/salonforall.es\\\/#organization\",\"name\":\"Salon For All B.V. Espa\u00f1a\",\"alternateName\":\"Salon For All B.V. Espa\u00f1a - Mayorista de equipamiento para consultas, salones y suministros\",\"url\":\"https:\\\/\\\/salonforall.es\\\/\",\"logo\":{\"@type\":\"ImageObject\",\"inLanguage\":\"ca\",\"@id\":\"https:\\\/\\\/salonforall.es\\\/#\\\/schema\\\/logo\\\/image\\\/\",\"url\":\"https:\\\/\\\/salonforall.es\\\/wp-content\\\/uploads\\\/2025\\\/11\\\/logo-salon-for-all-e1764543185849.png\",\"contentUrl\":\"https:\\\/\\\/salonforall.es\\\/wp-content\\\/uploads\\\/2025\\\/11\\\/logo-salon-for-all-e1764543185849.png\",\"width\":500,\"height\":150,\"caption\":\"Salon For All B.V. Espa\u00f1a\"},\"image\":{\"@id\":\"https:\\\/\\\/salonforall.es\\\/#\\\/schema\\\/logo\\\/image\\\/\"}}]}<\/script>\n<!-- \/ Yoast SEO plugin. -->","yoast_head_json":{"title":"Syis Mascarilla Antioxidante Algas 500 Ml comprar","description":"Compra Syis Mascarilla Antioxidante Algas 500 Ml online o en el showroom en Salon For ALL Espa\u00f1a. El mayorista para salones, consultas y spas en Espa\u00f1a y Portugal.","robots":{"index":"index","follow":"follow","max-snippet":"max-snippet:-1","max-image-preview":"max-image-preview:large","max-video-preview":"max-video-preview:-1"},"canonical":"https:\/\/salonforall.es\/ca\/syis-mascarilla-antioxidante-algas-500-ml\/","og_locale":"ca_ES","og_type":"article","og_title":"Syis Mascarilla Antioxidante Algas 500 Ml","og_description":"Compra Syis Mascarilla Antioxidante Algas 500 Ml online o en el showroom en Salon For ALL Espa\u00f1a. El mayorista para salones, consultas y spas en Espa\u00f1a y Portugal.","og_url":"https:\/\/salonforall.es\/ca\/syis-mascarilla-antioxidante-algas-500-ml\/","og_site_name":"Salon For ALL Espa\u00f1a","article_modified_time":"2026-03-24T16:14:44+00:00","og_image":[{"width":1200,"height":1200,"url":"https:\/\/salonforall.es\/wp-content\/uploads\/2025\/12\/Syis-Mascarilla-Antioxidante-Algas-500-Ml.jpg","type":"image\/jpeg"}],"twitter_card":"summary_large_image","twitter_title":"Syis Mascarilla Antioxidante Algas 500 Ml","twitter_misc":{"Temps estimat de lectura":"9 minuts"},"schema":{"@context":"https:\/\/schema.org","@graph":[{"@type":"WebPage","@id":"https:\/\/salonforall.es\/syis-mascarilla-antioxidante-algas-500-ml\/","url":"https:\/\/salonforall.es\/syis-mascarilla-antioxidante-algas-500-ml\/","name":"Syis Mascarilla Antioxidante Algas 500 Ml comprar","isPartOf":{"@id":"https:\/\/salonforall.es\/#website"},"primaryImageOfPage":{"@id":"https:\/\/salonforall.es\/syis-mascarilla-antioxidante-algas-500-ml\/#primaryimage"},"image":{"@id":"https:\/\/salonforall.es\/syis-mascarilla-antioxidante-algas-500-ml\/#primaryimage"},"thumbnailUrl":"https:\/\/salonforall.es\/wp-content\/uploads\/2025\/12\/Syis-Mascarilla-Antioxidante-Algas-500-Ml.jpg","datePublished":"2025-12-02T13:11:40+00:00","dateModified":"2026-03-24T16:14:44+00:00","description":"Compra Syis Mascarilla Antioxidante Algas 500 Ml online o en el showroom en Salon For ALL Espa\u00f1a. El mayorista para salones, consultas y spas en Espa\u00f1a y Portugal.","breadcrumb":{"@id":"https:\/\/salonforall.es\/syis-mascarilla-antioxidante-algas-500-ml\/#breadcrumb"},"inLanguage":"ca","potentialAction":[{"@type":"ReadAction","target":["https:\/\/salonforall.es\/syis-mascarilla-antioxidante-algas-500-ml\/"]}]},{"@type":"ImageObject","inLanguage":"ca","@id":"https:\/\/salonforall.es\/syis-mascarilla-antioxidante-algas-500-ml\/#primaryimage","url":"https:\/\/salonforall.es\/wp-content\/uploads\/2025\/12\/Syis-Mascarilla-Antioxidante-Algas-500-Ml.jpg","contentUrl":"https:\/\/salonforall.es\/wp-content\/uploads\/2025\/12\/Syis-Mascarilla-Antioxidante-Algas-500-Ml.jpg","width":1200,"height":1200,"caption":"Syis Mascarilla Antioxidante Algas 500 Ml"},{"@type":"BreadcrumbList","@id":"https:\/\/salonforall.es\/syis-mascarilla-antioxidante-algas-500-ml\/#breadcrumb","itemListElement":[{"@type":"ListItem","position":1,"name":"Home","item":"https:\/\/salonforall.es\/"},{"@type":"ListItem","position":2,"name":"Winkel","item":"https:\/\/salonforall.es\/winkel\/"},{"@type":"ListItem","position":3,"name":"Syis Mascarilla Antioxidante Algas 500 Ml"}]},{"@type":"WebSite","@id":"https:\/\/salonforall.es\/#website","url":"https:\/\/salonforall.es\/","name":"Salon For ALL Espanya","description":"Majorista de mobiliari i subministraments per a consultoris i salons","publisher":{"@id":"https:\/\/salonforall.es\/#organization"},"potentialAction":[{"@type":"SearchAction","target":{"@type":"EntryPoint","urlTemplate":"https:\/\/salonforall.es\/?s={search_term_string}"},"query-input":{"@type":"PropertyValueSpecification","valueRequired":true,"valueName":"search_term_string"}}],"inLanguage":"ca"},{"@type":"Organization","@id":"https:\/\/salonforall.es\/#organization","name":"Salon For All BV Espanya","alternateName":"Salon For All B.V. Espa\u00f1a - Mayorista de equipamiento para consultas, salones y suministros","url":"https:\/\/salonforall.es\/","logo":{"@type":"ImageObject","inLanguage":"ca","@id":"https:\/\/salonforall.es\/#\/schema\/logo\/image\/","url":"https:\/\/salonforall.es\/wp-content\/uploads\/2025\/11\/logo-salon-for-all-e1764543185849.png","contentUrl":"https:\/\/salonforall.es\/wp-content\/uploads\/2025\/11\/logo-salon-for-all-e1764543185849.png","width":500,"height":150,"caption":"Salon For All B.V. Espa\u00f1a"},"image":{"@id":"https:\/\/salonforall.es\/#\/schema\/logo\/image\/"}}]}},"_links":{"self":[{"href":"https:\/\/salonforall.es\/ca\/wp-json\/wp\/v2\/product\/14207","targetHints":{"allow":["GET"]}}],"collection":[{"href":"https:\/\/salonforall.es\/ca\/wp-json\/wp\/v2\/product"}],"about":[{"href":"https:\/\/salonforall.es\/ca\/wp-json\/wp\/v2\/types\/product"}],"replies":[{"embeddable":true,"href":"https:\/\/salonforall.es\/ca\/wp-json\/wp\/v2\/comments?post=14207"}],"wp:featuredmedia":[{"embeddable":true,"href":"https:\/\/salonforall.es\/ca\/wp-json\/wp\/v2\/media\/14208"}],"wp:attachment":[{"href":"https:\/\/salonforall.es\/ca\/wp-json\/wp\/v2\/media?parent=14207"}],"wp:term":[{"taxonomy":"product_brand","embeddable":true,"href":"https:\/\/salonforall.es\/ca\/wp-json\/wp\/v2\/product_brand?post=14207"},{"taxonomy":"product_cat","embeddable":true,"href":"https:\/\/salonforall.es\/ca\/wp-json\/wp\/v2\/product_cat?post=14207"},{"taxonomy":"product_tag","embeddable":true,"href":"https:\/\/salonforall.es\/ca\/wp-json\/wp\/v2\/product_tag?post=14207"}],"curies":[{"name":"wp","href":"https:\/\/api.w.org\/{rel}","templated":true}]}}