{"id":12752,"date":"2025-12-02T13:53:20","date_gmt":"2025-12-02T12:53:20","guid":{"rendered":"https:\/\/salonforall.es\/product\/giovanni-vapozon-d-20-blanco\/"},"modified":"2026-03-24T17:09:43","modified_gmt":"2026-03-24T16:09:43","slug":"giovanni-vapozon-d-20-blanc","status":"publish","type":"product","link":"https:\/\/salonforall.es\/ca\/giovanni-vapozon-d-20-blanco\/","title":{"rendered":"Giovanni Vapozon D-20 Blanc"},"content":{"rendered":"<h2>Informaci\u00f3 sobre Giovanni Vapozon D-20 Blanc amb n\u00famero d&#039;article 147019<\/h2>\n<p><strong>Giovanni<\/strong> \u00e9s una marca especialitzada en equips pr\u00e0ctics per a salons de bellesa i cosm\u00e8tica, que ofereix, entre d&#039;altres, mobiliari cosm\u00e8tic i vaporitzadors. L&#039;alta durabilitat, ergonomia i funcionalitat dels productes proporcionen als usuaris comoditat i practicitat a la feina.<\/p>\n<p><img decoding=\"async\" src=\"https:\/\/activeshop.com.pl\/media\/wysiwyg\/product\/147019\/EN_147019_1.jpg\"><\/p>\n<h2><strong>Un dispositiu perfecte per millorar els procediments cosm\u00e8tics<\/strong><\/h2>\n<p><strong>El vaporitzador multifuncional Giovanni D-20<\/strong> \u00e9s un dispositiu altament efectiu, perfecte per a qualsevol sal\u00f3 de bellesa. Produeix vapor, que estimula l&#039;autoneteja de la pell i la prepara per a tractaments cosm\u00e8tics posteriors.<\/p>\n<p><img decoding=\"async\" src=\"https:\/\/activeshop.com.pl\/media\/wysiwyg\/product\/147019\/EN_147019_2.jpg\"><\/p>\n<h2><strong>F\u00e0cil de fer servir i gran comoditat<\/strong><\/h2>\n<p>El vapoz\u00f3 \u00e9s molt intu\u00eftiu. Amb el comandament giratori, es pot ajustar la durada del tractament i encendre el llum UV que garanteix la desinfecci\u00f3 de l&#039;aigua. El dispositiu tamb\u00e9 compta amb una funci\u00f3 que permet realitzar aromater\u00e0pia gr\u00e0cies a un element especial ubicat al filtre. <strong>El seu senzill maneig i funcionalitat el converteixen en una excel\u00b7lent opci\u00f3 per a qualsevol sal\u00f3 de bellesa.<\/p>\n<p><img decoding=\"async\" src=\"https:\/\/activeshop.com.pl\/media\/wysiwyg\/product\/147019\/EN_147019_4.jpg\"><\/p>\n<h2><strong>Per a quins tractaments \u00e9s adequat el Vapozon?<\/strong><\/h2>\n<p>La funci\u00f3 principal del dispositiu \u00e9s <strong>netejar i hidratar efica\u00e7ment la pell<\/strong>. L&#039;acci\u00f3 del Vapozon es basa en la producci\u00f3 de vapor, que <strong>suavitza les c\u00e8l\u00b7lules epid\u00e8rmiques mortes<\/strong>, dilata els porus i gots sanguinis de la pell, <strong>preparant la pell per a posteriors tractaments cosm\u00e8tics<\/strong>. Sobretot l&#039;\u00fas del vaporitzador permet <strong>suavitzar l&#039;estrat corni de la pell<\/strong>, la qual cosa \u00e9s especialment important per a l&#039;efic\u00e0cia dels tractaments de neteja, ja que facilita l&#039;eliminaci\u00f3 de punts negres i pell morta. Desbloqueja les gl\u00e0ndules seb\u00e0cies (els anomenats porus de la pell), cosa que facilita significativament l&#039;alliberament de les capes de s\u00e8u. Estimula la respiraci\u00f3 i la circulaci\u00f3 cut\u00e0nies, millorant l&#039;eliminaci\u00f3 d&#039;impureses i productes metab\u00f2lics innecessaris. Tamb\u00e9 millora el subministrament d&#039;oxigen a la pell i la penetraci\u00f3 de nutrients durant els tractaments posteriors. El tractament tamb\u00e9 es pot fer servir en altres parts del cos que requereixin una neteja profunda, com el coll, l&#039;escot o l&#039;esquena. El tractament tamb\u00e9 \u00e9s adequat per a la ter\u00e0pia del cuir cabellut, aix\u00ed com durant els tractaments capil\u00b7lars. El suport compta amb un f\u00e0cil ajustament d&#039;al\u00e7ada de 78 a 95 cm, cosa que permet col\u00b7locar l&#039;equip a l&#039;al\u00e7ada adequada per garantir la comoditat de treball de l&#039;usuari. El filtre del vaporitzador \u00e9s giratori, cosa que amplia les possibilitats d&#039;ajust. La base de quatre bra\u00e7os amb rodes de goma millora la mobilitat i facilita el moviment del dispositiu.<\/p>\n<div class=\"video-container\"> <iframe height=\"315\" src=\"https:\/\/www.youtube.com\/embed\/aN7cfNe3bHg\" frameborder=\"0\" width=\"560\" allowfullscreen allow=\"accelerometer; autoplay; encrypted-media; gyroscope; picture-in-picture\"> <\/iframe> <\/div>\n<p>Les dimensions exactes s&#039;indiquen a la imatge.<br \/><strong>El set inclou:<\/strong> Vapozon, suport amb base de quatre bra\u00e7os sobre rodes de goma, instruccions.<\/p>\n<p><strong>Dades:<\/strong><br \/>Color: blanc<br \/>Pot\u00e8ncia del Vapozone: 750 W<br \/>Voltatge del Vapozone: 220 V<\/p>\n<p>Els productes Activeshop s\u00f3n proporcionalment m\u00e9s econ\u00f2mics que moltes altres marques\/prove\u00efdors. El preu est\u00e0 en relaci\u00f3 amb la qualitat. Giovanni Vapozon D-20 Blanc \u00e9s, per tant, una soluci\u00f3 accessible per al seu sal\u00f3.<\/p>\n<h2>Com es lliura Giovanni Vapozon D-20 Blanco?<\/h2>\n<p>Giovanni Vapozon D-20 Blanco es lliura en embalatge(s) original(s). Dins Espanya l&#039;enviament de Giovanni Vapozon D-20 Blanco \u00e9s completament gratu\u00eft per a comandes a partir de 100,- euros. Per a enviaments a altres pa\u00efsos, s&#039;apliquen tarifes d&#039;enviament separades. Podeu consultar aquestes tarifes amb nosaltres o veure-les al carret de compra. Giovanni Vapozon D-20 Blanco s&#039;envia mitjan\u00e7ant un servei de missatgeria extern.<\/p>\n<p>Els paquets o palets es lliuren de forma est\u00e0ndard fins al llindar de la porta principal, fins i tot si est\u00e0 ubicat en un edifici col\u00b7lectiu, edifici d&#039;apartaments o complex d&#039;apartaments amb ascensor (sempre que l&#039;article c\u00e0piga a l&#039;ascensor). No hi ha ascensor disponible o l&#039;article no hi cap a l&#039;ascensor? Aleshores lliurem fins al llindar de la planta baixa.<\/p>\n<p>Encara teniu preguntes sobre el lliurament o una situaci\u00f3 especial? Contacti&#039;ns i estarem encantats d&#039;ajudar-lo!<\/p>\n<p>*Els articles no es desembalen ni munten de forma est\u00e0ndard. En situacions especials ens pot contactar per fer acords sobre aix\u00f2.<\/p>\n<h2>Compra en l\u00ednia segura a Salon For All amb el segell de qualitat Webwinkelkeur i xifrat SSL<\/h2>\n<p>\u00c9s important per a nosaltres que els nostres clients puguin comprar de forma segura a la nostra botiga online. Estem afiliats al segell de qualitat nacional Webwinkelkeur des de 2019. La nostra identitat ha estat verificada i comprovada per ells, i la botiga en l\u00ednia ha estat revisada i aprovada legalment. A m\u00e9s, la nostra botiga en l\u00ednia est\u00e0 afiliada a ells per a la mediaci\u00f3 de conflictes. Podeu veure la ins\u00edgnia amb tota la informaci\u00f3 d&#039;aquest segell de qualitat de botiga en l\u00ednia al costat esquerre o dret de la botiga en l\u00ednia (bot\u00f3 rosa amb blanc). A m\u00e9s, el nostre lloc est\u00e0 protegit amb un certificat SSL perqu\u00e8 pugui navegar de manera segura amb nosaltres. A la barra del vostre navegador d&#039;Internet, on apareix el nostre lloc web, veureu una icona de cadenat. Si feu clic al cadenat, obtindreu tota la informaci\u00f3 sobre la nostra seguretat. D&#039;aquesta manera sap que la seva comanda de Giovanni Vapozon D-20 Blanco i les seves dades personals es processen de manera segura.<\/p>\n<h2>Com puc pagar Giovanni Vapozon D-20 Blanco?<\/h2>\n<p>Volem fer-ho el m\u00e9s f\u00e0cil possible. Per aix\u00f2 a Salon For All podeu pagar amb tots els m\u00e8todes de pagament coneguts i habituals. Pagar per avan\u00e7at, al lliurament oa posteriori; tot \u00e9s possible. Vegeu aqu\u00ed tots els m\u00e8todes de pagament que oferim:<\/p>\n<ul>\n<li>iDEAL<\/li>\n<li>Targeta de cr\u00e8dit (Visa, Mastercard, American Express)<\/li>\n<li>Klarna \u2013 Pagament a posteriori amb factura<\/li>\n<li>PayPal<\/li>\n<li>Apple Pay<\/li>\n<li>Google Pay<\/li>\n<li>Bizum (per a clients espanyols)<\/li>\n<li>Transfer\u00e8ncia banc\u00e0ria SEPA<\/li>\n<li>Bancontact<\/li>\n<li>Factura comercial per a empreses<\/li>\n<li>Pagament al showroom \u2013 Tant targeta com efectiu (Nom\u00e9s disponible en recollida)<\/li>\n<\/ul>\n<h2>Consulteu tamb\u00e9 les ressenyes de Salon For All<\/h2>\n<p>Consulteu tamb\u00e9 les nostres ressenyes per tenir en compte les experi\u00e8ncies dels nostres clients actuals en la seva decisi\u00f3 de demanar Giovanni Vapozon D-20 Blanc amb nosaltres. A trav\u00e9s del nostre segell de qualitat independent de botiga en l\u00ednia Webwinkelkeur, es recopilen autom\u00e0ticament ressenyes verificades de clients que han completat una comanda amb nosaltres. Podeu trobar-les darrere del bot\u00f3 rosa a la nostra botiga online o apareixen llistades sota els productes.<\/p>\n<p>Compartiu tamb\u00e9 la seva experi\u00e8ncia despr\u00e9s de la seva compra amb la seva Giovanni Vapozon D-20 Blanc comanda i la seva experi\u00e8ncia amb el proc\u00e9s de compra o el contacte amb Salon For All per inspirar altres!<\/p>\n<h2>Contacte amb Salon For All<\/h2>\n<p>Contacteu-nos llavors. Estarem encantats d&#039;ajudar-vos amb l&#039;adquisici\u00f3 de Giovanni Vapozon D-20 Blanc. En dies feiners estem millor disponibles entre les 8.30 i les 17.00 hores a trav\u00e9s del n\u00famero de tel\u00e8fon i adre\u00e7a de correu electr\u00f2nic a la part superior de la botiga en l\u00ednia oa trav\u00e9s de la funci\u00f3 de xat. Les consultes fora de l&#039;horari d&#039;oficina se solen respondre en un termini de 24 hores. Tamb\u00e9 podeu visitar-nos fora dels dies laborables o horari d&#039;oficina. Per\u00f2 per aix\u00f2 cal concertar una cita pr\u00e8via.<\/p>\n<h2>Voleu visitar el nostre showroom?<\/h2>\n<p>Prefereix veure Giovanni Vapozon D-20 Blanc o rec\u00f3rrer la nostra oferta de la botiga (online) juntament amb el nostre col\u00b7lega? Aleshores visiteu el nostre showroom amb m\u00e9s de 1000m\u00b2 d&#039;equipament per a salons i deixeu-vos inspirar pels nostres empleats. Tamb\u00e9 si us agrada con\u00e8ixer-nos de manera agradable gaudint d&#039;una bona tassa de caf\u00e8 o te, \u00e9s molt benvingut. No tenim tots els productes en estoc, aix\u00ed que faci&#039;ns saber per endavant que voleu venir. Concerteu sempre una cita pr\u00e8via.<\/p>\n<h2>14 dies de reflexi\u00f3 i la nostra pol\u00edtica de devolucions<\/h2>\n<p>Per descomptat pot passar que Giovanni Vapozon D-20 Blanc lliurat no sigui completament del seu gust i vulgui tornar-lo. Aix\u00f2 no \u00e9s cap problema a Salon For All. Heu de notificar la vostra devoluci\u00f3 dins de 14 dies laborables a trav\u00e9s d&#039;info@salonforall.es. Aleshores rebr\u00e0 primer totes les instruccions i condicions de devoluci\u00f3. Tingueu en compte que Giovanni Vapozon D-20 Blanc no ha d&#039;haver estat usat, ha de contenir totes les parts subministrades i s&#039;ha de tornar empaquetat a l&#039;embalatge original. Els costos d&#039;enviament d&#039;una devoluci\u00f3 sempre s\u00f3n a c\u00e0rrec del comprador en compres a trav\u00e9s de www.salonforall.es. Heu d&#039;organitzar vost\u00e8 mateix un transport amb una empresa de transport de la seva elecci\u00f3 per a una devoluci\u00f3. Quan Giovanni Vapozon D-20 Blanco hagi estat retornat, es verificar\u00e0 la seva integritat i possibles danys. Quan la devoluci\u00f3 hagi estat aprovada, l&#039;import de la compra es reemborsar\u00e0 dins de 5 dies laborables al compte bancari que tenim registrat.<\/p>\n<h2>Qui \u00e9s Salon For All?<\/h2>\n<p>Salon For All \u00e9s EL majorista per a tot equipament de salons a Europa. Salon For All va comen\u00e7ar el 2003 sota el nom Salonvoordeel i va sorgir de la pr\u00e0ctica. Els propietaris de Salon For All eren perruquers i especialistes en bellesa experimentats i tenen plegats m\u00e9s de 30 anys d&#039;experi\u00e8ncia pr\u00e0ctica. El 2003 vam llan\u00e7ar Salonvoordeel.nl (Pa\u00efsos Baixos) i posteriorment es va fundar Salon For All per al mercat europeu. Alguns dels nostres empleats van iniciar el seu propi negoci i aix\u00ed va sorgir la idea de llan\u00e7ar una botiga online funcional per a perruquers i ajudar-los amb l&#039;equipament del sal\u00f3.<\/p>\n<p>El nostre showroom es troba a Dinxperlo, directament a la frontera entre els Pa\u00efsos Baixos i Alemanya. Amb la nostra \u00e0mplia experi\u00e8ncia en el sector us podem servir de mirall i proporcionar-vos l&#039;assessorament adequat. Parlem el mateix idioma! Us assessorem, inspirem, motivem i ajudem en l&#039;adquisici\u00f3 de Giovanni Vapozon D-20 Blanco. Els nostres prove\u00efdors s\u00f3n a tot Europa, des d&#039;Alemanya, Anglaterra, It\u00e0lia fins a Pol\u00f2nia.<\/p>","protected":false},"excerpt":{"rendered":"<p>El producte Giovanni Vapozon D-20 Blanco \u00e9s una soluci\u00f3 d\u00b4alta qualitat per a qualsevol sal\u00f3. El termini de lliurament estimat \u00e9s de 6 dies laborables aproximadament.<\/p>","protected":false},"featured_media":12753,"comment_status":"open","ping_status":"open","template":"","meta":[],"product_brand":[146],"product_cat":[137,147],"product_tag":[140,148],"class_list":{"0":"post-12752","1":"product","2":"type-product","3":"status-publish","4":"has-post-thumbnail","6":"product_brand-giovanni","7":"product_cat-dispositivos-cosmeticos","8":"product_cat-vaporizador","9":"product_tag-dispositivos-cosmeticos","10":"product_tag-vaporizador","11":"pa_codigo-ean-7759","12":"pa_garantia-12-meses","13":"pa_marca-giovanni","14":"pa_numero-de-articulo-5125","15":"pa_tiempo-estimado-de-entrega-4-5-dias-laborables","17":"first","18":"instock","19":"sale","20":"taxable","21":"shipping-taxable","22":"purchasable","23":"product-type-simple"},"yoast_head":"<!-- This site is optimized with the Yoast SEO plugin v27.6 - https:\/\/yoast.com\/product\/yoast-seo-wordpress\/ -->\n<title>Giovanni Vapozon D-20 Blanco comprar<\/title>\n<meta name=\"description\" content=\"Compra Giovanni Vapozon D-20 Blanco online o en el showroom en Salon For ALL Espa\u00f1a. El mayorista para salones, consultas y spas en Espa\u00f1a y Portugal.\" \/>\n<meta name=\"robots\" content=\"index, follow, max-snippet:-1, max-image-preview:large, max-video-preview:-1\" \/>\n<link rel=\"canonical\" href=\"https:\/\/salonforall.es\/ca\/giovanni-vapozon-d-20-blanc\/\" \/>\n<meta property=\"og:locale\" content=\"ca_ES\" \/>\n<meta property=\"og:type\" content=\"article\" \/>\n<meta property=\"og:title\" content=\"Giovanni Vapozon D-20 Blanco\" \/>\n<meta property=\"og:description\" content=\"Compra Giovanni Vapozon D-20 Blanco online o en el showroom en Salon For ALL Espa\u00f1a. El mayorista para salones, consultas y spas en Espa\u00f1a y Portugal.\" \/>\n<meta property=\"og:url\" content=\"https:\/\/salonforall.es\/ca\/giovanni-vapozon-d-20-blanc\/\" \/>\n<meta property=\"og:site_name\" content=\"Salon For ALL Espa\u00f1a\" \/>\n<meta property=\"article:modified_time\" content=\"2026-03-24T16:09:43+00:00\" \/>\n<meta property=\"og:image\" content=\"https:\/\/salonforall.es\/wp-content\/uploads\/2025\/12\/Giovanni-Vapozon-D-20-Blanco.jpg\" \/>\n\t<meta property=\"og:image:width\" content=\"1200\" \/>\n\t<meta property=\"og:image:height\" content=\"1200\" \/>\n\t<meta property=\"og:image:type\" content=\"image\/jpeg\" \/>\n<meta name=\"twitter:card\" content=\"summary_large_image\" \/>\n<meta name=\"twitter:title\" content=\"Giovanni Vapozon D-20 Blanco\" \/>\n<meta name=\"twitter:label1\" content=\"Temps estimat de lectura\" \/>\n\t<meta name=\"twitter:data1\" content=\"8 minuts\" \/>\n<script type=\"application\/ld+json\" class=\"yoast-schema-graph\">{\"@context\":\"https:\\\/\\\/schema.org\",\"@graph\":[{\"@type\":\"WebPage\",\"@id\":\"https:\\\/\\\/salonforall.es\\\/giovanni-vapozon-d-20-blanco\\\/\",\"url\":\"https:\\\/\\\/salonforall.es\\\/giovanni-vapozon-d-20-blanco\\\/\",\"name\":\"Giovanni Vapozon D-20 Blanco comprar\",\"isPartOf\":{\"@id\":\"https:\\\/\\\/salonforall.es\\\/#website\"},\"primaryImageOfPage\":{\"@id\":\"https:\\\/\\\/salonforall.es\\\/giovanni-vapozon-d-20-blanco\\\/#primaryimage\"},\"image\":{\"@id\":\"https:\\\/\\\/salonforall.es\\\/giovanni-vapozon-d-20-blanco\\\/#primaryimage\"},\"thumbnailUrl\":\"https:\\\/\\\/salonforall.es\\\/wp-content\\\/uploads\\\/2025\\\/12\\\/Giovanni-Vapozon-D-20-Blanco.jpg\",\"datePublished\":\"2025-12-02T12:53:20+00:00\",\"dateModified\":\"2026-03-24T16:09:43+00:00\",\"description\":\"Compra Giovanni Vapozon D-20 Blanco online o en el showroom en Salon For ALL Espa\u00f1a. El mayorista para salones, consultas y spas en Espa\u00f1a y Portugal.\",\"breadcrumb\":{\"@id\":\"https:\\\/\\\/salonforall.es\\\/giovanni-vapozon-d-20-blanco\\\/#breadcrumb\"},\"inLanguage\":\"ca\",\"potentialAction\":[{\"@type\":\"ReadAction\",\"target\":[\"https:\\\/\\\/salonforall.es\\\/giovanni-vapozon-d-20-blanco\\\/\"]}]},{\"@type\":\"ImageObject\",\"inLanguage\":\"ca\",\"@id\":\"https:\\\/\\\/salonforall.es\\\/giovanni-vapozon-d-20-blanco\\\/#primaryimage\",\"url\":\"https:\\\/\\\/salonforall.es\\\/wp-content\\\/uploads\\\/2025\\\/12\\\/Giovanni-Vapozon-D-20-Blanco.jpg\",\"contentUrl\":\"https:\\\/\\\/salonforall.es\\\/wp-content\\\/uploads\\\/2025\\\/12\\\/Giovanni-Vapozon-D-20-Blanco.jpg\",\"width\":1200,\"height\":1200,\"caption\":\"Giovanni Vapozon D-20 Blanco\"},{\"@type\":\"BreadcrumbList\",\"@id\":\"https:\\\/\\\/salonforall.es\\\/giovanni-vapozon-d-20-blanco\\\/#breadcrumb\",\"itemListElement\":[{\"@type\":\"ListItem\",\"position\":1,\"name\":\"Home\",\"item\":\"https:\\\/\\\/salonforall.es\\\/\"},{\"@type\":\"ListItem\",\"position\":2,\"name\":\"Winkel\",\"item\":\"https:\\\/\\\/salonforall.es\\\/winkel\\\/\"},{\"@type\":\"ListItem\",\"position\":3,\"name\":\"Giovanni Vapozon D-20 Blanco\"}]},{\"@type\":\"WebSite\",\"@id\":\"https:\\\/\\\/salonforall.es\\\/#website\",\"url\":\"https:\\\/\\\/salonforall.es\\\/\",\"name\":\"Salon For ALL Espa\u00f1a\",\"description\":\"Mayorista de mobiliario y suministros para consultorios y salones\",\"publisher\":{\"@id\":\"https:\\\/\\\/salonforall.es\\\/#organization\"},\"potentialAction\":[{\"@type\":\"SearchAction\",\"target\":{\"@type\":\"EntryPoint\",\"urlTemplate\":\"https:\\\/\\\/salonforall.es\\\/?s={search_term_string}\"},\"query-input\":{\"@type\":\"PropertyValueSpecification\",\"valueRequired\":true,\"valueName\":\"search_term_string\"}}],\"inLanguage\":\"ca\"},{\"@type\":\"Organization\",\"@id\":\"https:\\\/\\\/salonforall.es\\\/#organization\",\"name\":\"Salon For All B.V. Espa\u00f1a\",\"alternateName\":\"Salon For All B.V. Espa\u00f1a - Mayorista de equipamiento para consultas, salones y suministros\",\"url\":\"https:\\\/\\\/salonforall.es\\\/\",\"logo\":{\"@type\":\"ImageObject\",\"inLanguage\":\"ca\",\"@id\":\"https:\\\/\\\/salonforall.es\\\/#\\\/schema\\\/logo\\\/image\\\/\",\"url\":\"https:\\\/\\\/salonforall.es\\\/wp-content\\\/uploads\\\/2025\\\/11\\\/logo-salon-for-all-e1764543185849.png\",\"contentUrl\":\"https:\\\/\\\/salonforall.es\\\/wp-content\\\/uploads\\\/2025\\\/11\\\/logo-salon-for-all-e1764543185849.png\",\"width\":500,\"height\":150,\"caption\":\"Salon For All B.V. Espa\u00f1a\"},\"image\":{\"@id\":\"https:\\\/\\\/salonforall.es\\\/#\\\/schema\\\/logo\\\/image\\\/\"}}]}<\/script>\n<!-- \/ Yoast SEO plugin. -->","yoast_head_json":{"title":"Giovanni Vapozon D-20 Blanc comprar","description":"Compra Giovanni Vapozon D-20 Blanc online o al showroom a Salon For ALL Espanya. El majorista per a salons, consultes i spas a Espanya i Portugal.","robots":{"index":"index","follow":"follow","max-snippet":"max-snippet:-1","max-image-preview":"max-image-preview:large","max-video-preview":"max-video-preview:-1"},"canonical":"https:\/\/salonforall.es\/ca\/giovanni-vapozon-d-20-blanc\/","og_locale":"ca_ES","og_type":"article","og_title":"Giovanni Vapozon D-20 Blanco","og_description":"Compra Giovanni Vapozon D-20 Blanco online o en el showroom en Salon For ALL Espa\u00f1a. El mayorista para salones, consultas y spas en Espa\u00f1a y Portugal.","og_url":"https:\/\/salonforall.es\/ca\/giovanni-vapozon-d-20-blanc\/","og_site_name":"Salon For ALL Espa\u00f1a","article_modified_time":"2026-03-24T16:09:43+00:00","og_image":[{"width":1200,"height":1200,"url":"https:\/\/salonforall.es\/wp-content\/uploads\/2025\/12\/Giovanni-Vapozon-D-20-Blanco.jpg","type":"image\/jpeg"}],"twitter_card":"summary_large_image","twitter_title":"Giovanni Vapozon D-20 Blanco","twitter_misc":{"Temps estimat de lectura":"8 minuts"},"schema":{"@context":"https:\/\/schema.org","@graph":[{"@type":"WebPage","@id":"https:\/\/salonforall.es\/giovanni-vapozon-d-20-blanco\/","url":"https:\/\/salonforall.es\/giovanni-vapozon-d-20-blanco\/","name":"Giovanni Vapozon D-20 Blanc comprar","isPartOf":{"@id":"https:\/\/salonforall.es\/#website"},"primaryImageOfPage":{"@id":"https:\/\/salonforall.es\/giovanni-vapozon-d-20-blanco\/#primaryimage"},"image":{"@id":"https:\/\/salonforall.es\/giovanni-vapozon-d-20-blanco\/#primaryimage"},"thumbnailUrl":"https:\/\/salonforall.es\/wp-content\/uploads\/2025\/12\/Giovanni-Vapozon-D-20-Blanco.jpg","datePublished":"2025-12-02T12:53:20+00:00","dateModified":"2026-03-24T16:09:43+00:00","description":"Compra Giovanni Vapozon D-20 Blanc online o al showroom a Salon For ALL Espanya. El majorista per a salons, consultes i spas a Espanya i Portugal.","breadcrumb":{"@id":"https:\/\/salonforall.es\/giovanni-vapozon-d-20-blanco\/#breadcrumb"},"inLanguage":"ca","potentialAction":[{"@type":"ReadAction","target":["https:\/\/salonforall.es\/giovanni-vapozon-d-20-blanco\/"]}]},{"@type":"ImageObject","inLanguage":"ca","@id":"https:\/\/salonforall.es\/giovanni-vapozon-d-20-blanco\/#primaryimage","url":"https:\/\/salonforall.es\/wp-content\/uploads\/2025\/12\/Giovanni-Vapozon-D-20-Blanco.jpg","contentUrl":"https:\/\/salonforall.es\/wp-content\/uploads\/2025\/12\/Giovanni-Vapozon-D-20-Blanco.jpg","width":1200,"height":1200,"caption":"Giovanni Vapozon D-20 Blanco"},{"@type":"BreadcrumbList","@id":"https:\/\/salonforall.es\/giovanni-vapozon-d-20-blanco\/#breadcrumb","itemListElement":[{"@type":"ListItem","position":1,"name":"Home","item":"https:\/\/salonforall.es\/"},{"@type":"ListItem","position":2,"name":"Winkel","item":"https:\/\/salonforall.es\/winkel\/"},{"@type":"ListItem","position":3,"name":"Giovanni Vapozon D-20 Blanco"}]},{"@type":"WebSite","@id":"https:\/\/salonforall.es\/#website","url":"https:\/\/salonforall.es\/","name":"Salon For ALL Espanya","description":"Majorista de mobiliari i subministraments per a consultoris i salons","publisher":{"@id":"https:\/\/salonforall.es\/#organization"},"potentialAction":[{"@type":"SearchAction","target":{"@type":"EntryPoint","urlTemplate":"https:\/\/salonforall.es\/?s={search_term_string}"},"query-input":{"@type":"PropertyValueSpecification","valueRequired":true,"valueName":"search_term_string"}}],"inLanguage":"ca"},{"@type":"Organization","@id":"https:\/\/salonforall.es\/#organization","name":"Salon For All BV Espanya","alternateName":"Salon For All B.V. Espa\u00f1a - Mayorista de equipamiento para consultas, salones y suministros","url":"https:\/\/salonforall.es\/","logo":{"@type":"ImageObject","inLanguage":"ca","@id":"https:\/\/salonforall.es\/#\/schema\/logo\/image\/","url":"https:\/\/salonforall.es\/wp-content\/uploads\/2025\/11\/logo-salon-for-all-e1764543185849.png","contentUrl":"https:\/\/salonforall.es\/wp-content\/uploads\/2025\/11\/logo-salon-for-all-e1764543185849.png","width":500,"height":150,"caption":"Salon For All B.V. Espa\u00f1a"},"image":{"@id":"https:\/\/salonforall.es\/#\/schema\/logo\/image\/"}}]}},"_links":{"self":[{"href":"https:\/\/salonforall.es\/ca\/wp-json\/wp\/v2\/product\/12752","targetHints":{"allow":["GET"]}}],"collection":[{"href":"https:\/\/salonforall.es\/ca\/wp-json\/wp\/v2\/product"}],"about":[{"href":"https:\/\/salonforall.es\/ca\/wp-json\/wp\/v2\/types\/product"}],"replies":[{"embeddable":true,"href":"https:\/\/salonforall.es\/ca\/wp-json\/wp\/v2\/comments?post=12752"}],"wp:featuredmedia":[{"embeddable":true,"href":"https:\/\/salonforall.es\/ca\/wp-json\/wp\/v2\/media\/12753"}],"wp:attachment":[{"href":"https:\/\/salonforall.es\/ca\/wp-json\/wp\/v2\/media?parent=12752"}],"wp:term":[{"taxonomy":"product_brand","embeddable":true,"href":"https:\/\/salonforall.es\/ca\/wp-json\/wp\/v2\/product_brand?post=12752"},{"taxonomy":"product_cat","embeddable":true,"href":"https:\/\/salonforall.es\/ca\/wp-json\/wp\/v2\/product_cat?post=12752"},{"taxonomy":"product_tag","embeddable":true,"href":"https:\/\/salonforall.es\/ca\/wp-json\/wp\/v2\/product_tag?post=12752"}],"curies":[{"name":"wp","href":"https:\/\/api.w.org\/{rel}","templated":true}]}}