{"id":11742,"date":"2025-12-02T13:36:40","date_gmt":"2025-12-02T12:36:40","guid":{"rendered":"https:\/\/salonforall.es\/product\/lampara-de-tratamiento-de-pestanas-momo-mx6-negra\/"},"modified":"2026-03-24T17:06:03","modified_gmt":"2026-03-24T16:06:03","slug":"lampara-de-tratamiento-de-pestanas-momo-mx6-negra","status":"publish","type":"product","link":"https:\/\/salonforall.es\/ca\/lampara-de-tratamiento-de-pestanas-momo-mx6-negra\/","title":{"rendered":"L\u00e0mpada De Tractament De Pestanyes Momo Mx6 Negra"},"content":{"rendered":"<h2>Informaci\u00f3n sobre L\u00e1mpara De Tratamiento De Pesta\u00f1as Momo Mx6 Negra con n\u00famero de art\u00edculo 146662<\/h2>\n<p><strong>Momo<\/strong> fabrica excel\u00b7lents accessoris per a manicura, incloent absorbidors de pols o pr\u00e0ctics suports. Aquests productes s\u00f3n perfectes per treballar tot el dia. La seva \u00e0mplia gamma de models i solucions pr\u00e0ctiques satisfaran els usuaris m\u00e9s exigents.<\/p>\n<p><img decoding=\"async\" src=\"https:\/\/activeshop.com.pl\/media\/wysiwyg\/product\/146662\/EN_146662_1.jpg\"><\/p>\n<h2><strong>Llum cosm\u00e8tic sense ombres<\/strong><\/h2>\n<p><strong>La l\u00e1mpara de tratamiento MOMO MX6<\/strong>, amb el seu exclusiu cap\u00e7al en forma d&#039;arc, <strong>proporciona una excel\u00b7lent il\u00b7luminaci\u00f3<\/strong> durant tractaments que requereixen precisi\u00f3. \u00c9s ideal per a qualsevol sal\u00f3 especialitzat, on <strong>la llum adequada pot influir significativament<\/strong> en la qualitat dels serveis. Perfecte per a extensions o engrossiment de pestanyes, tatuatges, tractaments de bellesa o maquillatge, tamb\u00e9 \u00e9s ideal per fer fotos o gravar v\u00eddeos.<\/p>\n<p><img decoding=\"async\" src=\"https:\/\/activeshop.com.pl\/media\/wysiwyg\/product\/146662\/EN_146662_2.jpg\"><\/p>\n<h2><strong>Cap\u00e7al giratori i corb<\/strong><\/h2>\n<p>La forma distintiva del cap\u00e7al del llum no nom\u00e9s ofereix un disseny atractiu, sin\u00f3 tamb\u00e9 una gran funcionalitat. El perfil ample i espec\u00edficament corbat, amb d\u00edodes LED, proporciona una il\u00b7luminaci\u00f3 sense ombres a la zona de tractament, garantint la comoditat durant l&#039;aplicaci\u00f3. Tamb\u00e9 \u00e9s perfecte per fotografiar-ne els efectes, exposant-los amb precisi\u00f3. La superf\u00edcie semitransparent del panell difon la llum, evitant que el llum enlluerni. Gr\u00e0cies als par\u00e0metres adequats ia la possibilitat d&#039;ajustar el color i la intensitat de la llum, el llum ofereix una reproducci\u00f3 excel\u00b7lent dels colors, evitant la fatiga visual, fins i tot durant treballs prolongats. A m\u00e9s, el cap\u00e7al giratori amb ampli rang de moviment permet ajustar la il\u00b7luminaci\u00f3 a les prefer\u00e8ncies.<\/p>\n<p><img decoding=\"async\" src=\"https:\/\/activeshop.com.pl\/media\/wysiwyg\/product\/146662\/EN_146662_3.jpg\"><\/p>\n<h2><strong>Ampli rang d&#039;ajust<\/strong><\/h2>\n<p>El suport s&#039;ajusta f\u00e0cilment entre 140 i 180 cm mitjan\u00e7ant un cargol de bloqueig al bra\u00e7. Aix\u00f2 permet ajustar la posici\u00f3 del cap\u00e7al per adaptar-lo a les necessitats individuals ia diferents tipus de butaques, butaques reclinables o lliteres de tractament, alhora que il\u00b7lumina perfectament l&#039;espai de treball. El color i la intensitat de la llum es poden ajustar gradualment mitjan\u00e7ant comandaments a dist\u00e0ncia: un es troba al costat del llum, cosa que la mant\u00e9 sempre a m\u00e0 durant el treball; el segon permet controlar la configuraci\u00f3 a dist\u00e0ncia.<\/p>\n<p><img decoding=\"async\" src=\"https:\/\/activeshop.com.pl\/media\/wysiwyg\/product\/146662\/EN_146662_4.jpg\"><\/p>\n<h2><strong>Personalitzaci\u00f3 per a necessitats individuals<\/strong><\/h2>\n<p>L&#039;ajust dels modes de temperatura de color t\u00e9 7 nivells, mentre que la intensitat de la llum pot assolir fins a 11. Aix\u00f2 ofereix grans possibilitats per personalitzar la il\u00b7luminaci\u00f3 segons les necessitats individuals. Tamb\u00e9 cal destacar el considerable potencial que ofereixen el cap\u00e7al m\u00f2bil i el bra\u00e7 de suport, que poden girar completament. Tot i aix\u00f2, cal recordar que el llum assoleix la seva m\u00e0xima estabilitat quan est\u00e0 inclinada sobre la base.<\/p>\n<p><img decoding=\"async\" src=\"https:\/\/activeshop.com.pl\/media\/wysiwyg\/product\/146662\/EN_146662_5.jpg\"><\/p>\n<h2><strong>Comoditat per compartir els resultats del treball<\/strong><\/h2>\n<p>El set inclou un suport per a tel\u00e8fon que permet documentar est\u00e8ticament els resultats de la feina i garantir l&#039;estabilitat de l&#039;enquadrament. Tamb\u00e9 permet gravar v\u00eddeos mentre es fan serveis per compartir-los posteriorment en xarxes socials. El suport es pot col\u00b7locar en diversos punts del suport, cosa que permet obtenir una varietat de fotos interessants. Funcionar\u00e0 b\u00e9 amb molts models de tel\u00e8fons gr\u00e0cies al vostre <strong>ampli ajustament d&#039;abra\u00e7adora<\/strong>.<\/p>\n<h2><strong>Disseny elegant i funcionalitat<\/strong><\/h2>\n<p>La forma simple i el <strong>estil modern i minimalista<\/strong> del prestatge en un <strong>to cl\u00e0ssic<\/strong> de negro har\u00e1n que la l\u00e1mpara de pie se vea genial en casi cualquier interior. La base s\u00f3lida y plana permite colocar la iluminaci\u00f3n c\u00f3modamente en el lugar de trabajo. Las dimensiones detalladas se muestran en la foto. Atenci\u00f3n: Lea atentamente las instrucciones antes de usar y monte el producto correctamente. El conjunto incluye: l\u00e1mpara, fuente de alimentaci\u00f3n y cable de alimentaci\u00f3n, componentes de rack con base, instrucciones, soporte para tel\u00e9fono, control remoto inal\u00e1mbrico y estuche de transporte. Datos: Voltaje de entrada: 110-240 V. Potencia: 36 W. Color de la luz: 3200-5600 K. IRC: RA > 90. Flujo luminoso: 2800 LM. Color del marco: tonos negros. Garant\u00eda: un a\u00f1o.<\/p>\n<p>Los productos Activeshop son proporcionalmente m\u00e1s econ\u00f3micos que muchas otras marcas\/proveedores. El precio est\u00e1 en relaci\u00f3n con la calidad. L\u00e1mpara De Tratamiento De Pesta\u00f1as Momo Mx6 Negra es por lo tanto una soluci\u00f3n accesible para su sal\u00f3n.<\/p>\n<h2>\u00bfC\u00f3mo se entrega L\u00e1mpara De Tratamiento De Pesta\u00f1as Momo Mx6 Negra?<\/h2>\n<p>L\u00e1mpara De Tratamiento De Pesta\u00f1as Momo Mx6 Negra se entrega en embalaje(s) original(es). Dentro de Espa\u00f1a el env\u00edo de L\u00e1mpara De Tratamiento De Pesta\u00f1as Momo Mx6 Negra es completamente gratuito para pedidos a partir de 100,- euros. Para env\u00edos a otros pa\u00edses se aplican tarifas de env\u00edo separadas. Puede consultar estas tarifas con nosotros o verlas en el carrito de compra. L\u00e1mpara De Tratamiento De Pesta\u00f1as Momo Mx6 Negra se env\u00eda a trav\u00e9s de un servicio de mensajer\u00eda externo.<\/p>\n<p>Els paquets o palets es lliuren de forma est\u00e0ndard fins al llindar de la porta principal, fins i tot si est\u00e0 ubicat en un edifici col\u00b7lectiu, edifici d&#039;apartaments o complex d&#039;apartaments amb ascensor (sempre que l&#039;article c\u00e0piga a l&#039;ascensor). No hi ha ascensor disponible o l&#039;article no hi cap a l&#039;ascensor? Aleshores lliurem fins al llindar de la planta baixa.<\/p>\n<p>Encara teniu preguntes sobre el lliurament o una situaci\u00f3 especial? Contacti&#039;ns i estarem encantats d&#039;ajudar-lo!<\/p>\n<p>*Els articles no es desembalen ni munten de forma est\u00e0ndard. En situacions especials ens pot contactar per fer acords sobre aix\u00f2.<\/p>\n<h2>Compra en l\u00ednia segura a Salon For All amb el segell de qualitat Webwinkelkeur i xifrat SSL<\/h2>\n<p>Es importante para nosotros que nuestros clientes puedan comprar de forma segura en nuestra tienda online. Estamos afiliados al sello de calidad nacional Webwinkelkeur desde 2019. Nuestra identidad ha sido verificada y comprobada por ellos, y la tienda online ha sido revisada y aprobada legalmente. Adem\u00e1s, nuestra tienda online est\u00e1 afiliada a ellos para la mediaci\u00f3n de conflictos. Puede ver la insignia con toda la informaci\u00f3n de este sello de calidad de tienda online en el lado izquierdo o derecho de la tienda online (bot\u00f3n rosa con blanco). Adem\u00e1s, nuestro sitio est\u00e1 protegido con un certificado SSL para que pueda navegar de forma segura con nosotros. En la barra de su navegador de Internet, donde aparece nuestro sitio web, ver\u00e1 un icono de candado. Si hace clic en el candado, obtendr\u00e1 toda la informaci\u00f3n sobre nuestra seguridad. De esta manera sabe que su pedido de L\u00e1mpara De Tratamiento De Pesta\u00f1as Momo Mx6 Negra y sus datos personales se procesan de forma segura.<\/p>\n<h2>\u00bfC\u00f3mo puedo pagar L\u00e1mpara De Tratamiento De Pesta\u00f1as Momo Mx6 Negra?<\/h2>\n<p>Volem fer-ho el m\u00e9s f\u00e0cil possible. Per aix\u00f2 a Salon For All podeu pagar amb tots els m\u00e8todes de pagament coneguts i habituals. Pagar per avan\u00e7at, al lliurament oa posteriori; tot \u00e9s possible. Vegeu aqu\u00ed tots els m\u00e8todes de pagament que oferim:<\/p>\n<ul>\n<li>iDEAL<\/li>\n<li>Targeta de cr\u00e8dit (Visa, Mastercard, American Express)<\/li>\n<li>Klarna \u2013 Pagament a posteriori amb factura<\/li>\n<li>PayPal<\/li>\n<li>Apple Pay<\/li>\n<li>Google Pay<\/li>\n<li>Bizum (per a clients espanyols)<\/li>\n<li>Transfer\u00e8ncia banc\u00e0ria SEPA<\/li>\n<li>Bancontact<\/li>\n<li>Factura comercial per a empreses<\/li>\n<li>Pagament al showroom \u2013 Tant targeta com efectiu (Nom\u00e9s disponible en recollida)<\/li>\n<\/ul>\n<h2>Consulteu tamb\u00e9 les ressenyes de Salon For All<\/h2>\n<p>Consulte tambi\u00e9n nuestras rese\u00f1as para tener en cuenta las experiencias de nuestros clientes actuales en su decisi\u00f3n de pedir L\u00e1mpara De Tratamiento De Pesta\u00f1as Momo Mx6 Negra con nosotros. A trav\u00e9s de nuestro sello de calidad independiente de tienda online Webwinkelkeur, se recopilan autom\u00e1ticamente rese\u00f1as verificadas de clientes que han completado un pedido con nosotros. Puede encontrarlas detr\u00e1s del bot\u00f3n rosa en nuestra tienda online o aparecen listadas debajo de los productos.<\/p>\n<p>\u00a1Comparta tambi\u00e9n su experiencia despu\u00e9s de su compra con su L\u00e1mpara De Tratamiento De Pesta\u00f1as Momo Mx6 Negra pedido y su experiencia con el proceso de compra o el contacto con Salon For All para inspirar a otros!<\/p>\n<h2>Contacte amb Salon For All<\/h2>\n<p>Cont\u00e1ctenos entonces. Estaremos encantados de ayudarle con la adquisici\u00f3n de L\u00e1mpara De Tratamiento De Pesta\u00f1as Momo Mx6 Negra. En d\u00edas laborables estamos mejor disponibles entre las 8.30 y las 17.00 horas a trav\u00e9s del n\u00famero de tel\u00e9fono y direcci\u00f3n de correo electr\u00f3nico en la parte superior de la tienda online o a trav\u00e9s de la funci\u00f3n de chat. Las consultas fuera del horario de oficina suelen responderse en un plazo de 24 horas. Tambi\u00e9n es posible visitarnos fuera de los d\u00edas laborables u horario de oficina. Pero para ello es necesario concertar una cita previa.<\/p>\n<h2>Voleu visitar el nostre showroom?<\/h2>\n<p>\u00bfPrefiere ver L\u00e1mpara De Tratamiento De Pesta\u00f1as Momo Mx6 Negra o recorrer nuestra oferta de la tienda (online) junto con nuestro colega? Entonces visite nuestro showroom con m\u00e1s de 1000m\u00b2 de equipamiento para salones y d\u00e9jese inspirar por nuestros empleados. Tambi\u00e9n si le gusta conocernos de manera agradable disfrutando de una buena taza de caf\u00e9 o t\u00e9, es muy bienvenido. No tenemos todos los productos en stock, as\u00ed que h\u00e1ganos saber de antemano que desea venir. Concierte siempre una cita previa.<\/p>\n<h2>14 dies de reflexi\u00f3 i la nostra pol\u00edtica de devolucions<\/h2>\n<p>Por supuesto puede ocurrir que L\u00e1mpara De Tratamiento De Pesta\u00f1as Momo Mx6 Negra entregado no sea completamente de su agrado y desee devolverlo. Eso no es ning\u00fan problema en Salon For All. Debe notificar su devoluci\u00f3n dentro de 14 d\u00edas laborables a trav\u00e9s de info@salonforall.es. Entonces recibir\u00e1 primero todas las instrucciones y condiciones de devoluci\u00f3n. Tenga en cuenta que L\u00e1mpara De Tratamiento De Pesta\u00f1as Momo Mx6 Negra no debe haber sido usado, debe contener todas las partes suministradas y debe devolverse empaquetado en el embalaje original. Los costos de env\u00edo de una devoluci\u00f3n son siempre a cargo del comprador en compras a trav\u00e9s de www.salonforall.es. Debe organizar usted mismo un transporte con una empresa de transporte de su elecci\u00f3n para una devoluci\u00f3n. Una vez que L\u00e1mpara De Tratamiento De Pesta\u00f1as Momo Mx6 Negra haya sido devuelto, se verificar\u00e1 su integridad y posibles da\u00f1os. Una vez que la devoluci\u00f3n haya sido aprobada, el importe de la compra se reembolsar\u00e1 dentro de 5 d\u00edas laborables a la cuenta bancaria que tenemos registrada.<\/p>\n<h2>Qui \u00e9s Salon For All?<\/h2>\n<p>Salon For All \u00e9s EL majorista per a tot equipament de salons a Europa. Salon For All va comen\u00e7ar el 2003 sota el nom Salonvoordeel i va sorgir de la pr\u00e0ctica. Els propietaris de Salon For All eren perruquers i especialistes en bellesa experimentats i tenen plegats m\u00e9s de 30 anys d&#039;experi\u00e8ncia pr\u00e0ctica. El 2003 vam llan\u00e7ar Salonvoordeel.nl (Pa\u00efsos Baixos) i posteriorment es va fundar Salon For All per al mercat europeu. Alguns dels nostres empleats van iniciar el seu propi negoci i aix\u00ed va sorgir la idea de llan\u00e7ar una botiga online funcional per a perruquers i ajudar-los amb l&#039;equipament del sal\u00f3.<\/p>\n<p>Nuestro showroom se encuentra en Dinxperlo, directamente en la frontera entre los Pa\u00edses Bajos y Alemania. Con nuestra amplia experiencia en el sector podemos servirle de espejo y proporcionarle el asesoramiento adecuado. \u00a1Hablamos el mismo idioma! Le asesoramos, inspiramos, motivamos y ayudamos en la adquisici\u00f3n de L\u00e1mpara De Tratamiento De Pesta\u00f1as Momo Mx6 Negra. Nuestros proveedores se encuentran en toda Europa, desde Alemania, Inglaterra, Italia hasta Polonia.<\/p>","protected":false},"excerpt":{"rendered":"<p>El producte L\u00e0mpada De Tractament De Pestanyes Momo Mx6 Negra \u00e9s una soluci\u00f3 d&#039;alta qualitat per a qualsevol sal\u00f3. El termini de lliurament estimat \u00e9s de 6 dies laborables aproximadament.<\/p>","protected":false},"featured_media":11743,"comment_status":"open","ping_status":"open","template":"","meta":[],"product_brand":[640],"product_cat":[855,873,874],"product_tag":[858,141,875],"class_list":{"0":"post-11742","1":"product","2":"type-product","3":"status-publish","4":"has-post-thumbnail","6":"product_brand-glow","7":"product_cat-aparatos-cosmeticos","8":"product_cat-lamparas-cosmeticas-aparatos-cosmeticos","9":"product_cat-lamparas-de-anillo-y-otras-lamparas-de-maquillaje","10":"product_tag-aparatos-cosmeticos","11":"product_tag-lamparas-cosmeticas","12":"product_tag-lamparas-de-anillo-y-otras-lamparas-de-maquillaje","13":"pa_codigo-ean-7759","14":"pa_garantia-12-meses","15":"pa_marca-glow","16":"pa_numero-de-articulo-4769","17":"pa_tiempo-estimado-de-entrega-4-5-dias-laborables","19":"first","20":"instock","21":"sale","22":"taxable","23":"shipping-taxable","24":"purchasable","25":"product-type-simple"},"yoast_head":"<!-- This site is optimized with the Yoast SEO plugin v27.6 - https:\/\/yoast.com\/product\/yoast-seo-wordpress\/ -->\n<title>L\u00e1mpara De Tratamiento De Pesta\u00f1as Momo Mx6 Negra comprar<\/title>\n<meta name=\"description\" content=\"Compra L\u00e1mpara De Tratamiento De Pesta\u00f1as Momo Mx6 Negra online o en el showroom en Salon For ALL Espa\u00f1a. El mayorista para salones, consultas y spas en Espa\u00f1a y Portugal.\" \/>\n<meta name=\"robots\" content=\"index, follow, max-snippet:-1, max-image-preview:large, max-video-preview:-1\" \/>\n<link rel=\"canonical\" href=\"https:\/\/salonforall.es\/ca\/lampara-de-tratamiento-de-pestanas-momo-mx6-negra\/\" \/>\n<meta property=\"og:locale\" content=\"ca_ES\" \/>\n<meta property=\"og:type\" content=\"article\" \/>\n<meta property=\"og:title\" content=\"L\u00e1mpara De Tratamiento De Pesta\u00f1as Momo Mx6 Negra\" \/>\n<meta property=\"og:description\" content=\"Compra L\u00e1mpara De Tratamiento De Pesta\u00f1as Momo Mx6 Negra online o en el showroom en Salon For ALL Espa\u00f1a. El mayorista para salones, consultas y spas en Espa\u00f1a y Portugal.\" \/>\n<meta property=\"og:url\" content=\"https:\/\/salonforall.es\/ca\/lampara-de-tratamiento-de-pestanas-momo-mx6-negra\/\" \/>\n<meta property=\"og:site_name\" content=\"Salon For ALL Espa\u00f1a\" \/>\n<meta property=\"article:modified_time\" content=\"2026-03-24T16:06:03+00:00\" \/>\n<meta property=\"og:image\" content=\"https:\/\/salonforall.es\/wp-content\/uploads\/2025\/12\/Lampara-De-Tratamiento-De-Pestanas-Momo-Mx6-Negra.jpg\" \/>\n\t<meta property=\"og:image:width\" content=\"1200\" \/>\n\t<meta property=\"og:image:height\" content=\"1200\" \/>\n\t<meta property=\"og:image:type\" content=\"image\/jpeg\" \/>\n<meta name=\"twitter:card\" content=\"summary_large_image\" \/>\n<meta name=\"twitter:title\" content=\"L\u00e1mpara De Tratamiento De Pesta\u00f1as Momo Mx6 Negra\" \/>\n<meta name=\"twitter:label1\" content=\"Temps estimat de lectura\" \/>\n\t<meta name=\"twitter:data1\" content=\"10 minuts\" \/>\n<script type=\"application\/ld+json\" class=\"yoast-schema-graph\">{\"@context\":\"https:\\\/\\\/schema.org\",\"@graph\":[{\"@type\":\"WebPage\",\"@id\":\"https:\\\/\\\/salonforall.es\\\/lampara-de-tratamiento-de-pestanas-momo-mx6-negra\\\/\",\"url\":\"https:\\\/\\\/salonforall.es\\\/lampara-de-tratamiento-de-pestanas-momo-mx6-negra\\\/\",\"name\":\"L\u00e1mpara De Tratamiento De Pesta\u00f1as Momo Mx6 Negra comprar\",\"isPartOf\":{\"@id\":\"https:\\\/\\\/salonforall.es\\\/#website\"},\"primaryImageOfPage\":{\"@id\":\"https:\\\/\\\/salonforall.es\\\/lampara-de-tratamiento-de-pestanas-momo-mx6-negra\\\/#primaryimage\"},\"image\":{\"@id\":\"https:\\\/\\\/salonforall.es\\\/lampara-de-tratamiento-de-pestanas-momo-mx6-negra\\\/#primaryimage\"},\"thumbnailUrl\":\"https:\\\/\\\/salonforall.es\\\/wp-content\\\/uploads\\\/2025\\\/12\\\/Lampara-De-Tratamiento-De-Pestanas-Momo-Mx6-Negra.jpg\",\"datePublished\":\"2025-12-02T12:36:40+00:00\",\"dateModified\":\"2026-03-24T16:06:03+00:00\",\"description\":\"Compra L\u00e1mpara De Tratamiento De Pesta\u00f1as Momo Mx6 Negra online o en el showroom en Salon For ALL Espa\u00f1a. El mayorista para salones, consultas y spas en Espa\u00f1a y Portugal.\",\"breadcrumb\":{\"@id\":\"https:\\\/\\\/salonforall.es\\\/lampara-de-tratamiento-de-pestanas-momo-mx6-negra\\\/#breadcrumb\"},\"inLanguage\":\"ca\",\"potentialAction\":[{\"@type\":\"ReadAction\",\"target\":[\"https:\\\/\\\/salonforall.es\\\/lampara-de-tratamiento-de-pestanas-momo-mx6-negra\\\/\"]}]},{\"@type\":\"ImageObject\",\"inLanguage\":\"ca\",\"@id\":\"https:\\\/\\\/salonforall.es\\\/lampara-de-tratamiento-de-pestanas-momo-mx6-negra\\\/#primaryimage\",\"url\":\"https:\\\/\\\/salonforall.es\\\/wp-content\\\/uploads\\\/2025\\\/12\\\/Lampara-De-Tratamiento-De-Pestanas-Momo-Mx6-Negra.jpg\",\"contentUrl\":\"https:\\\/\\\/salonforall.es\\\/wp-content\\\/uploads\\\/2025\\\/12\\\/Lampara-De-Tratamiento-De-Pestanas-Momo-Mx6-Negra.jpg\",\"width\":1200,\"height\":1200,\"caption\":\"L\u00e1mpara De Tratamiento De Pesta\u00f1as Momo Mx6 Negra\"},{\"@type\":\"BreadcrumbList\",\"@id\":\"https:\\\/\\\/salonforall.es\\\/lampara-de-tratamiento-de-pestanas-momo-mx6-negra\\\/#breadcrumb\",\"itemListElement\":[{\"@type\":\"ListItem\",\"position\":1,\"name\":\"Home\",\"item\":\"https:\\\/\\\/salonforall.es\\\/\"},{\"@type\":\"ListItem\",\"position\":2,\"name\":\"Winkel\",\"item\":\"https:\\\/\\\/salonforall.es\\\/winkel\\\/\"},{\"@type\":\"ListItem\",\"position\":3,\"name\":\"L\u00e1mpara De Tratamiento De Pesta\u00f1as Momo Mx6 Negra\"}]},{\"@type\":\"WebSite\",\"@id\":\"https:\\\/\\\/salonforall.es\\\/#website\",\"url\":\"https:\\\/\\\/salonforall.es\\\/\",\"name\":\"Salon For ALL Espa\u00f1a\",\"description\":\"Mayorista de mobiliario y suministros para consultorios y salones\",\"publisher\":{\"@id\":\"https:\\\/\\\/salonforall.es\\\/#organization\"},\"potentialAction\":[{\"@type\":\"SearchAction\",\"target\":{\"@type\":\"EntryPoint\",\"urlTemplate\":\"https:\\\/\\\/salonforall.es\\\/?s={search_term_string}\"},\"query-input\":{\"@type\":\"PropertyValueSpecification\",\"valueRequired\":true,\"valueName\":\"search_term_string\"}}],\"inLanguage\":\"ca\"},{\"@type\":\"Organization\",\"@id\":\"https:\\\/\\\/salonforall.es\\\/#organization\",\"name\":\"Salon For All B.V. Espa\u00f1a\",\"alternateName\":\"Salon For All B.V. Espa\u00f1a - Mayorista de equipamiento para consultas, salones y suministros\",\"url\":\"https:\\\/\\\/salonforall.es\\\/\",\"logo\":{\"@type\":\"ImageObject\",\"inLanguage\":\"ca\",\"@id\":\"https:\\\/\\\/salonforall.es\\\/#\\\/schema\\\/logo\\\/image\\\/\",\"url\":\"https:\\\/\\\/salonforall.es\\\/wp-content\\\/uploads\\\/2025\\\/11\\\/logo-salon-for-all-e1764543185849.png\",\"contentUrl\":\"https:\\\/\\\/salonforall.es\\\/wp-content\\\/uploads\\\/2025\\\/11\\\/logo-salon-for-all-e1764543185849.png\",\"width\":500,\"height\":150,\"caption\":\"Salon For All B.V. Espa\u00f1a\"},\"image\":{\"@id\":\"https:\\\/\\\/salonforall.es\\\/#\\\/schema\\\/logo\\\/image\\\/\"}}]}<\/script>\n<!-- \/ Yoast SEO plugin. -->","yoast_head_json":{"title":"L\u00e1mpara De Tratamiento De Pesta\u00f1as Momo Mx6 Negra comprar","description":"Compra L\u00e1mpara De Tratamiento De Pesta\u00f1as Momo Mx6 Negra online o en el showroom en Salon For ALL Espa\u00f1a. El mayorista para salones, consultas y spas en Espa\u00f1a y Portugal.","robots":{"index":"index","follow":"follow","max-snippet":"max-snippet:-1","max-image-preview":"max-image-preview:large","max-video-preview":"max-video-preview:-1"},"canonical":"https:\/\/salonforall.es\/ca\/lampara-de-tratamiento-de-pestanas-momo-mx6-negra\/","og_locale":"ca_ES","og_type":"article","og_title":"L\u00e1mpara De Tratamiento De Pesta\u00f1as Momo Mx6 Negra","og_description":"Compra L\u00e1mpara De Tratamiento De Pesta\u00f1as Momo Mx6 Negra online o en el showroom en Salon For ALL Espa\u00f1a. El mayorista para salones, consultas y spas en Espa\u00f1a y Portugal.","og_url":"https:\/\/salonforall.es\/ca\/lampara-de-tratamiento-de-pestanas-momo-mx6-negra\/","og_site_name":"Salon For ALL Espa\u00f1a","article_modified_time":"2026-03-24T16:06:03+00:00","og_image":[{"width":1200,"height":1200,"url":"https:\/\/salonforall.es\/wp-content\/uploads\/2025\/12\/Lampara-De-Tratamiento-De-Pestanas-Momo-Mx6-Negra.jpg","type":"image\/jpeg"}],"twitter_card":"summary_large_image","twitter_title":"L\u00e1mpara De Tratamiento De Pesta\u00f1as Momo Mx6 Negra","twitter_misc":{"Temps estimat de lectura":"10 minuts"},"schema":{"@context":"https:\/\/schema.org","@graph":[{"@type":"WebPage","@id":"https:\/\/salonforall.es\/lampara-de-tratamiento-de-pestanas-momo-mx6-negra\/","url":"https:\/\/salonforall.es\/lampara-de-tratamiento-de-pestanas-momo-mx6-negra\/","name":"L\u00e1mpara De Tratamiento De Pesta\u00f1as Momo Mx6 Negra comprar","isPartOf":{"@id":"https:\/\/salonforall.es\/#website"},"primaryImageOfPage":{"@id":"https:\/\/salonforall.es\/lampara-de-tratamiento-de-pestanas-momo-mx6-negra\/#primaryimage"},"image":{"@id":"https:\/\/salonforall.es\/lampara-de-tratamiento-de-pestanas-momo-mx6-negra\/#primaryimage"},"thumbnailUrl":"https:\/\/salonforall.es\/wp-content\/uploads\/2025\/12\/Lampara-De-Tratamiento-De-Pestanas-Momo-Mx6-Negra.jpg","datePublished":"2025-12-02T12:36:40+00:00","dateModified":"2026-03-24T16:06:03+00:00","description":"Compra L\u00e1mpara De Tratamiento De Pesta\u00f1as Momo Mx6 Negra online o en el showroom en Salon For ALL Espa\u00f1a. El mayorista para salones, consultas y spas en Espa\u00f1a y Portugal.","breadcrumb":{"@id":"https:\/\/salonforall.es\/lampara-de-tratamiento-de-pestanas-momo-mx6-negra\/#breadcrumb"},"inLanguage":"ca","potentialAction":[{"@type":"ReadAction","target":["https:\/\/salonforall.es\/lampara-de-tratamiento-de-pestanas-momo-mx6-negra\/"]}]},{"@type":"ImageObject","inLanguage":"ca","@id":"https:\/\/salonforall.es\/lampara-de-tratamiento-de-pestanas-momo-mx6-negra\/#primaryimage","url":"https:\/\/salonforall.es\/wp-content\/uploads\/2025\/12\/Lampara-De-Tratamiento-De-Pestanas-Momo-Mx6-Negra.jpg","contentUrl":"https:\/\/salonforall.es\/wp-content\/uploads\/2025\/12\/Lampara-De-Tratamiento-De-Pestanas-Momo-Mx6-Negra.jpg","width":1200,"height":1200,"caption":"L\u00e1mpara De Tratamiento De Pesta\u00f1as Momo Mx6 Negra"},{"@type":"BreadcrumbList","@id":"https:\/\/salonforall.es\/lampara-de-tratamiento-de-pestanas-momo-mx6-negra\/#breadcrumb","itemListElement":[{"@type":"ListItem","position":1,"name":"Home","item":"https:\/\/salonforall.es\/"},{"@type":"ListItem","position":2,"name":"Winkel","item":"https:\/\/salonforall.es\/winkel\/"},{"@type":"ListItem","position":3,"name":"L\u00e1mpara De Tratamiento De Pesta\u00f1as Momo Mx6 Negra"}]},{"@type":"WebSite","@id":"https:\/\/salonforall.es\/#website","url":"https:\/\/salonforall.es\/","name":"Salon For ALL Espanya","description":"Majorista de mobiliari i subministraments per a consultoris i salons","publisher":{"@id":"https:\/\/salonforall.es\/#organization"},"potentialAction":[{"@type":"SearchAction","target":{"@type":"EntryPoint","urlTemplate":"https:\/\/salonforall.es\/?s={search_term_string}"},"query-input":{"@type":"PropertyValueSpecification","valueRequired":true,"valueName":"search_term_string"}}],"inLanguage":"ca"},{"@type":"Organization","@id":"https:\/\/salonforall.es\/#organization","name":"Salon For All BV Espanya","alternateName":"Salon For All B.V. Espa\u00f1a - Mayorista de equipamiento para consultas, salones y suministros","url":"https:\/\/salonforall.es\/","logo":{"@type":"ImageObject","inLanguage":"ca","@id":"https:\/\/salonforall.es\/#\/schema\/logo\/image\/","url":"https:\/\/salonforall.es\/wp-content\/uploads\/2025\/11\/logo-salon-for-all-e1764543185849.png","contentUrl":"https:\/\/salonforall.es\/wp-content\/uploads\/2025\/11\/logo-salon-for-all-e1764543185849.png","width":500,"height":150,"caption":"Salon For All B.V. Espa\u00f1a"},"image":{"@id":"https:\/\/salonforall.es\/#\/schema\/logo\/image\/"}}]}},"_links":{"self":[{"href":"https:\/\/salonforall.es\/ca\/wp-json\/wp\/v2\/product\/11742","targetHints":{"allow":["GET"]}}],"collection":[{"href":"https:\/\/salonforall.es\/ca\/wp-json\/wp\/v2\/product"}],"about":[{"href":"https:\/\/salonforall.es\/ca\/wp-json\/wp\/v2\/types\/product"}],"replies":[{"embeddable":true,"href":"https:\/\/salonforall.es\/ca\/wp-json\/wp\/v2\/comments?post=11742"}],"wp:featuredmedia":[{"embeddable":true,"href":"https:\/\/salonforall.es\/ca\/wp-json\/wp\/v2\/media\/11743"}],"wp:attachment":[{"href":"https:\/\/salonforall.es\/ca\/wp-json\/wp\/v2\/media?parent=11742"}],"wp:term":[{"taxonomy":"product_brand","embeddable":true,"href":"https:\/\/salonforall.es\/ca\/wp-json\/wp\/v2\/product_brand?post=11742"},{"taxonomy":"product_cat","embeddable":true,"href":"https:\/\/salonforall.es\/ca\/wp-json\/wp\/v2\/product_cat?post=11742"},{"taxonomy":"product_tag","embeddable":true,"href":"https:\/\/salonforall.es\/ca\/wp-json\/wp\/v2\/product_tag?post=11742"}],"curies":[{"name":"wp","href":"https:\/\/api.w.org\/{rel}","templated":true}]}}